{"id":79181,"date":"2021-11-12T22:32:18","date_gmt":"2021-11-12T20:32:18","guid":{"rendered":"https:\/\/www.raxxa.com\/shop\/pferd\/"},"modified":"2021-11-12T22:32:34","modified_gmt":"2021-11-12T20:32:34","slug":"pferd","status":"publish","type":"product","link":"https:\/\/www.raxxa.com\/it\/shop\/pferd\/","title":{"rendered":"Cavallo"},"content":{"rendered":"<div><b>\"Cavallo\" <\/b><\/div>\n<div><b><br \/><\/b><\/div>\n<div><\/div>\n<div><\/div>\n<div><\/div>\n<div><b><br \/><\/b><\/div>\n<div><\/div>\n<div><\/div>\n<div>- Stampa fotografica su alluminio dibond 3mm con rivestimento bianco<\/div>\n<div>- Stampa direttamente sull'alluminio Inchiostri di alta qualit\u00e0<\/div>\n<div>- Una buona gradazione tonale assicura una riproduzione esatta<\/div>\n<div><span style=\"font-size: 1rem\">- Opaco e senza riflessi<\/span><\/div>\n<div><span style=\"font-size: 1rem\">- Set da appendere incluso<\/span><\/div>\n<div><\/div>\n<div>Il tuo motivo e la tua taglia individuale saranno prodotti e spediti solo dopo aver ricevuto il tuo ordine.<\/div>\n<div><span style=\"font-size: 1rem\">Se volete una taglia diversa, chiedete pure.<\/span><\/div>\n<p>cavallo potenza stallone natura nero prateria aumento corridore sabbia cielo velocit\u00e0 alcool movimento andaluso inizio forte successo alba tramonto narrazione due selvaggio movimento mammifero criniera pi\u00f9 veloce bestia blu deserto polvere equitazione cavallo fattoria veloce avanti animale libero libert\u00e0 galoppo terra jogging esentato salto luminoso maschio giovane<\/p>","protected":false},"excerpt":{"rendered":"<p>&#8222;Pferd&#8220; &#8211; Foto Druck auf Aluminium-Dibond 3mm mit wei\u00dfer Beschichtung &#8211; Druck direkt auf das Aluminium hochwertige Druckfarben &#8211; Gute Tonwertabstufung sorgt f\u00fcr exakte Wiedergabe &#8211; Matt und blendfrei &#8211; Inklusive Aufh\u00e4ngeset Ihr Motiv und ihre individuelle Gr\u00f6sse wird erst nach Bestelleingang produziert und versendet. M\u00f6chten Sie eine andere Gr\u00f6\u00dfe, fragen Sie gerne nach. pferd [&hellip;]<\/p>\n","protected":false},"featured_media":79174,"comment_status":"open","ping_status":"closed","template":"","meta":[],"product_brand":[],"product_cat":[133],"product_tag":[8393,8628,8638,8634,7788,7786,7395,7494,8631,7558,8514,8294,7605,8640,7599,7565,8623,7619,8440,8018,8220,8626,8627,8632,8642,7546,8622,8637,8624,8636,8114,8020,7783,8633,7839,7900,7773,7878,8641,8630,8629,8635,8625,7470,8639,7597,7523,8067],"class_list":{"0":"post-79181","1":"product","2":"type-product","3":"status-publish","4":"has-post-thumbnail","6":"product_cat-tiere","7":"product_tag-alkohol","8":"product_tag-andalusischen","9":"product_tag-bauernhof","10":"product_tag-bestie","11":"product_tag-bewegend","12":"product_tag-bewegung","13":"product_tag-blau","14":"product_tag-boden","15":"product_tag-erfolg","16":"product_tag-erzaehlung","17":"product_tag-frei","18":"product_tag-freigestellt","19":"product_tag-freiheit","20":"product_tag-galopp","21":"product_tag-geschwindigkeit","22":"product_tag-hell","23":"product_tag-hengst","24":"product_tag-himmel","25":"product_tag-joggen","26":"product_tag-jung","27":"product_tag-kraft","28":"product_tag-lauf","29":"product_tag-laeufer","30":"product_tag-maehne","31":"product_tag-maennlich","32":"product_tag-natur","33":"product_tag-pferd","34":"product_tag-pferde","35":"product_tag-praerie","36":"product_tag-reit","37":"product_tag-sand","38":"product_tag-saeugetier","39":"product_tag-schnell","40":"product_tag-schnellste","41":"product_tag-schwarz","42":"product_tag-sonnenaufgang","43":"product_tag-sonnenschein","44":"product_tag-sonnenuntergang","45":"product_tag-sprung","46":"product_tag-stark","47":"product_tag-start","48":"product_tag-staub","49":"product_tag-steigen","50":"product_tag-tier","51":"product_tag-vorwaerts","52":"product_tag-wild","53":"product_tag-wueste","54":"product_tag-zwei","56":"first","57":"instock","58":"taxable","59":"shipping-taxable","60":"purchasable","61":"product-type-variable"},"yoast_head":"<!-- This site is optimized with the Yoast SEO Premium plugin v27.4 (Yoast SEO v27.4) - https:\/\/yoast.com\/product\/yoast-seo-premium-wordpress\/ -->\n<title>Pferd - raxxa<\/title>\n<meta name=\"robots\" content=\"index, follow, max-snippet:-1, max-image-preview:large, max-video-preview:-1\" \/>\n<link rel=\"canonical\" href=\"https:\/\/www.raxxa.com\/it\/shop\/pferd\/\" \/>\n<meta property=\"og:locale\" content=\"it_IT\" \/>\n<meta property=\"og:type\" content=\"article\" \/>\n<meta property=\"og:title\" content=\"Pferd\" \/>\n<meta property=\"og:description\" content=\"&#8222;Pferd&#8220; &#8211; Foto Druck auf Aluminium-Dibond 3mm mit wei\u00dfer Beschichtung &#8211; Druck direkt auf das Aluminium hochwertige Druckfarben &#8211; Gute Tonwertabstufung sorgt f\u00fcr exakte Wiedergabe &#8211; Matt und blendfrei &#8211; Inklusive Aufh\u00e4ngeset Ihr Motiv und ihre individuelle Gr\u00f6sse wird erst nach Bestelleingang produziert und versendet. M\u00f6chten Sie eine andere Gr\u00f6\u00dfe, fragen Sie gerne nach. pferd [&hellip;]\" \/>\n<meta property=\"og:url\" content=\"https:\/\/www.raxxa.com\/it\/shop\/pferd\/\" \/>\n<meta property=\"og:site_name\" content=\"raxxa\" \/>\n<meta property=\"article:publisher\" content=\"https:\/\/facebook.com\/raxxacom\" \/>\n<meta property=\"article:modified_time\" content=\"2021-11-12T20:32:34+00:00\" \/>\n<meta property=\"og:image\" content=\"https:\/\/www.raxxa.com\/wp-content\/uploads\/2021\/11\/20-436-Pferd-.png\" \/>\n\t<meta property=\"og:image:width\" content=\"800\" \/>\n\t<meta property=\"og:image:height\" content=\"800\" \/>\n\t<meta property=\"og:image:type\" content=\"image\/png\" \/>\n<meta name=\"twitter:card\" content=\"summary_large_image\" \/>\n<meta name=\"twitter:label1\" content=\"Disponibilit\u00e0\" \/>\n\t<meta name=\"twitter:data1\" content=\"In stock\" \/>\n<script type=\"application\/ld+json\" class=\"yoast-schema-graph\">{\"@context\":\"https:\\\/\\\/schema.org\",\"@graph\":[{\"@type\":[\"WebPage\",\"ItemPage\"],\"@id\":\"https:\\\/\\\/www.raxxa.com\\\/shop\\\/pferd\\\/\",\"url\":\"https:\\\/\\\/www.raxxa.com\\\/shop\\\/pferd\\\/\",\"name\":\"Pferd - raxxa\",\"isPartOf\":{\"@id\":\"https:\\\/\\\/www.raxxa.com\\\/#website\"},\"primaryImageOfPage\":{\"@id\":\"https:\\\/\\\/www.raxxa.com\\\/shop\\\/pferd\\\/#primaryimage\"},\"image\":{\"@id\":\"https:\\\/\\\/www.raxxa.com\\\/shop\\\/pferd\\\/#primaryimage\"},\"thumbnailUrl\":\"https:\\\/\\\/www.raxxa.com\\\/wp-content\\\/uploads\\\/2021\\\/11\\\/20-436-Pferd-.png\",\"datePublished\":\"2021-11-12T20:32:18+00:00\",\"dateModified\":\"2021-11-12T20:32:34+00:00\",\"breadcrumb\":{\"@id\":\"https:\\\/\\\/www.raxxa.com\\\/shop\\\/pferd\\\/#breadcrumb\"},\"inLanguage\":\"it-IT\",\"potentialAction\":[{\"@type\":\"ReadAction\",\"target\":[\"https:\\\/\\\/www.raxxa.com\\\/shop\\\/pferd\\\/\"]}]},{\"@type\":\"ImageObject\",\"inLanguage\":\"it-IT\",\"@id\":\"https:\\\/\\\/www.raxxa.com\\\/shop\\\/pferd\\\/#primaryimage\",\"url\":\"https:\\\/\\\/www.raxxa.com\\\/wp-content\\\/uploads\\\/2021\\\/11\\\/20-436-Pferd-.png\",\"contentUrl\":\"https:\\\/\\\/www.raxxa.com\\\/wp-content\\\/uploads\\\/2021\\\/11\\\/20-436-Pferd-.png\",\"width\":800,\"height\":800},{\"@type\":\"BreadcrumbList\",\"@id\":\"https:\\\/\\\/www.raxxa.com\\\/shop\\\/pferd\\\/#breadcrumb\",\"itemListElement\":[{\"@type\":\"ListItem\",\"position\":1,\"name\":\"Startseite\",\"item\":\"https:\\\/\\\/www.raxxa.com\\\/\"},{\"@type\":\"ListItem\",\"position\":2,\"name\":\"Shop\",\"item\":\"https:\\\/\\\/www.raxxa.com\\\/it\\\/shop\\\/\"},{\"@type\":\"ListItem\",\"position\":3,\"name\":\"Pferd\"}]},{\"@type\":\"WebSite\",\"@id\":\"https:\\\/\\\/www.raxxa.com\\\/#website\",\"url\":\"https:\\\/\\\/www.raxxa.com\\\/\",\"name\":\"raxxa\",\"description\":\"Einzigartige individuelle Produkte von unseren Designern\",\"publisher\":{\"@id\":\"https:\\\/\\\/www.raxxa.com\\\/#organization\"},\"potentialAction\":[{\"@type\":\"SearchAction\",\"target\":{\"@type\":\"EntryPoint\",\"urlTemplate\":\"https:\\\/\\\/www.raxxa.com\\\/?s={search_term_string}\"},\"query-input\":{\"@type\":\"PropertyValueSpecification\",\"valueRequired\":true,\"valueName\":\"search_term_string\"}}],\"inLanguage\":\"it-IT\"},{\"@type\":\"Organization\",\"@id\":\"https:\\\/\\\/www.raxxa.com\\\/#organization\",\"name\":\"raxxa\",\"url\":\"https:\\\/\\\/www.raxxa.com\\\/\",\"logo\":{\"@type\":\"ImageObject\",\"inLanguage\":\"it-IT\",\"@id\":\"https:\\\/\\\/www.raxxa.com\\\/#\\\/schema\\\/logo\\\/image\\\/\",\"url\":\"https:\\\/\\\/www.raxxa.com\\\/wp-content\\\/uploads\\\/2022\\\/07\\\/logo_v2.png\",\"contentUrl\":\"https:\\\/\\\/www.raxxa.com\\\/wp-content\\\/uploads\\\/2022\\\/07\\\/logo_v2.png\",\"width\":380,\"height\":382,\"caption\":\"raxxa\"},\"image\":{\"@id\":\"https:\\\/\\\/www.raxxa.com\\\/#\\\/schema\\\/logo\\\/image\\\/\"},\"sameAs\":[\"https:\\\/\\\/facebook.com\\\/raxxacom\"]}]}<\/script>\n<meta property=\"og:availability\" content=\"instock\" \/>\n<meta property=\"product:availability\" content=\"instock\" \/>\n<meta property=\"product:condition\" content=\"new\" \/>\n<!-- \/ Yoast SEO Premium plugin. -->","yoast_head_json":{"title":"Cavallo - raxxa","robots":{"index":"index","follow":"follow","max-snippet":"max-snippet:-1","max-image-preview":"max-image-preview:large","max-video-preview":"max-video-preview:-1"},"canonical":"https:\/\/www.raxxa.com\/it\/shop\/pferd\/","og_locale":"it_IT","og_type":"article","og_title":"Pferd","og_description":"&#8222;Pferd&#8220; &#8211; Foto Druck auf Aluminium-Dibond 3mm mit wei\u00dfer Beschichtung &#8211; Druck direkt auf das Aluminium hochwertige Druckfarben &#8211; Gute Tonwertabstufung sorgt f\u00fcr exakte Wiedergabe &#8211; Matt und blendfrei &#8211; Inklusive Aufh\u00e4ngeset Ihr Motiv und ihre individuelle Gr\u00f6sse wird erst nach Bestelleingang produziert und versendet. M\u00f6chten Sie eine andere Gr\u00f6\u00dfe, fragen Sie gerne nach. pferd [&hellip;]","og_url":"https:\/\/www.raxxa.com\/it\/shop\/pferd\/","og_site_name":"raxxa","article_publisher":"https:\/\/facebook.com\/raxxacom","article_modified_time":"2021-11-12T20:32:34+00:00","og_image":[{"width":800,"height":800,"url":"https:\/\/www.raxxa.com\/wp-content\/uploads\/2021\/11\/20-436-Pferd-.png","type":"image\/png"}],"twitter_card":"summary_large_image","twitter_misc":{"Disponibilit\u00e0":"In stock"},"schema":{"@context":"https:\/\/schema.org","@graph":[{"@type":["WebPage","ItemPage"],"@id":"https:\/\/www.raxxa.com\/shop\/pferd\/","url":"https:\/\/www.raxxa.com\/shop\/pferd\/","name":"Cavallo - raxxa","isPartOf":{"@id":"https:\/\/www.raxxa.com\/#website"},"primaryImageOfPage":{"@id":"https:\/\/www.raxxa.com\/shop\/pferd\/#primaryimage"},"image":{"@id":"https:\/\/www.raxxa.com\/shop\/pferd\/#primaryimage"},"thumbnailUrl":"https:\/\/www.raxxa.com\/wp-content\/uploads\/2021\/11\/20-436-Pferd-.png","datePublished":"2021-11-12T20:32:18+00:00","dateModified":"2021-11-12T20:32:34+00:00","breadcrumb":{"@id":"https:\/\/www.raxxa.com\/shop\/pferd\/#breadcrumb"},"inLanguage":"it-IT","potentialAction":[{"@type":"ReadAction","target":["https:\/\/www.raxxa.com\/shop\/pferd\/"]}]},{"@type":"ImageObject","inLanguage":"it-IT","@id":"https:\/\/www.raxxa.com\/shop\/pferd\/#primaryimage","url":"https:\/\/www.raxxa.com\/wp-content\/uploads\/2021\/11\/20-436-Pferd-.png","contentUrl":"https:\/\/www.raxxa.com\/wp-content\/uploads\/2021\/11\/20-436-Pferd-.png","width":800,"height":800},{"@type":"BreadcrumbList","@id":"https:\/\/www.raxxa.com\/shop\/pferd\/#breadcrumb","itemListElement":[{"@type":"ListItem","position":1,"name":"Startseite","item":"https:\/\/www.raxxa.com\/"},{"@type":"ListItem","position":2,"name":"Shop","item":"https:\/\/www.raxxa.com\/it\/shop\/"},{"@type":"ListItem","position":3,"name":"Pferd"}]},{"@type":"WebSite","@id":"https:\/\/www.raxxa.com\/#website","url":"https:\/\/www.raxxa.com\/","name":"raxxa","description":"Prodotti unici e personalizzati dei nostri designer","publisher":{"@id":"https:\/\/www.raxxa.com\/#organization"},"potentialAction":[{"@type":"SearchAction","target":{"@type":"EntryPoint","urlTemplate":"https:\/\/www.raxxa.com\/?s={search_term_string}"},"query-input":{"@type":"PropertyValueSpecification","valueRequired":true,"valueName":"search_term_string"}}],"inLanguage":"it-IT"},{"@type":"Organization","@id":"https:\/\/www.raxxa.com\/#organization","name":"raxxa","url":"https:\/\/www.raxxa.com\/","logo":{"@type":"ImageObject","inLanguage":"it-IT","@id":"https:\/\/www.raxxa.com\/#\/schema\/logo\/image\/","url":"https:\/\/www.raxxa.com\/wp-content\/uploads\/2022\/07\/logo_v2.png","contentUrl":"https:\/\/www.raxxa.com\/wp-content\/uploads\/2022\/07\/logo_v2.png","width":380,"height":382,"caption":"raxxa"},"image":{"@id":"https:\/\/www.raxxa.com\/#\/schema\/logo\/image\/"},"sameAs":["https:\/\/facebook.com\/raxxacom"]}]},"og_availability":"instock","product_availability":"instock","product_condition":"new"},"jetpack_sharing_enabled":true,"_links":{"self":[{"href":"https:\/\/www.raxxa.com\/it\/wp-json\/wp\/v2\/product\/79181","targetHints":{"allow":["GET"]}}],"collection":[{"href":"https:\/\/www.raxxa.com\/it\/wp-json\/wp\/v2\/product"}],"about":[{"href":"https:\/\/www.raxxa.com\/it\/wp-json\/wp\/v2\/types\/product"}],"replies":[{"embeddable":true,"href":"https:\/\/www.raxxa.com\/it\/wp-json\/wp\/v2\/comments?post=79181"}],"wp:featuredmedia":[{"embeddable":true,"href":"https:\/\/www.raxxa.com\/it\/wp-json\/wp\/v2\/media\/79174"}],"wp:attachment":[{"href":"https:\/\/www.raxxa.com\/it\/wp-json\/wp\/v2\/media?parent=79181"}],"wp:term":[{"taxonomy":"product_brand","embeddable":true,"href":"https:\/\/www.raxxa.com\/it\/wp-json\/wp\/v2\/product_brand?post=79181"},{"taxonomy":"product_cat","embeddable":true,"href":"https:\/\/www.raxxa.com\/it\/wp-json\/wp\/v2\/product_cat?post=79181"},{"taxonomy":"product_tag","embeddable":true,"href":"https:\/\/www.raxxa.com\/it\/wp-json\/wp\/v2\/product_tag?post=79181"}],"curies":[{"name":"wp","href":"https:\/\/api.w.org\/{rel}","templated":true}]}}