{"id":78842,"date":"2021-11-12T21:51:20","date_gmt":"2021-11-12T19:51:20","guid":{"rendered":"https:\/\/www.raxxa.com\/shop\/tannenzapfen\/"},"modified":"2022-05-11T07:43:09","modified_gmt":"2022-05-11T05:43:09","slug":"tannenzapfen","status":"publish","type":"product","link":"https:\/\/www.raxxa.com\/it\/shop\/tannenzapfen\/","title":{"rendered":"Pigna"},"content":{"rendered":"<div><b>&#8222;Tannenzapfen&#8220; <\/b><\/div>\n<div><b><br \/><\/b><\/div>\n<div><\/div>\n<div><\/div>\n<div><\/div>\n<div><b><br \/><\/b><\/div>\n<div><\/div>\n<div><\/div>\n<div>- Stampa fotografica su alluminio dibond 3mm con rivestimento bianco<\/div>\n<div>- Stampa direttamente sull'alluminio Inchiostri di alta qualit\u00e0<\/div>\n<div>- Una buona gradazione tonale assicura una riproduzione esatta<\/div>\n<div><span style=\"font-size: 1rem\">- Opaco e senza riflessi<\/span><\/div>\n<div><span style=\"font-size: 1rem\">- Set da appendere incluso<\/span><\/div>\n<div><\/div>\n<div>Il tuo motivo e la tua taglia individuale saranno prodotti e spediti solo dopo aver ricevuto il tuo ordine.<\/div>\n<div><span style=\"font-size: 1rem\">Se volete una taglia diversa, chiedete pure.<\/span><\/div>\n<p>pigna pigna pino decorare pigna albero deco marrone decorativo natura grande morbido piccolo contrasto luminoso in decorazione alto abete colore impilato dettaglio in piedi seme dolce vivido stagione bianco profondo beutiful su astratto dicembre nessuno grafico visivo evidenziare macro solido liscio stagionale cosa nitido orizzontale risoluzione sfondo fresco a tonalit\u00e0 sdraiato componente tradizionale piegare media naturale colpo punto focale piani inverno diverso oggetto simbolo normale vitalit\u00e0 crescita alcuni foresta pura sorprendente evidenziato esentato dimensioni vuoto regolare fondo saturazione sfocatura luminosit\u00e0 giorno ombra fronte autunno sfondo primo piano fatto materiale colorato ramo linee immagine abbastanza semplice evidenzia gruppo stile fine grazia forma messa a fuoco dinamica foto mostra moda vista motivo verticale illustrazione bella concetto sottotitolo molti rari su persone asciutte no studio standard primo piano cono lucido nuovo nuvoloso modello gradiente vicino prospettiva design luce solare zoom duro modificato arte tipica<\/p>","protected":false},"excerpt":{"rendered":"<p>&#8222;Tannenzapfen&#8220; &#8211; Foto Druck auf Aluminium-Dibond 3mm mit wei\u00dfer Beschichtung &#8211; Druck direkt auf das Aluminium hochwertige Druckfarben &#8211; Gute Tonwertabstufung sorgt f\u00fcr exakte Wiedergabe &#8211; Matt und blendfrei &#8211; Inklusive Aufh\u00e4ngeset Ihr Motiv und ihre individuelle Gr\u00f6sse wird erst nach Bestelleingang produziert und versendet. M\u00f6chten Sie eine andere Gr\u00f6\u00dfe, fragen Sie gerne nach. kiefer [&hellip;]<\/p>\n","protected":false},"featured_media":78835,"comment_status":"open","ping_status":"closed","template":"","meta":[],"product_brand":[],"product_cat":[136],"product_tag":[7362,8310,8287,8303,7423,8301,7521,8317,8013,8000,7385,7760,8280,7748,8274,8283,7365,7477,8285,7401,7861,7383,7702,7643,8264,7393,7492,8275,8279,8284,7404,8286,7842,8291,8292,7384,8281,8314,7539,8238,8045,7632,8150,8294,8125,8288,8293,8300,8270,7981,8313,7849,7364,7885,8295,7728,8316,7565,8299,7553,8277,8302,7504,7877,8043,7528,8267,7412,8278,8262,8261,7545,8266,7374,7391,7564,7485,7479,7628,8282,7405,7482,7727,8305,7372,7536,7449,7546,7424,7478,7872,7509,8289,7731,8265,8309,8296,8047,8271,8272,8298,7653,7631,8307,8304,7945,8311,8268,8070,7736,7583,7612,8181,8269,8263,8273,7414,7467,7780,8318,8050,8297,8308,8306,8196,8276,8290,8054,8052,7557,7852,7400,8091,8312,8315],"class_list":{"0":"post-78842","1":"product","2":"type-product","3":"status-publish","4":"has-post-thumbnail","6":"product_cat-natur","7":"product_tag-abstrakt","8":"product_tag-an","9":"product_tag-anders","10":"product_tag-anmut","11":"product_tag-ansicht","12":"product_tag-ast","13":"product_tag-auf","14":"product_tag-aufbereitet","15":"product_tag-aufloesung","16":"product_tag-aufnahme","17":"product_tag-background","18":"product_tag-baum","19":"product_tag-bei","20":"product_tag-bestandteil","21":"product_tag-beutiful","22":"product_tag-biegung","23":"product_tag-bild","24":"product_tag-braun","25":"product_tag-brennpunkt","26":"product_tag-bunt","27":"product_tag-darstellung","28":"product_tag-deko","29":"product_tag-dekor","30":"product_tag-dekorativ","31":"product_tag-dekorieren","32":"product_tag-design","33":"product_tag-detail","34":"product_tag-dezember","35":"product_tag-ding","36":"product_tag-durchschnittlich","37":"product_tag-dynamisch","38":"product_tag-ebenen","39":"product_tag-einfach","40":"product_tag-einige","41":"product_tag-erstaunend","42":"product_tag-farbe","43":"product_tag-farbton","44":"product_tag-farbverlauf","45":"product_tag-fein","46":"product_tag-fest","47":"product_tag-fokus","48":"product_tag-form","49":"product_tag-foto","50":"product_tag-freigestellt","51":"product_tag-frisch","52":"product_tag-gegenstand","53":"product_tag-gehighlightet","54":"product_tag-gemacht","55":"product_tag-gestapelt","56":"product_tag-gewaechs","57":"product_tag-glaenzend","58":"product_tag-glatt","59":"product_tag-grafik","60":"product_tag-gross","61":"product_tag-groesse","62":"product_tag-gruppe","63":"product_tag-hart","64":"product_tag-hell","65":"product_tag-helligkeit","66":"product_tag-herbst","67":"product_tag-highlight","68":"product_tag-highlights","69":"product_tag-hintergrund","70":"product_tag-hoch","71":"product_tag-horizontal","72":"product_tag-huebsch","73":"product_tag-in","74":"product_tag-jahreszeit","75":"product_tag-jahreszeitlich","76":"product_tag-kegel","77":"product_tag-kiefer","78":"product_tag-klein","79":"product_tag-kontrast","80":"product_tag-konzept","81":"product_tag-kunst","82":"product_tag-lebendig","83":"product_tag-leer","84":"product_tag-leute","85":"product_tag-linien","86":"product_tag-luegend","87":"product_tag-makro","88":"product_tag-material","89":"product_tag-modisch","90":"product_tag-motiv","91":"product_tag-muster","92":"product_tag-nah","93":"product_tag-nahaufnahme","94":"product_tag-natur","95":"product_tag-natuerlich","96":"product_tag-nein","97":"product_tag-neu","98":"product_tag-niemand","99":"product_tag-normal","100":"product_tag-perspektive","101":"product_tag-pinienzapfen","102":"product_tag-rar","103":"product_tag-regulaer","104":"product_tag-rein","105":"product_tag-saat","106":"product_tag-sanft","107":"product_tag-saettigung","108":"product_tag-scharf","109":"product_tag-schatten","110":"product_tag-schoen","111":"product_tag-show","112":"product_tag-sonnenlicht","113":"product_tag-standard","114":"product_tag-stapel","115":"product_tag-stehend","116":"product_tag-stil","117":"product_tag-studio","118":"product_tag-symbol","119":"product_tag-tag","120":"product_tag-tanne","121":"product_tag-tannenzapfen","122":"product_tag-tief","123":"product_tag-traditionell","124":"product_tag-trocken","125":"product_tag-truebung","126":"product_tag-typisch","127":"product_tag-unscharf","128":"product_tag-unten","129":"product_tag-untertitel","130":"product_tag-vertikal","131":"product_tag-viele","132":"product_tag-visuell","133":"product_tag-vitalitaet","134":"product_tag-vordergrund","135":"product_tag-vorderseite","136":"product_tag-wald","137":"product_tag-weich","138":"product_tag-weiss","139":"product_tag-winter","140":"product_tag-zapfentragend","141":"product_tag-zoom","143":"first","144":"instock","145":"taxable","146":"shipping-taxable","147":"purchasable","148":"product-type-variable"},"yoast_head":"<!-- This site is optimized with the Yoast SEO Premium plugin v27.3 (Yoast SEO v27.3) - https:\/\/yoast.com\/product\/yoast-seo-premium-wordpress\/ -->\n<title>Tannenzapfen - raxxa<\/title>\n<meta name=\"robots\" content=\"index, follow, max-snippet:-1, max-image-preview:large, max-video-preview:-1\" \/>\n<link rel=\"canonical\" href=\"https:\/\/www.raxxa.com\/it\/shop\/tannenzapfen\/\" \/>\n<meta property=\"og:locale\" content=\"it_IT\" \/>\n<meta property=\"og:type\" content=\"article\" \/>\n<meta property=\"og:title\" content=\"Tannenzapfen\" \/>\n<meta property=\"og:description\" content=\"&#8222;Tannenzapfen&#8220; &#8211; Foto Druck auf Aluminium-Dibond 3mm mit wei\u00dfer Beschichtung &#8211; Druck direkt auf das Aluminium hochwertige Druckfarben &#8211; Gute Tonwertabstufung sorgt f\u00fcr exakte Wiedergabe &#8211; Matt und blendfrei &#8211; Inklusive Aufh\u00e4ngeset Ihr Motiv und ihre individuelle Gr\u00f6sse wird erst nach Bestelleingang produziert und versendet. M\u00f6chten Sie eine andere Gr\u00f6\u00dfe, fragen Sie gerne nach. kiefer [&hellip;]\" \/>\n<meta property=\"og:url\" content=\"https:\/\/www.raxxa.com\/it\/shop\/tannenzapfen\/\" \/>\n<meta property=\"og:site_name\" content=\"raxxa\" \/>\n<meta property=\"article:publisher\" content=\"https:\/\/facebook.com\/raxxacom\" \/>\n<meta property=\"article:modified_time\" content=\"2022-05-11T05:43:09+00:00\" \/>\n<meta property=\"og:image\" content=\"https:\/\/www.raxxa.com\/wp-content\/uploads\/2021\/11\/20-417-Tannenzapfen-.png\" \/>\n\t<meta property=\"og:image:width\" content=\"800\" \/>\n\t<meta property=\"og:image:height\" content=\"800\" \/>\n\t<meta property=\"og:image:type\" content=\"image\/png\" \/>\n<meta name=\"twitter:card\" content=\"summary_large_image\" \/>\n<meta name=\"twitter:label1\" content=\"Disponibilit\u00e0\" \/>\n\t<meta name=\"twitter:data1\" content=\"In stock\" \/>\n<script type=\"application\/ld+json\" class=\"yoast-schema-graph\">{\"@context\":\"https:\\\/\\\/schema.org\",\"@graph\":[{\"@type\":[\"WebPage\",\"ItemPage\"],\"@id\":\"https:\\\/\\\/www.raxxa.com\\\/en\\\/shop\\\/tannenzapfen\\\/\",\"url\":\"https:\\\/\\\/www.raxxa.com\\\/en\\\/shop\\\/tannenzapfen\\\/\",\"name\":\"Tannenzapfen - raxxa\",\"isPartOf\":{\"@id\":\"https:\\\/\\\/www.raxxa.com\\\/#website\"},\"primaryImageOfPage\":{\"@id\":\"https:\\\/\\\/www.raxxa.com\\\/en\\\/shop\\\/tannenzapfen\\\/#primaryimage\"},\"image\":{\"@id\":\"https:\\\/\\\/www.raxxa.com\\\/en\\\/shop\\\/tannenzapfen\\\/#primaryimage\"},\"thumbnailUrl\":\"https:\\\/\\\/www.raxxa.com\\\/wp-content\\\/uploads\\\/2021\\\/11\\\/20-417-Tannenzapfen-.png\",\"datePublished\":\"2021-11-12T19:51:20+00:00\",\"dateModified\":\"2022-05-11T05:43:09+00:00\",\"breadcrumb\":{\"@id\":\"https:\\\/\\\/www.raxxa.com\\\/en\\\/shop\\\/tannenzapfen\\\/#breadcrumb\"},\"inLanguage\":\"it-IT\",\"potentialAction\":[{\"@type\":\"ReadAction\",\"target\":[\"https:\\\/\\\/www.raxxa.com\\\/en\\\/shop\\\/tannenzapfen\\\/\"]}]},{\"@type\":\"ImageObject\",\"inLanguage\":\"it-IT\",\"@id\":\"https:\\\/\\\/www.raxxa.com\\\/en\\\/shop\\\/tannenzapfen\\\/#primaryimage\",\"url\":\"https:\\\/\\\/www.raxxa.com\\\/wp-content\\\/uploads\\\/2021\\\/11\\\/20-417-Tannenzapfen-.png\",\"contentUrl\":\"https:\\\/\\\/www.raxxa.com\\\/wp-content\\\/uploads\\\/2021\\\/11\\\/20-417-Tannenzapfen-.png\",\"width\":800,\"height\":800},{\"@type\":\"BreadcrumbList\",\"@id\":\"https:\\\/\\\/www.raxxa.com\\\/en\\\/shop\\\/tannenzapfen\\\/#breadcrumb\",\"itemListElement\":[{\"@type\":\"ListItem\",\"position\":1,\"name\":\"Startseite\",\"item\":\"https:\\\/\\\/www.raxxa.com\\\/\"},{\"@type\":\"ListItem\",\"position\":2,\"name\":\"Shop\",\"item\":\"https:\\\/\\\/www.raxxa.com\\\/it\\\/shop\\\/\"},{\"@type\":\"ListItem\",\"position\":3,\"name\":\"Tannenzapfen\"}]},{\"@type\":\"WebSite\",\"@id\":\"https:\\\/\\\/www.raxxa.com\\\/#website\",\"url\":\"https:\\\/\\\/www.raxxa.com\\\/\",\"name\":\"raxxa\",\"description\":\"Einzigartige individuelle Produkte von unseren Designern\",\"publisher\":{\"@id\":\"https:\\\/\\\/www.raxxa.com\\\/#organization\"},\"potentialAction\":[{\"@type\":\"SearchAction\",\"target\":{\"@type\":\"EntryPoint\",\"urlTemplate\":\"https:\\\/\\\/www.raxxa.com\\\/?s={search_term_string}\"},\"query-input\":{\"@type\":\"PropertyValueSpecification\",\"valueRequired\":true,\"valueName\":\"search_term_string\"}}],\"inLanguage\":\"it-IT\"},{\"@type\":\"Organization\",\"@id\":\"https:\\\/\\\/www.raxxa.com\\\/#organization\",\"name\":\"raxxa\",\"url\":\"https:\\\/\\\/www.raxxa.com\\\/\",\"logo\":{\"@type\":\"ImageObject\",\"inLanguage\":\"it-IT\",\"@id\":\"https:\\\/\\\/www.raxxa.com\\\/#\\\/schema\\\/logo\\\/image\\\/\",\"url\":\"https:\\\/\\\/www.raxxa.com\\\/wp-content\\\/uploads\\\/2022\\\/07\\\/logo_v2.png\",\"contentUrl\":\"https:\\\/\\\/www.raxxa.com\\\/wp-content\\\/uploads\\\/2022\\\/07\\\/logo_v2.png\",\"width\":380,\"height\":382,\"caption\":\"raxxa\"},\"image\":{\"@id\":\"https:\\\/\\\/www.raxxa.com\\\/#\\\/schema\\\/logo\\\/image\\\/\"},\"sameAs\":[\"https:\\\/\\\/facebook.com\\\/raxxacom\"]}]}<\/script>\n<meta property=\"og:availability\" content=\"instock\" \/>\n<meta property=\"product:availability\" content=\"instock\" \/>\n<meta property=\"product:condition\" content=\"new\" \/>\n<!-- \/ Yoast SEO Premium plugin. -->","yoast_head_json":{"title":"Pigna - raxxa","robots":{"index":"index","follow":"follow","max-snippet":"max-snippet:-1","max-image-preview":"max-image-preview:large","max-video-preview":"max-video-preview:-1"},"canonical":"https:\/\/www.raxxa.com\/it\/shop\/tannenzapfen\/","og_locale":"it_IT","og_type":"article","og_title":"Tannenzapfen","og_description":"&#8222;Tannenzapfen&#8220; &#8211; Foto Druck auf Aluminium-Dibond 3mm mit wei\u00dfer Beschichtung &#8211; Druck direkt auf das Aluminium hochwertige Druckfarben &#8211; Gute Tonwertabstufung sorgt f\u00fcr exakte Wiedergabe &#8211; Matt und blendfrei &#8211; Inklusive Aufh\u00e4ngeset Ihr Motiv und ihre individuelle Gr\u00f6sse wird erst nach Bestelleingang produziert und versendet. M\u00f6chten Sie eine andere Gr\u00f6\u00dfe, fragen Sie gerne nach. kiefer [&hellip;]","og_url":"https:\/\/www.raxxa.com\/it\/shop\/tannenzapfen\/","og_site_name":"raxxa","article_publisher":"https:\/\/facebook.com\/raxxacom","article_modified_time":"2022-05-11T05:43:09+00:00","og_image":[{"width":800,"height":800,"url":"https:\/\/www.raxxa.com\/wp-content\/uploads\/2021\/11\/20-417-Tannenzapfen-.png","type":"image\/png"}],"twitter_card":"summary_large_image","twitter_misc":{"Disponibilit\u00e0":"In stock"},"schema":{"@context":"https:\/\/schema.org","@graph":[{"@type":["WebPage","ItemPage"],"@id":"https:\/\/www.raxxa.com\/en\/shop\/tannenzapfen\/","url":"https:\/\/www.raxxa.com\/en\/shop\/tannenzapfen\/","name":"Pigna - raxxa","isPartOf":{"@id":"https:\/\/www.raxxa.com\/#website"},"primaryImageOfPage":{"@id":"https:\/\/www.raxxa.com\/en\/shop\/tannenzapfen\/#primaryimage"},"image":{"@id":"https:\/\/www.raxxa.com\/en\/shop\/tannenzapfen\/#primaryimage"},"thumbnailUrl":"https:\/\/www.raxxa.com\/wp-content\/uploads\/2021\/11\/20-417-Tannenzapfen-.png","datePublished":"2021-11-12T19:51:20+00:00","dateModified":"2022-05-11T05:43:09+00:00","breadcrumb":{"@id":"https:\/\/www.raxxa.com\/en\/shop\/tannenzapfen\/#breadcrumb"},"inLanguage":"it-IT","potentialAction":[{"@type":"ReadAction","target":["https:\/\/www.raxxa.com\/en\/shop\/tannenzapfen\/"]}]},{"@type":"ImageObject","inLanguage":"it-IT","@id":"https:\/\/www.raxxa.com\/en\/shop\/tannenzapfen\/#primaryimage","url":"https:\/\/www.raxxa.com\/wp-content\/uploads\/2021\/11\/20-417-Tannenzapfen-.png","contentUrl":"https:\/\/www.raxxa.com\/wp-content\/uploads\/2021\/11\/20-417-Tannenzapfen-.png","width":800,"height":800},{"@type":"BreadcrumbList","@id":"https:\/\/www.raxxa.com\/en\/shop\/tannenzapfen\/#breadcrumb","itemListElement":[{"@type":"ListItem","position":1,"name":"Startseite","item":"https:\/\/www.raxxa.com\/"},{"@type":"ListItem","position":2,"name":"Shop","item":"https:\/\/www.raxxa.com\/it\/shop\/"},{"@type":"ListItem","position":3,"name":"Tannenzapfen"}]},{"@type":"WebSite","@id":"https:\/\/www.raxxa.com\/#website","url":"https:\/\/www.raxxa.com\/","name":"raxxa","description":"Prodotti unici e personalizzati dei nostri designer","publisher":{"@id":"https:\/\/www.raxxa.com\/#organization"},"potentialAction":[{"@type":"SearchAction","target":{"@type":"EntryPoint","urlTemplate":"https:\/\/www.raxxa.com\/?s={search_term_string}"},"query-input":{"@type":"PropertyValueSpecification","valueRequired":true,"valueName":"search_term_string"}}],"inLanguage":"it-IT"},{"@type":"Organization","@id":"https:\/\/www.raxxa.com\/#organization","name":"raxxa","url":"https:\/\/www.raxxa.com\/","logo":{"@type":"ImageObject","inLanguage":"it-IT","@id":"https:\/\/www.raxxa.com\/#\/schema\/logo\/image\/","url":"https:\/\/www.raxxa.com\/wp-content\/uploads\/2022\/07\/logo_v2.png","contentUrl":"https:\/\/www.raxxa.com\/wp-content\/uploads\/2022\/07\/logo_v2.png","width":380,"height":382,"caption":"raxxa"},"image":{"@id":"https:\/\/www.raxxa.com\/#\/schema\/logo\/image\/"},"sameAs":["https:\/\/facebook.com\/raxxacom"]}]},"og_availability":"instock","product_availability":"instock","product_condition":"new"},"jetpack_sharing_enabled":true,"_links":{"self":[{"href":"https:\/\/www.raxxa.com\/it\/wp-json\/wp\/v2\/product\/78842","targetHints":{"allow":["GET"]}}],"collection":[{"href":"https:\/\/www.raxxa.com\/it\/wp-json\/wp\/v2\/product"}],"about":[{"href":"https:\/\/www.raxxa.com\/it\/wp-json\/wp\/v2\/types\/product"}],"replies":[{"embeddable":true,"href":"https:\/\/www.raxxa.com\/it\/wp-json\/wp\/v2\/comments?post=78842"}],"wp:featuredmedia":[{"embeddable":true,"href":"https:\/\/www.raxxa.com\/it\/wp-json\/wp\/v2\/media\/78835"}],"wp:attachment":[{"href":"https:\/\/www.raxxa.com\/it\/wp-json\/wp\/v2\/media?parent=78842"}],"wp:term":[{"taxonomy":"product_brand","embeddable":true,"href":"https:\/\/www.raxxa.com\/it\/wp-json\/wp\/v2\/product_brand?post=78842"},{"taxonomy":"product_cat","embeddable":true,"href":"https:\/\/www.raxxa.com\/it\/wp-json\/wp\/v2\/product_cat?post=78842"},{"taxonomy":"product_tag","embeddable":true,"href":"https:\/\/www.raxxa.com\/it\/wp-json\/wp\/v2\/product_tag?post=78842"}],"curies":[{"name":"wp","href":"https:\/\/api.w.org\/{rel}","templated":true}]}}