{"id":78382,"date":"2021-11-12T21:00:47","date_gmt":"2021-11-12T19:00:47","guid":{"rendered":"https:\/\/www.raxxa.com\/shop\/words\/"},"modified":"2021-11-12T21:01:02","modified_gmt":"2021-11-12T19:01:02","slug":"words","status":"publish","type":"product","link":"https:\/\/www.raxxa.com\/it\/shop\/words\/","title":{"rendered":"Parole"},"content":{"rendered":"<div><b>\"Parole\" <\/b><\/div>\n<div><b><br \/><\/b><\/div>\n<div><\/div>\n<div><\/div>\n<div><\/div>\n<div><b><br \/><\/b><\/div>\n<div><\/div>\n<div><\/div>\n<div>- Stampa fotografica su alluminio dibond 3mm con rivestimento bianco<\/div>\n<div>- Stampa direttamente sull'alluminio Inchiostri di alta qualit\u00e0<\/div>\n<div>- Una buona gradazione tonale assicura una riproduzione esatta<\/div>\n<div><span style=\"font-size: 1rem\">- Opaco e senza riflessi<\/span><\/div>\n<div><span style=\"font-size: 1rem\">- Set da appendere incluso<\/span><\/div>\n<div><\/div>\n<div>Il tuo motivo e la tua taglia individuale saranno prodotti e spediti solo dopo aver ricevuto il tuo ordine.<\/div>\n<div><span style=\"font-size: 1rem\">Se volete una taglia diversa, chiedete pure.<\/span><\/div>\n<p>modello tecnica moderna tipo vettoriale carta da parati concetto libro design imballaggio sfondo tipografia pubblicit\u00e0 astratto tappeto arte impressione immagine materiale senza soluzione di continuit\u00e0 carta mosaico artista designer progetto clipart illustrazione moda ingegneria originale struttura parola tessuto goffratura brochure nuvola matita arredamento continuit\u00e0 grafica pubblicit\u00e0 illustrazione pagina sogno indumento copertina piano raccolta modello fetta lavoro immagine stampa parola nuvola imitazione disposizione piastrella decorativa collegata miscela disegno deco tag nuvola adesivo piastrelle colore associazione stilizzata idea cornice grafico alla moda gruppo architettura soluzione piastrellato prospettiva concettuale filigrana modello presentazione pensare stile treccia parole chiave astrazione artistica cartellone forma poster pi\u00f9 cartone animato vuoto fantasia testo lettera componente software ripetizione distanza definizione mappa modello strutturato marketing internet modello template sfondo creativo<\/p>","protected":false},"excerpt":{"rendered":"<p>&#8222;Words&#8220; &#8211; Foto Druck auf Aluminium-Dibond 3mm mit wei\u00dfer Beschichtung &#8211; Druck direkt auf das Aluminium hochwertige Druckfarben &#8211; Gute Tonwertabstufung sorgt f\u00fcr exakte Wiedergabe &#8211; Matt und blendfrei &#8211; Inklusive Aufh\u00e4ngeset Ihr Motiv und ihre individuelle Gr\u00f6sse wird erst nach Bestelleingang produziert und versendet. M\u00f6chten Sie eine andere Gr\u00f6\u00dfe, fragen Sie gerne nach. muster [&hellip;]<\/p>\n","protected":false},"featured_media":78375,"comment_status":"open","ping_status":"closed","template":"","meta":[],"product_brand":[],"product_cat":[137],"product_tag":[7705,7689,7491,7362,7740,7714,7505,7718,7722,7715,7385,7748,7365,7575,7377,7701,7747,7699,7684,7693,7709,7751,7383,7702,7643,7735,7393,7691,7745,7384,7694,7733,7632,7737,7730,7708,7697,7364,7728,7504,7567,7637,7717,7695,7755,7719,7723,7744,7752,7711,7703,7374,7732,7577,7391,7573,7739,7485,7729,7754,7743,7363,7712,7753,7680,7727,7690,7372,7756,7636,7696,7629,7731,7742,7710,7698,7734,7692,7639,7704,7726,7713,7738,7706,7749,7736,7724,7392,7506,7721,7681,7688,7746,7707,7683,7686,7682,7720,7725,7685,7741,7687,7750,7700,7566,7716,7390],"class_list":{"0":"post-78382","1":"product","2":"type-product","3":"status-publish","4":"has-post-thumbnail","6":"product_cat-abstrakt","7":"product_tag-abbildung","8":"product_tag-abdruck","9":"product_tag-abstand","10":"product_tag-abstrakt","11":"product_tag-abstraktion","12":"product_tag-arbeit","13":"product_tag-architektur","14":"product_tag-arrangement","15":"product_tag-aufkleber","16":"product_tag-ausdrucken","17":"product_tag-background","18":"product_tag-bestandteil","19":"product_tag-bild","20":"product_tag-bildmaterial","21":"product_tag-bildschirmhintergrund","22":"product_tag-bleistift","23":"product_tag-brief","24":"product_tag-broschuere","25":"product_tag-buch","26":"product_tag-clipart","27":"product_tag-cover","28":"product_tag-definition","29":"product_tag-deko","30":"product_tag-dekor","31":"product_tag-dekorativ","32":"product_tag-denken","33":"product_tag-design","34":"product_tag-designer","35":"product_tag-fantasie","36":"product_tag-farbe","37":"product_tag-fashion","38":"product_tag-filigranmuster","39":"product_tag-form","40":"product_tag-geflecht","41":"product_tag-gekachelt","42":"product_tag-gewandung","43":"product_tag-gewebe","44":"product_tag-grafik","45":"product_tag-gruppe","46":"product_tag-hintergrund","47":"product_tag-idee","48":"product_tag-illustration","49":"product_tag-imitation","50":"product_tag-ingenieurwesen","51":"product_tag-internet","52":"product_tag-kachel","53":"product_tag-kacheln","54":"product_tag-karikatur","55":"product_tag-karte","56":"product_tag-kollektion","57":"product_tag-kontinuitaet","58":"product_tag-konzept","59":"product_tag-konzeptionell","60":"product_tag-kreativ","61":"product_tag-kunst","62":"product_tag-kuenstler","63":"product_tag-kunstvoll","64":"product_tag-leer","65":"product_tag-loesung","66":"product_tag-marketing","67":"product_tag-mehr","68":"product_tag-mischung","69":"product_tag-modell","70":"product_tag-modellieren","71":"product_tag-modern","72":"product_tag-modisch","73":"product_tag-mosaik","74":"product_tag-muster","75":"product_tag-mustervorlage","76":"product_tag-nahtlos","77":"product_tag-original","78":"product_tag-papier","79":"product_tag-perspektive","80":"product_tag-plakat","81":"product_tag-plan","82":"product_tag-praegung","83":"product_tag-praesentation","84":"product_tag-projekt","85":"product_tag-rahmen","86":"product_tag-reklame","87":"product_tag-schaubild","88":"product_tag-scheibe","89":"product_tag-schluesselwoerter","90":"product_tag-seite","91":"product_tag-software","92":"product_tag-stil","93":"product_tag-stilisiert","94":"product_tag-struktur","95":"product_tag-strukturiert","96":"product_tag-tagcloud","97":"product_tag-technik","98":"product_tag-teppich","99":"product_tag-text","100":"product_tag-traum","101":"product_tag-typ","102":"product_tag-typografie","103":"product_tag-vektor","104":"product_tag-verbunden","105":"product_tag-verein","106":"product_tag-verpackung","107":"product_tag-werbetafeln","108":"product_tag-werbung","109":"product_tag-wiederholung","110":"product_tag-wolke","111":"product_tag-wort","112":"product_tag-wortwolke","113":"product_tag-zeichnung","115":"first","116":"instock","117":"taxable","118":"shipping-taxable","119":"purchasable","120":"product-type-variable"},"yoast_head":"<!-- This site is optimized with the Yoast SEO Premium plugin v27.4 (Yoast SEO v27.4) - https:\/\/yoast.com\/product\/yoast-seo-premium-wordpress\/ -->\n<title>Words - raxxa<\/title>\n<meta name=\"robots\" content=\"index, follow, max-snippet:-1, max-image-preview:large, max-video-preview:-1\" \/>\n<link rel=\"canonical\" href=\"https:\/\/www.raxxa.com\/it\/shop\/words\/\" \/>\n<meta property=\"og:locale\" content=\"it_IT\" \/>\n<meta property=\"og:type\" content=\"article\" \/>\n<meta property=\"og:title\" content=\"Words\" \/>\n<meta property=\"og:description\" content=\"&#8222;Words&#8220; &#8211; Foto Druck auf Aluminium-Dibond 3mm mit wei\u00dfer Beschichtung &#8211; Druck direkt auf das Aluminium hochwertige Druckfarben &#8211; Gute Tonwertabstufung sorgt f\u00fcr exakte Wiedergabe &#8211; Matt und blendfrei &#8211; Inklusive Aufh\u00e4ngeset Ihr Motiv und ihre individuelle Gr\u00f6sse wird erst nach Bestelleingang produziert und versendet. M\u00f6chten Sie eine andere Gr\u00f6\u00dfe, fragen Sie gerne nach. muster [&hellip;]\" \/>\n<meta property=\"og:url\" content=\"https:\/\/www.raxxa.com\/it\/shop\/words\/\" \/>\n<meta property=\"og:site_name\" content=\"raxxa\" \/>\n<meta property=\"article:publisher\" content=\"https:\/\/facebook.com\/raxxacom\" \/>\n<meta property=\"article:modified_time\" content=\"2021-11-12T19:01:02+00:00\" \/>\n<meta property=\"og:image\" content=\"https:\/\/www.raxxa.com\/wp-content\/uploads\/2021\/11\/20-361-Words-.png\" \/>\n\t<meta property=\"og:image:width\" content=\"800\" \/>\n\t<meta property=\"og:image:height\" content=\"800\" \/>\n\t<meta property=\"og:image:type\" content=\"image\/png\" \/>\n<meta name=\"twitter:card\" content=\"summary_large_image\" \/>\n<meta name=\"twitter:label1\" content=\"Disponibilit\u00e0\" \/>\n\t<meta name=\"twitter:data1\" content=\"In stock\" \/>\n<script type=\"application\/ld+json\" class=\"yoast-schema-graph\">{\"@context\":\"https:\\\/\\\/schema.org\",\"@graph\":[{\"@type\":[\"WebPage\",\"ItemPage\"],\"@id\":\"https:\\\/\\\/www.raxxa.com\\\/en\\\/shop\\\/words\\\/\",\"url\":\"https:\\\/\\\/www.raxxa.com\\\/en\\\/shop\\\/words\\\/\",\"name\":\"Words - raxxa\",\"isPartOf\":{\"@id\":\"https:\\\/\\\/www.raxxa.com\\\/#website\"},\"primaryImageOfPage\":{\"@id\":\"https:\\\/\\\/www.raxxa.com\\\/en\\\/shop\\\/words\\\/#primaryimage\"},\"image\":{\"@id\":\"https:\\\/\\\/www.raxxa.com\\\/en\\\/shop\\\/words\\\/#primaryimage\"},\"thumbnailUrl\":\"https:\\\/\\\/www.raxxa.com\\\/wp-content\\\/uploads\\\/2021\\\/11\\\/20-361-Words-.png\",\"datePublished\":\"2021-11-12T19:00:47+00:00\",\"dateModified\":\"2021-11-12T19:01:02+00:00\",\"breadcrumb\":{\"@id\":\"https:\\\/\\\/www.raxxa.com\\\/en\\\/shop\\\/words\\\/#breadcrumb\"},\"inLanguage\":\"it-IT\",\"potentialAction\":[{\"@type\":\"ReadAction\",\"target\":[\"https:\\\/\\\/www.raxxa.com\\\/en\\\/shop\\\/words\\\/\"]}]},{\"@type\":\"ImageObject\",\"inLanguage\":\"it-IT\",\"@id\":\"https:\\\/\\\/www.raxxa.com\\\/en\\\/shop\\\/words\\\/#primaryimage\",\"url\":\"https:\\\/\\\/www.raxxa.com\\\/wp-content\\\/uploads\\\/2021\\\/11\\\/20-361-Words-.png\",\"contentUrl\":\"https:\\\/\\\/www.raxxa.com\\\/wp-content\\\/uploads\\\/2021\\\/11\\\/20-361-Words-.png\",\"width\":800,\"height\":800},{\"@type\":\"BreadcrumbList\",\"@id\":\"https:\\\/\\\/www.raxxa.com\\\/en\\\/shop\\\/words\\\/#breadcrumb\",\"itemListElement\":[{\"@type\":\"ListItem\",\"position\":1,\"name\":\"Startseite\",\"item\":\"https:\\\/\\\/www.raxxa.com\\\/\"},{\"@type\":\"ListItem\",\"position\":2,\"name\":\"Shop\",\"item\":\"https:\\\/\\\/www.raxxa.com\\\/it\\\/shop\\\/\"},{\"@type\":\"ListItem\",\"position\":3,\"name\":\"Words\"}]},{\"@type\":\"WebSite\",\"@id\":\"https:\\\/\\\/www.raxxa.com\\\/#website\",\"url\":\"https:\\\/\\\/www.raxxa.com\\\/\",\"name\":\"raxxa\",\"description\":\"Einzigartige individuelle Produkte von unseren Designern\",\"publisher\":{\"@id\":\"https:\\\/\\\/www.raxxa.com\\\/#organization\"},\"potentialAction\":[{\"@type\":\"SearchAction\",\"target\":{\"@type\":\"EntryPoint\",\"urlTemplate\":\"https:\\\/\\\/www.raxxa.com\\\/?s={search_term_string}\"},\"query-input\":{\"@type\":\"PropertyValueSpecification\",\"valueRequired\":true,\"valueName\":\"search_term_string\"}}],\"inLanguage\":\"it-IT\"},{\"@type\":\"Organization\",\"@id\":\"https:\\\/\\\/www.raxxa.com\\\/#organization\",\"name\":\"raxxa\",\"url\":\"https:\\\/\\\/www.raxxa.com\\\/\",\"logo\":{\"@type\":\"ImageObject\",\"inLanguage\":\"it-IT\",\"@id\":\"https:\\\/\\\/www.raxxa.com\\\/#\\\/schema\\\/logo\\\/image\\\/\",\"url\":\"https:\\\/\\\/www.raxxa.com\\\/wp-content\\\/uploads\\\/2022\\\/07\\\/logo_v2.png\",\"contentUrl\":\"https:\\\/\\\/www.raxxa.com\\\/wp-content\\\/uploads\\\/2022\\\/07\\\/logo_v2.png\",\"width\":380,\"height\":382,\"caption\":\"raxxa\"},\"image\":{\"@id\":\"https:\\\/\\\/www.raxxa.com\\\/#\\\/schema\\\/logo\\\/image\\\/\"},\"sameAs\":[\"https:\\\/\\\/facebook.com\\\/raxxacom\"]}]}<\/script>\n<meta property=\"og:availability\" content=\"instock\" \/>\n<meta property=\"product:availability\" content=\"instock\" \/>\n<meta property=\"product:condition\" content=\"new\" \/>\n<!-- \/ Yoast SEO Premium plugin. -->","yoast_head_json":{"title":"Words - raxxa","robots":{"index":"index","follow":"follow","max-snippet":"max-snippet:-1","max-image-preview":"max-image-preview:large","max-video-preview":"max-video-preview:-1"},"canonical":"https:\/\/www.raxxa.com\/it\/shop\/words\/","og_locale":"it_IT","og_type":"article","og_title":"Words","og_description":"&#8222;Words&#8220; &#8211; Foto Druck auf Aluminium-Dibond 3mm mit wei\u00dfer Beschichtung &#8211; Druck direkt auf das Aluminium hochwertige Druckfarben &#8211; Gute Tonwertabstufung sorgt f\u00fcr exakte Wiedergabe &#8211; Matt und blendfrei &#8211; Inklusive Aufh\u00e4ngeset Ihr Motiv und ihre individuelle Gr\u00f6sse wird erst nach Bestelleingang produziert und versendet. M\u00f6chten Sie eine andere Gr\u00f6\u00dfe, fragen Sie gerne nach. muster [&hellip;]","og_url":"https:\/\/www.raxxa.com\/it\/shop\/words\/","og_site_name":"raxxa","article_publisher":"https:\/\/facebook.com\/raxxacom","article_modified_time":"2021-11-12T19:01:02+00:00","og_image":[{"width":800,"height":800,"url":"https:\/\/www.raxxa.com\/wp-content\/uploads\/2021\/11\/20-361-Words-.png","type":"image\/png"}],"twitter_card":"summary_large_image","twitter_misc":{"Disponibilit\u00e0":"In stock"},"schema":{"@context":"https:\/\/schema.org","@graph":[{"@type":["WebPage","ItemPage"],"@id":"https:\/\/www.raxxa.com\/en\/shop\/words\/","url":"https:\/\/www.raxxa.com\/en\/shop\/words\/","name":"Words - raxxa","isPartOf":{"@id":"https:\/\/www.raxxa.com\/#website"},"primaryImageOfPage":{"@id":"https:\/\/www.raxxa.com\/en\/shop\/words\/#primaryimage"},"image":{"@id":"https:\/\/www.raxxa.com\/en\/shop\/words\/#primaryimage"},"thumbnailUrl":"https:\/\/www.raxxa.com\/wp-content\/uploads\/2021\/11\/20-361-Words-.png","datePublished":"2021-11-12T19:00:47+00:00","dateModified":"2021-11-12T19:01:02+00:00","breadcrumb":{"@id":"https:\/\/www.raxxa.com\/en\/shop\/words\/#breadcrumb"},"inLanguage":"it-IT","potentialAction":[{"@type":"ReadAction","target":["https:\/\/www.raxxa.com\/en\/shop\/words\/"]}]},{"@type":"ImageObject","inLanguage":"it-IT","@id":"https:\/\/www.raxxa.com\/en\/shop\/words\/#primaryimage","url":"https:\/\/www.raxxa.com\/wp-content\/uploads\/2021\/11\/20-361-Words-.png","contentUrl":"https:\/\/www.raxxa.com\/wp-content\/uploads\/2021\/11\/20-361-Words-.png","width":800,"height":800},{"@type":"BreadcrumbList","@id":"https:\/\/www.raxxa.com\/en\/shop\/words\/#breadcrumb","itemListElement":[{"@type":"ListItem","position":1,"name":"Startseite","item":"https:\/\/www.raxxa.com\/"},{"@type":"ListItem","position":2,"name":"Shop","item":"https:\/\/www.raxxa.com\/it\/shop\/"},{"@type":"ListItem","position":3,"name":"Words"}]},{"@type":"WebSite","@id":"https:\/\/www.raxxa.com\/#website","url":"https:\/\/www.raxxa.com\/","name":"raxxa","description":"Prodotti unici e personalizzati dei nostri designer","publisher":{"@id":"https:\/\/www.raxxa.com\/#organization"},"potentialAction":[{"@type":"SearchAction","target":{"@type":"EntryPoint","urlTemplate":"https:\/\/www.raxxa.com\/?s={search_term_string}"},"query-input":{"@type":"PropertyValueSpecification","valueRequired":true,"valueName":"search_term_string"}}],"inLanguage":"it-IT"},{"@type":"Organization","@id":"https:\/\/www.raxxa.com\/#organization","name":"raxxa","url":"https:\/\/www.raxxa.com\/","logo":{"@type":"ImageObject","inLanguage":"it-IT","@id":"https:\/\/www.raxxa.com\/#\/schema\/logo\/image\/","url":"https:\/\/www.raxxa.com\/wp-content\/uploads\/2022\/07\/logo_v2.png","contentUrl":"https:\/\/www.raxxa.com\/wp-content\/uploads\/2022\/07\/logo_v2.png","width":380,"height":382,"caption":"raxxa"},"image":{"@id":"https:\/\/www.raxxa.com\/#\/schema\/logo\/image\/"},"sameAs":["https:\/\/facebook.com\/raxxacom"]}]},"og_availability":"instock","product_availability":"instock","product_condition":"new"},"jetpack_sharing_enabled":true,"_links":{"self":[{"href":"https:\/\/www.raxxa.com\/it\/wp-json\/wp\/v2\/product\/78382","targetHints":{"allow":["GET"]}}],"collection":[{"href":"https:\/\/www.raxxa.com\/it\/wp-json\/wp\/v2\/product"}],"about":[{"href":"https:\/\/www.raxxa.com\/it\/wp-json\/wp\/v2\/types\/product"}],"replies":[{"embeddable":true,"href":"https:\/\/www.raxxa.com\/it\/wp-json\/wp\/v2\/comments?post=78382"}],"wp:featuredmedia":[{"embeddable":true,"href":"https:\/\/www.raxxa.com\/it\/wp-json\/wp\/v2\/media\/78375"}],"wp:attachment":[{"href":"https:\/\/www.raxxa.com\/it\/wp-json\/wp\/v2\/media?parent=78382"}],"wp:term":[{"taxonomy":"product_brand","embeddable":true,"href":"https:\/\/www.raxxa.com\/it\/wp-json\/wp\/v2\/product_brand?post=78382"},{"taxonomy":"product_cat","embeddable":true,"href":"https:\/\/www.raxxa.com\/it\/wp-json\/wp\/v2\/product_cat?post=78382"},{"taxonomy":"product_tag","embeddable":true,"href":"https:\/\/www.raxxa.com\/it\/wp-json\/wp\/v2\/product_tag?post=78382"}],"curies":[{"name":"wp","href":"https:\/\/api.w.org\/{rel}","templated":true}]}}