{"id":310083,"date":"2026-04-04T23:57:51","date_gmt":"2026-04-04T21:57:51","guid":{"rendered":"https:\/\/www.raxxa.com\/shop\/raxxa-premium-puzzle-alpenveilchen\/"},"modified":"2026-04-04T23:58:52","modified_gmt":"2026-04-04T21:58:52","slug":"raxxa-premium-puzzle-alpenveilchen","status":"publish","type":"product","link":"https:\/\/www.raxxa.com\/it\/shop\/raxxa-premium-puzzle-alpenveilchen\/","title":{"rendered":"raxxa Premium-Puzzle: Alpenveilchen"},"content":{"rendered":"<p><span style=\"font-family: helvetica, sans-serif;font-size: 24px\">puzzle fotografico premium raxxa<\/span><\/p>\n<div><span style=\"font-weight: bolder\">&#8222;Alpenveilchen&#8220; by Mr. Yoda<\/span><\/div>\n<div><span style=\"font-weight: bolder\"><br \/><\/span><\/div>\n<div><span style=\"font-size: 1rem\">Dalla serie incantata Funny Flowers<\/p>\n<p>Il ciclamino \u00e8 una pianta incantevole che incanta ogni osservatore con le sue delicate foglie a forma di cuore e i suoi graziosi fiori. I suoi fiori appaiono in colori vivaci come il rosa, il rosso o il bianco e sembrano quasi fluttuare, come se danzassero nell'aria. Originario delle Alpi, il ciclamino ha trovato un posto fisso in molti giardini e case. Simboleggia l'affetto e la gioia delle piccole ma belle cose della vita. I suoi petali, che sbocciano in inverno, portano un tocco di colore e di speranza nella stagione fredda e ci ricordano che la bellezza e il calore possono essere trovati anche nei momenti pi\u00f9 freddi.<\/span><\/div>\n<div><\/div>\n<p><\/p>\n<div>\n<ul class=\"list-normal\" style=\"margin-right: 0px;margin-left: 0px;padding: 0px 0px 0px 1rem;border: 0px;line-height: 26px\">\n<li style=\"font-family: Lato_Light, sans-serif;font-size: 14.4px;margin: 0px;padding: 0px;border: 0px\">1000 pezzi = L 68 x H 48 cm, pezzi del puzzle circa 1,9 x 1,6 cm.<\/li>\n<li style=\"font-family: Lato_Light, sans-serif;font-size: 14.4px;margin: 0px;padding: 0px;border: 0px\">Tavola puzzle premium blu con spessore di 1,9 mm. I pezzi del puzzle si incastrano perfettamente.<\/li>\n<li style=\"font-family: Lato_Light, sans-serif;font-size: 14.4px;margin: 0px;padding: 0px;border: 0px\">Massima qualit\u00e0 di stampa HD per gradazioni di colore sottili e colori brillanti su cartoncino di alta qualit\u00e0 per una rappresentazione ottimale dei dettagli.<\/li>\n<li style=\"font-family: Lato_Light, sans-serif;font-size: 14.4px;margin: 0px;padding: 0px;border: 0px\">Scatola con coperchio a scorrimento, carta di lino finemente goffrata con vernice protettiva a base d'acqua per una migliore durata della scatola.<\/li>\n<li style=\"font-family: Lato_Light, sans-serif;font-size: 14.4px;margin: 0px;padding: 0px;border: 0px\">Produzione completamente neutrale dal punto di vista climatico, FSC<\/li>\n<li style=\"font-family: Lato_Light, sans-serif;font-size: 14.4px;margin: 0px;padding: 0px;border: 0px\">Prodotto in Germania<\/li>\n<\/ul>\n<p><\/p>\n<p style=\"margin-right: 0px;margin-bottom: 0px;margin-left: 0px;padding: 0px;border: 0px\"><\/p>\n<p style=\"margin-right: 0px;margin-bottom: 0px;margin-left: 0px;padding: 0px;border: 0px\"><span style=\"font-size: 1rem\">Un vero pezzo unico. Il motivo desiderato sar\u00e0 prodotto e spedito appositamente per voi solo dopo aver ricevuto l'ordine.<\/span><\/p>\n<p style=\"margin-right: 0px;margin-bottom: 0px;margin-left: 0px;padding: 0px;border: 0px\"><span style=\"font-size: 1rem\">Attenzione: pericolo di soffocamento a causa delle piccole parti che possono essere ingerite.<\/span><\/p>\n<\/div>","protected":false},"excerpt":{"rendered":"<p>raxxa Premium-Fotopuzzle &#8222;Alpenveilchen&#8220; by Mr. Yoda Aus der verzauberten Serie Funny Flowers Das Alpenveilchen, auch Cyclamen genannt, ist eine bezaubernde Pflanze, die mit ihren zarten, herzf\u00f6rmigen Bl\u00e4ttern und den anmutigen Bl\u00fcten jeden Betrachter verzaubert. Ihre Bl\u00fcten erscheinen in leuchtenden Farben wie Rosa, Rot oder Wei\u00df und scheinen fast zu schweben, als w\u00fcrden sie in der [&hellip;]<\/p>\n","protected":false},"featured_media":310088,"comment_status":"open","ping_status":"closed","template":"","meta":[],"product_brand":[],"product_cat":[11041,10365,10514],"product_tag":[],"class_list":{"0":"post-310083","1":"product","2":"type-product","3":"status-publish","4":"has-post-thumbnail","6":"product_cat-digital","7":"product_cat-puzzle","8":"product_cat-yoda","9":"product_shipping_class-versand-puzzle","11":"first","12":"instock","13":"taxable","14":"shipping-taxable","15":"purchasable","16":"product-type-simple"},"yoast_head":"<!-- This site is optimized with the Yoast SEO Premium plugin v27.4 (Yoast SEO v27.4) - https:\/\/yoast.com\/product\/yoast-seo-premium-wordpress\/ -->\n<title>raxxa Premium-Puzzle: Alpenveilchen - raxxa<\/title>\n<meta name=\"robots\" content=\"index, follow, max-snippet:-1, max-image-preview:large, max-video-preview:-1\" \/>\n<link rel=\"canonical\" href=\"https:\/\/www.raxxa.com\/it\/shop\/raxxa-premium-puzzle-alpenveilchen\/\" \/>\n<meta property=\"og:locale\" content=\"it_IT\" \/>\n<meta property=\"og:type\" content=\"article\" \/>\n<meta property=\"og:title\" content=\"raxxa Premium-Puzzle: Alpenveilchen\" \/>\n<meta property=\"og:description\" content=\"raxxa Premium-Fotopuzzle &#8222;Alpenveilchen&#8220; by Mr. Yoda Aus der verzauberten Serie Funny Flowers Das Alpenveilchen, auch Cyclamen genannt, ist eine bezaubernde Pflanze, die mit ihren zarten, herzf\u00f6rmigen Bl\u00e4ttern und den anmutigen Bl\u00fcten jeden Betrachter verzaubert. Ihre Bl\u00fcten erscheinen in leuchtenden Farben wie Rosa, Rot oder Wei\u00df und scheinen fast zu schweben, als w\u00fcrden sie in der [&hellip;]\" \/>\n<meta property=\"og:url\" content=\"https:\/\/www.raxxa.com\/it\/shop\/raxxa-premium-puzzle-alpenveilchen\/\" \/>\n<meta property=\"og:site_name\" content=\"raxxa\" \/>\n<meta property=\"article:publisher\" content=\"https:\/\/facebook.com\/raxxacom\" \/>\n<meta property=\"article:modified_time\" content=\"2026-04-04T21:58:52+00:00\" \/>\n<meta name=\"twitter:card\" content=\"summary_large_image\" \/>\n<meta name=\"twitter:label1\" content=\"Prezzo\" \/>\n\t<meta name=\"twitter:data1\" content=\"&euro;29,99\" \/>\n\t<meta name=\"twitter:label2\" content=\"Disponibilit\u00e0\" \/>\n\t<meta name=\"twitter:data2\" content=\"In stock\" \/>\n<script type=\"application\/ld+json\" class=\"yoast-schema-graph\">{\"@context\":\"https:\\\/\\\/schema.org\",\"@graph\":[{\"@type\":[\"WebPage\",\"ItemPage\"],\"@id\":\"https:\\\/\\\/www.raxxa.com\\\/shop\\\/raxxa-premium-puzzle-alpenveilchen\\\/\",\"url\":\"https:\\\/\\\/www.raxxa.com\\\/shop\\\/raxxa-premium-puzzle-alpenveilchen\\\/\",\"name\":\"raxxa Premium-Puzzle: Alpenveilchen - raxxa\",\"isPartOf\":{\"@id\":\"https:\\\/\\\/www.raxxa.com\\\/#website\"},\"primaryImageOfPage\":{\"@id\":\"https:\\\/\\\/www.raxxa.com\\\/shop\\\/raxxa-premium-puzzle-alpenveilchen\\\/#primaryimage\"},\"image\":{\"@id\":\"https:\\\/\\\/www.raxxa.com\\\/shop\\\/raxxa-premium-puzzle-alpenveilchen\\\/#primaryimage\"},\"thumbnailUrl\":\"https:\\\/\\\/www.raxxa.com\\\/wp-content\\\/uploads\\\/2026\\\/04\\\/raxxa-puzzle-136-18466-Mr-Yoda-Alpenveilchen-box.png\",\"datePublished\":\"2026-04-04T21:57:51+00:00\",\"dateModified\":\"2026-04-04T21:58:52+00:00\",\"breadcrumb\":{\"@id\":\"https:\\\/\\\/www.raxxa.com\\\/shop\\\/raxxa-premium-puzzle-alpenveilchen\\\/#breadcrumb\"},\"inLanguage\":\"it-IT\",\"potentialAction\":[{\"@type\":\"ReadAction\",\"target\":[\"https:\\\/\\\/www.raxxa.com\\\/shop\\\/raxxa-premium-puzzle-alpenveilchen\\\/\"]}]},{\"@type\":\"ImageObject\",\"inLanguage\":\"it-IT\",\"@id\":\"https:\\\/\\\/www.raxxa.com\\\/shop\\\/raxxa-premium-puzzle-alpenveilchen\\\/#primaryimage\",\"url\":\"https:\\\/\\\/www.raxxa.com\\\/wp-content\\\/uploads\\\/2026\\\/04\\\/raxxa-puzzle-136-18466-Mr-Yoda-Alpenveilchen-box.png\",\"contentUrl\":\"https:\\\/\\\/www.raxxa.com\\\/wp-content\\\/uploads\\\/2026\\\/04\\\/raxxa-puzzle-136-18466-Mr-Yoda-Alpenveilchen-box.png\",\"width\":2400,\"height\":1600},{\"@type\":\"BreadcrumbList\",\"@id\":\"https:\\\/\\\/www.raxxa.com\\\/shop\\\/raxxa-premium-puzzle-alpenveilchen\\\/#breadcrumb\",\"itemListElement\":[{\"@type\":\"ListItem\",\"position\":1,\"name\":\"Startseite\",\"item\":\"https:\\\/\\\/www.raxxa.com\\\/\"},{\"@type\":\"ListItem\",\"position\":2,\"name\":\"Shop\",\"item\":\"https:\\\/\\\/www.raxxa.com\\\/it\\\/shop\\\/\"},{\"@type\":\"ListItem\",\"position\":3,\"name\":\"raxxa Premium-Puzzle: Alpenveilchen\"}]},{\"@type\":\"WebSite\",\"@id\":\"https:\\\/\\\/www.raxxa.com\\\/#website\",\"url\":\"https:\\\/\\\/www.raxxa.com\\\/\",\"name\":\"raxxa\",\"description\":\"Einzigartige individuelle Produkte von unseren Designern\",\"publisher\":{\"@id\":\"https:\\\/\\\/www.raxxa.com\\\/#organization\"},\"potentialAction\":[{\"@type\":\"SearchAction\",\"target\":{\"@type\":\"EntryPoint\",\"urlTemplate\":\"https:\\\/\\\/www.raxxa.com\\\/?s={search_term_string}\"},\"query-input\":{\"@type\":\"PropertyValueSpecification\",\"valueRequired\":true,\"valueName\":\"search_term_string\"}}],\"inLanguage\":\"it-IT\"},{\"@type\":\"Organization\",\"@id\":\"https:\\\/\\\/www.raxxa.com\\\/#organization\",\"name\":\"raxxa\",\"url\":\"https:\\\/\\\/www.raxxa.com\\\/\",\"logo\":{\"@type\":\"ImageObject\",\"inLanguage\":\"it-IT\",\"@id\":\"https:\\\/\\\/www.raxxa.com\\\/#\\\/schema\\\/logo\\\/image\\\/\",\"url\":\"https:\\\/\\\/www.raxxa.com\\\/wp-content\\\/uploads\\\/2022\\\/07\\\/logo_v2.png\",\"contentUrl\":\"https:\\\/\\\/www.raxxa.com\\\/wp-content\\\/uploads\\\/2022\\\/07\\\/logo_v2.png\",\"width\":380,\"height\":382,\"caption\":\"raxxa\"},\"image\":{\"@id\":\"https:\\\/\\\/www.raxxa.com\\\/#\\\/schema\\\/logo\\\/image\\\/\"},\"sameAs\":[\"https:\\\/\\\/facebook.com\\\/raxxacom\"]}]}<\/script>\n<meta property=\"product:price:amount\" content=\"29.99\" \/>\n<meta property=\"product:price:currency\" content=\"EUR\" \/>\n<meta property=\"og:availability\" content=\"instock\" \/>\n<meta property=\"product:availability\" content=\"instock\" \/>\n<meta property=\"product:retailer_item_id\" content=\"1-14270-18466-136\" \/>\n<meta property=\"product:condition\" content=\"new\" \/>\n<!-- \/ Yoast SEO Premium plugin. -->","yoast_head_json":{"title":"raxxa Premium-Puzzle: Alpenveilchen - raxxa","robots":{"index":"index","follow":"follow","max-snippet":"max-snippet:-1","max-image-preview":"max-image-preview:large","max-video-preview":"max-video-preview:-1"},"canonical":"https:\/\/www.raxxa.com\/it\/shop\/raxxa-premium-puzzle-alpenveilchen\/","og_locale":"it_IT","og_type":"article","og_title":"raxxa Premium-Puzzle: Alpenveilchen","og_description":"raxxa Premium-Fotopuzzle &#8222;Alpenveilchen&#8220; by Mr. Yoda Aus der verzauberten Serie Funny Flowers Das Alpenveilchen, auch Cyclamen genannt, ist eine bezaubernde Pflanze, die mit ihren zarten, herzf\u00f6rmigen Bl\u00e4ttern und den anmutigen Bl\u00fcten jeden Betrachter verzaubert. Ihre Bl\u00fcten erscheinen in leuchtenden Farben wie Rosa, Rot oder Wei\u00df und scheinen fast zu schweben, als w\u00fcrden sie in der [&hellip;]","og_url":"https:\/\/www.raxxa.com\/it\/shop\/raxxa-premium-puzzle-alpenveilchen\/","og_site_name":"raxxa","article_publisher":"https:\/\/facebook.com\/raxxacom","article_modified_time":"2026-04-04T21:58:52+00:00","twitter_card":"summary_large_image","twitter_misc":{"Prezzo":"&euro;29,99","Disponibilit\u00e0":"In stock"},"schema":{"@context":"https:\/\/schema.org","@graph":[{"@type":["WebPage","ItemPage"],"@id":"https:\/\/www.raxxa.com\/shop\/raxxa-premium-puzzle-alpenveilchen\/","url":"https:\/\/www.raxxa.com\/shop\/raxxa-premium-puzzle-alpenveilchen\/","name":"raxxa Premium-Puzzle: Alpenveilchen - raxxa","isPartOf":{"@id":"https:\/\/www.raxxa.com\/#website"},"primaryImageOfPage":{"@id":"https:\/\/www.raxxa.com\/shop\/raxxa-premium-puzzle-alpenveilchen\/#primaryimage"},"image":{"@id":"https:\/\/www.raxxa.com\/shop\/raxxa-premium-puzzle-alpenveilchen\/#primaryimage"},"thumbnailUrl":"https:\/\/www.raxxa.com\/wp-content\/uploads\/2026\/04\/raxxa-puzzle-136-18466-Mr-Yoda-Alpenveilchen-box.png","datePublished":"2026-04-04T21:57:51+00:00","dateModified":"2026-04-04T21:58:52+00:00","breadcrumb":{"@id":"https:\/\/www.raxxa.com\/shop\/raxxa-premium-puzzle-alpenveilchen\/#breadcrumb"},"inLanguage":"it-IT","potentialAction":[{"@type":"ReadAction","target":["https:\/\/www.raxxa.com\/shop\/raxxa-premium-puzzle-alpenveilchen\/"]}]},{"@type":"ImageObject","inLanguage":"it-IT","@id":"https:\/\/www.raxxa.com\/shop\/raxxa-premium-puzzle-alpenveilchen\/#primaryimage","url":"https:\/\/www.raxxa.com\/wp-content\/uploads\/2026\/04\/raxxa-puzzle-136-18466-Mr-Yoda-Alpenveilchen-box.png","contentUrl":"https:\/\/www.raxxa.com\/wp-content\/uploads\/2026\/04\/raxxa-puzzle-136-18466-Mr-Yoda-Alpenveilchen-box.png","width":2400,"height":1600},{"@type":"BreadcrumbList","@id":"https:\/\/www.raxxa.com\/shop\/raxxa-premium-puzzle-alpenveilchen\/#breadcrumb","itemListElement":[{"@type":"ListItem","position":1,"name":"Startseite","item":"https:\/\/www.raxxa.com\/"},{"@type":"ListItem","position":2,"name":"Shop","item":"https:\/\/www.raxxa.com\/it\/shop\/"},{"@type":"ListItem","position":3,"name":"raxxa Premium-Puzzle: Alpenveilchen"}]},{"@type":"WebSite","@id":"https:\/\/www.raxxa.com\/#website","url":"https:\/\/www.raxxa.com\/","name":"raxxa","description":"Prodotti unici e personalizzati dei nostri designer","publisher":{"@id":"https:\/\/www.raxxa.com\/#organization"},"potentialAction":[{"@type":"SearchAction","target":{"@type":"EntryPoint","urlTemplate":"https:\/\/www.raxxa.com\/?s={search_term_string}"},"query-input":{"@type":"PropertyValueSpecification","valueRequired":true,"valueName":"search_term_string"}}],"inLanguage":"it-IT"},{"@type":"Organization","@id":"https:\/\/www.raxxa.com\/#organization","name":"raxxa","url":"https:\/\/www.raxxa.com\/","logo":{"@type":"ImageObject","inLanguage":"it-IT","@id":"https:\/\/www.raxxa.com\/#\/schema\/logo\/image\/","url":"https:\/\/www.raxxa.com\/wp-content\/uploads\/2022\/07\/logo_v2.png","contentUrl":"https:\/\/www.raxxa.com\/wp-content\/uploads\/2022\/07\/logo_v2.png","width":380,"height":382,"caption":"raxxa"},"image":{"@id":"https:\/\/www.raxxa.com\/#\/schema\/logo\/image\/"},"sameAs":["https:\/\/facebook.com\/raxxacom"]}]},"product_price_amount":"29.99","product_price_currency":"EUR","og_availability":"instock","product_availability":"instock","product_retailer_item_id":"1-14270-18466-136","product_condition":"new"},"jetpack_sharing_enabled":true,"_links":{"self":[{"href":"https:\/\/www.raxxa.com\/it\/wp-json\/wp\/v2\/product\/310083","targetHints":{"allow":["GET"]}}],"collection":[{"href":"https:\/\/www.raxxa.com\/it\/wp-json\/wp\/v2\/product"}],"about":[{"href":"https:\/\/www.raxxa.com\/it\/wp-json\/wp\/v2\/types\/product"}],"replies":[{"embeddable":true,"href":"https:\/\/www.raxxa.com\/it\/wp-json\/wp\/v2\/comments?post=310083"}],"wp:featuredmedia":[{"embeddable":true,"href":"https:\/\/www.raxxa.com\/it\/wp-json\/wp\/v2\/media\/310088"}],"wp:attachment":[{"href":"https:\/\/www.raxxa.com\/it\/wp-json\/wp\/v2\/media?parent=310083"}],"wp:term":[{"taxonomy":"product_brand","embeddable":true,"href":"https:\/\/www.raxxa.com\/it\/wp-json\/wp\/v2\/product_brand?post=310083"},{"taxonomy":"product_cat","embeddable":true,"href":"https:\/\/www.raxxa.com\/it\/wp-json\/wp\/v2\/product_cat?post=310083"},{"taxonomy":"product_tag","embeddable":true,"href":"https:\/\/www.raxxa.com\/it\/wp-json\/wp\/v2\/product_tag?post=310083"}],"curies":[{"name":"wp","href":"https:\/\/api.w.org\/{rel}","templated":true}]}}