{"id":305209,"date":"2026-03-27T23:05:22","date_gmt":"2026-03-27T21:05:22","guid":{"rendered":"https:\/\/www.raxxa.com\/shop\/raxxa-postkarte-maedchen-mit-dinosaurier-jungtier-und-mutter\/"},"modified":"2026-03-27T23:06:25","modified_gmt":"2026-03-27T21:06:25","slug":"raxxa-postkarte-maedchen-mit-dinosaurier-jungtier-und-mutter","status":"publish","type":"product","link":"https:\/\/www.raxxa.com\/it\/shop\/raxxa-postkarte-maedchen-mit-dinosaurier-jungtier-und-mutter\/","title":{"rendered":"raxxa Postkarte: M\u00e4dchen mit Dinosaurier Jungtier und Mutter"},"content":{"rendered":"<h3><strong>&quot;M\u00e4dchen mit Dinosaurier Jungtier und Mutter&quot; by Kerstin Waurick<\/strong><\/h3>\n<p><strong><\/strong><\/p>\n<p>Dieses atmosph\u00e4rische Bild zeigt den Alltag in einer Welt, in der Menschen und Dinosaurier ganz selbstverst\u00e4ndlich zusammenleben. Die Szene wirkt ruhig und vertraut, fast wie ein verlorener Alltag, der so nie existiert hat und dennoch merkw\u00fcrdig nah erscheint. Zwischen den Begegnungen liegt eine stille Sehnsucht nach einer einfacheren, urspr\u00fcnglicheren Verbindung zur Natur. Mithilfe moderner KI entsteht so eine warme, glaubhafte Bildwelt, die weniger erz\u00e4hlt als erinnert \u2013 an etwas, das man nie wirklich erlebt hat und doch vermisst.<\/p>\n<p>&nbsp;<\/p>\n<ul><li>Stampiamo la cartolina desiderata in bianco o con un saluto personalizzato e la inviamo in tutto il mondo a qualsiasi persona o a voi stessi.<\/li><li>Ideale per il postcrossing online o per gli auguri personalizzati a persone care, amici, parenti e conoscenti.<\/li><li>In alternativa, \u00e8 disponibile anche una cartolina con motivo in bianco da ritirare o spedire.<\/li><li>Cartoline DIN A6 (14,8 cm x 10,5 cm).<\/li><\/ul><br><br><b>Come posso creare\/disegnare la mia cartolina personalizzata?<\/b><br><br>1) Inserite semplicemente il testo del vostro messaggio o saluto (massimo 500 caratteri).<br>2) Se si desidera inviare la cartolina per Postcrossing, inserire il PostcrossingID.<br>Altrimenti, lasciare semplicemente questo campo vuoto.<br>3) Inserite negli appositi campi il nome e il cognome, la via e il numero civico, il codice postale, la citt\u00e0 e il Paese del destinatario della cartolina.<br>4) Ora \u00e8 possibile aggiungere la cartolina disegnata al carrello e ordinarla alla cassa.<br><br>A questo punto stampiamo la cartolina personalizzata, la affranchiamo e la inviamo al destinatario indicato.<br><br>Se avete domande, inviateci un messaggio o un'e-mail.<br>","protected":false},"excerpt":{"rendered":"<p>&quot;M\u00e4dchen mit Dinosaurier Jungtier und Mutter&quot; by Kerstin Waurick Dieses atmosph\u00e4rische Bild zeigt den Alltag in einer Welt, in der Menschen und Dinosaurier ganz selbstverst\u00e4ndlich zusammenleben. Die Szene wirkt ruhig und vertraut, fast wie ein verlorener Alltag, der so nie existiert hat und dennoch merkw\u00fcrdig nah erscheint. Zwischen den Begegnungen liegt eine stille Sehnsucht nach [&hellip;]<\/p>\n","protected":false},"featured_media":305213,"comment_status":"open","ping_status":"closed","template":"","meta":[],"product_brand":[],"product_cat":[11884,133,13429],"product_tag":[],"class_list":{"0":"post-305209","1":"product","2":"type-product","3":"status-publish","4":"has-post-thumbnail","6":"product_cat-postkarten","7":"product_cat-tiere","8":"product_cat-kerstin-waurick","10":"first","11":"instock","12":"taxable","13":"shipping-taxable","14":"purchasable","15":"product-type-variable"},"yoast_head":"<!-- This site is optimized with the Yoast SEO Premium plugin v27.5 (Yoast SEO v27.6) - https:\/\/yoast.com\/product\/yoast-seo-premium-wordpress\/ -->\n<title>raxxa Postkarte: M\u00e4dchen mit Dinosaurier Jungtier und Mutter - raxxa<\/title>\n<meta name=\"robots\" content=\"index, follow, max-snippet:-1, max-image-preview:large, max-video-preview:-1\" \/>\n<link rel=\"canonical\" href=\"https:\/\/www.raxxa.com\/it\/shop\/raxxa-postkarte-maedchen-mit-dinosaurier-jungtier-und-mutter\/\" \/>\n<meta property=\"og:locale\" content=\"it_IT\" \/>\n<meta property=\"og:type\" content=\"article\" \/>\n<meta property=\"og:title\" content=\"raxxa Postkarte: M\u00e4dchen mit Dinosaurier Jungtier und Mutter\" \/>\n<meta property=\"og:description\" content=\"&quot;M\u00e4dchen mit Dinosaurier Jungtier und Mutter&quot; by Kerstin Waurick Dieses atmosph\u00e4rische Bild zeigt den Alltag in einer Welt, in der Menschen und Dinosaurier ganz selbstverst\u00e4ndlich zusammenleben. Die Szene wirkt ruhig und vertraut, fast wie ein verlorener Alltag, der so nie existiert hat und dennoch merkw\u00fcrdig nah erscheint. Zwischen den Begegnungen liegt eine stille Sehnsucht nach [&hellip;]\" \/>\n<meta property=\"og:url\" content=\"https:\/\/www.raxxa.com\/it\/shop\/raxxa-postkarte-maedchen-mit-dinosaurier-jungtier-und-mutter\/\" \/>\n<meta property=\"og:site_name\" content=\"raxxa\" \/>\n<meta property=\"article:publisher\" content=\"https:\/\/facebook.com\/raxxacom\" \/>\n<meta property=\"article:modified_time\" content=\"2026-03-27T21:06:25+00:00\" \/>\n<meta name=\"twitter:card\" content=\"summary_large_image\" \/>\n<meta name=\"twitter:label1\" content=\"Disponibilit\u00e0\" \/>\n\t<meta name=\"twitter:data1\" content=\"In stock\" \/>\n<script type=\"application\/ld+json\" class=\"yoast-schema-graph\">{\"@context\":\"https:\\\/\\\/schema.org\",\"@graph\":[{\"@type\":[\"WebPage\",\"ItemPage\"],\"@id\":\"https:\\\/\\\/www.raxxa.com\\\/shop\\\/raxxa-postkarte-maedchen-mit-dinosaurier-jungtier-und-mutter\\\/\",\"url\":\"https:\\\/\\\/www.raxxa.com\\\/shop\\\/raxxa-postkarte-maedchen-mit-dinosaurier-jungtier-und-mutter\\\/\",\"name\":\"raxxa Postkarte: M\u00e4dchen mit Dinosaurier Jungtier und Mutter - raxxa\",\"isPartOf\":{\"@id\":\"https:\\\/\\\/www.raxxa.com\\\/#website\"},\"primaryImageOfPage\":{\"@id\":\"https:\\\/\\\/www.raxxa.com\\\/shop\\\/raxxa-postkarte-maedchen-mit-dinosaurier-jungtier-und-mutter\\\/#primaryimage\"},\"image\":{\"@id\":\"https:\\\/\\\/www.raxxa.com\\\/shop\\\/raxxa-postkarte-maedchen-mit-dinosaurier-jungtier-und-mutter\\\/#primaryimage\"},\"thumbnailUrl\":\"https:\\\/\\\/www.raxxa.com\\\/wp-content\\\/uploads\\\/2026\\\/03\\\/raxxa-373-24380-185-Kerstin-Waurick-Madchen-mit-Dinosaurier-Jungtier-und-Mutter-12-scaled.jpg\",\"datePublished\":\"2026-03-27T21:05:22+00:00\",\"dateModified\":\"2026-03-27T21:06:25+00:00\",\"breadcrumb\":{\"@id\":\"https:\\\/\\\/www.raxxa.com\\\/shop\\\/raxxa-postkarte-maedchen-mit-dinosaurier-jungtier-und-mutter\\\/#breadcrumb\"},\"inLanguage\":\"it-IT\",\"potentialAction\":[{\"@type\":\"ReadAction\",\"target\":[\"https:\\\/\\\/www.raxxa.com\\\/shop\\\/raxxa-postkarte-maedchen-mit-dinosaurier-jungtier-und-mutter\\\/\"]}]},{\"@type\":\"ImageObject\",\"inLanguage\":\"it-IT\",\"@id\":\"https:\\\/\\\/www.raxxa.com\\\/shop\\\/raxxa-postkarte-maedchen-mit-dinosaurier-jungtier-und-mutter\\\/#primaryimage\",\"url\":\"https:\\\/\\\/www.raxxa.com\\\/wp-content\\\/uploads\\\/2026\\\/03\\\/raxxa-373-24380-185-Kerstin-Waurick-Madchen-mit-Dinosaurier-Jungtier-und-Mutter-12-scaled.jpg\",\"contentUrl\":\"https:\\\/\\\/www.raxxa.com\\\/wp-content\\\/uploads\\\/2026\\\/03\\\/raxxa-373-24380-185-Kerstin-Waurick-Madchen-mit-Dinosaurier-Jungtier-und-Mutter-12-scaled.jpg\",\"width\":2560,\"height\":1707},{\"@type\":\"BreadcrumbList\",\"@id\":\"https:\\\/\\\/www.raxxa.com\\\/shop\\\/raxxa-postkarte-maedchen-mit-dinosaurier-jungtier-und-mutter\\\/#breadcrumb\",\"itemListElement\":[{\"@type\":\"ListItem\",\"position\":1,\"name\":\"Startseite\",\"item\":\"https:\\\/\\\/www.raxxa.com\\\/\"},{\"@type\":\"ListItem\",\"position\":2,\"name\":\"Shop\",\"item\":\"https:\\\/\\\/www.raxxa.com\\\/it\\\/shop\\\/\"},{\"@type\":\"ListItem\",\"position\":3,\"name\":\"raxxa Postkarte: M\u00e4dchen mit Dinosaurier Jungtier und Mutter\"}]},{\"@type\":\"WebSite\",\"@id\":\"https:\\\/\\\/www.raxxa.com\\\/#website\",\"url\":\"https:\\\/\\\/www.raxxa.com\\\/\",\"name\":\"raxxa\",\"description\":\"Einzigartige individuelle Produkte von unseren Designern\",\"publisher\":{\"@id\":\"https:\\\/\\\/www.raxxa.com\\\/#organization\"},\"potentialAction\":[{\"@type\":\"SearchAction\",\"target\":{\"@type\":\"EntryPoint\",\"urlTemplate\":\"https:\\\/\\\/www.raxxa.com\\\/?s={search_term_string}\"},\"query-input\":{\"@type\":\"PropertyValueSpecification\",\"valueRequired\":true,\"valueName\":\"search_term_string\"}}],\"inLanguage\":\"it-IT\"},{\"@type\":\"Organization\",\"@id\":\"https:\\\/\\\/www.raxxa.com\\\/#organization\",\"name\":\"raxxa\",\"url\":\"https:\\\/\\\/www.raxxa.com\\\/\",\"logo\":{\"@type\":\"ImageObject\",\"inLanguage\":\"it-IT\",\"@id\":\"https:\\\/\\\/www.raxxa.com\\\/#\\\/schema\\\/logo\\\/image\\\/\",\"url\":\"https:\\\/\\\/www.raxxa.com\\\/wp-content\\\/uploads\\\/2022\\\/07\\\/logo_v2.png\",\"contentUrl\":\"https:\\\/\\\/www.raxxa.com\\\/wp-content\\\/uploads\\\/2022\\\/07\\\/logo_v2.png\",\"width\":380,\"height\":382,\"caption\":\"raxxa\"},\"image\":{\"@id\":\"https:\\\/\\\/www.raxxa.com\\\/#\\\/schema\\\/logo\\\/image\\\/\"},\"sameAs\":[\"https:\\\/\\\/facebook.com\\\/raxxacom\"]}]}<\/script>\n<meta property=\"og:availability\" content=\"instock\" \/>\n<meta property=\"product:availability\" content=\"instock\" \/>\n<meta property=\"product:retailer_item_id\" content=\"1-185-24380-373\" \/>\n<meta property=\"product:condition\" content=\"new\" \/>\n<!-- \/ Yoast SEO Premium plugin. -->","yoast_head_json":{"title":"raxxa Postkarte: M\u00e4dchen mit Dinosaurier Jungtier und Mutter - raxxa","robots":{"index":"index","follow":"follow","max-snippet":"max-snippet:-1","max-image-preview":"max-image-preview:large","max-video-preview":"max-video-preview:-1"},"canonical":"https:\/\/www.raxxa.com\/it\/shop\/raxxa-postkarte-maedchen-mit-dinosaurier-jungtier-und-mutter\/","og_locale":"it_IT","og_type":"article","og_title":"raxxa Postkarte: M\u00e4dchen mit Dinosaurier Jungtier und Mutter","og_description":"&quot;M\u00e4dchen mit Dinosaurier Jungtier und Mutter&quot; by Kerstin Waurick Dieses atmosph\u00e4rische Bild zeigt den Alltag in einer Welt, in der Menschen und Dinosaurier ganz selbstverst\u00e4ndlich zusammenleben. Die Szene wirkt ruhig und vertraut, fast wie ein verlorener Alltag, der so nie existiert hat und dennoch merkw\u00fcrdig nah erscheint. Zwischen den Begegnungen liegt eine stille Sehnsucht nach [&hellip;]","og_url":"https:\/\/www.raxxa.com\/it\/shop\/raxxa-postkarte-maedchen-mit-dinosaurier-jungtier-und-mutter\/","og_site_name":"raxxa","article_publisher":"https:\/\/facebook.com\/raxxacom","article_modified_time":"2026-03-27T21:06:25+00:00","twitter_card":"summary_large_image","twitter_misc":{"Disponibilit\u00e0":"In stock"},"schema":{"@context":"https:\/\/schema.org","@graph":[{"@type":["WebPage","ItemPage"],"@id":"https:\/\/www.raxxa.com\/shop\/raxxa-postkarte-maedchen-mit-dinosaurier-jungtier-und-mutter\/","url":"https:\/\/www.raxxa.com\/shop\/raxxa-postkarte-maedchen-mit-dinosaurier-jungtier-und-mutter\/","name":"raxxa Postkarte: M\u00e4dchen mit Dinosaurier Jungtier und Mutter - raxxa","isPartOf":{"@id":"https:\/\/www.raxxa.com\/#website"},"primaryImageOfPage":{"@id":"https:\/\/www.raxxa.com\/shop\/raxxa-postkarte-maedchen-mit-dinosaurier-jungtier-und-mutter\/#primaryimage"},"image":{"@id":"https:\/\/www.raxxa.com\/shop\/raxxa-postkarte-maedchen-mit-dinosaurier-jungtier-und-mutter\/#primaryimage"},"thumbnailUrl":"https:\/\/www.raxxa.com\/wp-content\/uploads\/2026\/03\/raxxa-373-24380-185-Kerstin-Waurick-Madchen-mit-Dinosaurier-Jungtier-und-Mutter-12-scaled.jpg","datePublished":"2026-03-27T21:05:22+00:00","dateModified":"2026-03-27T21:06:25+00:00","breadcrumb":{"@id":"https:\/\/www.raxxa.com\/shop\/raxxa-postkarte-maedchen-mit-dinosaurier-jungtier-und-mutter\/#breadcrumb"},"inLanguage":"it-IT","potentialAction":[{"@type":"ReadAction","target":["https:\/\/www.raxxa.com\/shop\/raxxa-postkarte-maedchen-mit-dinosaurier-jungtier-und-mutter\/"]}]},{"@type":"ImageObject","inLanguage":"it-IT","@id":"https:\/\/www.raxxa.com\/shop\/raxxa-postkarte-maedchen-mit-dinosaurier-jungtier-und-mutter\/#primaryimage","url":"https:\/\/www.raxxa.com\/wp-content\/uploads\/2026\/03\/raxxa-373-24380-185-Kerstin-Waurick-Madchen-mit-Dinosaurier-Jungtier-und-Mutter-12-scaled.jpg","contentUrl":"https:\/\/www.raxxa.com\/wp-content\/uploads\/2026\/03\/raxxa-373-24380-185-Kerstin-Waurick-Madchen-mit-Dinosaurier-Jungtier-und-Mutter-12-scaled.jpg","width":2560,"height":1707},{"@type":"BreadcrumbList","@id":"https:\/\/www.raxxa.com\/shop\/raxxa-postkarte-maedchen-mit-dinosaurier-jungtier-und-mutter\/#breadcrumb","itemListElement":[{"@type":"ListItem","position":1,"name":"Startseite","item":"https:\/\/www.raxxa.com\/"},{"@type":"ListItem","position":2,"name":"Shop","item":"https:\/\/www.raxxa.com\/it\/shop\/"},{"@type":"ListItem","position":3,"name":"raxxa Postkarte: M\u00e4dchen mit Dinosaurier Jungtier und Mutter"}]},{"@type":"WebSite","@id":"https:\/\/www.raxxa.com\/#website","url":"https:\/\/www.raxxa.com\/","name":"raxxa","description":"Prodotti unici e personalizzati dei nostri designer","publisher":{"@id":"https:\/\/www.raxxa.com\/#organization"},"potentialAction":[{"@type":"SearchAction","target":{"@type":"EntryPoint","urlTemplate":"https:\/\/www.raxxa.com\/?s={search_term_string}"},"query-input":{"@type":"PropertyValueSpecification","valueRequired":true,"valueName":"search_term_string"}}],"inLanguage":"it-IT"},{"@type":"Organization","@id":"https:\/\/www.raxxa.com\/#organization","name":"raxxa","url":"https:\/\/www.raxxa.com\/","logo":{"@type":"ImageObject","inLanguage":"it-IT","@id":"https:\/\/www.raxxa.com\/#\/schema\/logo\/image\/","url":"https:\/\/www.raxxa.com\/wp-content\/uploads\/2022\/07\/logo_v2.png","contentUrl":"https:\/\/www.raxxa.com\/wp-content\/uploads\/2022\/07\/logo_v2.png","width":380,"height":382,"caption":"raxxa"},"image":{"@id":"https:\/\/www.raxxa.com\/#\/schema\/logo\/image\/"},"sameAs":["https:\/\/facebook.com\/raxxacom"]}]},"og_availability":"instock","product_availability":"instock","product_retailer_item_id":"1-185-24380-373","product_condition":"new"},"jetpack_sharing_enabled":true,"_links":{"self":[{"href":"https:\/\/www.raxxa.com\/it\/wp-json\/wp\/v2\/product\/305209","targetHints":{"allow":["GET"]}}],"collection":[{"href":"https:\/\/www.raxxa.com\/it\/wp-json\/wp\/v2\/product"}],"about":[{"href":"https:\/\/www.raxxa.com\/it\/wp-json\/wp\/v2\/types\/product"}],"replies":[{"embeddable":true,"href":"https:\/\/www.raxxa.com\/it\/wp-json\/wp\/v2\/comments?post=305209"}],"wp:featuredmedia":[{"embeddable":true,"href":"https:\/\/www.raxxa.com\/it\/wp-json\/wp\/v2\/media\/305213"}],"wp:attachment":[{"href":"https:\/\/www.raxxa.com\/it\/wp-json\/wp\/v2\/media?parent=305209"}],"wp:term":[{"taxonomy":"product_brand","embeddable":true,"href":"https:\/\/www.raxxa.com\/it\/wp-json\/wp\/v2\/product_brand?post=305209"},{"taxonomy":"product_cat","embeddable":true,"href":"https:\/\/www.raxxa.com\/it\/wp-json\/wp\/v2\/product_cat?post=305209"},{"taxonomy":"product_tag","embeddable":true,"href":"https:\/\/www.raxxa.com\/it\/wp-json\/wp\/v2\/product_tag?post=305209"}],"curies":[{"name":"wp","href":"https:\/\/api.w.org\/{rel}","templated":true}]}}