{"id":305160,"date":"2026-03-27T22:55:24","date_gmt":"2026-03-27T20:55:24","guid":{"rendered":"https:\/\/www.raxxa.com\/shop\/raxxa-canva-dinosaurier-zieht-eine-kutsche\/"},"modified":"2026-03-27T22:57:21","modified_gmt":"2026-03-27T20:57:21","slug":"raxxa-canva-dinosaurier-zieht-eine-kutsche","status":"publish","type":"product","link":"https:\/\/www.raxxa.com\/it\/shop\/raxxa-canva-dinosaurier-zieht-eine-kutsche\/","title":{"rendered":"raxxa Canva: Dinosaurier zieht eine Kutsche"},"content":{"rendered":"<h3><strong>&quot;Dinosaurier zieht eine Kutsche&quot; by Kerstin Waurick<\/strong><\/h3>\n<p><strong><\/strong><\/p>\n<p>Dieses atmosph\u00e4rische Bild zeigt den Alltag in einer Welt, in der Menschen und Dinosaurier ganz selbstverst\u00e4ndlich zusammenleben. Die Szene wirkt ruhig und vertraut, fast wie ein verlorener Alltag, der so nie existiert hat und dennoch merkw\u00fcrdig nah erscheint. Zwischen den Begegnungen liegt eine stille Sehnsucht nach einer einfacheren, urspr\u00fcnglicheren Verbindung zur Natur. Mithilfe moderner KI entsteht so eine warme, glaubhafte Bildwelt, die weniger erz\u00e4hlt als erinnert \u2013 an etwas, das man nie wirklich erlebt hat und doch vermisst.<\/p>\n<p>&nbsp;<\/p>\n<ul><li>Tela classica con bordo di 2 cm, 100 poliestere %.<\/li><li>Inchiostri HP latex di alta qualit\u00e0 con protezione UV che garantiscono colori vivaci e resistenza alla luce.<\/li><li>Telaio in legno certificato FSC<\/li><li>Su richiesta, questo prodotto pu\u00f2 essere realizzato appositamente per voi nelle dimensioni e nel design desiderati.<\/li><\/ul>","protected":false},"excerpt":{"rendered":"<p>&quot;Dinosaurier zieht eine Kutsche&quot; by Kerstin Waurick Dieses atmosph\u00e4rische Bild zeigt den Alltag in einer Welt, in der Menschen und Dinosaurier ganz selbstverst\u00e4ndlich zusammenleben. Die Szene wirkt ruhig und vertraut, fast wie ein verlorener Alltag, der so nie existiert hat und dennoch merkw\u00fcrdig nah erscheint. Zwischen den Begegnungen liegt eine stille Sehnsucht nach einer einfacheren, [&hellip;]<\/p>\n","protected":false},"featured_media":305161,"comment_status":"open","ping_status":"closed","template":"","meta":[],"product_brand":[],"product_cat":[12937,133,13429],"product_tag":[],"class_list":{"0":"post-305160","1":"product","2":"type-product","3":"status-publish","4":"has-post-thumbnail","6":"product_cat-canvas","7":"product_cat-tiere","8":"product_cat-kerstin-waurick","9":"product_shipping_class-versand-canvas","11":"first","12":"instock","13":"taxable","14":"shipping-taxable","15":"purchasable","16":"product-type-variable"},"yoast_head":"<!-- This site is optimized with the Yoast SEO Premium plugin v27.2 (Yoast SEO v27.3) - https:\/\/yoast.com\/product\/yoast-seo-premium-wordpress\/ -->\n<title>raxxa Canva: Dinosaurier zieht eine Kutsche - raxxa<\/title>\n<meta name=\"robots\" content=\"index, follow, max-snippet:-1, max-image-preview:large, max-video-preview:-1\" \/>\n<link rel=\"canonical\" href=\"https:\/\/www.raxxa.com\/it\/shop\/raxxa-canva-dinosaurier-zieht-eine-kutsche\/\" \/>\n<meta property=\"og:locale\" content=\"it_IT\" \/>\n<meta property=\"og:type\" content=\"article\" \/>\n<meta property=\"og:title\" content=\"raxxa Canva: Dinosaurier zieht eine Kutsche\" \/>\n<meta property=\"og:description\" content=\"&quot;Dinosaurier zieht eine Kutsche&quot; by Kerstin Waurick Dieses atmosph\u00e4rische Bild zeigt den Alltag in einer Welt, in der Menschen und Dinosaurier ganz selbstverst\u00e4ndlich zusammenleben. Die Szene wirkt ruhig und vertraut, fast wie ein verlorener Alltag, der so nie existiert hat und dennoch merkw\u00fcrdig nah erscheint. Zwischen den Begegnungen liegt eine stille Sehnsucht nach einer einfacheren, [&hellip;]\" \/>\n<meta property=\"og:url\" content=\"https:\/\/www.raxxa.com\/it\/shop\/raxxa-canva-dinosaurier-zieht-eine-kutsche\/\" \/>\n<meta property=\"og:site_name\" content=\"raxxa\" \/>\n<meta property=\"article:publisher\" content=\"https:\/\/facebook.com\/raxxacom\" \/>\n<meta property=\"article:modified_time\" content=\"2026-03-27T20:57:21+00:00\" \/>\n<meta name=\"twitter:card\" content=\"summary_large_image\" \/>\n<meta name=\"twitter:label1\" content=\"Disponibilit\u00e0\" \/>\n\t<meta name=\"twitter:data1\" content=\"In stock\" \/>\n<script type=\"application\/ld+json\" class=\"yoast-schema-graph\">{\"@context\":\"https:\\\/\\\/schema.org\",\"@graph\":[{\"@type\":[\"WebPage\",\"ItemPage\"],\"@id\":\"https:\\\/\\\/www.raxxa.com\\\/shop\\\/raxxa-canva-dinosaurier-zieht-eine-kutsche\\\/\",\"url\":\"https:\\\/\\\/www.raxxa.com\\\/shop\\\/raxxa-canva-dinosaurier-zieht-eine-kutsche\\\/\",\"name\":\"raxxa Canva: Dinosaurier zieht eine Kutsche - raxxa\",\"isPartOf\":{\"@id\":\"https:\\\/\\\/www.raxxa.com\\\/#website\"},\"primaryImageOfPage\":{\"@id\":\"https:\\\/\\\/www.raxxa.com\\\/shop\\\/raxxa-canva-dinosaurier-zieht-eine-kutsche\\\/#primaryimage\"},\"image\":{\"@id\":\"https:\\\/\\\/www.raxxa.com\\\/shop\\\/raxxa-canva-dinosaurier-zieht-eine-kutsche\\\/#primaryimage\"},\"thumbnailUrl\":\"https:\\\/\\\/www.raxxa.com\\\/wp-content\\\/uploads\\\/2026\\\/03\\\/raxxa-Canvas-373-24379-133-Kerstin-Waurick-Dinosaurier-zieht-eine-Kutsche-9-scaled.jpg\",\"datePublished\":\"2026-03-27T20:55:24+00:00\",\"dateModified\":\"2026-03-27T20:57:21+00:00\",\"breadcrumb\":{\"@id\":\"https:\\\/\\\/www.raxxa.com\\\/shop\\\/raxxa-canva-dinosaurier-zieht-eine-kutsche\\\/#breadcrumb\"},\"inLanguage\":\"it-IT\",\"potentialAction\":[{\"@type\":\"ReadAction\",\"target\":[\"https:\\\/\\\/www.raxxa.com\\\/shop\\\/raxxa-canva-dinosaurier-zieht-eine-kutsche\\\/\"]}]},{\"@type\":\"ImageObject\",\"inLanguage\":\"it-IT\",\"@id\":\"https:\\\/\\\/www.raxxa.com\\\/shop\\\/raxxa-canva-dinosaurier-zieht-eine-kutsche\\\/#primaryimage\",\"url\":\"https:\\\/\\\/www.raxxa.com\\\/wp-content\\\/uploads\\\/2026\\\/03\\\/raxxa-Canvas-373-24379-133-Kerstin-Waurick-Dinosaurier-zieht-eine-Kutsche-9-scaled.jpg\",\"contentUrl\":\"https:\\\/\\\/www.raxxa.com\\\/wp-content\\\/uploads\\\/2026\\\/03\\\/raxxa-Canvas-373-24379-133-Kerstin-Waurick-Dinosaurier-zieht-eine-Kutsche-9-scaled.jpg\",\"width\":2560,\"height\":2276},{\"@type\":\"BreadcrumbList\",\"@id\":\"https:\\\/\\\/www.raxxa.com\\\/shop\\\/raxxa-canva-dinosaurier-zieht-eine-kutsche\\\/#breadcrumb\",\"itemListElement\":[{\"@type\":\"ListItem\",\"position\":1,\"name\":\"Startseite\",\"item\":\"https:\\\/\\\/www.raxxa.com\\\/\"},{\"@type\":\"ListItem\",\"position\":2,\"name\":\"Shop\",\"item\":\"https:\\\/\\\/www.raxxa.com\\\/it\\\/shop\\\/\"},{\"@type\":\"ListItem\",\"position\":3,\"name\":\"raxxa Canva: Dinosaurier zieht eine Kutsche\"}]},{\"@type\":\"WebSite\",\"@id\":\"https:\\\/\\\/www.raxxa.com\\\/#website\",\"url\":\"https:\\\/\\\/www.raxxa.com\\\/\",\"name\":\"raxxa\",\"description\":\"Einzigartige individuelle Produkte von unseren Designern\",\"publisher\":{\"@id\":\"https:\\\/\\\/www.raxxa.com\\\/#organization\"},\"potentialAction\":[{\"@type\":\"SearchAction\",\"target\":{\"@type\":\"EntryPoint\",\"urlTemplate\":\"https:\\\/\\\/www.raxxa.com\\\/?s={search_term_string}\"},\"query-input\":{\"@type\":\"PropertyValueSpecification\",\"valueRequired\":true,\"valueName\":\"search_term_string\"}}],\"inLanguage\":\"it-IT\"},{\"@type\":\"Organization\",\"@id\":\"https:\\\/\\\/www.raxxa.com\\\/#organization\",\"name\":\"raxxa\",\"url\":\"https:\\\/\\\/www.raxxa.com\\\/\",\"logo\":{\"@type\":\"ImageObject\",\"inLanguage\":\"it-IT\",\"@id\":\"https:\\\/\\\/www.raxxa.com\\\/#\\\/schema\\\/logo\\\/image\\\/\",\"url\":\"https:\\\/\\\/www.raxxa.com\\\/wp-content\\\/uploads\\\/2022\\\/07\\\/logo_v2.png\",\"contentUrl\":\"https:\\\/\\\/www.raxxa.com\\\/wp-content\\\/uploads\\\/2022\\\/07\\\/logo_v2.png\",\"width\":380,\"height\":382,\"caption\":\"raxxa\"},\"image\":{\"@id\":\"https:\\\/\\\/www.raxxa.com\\\/#\\\/schema\\\/logo\\\/image\\\/\"},\"sameAs\":[\"https:\\\/\\\/facebook.com\\\/raxxacom\"]}]}<\/script>\n<meta property=\"og:availability\" content=\"instock\" \/>\n<meta property=\"product:availability\" content=\"instock\" \/>\n<meta property=\"product:retailer_item_id\" content=\"1-133-24379-373\" \/>\n<meta property=\"product:condition\" content=\"new\" \/>\n<!-- \/ Yoast SEO Premium plugin. -->","yoast_head_json":{"title":"raxxa Canva: Dinosaurier zieht eine Kutsche - raxxa","robots":{"index":"index","follow":"follow","max-snippet":"max-snippet:-1","max-image-preview":"max-image-preview:large","max-video-preview":"max-video-preview:-1"},"canonical":"https:\/\/www.raxxa.com\/it\/shop\/raxxa-canva-dinosaurier-zieht-eine-kutsche\/","og_locale":"it_IT","og_type":"article","og_title":"raxxa Canva: Dinosaurier zieht eine Kutsche","og_description":"&quot;Dinosaurier zieht eine Kutsche&quot; by Kerstin Waurick Dieses atmosph\u00e4rische Bild zeigt den Alltag in einer Welt, in der Menschen und Dinosaurier ganz selbstverst\u00e4ndlich zusammenleben. Die Szene wirkt ruhig und vertraut, fast wie ein verlorener Alltag, der so nie existiert hat und dennoch merkw\u00fcrdig nah erscheint. Zwischen den Begegnungen liegt eine stille Sehnsucht nach einer einfacheren, [&hellip;]","og_url":"https:\/\/www.raxxa.com\/it\/shop\/raxxa-canva-dinosaurier-zieht-eine-kutsche\/","og_site_name":"raxxa","article_publisher":"https:\/\/facebook.com\/raxxacom","article_modified_time":"2026-03-27T20:57:21+00:00","twitter_card":"summary_large_image","twitter_misc":{"Disponibilit\u00e0":"In stock"},"schema":{"@context":"https:\/\/schema.org","@graph":[{"@type":["WebPage","ItemPage"],"@id":"https:\/\/www.raxxa.com\/shop\/raxxa-canva-dinosaurier-zieht-eine-kutsche\/","url":"https:\/\/www.raxxa.com\/shop\/raxxa-canva-dinosaurier-zieht-eine-kutsche\/","name":"raxxa Canva: Dinosaurier zieht eine Kutsche - raxxa","isPartOf":{"@id":"https:\/\/www.raxxa.com\/#website"},"primaryImageOfPage":{"@id":"https:\/\/www.raxxa.com\/shop\/raxxa-canva-dinosaurier-zieht-eine-kutsche\/#primaryimage"},"image":{"@id":"https:\/\/www.raxxa.com\/shop\/raxxa-canva-dinosaurier-zieht-eine-kutsche\/#primaryimage"},"thumbnailUrl":"https:\/\/www.raxxa.com\/wp-content\/uploads\/2026\/03\/raxxa-Canvas-373-24379-133-Kerstin-Waurick-Dinosaurier-zieht-eine-Kutsche-9-scaled.jpg","datePublished":"2026-03-27T20:55:24+00:00","dateModified":"2026-03-27T20:57:21+00:00","breadcrumb":{"@id":"https:\/\/www.raxxa.com\/shop\/raxxa-canva-dinosaurier-zieht-eine-kutsche\/#breadcrumb"},"inLanguage":"it-IT","potentialAction":[{"@type":"ReadAction","target":["https:\/\/www.raxxa.com\/shop\/raxxa-canva-dinosaurier-zieht-eine-kutsche\/"]}]},{"@type":"ImageObject","inLanguage":"it-IT","@id":"https:\/\/www.raxxa.com\/shop\/raxxa-canva-dinosaurier-zieht-eine-kutsche\/#primaryimage","url":"https:\/\/www.raxxa.com\/wp-content\/uploads\/2026\/03\/raxxa-Canvas-373-24379-133-Kerstin-Waurick-Dinosaurier-zieht-eine-Kutsche-9-scaled.jpg","contentUrl":"https:\/\/www.raxxa.com\/wp-content\/uploads\/2026\/03\/raxxa-Canvas-373-24379-133-Kerstin-Waurick-Dinosaurier-zieht-eine-Kutsche-9-scaled.jpg","width":2560,"height":2276},{"@type":"BreadcrumbList","@id":"https:\/\/www.raxxa.com\/shop\/raxxa-canva-dinosaurier-zieht-eine-kutsche\/#breadcrumb","itemListElement":[{"@type":"ListItem","position":1,"name":"Startseite","item":"https:\/\/www.raxxa.com\/"},{"@type":"ListItem","position":2,"name":"Shop","item":"https:\/\/www.raxxa.com\/it\/shop\/"},{"@type":"ListItem","position":3,"name":"raxxa Canva: Dinosaurier zieht eine Kutsche"}]},{"@type":"WebSite","@id":"https:\/\/www.raxxa.com\/#website","url":"https:\/\/www.raxxa.com\/","name":"raxxa","description":"Prodotti unici e personalizzati dei nostri designer","publisher":{"@id":"https:\/\/www.raxxa.com\/#organization"},"potentialAction":[{"@type":"SearchAction","target":{"@type":"EntryPoint","urlTemplate":"https:\/\/www.raxxa.com\/?s={search_term_string}"},"query-input":{"@type":"PropertyValueSpecification","valueRequired":true,"valueName":"search_term_string"}}],"inLanguage":"it-IT"},{"@type":"Organization","@id":"https:\/\/www.raxxa.com\/#organization","name":"raxxa","url":"https:\/\/www.raxxa.com\/","logo":{"@type":"ImageObject","inLanguage":"it-IT","@id":"https:\/\/www.raxxa.com\/#\/schema\/logo\/image\/","url":"https:\/\/www.raxxa.com\/wp-content\/uploads\/2022\/07\/logo_v2.png","contentUrl":"https:\/\/www.raxxa.com\/wp-content\/uploads\/2022\/07\/logo_v2.png","width":380,"height":382,"caption":"raxxa"},"image":{"@id":"https:\/\/www.raxxa.com\/#\/schema\/logo\/image\/"},"sameAs":["https:\/\/facebook.com\/raxxacom"]}]},"og_availability":"instock","product_availability":"instock","product_retailer_item_id":"1-133-24379-373","product_condition":"new"},"jetpack_sharing_enabled":true,"_links":{"self":[{"href":"https:\/\/www.raxxa.com\/it\/wp-json\/wp\/v2\/product\/305160","targetHints":{"allow":["GET"]}}],"collection":[{"href":"https:\/\/www.raxxa.com\/it\/wp-json\/wp\/v2\/product"}],"about":[{"href":"https:\/\/www.raxxa.com\/it\/wp-json\/wp\/v2\/types\/product"}],"replies":[{"embeddable":true,"href":"https:\/\/www.raxxa.com\/it\/wp-json\/wp\/v2\/comments?post=305160"}],"wp:featuredmedia":[{"embeddable":true,"href":"https:\/\/www.raxxa.com\/it\/wp-json\/wp\/v2\/media\/305161"}],"wp:attachment":[{"href":"https:\/\/www.raxxa.com\/it\/wp-json\/wp\/v2\/media?parent=305160"}],"wp:term":[{"taxonomy":"product_brand","embeddable":true,"href":"https:\/\/www.raxxa.com\/it\/wp-json\/wp\/v2\/product_brand?post=305160"},{"taxonomy":"product_cat","embeddable":true,"href":"https:\/\/www.raxxa.com\/it\/wp-json\/wp\/v2\/product_cat?post=305160"},{"taxonomy":"product_tag","embeddable":true,"href":"https:\/\/www.raxxa.com\/it\/wp-json\/wp\/v2\/product_tag?post=305160"}],"curies":[{"name":"wp","href":"https:\/\/api.w.org\/{rel}","templated":true}]}}