{"id":304913,"date":"2026-03-27T20:58:23","date_gmt":"2026-03-27T18:58:23","guid":{"rendered":"https:\/\/www.raxxa.com\/shop\/poster-raumschiff-auf-einem-fremden-planeten\/"},"modified":"2026-03-27T20:59:55","modified_gmt":"2026-03-27T18:59:55","slug":"poster-raumschiff-auf-einem-fremden-planeten","status":"publish","type":"product","link":"https:\/\/www.raxxa.com\/it\/shop\/poster-raumschiff-auf-einem-fremden-planeten\/","title":{"rendered":"Poster: Raumschiff auf einem fremden Planeten"},"content":{"rendered":"<h3><strong>&quot;Raumschiff auf einem fremden Planeten&quot; by Kerstin Waurick<\/strong><\/h3>\n<p><strong><\/strong><\/p>\n<p>Dieses KI-generierte Bild zeigt eine faszinierende Science-Fiction-Landschaft auf einem fremden Planeten. Im Vordergrund zeichnen bizarre Landschaften mit Felsen und au\u00dferirdischen Formationen den Boden, w\u00e4hrend am Himmel Planeten, Galaxien, Raumschiffe oder Sterne ein episches Panorama bilden. Dazwischen f\u00fcgen sich hypermoderne Stationen nahtlos in die Szene ein und verbinden futuristisches Design mit der fremden Umgebung. So entsteht eine immersive, lebendige Bildwelt voller Technologie, Abenteuer und kosmischer \u00c4sthetik.<\/p>\n<p>&nbsp;<\/p>\n<ul><li>Poster di qualit\u00e0 museale su carta d'archivio opaca (non patinata) di lunga durata.<\/li><li>Peso della carta: 250 g \/ m\u00b2.<\/li><li>Spedito in un imballaggio robusto per proteggere il poster.<\/li><li>Su richiesta, questo prodotto pu\u00f2 essere realizzato appositamente per voi nelle dimensioni e nel design desiderati.<\/li><\/ul>","protected":false},"excerpt":{"rendered":"<p>&quot;Raumschiff auf einem fremden Planeten&quot; by Kerstin Waurick Dieses KI-generierte Bild zeigt eine faszinierende Science-Fiction-Landschaft auf einem fremden Planeten. Im Vordergrund zeichnen bizarre Landschaften mit Felsen und au\u00dferirdischen Formationen den Boden, w\u00e4hrend am Himmel Planeten, Galaxien, Raumschiffe oder Sterne ein episches Panorama bilden. Dazwischen f\u00fcgen sich hypermoderne Stationen nahtlos in die Szene ein und verbinden [&hellip;]<\/p>\n","protected":false},"featured_media":304914,"comment_status":"open","ping_status":"closed","template":"","meta":[],"product_brand":[],"product_cat":[11600,10378,13429],"product_tag":[],"class_list":{"0":"post-304913","1":"product","2":"type-product","3":"status-publish","4":"has-post-thumbnail","6":"product_cat-fantasy-mythologie","7":"product_cat-poster","8":"product_cat-kerstin-waurick","9":"product_shipping_class-versand-t-shirts1","11":"first","12":"instock","13":"taxable","14":"shipping-taxable","15":"purchasable","16":"product-type-variable"},"yoast_head":"<!-- This site is optimized with the Yoast SEO Premium plugin v27.2 (Yoast SEO v27.3) - https:\/\/yoast.com\/product\/yoast-seo-premium-wordpress\/ -->\n<title>Poster: Raumschiff auf einem fremden Planeten - raxxa<\/title>\n<meta name=\"robots\" content=\"index, follow, max-snippet:-1, max-image-preview:large, max-video-preview:-1\" \/>\n<link rel=\"canonical\" href=\"https:\/\/www.raxxa.com\/it\/shop\/poster-raumschiff-auf-einem-fremden-planeten\/\" \/>\n<meta property=\"og:locale\" content=\"it_IT\" \/>\n<meta property=\"og:type\" content=\"article\" \/>\n<meta property=\"og:title\" content=\"Poster: Raumschiff auf einem fremden Planeten\" \/>\n<meta property=\"og:description\" content=\"&quot;Raumschiff auf einem fremden Planeten&quot; by Kerstin Waurick Dieses KI-generierte Bild zeigt eine faszinierende Science-Fiction-Landschaft auf einem fremden Planeten. Im Vordergrund zeichnen bizarre Landschaften mit Felsen und au\u00dferirdischen Formationen den Boden, w\u00e4hrend am Himmel Planeten, Galaxien, Raumschiffe oder Sterne ein episches Panorama bilden. Dazwischen f\u00fcgen sich hypermoderne Stationen nahtlos in die Szene ein und verbinden [&hellip;]\" \/>\n<meta property=\"og:url\" content=\"https:\/\/www.raxxa.com\/it\/shop\/poster-raumschiff-auf-einem-fremden-planeten\/\" \/>\n<meta property=\"og:site_name\" content=\"raxxa\" \/>\n<meta property=\"article:publisher\" content=\"https:\/\/facebook.com\/raxxacom\" \/>\n<meta property=\"article:modified_time\" content=\"2026-03-27T18:59:55+00:00\" \/>\n<meta name=\"twitter:card\" content=\"summary_large_image\" \/>\n<meta name=\"twitter:label1\" content=\"Disponibilit\u00e0\" \/>\n\t<meta name=\"twitter:data1\" content=\"In stock\" \/>\n<script type=\"application\/ld+json\" class=\"yoast-schema-graph\">{\"@context\":\"https:\\\/\\\/schema.org\",\"@graph\":[{\"@type\":[\"WebPage\",\"ItemPage\"],\"@id\":\"https:\\\/\\\/www.raxxa.com\\\/shop\\\/poster-raumschiff-auf-einem-fremden-planeten\\\/\",\"url\":\"https:\\\/\\\/www.raxxa.com\\\/shop\\\/poster-raumschiff-auf-einem-fremden-planeten\\\/\",\"name\":\"Poster: Raumschiff auf einem fremden Planeten - raxxa\",\"isPartOf\":{\"@id\":\"https:\\\/\\\/www.raxxa.com\\\/#website\"},\"primaryImageOfPage\":{\"@id\":\"https:\\\/\\\/www.raxxa.com\\\/shop\\\/poster-raumschiff-auf-einem-fremden-planeten\\\/#primaryimage\"},\"image\":{\"@id\":\"https:\\\/\\\/www.raxxa.com\\\/shop\\\/poster-raumschiff-auf-einem-fremden-planeten\\\/#primaryimage\"},\"thumbnailUrl\":\"https:\\\/\\\/www.raxxa.com\\\/wp-content\\\/uploads\\\/2026\\\/03\\\/raxxa-Wallart-373-24595-84-Kerstin-Waurick-Raumschiff-auf-einem-fremden-Planeten-22.jpg\",\"datePublished\":\"2026-03-27T18:58:23+00:00\",\"dateModified\":\"2026-03-27T18:59:55+00:00\",\"breadcrumb\":{\"@id\":\"https:\\\/\\\/www.raxxa.com\\\/shop\\\/poster-raumschiff-auf-einem-fremden-planeten\\\/#breadcrumb\"},\"inLanguage\":\"it-IT\",\"potentialAction\":[{\"@type\":\"ReadAction\",\"target\":[\"https:\\\/\\\/www.raxxa.com\\\/shop\\\/poster-raumschiff-auf-einem-fremden-planeten\\\/\"]}]},{\"@type\":\"ImageObject\",\"inLanguage\":\"it-IT\",\"@id\":\"https:\\\/\\\/www.raxxa.com\\\/shop\\\/poster-raumschiff-auf-einem-fremden-planeten\\\/#primaryimage\",\"url\":\"https:\\\/\\\/www.raxxa.com\\\/wp-content\\\/uploads\\\/2026\\\/03\\\/raxxa-Wallart-373-24595-84-Kerstin-Waurick-Raumschiff-auf-einem-fremden-Planeten-22.jpg\",\"contentUrl\":\"https:\\\/\\\/www.raxxa.com\\\/wp-content\\\/uploads\\\/2026\\\/03\\\/raxxa-Wallart-373-24595-84-Kerstin-Waurick-Raumschiff-auf-einem-fremden-Planeten-22.jpg\",\"width\":1024,\"height\":1024},{\"@type\":\"BreadcrumbList\",\"@id\":\"https:\\\/\\\/www.raxxa.com\\\/shop\\\/poster-raumschiff-auf-einem-fremden-planeten\\\/#breadcrumb\",\"itemListElement\":[{\"@type\":\"ListItem\",\"position\":1,\"name\":\"Startseite\",\"item\":\"https:\\\/\\\/www.raxxa.com\\\/\"},{\"@type\":\"ListItem\",\"position\":2,\"name\":\"Shop\",\"item\":\"https:\\\/\\\/www.raxxa.com\\\/it\\\/shop\\\/\"},{\"@type\":\"ListItem\",\"position\":3,\"name\":\"Poster: Raumschiff auf einem fremden Planeten\"}]},{\"@type\":\"WebSite\",\"@id\":\"https:\\\/\\\/www.raxxa.com\\\/#website\",\"url\":\"https:\\\/\\\/www.raxxa.com\\\/\",\"name\":\"raxxa\",\"description\":\"Einzigartige individuelle Produkte von unseren Designern\",\"publisher\":{\"@id\":\"https:\\\/\\\/www.raxxa.com\\\/#organization\"},\"potentialAction\":[{\"@type\":\"SearchAction\",\"target\":{\"@type\":\"EntryPoint\",\"urlTemplate\":\"https:\\\/\\\/www.raxxa.com\\\/?s={search_term_string}\"},\"query-input\":{\"@type\":\"PropertyValueSpecification\",\"valueRequired\":true,\"valueName\":\"search_term_string\"}}],\"inLanguage\":\"it-IT\"},{\"@type\":\"Organization\",\"@id\":\"https:\\\/\\\/www.raxxa.com\\\/#organization\",\"name\":\"raxxa\",\"url\":\"https:\\\/\\\/www.raxxa.com\\\/\",\"logo\":{\"@type\":\"ImageObject\",\"inLanguage\":\"it-IT\",\"@id\":\"https:\\\/\\\/www.raxxa.com\\\/#\\\/schema\\\/logo\\\/image\\\/\",\"url\":\"https:\\\/\\\/www.raxxa.com\\\/wp-content\\\/uploads\\\/2022\\\/07\\\/logo_v2.png\",\"contentUrl\":\"https:\\\/\\\/www.raxxa.com\\\/wp-content\\\/uploads\\\/2022\\\/07\\\/logo_v2.png\",\"width\":380,\"height\":382,\"caption\":\"raxxa\"},\"image\":{\"@id\":\"https:\\\/\\\/www.raxxa.com\\\/#\\\/schema\\\/logo\\\/image\\\/\"},\"sameAs\":[\"https:\\\/\\\/facebook.com\\\/raxxacom\"]}]}<\/script>\n<meta property=\"og:availability\" content=\"instock\" \/>\n<meta property=\"product:availability\" content=\"instock\" \/>\n<meta property=\"product:retailer_item_id\" content=\"1-84-24595-373\" \/>\n<meta property=\"product:condition\" content=\"new\" \/>\n<!-- \/ Yoast SEO Premium plugin. -->","yoast_head_json":{"title":"Poster: Raumschiff auf einem fremden Planeten - raxxa","robots":{"index":"index","follow":"follow","max-snippet":"max-snippet:-1","max-image-preview":"max-image-preview:large","max-video-preview":"max-video-preview:-1"},"canonical":"https:\/\/www.raxxa.com\/it\/shop\/poster-raumschiff-auf-einem-fremden-planeten\/","og_locale":"it_IT","og_type":"article","og_title":"Poster: Raumschiff auf einem fremden Planeten","og_description":"&quot;Raumschiff auf einem fremden Planeten&quot; by Kerstin Waurick Dieses KI-generierte Bild zeigt eine faszinierende Science-Fiction-Landschaft auf einem fremden Planeten. Im Vordergrund zeichnen bizarre Landschaften mit Felsen und au\u00dferirdischen Formationen den Boden, w\u00e4hrend am Himmel Planeten, Galaxien, Raumschiffe oder Sterne ein episches Panorama bilden. Dazwischen f\u00fcgen sich hypermoderne Stationen nahtlos in die Szene ein und verbinden [&hellip;]","og_url":"https:\/\/www.raxxa.com\/it\/shop\/poster-raumschiff-auf-einem-fremden-planeten\/","og_site_name":"raxxa","article_publisher":"https:\/\/facebook.com\/raxxacom","article_modified_time":"2026-03-27T18:59:55+00:00","twitter_card":"summary_large_image","twitter_misc":{"Disponibilit\u00e0":"In stock"},"schema":{"@context":"https:\/\/schema.org","@graph":[{"@type":["WebPage","ItemPage"],"@id":"https:\/\/www.raxxa.com\/shop\/poster-raumschiff-auf-einem-fremden-planeten\/","url":"https:\/\/www.raxxa.com\/shop\/poster-raumschiff-auf-einem-fremden-planeten\/","name":"Poster: Raumschiff auf einem fremden Planeten - raxxa","isPartOf":{"@id":"https:\/\/www.raxxa.com\/#website"},"primaryImageOfPage":{"@id":"https:\/\/www.raxxa.com\/shop\/poster-raumschiff-auf-einem-fremden-planeten\/#primaryimage"},"image":{"@id":"https:\/\/www.raxxa.com\/shop\/poster-raumschiff-auf-einem-fremden-planeten\/#primaryimage"},"thumbnailUrl":"https:\/\/www.raxxa.com\/wp-content\/uploads\/2026\/03\/raxxa-Wallart-373-24595-84-Kerstin-Waurick-Raumschiff-auf-einem-fremden-Planeten-22.jpg","datePublished":"2026-03-27T18:58:23+00:00","dateModified":"2026-03-27T18:59:55+00:00","breadcrumb":{"@id":"https:\/\/www.raxxa.com\/shop\/poster-raumschiff-auf-einem-fremden-planeten\/#breadcrumb"},"inLanguage":"it-IT","potentialAction":[{"@type":"ReadAction","target":["https:\/\/www.raxxa.com\/shop\/poster-raumschiff-auf-einem-fremden-planeten\/"]}]},{"@type":"ImageObject","inLanguage":"it-IT","@id":"https:\/\/www.raxxa.com\/shop\/poster-raumschiff-auf-einem-fremden-planeten\/#primaryimage","url":"https:\/\/www.raxxa.com\/wp-content\/uploads\/2026\/03\/raxxa-Wallart-373-24595-84-Kerstin-Waurick-Raumschiff-auf-einem-fremden-Planeten-22.jpg","contentUrl":"https:\/\/www.raxxa.com\/wp-content\/uploads\/2026\/03\/raxxa-Wallart-373-24595-84-Kerstin-Waurick-Raumschiff-auf-einem-fremden-Planeten-22.jpg","width":1024,"height":1024},{"@type":"BreadcrumbList","@id":"https:\/\/www.raxxa.com\/shop\/poster-raumschiff-auf-einem-fremden-planeten\/#breadcrumb","itemListElement":[{"@type":"ListItem","position":1,"name":"Startseite","item":"https:\/\/www.raxxa.com\/"},{"@type":"ListItem","position":2,"name":"Shop","item":"https:\/\/www.raxxa.com\/it\/shop\/"},{"@type":"ListItem","position":3,"name":"Poster: Raumschiff auf einem fremden Planeten"}]},{"@type":"WebSite","@id":"https:\/\/www.raxxa.com\/#website","url":"https:\/\/www.raxxa.com\/","name":"raxxa","description":"Prodotti unici e personalizzati dei nostri designer","publisher":{"@id":"https:\/\/www.raxxa.com\/#organization"},"potentialAction":[{"@type":"SearchAction","target":{"@type":"EntryPoint","urlTemplate":"https:\/\/www.raxxa.com\/?s={search_term_string}"},"query-input":{"@type":"PropertyValueSpecification","valueRequired":true,"valueName":"search_term_string"}}],"inLanguage":"it-IT"},{"@type":"Organization","@id":"https:\/\/www.raxxa.com\/#organization","name":"raxxa","url":"https:\/\/www.raxxa.com\/","logo":{"@type":"ImageObject","inLanguage":"it-IT","@id":"https:\/\/www.raxxa.com\/#\/schema\/logo\/image\/","url":"https:\/\/www.raxxa.com\/wp-content\/uploads\/2022\/07\/logo_v2.png","contentUrl":"https:\/\/www.raxxa.com\/wp-content\/uploads\/2022\/07\/logo_v2.png","width":380,"height":382,"caption":"raxxa"},"image":{"@id":"https:\/\/www.raxxa.com\/#\/schema\/logo\/image\/"},"sameAs":["https:\/\/facebook.com\/raxxacom"]}]},"og_availability":"instock","product_availability":"instock","product_retailer_item_id":"1-84-24595-373","product_condition":"new"},"jetpack_sharing_enabled":true,"_links":{"self":[{"href":"https:\/\/www.raxxa.com\/it\/wp-json\/wp\/v2\/product\/304913","targetHints":{"allow":["GET"]}}],"collection":[{"href":"https:\/\/www.raxxa.com\/it\/wp-json\/wp\/v2\/product"}],"about":[{"href":"https:\/\/www.raxxa.com\/it\/wp-json\/wp\/v2\/types\/product"}],"replies":[{"embeddable":true,"href":"https:\/\/www.raxxa.com\/it\/wp-json\/wp\/v2\/comments?post=304913"}],"wp:featuredmedia":[{"embeddable":true,"href":"https:\/\/www.raxxa.com\/it\/wp-json\/wp\/v2\/media\/304914"}],"wp:attachment":[{"href":"https:\/\/www.raxxa.com\/it\/wp-json\/wp\/v2\/media?parent=304913"}],"wp:term":[{"taxonomy":"product_brand","embeddable":true,"href":"https:\/\/www.raxxa.com\/it\/wp-json\/wp\/v2\/product_brand?post=304913"},{"taxonomy":"product_cat","embeddable":true,"href":"https:\/\/www.raxxa.com\/it\/wp-json\/wp\/v2\/product_cat?post=304913"},{"taxonomy":"product_tag","embeddable":true,"href":"https:\/\/www.raxxa.com\/it\/wp-json\/wp\/v2\/product_tag?post=304913"}],"curies":[{"name":"wp","href":"https:\/\/api.w.org\/{rel}","templated":true}]}}