{"id":302162,"date":"2026-03-21T14:49:25","date_gmt":"2026-03-21T12:49:25","guid":{"rendered":"https:\/\/www.raxxa.com\/shop\/raxxa-premium-tischset-blauracke-europaeischer-vogel\/"},"modified":"2026-03-21T14:51:22","modified_gmt":"2026-03-21T12:51:22","slug":"raxxa-premium-tischset-blauracke-europaeischer-vogel","status":"publish","type":"product","link":"https:\/\/www.raxxa.com\/it\/shop\/raxxa-premium-tischset-blauracke-europaeischer-vogel\/","title":{"rendered":"raxxa Premium-Tischset: Blauracke &#8211; europ\u00e4ischer Vogel"},"content":{"rendered":"<h3><strong>&quot;Blauracke &#8211; europ\u00e4ischer Vogel&quot; by Kerstin Waurick<\/strong><\/h3>\n<p><strong><\/strong><\/p>\n<p>Dieses stimmungsvolle Bild zeigt eine Blauracke  einen selten zu sehenden Vogel aus der europ\u00e4ischen Tierwelt, in einer ruhigen Naturlandschaft. Das Motiv wurde mithilfe moderner KI gestaltet und verbindet den Gem\u00e4ldestil mit vielen Details mit einer atmosph\u00e4rischen Bildkomposition. Licht, Umgebung und Haltung des Vogels verleihen der Szene eine besondere Authentizit\u00e4t. Eine vielseitige Darstellung europ\u00e4ischer Vogelwelt, geeignet f\u00fcr zahlreiche kreative Projekte.<\/p>\n<p>&nbsp;<\/p>\nRavvivate la vostra sala da pranzo con le tovagliette in vinile colorate dei nostri artisti! Queste tovagliette stampate su un solo lato sono realizzate in materiale resistente e sono perfette per aggiungere un tocco di colore alla vostra tavola. Misurano 40 x 30 cm e sono della misura giusta per qualsiasi stoviglia. Abbelliscono i vostri pasti con stile e praticit\u00e0!<br><br>Note sul materiale:<br><ul><li>40 x 30 cm.<\/li><li>spessore di circa 1,6 mm.<\/li><li>Vinile.<\/li><li>Pulire con un panno umido, non adatto alla lavastoviglie.<\/li><li>Prodotto in Germania.<\/li><\/ul>","protected":false},"excerpt":{"rendered":"<p>&quot;Blauracke &#8211; europ\u00e4ischer Vogel&quot; by Kerstin Waurick Dieses stimmungsvolle Bild zeigt eine Blauracke einen selten zu sehenden Vogel aus der europ\u00e4ischen Tierwelt, in einer ruhigen Naturlandschaft. Das Motiv wurde mithilfe moderner KI gestaltet und verbindet den Gem\u00e4ldestil mit vielen Details mit einer atmosph\u00e4rischen Bildkomposition. Licht, Umgebung und Haltung des Vogels verleihen der Szene eine besondere [&hellip;]<\/p>\n","protected":false},"featured_media":302163,"comment_status":"open","ping_status":"closed","template":"","meta":[],"product_brand":[],"product_cat":[133,11051,13429],"product_tag":[],"class_list":{"0":"post-302162","1":"product","2":"type-product","3":"status-publish","4":"has-post-thumbnail","6":"product_cat-tiere","7":"product_cat-tischset","8":"product_cat-kerstin-waurick","9":"product_shipping_class-versand-tischset","11":"first","12":"instock","13":"taxable","14":"shipping-taxable","15":"purchasable","16":"product-type-variable"},"yoast_head":"<!-- This site is optimized with the Yoast SEO Premium plugin v27.5 (Yoast SEO v27.6) - https:\/\/yoast.com\/product\/yoast-seo-premium-wordpress\/ -->\n<title>raxxa Premium-Tischset: Blauracke - europ\u00e4ischer Vogel - raxxa<\/title>\n<meta name=\"robots\" content=\"index, follow, max-snippet:-1, max-image-preview:large, max-video-preview:-1\" \/>\n<link rel=\"canonical\" href=\"https:\/\/www.raxxa.com\/it\/shop\/raxxa-premium-tischset-blauracke-europaeischer-vogel\/\" \/>\n<meta property=\"og:locale\" content=\"it_IT\" \/>\n<meta property=\"og:type\" content=\"article\" \/>\n<meta property=\"og:title\" content=\"raxxa Premium-Tischset: Blauracke - europ\u00e4ischer Vogel\" \/>\n<meta property=\"og:description\" content=\"&quot;Blauracke &#8211; europ\u00e4ischer Vogel&quot; by Kerstin Waurick Dieses stimmungsvolle Bild zeigt eine Blauracke einen selten zu sehenden Vogel aus der europ\u00e4ischen Tierwelt, in einer ruhigen Naturlandschaft. Das Motiv wurde mithilfe moderner KI gestaltet und verbindet den Gem\u00e4ldestil mit vielen Details mit einer atmosph\u00e4rischen Bildkomposition. Licht, Umgebung und Haltung des Vogels verleihen der Szene eine besondere [&hellip;]\" \/>\n<meta property=\"og:url\" content=\"https:\/\/www.raxxa.com\/it\/shop\/raxxa-premium-tischset-blauracke-europaeischer-vogel\/\" \/>\n<meta property=\"og:site_name\" content=\"raxxa\" \/>\n<meta property=\"article:publisher\" content=\"https:\/\/facebook.com\/raxxacom\" \/>\n<meta property=\"article:modified_time\" content=\"2026-03-21T12:51:22+00:00\" \/>\n<meta name=\"twitter:card\" content=\"summary_large_image\" \/>\n<meta name=\"twitter:label1\" content=\"Disponibilit\u00e0\" \/>\n\t<meta name=\"twitter:data1\" content=\"In stock\" \/>\n<script type=\"application\/ld+json\" class=\"yoast-schema-graph\">{\"@context\":\"https:\\\/\\\/schema.org\",\"@graph\":[{\"@type\":[\"WebPage\",\"ItemPage\"],\"@id\":\"https:\\\/\\\/www.raxxa.com\\\/shop\\\/raxxa-premium-tischset-blauracke-europaeischer-vogel\\\/\",\"url\":\"https:\\\/\\\/www.raxxa.com\\\/shop\\\/raxxa-premium-tischset-blauracke-europaeischer-vogel\\\/\",\"name\":\"raxxa Premium-Tischset: Blauracke - europ\u00e4ischer Vogel - raxxa\",\"isPartOf\":{\"@id\":\"https:\\\/\\\/www.raxxa.com\\\/#website\"},\"primaryImageOfPage\":{\"@id\":\"https:\\\/\\\/www.raxxa.com\\\/shop\\\/raxxa-premium-tischset-blauracke-europaeischer-vogel\\\/#primaryimage\"},\"image\":{\"@id\":\"https:\\\/\\\/www.raxxa.com\\\/shop\\\/raxxa-premium-tischset-blauracke-europaeischer-vogel\\\/#primaryimage\"},\"thumbnailUrl\":\"https:\\\/\\\/www.raxxa.com\\\/wp-content\\\/uploads\\\/2026\\\/03\\\/raxxa-Tischset-373-23920-6-Kerstin-Waurick-Blauracke-europaischer-Vogel-8.jpg\",\"datePublished\":\"2026-03-21T12:49:25+00:00\",\"dateModified\":\"2026-03-21T12:51:22+00:00\",\"breadcrumb\":{\"@id\":\"https:\\\/\\\/www.raxxa.com\\\/shop\\\/raxxa-premium-tischset-blauracke-europaeischer-vogel\\\/#breadcrumb\"},\"inLanguage\":\"it-IT\",\"potentialAction\":[{\"@type\":\"ReadAction\",\"target\":[\"https:\\\/\\\/www.raxxa.com\\\/shop\\\/raxxa-premium-tischset-blauracke-europaeischer-vogel\\\/\"]}]},{\"@type\":\"ImageObject\",\"inLanguage\":\"it-IT\",\"@id\":\"https:\\\/\\\/www.raxxa.com\\\/shop\\\/raxxa-premium-tischset-blauracke-europaeischer-vogel\\\/#primaryimage\",\"url\":\"https:\\\/\\\/www.raxxa.com\\\/wp-content\\\/uploads\\\/2026\\\/03\\\/raxxa-Tischset-373-23920-6-Kerstin-Waurick-Blauracke-europaischer-Vogel-8.jpg\",\"contentUrl\":\"https:\\\/\\\/www.raxxa.com\\\/wp-content\\\/uploads\\\/2026\\\/03\\\/raxxa-Tischset-373-23920-6-Kerstin-Waurick-Blauracke-europaischer-Vogel-8.jpg\",\"width\":1024,\"height\":1024},{\"@type\":\"BreadcrumbList\",\"@id\":\"https:\\\/\\\/www.raxxa.com\\\/shop\\\/raxxa-premium-tischset-blauracke-europaeischer-vogel\\\/#breadcrumb\",\"itemListElement\":[{\"@type\":\"ListItem\",\"position\":1,\"name\":\"Startseite\",\"item\":\"https:\\\/\\\/www.raxxa.com\\\/\"},{\"@type\":\"ListItem\",\"position\":2,\"name\":\"Shop\",\"item\":\"https:\\\/\\\/www.raxxa.com\\\/it\\\/shop\\\/\"},{\"@type\":\"ListItem\",\"position\":3,\"name\":\"raxxa Premium-Tischset: Blauracke &#8211; europ\u00e4ischer Vogel\"}]},{\"@type\":\"WebSite\",\"@id\":\"https:\\\/\\\/www.raxxa.com\\\/#website\",\"url\":\"https:\\\/\\\/www.raxxa.com\\\/\",\"name\":\"raxxa\",\"description\":\"Einzigartige individuelle Produkte von unseren Designern\",\"publisher\":{\"@id\":\"https:\\\/\\\/www.raxxa.com\\\/#organization\"},\"potentialAction\":[{\"@type\":\"SearchAction\",\"target\":{\"@type\":\"EntryPoint\",\"urlTemplate\":\"https:\\\/\\\/www.raxxa.com\\\/?s={search_term_string}\"},\"query-input\":{\"@type\":\"PropertyValueSpecification\",\"valueRequired\":true,\"valueName\":\"search_term_string\"}}],\"inLanguage\":\"it-IT\"},{\"@type\":\"Organization\",\"@id\":\"https:\\\/\\\/www.raxxa.com\\\/#organization\",\"name\":\"raxxa\",\"url\":\"https:\\\/\\\/www.raxxa.com\\\/\",\"logo\":{\"@type\":\"ImageObject\",\"inLanguage\":\"it-IT\",\"@id\":\"https:\\\/\\\/www.raxxa.com\\\/#\\\/schema\\\/logo\\\/image\\\/\",\"url\":\"https:\\\/\\\/www.raxxa.com\\\/wp-content\\\/uploads\\\/2022\\\/07\\\/logo_v2.png\",\"contentUrl\":\"https:\\\/\\\/www.raxxa.com\\\/wp-content\\\/uploads\\\/2022\\\/07\\\/logo_v2.png\",\"width\":380,\"height\":382,\"caption\":\"raxxa\"},\"image\":{\"@id\":\"https:\\\/\\\/www.raxxa.com\\\/#\\\/schema\\\/logo\\\/image\\\/\"},\"sameAs\":[\"https:\\\/\\\/facebook.com\\\/raxxacom\"]}]}<\/script>\n<meta property=\"og:availability\" content=\"instock\" \/>\n<meta property=\"product:availability\" content=\"instock\" \/>\n<meta property=\"product:retailer_item_id\" content=\"1-6-23920-373\" \/>\n<meta property=\"product:condition\" content=\"new\" \/>\n<!-- \/ Yoast SEO Premium plugin. -->","yoast_head_json":{"title":"raxxa Premium-Tischset: Blauracke - europ\u00e4ischer Vogel - raxxa","robots":{"index":"index","follow":"follow","max-snippet":"max-snippet:-1","max-image-preview":"max-image-preview:large","max-video-preview":"max-video-preview:-1"},"canonical":"https:\/\/www.raxxa.com\/it\/shop\/raxxa-premium-tischset-blauracke-europaeischer-vogel\/","og_locale":"it_IT","og_type":"article","og_title":"raxxa Premium-Tischset: Blauracke - europ\u00e4ischer Vogel","og_description":"&quot;Blauracke &#8211; europ\u00e4ischer Vogel&quot; by Kerstin Waurick Dieses stimmungsvolle Bild zeigt eine Blauracke einen selten zu sehenden Vogel aus der europ\u00e4ischen Tierwelt, in einer ruhigen Naturlandschaft. Das Motiv wurde mithilfe moderner KI gestaltet und verbindet den Gem\u00e4ldestil mit vielen Details mit einer atmosph\u00e4rischen Bildkomposition. Licht, Umgebung und Haltung des Vogels verleihen der Szene eine besondere [&hellip;]","og_url":"https:\/\/www.raxxa.com\/it\/shop\/raxxa-premium-tischset-blauracke-europaeischer-vogel\/","og_site_name":"raxxa","article_publisher":"https:\/\/facebook.com\/raxxacom","article_modified_time":"2026-03-21T12:51:22+00:00","twitter_card":"summary_large_image","twitter_misc":{"Disponibilit\u00e0":"In stock"},"schema":{"@context":"https:\/\/schema.org","@graph":[{"@type":["WebPage","ItemPage"],"@id":"https:\/\/www.raxxa.com\/shop\/raxxa-premium-tischset-blauracke-europaeischer-vogel\/","url":"https:\/\/www.raxxa.com\/shop\/raxxa-premium-tischset-blauracke-europaeischer-vogel\/","name":"raxxa Premium-Tischset: Blauracke - europ\u00e4ischer Vogel - raxxa","isPartOf":{"@id":"https:\/\/www.raxxa.com\/#website"},"primaryImageOfPage":{"@id":"https:\/\/www.raxxa.com\/shop\/raxxa-premium-tischset-blauracke-europaeischer-vogel\/#primaryimage"},"image":{"@id":"https:\/\/www.raxxa.com\/shop\/raxxa-premium-tischset-blauracke-europaeischer-vogel\/#primaryimage"},"thumbnailUrl":"https:\/\/www.raxxa.com\/wp-content\/uploads\/2026\/03\/raxxa-Tischset-373-23920-6-Kerstin-Waurick-Blauracke-europaischer-Vogel-8.jpg","datePublished":"2026-03-21T12:49:25+00:00","dateModified":"2026-03-21T12:51:22+00:00","breadcrumb":{"@id":"https:\/\/www.raxxa.com\/shop\/raxxa-premium-tischset-blauracke-europaeischer-vogel\/#breadcrumb"},"inLanguage":"it-IT","potentialAction":[{"@type":"ReadAction","target":["https:\/\/www.raxxa.com\/shop\/raxxa-premium-tischset-blauracke-europaeischer-vogel\/"]}]},{"@type":"ImageObject","inLanguage":"it-IT","@id":"https:\/\/www.raxxa.com\/shop\/raxxa-premium-tischset-blauracke-europaeischer-vogel\/#primaryimage","url":"https:\/\/www.raxxa.com\/wp-content\/uploads\/2026\/03\/raxxa-Tischset-373-23920-6-Kerstin-Waurick-Blauracke-europaischer-Vogel-8.jpg","contentUrl":"https:\/\/www.raxxa.com\/wp-content\/uploads\/2026\/03\/raxxa-Tischset-373-23920-6-Kerstin-Waurick-Blauracke-europaischer-Vogel-8.jpg","width":1024,"height":1024},{"@type":"BreadcrumbList","@id":"https:\/\/www.raxxa.com\/shop\/raxxa-premium-tischset-blauracke-europaeischer-vogel\/#breadcrumb","itemListElement":[{"@type":"ListItem","position":1,"name":"Startseite","item":"https:\/\/www.raxxa.com\/"},{"@type":"ListItem","position":2,"name":"Shop","item":"https:\/\/www.raxxa.com\/it\/shop\/"},{"@type":"ListItem","position":3,"name":"raxxa Premium-Tischset: Blauracke &#8211; europ\u00e4ischer Vogel"}]},{"@type":"WebSite","@id":"https:\/\/www.raxxa.com\/#website","url":"https:\/\/www.raxxa.com\/","name":"raxxa","description":"Prodotti unici e personalizzati dei nostri designer","publisher":{"@id":"https:\/\/www.raxxa.com\/#organization"},"potentialAction":[{"@type":"SearchAction","target":{"@type":"EntryPoint","urlTemplate":"https:\/\/www.raxxa.com\/?s={search_term_string}"},"query-input":{"@type":"PropertyValueSpecification","valueRequired":true,"valueName":"search_term_string"}}],"inLanguage":"it-IT"},{"@type":"Organization","@id":"https:\/\/www.raxxa.com\/#organization","name":"raxxa","url":"https:\/\/www.raxxa.com\/","logo":{"@type":"ImageObject","inLanguage":"it-IT","@id":"https:\/\/www.raxxa.com\/#\/schema\/logo\/image\/","url":"https:\/\/www.raxxa.com\/wp-content\/uploads\/2022\/07\/logo_v2.png","contentUrl":"https:\/\/www.raxxa.com\/wp-content\/uploads\/2022\/07\/logo_v2.png","width":380,"height":382,"caption":"raxxa"},"image":{"@id":"https:\/\/www.raxxa.com\/#\/schema\/logo\/image\/"},"sameAs":["https:\/\/facebook.com\/raxxacom"]}]},"og_availability":"instock","product_availability":"instock","product_retailer_item_id":"1-6-23920-373","product_condition":"new"},"jetpack_sharing_enabled":true,"_links":{"self":[{"href":"https:\/\/www.raxxa.com\/it\/wp-json\/wp\/v2\/product\/302162","targetHints":{"allow":["GET"]}}],"collection":[{"href":"https:\/\/www.raxxa.com\/it\/wp-json\/wp\/v2\/product"}],"about":[{"href":"https:\/\/www.raxxa.com\/it\/wp-json\/wp\/v2\/types\/product"}],"replies":[{"embeddable":true,"href":"https:\/\/www.raxxa.com\/it\/wp-json\/wp\/v2\/comments?post=302162"}],"wp:featuredmedia":[{"embeddable":true,"href":"https:\/\/www.raxxa.com\/it\/wp-json\/wp\/v2\/media\/302163"}],"wp:attachment":[{"href":"https:\/\/www.raxxa.com\/it\/wp-json\/wp\/v2\/media?parent=302162"}],"wp:term":[{"taxonomy":"product_brand","embeddable":true,"href":"https:\/\/www.raxxa.com\/it\/wp-json\/wp\/v2\/product_brand?post=302162"},{"taxonomy":"product_cat","embeddable":true,"href":"https:\/\/www.raxxa.com\/it\/wp-json\/wp\/v2\/product_cat?post=302162"},{"taxonomy":"product_tag","embeddable":true,"href":"https:\/\/www.raxxa.com\/it\/wp-json\/wp\/v2\/product_tag?post=302162"}],"curies":[{"name":"wp","href":"https:\/\/api.w.org\/{rel}","templated":true}]}}