{"id":288774,"date":"2026-03-01T17:18:34","date_gmt":"2026-03-01T15:18:34","guid":{"rendered":"https:\/\/www.raxxa.com\/shop\/raxxa-postkarte-sanfter-ostergruss\/"},"modified":"2026-03-01T17:20:16","modified_gmt":"2026-03-01T15:20:16","slug":"raxxa-postkarte-sanfter-ostergruss","status":"publish","type":"product","link":"https:\/\/www.raxxa.com\/it\/shop\/raxxa-postkarte-sanfter-ostergruss\/","title":{"rendered":"raxxa Postkarte: Sanfter Ostergru\u00df"},"content":{"rendered":"<h3><strong>&quot;Sanfter Ostergru\u00df&quot; by Slothy<\/strong><\/h3>\n<p><strong><\/strong><\/p>\n<p>Ein kleiner, l\u00e4chelnder Hase sitzt in einem Korb, umgeben von pastellfarbenen Ostereiern, Blumen und zarten Schmetterlingen. Die reduzierte Farbwelt und die weichen Formen schaffen eine Atmosph\u00e4re von Leichtigkeit und W\u00e4rme. Das Motiv steht f\u00fcr Freundlichkeit, Neubeginn und die stille Freude eines liebevollen Osterfestes.<\/p>\n<p>&nbsp;<\/p>\n<ul><li>Stampiamo la cartolina desiderata in bianco o con un saluto personalizzato e la inviamo in tutto il mondo a qualsiasi persona o a voi stessi.<\/li><li>Ideale per il postcrossing online o per gli auguri personalizzati a persone care, amici, parenti e conoscenti.<\/li><li>In alternativa, \u00e8 disponibile anche una cartolina con motivo in bianco da ritirare o spedire.<\/li><li>Cartoline DIN A6 (14,8 cm x 10,5 cm).<\/li><\/ul><br><br><b>Come posso creare\/disegnare la mia cartolina personalizzata?<\/b><br><br>1) Inserite semplicemente il testo del vostro messaggio o saluto (massimo 500 caratteri).<br>2) Se si desidera inviare la cartolina per Postcrossing, inserire il PostcrossingID.<br>Altrimenti, lasciare semplicemente questo campo vuoto.<br>3) Inserite negli appositi campi il nome e il cognome, la via e il numero civico, il codice postale, la citt\u00e0 e il Paese del destinatario della cartolina.<br>4) Ora \u00e8 possibile aggiungere la cartolina disegnata al carrello e ordinarla alla cassa.<br><br>A questo punto stampiamo la cartolina personalizzata, la affranchiamo e la inviamo al destinatario indicato.<br><br>Se avete domande, inviateci un messaggio o un'e-mail.<br>","protected":false},"excerpt":{"rendered":"<p>&quot;Sanfter Ostergru\u00df&quot; by Slothy Ein kleiner, l\u00e4chelnder Hase sitzt in einem Korb, umgeben von pastellfarbenen Ostereiern, Blumen und zarten Schmetterlingen. Die reduzierte Farbwelt und die weichen Formen schaffen eine Atmosph\u00e4re von Leichtigkeit und W\u00e4rme. Das Motiv steht f\u00fcr Freundlichkeit, Neubeginn und die stille Freude eines liebevollen Osterfestes. &nbsp;<\/p>","protected":false},"featured_media":288775,"comment_status":"open","ping_status":"closed","template":"","meta":[],"product_brand":[],"product_cat":[11600,11884,10765],"product_tag":[],"class_list":{"0":"post-288774","1":"product","2":"type-product","3":"status-publish","4":"has-post-thumbnail","6":"product_cat-fantasy-mythologie","7":"product_cat-postkarten","8":"product_cat-slothy","10":"first","11":"instock","12":"taxable","13":"shipping-taxable","14":"purchasable","15":"product-type-variable"},"yoast_head":"<!-- This site is optimized with the Yoast SEO Premium plugin v27.5 (Yoast SEO v27.6) - https:\/\/yoast.com\/product\/yoast-seo-premium-wordpress\/ -->\n<title>raxxa Postkarte: Sanfter Ostergru\u00df - raxxa<\/title>\n<meta name=\"robots\" content=\"index, follow, max-snippet:-1, max-image-preview:large, max-video-preview:-1\" \/>\n<link rel=\"canonical\" href=\"https:\/\/www.raxxa.com\/it\/shop\/raxxa-postkarte-sanfter-ostergruss\/\" \/>\n<meta property=\"og:locale\" content=\"it_IT\" \/>\n<meta property=\"og:type\" content=\"article\" \/>\n<meta property=\"og:title\" content=\"raxxa Postkarte: Sanfter Ostergru\u00df\" \/>\n<meta property=\"og:description\" content=\"&quot;Sanfter Ostergru\u00df&quot; by Slothy Ein kleiner, l\u00e4chelnder Hase sitzt in einem Korb, umgeben von pastellfarbenen Ostereiern, Blumen und zarten Schmetterlingen. Die reduzierte Farbwelt und die weichen Formen schaffen eine Atmosph\u00e4re von Leichtigkeit und W\u00e4rme. Das Motiv steht f\u00fcr Freundlichkeit, Neubeginn und die stille Freude eines liebevollen Osterfestes. &nbsp;\" \/>\n<meta property=\"og:url\" content=\"https:\/\/www.raxxa.com\/it\/shop\/raxxa-postkarte-sanfter-ostergruss\/\" \/>\n<meta property=\"og:site_name\" content=\"raxxa\" \/>\n<meta property=\"article:publisher\" content=\"https:\/\/facebook.com\/raxxacom\" \/>\n<meta property=\"article:modified_time\" content=\"2026-03-01T15:20:16+00:00\" \/>\n<meta name=\"twitter:card\" content=\"summary_large_image\" \/>\n<meta name=\"twitter:label1\" content=\"Disponibilit\u00e0\" \/>\n\t<meta name=\"twitter:data1\" content=\"In stock\" \/>\n<script type=\"application\/ld+json\" class=\"yoast-schema-graph\">{\"@context\":\"https:\\\/\\\/schema.org\",\"@graph\":[{\"@type\":[\"WebPage\",\"ItemPage\"],\"@id\":\"https:\\\/\\\/www.raxxa.com\\\/shop\\\/raxxa-postkarte-sanfter-ostergruss\\\/\",\"url\":\"https:\\\/\\\/www.raxxa.com\\\/shop\\\/raxxa-postkarte-sanfter-ostergruss\\\/\",\"name\":\"raxxa Postkarte: Sanfter Ostergru\u00df - raxxa\",\"isPartOf\":{\"@id\":\"https:\\\/\\\/www.raxxa.com\\\/#website\"},\"primaryImageOfPage\":{\"@id\":\"https:\\\/\\\/www.raxxa.com\\\/shop\\\/raxxa-postkarte-sanfter-ostergruss\\\/#primaryimage\"},\"image\":{\"@id\":\"https:\\\/\\\/www.raxxa.com\\\/shop\\\/raxxa-postkarte-sanfter-ostergruss\\\/#primaryimage\"},\"thumbnailUrl\":\"https:\\\/\\\/www.raxxa.com\\\/wp-content\\\/uploads\\\/2026\\\/03\\\/raxxa-268-15611-185-Slothy-Sanfter-OstergruSs-1-scaled.jpg\",\"datePublished\":\"2026-03-01T15:18:34+00:00\",\"dateModified\":\"2026-03-01T15:20:16+00:00\",\"breadcrumb\":{\"@id\":\"https:\\\/\\\/www.raxxa.com\\\/shop\\\/raxxa-postkarte-sanfter-ostergruss\\\/#breadcrumb\"},\"inLanguage\":\"it-IT\",\"potentialAction\":[{\"@type\":\"ReadAction\",\"target\":[\"https:\\\/\\\/www.raxxa.com\\\/shop\\\/raxxa-postkarte-sanfter-ostergruss\\\/\"]}]},{\"@type\":\"ImageObject\",\"inLanguage\":\"it-IT\",\"@id\":\"https:\\\/\\\/www.raxxa.com\\\/shop\\\/raxxa-postkarte-sanfter-ostergruss\\\/#primaryimage\",\"url\":\"https:\\\/\\\/www.raxxa.com\\\/wp-content\\\/uploads\\\/2026\\\/03\\\/raxxa-268-15611-185-Slothy-Sanfter-OstergruSs-1-scaled.jpg\",\"contentUrl\":\"https:\\\/\\\/www.raxxa.com\\\/wp-content\\\/uploads\\\/2026\\\/03\\\/raxxa-268-15611-185-Slothy-Sanfter-OstergruSs-1-scaled.jpg\",\"width\":2560,\"height\":1707},{\"@type\":\"BreadcrumbList\",\"@id\":\"https:\\\/\\\/www.raxxa.com\\\/shop\\\/raxxa-postkarte-sanfter-ostergruss\\\/#breadcrumb\",\"itemListElement\":[{\"@type\":\"ListItem\",\"position\":1,\"name\":\"Startseite\",\"item\":\"https:\\\/\\\/www.raxxa.com\\\/\"},{\"@type\":\"ListItem\",\"position\":2,\"name\":\"Shop\",\"item\":\"https:\\\/\\\/www.raxxa.com\\\/it\\\/shop\\\/\"},{\"@type\":\"ListItem\",\"position\":3,\"name\":\"raxxa Postkarte: Sanfter Ostergru\u00df\"}]},{\"@type\":\"WebSite\",\"@id\":\"https:\\\/\\\/www.raxxa.com\\\/#website\",\"url\":\"https:\\\/\\\/www.raxxa.com\\\/\",\"name\":\"raxxa\",\"description\":\"Einzigartige individuelle Produkte von unseren Designern\",\"publisher\":{\"@id\":\"https:\\\/\\\/www.raxxa.com\\\/#organization\"},\"potentialAction\":[{\"@type\":\"SearchAction\",\"target\":{\"@type\":\"EntryPoint\",\"urlTemplate\":\"https:\\\/\\\/www.raxxa.com\\\/?s={search_term_string}\"},\"query-input\":{\"@type\":\"PropertyValueSpecification\",\"valueRequired\":true,\"valueName\":\"search_term_string\"}}],\"inLanguage\":\"it-IT\"},{\"@type\":\"Organization\",\"@id\":\"https:\\\/\\\/www.raxxa.com\\\/#organization\",\"name\":\"raxxa\",\"url\":\"https:\\\/\\\/www.raxxa.com\\\/\",\"logo\":{\"@type\":\"ImageObject\",\"inLanguage\":\"it-IT\",\"@id\":\"https:\\\/\\\/www.raxxa.com\\\/#\\\/schema\\\/logo\\\/image\\\/\",\"url\":\"https:\\\/\\\/www.raxxa.com\\\/wp-content\\\/uploads\\\/2022\\\/07\\\/logo_v2.png\",\"contentUrl\":\"https:\\\/\\\/www.raxxa.com\\\/wp-content\\\/uploads\\\/2022\\\/07\\\/logo_v2.png\",\"width\":380,\"height\":382,\"caption\":\"raxxa\"},\"image\":{\"@id\":\"https:\\\/\\\/www.raxxa.com\\\/#\\\/schema\\\/logo\\\/image\\\/\"},\"sameAs\":[\"https:\\\/\\\/facebook.com\\\/raxxacom\"]}]}<\/script>\n<meta property=\"og:availability\" content=\"instock\" \/>\n<meta property=\"product:availability\" content=\"instock\" \/>\n<meta property=\"product:retailer_item_id\" content=\"1-185-15611-268\" \/>\n<meta property=\"product:condition\" content=\"new\" \/>\n<!-- \/ Yoast SEO Premium plugin. -->","yoast_head_json":{"title":"raxxa Postkarte: Sanfter Ostergru\u00df - raxxa","robots":{"index":"index","follow":"follow","max-snippet":"max-snippet:-1","max-image-preview":"max-image-preview:large","max-video-preview":"max-video-preview:-1"},"canonical":"https:\/\/www.raxxa.com\/it\/shop\/raxxa-postkarte-sanfter-ostergruss\/","og_locale":"it_IT","og_type":"article","og_title":"raxxa Postkarte: Sanfter Ostergru\u00df","og_description":"&quot;Sanfter Ostergru\u00df&quot; by Slothy Ein kleiner, l\u00e4chelnder Hase sitzt in einem Korb, umgeben von pastellfarbenen Ostereiern, Blumen und zarten Schmetterlingen. Die reduzierte Farbwelt und die weichen Formen schaffen eine Atmosph\u00e4re von Leichtigkeit und W\u00e4rme. Das Motiv steht f\u00fcr Freundlichkeit, Neubeginn und die stille Freude eines liebevollen Osterfestes. &nbsp;","og_url":"https:\/\/www.raxxa.com\/it\/shop\/raxxa-postkarte-sanfter-ostergruss\/","og_site_name":"raxxa","article_publisher":"https:\/\/facebook.com\/raxxacom","article_modified_time":"2026-03-01T15:20:16+00:00","twitter_card":"summary_large_image","twitter_misc":{"Disponibilit\u00e0":"In stock"},"schema":{"@context":"https:\/\/schema.org","@graph":[{"@type":["WebPage","ItemPage"],"@id":"https:\/\/www.raxxa.com\/shop\/raxxa-postkarte-sanfter-ostergruss\/","url":"https:\/\/www.raxxa.com\/shop\/raxxa-postkarte-sanfter-ostergruss\/","name":"raxxa Postkarte: Sanfter Ostergru\u00df - raxxa","isPartOf":{"@id":"https:\/\/www.raxxa.com\/#website"},"primaryImageOfPage":{"@id":"https:\/\/www.raxxa.com\/shop\/raxxa-postkarte-sanfter-ostergruss\/#primaryimage"},"image":{"@id":"https:\/\/www.raxxa.com\/shop\/raxxa-postkarte-sanfter-ostergruss\/#primaryimage"},"thumbnailUrl":"https:\/\/www.raxxa.com\/wp-content\/uploads\/2026\/03\/raxxa-268-15611-185-Slothy-Sanfter-OstergruSs-1-scaled.jpg","datePublished":"2026-03-01T15:18:34+00:00","dateModified":"2026-03-01T15:20:16+00:00","breadcrumb":{"@id":"https:\/\/www.raxxa.com\/shop\/raxxa-postkarte-sanfter-ostergruss\/#breadcrumb"},"inLanguage":"it-IT","potentialAction":[{"@type":"ReadAction","target":["https:\/\/www.raxxa.com\/shop\/raxxa-postkarte-sanfter-ostergruss\/"]}]},{"@type":"ImageObject","inLanguage":"it-IT","@id":"https:\/\/www.raxxa.com\/shop\/raxxa-postkarte-sanfter-ostergruss\/#primaryimage","url":"https:\/\/www.raxxa.com\/wp-content\/uploads\/2026\/03\/raxxa-268-15611-185-Slothy-Sanfter-OstergruSs-1-scaled.jpg","contentUrl":"https:\/\/www.raxxa.com\/wp-content\/uploads\/2026\/03\/raxxa-268-15611-185-Slothy-Sanfter-OstergruSs-1-scaled.jpg","width":2560,"height":1707},{"@type":"BreadcrumbList","@id":"https:\/\/www.raxxa.com\/shop\/raxxa-postkarte-sanfter-ostergruss\/#breadcrumb","itemListElement":[{"@type":"ListItem","position":1,"name":"Startseite","item":"https:\/\/www.raxxa.com\/"},{"@type":"ListItem","position":2,"name":"Shop","item":"https:\/\/www.raxxa.com\/it\/shop\/"},{"@type":"ListItem","position":3,"name":"raxxa Postkarte: Sanfter Ostergru\u00df"}]},{"@type":"WebSite","@id":"https:\/\/www.raxxa.com\/#website","url":"https:\/\/www.raxxa.com\/","name":"raxxa","description":"Prodotti unici e personalizzati dei nostri designer","publisher":{"@id":"https:\/\/www.raxxa.com\/#organization"},"potentialAction":[{"@type":"SearchAction","target":{"@type":"EntryPoint","urlTemplate":"https:\/\/www.raxxa.com\/?s={search_term_string}"},"query-input":{"@type":"PropertyValueSpecification","valueRequired":true,"valueName":"search_term_string"}}],"inLanguage":"it-IT"},{"@type":"Organization","@id":"https:\/\/www.raxxa.com\/#organization","name":"raxxa","url":"https:\/\/www.raxxa.com\/","logo":{"@type":"ImageObject","inLanguage":"it-IT","@id":"https:\/\/www.raxxa.com\/#\/schema\/logo\/image\/","url":"https:\/\/www.raxxa.com\/wp-content\/uploads\/2022\/07\/logo_v2.png","contentUrl":"https:\/\/www.raxxa.com\/wp-content\/uploads\/2022\/07\/logo_v2.png","width":380,"height":382,"caption":"raxxa"},"image":{"@id":"https:\/\/www.raxxa.com\/#\/schema\/logo\/image\/"},"sameAs":["https:\/\/facebook.com\/raxxacom"]}]},"og_availability":"instock","product_availability":"instock","product_retailer_item_id":"1-185-15611-268","product_condition":"new"},"jetpack_sharing_enabled":true,"_links":{"self":[{"href":"https:\/\/www.raxxa.com\/it\/wp-json\/wp\/v2\/product\/288774","targetHints":{"allow":["GET"]}}],"collection":[{"href":"https:\/\/www.raxxa.com\/it\/wp-json\/wp\/v2\/product"}],"about":[{"href":"https:\/\/www.raxxa.com\/it\/wp-json\/wp\/v2\/types\/product"}],"replies":[{"embeddable":true,"href":"https:\/\/www.raxxa.com\/it\/wp-json\/wp\/v2\/comments?post=288774"}],"wp:featuredmedia":[{"embeddable":true,"href":"https:\/\/www.raxxa.com\/it\/wp-json\/wp\/v2\/media\/288775"}],"wp:attachment":[{"href":"https:\/\/www.raxxa.com\/it\/wp-json\/wp\/v2\/media?parent=288774"}],"wp:term":[{"taxonomy":"product_brand","embeddable":true,"href":"https:\/\/www.raxxa.com\/it\/wp-json\/wp\/v2\/product_brand?post=288774"},{"taxonomy":"product_cat","embeddable":true,"href":"https:\/\/www.raxxa.com\/it\/wp-json\/wp\/v2\/product_cat?post=288774"},{"taxonomy":"product_tag","embeddable":true,"href":"https:\/\/www.raxxa.com\/it\/wp-json\/wp\/v2\/product_tag?post=288774"}],"curies":[{"name":"wp","href":"https:\/\/api.w.org\/{rel}","templated":true}]}}