{"id":288402,"date":"2026-03-01T15:31:19","date_gmt":"2026-03-01T13:31:19","guid":{"rendered":"https:\/\/www.raxxa.com\/shop\/raxxa-postkarte-frau-mit-schwarzer-katze-grafisches-portraet-modern-ruhig-elegant-feminin\/"},"modified":"2026-03-01T15:31:54","modified_gmt":"2026-03-01T13:31:54","slug":"raxxa-postkarte-frau-mit-schwarzer-katze-grafisches-portraet-modern-ruhig-elegant-feminin","status":"publish","type":"product","link":"https:\/\/www.raxxa.com\/it\/shop\/raxxa-postkarte-frau-mit-schwarzer-katze-grafisches-portraet-modern-ruhig-elegant-feminin\/","title":{"rendered":"raxxa Postkarte: Frau mit schwarzer Katze grafisches Portr\u00e4t modern ruhig elegant feminin"},"content":{"rendered":"<h3><strong>&quot;Frau mit schwarzer Katze grafisches Portr\u00e4t modern ruhig elegant feminin&quot; by Uta Naumann<\/strong><\/h3>\n<p><strong><\/strong><\/p>\n<p>Diese Illustration zeigt eine Frau mit schwarzer Katze \u2013 reduziert, elegant und voller Charakter. Der sanfte Farbauftrag, warme Beiget\u00f6ne und klare Linien spiegeln skandinavische Schlichtheit und emotionale Tiefe. Ideal f\u00fcr moderne Apartments, Kunstliebhaber und Katzenfreunde, die grafische Illustrationen mit Vintage-Charme sch\u00e4tzen. Zwischen Mode-Illustration, Pop-Minimalismus und moderner Wandkunst entsteht ein harmonisches Statement f\u00fcr zeitlose Interieurs.<\/p>\n<p>&nbsp;<\/p>\n<ul><li>Stampiamo la cartolina desiderata in bianco o con un saluto personalizzato e la inviamo in tutto il mondo a qualsiasi persona o a voi stessi.<\/li><li>Ideale per il postcrossing online o per gli auguri personalizzati a persone care, amici, parenti e conoscenti.<\/li><li>In alternativa, \u00e8 disponibile anche una cartolina con motivo in bianco da ritirare o spedire.<\/li><li>Cartoline DIN A6 (14,8 cm x 10,5 cm).<\/li><\/ul><br><br><b>Come posso creare\/disegnare la mia cartolina personalizzata?<\/b><br><br>1) Inserite semplicemente il testo del vostro messaggio o saluto (massimo 500 caratteri).<br>2) Se si desidera inviare la cartolina per Postcrossing, inserire il PostcrossingID.<br>Altrimenti, lasciare semplicemente questo campo vuoto.<br>3) Inserite negli appositi campi il nome e il cognome, la via e il numero civico, il codice postale, la citt\u00e0 e il Paese del destinatario della cartolina.<br>4) Ora \u00e8 possibile aggiungere la cartolina disegnata al carrello e ordinarla alla cassa.<br><br>A questo punto stampiamo la cartolina personalizzata, la affranchiamo e la inviamo al destinatario indicato.<br><br>Se avete domande, inviateci un messaggio o un'e-mail.<br>","protected":false},"excerpt":{"rendered":"<p>&quot;Frau mit schwarzer Katze grafisches Portr\u00e4t modern ruhig elegant feminin&quot; by Uta Naumann Diese Illustration zeigt eine Frau mit schwarzer Katze \u2013 reduziert, elegant und voller Charakter. Der sanfte Farbauftrag, warme Beiget\u00f6ne und klare Linien spiegeln skandinavische Schlichtheit und emotionale Tiefe. Ideal f\u00fcr moderne Apartments, Kunstliebhaber und Katzenfreunde, die grafische Illustrationen mit Vintage-Charme sch\u00e4tzen. Zwischen [&hellip;]<\/p>\n","protected":false},"featured_media":288403,"comment_status":"open","ping_status":"closed","template":"","meta":[],"product_brand":[],"product_cat":[11218,138,11884],"product_tag":[],"class_list":{"0":"post-288402","1":"product","2":"type-product","3":"status-publish","4":"has-post-thumbnail","6":"product_cat-uta-naumann","7":"product_cat-portrait","8":"product_cat-postkarten","10":"first","11":"instock","12":"taxable","13":"shipping-taxable","14":"purchasable","15":"product-type-variable"},"yoast_head":"<!-- This site is optimized with the Yoast SEO Premium plugin v27.3 (Yoast SEO v27.3) - https:\/\/yoast.com\/product\/yoast-seo-premium-wordpress\/ -->\n<title>raxxa Postkarte: Frau mit schwarzer Katze grafisches Portr\u00e4t modern ruhig elegant feminin - raxxa<\/title>\n<meta name=\"robots\" content=\"index, follow, max-snippet:-1, max-image-preview:large, max-video-preview:-1\" \/>\n<link rel=\"canonical\" href=\"https:\/\/www.raxxa.com\/it\/shop\/raxxa-postkarte-frau-mit-schwarzer-katze-grafisches-portraet-modern-ruhig-elegant-feminin\/\" \/>\n<meta property=\"og:locale\" content=\"it_IT\" \/>\n<meta property=\"og:type\" content=\"article\" \/>\n<meta property=\"og:title\" content=\"raxxa Postkarte: Frau mit schwarzer Katze grafisches Portr\u00e4t modern ruhig elegant feminin\" \/>\n<meta property=\"og:description\" content=\"&quot;Frau mit schwarzer Katze grafisches Portr\u00e4t modern ruhig elegant feminin&quot; by Uta Naumann Diese Illustration zeigt eine Frau mit schwarzer Katze \u2013 reduziert, elegant und voller Charakter. Der sanfte Farbauftrag, warme Beiget\u00f6ne und klare Linien spiegeln skandinavische Schlichtheit und emotionale Tiefe. Ideal f\u00fcr moderne Apartments, Kunstliebhaber und Katzenfreunde, die grafische Illustrationen mit Vintage-Charme sch\u00e4tzen. Zwischen [&hellip;]\" \/>\n<meta property=\"og:url\" content=\"https:\/\/www.raxxa.com\/it\/shop\/raxxa-postkarte-frau-mit-schwarzer-katze-grafisches-portraet-modern-ruhig-elegant-feminin\/\" \/>\n<meta property=\"og:site_name\" content=\"raxxa\" \/>\n<meta property=\"article:publisher\" content=\"https:\/\/facebook.com\/raxxacom\" \/>\n<meta property=\"article:modified_time\" content=\"2026-03-01T13:31:54+00:00\" \/>\n<meta name=\"twitter:card\" content=\"summary_large_image\" \/>\n<meta name=\"twitter:label1\" content=\"Disponibilit\u00e0\" \/>\n\t<meta name=\"twitter:data1\" content=\"In stock\" \/>\n<script type=\"application\/ld+json\" class=\"yoast-schema-graph\">{\"@context\":\"https:\\\/\\\/schema.org\",\"@graph\":[{\"@type\":[\"WebPage\",\"ItemPage\"],\"@id\":\"https:\\\/\\\/www.raxxa.com\\\/shop\\\/raxxa-postkarte-frau-mit-schwarzer-katze-grafisches-portraet-modern-ruhig-elegant-feminin\\\/\",\"url\":\"https:\\\/\\\/www.raxxa.com\\\/shop\\\/raxxa-postkarte-frau-mit-schwarzer-katze-grafisches-portraet-modern-ruhig-elegant-feminin\\\/\",\"name\":\"raxxa Postkarte: Frau mit schwarzer Katze grafisches Portr\u00e4t modern ruhig elegant feminin - raxxa\",\"isPartOf\":{\"@id\":\"https:\\\/\\\/www.raxxa.com\\\/#website\"},\"primaryImageOfPage\":{\"@id\":\"https:\\\/\\\/www.raxxa.com\\\/shop\\\/raxxa-postkarte-frau-mit-schwarzer-katze-grafisches-portraet-modern-ruhig-elegant-feminin\\\/#primaryimage\"},\"image\":{\"@id\":\"https:\\\/\\\/www.raxxa.com\\\/shop\\\/raxxa-postkarte-frau-mit-schwarzer-katze-grafisches-portraet-modern-ruhig-elegant-feminin\\\/#primaryimage\"},\"thumbnailUrl\":\"https:\\\/\\\/www.raxxa.com\\\/wp-content\\\/uploads\\\/2026\\\/03\\\/raxxa-282-21650-185-Uta-Naumann-Frau-mit-schwarzer-Katze-grafisches-Portrat-modern-ruhig-elegant-feminin-2.jpg\",\"datePublished\":\"2026-03-01T13:31:19+00:00\",\"dateModified\":\"2026-03-01T13:31:54+00:00\",\"breadcrumb\":{\"@id\":\"https:\\\/\\\/www.raxxa.com\\\/shop\\\/raxxa-postkarte-frau-mit-schwarzer-katze-grafisches-portraet-modern-ruhig-elegant-feminin\\\/#breadcrumb\"},\"inLanguage\":\"it-IT\",\"potentialAction\":[{\"@type\":\"ReadAction\",\"target\":[\"https:\\\/\\\/www.raxxa.com\\\/shop\\\/raxxa-postkarte-frau-mit-schwarzer-katze-grafisches-portraet-modern-ruhig-elegant-feminin\\\/\"]}]},{\"@type\":\"ImageObject\",\"inLanguage\":\"it-IT\",\"@id\":\"https:\\\/\\\/www.raxxa.com\\\/shop\\\/raxxa-postkarte-frau-mit-schwarzer-katze-grafisches-portraet-modern-ruhig-elegant-feminin\\\/#primaryimage\",\"url\":\"https:\\\/\\\/www.raxxa.com\\\/wp-content\\\/uploads\\\/2026\\\/03\\\/raxxa-282-21650-185-Uta-Naumann-Frau-mit-schwarzer-Katze-grafisches-Portrat-modern-ruhig-elegant-feminin-2.jpg\",\"contentUrl\":\"https:\\\/\\\/www.raxxa.com\\\/wp-content\\\/uploads\\\/2026\\\/03\\\/raxxa-282-21650-185-Uta-Naumann-Frau-mit-schwarzer-Katze-grafisches-Portrat-modern-ruhig-elegant-feminin-2.jpg\",\"width\":1024,\"height\":1024},{\"@type\":\"BreadcrumbList\",\"@id\":\"https:\\\/\\\/www.raxxa.com\\\/shop\\\/raxxa-postkarte-frau-mit-schwarzer-katze-grafisches-portraet-modern-ruhig-elegant-feminin\\\/#breadcrumb\",\"itemListElement\":[{\"@type\":\"ListItem\",\"position\":1,\"name\":\"Startseite\",\"item\":\"https:\\\/\\\/www.raxxa.com\\\/\"},{\"@type\":\"ListItem\",\"position\":2,\"name\":\"Shop\",\"item\":\"https:\\\/\\\/www.raxxa.com\\\/it\\\/shop\\\/\"},{\"@type\":\"ListItem\",\"position\":3,\"name\":\"raxxa Postkarte: Frau mit schwarzer Katze grafisches Portr\u00e4t modern ruhig elegant feminin\"}]},{\"@type\":\"WebSite\",\"@id\":\"https:\\\/\\\/www.raxxa.com\\\/#website\",\"url\":\"https:\\\/\\\/www.raxxa.com\\\/\",\"name\":\"raxxa\",\"description\":\"Einzigartige individuelle Produkte von unseren Designern\",\"publisher\":{\"@id\":\"https:\\\/\\\/www.raxxa.com\\\/#organization\"},\"potentialAction\":[{\"@type\":\"SearchAction\",\"target\":{\"@type\":\"EntryPoint\",\"urlTemplate\":\"https:\\\/\\\/www.raxxa.com\\\/?s={search_term_string}\"},\"query-input\":{\"@type\":\"PropertyValueSpecification\",\"valueRequired\":true,\"valueName\":\"search_term_string\"}}],\"inLanguage\":\"it-IT\"},{\"@type\":\"Organization\",\"@id\":\"https:\\\/\\\/www.raxxa.com\\\/#organization\",\"name\":\"raxxa\",\"url\":\"https:\\\/\\\/www.raxxa.com\\\/\",\"logo\":{\"@type\":\"ImageObject\",\"inLanguage\":\"it-IT\",\"@id\":\"https:\\\/\\\/www.raxxa.com\\\/#\\\/schema\\\/logo\\\/image\\\/\",\"url\":\"https:\\\/\\\/www.raxxa.com\\\/wp-content\\\/uploads\\\/2022\\\/07\\\/logo_v2.png\",\"contentUrl\":\"https:\\\/\\\/www.raxxa.com\\\/wp-content\\\/uploads\\\/2022\\\/07\\\/logo_v2.png\",\"width\":380,\"height\":382,\"caption\":\"raxxa\"},\"image\":{\"@id\":\"https:\\\/\\\/www.raxxa.com\\\/#\\\/schema\\\/logo\\\/image\\\/\"},\"sameAs\":[\"https:\\\/\\\/facebook.com\\\/raxxacom\"]}]}<\/script>\n<meta property=\"og:availability\" content=\"instock\" \/>\n<meta property=\"product:availability\" content=\"instock\" \/>\n<meta property=\"product:retailer_item_id\" content=\"1-185-21650-282\" \/>\n<meta property=\"product:condition\" content=\"new\" \/>\n<!-- \/ Yoast SEO Premium plugin. -->","yoast_head_json":{"title":"raxxa Postkarte: Frau mit schwarzer Katze grafisches Portr\u00e4t modern ruhig elegant feminin - raxxa","robots":{"index":"index","follow":"follow","max-snippet":"max-snippet:-1","max-image-preview":"max-image-preview:large","max-video-preview":"max-video-preview:-1"},"canonical":"https:\/\/www.raxxa.com\/it\/shop\/raxxa-postkarte-frau-mit-schwarzer-katze-grafisches-portraet-modern-ruhig-elegant-feminin\/","og_locale":"it_IT","og_type":"article","og_title":"raxxa Postkarte: Frau mit schwarzer Katze grafisches Portr\u00e4t modern ruhig elegant feminin","og_description":"&quot;Frau mit schwarzer Katze grafisches Portr\u00e4t modern ruhig elegant feminin&quot; by Uta Naumann Diese Illustration zeigt eine Frau mit schwarzer Katze \u2013 reduziert, elegant und voller Charakter. Der sanfte Farbauftrag, warme Beiget\u00f6ne und klare Linien spiegeln skandinavische Schlichtheit und emotionale Tiefe. Ideal f\u00fcr moderne Apartments, Kunstliebhaber und Katzenfreunde, die grafische Illustrationen mit Vintage-Charme sch\u00e4tzen. Zwischen [&hellip;]","og_url":"https:\/\/www.raxxa.com\/it\/shop\/raxxa-postkarte-frau-mit-schwarzer-katze-grafisches-portraet-modern-ruhig-elegant-feminin\/","og_site_name":"raxxa","article_publisher":"https:\/\/facebook.com\/raxxacom","article_modified_time":"2026-03-01T13:31:54+00:00","twitter_card":"summary_large_image","twitter_misc":{"Disponibilit\u00e0":"In stock"},"schema":{"@context":"https:\/\/schema.org","@graph":[{"@type":["WebPage","ItemPage"],"@id":"https:\/\/www.raxxa.com\/shop\/raxxa-postkarte-frau-mit-schwarzer-katze-grafisches-portraet-modern-ruhig-elegant-feminin\/","url":"https:\/\/www.raxxa.com\/shop\/raxxa-postkarte-frau-mit-schwarzer-katze-grafisches-portraet-modern-ruhig-elegant-feminin\/","name":"raxxa Postkarte: Frau mit schwarzer Katze grafisches Portr\u00e4t modern ruhig elegant feminin - raxxa","isPartOf":{"@id":"https:\/\/www.raxxa.com\/#website"},"primaryImageOfPage":{"@id":"https:\/\/www.raxxa.com\/shop\/raxxa-postkarte-frau-mit-schwarzer-katze-grafisches-portraet-modern-ruhig-elegant-feminin\/#primaryimage"},"image":{"@id":"https:\/\/www.raxxa.com\/shop\/raxxa-postkarte-frau-mit-schwarzer-katze-grafisches-portraet-modern-ruhig-elegant-feminin\/#primaryimage"},"thumbnailUrl":"https:\/\/www.raxxa.com\/wp-content\/uploads\/2026\/03\/raxxa-282-21650-185-Uta-Naumann-Frau-mit-schwarzer-Katze-grafisches-Portrat-modern-ruhig-elegant-feminin-2.jpg","datePublished":"2026-03-01T13:31:19+00:00","dateModified":"2026-03-01T13:31:54+00:00","breadcrumb":{"@id":"https:\/\/www.raxxa.com\/shop\/raxxa-postkarte-frau-mit-schwarzer-katze-grafisches-portraet-modern-ruhig-elegant-feminin\/#breadcrumb"},"inLanguage":"it-IT","potentialAction":[{"@type":"ReadAction","target":["https:\/\/www.raxxa.com\/shop\/raxxa-postkarte-frau-mit-schwarzer-katze-grafisches-portraet-modern-ruhig-elegant-feminin\/"]}]},{"@type":"ImageObject","inLanguage":"it-IT","@id":"https:\/\/www.raxxa.com\/shop\/raxxa-postkarte-frau-mit-schwarzer-katze-grafisches-portraet-modern-ruhig-elegant-feminin\/#primaryimage","url":"https:\/\/www.raxxa.com\/wp-content\/uploads\/2026\/03\/raxxa-282-21650-185-Uta-Naumann-Frau-mit-schwarzer-Katze-grafisches-Portrat-modern-ruhig-elegant-feminin-2.jpg","contentUrl":"https:\/\/www.raxxa.com\/wp-content\/uploads\/2026\/03\/raxxa-282-21650-185-Uta-Naumann-Frau-mit-schwarzer-Katze-grafisches-Portrat-modern-ruhig-elegant-feminin-2.jpg","width":1024,"height":1024},{"@type":"BreadcrumbList","@id":"https:\/\/www.raxxa.com\/shop\/raxxa-postkarte-frau-mit-schwarzer-katze-grafisches-portraet-modern-ruhig-elegant-feminin\/#breadcrumb","itemListElement":[{"@type":"ListItem","position":1,"name":"Startseite","item":"https:\/\/www.raxxa.com\/"},{"@type":"ListItem","position":2,"name":"Shop","item":"https:\/\/www.raxxa.com\/it\/shop\/"},{"@type":"ListItem","position":3,"name":"raxxa Postkarte: Frau mit schwarzer Katze grafisches Portr\u00e4t modern ruhig elegant feminin"}]},{"@type":"WebSite","@id":"https:\/\/www.raxxa.com\/#website","url":"https:\/\/www.raxxa.com\/","name":"raxxa","description":"Prodotti unici e personalizzati dei nostri designer","publisher":{"@id":"https:\/\/www.raxxa.com\/#organization"},"potentialAction":[{"@type":"SearchAction","target":{"@type":"EntryPoint","urlTemplate":"https:\/\/www.raxxa.com\/?s={search_term_string}"},"query-input":{"@type":"PropertyValueSpecification","valueRequired":true,"valueName":"search_term_string"}}],"inLanguage":"it-IT"},{"@type":"Organization","@id":"https:\/\/www.raxxa.com\/#organization","name":"raxxa","url":"https:\/\/www.raxxa.com\/","logo":{"@type":"ImageObject","inLanguage":"it-IT","@id":"https:\/\/www.raxxa.com\/#\/schema\/logo\/image\/","url":"https:\/\/www.raxxa.com\/wp-content\/uploads\/2022\/07\/logo_v2.png","contentUrl":"https:\/\/www.raxxa.com\/wp-content\/uploads\/2022\/07\/logo_v2.png","width":380,"height":382,"caption":"raxxa"},"image":{"@id":"https:\/\/www.raxxa.com\/#\/schema\/logo\/image\/"},"sameAs":["https:\/\/facebook.com\/raxxacom"]}]},"og_availability":"instock","product_availability":"instock","product_retailer_item_id":"1-185-21650-282","product_condition":"new"},"jetpack_sharing_enabled":true,"_links":{"self":[{"href":"https:\/\/www.raxxa.com\/it\/wp-json\/wp\/v2\/product\/288402","targetHints":{"allow":["GET"]}}],"collection":[{"href":"https:\/\/www.raxxa.com\/it\/wp-json\/wp\/v2\/product"}],"about":[{"href":"https:\/\/www.raxxa.com\/it\/wp-json\/wp\/v2\/types\/product"}],"replies":[{"embeddable":true,"href":"https:\/\/www.raxxa.com\/it\/wp-json\/wp\/v2\/comments?post=288402"}],"wp:featuredmedia":[{"embeddable":true,"href":"https:\/\/www.raxxa.com\/it\/wp-json\/wp\/v2\/media\/288403"}],"wp:attachment":[{"href":"https:\/\/www.raxxa.com\/it\/wp-json\/wp\/v2\/media?parent=288402"}],"wp:term":[{"taxonomy":"product_brand","embeddable":true,"href":"https:\/\/www.raxxa.com\/it\/wp-json\/wp\/v2\/product_brand?post=288402"},{"taxonomy":"product_cat","embeddable":true,"href":"https:\/\/www.raxxa.com\/it\/wp-json\/wp\/v2\/product_cat?post=288402"},{"taxonomy":"product_tag","embeddable":true,"href":"https:\/\/www.raxxa.com\/it\/wp-json\/wp\/v2\/product_tag?post=288402"}],"curies":[{"name":"wp","href":"https:\/\/api.w.org\/{rel}","templated":true}]}}