{"id":283783,"date":"2026-02-28T11:14:49","date_gmt":"2026-02-28T09:14:49","guid":{"rendered":"https:\/\/www.raxxa.com\/shop\/poster-neon-ride-jenseits-der-schwerkraft\/"},"modified":"2026-02-28T11:21:45","modified_gmt":"2026-02-28T09:21:45","slug":"poster-neon-ride-jenseits-der-schwerkraft","status":"publish","type":"product","link":"https:\/\/www.raxxa.com\/it\/shop\/poster-neon-ride-jenseits-der-schwerkraft\/","title":{"rendered":"Poster: Neon Ride \u2013 Jenseits der Schwerkraft"},"content":{"rendered":"<h3><strong>&quot;Neon Ride \u2013 Jenseits der Schwerkraft&quot; by Kerstin Waurick<\/strong><\/h3>\n<p><strong><\/strong><\/p>\n<p>Eine futuristische Kriegerin rast auf einem schwebenden Motorrad durch eine gigantische Megacity. Hoch \u00fcber den Wolken, zwischen fliegenden Autos und Laserstrahlen, symbolisiert sie Freiheit, Tempo und Individualit\u00e4t in einer hypermodernen Welt. Ihre Entschlossenheit ist unersch\u00fctterlich \u2013 sie ist unterwegs in eine unbekannte Zukunft.<\/p>\n<p>&nbsp;<\/p>\n<ul><li>Poster di qualit\u00e0 museale su carta d'archivio opaca (non patinata) di lunga durata.<\/li><li>Peso della carta: 250 g \/ m\u00b2.<\/li><li>Spedito in un imballaggio robusto per proteggere il poster.<\/li><li>Su richiesta, questo prodotto pu\u00f2 essere realizzato appositamente per voi nelle dimensioni e nel design desiderati.<\/li><\/ul>","protected":false},"excerpt":{"rendered":"<p>&quot;Neon Ride \u2013 Jenseits der Schwerkraft&quot; by Kerstin Waurick Eine futuristische Kriegerin rast auf einem schwebenden Motorrad durch eine gigantische Megacity. Hoch \u00fcber den Wolken, zwischen fliegenden Autos und Laserstrahlen, symbolisiert sie Freiheit, Tempo und Individualit\u00e4t in einer hypermodernen Welt. Ihre Entschlossenheit ist unersch\u00fctterlich \u2013 sie ist unterwegs in eine unbekannte Zukunft. &nbsp;<\/p>","protected":false},"featured_media":283784,"comment_status":"open","ping_status":"closed","template":"","meta":[],"product_brand":[],"product_cat":[11600,10378,13429],"product_tag":[],"class_list":{"0":"post-283783","1":"product","2":"type-product","3":"status-publish","4":"has-post-thumbnail","6":"product_cat-fantasy-mythologie","7":"product_cat-poster","8":"product_cat-kerstin-waurick","10":"first","11":"instock","12":"taxable","13":"shipping-taxable","14":"purchasable","15":"product-type-variable"},"yoast_head":"<!-- This site is optimized with the Yoast SEO Premium plugin v27.5 (Yoast SEO v27.5) - https:\/\/yoast.com\/product\/yoast-seo-premium-wordpress\/ -->\n<title>Poster: Neon Ride \u2013 Jenseits der Schwerkraft - raxxa<\/title>\n<meta name=\"robots\" content=\"index, follow, max-snippet:-1, max-image-preview:large, max-video-preview:-1\" \/>\n<link rel=\"canonical\" href=\"https:\/\/www.raxxa.com\/it\/shop\/poster-neon-ride-jenseits-der-schwerkraft\/\" \/>\n<meta property=\"og:locale\" content=\"it_IT\" \/>\n<meta property=\"og:type\" content=\"article\" \/>\n<meta property=\"og:title\" content=\"Poster: Neon Ride \u2013 Jenseits der Schwerkraft\" \/>\n<meta property=\"og:description\" content=\"&quot;Neon Ride \u2013 Jenseits der Schwerkraft&quot; by Kerstin Waurick Eine futuristische Kriegerin rast auf einem schwebenden Motorrad durch eine gigantische Megacity. Hoch \u00fcber den Wolken, zwischen fliegenden Autos und Laserstrahlen, symbolisiert sie Freiheit, Tempo und Individualit\u00e4t in einer hypermodernen Welt. Ihre Entschlossenheit ist unersch\u00fctterlich \u2013 sie ist unterwegs in eine unbekannte Zukunft. &nbsp;\" \/>\n<meta property=\"og:url\" content=\"https:\/\/www.raxxa.com\/it\/shop\/poster-neon-ride-jenseits-der-schwerkraft\/\" \/>\n<meta property=\"og:site_name\" content=\"raxxa\" \/>\n<meta property=\"article:publisher\" content=\"https:\/\/facebook.com\/raxxacom\" \/>\n<meta property=\"article:modified_time\" content=\"2026-02-28T09:21:45+00:00\" \/>\n<meta name=\"twitter:card\" content=\"summary_large_image\" \/>\n<meta name=\"twitter:label1\" content=\"Disponibilit\u00e0\" \/>\n\t<meta name=\"twitter:data1\" content=\"In stock\" \/>\n<script type=\"application\/ld+json\" class=\"yoast-schema-graph\">{\"@context\":\"https:\\\/\\\/schema.org\",\"@graph\":[{\"@type\":[\"WebPage\",\"ItemPage\"],\"@id\":\"https:\\\/\\\/www.raxxa.com\\\/shop\\\/poster-neon-ride-jenseits-der-schwerkraft\\\/\",\"url\":\"https:\\\/\\\/www.raxxa.com\\\/shop\\\/poster-neon-ride-jenseits-der-schwerkraft\\\/\",\"name\":\"Poster: Neon Ride \u2013 Jenseits der Schwerkraft - raxxa\",\"isPartOf\":{\"@id\":\"https:\\\/\\\/www.raxxa.com\\\/#website\"},\"primaryImageOfPage\":{\"@id\":\"https:\\\/\\\/www.raxxa.com\\\/shop\\\/poster-neon-ride-jenseits-der-schwerkraft\\\/#primaryimage\"},\"image\":{\"@id\":\"https:\\\/\\\/www.raxxa.com\\\/shop\\\/poster-neon-ride-jenseits-der-schwerkraft\\\/#primaryimage\"},\"thumbnailUrl\":\"https:\\\/\\\/www.raxxa.com\\\/wp-content\\\/uploads\\\/2026\\\/02\\\/raxxa-Wallart-373-20937-84-Kerstin-Waurick-Neon-Ride-\u2013-Jenseits-der-Schwerkraft-22.jpg\",\"datePublished\":\"2026-02-28T09:14:49+00:00\",\"dateModified\":\"2026-02-28T09:21:45+00:00\",\"breadcrumb\":{\"@id\":\"https:\\\/\\\/www.raxxa.com\\\/shop\\\/poster-neon-ride-jenseits-der-schwerkraft\\\/#breadcrumb\"},\"inLanguage\":\"it-IT\",\"potentialAction\":[{\"@type\":\"ReadAction\",\"target\":[\"https:\\\/\\\/www.raxxa.com\\\/shop\\\/poster-neon-ride-jenseits-der-schwerkraft\\\/\"]}]},{\"@type\":\"ImageObject\",\"inLanguage\":\"it-IT\",\"@id\":\"https:\\\/\\\/www.raxxa.com\\\/shop\\\/poster-neon-ride-jenseits-der-schwerkraft\\\/#primaryimage\",\"url\":\"https:\\\/\\\/www.raxxa.com\\\/wp-content\\\/uploads\\\/2026\\\/02\\\/raxxa-Wallart-373-20937-84-Kerstin-Waurick-Neon-Ride-\u2013-Jenseits-der-Schwerkraft-22.jpg\",\"contentUrl\":\"https:\\\/\\\/www.raxxa.com\\\/wp-content\\\/uploads\\\/2026\\\/02\\\/raxxa-Wallart-373-20937-84-Kerstin-Waurick-Neon-Ride-\u2013-Jenseits-der-Schwerkraft-22.jpg\",\"width\":1024,\"height\":1024},{\"@type\":\"BreadcrumbList\",\"@id\":\"https:\\\/\\\/www.raxxa.com\\\/shop\\\/poster-neon-ride-jenseits-der-schwerkraft\\\/#breadcrumb\",\"itemListElement\":[{\"@type\":\"ListItem\",\"position\":1,\"name\":\"Startseite\",\"item\":\"https:\\\/\\\/www.raxxa.com\\\/\"},{\"@type\":\"ListItem\",\"position\":2,\"name\":\"Shop\",\"item\":\"https:\\\/\\\/www.raxxa.com\\\/it\\\/shop\\\/\"},{\"@type\":\"ListItem\",\"position\":3,\"name\":\"Poster: Neon Ride \u2013 Jenseits der Schwerkraft\"}]},{\"@type\":\"WebSite\",\"@id\":\"https:\\\/\\\/www.raxxa.com\\\/#website\",\"url\":\"https:\\\/\\\/www.raxxa.com\\\/\",\"name\":\"raxxa\",\"description\":\"Einzigartige individuelle Produkte von unseren Designern\",\"publisher\":{\"@id\":\"https:\\\/\\\/www.raxxa.com\\\/#organization\"},\"potentialAction\":[{\"@type\":\"SearchAction\",\"target\":{\"@type\":\"EntryPoint\",\"urlTemplate\":\"https:\\\/\\\/www.raxxa.com\\\/?s={search_term_string}\"},\"query-input\":{\"@type\":\"PropertyValueSpecification\",\"valueRequired\":true,\"valueName\":\"search_term_string\"}}],\"inLanguage\":\"it-IT\"},{\"@type\":\"Organization\",\"@id\":\"https:\\\/\\\/www.raxxa.com\\\/#organization\",\"name\":\"raxxa\",\"url\":\"https:\\\/\\\/www.raxxa.com\\\/\",\"logo\":{\"@type\":\"ImageObject\",\"inLanguage\":\"it-IT\",\"@id\":\"https:\\\/\\\/www.raxxa.com\\\/#\\\/schema\\\/logo\\\/image\\\/\",\"url\":\"https:\\\/\\\/www.raxxa.com\\\/wp-content\\\/uploads\\\/2022\\\/07\\\/logo_v2.png\",\"contentUrl\":\"https:\\\/\\\/www.raxxa.com\\\/wp-content\\\/uploads\\\/2022\\\/07\\\/logo_v2.png\",\"width\":380,\"height\":382,\"caption\":\"raxxa\"},\"image\":{\"@id\":\"https:\\\/\\\/www.raxxa.com\\\/#\\\/schema\\\/logo\\\/image\\\/\"},\"sameAs\":[\"https:\\\/\\\/facebook.com\\\/raxxacom\"]}]}<\/script>\n<meta property=\"og:availability\" content=\"instock\" \/>\n<meta property=\"product:availability\" content=\"instock\" \/>\n<meta property=\"product:retailer_item_id\" content=\"1-84-20937-373\" \/>\n<meta property=\"product:condition\" content=\"new\" \/>\n<!-- \/ Yoast SEO Premium plugin. -->","yoast_head_json":{"title":"Poster: Neon Ride \u2013 Jenseits der Schwerkraft - raxxa","robots":{"index":"index","follow":"follow","max-snippet":"max-snippet:-1","max-image-preview":"max-image-preview:large","max-video-preview":"max-video-preview:-1"},"canonical":"https:\/\/www.raxxa.com\/it\/shop\/poster-neon-ride-jenseits-der-schwerkraft\/","og_locale":"it_IT","og_type":"article","og_title":"Poster: Neon Ride \u2013 Jenseits der Schwerkraft","og_description":"&quot;Neon Ride \u2013 Jenseits der Schwerkraft&quot; by Kerstin Waurick Eine futuristische Kriegerin rast auf einem schwebenden Motorrad durch eine gigantische Megacity. Hoch \u00fcber den Wolken, zwischen fliegenden Autos und Laserstrahlen, symbolisiert sie Freiheit, Tempo und Individualit\u00e4t in einer hypermodernen Welt. Ihre Entschlossenheit ist unersch\u00fctterlich \u2013 sie ist unterwegs in eine unbekannte Zukunft. &nbsp;","og_url":"https:\/\/www.raxxa.com\/it\/shop\/poster-neon-ride-jenseits-der-schwerkraft\/","og_site_name":"raxxa","article_publisher":"https:\/\/facebook.com\/raxxacom","article_modified_time":"2026-02-28T09:21:45+00:00","twitter_card":"summary_large_image","twitter_misc":{"Disponibilit\u00e0":"In stock"},"schema":{"@context":"https:\/\/schema.org","@graph":[{"@type":["WebPage","ItemPage"],"@id":"https:\/\/www.raxxa.com\/shop\/poster-neon-ride-jenseits-der-schwerkraft\/","url":"https:\/\/www.raxxa.com\/shop\/poster-neon-ride-jenseits-der-schwerkraft\/","name":"Poster: Neon Ride \u2013 Jenseits der Schwerkraft - raxxa","isPartOf":{"@id":"https:\/\/www.raxxa.com\/#website"},"primaryImageOfPage":{"@id":"https:\/\/www.raxxa.com\/shop\/poster-neon-ride-jenseits-der-schwerkraft\/#primaryimage"},"image":{"@id":"https:\/\/www.raxxa.com\/shop\/poster-neon-ride-jenseits-der-schwerkraft\/#primaryimage"},"thumbnailUrl":"https:\/\/www.raxxa.com\/wp-content\/uploads\/2026\/02\/raxxa-Wallart-373-20937-84-Kerstin-Waurick-Neon-Ride-\u2013-Jenseits-der-Schwerkraft-22.jpg","datePublished":"2026-02-28T09:14:49+00:00","dateModified":"2026-02-28T09:21:45+00:00","breadcrumb":{"@id":"https:\/\/www.raxxa.com\/shop\/poster-neon-ride-jenseits-der-schwerkraft\/#breadcrumb"},"inLanguage":"it-IT","potentialAction":[{"@type":"ReadAction","target":["https:\/\/www.raxxa.com\/shop\/poster-neon-ride-jenseits-der-schwerkraft\/"]}]},{"@type":"ImageObject","inLanguage":"it-IT","@id":"https:\/\/www.raxxa.com\/shop\/poster-neon-ride-jenseits-der-schwerkraft\/#primaryimage","url":"https:\/\/www.raxxa.com\/wp-content\/uploads\/2026\/02\/raxxa-Wallart-373-20937-84-Kerstin-Waurick-Neon-Ride-\u2013-Jenseits-der-Schwerkraft-22.jpg","contentUrl":"https:\/\/www.raxxa.com\/wp-content\/uploads\/2026\/02\/raxxa-Wallart-373-20937-84-Kerstin-Waurick-Neon-Ride-\u2013-Jenseits-der-Schwerkraft-22.jpg","width":1024,"height":1024},{"@type":"BreadcrumbList","@id":"https:\/\/www.raxxa.com\/shop\/poster-neon-ride-jenseits-der-schwerkraft\/#breadcrumb","itemListElement":[{"@type":"ListItem","position":1,"name":"Startseite","item":"https:\/\/www.raxxa.com\/"},{"@type":"ListItem","position":2,"name":"Shop","item":"https:\/\/www.raxxa.com\/it\/shop\/"},{"@type":"ListItem","position":3,"name":"Poster: Neon Ride \u2013 Jenseits der Schwerkraft"}]},{"@type":"WebSite","@id":"https:\/\/www.raxxa.com\/#website","url":"https:\/\/www.raxxa.com\/","name":"raxxa","description":"Prodotti unici e personalizzati dei nostri designer","publisher":{"@id":"https:\/\/www.raxxa.com\/#organization"},"potentialAction":[{"@type":"SearchAction","target":{"@type":"EntryPoint","urlTemplate":"https:\/\/www.raxxa.com\/?s={search_term_string}"},"query-input":{"@type":"PropertyValueSpecification","valueRequired":true,"valueName":"search_term_string"}}],"inLanguage":"it-IT"},{"@type":"Organization","@id":"https:\/\/www.raxxa.com\/#organization","name":"raxxa","url":"https:\/\/www.raxxa.com\/","logo":{"@type":"ImageObject","inLanguage":"it-IT","@id":"https:\/\/www.raxxa.com\/#\/schema\/logo\/image\/","url":"https:\/\/www.raxxa.com\/wp-content\/uploads\/2022\/07\/logo_v2.png","contentUrl":"https:\/\/www.raxxa.com\/wp-content\/uploads\/2022\/07\/logo_v2.png","width":380,"height":382,"caption":"raxxa"},"image":{"@id":"https:\/\/www.raxxa.com\/#\/schema\/logo\/image\/"},"sameAs":["https:\/\/facebook.com\/raxxacom"]}]},"og_availability":"instock","product_availability":"instock","product_retailer_item_id":"1-84-20937-373","product_condition":"new"},"jetpack_sharing_enabled":true,"_links":{"self":[{"href":"https:\/\/www.raxxa.com\/it\/wp-json\/wp\/v2\/product\/283783","targetHints":{"allow":["GET"]}}],"collection":[{"href":"https:\/\/www.raxxa.com\/it\/wp-json\/wp\/v2\/product"}],"about":[{"href":"https:\/\/www.raxxa.com\/it\/wp-json\/wp\/v2\/types\/product"}],"replies":[{"embeddable":true,"href":"https:\/\/www.raxxa.com\/it\/wp-json\/wp\/v2\/comments?post=283783"}],"wp:featuredmedia":[{"embeddable":true,"href":"https:\/\/www.raxxa.com\/it\/wp-json\/wp\/v2\/media\/283784"}],"wp:attachment":[{"href":"https:\/\/www.raxxa.com\/it\/wp-json\/wp\/v2\/media?parent=283783"}],"wp:term":[{"taxonomy":"product_brand","embeddable":true,"href":"https:\/\/www.raxxa.com\/it\/wp-json\/wp\/v2\/product_brand?post=283783"},{"taxonomy":"product_cat","embeddable":true,"href":"https:\/\/www.raxxa.com\/it\/wp-json\/wp\/v2\/product_cat?post=283783"},{"taxonomy":"product_tag","embeddable":true,"href":"https:\/\/www.raxxa.com\/it\/wp-json\/wp\/v2\/product_tag?post=283783"}],"curies":[{"name":"wp","href":"https:\/\/api.w.org\/{rel}","templated":true}]}}