{"id":281791,"date":"2026-02-25T16:07:36","date_gmt":"2026-02-25T14:07:36","guid":{"rendered":"https:\/\/www.raxxa.com\/?post_type=product&#038;p=281791"},"modified":"2026-02-25T17:22:33","modified_gmt":"2026-02-25T15:22:33","slug":"organic-t-shirt-happy-starfish","status":"publish","type":"product","link":"https:\/\/www.raxxa.com\/it\/shop\/organic-t-shirt-happy-starfish\/","title":{"rendered":"Organic T-Shirt:  Happy Starfish"},"content":{"rendered":"<h3><strong>raxxa Unisex T-Shirt aus Bio-Baumwolle: &#8222;Happy Starfish&#8220;<\/strong><\/h3>\n<p>by Anja Frost<\/p>\n<p data-start=\"91\" data-end=\"135\"><strong data-start=\"91\" data-end=\"135\">&#x2600;&#xfe0f; Happy Starfish \u2013 Summer Vibes T-Shirt<\/strong><\/p>\n<p data-start=\"137\" data-end=\"450\">Bring Sonne in deinen Alltag! Dieses fr\u00f6hliche T-Shirt mit s\u00fc\u00dfem Seestern-Motiv verspr\u00fcht sofort Beach-Feeling und gute Laune. Der l\u00e4chelnde Starfish auf dem Felsen, begleitet von Sonne, M\u00f6wen und sanften Meeresfarben, macht das Shirt zu einem echten Hingucker \u2013 perfekt f\u00fcr alle, die den Sommer im Herzen tragen.<\/p>\n<p data-start=\"452\" data-end=\"483\"><strong data-start=\"452\" data-end=\"483\">&#x2728; Warum du es lieben wirst:<\/strong><\/p>\n<ul data-start=\"484\" data-end=\"720\">\n<li data-start=\"484\" data-end=\"544\">\n<p data-start=\"486\" data-end=\"544\">Niedliches, verspieltes Beach-Design mit positiven Vibes<\/p>\n<\/li>\n<li data-start=\"545\" data-end=\"607\">\n<p data-start=\"547\" data-end=\"607\">Perfekt f\u00fcr Urlaub, Freizeit &amp; entspannte Streetwear-Looks<\/p>\n<\/li>\n<li data-start=\"608\" data-end=\"667\">\n<p data-start=\"610\" data-end=\"667\">Leicht kombinierbar zu Shorts, Jeans oder Oversize-Fits<\/p>\n<\/li>\n<li data-start=\"668\" data-end=\"720\">\n<p data-start=\"670\" data-end=\"720\">Ideal als Geschenk f\u00fcr Meer-Liebhaber &amp; Sommerfans<\/p>\n<\/li>\n<\/ul>\n<p data-start=\"722\" data-end=\"953\"><strong data-start=\"722\" data-end=\"745\">&#x1f334; Style &amp; Feeling:<\/strong><br data-start=\"745\" data-end=\"748\" \/>Ob Strandspaziergang, Festival oder City-Outfit \u2013 dieses Shirt bringt eine lockere, warme Atmosph\u00e4re in deinen Look. Das minimalistische Cartoon-Design wirkt modern, freundlich und absolut Instagram-ready.<\/p>\n<p data-start=\"955\" data-end=\"995\">&#x1f449; <strong data-start=\"958\" data-end=\"995\">Anziehen, l\u00e4cheln, Sommer f\u00fchlen.<\/strong><\/p>\n<p>&nbsp;<\/p>\nQuesta maglietta in cotone organico di alta qualit\u00e0 \u00e8 realizzata in cotone organico ring-spun 100 %, perfetto per le persone attente all'ambiente. \u00c8 molto comoda e probabilmente diventer\u00e0 la vostra nuova maglietta preferita.<br><br><div>Note sul materiale:<\/div><br><ul><li>hergestellt aus langstapeliger gek\u00e4mmter zertifizierter (Bio-) Baumwolle<\/li><li>Basisshirt von Promodoro<\/li><li>Peso del tessuto: 180 g\/m\u00b2<\/li><li>Maglia singola<\/li><li>Taglio regolare<\/li><li>mit Elasthananteil im feinen Rippb\u00fcndchen<\/li><li>Zertifiziert nach OEKO-TEX\u00ae Made In Green<\/li><li>waschbar bis 40 Grad, vor dem B\u00fcgeln nach innen drehen.<\/li><\/ul><br>Informazioni sulle dimensioni in cm:<br><table  cellspacing=\"5\" cellpadding=\"5\">  <thead>    <tr>      <th>Gr\u00f6\u00dfe<\/th>      <th>Petto<\/th>      <th>Lunghezza<\/th>      <th>Arm<\/th>    <\/tr>  <\/thead>  <tbody>    <tr><td>XS<\/td><td>46<\/td><td>70<\/td><td>17<\/td><\/tr>    <tr><td>S<\/td><td>50<\/td><td>73<\/td><td>18<\/td><\/tr>    <tr><td>M<\/td><td>53<\/td><td>75<\/td><td>19<\/td><\/tr>    <tr><td>L<\/td><td>56<\/td><td>77<\/td><td>20<\/td><\/tr>    <tr><td>XL<\/td><td>59<\/td><td>79<\/td><td>21<\/td><\/tr>    <tr><td>XXL<\/td><td>62<\/td><td>81<\/td><td>22<\/td><\/tr>    <tr><td>XXXL<\/td><td>66<\/td><td>83<\/td><td>23<\/td><\/tr>    <tr><td>4XL<\/td><td>72<\/td><td>85<\/td><td>24<\/td><\/tr>    <tr><td>5XL<\/td><td>82<\/td><td>87<\/td><td>25<\/td><\/tr>    <tr><td>6XL<\/td><td>86<\/td><td>94<\/td><td>30<\/td><\/tr>    <tr><td>7XL<\/td><td>90<\/td><td>96<\/td><td>30<\/td><\/tr>    <tr><td>8XL<\/td><td>94<\/td><td>98<\/td><td>30<\/td><\/tr>  <\/tbody><\/table><br><br>Su richiesta, questo prodotto pu\u00f2 essere realizzato appositamente per voi nelle dimensioni e nel design desiderati.","protected":false},"excerpt":{"rendered":"<p>raxxa Unisex T-Shirt aus Bio-Baumwolle: &#8222;Happy Starfish&#8220; by Anja Frost &#x2600;&#xfe0f; Happy Starfish \u2013 Summer Vibes T-Shirt Bring Sonne in deinen Alltag! Dieses fr\u00f6hliche T-Shirt mit s\u00fc\u00dfem Seestern-Motiv verspr\u00fcht sofort Beach-Feeling und gute Laune. Der l\u00e4chelnde Starfish auf dem Felsen, begleitet von Sonne, M\u00f6wen und sanften Meeresfarben, macht das Shirt zu einem echten Hingucker \u2013 [&hellip;]<\/p>\n","protected":false},"featured_media":281797,"comment_status":"open","ping_status":"closed","template":"","meta":[],"product_brand":[],"product_cat":[10317,13428,10318,10316,10315,10319,10320],"product_tag":[],"class_list":{"0":"post-281791","1":"product","2":"type-product","3":"status-publish","4":"has-post-thumbnail","6":"product_cat-damen","7":"product_cat-anja-frost","8":"product_cat-herren","9":"product_cat-kleidung","10":"product_cat-mode-accessoires","11":"product_cat-t-shirts-herren","12":"product_cat-t-shirts-damen","13":"product_shipping_class-versand-t-shirts1","15":"first","16":"instock","17":"taxable","18":"shipping-taxable","19":"purchasable","20":"product-type-variable"},"yoast_head":"<!-- This site is optimized with the Yoast SEO Premium plugin v27.5 (Yoast SEO v27.5) - https:\/\/yoast.com\/product\/yoast-seo-premium-wordpress\/ -->\n<title>Organic T-Shirt: Happy Starfish - raxxa<\/title>\n<meta name=\"robots\" content=\"index, follow, max-snippet:-1, max-image-preview:large, max-video-preview:-1\" \/>\n<link rel=\"canonical\" href=\"https:\/\/www.raxxa.com\/it\/shop\/organic-t-shirt-happy-starfish\/\" \/>\n<meta property=\"og:locale\" content=\"it_IT\" \/>\n<meta property=\"og:type\" content=\"article\" \/>\n<meta property=\"og:title\" content=\"Organic T-Shirt: Happy Starfish\" \/>\n<meta property=\"og:description\" content=\"raxxa Unisex T-Shirt aus Bio-Baumwolle: &#8222;Happy Starfish&#8220; by Anja Frost &#x2600;&#xfe0f; Happy Starfish \u2013 Summer Vibes T-Shirt Bring Sonne in deinen Alltag! Dieses fr\u00f6hliche T-Shirt mit s\u00fc\u00dfem Seestern-Motiv verspr\u00fcht sofort Beach-Feeling und gute Laune. Der l\u00e4chelnde Starfish auf dem Felsen, begleitet von Sonne, M\u00f6wen und sanften Meeresfarben, macht das Shirt zu einem echten Hingucker \u2013 [&hellip;]\" \/>\n<meta property=\"og:url\" content=\"https:\/\/www.raxxa.com\/it\/shop\/organic-t-shirt-happy-starfish\/\" \/>\n<meta property=\"og:site_name\" content=\"raxxa\" \/>\n<meta property=\"article:publisher\" content=\"https:\/\/facebook.com\/raxxacom\" \/>\n<meta property=\"article:modified_time\" content=\"2026-02-25T15:22:33+00:00\" \/>\n<meta property=\"og:image\" content=\"https:\/\/www.raxxa.com\/wp-content\/uploads\/2026\/02\/21887-raxxa-tshirt-Anja-Frost-Happy-Starfish-683x1024.png\" \/>\n\t<meta property=\"og:image:width\" content=\"683\" \/>\n\t<meta property=\"og:image:height\" content=\"1024\" \/>\n\t<meta property=\"og:image:type\" content=\"image\/png\" \/>\n<meta name=\"twitter:card\" content=\"summary_large_image\" \/>\n<meta name=\"twitter:label1\" content=\"Disponibilit\u00e0\" \/>\n\t<meta name=\"twitter:data1\" content=\"In stock\" \/>\n<script type=\"application\/ld+json\" class=\"yoast-schema-graph\">{\"@context\":\"https:\\\/\\\/schema.org\",\"@graph\":[{\"@type\":[\"WebPage\",\"ItemPage\"],\"@id\":\"https:\\\/\\\/www.raxxa.com\\\/shop\\\/organic-t-shirt-happy-starfish\\\/\",\"url\":\"https:\\\/\\\/www.raxxa.com\\\/shop\\\/organic-t-shirt-happy-starfish\\\/\",\"name\":\"Organic T-Shirt: Happy Starfish - raxxa\",\"isPartOf\":{\"@id\":\"https:\\\/\\\/www.raxxa.com\\\/#website\"},\"primaryImageOfPage\":{\"@id\":\"https:\\\/\\\/www.raxxa.com\\\/shop\\\/organic-t-shirt-happy-starfish\\\/#primaryimage\"},\"image\":{\"@id\":\"https:\\\/\\\/www.raxxa.com\\\/shop\\\/organic-t-shirt-happy-starfish\\\/#primaryimage\"},\"thumbnailUrl\":\"https:\\\/\\\/www.raxxa.com\\\/wp-content\\\/uploads\\\/2026\\\/02\\\/21887-raxxa-tshirt-Anja-Frost-Happy-Starfish-scaled.png\",\"datePublished\":\"2026-02-25T14:07:36+00:00\",\"dateModified\":\"2026-02-25T15:22:33+00:00\",\"breadcrumb\":{\"@id\":\"https:\\\/\\\/www.raxxa.com\\\/shop\\\/organic-t-shirt-happy-starfish\\\/#breadcrumb\"},\"inLanguage\":\"it-IT\",\"potentialAction\":[{\"@type\":\"ReadAction\",\"target\":[\"https:\\\/\\\/www.raxxa.com\\\/shop\\\/organic-t-shirt-happy-starfish\\\/\"]}]},{\"@type\":\"ImageObject\",\"inLanguage\":\"it-IT\",\"@id\":\"https:\\\/\\\/www.raxxa.com\\\/shop\\\/organic-t-shirt-happy-starfish\\\/#primaryimage\",\"url\":\"https:\\\/\\\/www.raxxa.com\\\/wp-content\\\/uploads\\\/2026\\\/02\\\/21887-raxxa-tshirt-Anja-Frost-Happy-Starfish-scaled.png\",\"contentUrl\":\"https:\\\/\\\/www.raxxa.com\\\/wp-content\\\/uploads\\\/2026\\\/02\\\/21887-raxxa-tshirt-Anja-Frost-Happy-Starfish-scaled.png\",\"width\":1707,\"height\":2560},{\"@type\":\"BreadcrumbList\",\"@id\":\"https:\\\/\\\/www.raxxa.com\\\/shop\\\/organic-t-shirt-happy-starfish\\\/#breadcrumb\",\"itemListElement\":[{\"@type\":\"ListItem\",\"position\":1,\"name\":\"Startseite\",\"item\":\"https:\\\/\\\/www.raxxa.com\\\/\"},{\"@type\":\"ListItem\",\"position\":2,\"name\":\"Shop\",\"item\":\"https:\\\/\\\/www.raxxa.com\\\/it\\\/shop\\\/\"},{\"@type\":\"ListItem\",\"position\":3,\"name\":\"Organic T-Shirt: Happy Starfish\"}]},{\"@type\":\"WebSite\",\"@id\":\"https:\\\/\\\/www.raxxa.com\\\/#website\",\"url\":\"https:\\\/\\\/www.raxxa.com\\\/\",\"name\":\"raxxa\",\"description\":\"Einzigartige individuelle Produkte von unseren Designern\",\"publisher\":{\"@id\":\"https:\\\/\\\/www.raxxa.com\\\/#organization\"},\"potentialAction\":[{\"@type\":\"SearchAction\",\"target\":{\"@type\":\"EntryPoint\",\"urlTemplate\":\"https:\\\/\\\/www.raxxa.com\\\/?s={search_term_string}\"},\"query-input\":{\"@type\":\"PropertyValueSpecification\",\"valueRequired\":true,\"valueName\":\"search_term_string\"}}],\"inLanguage\":\"it-IT\"},{\"@type\":\"Organization\",\"@id\":\"https:\\\/\\\/www.raxxa.com\\\/#organization\",\"name\":\"raxxa\",\"url\":\"https:\\\/\\\/www.raxxa.com\\\/\",\"logo\":{\"@type\":\"ImageObject\",\"inLanguage\":\"it-IT\",\"@id\":\"https:\\\/\\\/www.raxxa.com\\\/#\\\/schema\\\/logo\\\/image\\\/\",\"url\":\"https:\\\/\\\/www.raxxa.com\\\/wp-content\\\/uploads\\\/2022\\\/07\\\/logo_v2.png\",\"contentUrl\":\"https:\\\/\\\/www.raxxa.com\\\/wp-content\\\/uploads\\\/2022\\\/07\\\/logo_v2.png\",\"width\":380,\"height\":382,\"caption\":\"raxxa\"},\"image\":{\"@id\":\"https:\\\/\\\/www.raxxa.com\\\/#\\\/schema\\\/logo\\\/image\\\/\"},\"sameAs\":[\"https:\\\/\\\/facebook.com\\\/raxxacom\"]}]}<\/script>\n<meta property=\"og:availability\" content=\"instock\" \/>\n<meta property=\"product:availability\" content=\"instock\" \/>\n<meta property=\"product:retailer_item_id\" content=\"1-105-21887-371\" \/>\n<meta property=\"product:condition\" content=\"new\" \/>\n<!-- \/ Yoast SEO Premium plugin. -->","yoast_head_json":{"title":"Organic T-Shirt: Happy Starfish - raxxa","robots":{"index":"index","follow":"follow","max-snippet":"max-snippet:-1","max-image-preview":"max-image-preview:large","max-video-preview":"max-video-preview:-1"},"canonical":"https:\/\/www.raxxa.com\/it\/shop\/organic-t-shirt-happy-starfish\/","og_locale":"it_IT","og_type":"article","og_title":"Organic T-Shirt: Happy Starfish","og_description":"raxxa Unisex T-Shirt aus Bio-Baumwolle: &#8222;Happy Starfish&#8220; by Anja Frost &#x2600;&#xfe0f; Happy Starfish \u2013 Summer Vibes T-Shirt Bring Sonne in deinen Alltag! Dieses fr\u00f6hliche T-Shirt mit s\u00fc\u00dfem Seestern-Motiv verspr\u00fcht sofort Beach-Feeling und gute Laune. Der l\u00e4chelnde Starfish auf dem Felsen, begleitet von Sonne, M\u00f6wen und sanften Meeresfarben, macht das Shirt zu einem echten Hingucker \u2013 [&hellip;]","og_url":"https:\/\/www.raxxa.com\/it\/shop\/organic-t-shirt-happy-starfish\/","og_site_name":"raxxa","article_publisher":"https:\/\/facebook.com\/raxxacom","article_modified_time":"2026-02-25T15:22:33+00:00","og_image":[{"width":683,"height":1024,"url":"https:\/\/www.raxxa.com\/wp-content\/uploads\/2026\/02\/21887-raxxa-tshirt-Anja-Frost-Happy-Starfish-683x1024.png","type":"image\/png"}],"twitter_card":"summary_large_image","twitter_misc":{"Disponibilit\u00e0":"In stock"},"schema":{"@context":"https:\/\/schema.org","@graph":[{"@type":["WebPage","ItemPage"],"@id":"https:\/\/www.raxxa.com\/shop\/organic-t-shirt-happy-starfish\/","url":"https:\/\/www.raxxa.com\/shop\/organic-t-shirt-happy-starfish\/","name":"Organic T-Shirt: Happy Starfish - raxxa","isPartOf":{"@id":"https:\/\/www.raxxa.com\/#website"},"primaryImageOfPage":{"@id":"https:\/\/www.raxxa.com\/shop\/organic-t-shirt-happy-starfish\/#primaryimage"},"image":{"@id":"https:\/\/www.raxxa.com\/shop\/organic-t-shirt-happy-starfish\/#primaryimage"},"thumbnailUrl":"https:\/\/www.raxxa.com\/wp-content\/uploads\/2026\/02\/21887-raxxa-tshirt-Anja-Frost-Happy-Starfish-scaled.png","datePublished":"2026-02-25T14:07:36+00:00","dateModified":"2026-02-25T15:22:33+00:00","breadcrumb":{"@id":"https:\/\/www.raxxa.com\/shop\/organic-t-shirt-happy-starfish\/#breadcrumb"},"inLanguage":"it-IT","potentialAction":[{"@type":"ReadAction","target":["https:\/\/www.raxxa.com\/shop\/organic-t-shirt-happy-starfish\/"]}]},{"@type":"ImageObject","inLanguage":"it-IT","@id":"https:\/\/www.raxxa.com\/shop\/organic-t-shirt-happy-starfish\/#primaryimage","url":"https:\/\/www.raxxa.com\/wp-content\/uploads\/2026\/02\/21887-raxxa-tshirt-Anja-Frost-Happy-Starfish-scaled.png","contentUrl":"https:\/\/www.raxxa.com\/wp-content\/uploads\/2026\/02\/21887-raxxa-tshirt-Anja-Frost-Happy-Starfish-scaled.png","width":1707,"height":2560},{"@type":"BreadcrumbList","@id":"https:\/\/www.raxxa.com\/shop\/organic-t-shirt-happy-starfish\/#breadcrumb","itemListElement":[{"@type":"ListItem","position":1,"name":"Startseite","item":"https:\/\/www.raxxa.com\/"},{"@type":"ListItem","position":2,"name":"Shop","item":"https:\/\/www.raxxa.com\/it\/shop\/"},{"@type":"ListItem","position":3,"name":"Organic T-Shirt: Happy Starfish"}]},{"@type":"WebSite","@id":"https:\/\/www.raxxa.com\/#website","url":"https:\/\/www.raxxa.com\/","name":"raxxa","description":"Prodotti unici e personalizzati dei nostri designer","publisher":{"@id":"https:\/\/www.raxxa.com\/#organization"},"potentialAction":[{"@type":"SearchAction","target":{"@type":"EntryPoint","urlTemplate":"https:\/\/www.raxxa.com\/?s={search_term_string}"},"query-input":{"@type":"PropertyValueSpecification","valueRequired":true,"valueName":"search_term_string"}}],"inLanguage":"it-IT"},{"@type":"Organization","@id":"https:\/\/www.raxxa.com\/#organization","name":"raxxa","url":"https:\/\/www.raxxa.com\/","logo":{"@type":"ImageObject","inLanguage":"it-IT","@id":"https:\/\/www.raxxa.com\/#\/schema\/logo\/image\/","url":"https:\/\/www.raxxa.com\/wp-content\/uploads\/2022\/07\/logo_v2.png","contentUrl":"https:\/\/www.raxxa.com\/wp-content\/uploads\/2022\/07\/logo_v2.png","width":380,"height":382,"caption":"raxxa"},"image":{"@id":"https:\/\/www.raxxa.com\/#\/schema\/logo\/image\/"},"sameAs":["https:\/\/facebook.com\/raxxacom"]}]},"og_availability":"instock","product_availability":"instock","product_retailer_item_id":"1-105-21887-371","product_condition":"new"},"jetpack_sharing_enabled":true,"_links":{"self":[{"href":"https:\/\/www.raxxa.com\/it\/wp-json\/wp\/v2\/product\/281791","targetHints":{"allow":["GET"]}}],"collection":[{"href":"https:\/\/www.raxxa.com\/it\/wp-json\/wp\/v2\/product"}],"about":[{"href":"https:\/\/www.raxxa.com\/it\/wp-json\/wp\/v2\/types\/product"}],"replies":[{"embeddable":true,"href":"https:\/\/www.raxxa.com\/it\/wp-json\/wp\/v2\/comments?post=281791"}],"wp:featuredmedia":[{"embeddable":true,"href":"https:\/\/www.raxxa.com\/it\/wp-json\/wp\/v2\/media\/281797"}],"wp:attachment":[{"href":"https:\/\/www.raxxa.com\/it\/wp-json\/wp\/v2\/media?parent=281791"}],"wp:term":[{"taxonomy":"product_brand","embeddable":true,"href":"https:\/\/www.raxxa.com\/it\/wp-json\/wp\/v2\/product_brand?post=281791"},{"taxonomy":"product_cat","embeddable":true,"href":"https:\/\/www.raxxa.com\/it\/wp-json\/wp\/v2\/product_cat?post=281791"},{"taxonomy":"product_tag","embeddable":true,"href":"https:\/\/www.raxxa.com\/it\/wp-json\/wp\/v2\/product_tag?post=281791"}],"curies":[{"name":"wp","href":"https:\/\/api.w.org\/{rel}","templated":true}]}}