{"id":237233,"date":"2025-08-06T21:02:16","date_gmt":"2025-08-06T19:02:16","guid":{"rendered":"https:\/\/www.raxxa.com\/?post_type=product&#038;p=237233"},"modified":"2026-02-28T17:35:28","modified_gmt":"2026-02-28T15:35:28","slug":"poster-fantasylandschaft-mit-heissluftballons","status":"publish","type":"product","link":"https:\/\/www.raxxa.com\/it\/shop\/poster-fantasylandschaft-mit-heissluftballons\/","title":{"rendered":"Poster: Fantasylandschaft mit spektakul\u00e4ren Felsw\u00e4nden und Hei\u00dfluftballons"},"content":{"rendered":"<h3><strong>&quot;Fantasylandschaft mit spektakul\u00e4ren Felsw\u00e4nden und Hei\u00dfluftballons&quot; by Kerstin Waurick<\/strong><\/h3>\n<p><strong><\/strong><\/p>\n<p>Eine Fantasylandschaft mit einem kleinen Dorf inmitten wellenf\u00f6rmiger Felsen. Abendausflug mit Hei\u00dfluftballons. Zwischen spektakul\u00e4r geschwungenen Gebirgsw\u00e4nden liegt ein kleines Dorf mit Kirche. Dar\u00fcber fliegen bunte Ballons, ein Regenbogen schimmert in der Ferne.<\/p>\n<p>&nbsp;<\/p>\n<ul><li>Poster di qualit\u00e0 museale su carta d'archivio opaca (non patinata) di lunga durata.<\/li><li>Peso della carta: 250 g \/ m\u00b2.<\/li><li>Spedito in un imballaggio robusto per proteggere il poster.<\/li><li>Su richiesta, questo prodotto pu\u00f2 essere realizzato appositamente per voi nelle dimensioni e nel design desiderati.<\/li><\/ul>","protected":false},"excerpt":{"rendered":"<p>&quot;Fantasylandschaft mit spektakul\u00e4ren Felsw\u00e4nden und Hei\u00dfluftballons&quot; by Kerstin Waurick Eine Fantasylandschaft mit einem kleinen Dorf inmitten wellenf\u00f6rmiger Felsen. Abendausflug mit Hei\u00dfluftballons. Zwischen spektakul\u00e4r geschwungenen Gebirgsw\u00e4nden liegt ein kleines Dorf mit Kirche. Dar\u00fcber fliegen bunte Ballons, ein Regenbogen schimmert in der Ferne. &nbsp;<\/p>","protected":false},"featured_media":285161,"comment_status":"open","ping_status":"closed","template":"","meta":[],"product_brand":[],"product_cat":[11600,10378,13429],"product_tag":[13437],"class_list":{"0":"post-237233","1":"product","2":"type-product","3":"status-publish","4":"has-post-thumbnail","6":"product_cat-fantasy-mythologie","7":"product_cat-poster","8":"product_cat-kerstin-waurick","9":"product_tag-ballon-heissluftballon-fantasy-fantasie-landschaft-berge-gebirge-kunst-bizarr-fliegen","10":"product_shipping_class-versand-t-shirts1","12":"first","13":"instock","14":"taxable","15":"shipping-taxable","16":"purchasable","17":"product-type-variable"},"yoast_head":"<!-- This site is optimized with the Yoast SEO Premium plugin v27.2 (Yoast SEO v27.3) - https:\/\/yoast.com\/product\/yoast-seo-premium-wordpress\/ -->\n<title>Poster: Fantasylandschaft mit spektakul\u00e4ren Felsw\u00e4nden und Hei\u00dfluftballons - raxxa<\/title>\n<meta name=\"robots\" content=\"index, follow, max-snippet:-1, max-image-preview:large, max-video-preview:-1\" \/>\n<link rel=\"canonical\" href=\"https:\/\/www.raxxa.com\/it\/shop\/poster-fantasylandschaft-mit-heissluftballons\/\" \/>\n<meta property=\"og:locale\" content=\"it_IT\" \/>\n<meta property=\"og:type\" content=\"article\" \/>\n<meta property=\"og:title\" content=\"Poster: Fantasylandschaft mit spektakul\u00e4ren Felsw\u00e4nden und Hei\u00dfluftballons\" \/>\n<meta property=\"og:description\" content=\"&quot;Fantasylandschaft mit spektakul\u00e4ren Felsw\u00e4nden und Hei\u00dfluftballons&quot; by Kerstin Waurick Eine Fantasylandschaft mit einem kleinen Dorf inmitten wellenf\u00f6rmiger Felsen. Abendausflug mit Hei\u00dfluftballons. Zwischen spektakul\u00e4r geschwungenen Gebirgsw\u00e4nden liegt ein kleines Dorf mit Kirche. Dar\u00fcber fliegen bunte Ballons, ein Regenbogen schimmert in der Ferne. &nbsp;\" \/>\n<meta property=\"og:url\" content=\"https:\/\/www.raxxa.com\/it\/shop\/poster-fantasylandschaft-mit-heissluftballons\/\" \/>\n<meta property=\"og:site_name\" content=\"raxxa\" \/>\n<meta property=\"article:publisher\" content=\"https:\/\/facebook.com\/raxxacom\" \/>\n<meta property=\"article:modified_time\" content=\"2026-02-28T15:35:28+00:00\" \/>\n<meta property=\"og:image\" content=\"https:\/\/www.raxxa.com\/wp-content\/uploads\/2025\/08\/raxxa-Wallart-373-20582-84-Kerstin-Waurick-Fantasylandschaft-mit-HeiSsluftballons-39.jpg\" \/>\n\t<meta property=\"og:image:width\" content=\"1024\" \/>\n\t<meta property=\"og:image:height\" content=\"1024\" \/>\n\t<meta property=\"og:image:type\" content=\"image\/jpeg\" \/>\n<meta name=\"twitter:card\" content=\"summary_large_image\" \/>\n<meta name=\"twitter:label1\" content=\"Disponibilit\u00e0\" \/>\n\t<meta name=\"twitter:data1\" content=\"In stock\" \/>\n<script type=\"application\/ld+json\" class=\"yoast-schema-graph\">{\"@context\":\"https:\\\/\\\/schema.org\",\"@graph\":[{\"@type\":[\"WebPage\",\"ItemPage\"],\"@id\":\"https:\\\/\\\/www.raxxa.com\\\/shop\\\/poster-fantasylandschaft-mit-heissluftballons\\\/\",\"url\":\"https:\\\/\\\/www.raxxa.com\\\/shop\\\/poster-fantasylandschaft-mit-heissluftballons\\\/\",\"name\":\"Poster: Fantasylandschaft mit spektakul\u00e4ren Felsw\u00e4nden und Hei\u00dfluftballons - raxxa\",\"isPartOf\":{\"@id\":\"https:\\\/\\\/www.raxxa.com\\\/#website\"},\"primaryImageOfPage\":{\"@id\":\"https:\\\/\\\/www.raxxa.com\\\/shop\\\/poster-fantasylandschaft-mit-heissluftballons\\\/#primaryimage\"},\"image\":{\"@id\":\"https:\\\/\\\/www.raxxa.com\\\/shop\\\/poster-fantasylandschaft-mit-heissluftballons\\\/#primaryimage\"},\"thumbnailUrl\":\"https:\\\/\\\/www.raxxa.com\\\/wp-content\\\/uploads\\\/2025\\\/08\\\/raxxa-Wallart-373-20582-84-Kerstin-Waurick-Fantasylandschaft-mit-spektakularen-Felswanden-und-HeiSsluftballons-39.jpg\",\"datePublished\":\"2025-08-06T19:02:16+00:00\",\"dateModified\":\"2026-02-28T15:35:28+00:00\",\"breadcrumb\":{\"@id\":\"https:\\\/\\\/www.raxxa.com\\\/shop\\\/poster-fantasylandschaft-mit-heissluftballons\\\/#breadcrumb\"},\"inLanguage\":\"it-IT\",\"potentialAction\":[{\"@type\":\"ReadAction\",\"target\":[\"https:\\\/\\\/www.raxxa.com\\\/shop\\\/poster-fantasylandschaft-mit-heissluftballons\\\/\"]}]},{\"@type\":\"ImageObject\",\"inLanguage\":\"it-IT\",\"@id\":\"https:\\\/\\\/www.raxxa.com\\\/shop\\\/poster-fantasylandschaft-mit-heissluftballons\\\/#primaryimage\",\"url\":\"https:\\\/\\\/www.raxxa.com\\\/wp-content\\\/uploads\\\/2025\\\/08\\\/raxxa-Wallart-373-20582-84-Kerstin-Waurick-Fantasylandschaft-mit-spektakularen-Felswanden-und-HeiSsluftballons-39.jpg\",\"contentUrl\":\"https:\\\/\\\/www.raxxa.com\\\/wp-content\\\/uploads\\\/2025\\\/08\\\/raxxa-Wallart-373-20582-84-Kerstin-Waurick-Fantasylandschaft-mit-spektakularen-Felswanden-und-HeiSsluftballons-39.jpg\",\"width\":1024,\"height\":1024},{\"@type\":\"BreadcrumbList\",\"@id\":\"https:\\\/\\\/www.raxxa.com\\\/shop\\\/poster-fantasylandschaft-mit-heissluftballons\\\/#breadcrumb\",\"itemListElement\":[{\"@type\":\"ListItem\",\"position\":1,\"name\":\"Startseite\",\"item\":\"https:\\\/\\\/www.raxxa.com\\\/\"},{\"@type\":\"ListItem\",\"position\":2,\"name\":\"Shop\",\"item\":\"https:\\\/\\\/www.raxxa.com\\\/it\\\/shop\\\/\"},{\"@type\":\"ListItem\",\"position\":3,\"name\":\"Poster: Fantasylandschaft mit spektakul\u00e4ren Felsw\u00e4nden und Hei\u00dfluftballons\"}]},{\"@type\":\"WebSite\",\"@id\":\"https:\\\/\\\/www.raxxa.com\\\/#website\",\"url\":\"https:\\\/\\\/www.raxxa.com\\\/\",\"name\":\"raxxa\",\"description\":\"Einzigartige individuelle Produkte von unseren Designern\",\"publisher\":{\"@id\":\"https:\\\/\\\/www.raxxa.com\\\/#organization\"},\"potentialAction\":[{\"@type\":\"SearchAction\",\"target\":{\"@type\":\"EntryPoint\",\"urlTemplate\":\"https:\\\/\\\/www.raxxa.com\\\/?s={search_term_string}\"},\"query-input\":{\"@type\":\"PropertyValueSpecification\",\"valueRequired\":true,\"valueName\":\"search_term_string\"}}],\"inLanguage\":\"it-IT\"},{\"@type\":\"Organization\",\"@id\":\"https:\\\/\\\/www.raxxa.com\\\/#organization\",\"name\":\"raxxa\",\"url\":\"https:\\\/\\\/www.raxxa.com\\\/\",\"logo\":{\"@type\":\"ImageObject\",\"inLanguage\":\"it-IT\",\"@id\":\"https:\\\/\\\/www.raxxa.com\\\/#\\\/schema\\\/logo\\\/image\\\/\",\"url\":\"https:\\\/\\\/www.raxxa.com\\\/wp-content\\\/uploads\\\/2022\\\/07\\\/logo_v2.png\",\"contentUrl\":\"https:\\\/\\\/www.raxxa.com\\\/wp-content\\\/uploads\\\/2022\\\/07\\\/logo_v2.png\",\"width\":380,\"height\":382,\"caption\":\"raxxa\"},\"image\":{\"@id\":\"https:\\\/\\\/www.raxxa.com\\\/#\\\/schema\\\/logo\\\/image\\\/\"},\"sameAs\":[\"https:\\\/\\\/facebook.com\\\/raxxacom\"]}]}<\/script>\n<meta property=\"og:availability\" content=\"instock\" \/>\n<meta property=\"product:availability\" content=\"instock\" \/>\n<meta property=\"product:retailer_item_id\" content=\"1-84-20582-373\" \/>\n<meta property=\"product:condition\" content=\"new\" \/>\n<!-- \/ Yoast SEO Premium plugin. -->","yoast_head_json":{"title":"Poster: Fantasylandschaft mit spektakul\u00e4ren Felsw\u00e4nden und Hei\u00dfluftballons - raxxa","robots":{"index":"index","follow":"follow","max-snippet":"max-snippet:-1","max-image-preview":"max-image-preview:large","max-video-preview":"max-video-preview:-1"},"canonical":"https:\/\/www.raxxa.com\/it\/shop\/poster-fantasylandschaft-mit-heissluftballons\/","og_locale":"it_IT","og_type":"article","og_title":"Poster: Fantasylandschaft mit spektakul\u00e4ren Felsw\u00e4nden und Hei\u00dfluftballons","og_description":"&quot;Fantasylandschaft mit spektakul\u00e4ren Felsw\u00e4nden und Hei\u00dfluftballons&quot; by Kerstin Waurick Eine Fantasylandschaft mit einem kleinen Dorf inmitten wellenf\u00f6rmiger Felsen. Abendausflug mit Hei\u00dfluftballons. Zwischen spektakul\u00e4r geschwungenen Gebirgsw\u00e4nden liegt ein kleines Dorf mit Kirche. Dar\u00fcber fliegen bunte Ballons, ein Regenbogen schimmert in der Ferne. &nbsp;","og_url":"https:\/\/www.raxxa.com\/it\/shop\/poster-fantasylandschaft-mit-heissluftballons\/","og_site_name":"raxxa","article_publisher":"https:\/\/facebook.com\/raxxacom","article_modified_time":"2026-02-28T15:35:28+00:00","og_image":[{"width":1024,"height":1024,"url":"https:\/\/www.raxxa.com\/wp-content\/uploads\/2025\/08\/raxxa-Wallart-373-20582-84-Kerstin-Waurick-Fantasylandschaft-mit-HeiSsluftballons-39.jpg","type":"image\/jpeg"}],"twitter_card":"summary_large_image","twitter_misc":{"Disponibilit\u00e0":"In stock"},"schema":{"@context":"https:\/\/schema.org","@graph":[{"@type":["WebPage","ItemPage"],"@id":"https:\/\/www.raxxa.com\/shop\/poster-fantasylandschaft-mit-heissluftballons\/","url":"https:\/\/www.raxxa.com\/shop\/poster-fantasylandschaft-mit-heissluftballons\/","name":"Poster: Fantasylandschaft mit spektakul\u00e4ren Felsw\u00e4nden und Hei\u00dfluftballons - raxxa","isPartOf":{"@id":"https:\/\/www.raxxa.com\/#website"},"primaryImageOfPage":{"@id":"https:\/\/www.raxxa.com\/shop\/poster-fantasylandschaft-mit-heissluftballons\/#primaryimage"},"image":{"@id":"https:\/\/www.raxxa.com\/shop\/poster-fantasylandschaft-mit-heissluftballons\/#primaryimage"},"thumbnailUrl":"https:\/\/www.raxxa.com\/wp-content\/uploads\/2025\/08\/raxxa-Wallart-373-20582-84-Kerstin-Waurick-Fantasylandschaft-mit-spektakularen-Felswanden-und-HeiSsluftballons-39.jpg","datePublished":"2025-08-06T19:02:16+00:00","dateModified":"2026-02-28T15:35:28+00:00","breadcrumb":{"@id":"https:\/\/www.raxxa.com\/shop\/poster-fantasylandschaft-mit-heissluftballons\/#breadcrumb"},"inLanguage":"it-IT","potentialAction":[{"@type":"ReadAction","target":["https:\/\/www.raxxa.com\/shop\/poster-fantasylandschaft-mit-heissluftballons\/"]}]},{"@type":"ImageObject","inLanguage":"it-IT","@id":"https:\/\/www.raxxa.com\/shop\/poster-fantasylandschaft-mit-heissluftballons\/#primaryimage","url":"https:\/\/www.raxxa.com\/wp-content\/uploads\/2025\/08\/raxxa-Wallart-373-20582-84-Kerstin-Waurick-Fantasylandschaft-mit-spektakularen-Felswanden-und-HeiSsluftballons-39.jpg","contentUrl":"https:\/\/www.raxxa.com\/wp-content\/uploads\/2025\/08\/raxxa-Wallart-373-20582-84-Kerstin-Waurick-Fantasylandschaft-mit-spektakularen-Felswanden-und-HeiSsluftballons-39.jpg","width":1024,"height":1024},{"@type":"BreadcrumbList","@id":"https:\/\/www.raxxa.com\/shop\/poster-fantasylandschaft-mit-heissluftballons\/#breadcrumb","itemListElement":[{"@type":"ListItem","position":1,"name":"Startseite","item":"https:\/\/www.raxxa.com\/"},{"@type":"ListItem","position":2,"name":"Shop","item":"https:\/\/www.raxxa.com\/it\/shop\/"},{"@type":"ListItem","position":3,"name":"Poster: Fantasylandschaft mit spektakul\u00e4ren Felsw\u00e4nden und Hei\u00dfluftballons"}]},{"@type":"WebSite","@id":"https:\/\/www.raxxa.com\/#website","url":"https:\/\/www.raxxa.com\/","name":"raxxa","description":"Prodotti unici e personalizzati dei nostri designer","publisher":{"@id":"https:\/\/www.raxxa.com\/#organization"},"potentialAction":[{"@type":"SearchAction","target":{"@type":"EntryPoint","urlTemplate":"https:\/\/www.raxxa.com\/?s={search_term_string}"},"query-input":{"@type":"PropertyValueSpecification","valueRequired":true,"valueName":"search_term_string"}}],"inLanguage":"it-IT"},{"@type":"Organization","@id":"https:\/\/www.raxxa.com\/#organization","name":"raxxa","url":"https:\/\/www.raxxa.com\/","logo":{"@type":"ImageObject","inLanguage":"it-IT","@id":"https:\/\/www.raxxa.com\/#\/schema\/logo\/image\/","url":"https:\/\/www.raxxa.com\/wp-content\/uploads\/2022\/07\/logo_v2.png","contentUrl":"https:\/\/www.raxxa.com\/wp-content\/uploads\/2022\/07\/logo_v2.png","width":380,"height":382,"caption":"raxxa"},"image":{"@id":"https:\/\/www.raxxa.com\/#\/schema\/logo\/image\/"},"sameAs":["https:\/\/facebook.com\/raxxacom"]}]},"og_availability":"instock","product_availability":"instock","product_retailer_item_id":"1-84-20582-373","product_condition":"new"},"jetpack_sharing_enabled":true,"_links":{"self":[{"href":"https:\/\/www.raxxa.com\/it\/wp-json\/wp\/v2\/product\/237233","targetHints":{"allow":["GET"]}}],"collection":[{"href":"https:\/\/www.raxxa.com\/it\/wp-json\/wp\/v2\/product"}],"about":[{"href":"https:\/\/www.raxxa.com\/it\/wp-json\/wp\/v2\/types\/product"}],"replies":[{"embeddable":true,"href":"https:\/\/www.raxxa.com\/it\/wp-json\/wp\/v2\/comments?post=237233"}],"wp:featuredmedia":[{"embeddable":true,"href":"https:\/\/www.raxxa.com\/it\/wp-json\/wp\/v2\/media\/285161"}],"wp:attachment":[{"href":"https:\/\/www.raxxa.com\/it\/wp-json\/wp\/v2\/media?parent=237233"}],"wp:term":[{"taxonomy":"product_brand","embeddable":true,"href":"https:\/\/www.raxxa.com\/it\/wp-json\/wp\/v2\/product_brand?post=237233"},{"taxonomy":"product_cat","embeddable":true,"href":"https:\/\/www.raxxa.com\/it\/wp-json\/wp\/v2\/product_cat?post=237233"},{"taxonomy":"product_tag","embeddable":true,"href":"https:\/\/www.raxxa.com\/it\/wp-json\/wp\/v2\/product_tag?post=237233"}],"curies":[{"name":"wp","href":"https:\/\/api.w.org\/{rel}","templated":true}]}}