{"id":226443,"date":"2025-05-13T23:17:34","date_gmt":"2025-05-13T21:17:34","guid":{"rendered":"https:\/\/www.raxxa.com\/shop\/raxxa-premium-tasse-nostalgischer-papageien-dschungel\/"},"modified":"2025-08-25T09:14:06","modified_gmt":"2025-08-25T07:14:06","slug":"raxxa-premium-tasse-nostalgischer-papageien-dschungel","status":"publish","type":"product","link":"https:\/\/www.raxxa.com\/it\/shop\/raxxa-premium-tasse-nostalgischer-papageien-dschungel\/","title":{"rendered":"raxxa Premium-Tasse: Nostalgischer Papageien Dschungel"},"content":{"rendered":"<h3><strong>&quot;Nostalgischer Papageien Dschungel&quot; by Uta Naumann<\/strong><\/h3>\n<p><strong><\/strong><\/p>\n<p>Un lussuoso motivo vintage ispirato all'esotismo tropicale crea una composizione affascinante. Vibranti passiflore rosse con i loro dettagli intricati sbocciano su uno sfondo profondo ed esotico. Pappagalli gialli, con le loro piume vibranti e i loro colori squisiti, adornano il disegno e gli conferiscono una vivacit\u00e0 giocosa. Questo disegno cattura la bellezza della natura e della fauna esotica ed emana un'atmosfera lussuosa e senza tempo che stuzzica i sensi e ricorda le lontane oasi tropicali.<\/p>\n<p>&nbsp;<\/p>\n<ul><li>DIMENSIONEN: Mit Ma\u00dfen von H\u00f6he: 95 mm, \u00d8 80 mm und einer Kapazit\u00e4t von ca. 330ml ist sie die ideale Wahl f\u00fcr jeden Kaffeeliebhaber oder Teetrinker.<\/li><li>LANGLEBIG: Diese weisse Keramik-Tasse ist sowohl sp\u00fclmaschinen- als auch mikrowellenfest.<\/li><li>SPEZIELL: Jedes St\u00fcck ist ein ganz besonderes individuelles Produkt und wird erst nach der Bestellung extra f\u00fcr Sie mit Ihrem Wunschmotiv angefertigt.<\/li><li>ECHTES HANDWERK: Die Tassen werden mit Sorgfalt in Deutschland bedruckt, garantieren Langlebigkeit der Designs und sind das perfekte Geschenk.<\/li><li>UNTERST\u00dcTZUNG: Mit Ihrem Kauf eines raxxa-Produkts wird direkt ein K\u00fcnstler aus unserer raxxa-Community von aktuell \u00fcber 200 K\u00fcnstlern \/ Designern \/ Fotografen unterst\u00fctzt.<\/li><\/ul>","protected":false},"excerpt":{"rendered":"<p>&quot;Nostalgischer Papageien Dschungel&quot; by Uta Naumann Ein luxuri\u00f6ses Vintage-Muster, das von tropischer Exotik inspiriert ist, zeigt eine faszinierende Komposition. Lebhafte rote Passionsblumen mit ihren filigranen Details bl\u00fchen vor einem tiefen, exotischen Hintergrund. Gelbe Papageien, mit ihren lebendigen Federn und exquisiten Farben, schm\u00fccken das Design und verleihen ihm eine verspielte Lebendigkeit. Dieses Muster f\u00e4ngt die Sch\u00f6nheit [&hellip;]<\/p>\n","protected":false},"featured_media":237913,"comment_status":"open","ping_status":"closed","template":"","meta":[],"product_brand":[],"product_cat":[136,11218,11606],"product_tag":[],"class_list":{"0":"post-226443","1":"product","2":"type-product","3":"status-publish","4":"has-post-thumbnail","6":"product_cat-natur","7":"product_cat-uta-naumann","8":"product_cat-tassen","9":"product_shipping_class-versand-tassen","11":"first","12":"instock","13":"taxable","14":"shipping-taxable","15":"purchasable","16":"product-type-simple"},"yoast_head":"<!-- This site is optimized with the Yoast SEO Premium plugin v27.5 (Yoast SEO v27.6) - https:\/\/yoast.com\/product\/yoast-seo-premium-wordpress\/ -->\n<title>raxxa Premium-Tasse: Nostalgischer Papageien Dschungel - raxxa<\/title>\n<meta name=\"robots\" content=\"index, follow, max-snippet:-1, max-image-preview:large, max-video-preview:-1\" \/>\n<link rel=\"canonical\" href=\"https:\/\/www.raxxa.com\/it\/shop\/raxxa-premium-tasse-nostalgischer-papageien-dschungel\/\" \/>\n<meta property=\"og:locale\" content=\"it_IT\" \/>\n<meta property=\"og:type\" content=\"article\" \/>\n<meta property=\"og:title\" content=\"raxxa Premium-Tasse: Nostalgischer Papageien Dschungel\" \/>\n<meta property=\"og:description\" content=\"&quot;Nostalgischer Papageien Dschungel&quot; by Uta Naumann Ein luxuri\u00f6ses Vintage-Muster, das von tropischer Exotik inspiriert ist, zeigt eine faszinierende Komposition. Lebhafte rote Passionsblumen mit ihren filigranen Details bl\u00fchen vor einem tiefen, exotischen Hintergrund. Gelbe Papageien, mit ihren lebendigen Federn und exquisiten Farben, schm\u00fccken das Design und verleihen ihm eine verspielte Lebendigkeit. Dieses Muster f\u00e4ngt die Sch\u00f6nheit [&hellip;]\" \/>\n<meta property=\"og:url\" content=\"https:\/\/www.raxxa.com\/it\/shop\/raxxa-premium-tasse-nostalgischer-papageien-dschungel\/\" \/>\n<meta property=\"og:site_name\" content=\"raxxa\" \/>\n<meta property=\"article:publisher\" content=\"https:\/\/facebook.com\/raxxacom\" \/>\n<meta property=\"article:modified_time\" content=\"2025-08-25T07:14:06+00:00\" \/>\n<meta name=\"twitter:card\" content=\"summary_large_image\" \/>\n<meta name=\"twitter:label1\" content=\"Prezzo\" \/>\n\t<meta name=\"twitter:data1\" content=\"&euro;14,90\" \/>\n\t<meta name=\"twitter:label2\" content=\"Disponibilit\u00e0\" \/>\n\t<meta name=\"twitter:data2\" content=\"In stock\" \/>\n<script type=\"application\/ld+json\" class=\"yoast-schema-graph\">{\"@context\":\"https:\\\/\\\/schema.org\",\"@graph\":[{\"@type\":[\"WebPage\",\"ItemPage\"],\"@id\":\"https:\\\/\\\/www.raxxa.com\\\/shop\\\/raxxa-premium-tasse-nostalgischer-papageien-dschungel\\\/\",\"url\":\"https:\\\/\\\/www.raxxa.com\\\/shop\\\/raxxa-premium-tasse-nostalgischer-papageien-dschungel\\\/\",\"name\":\"raxxa Premium-Tasse: Nostalgischer Papageien Dschungel - raxxa\",\"isPartOf\":{\"@id\":\"https:\\\/\\\/www.raxxa.com\\\/#website\"},\"primaryImageOfPage\":{\"@id\":\"https:\\\/\\\/www.raxxa.com\\\/shop\\\/raxxa-premium-tasse-nostalgischer-papageien-dschungel\\\/#primaryimage\"},\"image\":{\"@id\":\"https:\\\/\\\/www.raxxa.com\\\/shop\\\/raxxa-premium-tasse-nostalgischer-papageien-dschungel\\\/#primaryimage\"},\"thumbnailUrl\":\"https:\\\/\\\/www.raxxa.com\\\/wp-content\\\/uploads\\\/2025\\\/08\\\/raxxa-Tasse-282-7470-143-Uta-Naumann-Nostalgischer-Papageien-Dschungel-1-scaled.png\",\"datePublished\":\"2025-05-13T21:17:34+00:00\",\"dateModified\":\"2025-08-25T07:14:06+00:00\",\"breadcrumb\":{\"@id\":\"https:\\\/\\\/www.raxxa.com\\\/shop\\\/raxxa-premium-tasse-nostalgischer-papageien-dschungel\\\/#breadcrumb\"},\"inLanguage\":\"it-IT\",\"potentialAction\":[{\"@type\":\"ReadAction\",\"target\":[\"https:\\\/\\\/www.raxxa.com\\\/shop\\\/raxxa-premium-tasse-nostalgischer-papageien-dschungel\\\/\"]}]},{\"@type\":\"ImageObject\",\"inLanguage\":\"it-IT\",\"@id\":\"https:\\\/\\\/www.raxxa.com\\\/shop\\\/raxxa-premium-tasse-nostalgischer-papageien-dschungel\\\/#primaryimage\",\"url\":\"https:\\\/\\\/www.raxxa.com\\\/wp-content\\\/uploads\\\/2025\\\/08\\\/raxxa-Tasse-282-7470-143-Uta-Naumann-Nostalgischer-Papageien-Dschungel-1-scaled.png\",\"contentUrl\":\"https:\\\/\\\/www.raxxa.com\\\/wp-content\\\/uploads\\\/2025\\\/08\\\/raxxa-Tasse-282-7470-143-Uta-Naumann-Nostalgischer-Papageien-Dschungel-1-scaled.png\",\"width\":2560,\"height\":2560},{\"@type\":\"BreadcrumbList\",\"@id\":\"https:\\\/\\\/www.raxxa.com\\\/shop\\\/raxxa-premium-tasse-nostalgischer-papageien-dschungel\\\/#breadcrumb\",\"itemListElement\":[{\"@type\":\"ListItem\",\"position\":1,\"name\":\"Startseite\",\"item\":\"https:\\\/\\\/www.raxxa.com\\\/\"},{\"@type\":\"ListItem\",\"position\":2,\"name\":\"Shop\",\"item\":\"https:\\\/\\\/www.raxxa.com\\\/it\\\/shop\\\/\"},{\"@type\":\"ListItem\",\"position\":3,\"name\":\"raxxa Premium-Tasse: Nostalgischer Papageien Dschungel\"}]},{\"@type\":\"WebSite\",\"@id\":\"https:\\\/\\\/www.raxxa.com\\\/#website\",\"url\":\"https:\\\/\\\/www.raxxa.com\\\/\",\"name\":\"raxxa\",\"description\":\"Einzigartige individuelle Produkte von unseren Designern\",\"publisher\":{\"@id\":\"https:\\\/\\\/www.raxxa.com\\\/#organization\"},\"potentialAction\":[{\"@type\":\"SearchAction\",\"target\":{\"@type\":\"EntryPoint\",\"urlTemplate\":\"https:\\\/\\\/www.raxxa.com\\\/?s={search_term_string}\"},\"query-input\":{\"@type\":\"PropertyValueSpecification\",\"valueRequired\":true,\"valueName\":\"search_term_string\"}}],\"inLanguage\":\"it-IT\"},{\"@type\":\"Organization\",\"@id\":\"https:\\\/\\\/www.raxxa.com\\\/#organization\",\"name\":\"raxxa\",\"url\":\"https:\\\/\\\/www.raxxa.com\\\/\",\"logo\":{\"@type\":\"ImageObject\",\"inLanguage\":\"it-IT\",\"@id\":\"https:\\\/\\\/www.raxxa.com\\\/#\\\/schema\\\/logo\\\/image\\\/\",\"url\":\"https:\\\/\\\/www.raxxa.com\\\/wp-content\\\/uploads\\\/2022\\\/07\\\/logo_v2.png\",\"contentUrl\":\"https:\\\/\\\/www.raxxa.com\\\/wp-content\\\/uploads\\\/2022\\\/07\\\/logo_v2.png\",\"width\":380,\"height\":382,\"caption\":\"raxxa\"},\"image\":{\"@id\":\"https:\\\/\\\/www.raxxa.com\\\/#\\\/schema\\\/logo\\\/image\\\/\"},\"sameAs\":[\"https:\\\/\\\/facebook.com\\\/raxxacom\"]}]}<\/script>\n<meta property=\"product:price:amount\" content=\"14.90\" \/>\n<meta property=\"product:price:currency\" content=\"EUR\" \/>\n<meta property=\"og:availability\" content=\"instock\" \/>\n<meta property=\"product:availability\" content=\"instock\" \/>\n<meta property=\"product:retailer_item_id\" content=\"1-14518-7470-282\" \/>\n<meta property=\"product:condition\" content=\"new\" \/>\n<!-- \/ Yoast SEO Premium plugin. -->","yoast_head_json":{"title":"raxxa Premium-Tasse: Nostalgischer Papageien Dschungel - raxxa","robots":{"index":"index","follow":"follow","max-snippet":"max-snippet:-1","max-image-preview":"max-image-preview:large","max-video-preview":"max-video-preview:-1"},"canonical":"https:\/\/www.raxxa.com\/it\/shop\/raxxa-premium-tasse-nostalgischer-papageien-dschungel\/","og_locale":"it_IT","og_type":"article","og_title":"raxxa Premium-Tasse: Nostalgischer Papageien Dschungel","og_description":"&quot;Nostalgischer Papageien Dschungel&quot; by Uta Naumann Ein luxuri\u00f6ses Vintage-Muster, das von tropischer Exotik inspiriert ist, zeigt eine faszinierende Komposition. Lebhafte rote Passionsblumen mit ihren filigranen Details bl\u00fchen vor einem tiefen, exotischen Hintergrund. Gelbe Papageien, mit ihren lebendigen Federn und exquisiten Farben, schm\u00fccken das Design und verleihen ihm eine verspielte Lebendigkeit. Dieses Muster f\u00e4ngt die Sch\u00f6nheit [&hellip;]","og_url":"https:\/\/www.raxxa.com\/it\/shop\/raxxa-premium-tasse-nostalgischer-papageien-dschungel\/","og_site_name":"raxxa","article_publisher":"https:\/\/facebook.com\/raxxacom","article_modified_time":"2025-08-25T07:14:06+00:00","twitter_card":"summary_large_image","twitter_misc":{"Prezzo":"&euro;14,90","Disponibilit\u00e0":"In stock"},"schema":{"@context":"https:\/\/schema.org","@graph":[{"@type":["WebPage","ItemPage"],"@id":"https:\/\/www.raxxa.com\/shop\/raxxa-premium-tasse-nostalgischer-papageien-dschungel\/","url":"https:\/\/www.raxxa.com\/shop\/raxxa-premium-tasse-nostalgischer-papageien-dschungel\/","name":"raxxa Premium-Tasse: Nostalgischer Papageien Dschungel - raxxa","isPartOf":{"@id":"https:\/\/www.raxxa.com\/#website"},"primaryImageOfPage":{"@id":"https:\/\/www.raxxa.com\/shop\/raxxa-premium-tasse-nostalgischer-papageien-dschungel\/#primaryimage"},"image":{"@id":"https:\/\/www.raxxa.com\/shop\/raxxa-premium-tasse-nostalgischer-papageien-dschungel\/#primaryimage"},"thumbnailUrl":"https:\/\/www.raxxa.com\/wp-content\/uploads\/2025\/08\/raxxa-Tasse-282-7470-143-Uta-Naumann-Nostalgischer-Papageien-Dschungel-1-scaled.png","datePublished":"2025-05-13T21:17:34+00:00","dateModified":"2025-08-25T07:14:06+00:00","breadcrumb":{"@id":"https:\/\/www.raxxa.com\/shop\/raxxa-premium-tasse-nostalgischer-papageien-dschungel\/#breadcrumb"},"inLanguage":"it-IT","potentialAction":[{"@type":"ReadAction","target":["https:\/\/www.raxxa.com\/shop\/raxxa-premium-tasse-nostalgischer-papageien-dschungel\/"]}]},{"@type":"ImageObject","inLanguage":"it-IT","@id":"https:\/\/www.raxxa.com\/shop\/raxxa-premium-tasse-nostalgischer-papageien-dschungel\/#primaryimage","url":"https:\/\/www.raxxa.com\/wp-content\/uploads\/2025\/08\/raxxa-Tasse-282-7470-143-Uta-Naumann-Nostalgischer-Papageien-Dschungel-1-scaled.png","contentUrl":"https:\/\/www.raxxa.com\/wp-content\/uploads\/2025\/08\/raxxa-Tasse-282-7470-143-Uta-Naumann-Nostalgischer-Papageien-Dschungel-1-scaled.png","width":2560,"height":2560},{"@type":"BreadcrumbList","@id":"https:\/\/www.raxxa.com\/shop\/raxxa-premium-tasse-nostalgischer-papageien-dschungel\/#breadcrumb","itemListElement":[{"@type":"ListItem","position":1,"name":"Startseite","item":"https:\/\/www.raxxa.com\/"},{"@type":"ListItem","position":2,"name":"Shop","item":"https:\/\/www.raxxa.com\/it\/shop\/"},{"@type":"ListItem","position":3,"name":"raxxa Premium-Tasse: Nostalgischer Papageien Dschungel"}]},{"@type":"WebSite","@id":"https:\/\/www.raxxa.com\/#website","url":"https:\/\/www.raxxa.com\/","name":"raxxa","description":"Prodotti unici e personalizzati dei nostri designer","publisher":{"@id":"https:\/\/www.raxxa.com\/#organization"},"potentialAction":[{"@type":"SearchAction","target":{"@type":"EntryPoint","urlTemplate":"https:\/\/www.raxxa.com\/?s={search_term_string}"},"query-input":{"@type":"PropertyValueSpecification","valueRequired":true,"valueName":"search_term_string"}}],"inLanguage":"it-IT"},{"@type":"Organization","@id":"https:\/\/www.raxxa.com\/#organization","name":"raxxa","url":"https:\/\/www.raxxa.com\/","logo":{"@type":"ImageObject","inLanguage":"it-IT","@id":"https:\/\/www.raxxa.com\/#\/schema\/logo\/image\/","url":"https:\/\/www.raxxa.com\/wp-content\/uploads\/2022\/07\/logo_v2.png","contentUrl":"https:\/\/www.raxxa.com\/wp-content\/uploads\/2022\/07\/logo_v2.png","width":380,"height":382,"caption":"raxxa"},"image":{"@id":"https:\/\/www.raxxa.com\/#\/schema\/logo\/image\/"},"sameAs":["https:\/\/facebook.com\/raxxacom"]}]},"product_price_amount":"14.90","product_price_currency":"EUR","og_availability":"instock","product_availability":"instock","product_retailer_item_id":"1-14518-7470-282","product_condition":"new"},"jetpack_sharing_enabled":true,"_links":{"self":[{"href":"https:\/\/www.raxxa.com\/it\/wp-json\/wp\/v2\/product\/226443","targetHints":{"allow":["GET"]}}],"collection":[{"href":"https:\/\/www.raxxa.com\/it\/wp-json\/wp\/v2\/product"}],"about":[{"href":"https:\/\/www.raxxa.com\/it\/wp-json\/wp\/v2\/types\/product"}],"replies":[{"embeddable":true,"href":"https:\/\/www.raxxa.com\/it\/wp-json\/wp\/v2\/comments?post=226443"}],"wp:featuredmedia":[{"embeddable":true,"href":"https:\/\/www.raxxa.com\/it\/wp-json\/wp\/v2\/media\/237913"}],"wp:attachment":[{"href":"https:\/\/www.raxxa.com\/it\/wp-json\/wp\/v2\/media?parent=226443"}],"wp:term":[{"taxonomy":"product_brand","embeddable":true,"href":"https:\/\/www.raxxa.com\/it\/wp-json\/wp\/v2\/product_brand?post=226443"},{"taxonomy":"product_cat","embeddable":true,"href":"https:\/\/www.raxxa.com\/it\/wp-json\/wp\/v2\/product_cat?post=226443"},{"taxonomy":"product_tag","embeddable":true,"href":"https:\/\/www.raxxa.com\/it\/wp-json\/wp\/v2\/product_tag?post=226443"}],"curies":[{"name":"wp","href":"https:\/\/api.w.org\/{rel}","templated":true}]}}