{"id":218141,"date":"2025-02-23T00:29:29","date_gmt":"2025-02-22T22:29:29","guid":{"rendered":"https:\/\/www.raxxa.com\/?post_type=product&#038;p=218141"},"modified":"2025-10-30T22:11:51","modified_gmt":"2025-10-30T20:11:51","slug":"raxxa-canva-der-hafen-von-buesum","status":"publish","type":"product","link":"https:\/\/www.raxxa.com\/it\/shop\/raxxa-canva-der-hafen-von-buesum\/","title":{"rendered":"raxxa Canva: Il porto di B\u00fcsum"},"content":{"rendered":"<h3><strong>\"Il porto di B\u00fcsum\" di Andrea Potratz<\/strong><\/h3>\n<p><strong><\/strong><\/p>\n<p>Il porto di B\u00fcsum \u00e8 una parte vivace e centrale della citt\u00e0 costiera della Germania settentrionale sul Mare del Nord. Serve sia come porto di pesca che come punto di partenza per numerose attivit\u00e0 di svago e per i collegamenti in traghetto con le isole vicine, come Helgoland.<\/p>\n<p>&nbsp;<\/p>\n<ul><li>Tela classica con bordo di 2 cm, 100 poliestere %.<\/li><li>Inchiostri HP latex di alta qualit\u00e0 con protezione UV che garantiscono colori vivaci e resistenza alla luce.<\/li><li>Telaio in legno certificato FSC<\/li><li>Su richiesta, questo prodotto pu\u00f2 essere realizzato appositamente per voi nelle dimensioni e nel design desiderati.<\/li><\/ul>","protected":false},"excerpt":{"rendered":"<p>&quot;Der Hafen von B\u00fcsum&quot; by Andrea Potratz Der Hafen von B\u00fcsum ist ein lebendiger und zentraler Bestandteil des norddeutschen K\u00fcstenortes an der Nordsee. Er dient sowohl als Fischereihafen als auch als Ausgangspunkt f\u00fcr zahlreiche Freizeitaktivit\u00e4ten und F\u00e4hrverbindungen zu den nahegelegenen Inseln, wie z.B. Helgoland. &nbsp;<\/p>","protected":false},"featured_media":245176,"comment_status":"open","ping_status":"closed","template":"","meta":[],"product_brand":[],"product_cat":[12937,12973,163],"product_tag":[12988],"class_list":{"0":"post-218141","1":"product","2":"type-product","3":"status-publish","4":"has-post-thumbnail","6":"product_cat-canvas","7":"product_cat-andrea-potratz","8":"product_cat-stimmung","9":"product_tag-nordsee-buesum-haffen-schiffe","10":"product_shipping_class-versand-canvas","12":"first","13":"instock","14":"taxable","15":"shipping-taxable","16":"purchasable","17":"product-type-variable"},"yoast_head":"<!-- This site is optimized with the Yoast SEO Premium plugin v27.5 (Yoast SEO v27.6) - https:\/\/yoast.com\/product\/yoast-seo-premium-wordpress\/ -->\n<title>raxxa Canva: Der Hafen von B\u00fcsum - raxxa<\/title>\n<meta name=\"robots\" content=\"index, follow, max-snippet:-1, max-image-preview:large, max-video-preview:-1\" \/>\n<link rel=\"canonical\" href=\"https:\/\/www.raxxa.com\/it\/shop\/raxxa-canva-der-hafen-von-buesum\/\" \/>\n<meta property=\"og:locale\" content=\"it_IT\" \/>\n<meta property=\"og:type\" content=\"article\" \/>\n<meta property=\"og:title\" content=\"raxxa Canva: Der Hafen von B\u00fcsum\" \/>\n<meta property=\"og:description\" content=\"&quot;Der Hafen von B\u00fcsum&quot; by Andrea Potratz Der Hafen von B\u00fcsum ist ein lebendiger und zentraler Bestandteil des norddeutschen K\u00fcstenortes an der Nordsee. Er dient sowohl als Fischereihafen als auch als Ausgangspunkt f\u00fcr zahlreiche Freizeitaktivit\u00e4ten und F\u00e4hrverbindungen zu den nahegelegenen Inseln, wie z.B. Helgoland. &nbsp;\" \/>\n<meta property=\"og:url\" content=\"https:\/\/www.raxxa.com\/it\/shop\/raxxa-canva-der-hafen-von-buesum\/\" \/>\n<meta property=\"og:site_name\" content=\"raxxa\" \/>\n<meta property=\"article:publisher\" content=\"https:\/\/facebook.com\/raxxacom\" \/>\n<meta property=\"article:modified_time\" content=\"2025-10-30T20:11:51+00:00\" \/>\n<meta property=\"og:image\" content=\"https:\/\/www.raxxa.com\/wp-content\/uploads\/2025\/02\/raxxa-Canvas-348-19694-133-Andrea-Potratz-Der-Hafen-von-Buesum-2-scaled.jpg\" \/>\n\t<meta property=\"og:image:width\" content=\"2560\" \/>\n\t<meta property=\"og:image:height\" content=\"1918\" \/>\n\t<meta property=\"og:image:type\" content=\"image\/jpeg\" \/>\n<meta name=\"twitter:card\" content=\"summary_large_image\" \/>\n<meta name=\"twitter:label1\" content=\"Disponibilit\u00e0\" \/>\n\t<meta name=\"twitter:data1\" content=\"In stock\" \/>\n<script type=\"application\/ld+json\" class=\"yoast-schema-graph\">{\"@context\":\"https:\\\/\\\/schema.org\",\"@graph\":[{\"@type\":[\"WebPage\",\"ItemPage\"],\"@id\":\"https:\\\/\\\/www.raxxa.com\\\/es\\\/shop\\\/raxxa-canva-der-hafen-von-buesum\\\/\",\"url\":\"https:\\\/\\\/www.raxxa.com\\\/es\\\/shop\\\/raxxa-canva-der-hafen-von-buesum\\\/\",\"name\":\"raxxa Canva: Der Hafen von B\u00fcsum - raxxa\",\"isPartOf\":{\"@id\":\"https:\\\/\\\/www.raxxa.com\\\/#website\"},\"primaryImageOfPage\":{\"@id\":\"https:\\\/\\\/www.raxxa.com\\\/es\\\/shop\\\/raxxa-canva-der-hafen-von-buesum\\\/#primaryimage\"},\"image\":{\"@id\":\"https:\\\/\\\/www.raxxa.com\\\/es\\\/shop\\\/raxxa-canva-der-hafen-von-buesum\\\/#primaryimage\"},\"thumbnailUrl\":\"https:\\\/\\\/www.raxxa.com\\\/wp-content\\\/uploads\\\/2025\\\/02\\\/raxxa-Canvas-348-19694-133-Andrea-Potratz-Der-Hafen-von-Buesum-2-scaled.jpg\",\"datePublished\":\"2025-02-22T22:29:29+00:00\",\"dateModified\":\"2025-10-30T20:11:51+00:00\",\"breadcrumb\":{\"@id\":\"https:\\\/\\\/www.raxxa.com\\\/es\\\/shop\\\/raxxa-canva-der-hafen-von-buesum\\\/#breadcrumb\"},\"inLanguage\":\"it-IT\",\"potentialAction\":[{\"@type\":\"ReadAction\",\"target\":[\"https:\\\/\\\/www.raxxa.com\\\/es\\\/shop\\\/raxxa-canva-der-hafen-von-buesum\\\/\"]}]},{\"@type\":\"ImageObject\",\"inLanguage\":\"it-IT\",\"@id\":\"https:\\\/\\\/www.raxxa.com\\\/es\\\/shop\\\/raxxa-canva-der-hafen-von-buesum\\\/#primaryimage\",\"url\":\"https:\\\/\\\/www.raxxa.com\\\/wp-content\\\/uploads\\\/2025\\\/02\\\/raxxa-Canvas-348-19694-133-Andrea-Potratz-Der-Hafen-von-Buesum-2-scaled.jpg\",\"contentUrl\":\"https:\\\/\\\/www.raxxa.com\\\/wp-content\\\/uploads\\\/2025\\\/02\\\/raxxa-Canvas-348-19694-133-Andrea-Potratz-Der-Hafen-von-Buesum-2-scaled.jpg\",\"width\":2560,\"height\":1918},{\"@type\":\"BreadcrumbList\",\"@id\":\"https:\\\/\\\/www.raxxa.com\\\/es\\\/shop\\\/raxxa-canva-der-hafen-von-buesum\\\/#breadcrumb\",\"itemListElement\":[{\"@type\":\"ListItem\",\"position\":1,\"name\":\"Startseite\",\"item\":\"https:\\\/\\\/www.raxxa.com\\\/\"},{\"@type\":\"ListItem\",\"position\":2,\"name\":\"Shop\",\"item\":\"https:\\\/\\\/www.raxxa.com\\\/it\\\/shop\\\/\"},{\"@type\":\"ListItem\",\"position\":3,\"name\":\"raxxa Canva: Der Hafen von B\u00fcsum\"}]},{\"@type\":\"WebSite\",\"@id\":\"https:\\\/\\\/www.raxxa.com\\\/#website\",\"url\":\"https:\\\/\\\/www.raxxa.com\\\/\",\"name\":\"raxxa\",\"description\":\"Einzigartige individuelle Produkte von unseren Designern\",\"publisher\":{\"@id\":\"https:\\\/\\\/www.raxxa.com\\\/#organization\"},\"potentialAction\":[{\"@type\":\"SearchAction\",\"target\":{\"@type\":\"EntryPoint\",\"urlTemplate\":\"https:\\\/\\\/www.raxxa.com\\\/?s={search_term_string}\"},\"query-input\":{\"@type\":\"PropertyValueSpecification\",\"valueRequired\":true,\"valueName\":\"search_term_string\"}}],\"inLanguage\":\"it-IT\"},{\"@type\":\"Organization\",\"@id\":\"https:\\\/\\\/www.raxxa.com\\\/#organization\",\"name\":\"raxxa\",\"url\":\"https:\\\/\\\/www.raxxa.com\\\/\",\"logo\":{\"@type\":\"ImageObject\",\"inLanguage\":\"it-IT\",\"@id\":\"https:\\\/\\\/www.raxxa.com\\\/#\\\/schema\\\/logo\\\/image\\\/\",\"url\":\"https:\\\/\\\/www.raxxa.com\\\/wp-content\\\/uploads\\\/2022\\\/07\\\/logo_v2.png\",\"contentUrl\":\"https:\\\/\\\/www.raxxa.com\\\/wp-content\\\/uploads\\\/2022\\\/07\\\/logo_v2.png\",\"width\":380,\"height\":382,\"caption\":\"raxxa\"},\"image\":{\"@id\":\"https:\\\/\\\/www.raxxa.com\\\/#\\\/schema\\\/logo\\\/image\\\/\"},\"sameAs\":[\"https:\\\/\\\/facebook.com\\\/raxxacom\"]}]}<\/script>\n<meta property=\"og:availability\" content=\"instock\" \/>\n<meta property=\"product:availability\" content=\"instock\" \/>\n<meta property=\"product:retailer_item_id\" content=\"1-133-19694-348\" \/>\n<meta property=\"product:condition\" content=\"new\" \/>\n<!-- \/ Yoast SEO Premium plugin. -->","yoast_head_json":{"title":"raxxa Canva: Der Hafen von B\u00fcsum - raxxa","robots":{"index":"index","follow":"follow","max-snippet":"max-snippet:-1","max-image-preview":"max-image-preview:large","max-video-preview":"max-video-preview:-1"},"canonical":"https:\/\/www.raxxa.com\/it\/shop\/raxxa-canva-der-hafen-von-buesum\/","og_locale":"it_IT","og_type":"article","og_title":"raxxa Canva: Der Hafen von B\u00fcsum","og_description":"&quot;Der Hafen von B\u00fcsum&quot; by Andrea Potratz Der Hafen von B\u00fcsum ist ein lebendiger und zentraler Bestandteil des norddeutschen K\u00fcstenortes an der Nordsee. Er dient sowohl als Fischereihafen als auch als Ausgangspunkt f\u00fcr zahlreiche Freizeitaktivit\u00e4ten und F\u00e4hrverbindungen zu den nahegelegenen Inseln, wie z.B. Helgoland. &nbsp;","og_url":"https:\/\/www.raxxa.com\/it\/shop\/raxxa-canva-der-hafen-von-buesum\/","og_site_name":"raxxa","article_publisher":"https:\/\/facebook.com\/raxxacom","article_modified_time":"2025-10-30T20:11:51+00:00","og_image":[{"width":2560,"height":1918,"url":"https:\/\/www.raxxa.com\/wp-content\/uploads\/2025\/02\/raxxa-Canvas-348-19694-133-Andrea-Potratz-Der-Hafen-von-Buesum-2-scaled.jpg","type":"image\/jpeg"}],"twitter_card":"summary_large_image","twitter_misc":{"Disponibilit\u00e0":"In stock"},"schema":{"@context":"https:\/\/schema.org","@graph":[{"@type":["WebPage","ItemPage"],"@id":"https:\/\/www.raxxa.com\/es\/shop\/raxxa-canva-der-hafen-von-buesum\/","url":"https:\/\/www.raxxa.com\/es\/shop\/raxxa-canva-der-hafen-von-buesum\/","name":"raxxa Canva: Der Hafen von B\u00fcsum - raxxa","isPartOf":{"@id":"https:\/\/www.raxxa.com\/#website"},"primaryImageOfPage":{"@id":"https:\/\/www.raxxa.com\/es\/shop\/raxxa-canva-der-hafen-von-buesum\/#primaryimage"},"image":{"@id":"https:\/\/www.raxxa.com\/es\/shop\/raxxa-canva-der-hafen-von-buesum\/#primaryimage"},"thumbnailUrl":"https:\/\/www.raxxa.com\/wp-content\/uploads\/2025\/02\/raxxa-Canvas-348-19694-133-Andrea-Potratz-Der-Hafen-von-Buesum-2-scaled.jpg","datePublished":"2025-02-22T22:29:29+00:00","dateModified":"2025-10-30T20:11:51+00:00","breadcrumb":{"@id":"https:\/\/www.raxxa.com\/es\/shop\/raxxa-canva-der-hafen-von-buesum\/#breadcrumb"},"inLanguage":"it-IT","potentialAction":[{"@type":"ReadAction","target":["https:\/\/www.raxxa.com\/es\/shop\/raxxa-canva-der-hafen-von-buesum\/"]}]},{"@type":"ImageObject","inLanguage":"it-IT","@id":"https:\/\/www.raxxa.com\/es\/shop\/raxxa-canva-der-hafen-von-buesum\/#primaryimage","url":"https:\/\/www.raxxa.com\/wp-content\/uploads\/2025\/02\/raxxa-Canvas-348-19694-133-Andrea-Potratz-Der-Hafen-von-Buesum-2-scaled.jpg","contentUrl":"https:\/\/www.raxxa.com\/wp-content\/uploads\/2025\/02\/raxxa-Canvas-348-19694-133-Andrea-Potratz-Der-Hafen-von-Buesum-2-scaled.jpg","width":2560,"height":1918},{"@type":"BreadcrumbList","@id":"https:\/\/www.raxxa.com\/es\/shop\/raxxa-canva-der-hafen-von-buesum\/#breadcrumb","itemListElement":[{"@type":"ListItem","position":1,"name":"Startseite","item":"https:\/\/www.raxxa.com\/"},{"@type":"ListItem","position":2,"name":"Shop","item":"https:\/\/www.raxxa.com\/it\/shop\/"},{"@type":"ListItem","position":3,"name":"raxxa Canva: Der Hafen von B\u00fcsum"}]},{"@type":"WebSite","@id":"https:\/\/www.raxxa.com\/#website","url":"https:\/\/www.raxxa.com\/","name":"raxxa","description":"Prodotti unici e personalizzati dei nostri designer","publisher":{"@id":"https:\/\/www.raxxa.com\/#organization"},"potentialAction":[{"@type":"SearchAction","target":{"@type":"EntryPoint","urlTemplate":"https:\/\/www.raxxa.com\/?s={search_term_string}"},"query-input":{"@type":"PropertyValueSpecification","valueRequired":true,"valueName":"search_term_string"}}],"inLanguage":"it-IT"},{"@type":"Organization","@id":"https:\/\/www.raxxa.com\/#organization","name":"raxxa","url":"https:\/\/www.raxxa.com\/","logo":{"@type":"ImageObject","inLanguage":"it-IT","@id":"https:\/\/www.raxxa.com\/#\/schema\/logo\/image\/","url":"https:\/\/www.raxxa.com\/wp-content\/uploads\/2022\/07\/logo_v2.png","contentUrl":"https:\/\/www.raxxa.com\/wp-content\/uploads\/2022\/07\/logo_v2.png","width":380,"height":382,"caption":"raxxa"},"image":{"@id":"https:\/\/www.raxxa.com\/#\/schema\/logo\/image\/"},"sameAs":["https:\/\/facebook.com\/raxxacom"]}]},"og_availability":"instock","product_availability":"instock","product_retailer_item_id":"1-133-19694-348","product_condition":"new"},"jetpack_sharing_enabled":true,"_links":{"self":[{"href":"https:\/\/www.raxxa.com\/it\/wp-json\/wp\/v2\/product\/218141","targetHints":{"allow":["GET"]}}],"collection":[{"href":"https:\/\/www.raxxa.com\/it\/wp-json\/wp\/v2\/product"}],"about":[{"href":"https:\/\/www.raxxa.com\/it\/wp-json\/wp\/v2\/types\/product"}],"replies":[{"embeddable":true,"href":"https:\/\/www.raxxa.com\/it\/wp-json\/wp\/v2\/comments?post=218141"}],"wp:featuredmedia":[{"embeddable":true,"href":"https:\/\/www.raxxa.com\/it\/wp-json\/wp\/v2\/media\/245176"}],"wp:attachment":[{"href":"https:\/\/www.raxxa.com\/it\/wp-json\/wp\/v2\/media?parent=218141"}],"wp:term":[{"taxonomy":"product_brand","embeddable":true,"href":"https:\/\/www.raxxa.com\/it\/wp-json\/wp\/v2\/product_brand?post=218141"},{"taxonomy":"product_cat","embeddable":true,"href":"https:\/\/www.raxxa.com\/it\/wp-json\/wp\/v2\/product_cat?post=218141"},{"taxonomy":"product_tag","embeddable":true,"href":"https:\/\/www.raxxa.com\/it\/wp-json\/wp\/v2\/product_tag?post=218141"}],"curies":[{"name":"wp","href":"https:\/\/api.w.org\/{rel}","templated":true}]}}