{"id":217710,"date":"2025-02-22T23:50:01","date_gmt":"2025-02-22T21:50:01","guid":{"rendered":"https:\/\/www.raxxa.com\/?post_type=product&#038;p=217710"},"modified":"2025-10-30T23:21:37","modified_gmt":"2025-10-30T21:21:37","slug":"poster-am-nordseestrand-auf-amrum","status":"publish","type":"product","link":"https:\/\/www.raxxa.com\/it\/shop\/poster-am-nordseestrand-auf-amrum\/","title":{"rendered":"Poster: Sulla spiaggia del Mare del Nord ad Amrum"},"content":{"rendered":"<h3><strong>\"Sulla spiaggia del Mare del Nord ad Amrum\" di Andrea Potratz<\/strong><\/h3>\n<p><strong><\/strong><\/p>\n<p>Questo bellissimo motivo mostra la spiaggia del Mare del Nord ad Amrum in tutto il suo splendore naturale. L'ampia spiaggia di sabbia chiara si estende fino all'orizzonte e il mare blu profondo con le sue onde bianche invita a sognare. Le formazioni nuvolose nel cielo azzurro completano il quadro. Perfetto per chi vuole portare a casa il suono del mare. Provate la sensazione di relax della costa e lasciatevi ispirare dalla brezza marina!<\/p>\n<p>&nbsp;<\/p>\n<ul><li>Poster di qualit\u00e0 museale su carta d'archivio opaca (non patinata) di lunga durata.<\/li><li>Peso della carta: 250 g \/ m\u00b2.<\/li><li>Spedito in un imballaggio robusto per proteggere il poster.<\/li><li>Su richiesta, questo prodotto pu\u00f2 essere realizzato appositamente per voi nelle dimensioni e nel design desiderati.<\/li><\/ul>","protected":false},"excerpt":{"rendered":"<p>&quot;Am Nordseestrand auf Amrum&quot; by Andrea Potratz Dieses wundersch\u00f6ne Motiv zeigt den Nordseestrand auf Amrum in all seiner nat\u00fcrlichen Pracht. Der weite, helle Sandstrand erstreckt sich bis zum Horizont und das tiefblaue Meer mit seinen wei\u00dfen Wellen l\u00e4dt zum Tr\u00e4umen ein. Die Wolkenformationen im klaren blauen Himmel runden das Bild ab. Perfekt f\u00fcr alle, die [&hellip;]<\/p>\n","protected":false},"featured_media":245355,"comment_status":"open","ping_status":"closed","template":"","meta":[],"product_brand":[],"product_cat":[10378,12973,163],"product_tag":[12974],"class_list":{"0":"post-217710","1":"product","2":"type-product","3":"status-publish","4":"has-post-thumbnail","6":"product_cat-poster","7":"product_cat-andrea-potratz","8":"product_cat-stimmung","9":"product_tag-nordsee-natur-amrum-wolken-strand","10":"product_shipping_class-versand-t-shirts1","12":"first","13":"instock","14":"taxable","15":"shipping-taxable","16":"purchasable","17":"product-type-variable"},"yoast_head":"<!-- This site is optimized with the Yoast SEO Premium plugin v27.5 (Yoast SEO v27.5) - https:\/\/yoast.com\/product\/yoast-seo-premium-wordpress\/ -->\n<title>Poster: Am Nordseestrand auf Amrum - raxxa<\/title>\n<meta name=\"robots\" content=\"index, follow, max-snippet:-1, max-image-preview:large, max-video-preview:-1\" \/>\n<link rel=\"canonical\" href=\"https:\/\/www.raxxa.com\/it\/shop\/poster-am-nordseestrand-auf-amrum\/\" \/>\n<meta property=\"og:locale\" content=\"it_IT\" \/>\n<meta property=\"og:type\" content=\"article\" \/>\n<meta property=\"og:title\" content=\"Poster: Am Nordseestrand auf Amrum\" \/>\n<meta property=\"og:description\" content=\"&quot;Am Nordseestrand auf Amrum&quot; by Andrea Potratz Dieses wundersch\u00f6ne Motiv zeigt den Nordseestrand auf Amrum in all seiner nat\u00fcrlichen Pracht. Der weite, helle Sandstrand erstreckt sich bis zum Horizont und das tiefblaue Meer mit seinen wei\u00dfen Wellen l\u00e4dt zum Tr\u00e4umen ein. Die Wolkenformationen im klaren blauen Himmel runden das Bild ab. Perfekt f\u00fcr alle, die [&hellip;]\" \/>\n<meta property=\"og:url\" content=\"https:\/\/www.raxxa.com\/it\/shop\/poster-am-nordseestrand-auf-amrum\/\" \/>\n<meta property=\"og:site_name\" content=\"raxxa\" \/>\n<meta property=\"article:publisher\" content=\"https:\/\/facebook.com\/raxxacom\" \/>\n<meta property=\"article:modified_time\" content=\"2025-10-30T21:21:37+00:00\" \/>\n<meta property=\"og:image\" content=\"https:\/\/www.raxxa.com\/wp-content\/uploads\/2025\/02\/raxxa-Wallart-348-19668-84-Andrea-Potratz-Am-Nordseestrand-auf-Amrum-18.jpg\" \/>\n\t<meta property=\"og:image:width\" content=\"1024\" \/>\n\t<meta property=\"og:image:height\" content=\"1024\" \/>\n\t<meta property=\"og:image:type\" content=\"image\/jpeg\" \/>\n<meta name=\"twitter:card\" content=\"summary_large_image\" \/>\n<meta name=\"twitter:label1\" content=\"Disponibilit\u00e0\" \/>\n\t<meta name=\"twitter:data1\" content=\"In stock\" \/>\n<script type=\"application\/ld+json\" class=\"yoast-schema-graph\">{\"@context\":\"https:\\\/\\\/schema.org\",\"@graph\":[{\"@type\":[\"WebPage\",\"ItemPage\"],\"@id\":\"https:\\\/\\\/www.raxxa.com\\\/en\\\/shop\\\/poster-am-nordseestrand-auf-amrum\\\/\",\"url\":\"https:\\\/\\\/www.raxxa.com\\\/en\\\/shop\\\/poster-am-nordseestrand-auf-amrum\\\/\",\"name\":\"Poster: Am Nordseestrand auf Amrum - raxxa\",\"isPartOf\":{\"@id\":\"https:\\\/\\\/www.raxxa.com\\\/#website\"},\"primaryImageOfPage\":{\"@id\":\"https:\\\/\\\/www.raxxa.com\\\/en\\\/shop\\\/poster-am-nordseestrand-auf-amrum\\\/#primaryimage\"},\"image\":{\"@id\":\"https:\\\/\\\/www.raxxa.com\\\/en\\\/shop\\\/poster-am-nordseestrand-auf-amrum\\\/#primaryimage\"},\"thumbnailUrl\":\"https:\\\/\\\/www.raxxa.com\\\/wp-content\\\/uploads\\\/2025\\\/02\\\/raxxa-Wallart-348-19668-84-Andrea-Potratz-Am-Nordseestrand-auf-Amrum-18-1.jpg\",\"datePublished\":\"2025-02-22T21:50:01+00:00\",\"dateModified\":\"2025-10-30T21:21:37+00:00\",\"breadcrumb\":{\"@id\":\"https:\\\/\\\/www.raxxa.com\\\/en\\\/shop\\\/poster-am-nordseestrand-auf-amrum\\\/#breadcrumb\"},\"inLanguage\":\"it-IT\",\"potentialAction\":[{\"@type\":\"ReadAction\",\"target\":[\"https:\\\/\\\/www.raxxa.com\\\/en\\\/shop\\\/poster-am-nordseestrand-auf-amrum\\\/\"]}]},{\"@type\":\"ImageObject\",\"inLanguage\":\"it-IT\",\"@id\":\"https:\\\/\\\/www.raxxa.com\\\/en\\\/shop\\\/poster-am-nordseestrand-auf-amrum\\\/#primaryimage\",\"url\":\"https:\\\/\\\/www.raxxa.com\\\/wp-content\\\/uploads\\\/2025\\\/02\\\/raxxa-Wallart-348-19668-84-Andrea-Potratz-Am-Nordseestrand-auf-Amrum-18-1.jpg\",\"contentUrl\":\"https:\\\/\\\/www.raxxa.com\\\/wp-content\\\/uploads\\\/2025\\\/02\\\/raxxa-Wallart-348-19668-84-Andrea-Potratz-Am-Nordseestrand-auf-Amrum-18-1.jpg\",\"width\":1024,\"height\":1024},{\"@type\":\"BreadcrumbList\",\"@id\":\"https:\\\/\\\/www.raxxa.com\\\/en\\\/shop\\\/poster-am-nordseestrand-auf-amrum\\\/#breadcrumb\",\"itemListElement\":[{\"@type\":\"ListItem\",\"position\":1,\"name\":\"Startseite\",\"item\":\"https:\\\/\\\/www.raxxa.com\\\/\"},{\"@type\":\"ListItem\",\"position\":2,\"name\":\"Shop\",\"item\":\"https:\\\/\\\/www.raxxa.com\\\/it\\\/shop\\\/\"},{\"@type\":\"ListItem\",\"position\":3,\"name\":\"Poster: Am Nordseestrand auf Amrum\"}]},{\"@type\":\"WebSite\",\"@id\":\"https:\\\/\\\/www.raxxa.com\\\/#website\",\"url\":\"https:\\\/\\\/www.raxxa.com\\\/\",\"name\":\"raxxa\",\"description\":\"Einzigartige individuelle Produkte von unseren Designern\",\"publisher\":{\"@id\":\"https:\\\/\\\/www.raxxa.com\\\/#organization\"},\"potentialAction\":[{\"@type\":\"SearchAction\",\"target\":{\"@type\":\"EntryPoint\",\"urlTemplate\":\"https:\\\/\\\/www.raxxa.com\\\/?s={search_term_string}\"},\"query-input\":{\"@type\":\"PropertyValueSpecification\",\"valueRequired\":true,\"valueName\":\"search_term_string\"}}],\"inLanguage\":\"it-IT\"},{\"@type\":\"Organization\",\"@id\":\"https:\\\/\\\/www.raxxa.com\\\/#organization\",\"name\":\"raxxa\",\"url\":\"https:\\\/\\\/www.raxxa.com\\\/\",\"logo\":{\"@type\":\"ImageObject\",\"inLanguage\":\"it-IT\",\"@id\":\"https:\\\/\\\/www.raxxa.com\\\/#\\\/schema\\\/logo\\\/image\\\/\",\"url\":\"https:\\\/\\\/www.raxxa.com\\\/wp-content\\\/uploads\\\/2022\\\/07\\\/logo_v2.png\",\"contentUrl\":\"https:\\\/\\\/www.raxxa.com\\\/wp-content\\\/uploads\\\/2022\\\/07\\\/logo_v2.png\",\"width\":380,\"height\":382,\"caption\":\"raxxa\"},\"image\":{\"@id\":\"https:\\\/\\\/www.raxxa.com\\\/#\\\/schema\\\/logo\\\/image\\\/\"},\"sameAs\":[\"https:\\\/\\\/facebook.com\\\/raxxacom\"]}]}<\/script>\n<meta property=\"og:availability\" content=\"instock\" \/>\n<meta property=\"product:availability\" content=\"instock\" \/>\n<meta property=\"product:retailer_item_id\" content=\"1-84-19668-348\" \/>\n<meta property=\"product:condition\" content=\"new\" \/>\n<!-- \/ Yoast SEO Premium plugin. -->","yoast_head_json":{"title":"Poster: Am Nordseestrand auf Amrum - raxxa","robots":{"index":"index","follow":"follow","max-snippet":"max-snippet:-1","max-image-preview":"max-image-preview:large","max-video-preview":"max-video-preview:-1"},"canonical":"https:\/\/www.raxxa.com\/it\/shop\/poster-am-nordseestrand-auf-amrum\/","og_locale":"it_IT","og_type":"article","og_title":"Poster: Am Nordseestrand auf Amrum","og_description":"&quot;Am Nordseestrand auf Amrum&quot; by Andrea Potratz Dieses wundersch\u00f6ne Motiv zeigt den Nordseestrand auf Amrum in all seiner nat\u00fcrlichen Pracht. Der weite, helle Sandstrand erstreckt sich bis zum Horizont und das tiefblaue Meer mit seinen wei\u00dfen Wellen l\u00e4dt zum Tr\u00e4umen ein. Die Wolkenformationen im klaren blauen Himmel runden das Bild ab. Perfekt f\u00fcr alle, die [&hellip;]","og_url":"https:\/\/www.raxxa.com\/it\/shop\/poster-am-nordseestrand-auf-amrum\/","og_site_name":"raxxa","article_publisher":"https:\/\/facebook.com\/raxxacom","article_modified_time":"2025-10-30T21:21:37+00:00","og_image":[{"width":1024,"height":1024,"url":"https:\/\/www.raxxa.com\/wp-content\/uploads\/2025\/02\/raxxa-Wallart-348-19668-84-Andrea-Potratz-Am-Nordseestrand-auf-Amrum-18.jpg","type":"image\/jpeg"}],"twitter_card":"summary_large_image","twitter_misc":{"Disponibilit\u00e0":"In stock"},"schema":{"@context":"https:\/\/schema.org","@graph":[{"@type":["WebPage","ItemPage"],"@id":"https:\/\/www.raxxa.com\/en\/shop\/poster-am-nordseestrand-auf-amrum\/","url":"https:\/\/www.raxxa.com\/en\/shop\/poster-am-nordseestrand-auf-amrum\/","name":"Poster: Am Nordseestrand auf Amrum - raxxa","isPartOf":{"@id":"https:\/\/www.raxxa.com\/#website"},"primaryImageOfPage":{"@id":"https:\/\/www.raxxa.com\/en\/shop\/poster-am-nordseestrand-auf-amrum\/#primaryimage"},"image":{"@id":"https:\/\/www.raxxa.com\/en\/shop\/poster-am-nordseestrand-auf-amrum\/#primaryimage"},"thumbnailUrl":"https:\/\/www.raxxa.com\/wp-content\/uploads\/2025\/02\/raxxa-Wallart-348-19668-84-Andrea-Potratz-Am-Nordseestrand-auf-Amrum-18-1.jpg","datePublished":"2025-02-22T21:50:01+00:00","dateModified":"2025-10-30T21:21:37+00:00","breadcrumb":{"@id":"https:\/\/www.raxxa.com\/en\/shop\/poster-am-nordseestrand-auf-amrum\/#breadcrumb"},"inLanguage":"it-IT","potentialAction":[{"@type":"ReadAction","target":["https:\/\/www.raxxa.com\/en\/shop\/poster-am-nordseestrand-auf-amrum\/"]}]},{"@type":"ImageObject","inLanguage":"it-IT","@id":"https:\/\/www.raxxa.com\/en\/shop\/poster-am-nordseestrand-auf-amrum\/#primaryimage","url":"https:\/\/www.raxxa.com\/wp-content\/uploads\/2025\/02\/raxxa-Wallart-348-19668-84-Andrea-Potratz-Am-Nordseestrand-auf-Amrum-18-1.jpg","contentUrl":"https:\/\/www.raxxa.com\/wp-content\/uploads\/2025\/02\/raxxa-Wallart-348-19668-84-Andrea-Potratz-Am-Nordseestrand-auf-Amrum-18-1.jpg","width":1024,"height":1024},{"@type":"BreadcrumbList","@id":"https:\/\/www.raxxa.com\/en\/shop\/poster-am-nordseestrand-auf-amrum\/#breadcrumb","itemListElement":[{"@type":"ListItem","position":1,"name":"Startseite","item":"https:\/\/www.raxxa.com\/"},{"@type":"ListItem","position":2,"name":"Shop","item":"https:\/\/www.raxxa.com\/it\/shop\/"},{"@type":"ListItem","position":3,"name":"Poster: Am Nordseestrand auf Amrum"}]},{"@type":"WebSite","@id":"https:\/\/www.raxxa.com\/#website","url":"https:\/\/www.raxxa.com\/","name":"raxxa","description":"Prodotti unici e personalizzati dei nostri designer","publisher":{"@id":"https:\/\/www.raxxa.com\/#organization"},"potentialAction":[{"@type":"SearchAction","target":{"@type":"EntryPoint","urlTemplate":"https:\/\/www.raxxa.com\/?s={search_term_string}"},"query-input":{"@type":"PropertyValueSpecification","valueRequired":true,"valueName":"search_term_string"}}],"inLanguage":"it-IT"},{"@type":"Organization","@id":"https:\/\/www.raxxa.com\/#organization","name":"raxxa","url":"https:\/\/www.raxxa.com\/","logo":{"@type":"ImageObject","inLanguage":"it-IT","@id":"https:\/\/www.raxxa.com\/#\/schema\/logo\/image\/","url":"https:\/\/www.raxxa.com\/wp-content\/uploads\/2022\/07\/logo_v2.png","contentUrl":"https:\/\/www.raxxa.com\/wp-content\/uploads\/2022\/07\/logo_v2.png","width":380,"height":382,"caption":"raxxa"},"image":{"@id":"https:\/\/www.raxxa.com\/#\/schema\/logo\/image\/"},"sameAs":["https:\/\/facebook.com\/raxxacom"]}]},"og_availability":"instock","product_availability":"instock","product_retailer_item_id":"1-84-19668-348","product_condition":"new"},"jetpack_sharing_enabled":true,"_links":{"self":[{"href":"https:\/\/www.raxxa.com\/it\/wp-json\/wp\/v2\/product\/217710","targetHints":{"allow":["GET"]}}],"collection":[{"href":"https:\/\/www.raxxa.com\/it\/wp-json\/wp\/v2\/product"}],"about":[{"href":"https:\/\/www.raxxa.com\/it\/wp-json\/wp\/v2\/types\/product"}],"replies":[{"embeddable":true,"href":"https:\/\/www.raxxa.com\/it\/wp-json\/wp\/v2\/comments?post=217710"}],"wp:featuredmedia":[{"embeddable":true,"href":"https:\/\/www.raxxa.com\/it\/wp-json\/wp\/v2\/media\/245355"}],"wp:attachment":[{"href":"https:\/\/www.raxxa.com\/it\/wp-json\/wp\/v2\/media?parent=217710"}],"wp:term":[{"taxonomy":"product_brand","embeddable":true,"href":"https:\/\/www.raxxa.com\/it\/wp-json\/wp\/v2\/product_brand?post=217710"},{"taxonomy":"product_cat","embeddable":true,"href":"https:\/\/www.raxxa.com\/it\/wp-json\/wp\/v2\/product_cat?post=217710"},{"taxonomy":"product_tag","embeddable":true,"href":"https:\/\/www.raxxa.com\/it\/wp-json\/wp\/v2\/product_tag?post=217710"}],"curies":[{"name":"wp","href":"https:\/\/api.w.org\/{rel}","templated":true}]}}