{"id":216195,"date":"2025-01-26T10:50:25","date_gmt":"2025-01-26T08:50:25","guid":{"rendered":"https:\/\/www.raxxa.com\/?post_type=product&#038;p=216195"},"modified":"2025-07-31T07:48:42","modified_gmt":"2025-07-31T05:48:42","slug":"mp3-song-herzen-muessen-brennen","status":"publish","type":"product","link":"https:\/\/www.raxxa.com\/it\/shop\/mp3-song-herzen-muessen-brennen\/","title":{"rendered":"MP3 Song - I cuori devono bruciare"},"content":{"rendered":"<p>I cuori devono bruciare: Composizione: Jocco Abendroth e Mathias M\u00fcller, cover di dEFFtig, registrazione di Heinz Hess, Studio Art of June.<\/p>\n<p>www.defftig.de - I cuori devono bruciare per la Frankfurter Tafel e.V.<\/p>\n<p>Qui \u00e8 possibile ottenere il brano in formato MP3 in versione integrale, gratuitamente o - molto meglio - con una donazione a Tafel Frankfurt e.V.<\/p>\n<p>Potete determinare voi stessi l'importo della donazione qui.<\/p>\n<p>Se \"Herzen m\u00fcssen brennen\" viene trasmessa alla radio, il ricavato del GEMA sar\u00e0 devoluto a Tafel Deutschland e.V.<\/p>","protected":false},"excerpt":{"rendered":"<p>Herzen m\u00fcssen brennen: Komposition: Jocco Abendroth und Mathias M\u00fcller, covered by dEFFtig, aufgenommen von Heinz Hess, Studio Art of June. www.defftig.de &#8211; Herzen m\u00fcssen brennen f\u00fcr die Frankfurter Tafel e.V. Hier\u00a0 bekommt ihr den Song als MP3 in voller L\u00e4nge, entweder ganz umsonst oder &#8211; viel besser &#8211; gegen eine Spende an die Tafel Frankfurt [&hellip;]<\/p>\n","protected":false},"featured_media":235922,"comment_status":"open","ping_status":"closed","template":"","meta":[],"product_brand":[],"product_cat":[11446,11447],"product_tag":[],"class_list":{"0":"post-216195","1":"product","2":"type-product","3":"status-publish","4":"has-post-thumbnail","6":"product_cat-bands","7":"product_cat-defftig","9":"first","10":"instock","11":"purchasable","12":"product-type-variable"},"yoast_head":"<!-- This site is optimized with the Yoast SEO Premium plugin v27.5 (Yoast SEO v27.5) - https:\/\/yoast.com\/product\/yoast-seo-premium-wordpress\/ -->\n<title>MP3 Song - Herzen m\u00fcssen brennen - raxxa<\/title>\n<meta name=\"robots\" content=\"index, follow, max-snippet:-1, max-image-preview:large, max-video-preview:-1\" \/>\n<link rel=\"canonical\" href=\"https:\/\/www.raxxa.com\/it\/shop\/mp3-song-herzen-muessen-brennen\/\" \/>\n<meta property=\"og:locale\" content=\"it_IT\" \/>\n<meta property=\"og:type\" content=\"article\" \/>\n<meta property=\"og:title\" content=\"MP3 Song - Herzen m\u00fcssen brennen\" \/>\n<meta property=\"og:description\" content=\"Herzen m\u00fcssen brennen: Komposition: Jocco Abendroth und Mathias M\u00fcller, covered by dEFFtig, aufgenommen von Heinz Hess, Studio Art of June. www.defftig.de &#8211; Herzen m\u00fcssen brennen f\u00fcr die Frankfurter Tafel e.V. Hier\u00a0 bekommt ihr den Song als MP3 in voller L\u00e4nge, entweder ganz umsonst oder &#8211; viel besser &#8211; gegen eine Spende an die Tafel Frankfurt [&hellip;]\" \/>\n<meta property=\"og:url\" content=\"https:\/\/www.raxxa.com\/it\/shop\/mp3-song-herzen-muessen-brennen\/\" \/>\n<meta property=\"og:site_name\" content=\"raxxa\" \/>\n<meta property=\"article:publisher\" content=\"https:\/\/facebook.com\/raxxacom\" \/>\n<meta property=\"article:modified_time\" content=\"2025-07-31T05:48:42+00:00\" \/>\n<meta property=\"og:image\" content=\"https:\/\/www.raxxa.com\/wp-content\/uploads\/2025\/01\/dEFFtig-MP3-Cover.jpg\" \/>\n\t<meta property=\"og:image:width\" content=\"2480\" \/>\n\t<meta property=\"og:image:height\" content=\"2462\" \/>\n\t<meta property=\"og:image:type\" content=\"image\/jpeg\" \/>\n<meta name=\"twitter:card\" content=\"summary_large_image\" \/>\n<meta name=\"twitter:label1\" content=\"Disponibilit\u00e0\" \/>\n\t<meta name=\"twitter:data1\" content=\"In stock\" \/>\n<script type=\"application\/ld+json\" class=\"yoast-schema-graph\">{\"@context\":\"https:\\\/\\\/schema.org\",\"@graph\":[{\"@type\":[\"WebPage\",\"ItemPage\"],\"@id\":\"https:\\\/\\\/www.raxxa.com\\\/shop\\\/mp3-song-herzen-muessen-brennen\\\/\",\"url\":\"https:\\\/\\\/www.raxxa.com\\\/shop\\\/mp3-song-herzen-muessen-brennen\\\/\",\"name\":\"MP3 Song - Herzen m\u00fcssen brennen - raxxa\",\"isPartOf\":{\"@id\":\"https:\\\/\\\/www.raxxa.com\\\/#website\"},\"primaryImageOfPage\":{\"@id\":\"https:\\\/\\\/www.raxxa.com\\\/shop\\\/mp3-song-herzen-muessen-brennen\\\/#primaryimage\"},\"image\":{\"@id\":\"https:\\\/\\\/www.raxxa.com\\\/shop\\\/mp3-song-herzen-muessen-brennen\\\/#primaryimage\"},\"thumbnailUrl\":\"https:\\\/\\\/www.raxxa.com\\\/wp-content\\\/uploads\\\/2025\\\/01\\\/dEFFtig-MP3-Cover.jpg\",\"datePublished\":\"2025-01-26T08:50:25+00:00\",\"dateModified\":\"2025-07-31T05:48:42+00:00\",\"breadcrumb\":{\"@id\":\"https:\\\/\\\/www.raxxa.com\\\/shop\\\/mp3-song-herzen-muessen-brennen\\\/#breadcrumb\"},\"inLanguage\":\"it-IT\",\"potentialAction\":[{\"@type\":\"ReadAction\",\"target\":[\"https:\\\/\\\/www.raxxa.com\\\/shop\\\/mp3-song-herzen-muessen-brennen\\\/\"]}]},{\"@type\":\"ImageObject\",\"inLanguage\":\"it-IT\",\"@id\":\"https:\\\/\\\/www.raxxa.com\\\/shop\\\/mp3-song-herzen-muessen-brennen\\\/#primaryimage\",\"url\":\"https:\\\/\\\/www.raxxa.com\\\/wp-content\\\/uploads\\\/2025\\\/01\\\/dEFFtig-MP3-Cover.jpg\",\"contentUrl\":\"https:\\\/\\\/www.raxxa.com\\\/wp-content\\\/uploads\\\/2025\\\/01\\\/dEFFtig-MP3-Cover.jpg\",\"width\":2480,\"height\":2462},{\"@type\":\"BreadcrumbList\",\"@id\":\"https:\\\/\\\/www.raxxa.com\\\/shop\\\/mp3-song-herzen-muessen-brennen\\\/#breadcrumb\",\"itemListElement\":[{\"@type\":\"ListItem\",\"position\":1,\"name\":\"Startseite\",\"item\":\"https:\\\/\\\/www.raxxa.com\\\/\"},{\"@type\":\"ListItem\",\"position\":2,\"name\":\"Shop\",\"item\":\"https:\\\/\\\/www.raxxa.com\\\/it\\\/shop\\\/\"},{\"@type\":\"ListItem\",\"position\":3,\"name\":\"MP3 Song &#8211; Herzen m\u00fcssen brennen\"}]},{\"@type\":\"WebSite\",\"@id\":\"https:\\\/\\\/www.raxxa.com\\\/#website\",\"url\":\"https:\\\/\\\/www.raxxa.com\\\/\",\"name\":\"raxxa\",\"description\":\"Einzigartige individuelle Produkte von unseren Designern\",\"publisher\":{\"@id\":\"https:\\\/\\\/www.raxxa.com\\\/#organization\"},\"potentialAction\":[{\"@type\":\"SearchAction\",\"target\":{\"@type\":\"EntryPoint\",\"urlTemplate\":\"https:\\\/\\\/www.raxxa.com\\\/?s={search_term_string}\"},\"query-input\":{\"@type\":\"PropertyValueSpecification\",\"valueRequired\":true,\"valueName\":\"search_term_string\"}}],\"inLanguage\":\"it-IT\"},{\"@type\":\"Organization\",\"@id\":\"https:\\\/\\\/www.raxxa.com\\\/#organization\",\"name\":\"raxxa\",\"url\":\"https:\\\/\\\/www.raxxa.com\\\/\",\"logo\":{\"@type\":\"ImageObject\",\"inLanguage\":\"it-IT\",\"@id\":\"https:\\\/\\\/www.raxxa.com\\\/#\\\/schema\\\/logo\\\/image\\\/\",\"url\":\"https:\\\/\\\/www.raxxa.com\\\/wp-content\\\/uploads\\\/2022\\\/07\\\/logo_v2.png\",\"contentUrl\":\"https:\\\/\\\/www.raxxa.com\\\/wp-content\\\/uploads\\\/2022\\\/07\\\/logo_v2.png\",\"width\":380,\"height\":382,\"caption\":\"raxxa\"},\"image\":{\"@id\":\"https:\\\/\\\/www.raxxa.com\\\/#\\\/schema\\\/logo\\\/image\\\/\"},\"sameAs\":[\"https:\\\/\\\/facebook.com\\\/raxxacom\"]}]}<\/script>\n<meta property=\"og:availability\" content=\"instock\" \/>\n<meta property=\"product:availability\" content=\"instock\" \/>\n<meta property=\"product:condition\" content=\"new\" \/>\n<!-- \/ Yoast SEO Premium plugin. -->","yoast_head_json":{"title":"MP3 Song - I cuori devono bruciare - raxxa","robots":{"index":"index","follow":"follow","max-snippet":"max-snippet:-1","max-image-preview":"max-image-preview:large","max-video-preview":"max-video-preview:-1"},"canonical":"https:\/\/www.raxxa.com\/it\/shop\/mp3-song-herzen-muessen-brennen\/","og_locale":"it_IT","og_type":"article","og_title":"MP3 Song - Herzen m\u00fcssen brennen","og_description":"Herzen m\u00fcssen brennen: Komposition: Jocco Abendroth und Mathias M\u00fcller, covered by dEFFtig, aufgenommen von Heinz Hess, Studio Art of June. www.defftig.de &#8211; Herzen m\u00fcssen brennen f\u00fcr die Frankfurter Tafel e.V. Hier\u00a0 bekommt ihr den Song als MP3 in voller L\u00e4nge, entweder ganz umsonst oder &#8211; viel besser &#8211; gegen eine Spende an die Tafel Frankfurt [&hellip;]","og_url":"https:\/\/www.raxxa.com\/it\/shop\/mp3-song-herzen-muessen-brennen\/","og_site_name":"raxxa","article_publisher":"https:\/\/facebook.com\/raxxacom","article_modified_time":"2025-07-31T05:48:42+00:00","og_image":[{"width":2480,"height":2462,"url":"https:\/\/www.raxxa.com\/wp-content\/uploads\/2025\/01\/dEFFtig-MP3-Cover.jpg","type":"image\/jpeg"}],"twitter_card":"summary_large_image","twitter_misc":{"Disponibilit\u00e0":"In stock"},"schema":{"@context":"https:\/\/schema.org","@graph":[{"@type":["WebPage","ItemPage"],"@id":"https:\/\/www.raxxa.com\/shop\/mp3-song-herzen-muessen-brennen\/","url":"https:\/\/www.raxxa.com\/shop\/mp3-song-herzen-muessen-brennen\/","name":"MP3 Song - I cuori devono bruciare - raxxa","isPartOf":{"@id":"https:\/\/www.raxxa.com\/#website"},"primaryImageOfPage":{"@id":"https:\/\/www.raxxa.com\/shop\/mp3-song-herzen-muessen-brennen\/#primaryimage"},"image":{"@id":"https:\/\/www.raxxa.com\/shop\/mp3-song-herzen-muessen-brennen\/#primaryimage"},"thumbnailUrl":"https:\/\/www.raxxa.com\/wp-content\/uploads\/2025\/01\/dEFFtig-MP3-Cover.jpg","datePublished":"2025-01-26T08:50:25+00:00","dateModified":"2025-07-31T05:48:42+00:00","breadcrumb":{"@id":"https:\/\/www.raxxa.com\/shop\/mp3-song-herzen-muessen-brennen\/#breadcrumb"},"inLanguage":"it-IT","potentialAction":[{"@type":"ReadAction","target":["https:\/\/www.raxxa.com\/shop\/mp3-song-herzen-muessen-brennen\/"]}]},{"@type":"ImageObject","inLanguage":"it-IT","@id":"https:\/\/www.raxxa.com\/shop\/mp3-song-herzen-muessen-brennen\/#primaryimage","url":"https:\/\/www.raxxa.com\/wp-content\/uploads\/2025\/01\/dEFFtig-MP3-Cover.jpg","contentUrl":"https:\/\/www.raxxa.com\/wp-content\/uploads\/2025\/01\/dEFFtig-MP3-Cover.jpg","width":2480,"height":2462},{"@type":"BreadcrumbList","@id":"https:\/\/www.raxxa.com\/shop\/mp3-song-herzen-muessen-brennen\/#breadcrumb","itemListElement":[{"@type":"ListItem","position":1,"name":"Startseite","item":"https:\/\/www.raxxa.com\/"},{"@type":"ListItem","position":2,"name":"Shop","item":"https:\/\/www.raxxa.com\/it\/shop\/"},{"@type":"ListItem","position":3,"name":"MP3 Song &#8211; Herzen m\u00fcssen brennen"}]},{"@type":"WebSite","@id":"https:\/\/www.raxxa.com\/#website","url":"https:\/\/www.raxxa.com\/","name":"raxxa","description":"Prodotti unici e personalizzati dei nostri designer","publisher":{"@id":"https:\/\/www.raxxa.com\/#organization"},"potentialAction":[{"@type":"SearchAction","target":{"@type":"EntryPoint","urlTemplate":"https:\/\/www.raxxa.com\/?s={search_term_string}"},"query-input":{"@type":"PropertyValueSpecification","valueRequired":true,"valueName":"search_term_string"}}],"inLanguage":"it-IT"},{"@type":"Organization","@id":"https:\/\/www.raxxa.com\/#organization","name":"raxxa","url":"https:\/\/www.raxxa.com\/","logo":{"@type":"ImageObject","inLanguage":"it-IT","@id":"https:\/\/www.raxxa.com\/#\/schema\/logo\/image\/","url":"https:\/\/www.raxxa.com\/wp-content\/uploads\/2022\/07\/logo_v2.png","contentUrl":"https:\/\/www.raxxa.com\/wp-content\/uploads\/2022\/07\/logo_v2.png","width":380,"height":382,"caption":"raxxa"},"image":{"@id":"https:\/\/www.raxxa.com\/#\/schema\/logo\/image\/"},"sameAs":["https:\/\/facebook.com\/raxxacom"]}]},"og_availability":"instock","product_availability":"instock","product_condition":"new"},"jetpack_sharing_enabled":true,"_links":{"self":[{"href":"https:\/\/www.raxxa.com\/it\/wp-json\/wp\/v2\/product\/216195","targetHints":{"allow":["GET"]}}],"collection":[{"href":"https:\/\/www.raxxa.com\/it\/wp-json\/wp\/v2\/product"}],"about":[{"href":"https:\/\/www.raxxa.com\/it\/wp-json\/wp\/v2\/types\/product"}],"replies":[{"embeddable":true,"href":"https:\/\/www.raxxa.com\/it\/wp-json\/wp\/v2\/comments?post=216195"}],"wp:featuredmedia":[{"embeddable":true,"href":"https:\/\/www.raxxa.com\/it\/wp-json\/wp\/v2\/media\/235922"}],"wp:attachment":[{"href":"https:\/\/www.raxxa.com\/it\/wp-json\/wp\/v2\/media?parent=216195"}],"wp:term":[{"taxonomy":"product_brand","embeddable":true,"href":"https:\/\/www.raxxa.com\/it\/wp-json\/wp\/v2\/product_brand?post=216195"},{"taxonomy":"product_cat","embeddable":true,"href":"https:\/\/www.raxxa.com\/it\/wp-json\/wp\/v2\/product_cat?post=216195"},{"taxonomy":"product_tag","embeddable":true,"href":"https:\/\/www.raxxa.com\/it\/wp-json\/wp\/v2\/product_tag?post=216195"}],"curies":[{"name":"wp","href":"https:\/\/api.w.org\/{rel}","templated":true}]}}