{"id":215627,"date":"2025-01-20T07:11:13","date_gmt":"2025-01-20T05:11:13","guid":{"rendered":"https:\/\/www.raxxa.com\/?post_type=product&#038;p=215627"},"modified":"2025-11-02T22:28:34","modified_gmt":"2025-11-02T20:28:34","slug":"raxxa-postkarte-urzeitliches-dino-spiel-am-fluss","status":"publish","type":"product","link":"https:\/\/www.raxxa.com\/it\/shop\/raxxa-postkarte-urzeitliches-dino-spiel-am-fluss\/","title":{"rendered":"cartolina di raxxa: gioco dei dinosauri preistorici in riva al fiume"},"content":{"rendered":"<h3><strong>\"Gioco dei dinosauri preistorici in riva al fiume\" di Slothy<\/strong><\/h3>\n<p><strong><\/strong><\/p>\n<p>Dinosauri giocosi per bambini si divertono sulle rive di un fiume in un paesaggio primordiale. Circondati da una fitta foresta e da imponenti montagne sullo sfondo, sguazzano felici nell'acqua. L'atmosfera calda e mistica della preistoria, enfatizzata dalla luce soffusa e dalla natura incontaminata, rende la scena vivace e avventurosa.<\/p>\n<p>&nbsp;<\/p>\n<ul><li>Stampiamo la cartolina desiderata in bianco o con un saluto personalizzato e la inviamo in tutto il mondo a qualsiasi persona o a voi stessi.<\/li><li>Ideale per il postcrossing online o per gli auguri personalizzati a persone care, amici, parenti e conoscenti.<\/li><li>In alternativa, \u00e8 disponibile anche una cartolina con motivo in bianco da ritirare o spedire.<\/li><li>Cartoline DIN A6 (14,8 cm x 10,5 cm).<\/li><\/ul><br><br><b>Come posso creare\/disegnare la mia cartolina personalizzata?<\/b><br><br>1) Inserite semplicemente il testo del vostro messaggio o saluto (massimo 500 caratteri).<br>2) Se si desidera inviare la cartolina per Postcrossing, inserire il PostcrossingID.<br>Altrimenti, lasciare semplicemente questo campo vuoto.<br>3) Inserite negli appositi campi il nome e il cognome, la via e il numero civico, il codice postale, la citt\u00e0 e il Paese del destinatario della cartolina.<br>4) Ora \u00e8 possibile aggiungere la cartolina disegnata al carrello e ordinarla alla cassa.<br><br>A questo punto stampiamo la cartolina personalizzata, la affranchiamo e la inviamo al destinatario indicato.<br><br>Se avete domande, inviateci un messaggio o un'e-mail.<br>","protected":false},"excerpt":{"rendered":"<p>&quot;Urzeitliches Dino-Spiel am Fluss&quot; by Slothy Verspielte Kinder-Dinos tollen fr\u00f6hlich am Ufer eines Flusses in einer urzeitlichen Landschaft. Umgeben von einem dichten Wald und imposanten Bergen im Hintergrund, plantschen sie ausgelassen im Wasser. Die warme, mystische Stimmung der Urzeit, verst\u00e4rkt durch das sanfte Licht und die urspr\u00fcngliche Natur, l\u00e4sst die Szene lebendig und abenteuerlich wirken. [&hellip;]<\/p>\n","protected":false},"featured_media":250945,"comment_status":"open","ping_status":"closed","template":"","meta":[],"product_brand":[],"product_cat":[11600,11884,10765],"product_tag":[12861],"class_list":{"0":"post-215627","1":"product","2":"type-product","3":"status-publish","4":"has-post-thumbnail","6":"product_cat-fantasy-mythologie","7":"product_cat-postkarten","8":"product_cat-slothy","9":"product_tag-dinosaurier-urzeit-flussufer-spielen-kinder-wald-berge-natur-abenteuer-freude-landschaft-pflanzenwelt-urzeitstimmung-dinos-freiheit-wildnis-harmonie-fruehzeit-lebendigkeit-fantasie","11":"first","12":"instock","13":"taxable","14":"shipping-taxable","15":"purchasable","16":"product-type-variable"},"yoast_head":"<!-- This site is optimized with the Yoast SEO Premium plugin v27.4 (Yoast SEO v27.4) - https:\/\/yoast.com\/product\/yoast-seo-premium-wordpress\/ -->\n<title>raxxa Postkarte: Urzeitliches Dino-Spiel am Fluss - raxxa<\/title>\n<meta name=\"robots\" content=\"index, follow, max-snippet:-1, max-image-preview:large, max-video-preview:-1\" \/>\n<link rel=\"canonical\" href=\"https:\/\/www.raxxa.com\/it\/shop\/raxxa-postkarte-urzeitliches-dino-spiel-am-fluss\/\" \/>\n<meta property=\"og:locale\" content=\"it_IT\" \/>\n<meta property=\"og:type\" content=\"article\" \/>\n<meta property=\"og:title\" content=\"raxxa Postkarte: Urzeitliches Dino-Spiel am Fluss\" \/>\n<meta property=\"og:description\" content=\"&quot;Urzeitliches Dino-Spiel am Fluss&quot; by Slothy Verspielte Kinder-Dinos tollen fr\u00f6hlich am Ufer eines Flusses in einer urzeitlichen Landschaft. Umgeben von einem dichten Wald und imposanten Bergen im Hintergrund, plantschen sie ausgelassen im Wasser. Die warme, mystische Stimmung der Urzeit, verst\u00e4rkt durch das sanfte Licht und die urspr\u00fcngliche Natur, l\u00e4sst die Szene lebendig und abenteuerlich wirken. [&hellip;]\" \/>\n<meta property=\"og:url\" content=\"https:\/\/www.raxxa.com\/it\/shop\/raxxa-postkarte-urzeitliches-dino-spiel-am-fluss\/\" \/>\n<meta property=\"og:site_name\" content=\"raxxa\" \/>\n<meta property=\"article:publisher\" content=\"https:\/\/facebook.com\/raxxacom\" \/>\n<meta property=\"article:modified_time\" content=\"2025-11-02T20:28:34+00:00\" \/>\n<meta property=\"og:image\" content=\"https:\/\/www.raxxa.com\/wp-content\/uploads\/2025\/01\/raxxa-268-16856-185-Slothy-Urzeitliches-Dino-Spiel-am-Fluss-1-scaled.jpg\" \/>\n\t<meta property=\"og:image:width\" content=\"2560\" \/>\n\t<meta property=\"og:image:height\" content=\"1707\" \/>\n\t<meta property=\"og:image:type\" content=\"image\/jpeg\" \/>\n<meta name=\"twitter:card\" content=\"summary_large_image\" \/>\n<meta name=\"twitter:label1\" content=\"Disponibilit\u00e0\" \/>\n\t<meta name=\"twitter:data1\" content=\"In stock\" \/>\n<script type=\"application\/ld+json\" class=\"yoast-schema-graph\">{\"@context\":\"https:\\\/\\\/schema.org\",\"@graph\":[{\"@type\":[\"WebPage\",\"ItemPage\"],\"@id\":\"https:\\\/\\\/www.raxxa.com\\\/it\\\/shop\\\/raxxa-postkarte-urzeitliches-dino-spiel-am-fluss\\\/\",\"url\":\"https:\\\/\\\/www.raxxa.com\\\/it\\\/shop\\\/raxxa-postkarte-urzeitliches-dino-spiel-am-fluss\\\/\",\"name\":\"raxxa Postkarte: Urzeitliches Dino-Spiel am Fluss - raxxa\",\"isPartOf\":{\"@id\":\"https:\\\/\\\/www.raxxa.com\\\/#website\"},\"primaryImageOfPage\":{\"@id\":\"https:\\\/\\\/www.raxxa.com\\\/it\\\/shop\\\/raxxa-postkarte-urzeitliches-dino-spiel-am-fluss\\\/#primaryimage\"},\"image\":{\"@id\":\"https:\\\/\\\/www.raxxa.com\\\/it\\\/shop\\\/raxxa-postkarte-urzeitliches-dino-spiel-am-fluss\\\/#primaryimage\"},\"thumbnailUrl\":\"https:\\\/\\\/www.raxxa.com\\\/wp-content\\\/uploads\\\/2025\\\/01\\\/raxxa-268-16856-185-Slothy-Urzeitliches-Dino-Spiel-am-Fluss-1-scaled.jpg\",\"datePublished\":\"2025-01-20T05:11:13+00:00\",\"dateModified\":\"2025-11-02T20:28:34+00:00\",\"breadcrumb\":{\"@id\":\"https:\\\/\\\/www.raxxa.com\\\/it\\\/shop\\\/raxxa-postkarte-urzeitliches-dino-spiel-am-fluss\\\/#breadcrumb\"},\"inLanguage\":\"it-IT\",\"potentialAction\":[{\"@type\":\"ReadAction\",\"target\":[\"https:\\\/\\\/www.raxxa.com\\\/it\\\/shop\\\/raxxa-postkarte-urzeitliches-dino-spiel-am-fluss\\\/\"]}]},{\"@type\":\"ImageObject\",\"inLanguage\":\"it-IT\",\"@id\":\"https:\\\/\\\/www.raxxa.com\\\/it\\\/shop\\\/raxxa-postkarte-urzeitliches-dino-spiel-am-fluss\\\/#primaryimage\",\"url\":\"https:\\\/\\\/www.raxxa.com\\\/wp-content\\\/uploads\\\/2025\\\/01\\\/raxxa-268-16856-185-Slothy-Urzeitliches-Dino-Spiel-am-Fluss-1-scaled.jpg\",\"contentUrl\":\"https:\\\/\\\/www.raxxa.com\\\/wp-content\\\/uploads\\\/2025\\\/01\\\/raxxa-268-16856-185-Slothy-Urzeitliches-Dino-Spiel-am-Fluss-1-scaled.jpg\",\"width\":2560,\"height\":1707},{\"@type\":\"BreadcrumbList\",\"@id\":\"https:\\\/\\\/www.raxxa.com\\\/it\\\/shop\\\/raxxa-postkarte-urzeitliches-dino-spiel-am-fluss\\\/#breadcrumb\",\"itemListElement\":[{\"@type\":\"ListItem\",\"position\":1,\"name\":\"Startseite\",\"item\":\"https:\\\/\\\/www.raxxa.com\\\/\"},{\"@type\":\"ListItem\",\"position\":2,\"name\":\"Shop\",\"item\":\"https:\\\/\\\/www.raxxa.com\\\/it\\\/shop\\\/\"},{\"@type\":\"ListItem\",\"position\":3,\"name\":\"raxxa Postkarte: Urzeitliches Dino-Spiel am Fluss\"}]},{\"@type\":\"WebSite\",\"@id\":\"https:\\\/\\\/www.raxxa.com\\\/#website\",\"url\":\"https:\\\/\\\/www.raxxa.com\\\/\",\"name\":\"raxxa\",\"description\":\"Einzigartige individuelle Produkte von unseren Designern\",\"publisher\":{\"@id\":\"https:\\\/\\\/www.raxxa.com\\\/#organization\"},\"potentialAction\":[{\"@type\":\"SearchAction\",\"target\":{\"@type\":\"EntryPoint\",\"urlTemplate\":\"https:\\\/\\\/www.raxxa.com\\\/?s={search_term_string}\"},\"query-input\":{\"@type\":\"PropertyValueSpecification\",\"valueRequired\":true,\"valueName\":\"search_term_string\"}}],\"inLanguage\":\"it-IT\"},{\"@type\":\"Organization\",\"@id\":\"https:\\\/\\\/www.raxxa.com\\\/#organization\",\"name\":\"raxxa\",\"url\":\"https:\\\/\\\/www.raxxa.com\\\/\",\"logo\":{\"@type\":\"ImageObject\",\"inLanguage\":\"it-IT\",\"@id\":\"https:\\\/\\\/www.raxxa.com\\\/#\\\/schema\\\/logo\\\/image\\\/\",\"url\":\"https:\\\/\\\/www.raxxa.com\\\/wp-content\\\/uploads\\\/2022\\\/07\\\/logo_v2.png\",\"contentUrl\":\"https:\\\/\\\/www.raxxa.com\\\/wp-content\\\/uploads\\\/2022\\\/07\\\/logo_v2.png\",\"width\":380,\"height\":382,\"caption\":\"raxxa\"},\"image\":{\"@id\":\"https:\\\/\\\/www.raxxa.com\\\/#\\\/schema\\\/logo\\\/image\\\/\"},\"sameAs\":[\"https:\\\/\\\/facebook.com\\\/raxxacom\"]}]}<\/script>\n<meta property=\"og:availability\" content=\"instock\" \/>\n<meta property=\"product:availability\" content=\"instock\" \/>\n<meta property=\"product:retailer_item_id\" content=\"1-185-16856-268\" \/>\n<meta property=\"product:condition\" content=\"new\" \/>\n<!-- \/ Yoast SEO Premium plugin. -->","yoast_head_json":{"title":"raxxa Postkarte: Urzeitliches Dino-Spiel am Fluss - raxxa","robots":{"index":"index","follow":"follow","max-snippet":"max-snippet:-1","max-image-preview":"max-image-preview:large","max-video-preview":"max-video-preview:-1"},"canonical":"https:\/\/www.raxxa.com\/it\/shop\/raxxa-postkarte-urzeitliches-dino-spiel-am-fluss\/","og_locale":"it_IT","og_type":"article","og_title":"raxxa Postkarte: Urzeitliches Dino-Spiel am Fluss","og_description":"&quot;Urzeitliches Dino-Spiel am Fluss&quot; by Slothy Verspielte Kinder-Dinos tollen fr\u00f6hlich am Ufer eines Flusses in einer urzeitlichen Landschaft. Umgeben von einem dichten Wald und imposanten Bergen im Hintergrund, plantschen sie ausgelassen im Wasser. Die warme, mystische Stimmung der Urzeit, verst\u00e4rkt durch das sanfte Licht und die urspr\u00fcngliche Natur, l\u00e4sst die Szene lebendig und abenteuerlich wirken. [&hellip;]","og_url":"https:\/\/www.raxxa.com\/it\/shop\/raxxa-postkarte-urzeitliches-dino-spiel-am-fluss\/","og_site_name":"raxxa","article_publisher":"https:\/\/facebook.com\/raxxacom","article_modified_time":"2025-11-02T20:28:34+00:00","og_image":[{"width":2560,"height":1707,"url":"https:\/\/www.raxxa.com\/wp-content\/uploads\/2025\/01\/raxxa-268-16856-185-Slothy-Urzeitliches-Dino-Spiel-am-Fluss-1-scaled.jpg","type":"image\/jpeg"}],"twitter_card":"summary_large_image","twitter_misc":{"Disponibilit\u00e0":"In stock"},"schema":{"@context":"https:\/\/schema.org","@graph":[{"@type":["WebPage","ItemPage"],"@id":"https:\/\/www.raxxa.com\/it\/shop\/raxxa-postkarte-urzeitliches-dino-spiel-am-fluss\/","url":"https:\/\/www.raxxa.com\/it\/shop\/raxxa-postkarte-urzeitliches-dino-spiel-am-fluss\/","name":"raxxa Postkarte: Urzeitliches Dino-Spiel am Fluss - raxxa","isPartOf":{"@id":"https:\/\/www.raxxa.com\/#website"},"primaryImageOfPage":{"@id":"https:\/\/www.raxxa.com\/it\/shop\/raxxa-postkarte-urzeitliches-dino-spiel-am-fluss\/#primaryimage"},"image":{"@id":"https:\/\/www.raxxa.com\/it\/shop\/raxxa-postkarte-urzeitliches-dino-spiel-am-fluss\/#primaryimage"},"thumbnailUrl":"https:\/\/www.raxxa.com\/wp-content\/uploads\/2025\/01\/raxxa-268-16856-185-Slothy-Urzeitliches-Dino-Spiel-am-Fluss-1-scaled.jpg","datePublished":"2025-01-20T05:11:13+00:00","dateModified":"2025-11-02T20:28:34+00:00","breadcrumb":{"@id":"https:\/\/www.raxxa.com\/it\/shop\/raxxa-postkarte-urzeitliches-dino-spiel-am-fluss\/#breadcrumb"},"inLanguage":"it-IT","potentialAction":[{"@type":"ReadAction","target":["https:\/\/www.raxxa.com\/it\/shop\/raxxa-postkarte-urzeitliches-dino-spiel-am-fluss\/"]}]},{"@type":"ImageObject","inLanguage":"it-IT","@id":"https:\/\/www.raxxa.com\/it\/shop\/raxxa-postkarte-urzeitliches-dino-spiel-am-fluss\/#primaryimage","url":"https:\/\/www.raxxa.com\/wp-content\/uploads\/2025\/01\/raxxa-268-16856-185-Slothy-Urzeitliches-Dino-Spiel-am-Fluss-1-scaled.jpg","contentUrl":"https:\/\/www.raxxa.com\/wp-content\/uploads\/2025\/01\/raxxa-268-16856-185-Slothy-Urzeitliches-Dino-Spiel-am-Fluss-1-scaled.jpg","width":2560,"height":1707},{"@type":"BreadcrumbList","@id":"https:\/\/www.raxxa.com\/it\/shop\/raxxa-postkarte-urzeitliches-dino-spiel-am-fluss\/#breadcrumb","itemListElement":[{"@type":"ListItem","position":1,"name":"Startseite","item":"https:\/\/www.raxxa.com\/"},{"@type":"ListItem","position":2,"name":"Shop","item":"https:\/\/www.raxxa.com\/it\/shop\/"},{"@type":"ListItem","position":3,"name":"raxxa Postkarte: Urzeitliches Dino-Spiel am Fluss"}]},{"@type":"WebSite","@id":"https:\/\/www.raxxa.com\/#website","url":"https:\/\/www.raxxa.com\/","name":"raxxa","description":"Prodotti unici e personalizzati dei nostri designer","publisher":{"@id":"https:\/\/www.raxxa.com\/#organization"},"potentialAction":[{"@type":"SearchAction","target":{"@type":"EntryPoint","urlTemplate":"https:\/\/www.raxxa.com\/?s={search_term_string}"},"query-input":{"@type":"PropertyValueSpecification","valueRequired":true,"valueName":"search_term_string"}}],"inLanguage":"it-IT"},{"@type":"Organization","@id":"https:\/\/www.raxxa.com\/#organization","name":"raxxa","url":"https:\/\/www.raxxa.com\/","logo":{"@type":"ImageObject","inLanguage":"it-IT","@id":"https:\/\/www.raxxa.com\/#\/schema\/logo\/image\/","url":"https:\/\/www.raxxa.com\/wp-content\/uploads\/2022\/07\/logo_v2.png","contentUrl":"https:\/\/www.raxxa.com\/wp-content\/uploads\/2022\/07\/logo_v2.png","width":380,"height":382,"caption":"raxxa"},"image":{"@id":"https:\/\/www.raxxa.com\/#\/schema\/logo\/image\/"},"sameAs":["https:\/\/facebook.com\/raxxacom"]}]},"og_availability":"instock","product_availability":"instock","product_retailer_item_id":"1-185-16856-268","product_condition":"new"},"jetpack_sharing_enabled":true,"_links":{"self":[{"href":"https:\/\/www.raxxa.com\/it\/wp-json\/wp\/v2\/product\/215627","targetHints":{"allow":["GET"]}}],"collection":[{"href":"https:\/\/www.raxxa.com\/it\/wp-json\/wp\/v2\/product"}],"about":[{"href":"https:\/\/www.raxxa.com\/it\/wp-json\/wp\/v2\/types\/product"}],"replies":[{"embeddable":true,"href":"https:\/\/www.raxxa.com\/it\/wp-json\/wp\/v2\/comments?post=215627"}],"wp:featuredmedia":[{"embeddable":true,"href":"https:\/\/www.raxxa.com\/it\/wp-json\/wp\/v2\/media\/250945"}],"wp:attachment":[{"href":"https:\/\/www.raxxa.com\/it\/wp-json\/wp\/v2\/media?parent=215627"}],"wp:term":[{"taxonomy":"product_brand","embeddable":true,"href":"https:\/\/www.raxxa.com\/it\/wp-json\/wp\/v2\/product_brand?post=215627"},{"taxonomy":"product_cat","embeddable":true,"href":"https:\/\/www.raxxa.com\/it\/wp-json\/wp\/v2\/product_cat?post=215627"},{"taxonomy":"product_tag","embeddable":true,"href":"https:\/\/www.raxxa.com\/it\/wp-json\/wp\/v2\/product_tag?post=215627"}],"curies":[{"name":"wp","href":"https:\/\/api.w.org\/{rel}","templated":true}]}}