{"id":215404,"date":"2025-01-20T06:58:42","date_gmt":"2025-01-20T04:58:42","guid":{"rendered":"https:\/\/www.raxxa.com\/?post_type=product&#038;p=215404"},"modified":"2025-11-02T22:45:58","modified_gmt":"2025-11-02T20:45:58","slug":"raxxa-postkarte-lyanna","status":"publish","type":"product","link":"https:\/\/www.raxxa.com\/it\/shop\/raxxa-postkarte-lyanna\/","title":{"rendered":"cartolina di raxxa: Lyanna"},"content":{"rendered":"<h3><strong>\"Lyanna\" di Slothy<\/strong><\/h3>\n<p><strong><\/strong><\/p>\n<p>Lyanna, l'incantevole fata, \u00e8 nota per la sua grazia e la sua magica presenza nel regno delle fate. Con occhi scintillanti che brillano come stelle scintillanti e un sorriso che riscalda i cuori delle persone, diffonde gioia e armonia ovunque vada. La sua saggezza e gentilezza sono leggendarie e il suo nome vivr\u00e0 per sempre nelle leggende delle fate.<\/p>\n<p>&nbsp;<\/p>\n<ul><li>Stampiamo la cartolina desiderata in bianco o con un saluto personalizzato e la inviamo in tutto il mondo a qualsiasi persona o a voi stessi.<\/li><li>Ideale per il postcrossing online o per gli auguri personalizzati a persone care, amici, parenti e conoscenti.<\/li><li>In alternativa, \u00e8 disponibile anche una cartolina con motivo in bianco da ritirare o spedire.<\/li><li>Cartoline DIN A6 (14,8 cm x 10,5 cm).<\/li><\/ul><br><br><b>Come posso creare\/disegnare la mia cartolina personalizzata?<\/b><br><br>1) Inserite semplicemente il testo del vostro messaggio o saluto (massimo 500 caratteri).<br>2) Se si desidera inviare la cartolina per Postcrossing, inserire il PostcrossingID.<br>Altrimenti, lasciare semplicemente questo campo vuoto.<br>3) Inserite negli appositi campi il nome e il cognome, la via e il numero civico, il codice postale, la citt\u00e0 e il Paese del destinatario della cartolina.<br>4) Ora \u00e8 possibile aggiungere la cartolina disegnata al carrello e ordinarla alla cassa.<br><br>A questo punto stampiamo la cartolina personalizzata, la affranchiamo e la inviamo al destinatario indicato.<br><br>Se avete domande, inviateci un messaggio o un'e-mail.<br>","protected":false},"excerpt":{"rendered":"<p>&quot;Lyanna&quot; by Slothy Lyanna, die bezaubernde Fee, ist bekannt f\u00fcr ihre Anmut und ihre magische Pr\u00e4senz im Reich der Feen. Mit strahlenden Augen, die wie funkelnde Sterne leuchten, und einem L\u00e4cheln, das die Herzen der Menschen erw\u00e4rmt, verbreitet sie Freude und Harmonie, wohin sie auch geht. Ihre Weisheit und G\u00fcte sind legend\u00e4r, und ihr Name [&hellip;]<\/p>\n","protected":false},"featured_media":251004,"comment_status":"open","ping_status":"closed","template":"","meta":[],"product_brand":[],"product_cat":[11600,11884,10765],"product_tag":[11449],"class_list":{"0":"post-215404","1":"product","2":"type-product","3":"status-publish","4":"has-post-thumbnail","6":"product_cat-fantasy-mythologie","7":"product_cat-postkarten","8":"product_cat-slothy","9":"product_tag-fee-verzaubert-farbenfroh-fluegel-majestaetisch-schoenheit-schoen-anmut-bezaubernd-fabelwesen","11":"first","12":"instock","13":"taxable","14":"shipping-taxable","15":"purchasable","16":"product-type-variable"},"yoast_head":"<!-- This site is optimized with the Yoast SEO Premium plugin v27.5 (Yoast SEO v27.5) - https:\/\/yoast.com\/product\/yoast-seo-premium-wordpress\/ -->\n<title>raxxa Postkarte: Lyanna - raxxa<\/title>\n<meta name=\"robots\" content=\"index, follow, max-snippet:-1, max-image-preview:large, max-video-preview:-1\" \/>\n<link rel=\"canonical\" href=\"https:\/\/www.raxxa.com\/it\/shop\/raxxa-postkarte-lyanna\/\" \/>\n<meta property=\"og:locale\" content=\"it_IT\" \/>\n<meta property=\"og:type\" content=\"article\" \/>\n<meta property=\"og:title\" content=\"raxxa Postkarte: Lyanna\" \/>\n<meta property=\"og:description\" content=\"&quot;Lyanna&quot; by Slothy Lyanna, die bezaubernde Fee, ist bekannt f\u00fcr ihre Anmut und ihre magische Pr\u00e4senz im Reich der Feen. Mit strahlenden Augen, die wie funkelnde Sterne leuchten, und einem L\u00e4cheln, das die Herzen der Menschen erw\u00e4rmt, verbreitet sie Freude und Harmonie, wohin sie auch geht. Ihre Weisheit und G\u00fcte sind legend\u00e4r, und ihr Name [&hellip;]\" \/>\n<meta property=\"og:url\" content=\"https:\/\/www.raxxa.com\/it\/shop\/raxxa-postkarte-lyanna\/\" \/>\n<meta property=\"og:site_name\" content=\"raxxa\" \/>\n<meta property=\"article:publisher\" content=\"https:\/\/facebook.com\/raxxacom\" \/>\n<meta property=\"article:modified_time\" content=\"2025-11-02T20:45:58+00:00\" \/>\n<meta property=\"og:image\" content=\"https:\/\/www.raxxa.com\/wp-content\/uploads\/2025\/01\/raxxa-268-15641-185-Slothy-Lyanna-18.jpg\" \/>\n\t<meta property=\"og:image:width\" content=\"1024\" \/>\n\t<meta property=\"og:image:height\" content=\"1024\" \/>\n\t<meta property=\"og:image:type\" content=\"image\/jpeg\" \/>\n<meta name=\"twitter:card\" content=\"summary_large_image\" \/>\n<meta name=\"twitter:label1\" content=\"Disponibilit\u00e0\" \/>\n\t<meta name=\"twitter:data1\" content=\"In stock\" \/>\n<script type=\"application\/ld+json\" class=\"yoast-schema-graph\">{\"@context\":\"https:\\\/\\\/schema.org\",\"@graph\":[{\"@type\":[\"WebPage\",\"ItemPage\"],\"@id\":\"https:\\\/\\\/www.raxxa.com\\\/shop\\\/raxxa-postkarte-lyanna\\\/\",\"url\":\"https:\\\/\\\/www.raxxa.com\\\/shop\\\/raxxa-postkarte-lyanna\\\/\",\"name\":\"raxxa Postkarte: Lyanna - raxxa\",\"isPartOf\":{\"@id\":\"https:\\\/\\\/www.raxxa.com\\\/#website\"},\"primaryImageOfPage\":{\"@id\":\"https:\\\/\\\/www.raxxa.com\\\/shop\\\/raxxa-postkarte-lyanna\\\/#primaryimage\"},\"image\":{\"@id\":\"https:\\\/\\\/www.raxxa.com\\\/shop\\\/raxxa-postkarte-lyanna\\\/#primaryimage\"},\"thumbnailUrl\":\"https:\\\/\\\/www.raxxa.com\\\/wp-content\\\/uploads\\\/2025\\\/01\\\/raxxa-268-15641-185-Slothy-Lyanna-18.jpg\",\"datePublished\":\"2025-01-20T04:58:42+00:00\",\"dateModified\":\"2025-11-02T20:45:58+00:00\",\"breadcrumb\":{\"@id\":\"https:\\\/\\\/www.raxxa.com\\\/shop\\\/raxxa-postkarte-lyanna\\\/#breadcrumb\"},\"inLanguage\":\"it-IT\",\"potentialAction\":[{\"@type\":\"ReadAction\",\"target\":[\"https:\\\/\\\/www.raxxa.com\\\/shop\\\/raxxa-postkarte-lyanna\\\/\"]}]},{\"@type\":\"ImageObject\",\"inLanguage\":\"it-IT\",\"@id\":\"https:\\\/\\\/www.raxxa.com\\\/shop\\\/raxxa-postkarte-lyanna\\\/#primaryimage\",\"url\":\"https:\\\/\\\/www.raxxa.com\\\/wp-content\\\/uploads\\\/2025\\\/01\\\/raxxa-268-15641-185-Slothy-Lyanna-18.jpg\",\"contentUrl\":\"https:\\\/\\\/www.raxxa.com\\\/wp-content\\\/uploads\\\/2025\\\/01\\\/raxxa-268-15641-185-Slothy-Lyanna-18.jpg\",\"width\":1024,\"height\":1024},{\"@type\":\"BreadcrumbList\",\"@id\":\"https:\\\/\\\/www.raxxa.com\\\/shop\\\/raxxa-postkarte-lyanna\\\/#breadcrumb\",\"itemListElement\":[{\"@type\":\"ListItem\",\"position\":1,\"name\":\"Startseite\",\"item\":\"https:\\\/\\\/www.raxxa.com\\\/\"},{\"@type\":\"ListItem\",\"position\":2,\"name\":\"Shop\",\"item\":\"https:\\\/\\\/www.raxxa.com\\\/it\\\/shop\\\/\"},{\"@type\":\"ListItem\",\"position\":3,\"name\":\"raxxa Postkarte: Lyanna\"}]},{\"@type\":\"WebSite\",\"@id\":\"https:\\\/\\\/www.raxxa.com\\\/#website\",\"url\":\"https:\\\/\\\/www.raxxa.com\\\/\",\"name\":\"raxxa\",\"description\":\"Einzigartige individuelle Produkte von unseren Designern\",\"publisher\":{\"@id\":\"https:\\\/\\\/www.raxxa.com\\\/#organization\"},\"potentialAction\":[{\"@type\":\"SearchAction\",\"target\":{\"@type\":\"EntryPoint\",\"urlTemplate\":\"https:\\\/\\\/www.raxxa.com\\\/?s={search_term_string}\"},\"query-input\":{\"@type\":\"PropertyValueSpecification\",\"valueRequired\":true,\"valueName\":\"search_term_string\"}}],\"inLanguage\":\"it-IT\"},{\"@type\":\"Organization\",\"@id\":\"https:\\\/\\\/www.raxxa.com\\\/#organization\",\"name\":\"raxxa\",\"url\":\"https:\\\/\\\/www.raxxa.com\\\/\",\"logo\":{\"@type\":\"ImageObject\",\"inLanguage\":\"it-IT\",\"@id\":\"https:\\\/\\\/www.raxxa.com\\\/#\\\/schema\\\/logo\\\/image\\\/\",\"url\":\"https:\\\/\\\/www.raxxa.com\\\/wp-content\\\/uploads\\\/2022\\\/07\\\/logo_v2.png\",\"contentUrl\":\"https:\\\/\\\/www.raxxa.com\\\/wp-content\\\/uploads\\\/2022\\\/07\\\/logo_v2.png\",\"width\":380,\"height\":382,\"caption\":\"raxxa\"},\"image\":{\"@id\":\"https:\\\/\\\/www.raxxa.com\\\/#\\\/schema\\\/logo\\\/image\\\/\"},\"sameAs\":[\"https:\\\/\\\/facebook.com\\\/raxxacom\"]}]}<\/script>\n<meta property=\"og:availability\" content=\"instock\" \/>\n<meta property=\"product:availability\" content=\"instock\" \/>\n<meta property=\"product:retailer_item_id\" content=\"1-185-15641-268\" \/>\n<meta property=\"product:condition\" content=\"new\" \/>\n<!-- \/ Yoast SEO Premium plugin. -->","yoast_head_json":{"title":"raxxa Postkarte: Lyanna - raxxa","robots":{"index":"index","follow":"follow","max-snippet":"max-snippet:-1","max-image-preview":"max-image-preview:large","max-video-preview":"max-video-preview:-1"},"canonical":"https:\/\/www.raxxa.com\/it\/shop\/raxxa-postkarte-lyanna\/","og_locale":"it_IT","og_type":"article","og_title":"raxxa Postkarte: Lyanna","og_description":"&quot;Lyanna&quot; by Slothy Lyanna, die bezaubernde Fee, ist bekannt f\u00fcr ihre Anmut und ihre magische Pr\u00e4senz im Reich der Feen. Mit strahlenden Augen, die wie funkelnde Sterne leuchten, und einem L\u00e4cheln, das die Herzen der Menschen erw\u00e4rmt, verbreitet sie Freude und Harmonie, wohin sie auch geht. Ihre Weisheit und G\u00fcte sind legend\u00e4r, und ihr Name [&hellip;]","og_url":"https:\/\/www.raxxa.com\/it\/shop\/raxxa-postkarte-lyanna\/","og_site_name":"raxxa","article_publisher":"https:\/\/facebook.com\/raxxacom","article_modified_time":"2025-11-02T20:45:58+00:00","og_image":[{"width":1024,"height":1024,"url":"https:\/\/www.raxxa.com\/wp-content\/uploads\/2025\/01\/raxxa-268-15641-185-Slothy-Lyanna-18.jpg","type":"image\/jpeg"}],"twitter_card":"summary_large_image","twitter_misc":{"Disponibilit\u00e0":"In stock"},"schema":{"@context":"https:\/\/schema.org","@graph":[{"@type":["WebPage","ItemPage"],"@id":"https:\/\/www.raxxa.com\/shop\/raxxa-postkarte-lyanna\/","url":"https:\/\/www.raxxa.com\/shop\/raxxa-postkarte-lyanna\/","name":"raxxa Postkarte: Lyanna - raxxa","isPartOf":{"@id":"https:\/\/www.raxxa.com\/#website"},"primaryImageOfPage":{"@id":"https:\/\/www.raxxa.com\/shop\/raxxa-postkarte-lyanna\/#primaryimage"},"image":{"@id":"https:\/\/www.raxxa.com\/shop\/raxxa-postkarte-lyanna\/#primaryimage"},"thumbnailUrl":"https:\/\/www.raxxa.com\/wp-content\/uploads\/2025\/01\/raxxa-268-15641-185-Slothy-Lyanna-18.jpg","datePublished":"2025-01-20T04:58:42+00:00","dateModified":"2025-11-02T20:45:58+00:00","breadcrumb":{"@id":"https:\/\/www.raxxa.com\/shop\/raxxa-postkarte-lyanna\/#breadcrumb"},"inLanguage":"it-IT","potentialAction":[{"@type":"ReadAction","target":["https:\/\/www.raxxa.com\/shop\/raxxa-postkarte-lyanna\/"]}]},{"@type":"ImageObject","inLanguage":"it-IT","@id":"https:\/\/www.raxxa.com\/shop\/raxxa-postkarte-lyanna\/#primaryimage","url":"https:\/\/www.raxxa.com\/wp-content\/uploads\/2025\/01\/raxxa-268-15641-185-Slothy-Lyanna-18.jpg","contentUrl":"https:\/\/www.raxxa.com\/wp-content\/uploads\/2025\/01\/raxxa-268-15641-185-Slothy-Lyanna-18.jpg","width":1024,"height":1024},{"@type":"BreadcrumbList","@id":"https:\/\/www.raxxa.com\/shop\/raxxa-postkarte-lyanna\/#breadcrumb","itemListElement":[{"@type":"ListItem","position":1,"name":"Startseite","item":"https:\/\/www.raxxa.com\/"},{"@type":"ListItem","position":2,"name":"Shop","item":"https:\/\/www.raxxa.com\/it\/shop\/"},{"@type":"ListItem","position":3,"name":"raxxa Postkarte: Lyanna"}]},{"@type":"WebSite","@id":"https:\/\/www.raxxa.com\/#website","url":"https:\/\/www.raxxa.com\/","name":"raxxa","description":"Prodotti unici e personalizzati dei nostri designer","publisher":{"@id":"https:\/\/www.raxxa.com\/#organization"},"potentialAction":[{"@type":"SearchAction","target":{"@type":"EntryPoint","urlTemplate":"https:\/\/www.raxxa.com\/?s={search_term_string}"},"query-input":{"@type":"PropertyValueSpecification","valueRequired":true,"valueName":"search_term_string"}}],"inLanguage":"it-IT"},{"@type":"Organization","@id":"https:\/\/www.raxxa.com\/#organization","name":"raxxa","url":"https:\/\/www.raxxa.com\/","logo":{"@type":"ImageObject","inLanguage":"it-IT","@id":"https:\/\/www.raxxa.com\/#\/schema\/logo\/image\/","url":"https:\/\/www.raxxa.com\/wp-content\/uploads\/2022\/07\/logo_v2.png","contentUrl":"https:\/\/www.raxxa.com\/wp-content\/uploads\/2022\/07\/logo_v2.png","width":380,"height":382,"caption":"raxxa"},"image":{"@id":"https:\/\/www.raxxa.com\/#\/schema\/logo\/image\/"},"sameAs":["https:\/\/facebook.com\/raxxacom"]}]},"og_availability":"instock","product_availability":"instock","product_retailer_item_id":"1-185-15641-268","product_condition":"new"},"jetpack_sharing_enabled":true,"_links":{"self":[{"href":"https:\/\/www.raxxa.com\/it\/wp-json\/wp\/v2\/product\/215404","targetHints":{"allow":["GET"]}}],"collection":[{"href":"https:\/\/www.raxxa.com\/it\/wp-json\/wp\/v2\/product"}],"about":[{"href":"https:\/\/www.raxxa.com\/it\/wp-json\/wp\/v2\/types\/product"}],"replies":[{"embeddable":true,"href":"https:\/\/www.raxxa.com\/it\/wp-json\/wp\/v2\/comments?post=215404"}],"wp:featuredmedia":[{"embeddable":true,"href":"https:\/\/www.raxxa.com\/it\/wp-json\/wp\/v2\/media\/251004"}],"wp:attachment":[{"href":"https:\/\/www.raxxa.com\/it\/wp-json\/wp\/v2\/media?parent=215404"}],"wp:term":[{"taxonomy":"product_brand","embeddable":true,"href":"https:\/\/www.raxxa.com\/it\/wp-json\/wp\/v2\/product_brand?post=215404"},{"taxonomy":"product_cat","embeddable":true,"href":"https:\/\/www.raxxa.com\/it\/wp-json\/wp\/v2\/product_cat?post=215404"},{"taxonomy":"product_tag","embeddable":true,"href":"https:\/\/www.raxxa.com\/it\/wp-json\/wp\/v2\/product_tag?post=215404"}],"curies":[{"name":"wp","href":"https:\/\/api.w.org\/{rel}","templated":true}]}}