{"id":208144,"date":"2024-10-16T13:32:53","date_gmt":"2024-10-16T11:32:53","guid":{"rendered":"https:\/\/www.raxxa.com\/?post_type=product&#038;p=208144"},"modified":"2025-11-02T10:01:24","modified_gmt":"2025-11-02T08:01:24","slug":"raxxa-postkarte-dunkle-opulente-blumenpracht-vintage-gothic-eleganz","status":"publish","type":"product","link":"https:\/\/www.raxxa.com\/it\/shop\/raxxa-postkarte-dunkle-opulente-blumenpracht-vintage-gothic-eleganz\/","title":{"rendered":"raxxa Cartolina: Splendore floreale scuro e opulento Eleganza gotica d'epoca"},"content":{"rendered":"<h3><strong>\"Cupo opulento splendore floreale eleganza gotica vintage\" di Uta Naumann<\/strong><\/h3>\n<p><strong><\/strong><\/p>\n<p>Questo nostalgico motivo floreale dark gothic \u00e8 caratterizzato da grandi e rigogliose rose in un profondo e cupo rosso scuro o nero. Le rose sono disegnate artisticamente e ricordano le opulente composizioni floreali di un tempo. Questo motivo emana un tocco di lusso e romanticismo vintage ed evoca ricordi di un'epoca in cui lo splendore e la sensualit\u00e0 erano al centro della scena. Le rose che dominano questo motivo simboleggiano sia la bellezza che il romanticismo oscuro associati all'estetica gotica. Crea un'atmosfera elegante e intrigante che riempie la stanza di un fascino nostalgico.<\/p>\n<p>&nbsp;<\/p>\n<ul><li>Stampiamo la cartolina desiderata in bianco o con un saluto personalizzato e la inviamo in tutto il mondo a qualsiasi persona o a voi stessi.<\/li><li>Ideale per il postcrossing online o per gli auguri personalizzati a persone care, amici, parenti e conoscenti.<\/li><li>In alternativa, \u00e8 disponibile anche una cartolina con motivo in bianco da ritirare o spedire.<\/li><li>Cartoline DIN A6 (14,8 cm x 10,5 cm).<\/li><\/ul><br><br><b>Come posso creare\/disegnare la mia cartolina personalizzata?<\/b><br><br>1) Inserite semplicemente il testo del vostro messaggio o saluto (massimo 500 caratteri).<br>2) Se si desidera inviare la cartolina per Postcrossing, inserire il PostcrossingID.<br>Altrimenti, lasciare semplicemente questo campo vuoto.<br>3) Inserite negli appositi campi il nome e il cognome, la via e il numero civico, il codice postale, la citt\u00e0 e il Paese del destinatario della cartolina.<br>4) Ora \u00e8 possibile aggiungere la cartolina disegnata al carrello e ordinarla alla cassa.<br><br>A questo punto stampiamo la cartolina personalizzata, la affranchiamo e la inviamo al destinatario indicato.<br><br>Se avete domande, inviateci un messaggio o un'e-mail.<br>","protected":false},"excerpt":{"rendered":"<p>&quot;Dunkle Opulente Blumenpracht Vintage Gothic Eleganz&quot; by Uta Naumann Dies nostalgische dunkle Gothic-Floralmuster zeichnet sich durch gro\u00dfe, \u00fcppige Rosen aus, die in tiefem, d\u00fcsterem Dunkelrot oder Schwarz gehalten sind. Die Rosen sind kunstvoll gestaltet und erinnern an die opulenten Blumenarrangements vergangener Zeiten. Dieses Muster strahlt einen Hauch von Luxus und Vintage-Romantik aus und erweckt Erinnerungen [&hellip;]<\/p>\n","protected":false},"featured_media":247460,"comment_status":"open","ping_status":"closed","template":"","meta":[],"product_brand":[],"product_cat":[136,11218,11884],"product_tag":[11252],"class_list":{"0":"post-208144","1":"product","2":"type-product","3":"status-publish","4":"has-post-thumbnail","6":"product_cat-natur","7":"product_cat-uta-naumann","8":"product_cat-postkarten","9":"product_tag-vintage-nostalgie-nostalgisch-antik-retro-blumen-rose-floral-botanisch-flora-bluete-dunkel-schwarz-gothic-goth-nature-luxus-garten-romantisch-viktorianisch-barock-mystisch-historisch-englisch","11":"first","12":"instock","13":"taxable","14":"shipping-taxable","15":"purchasable","16":"product-type-variable"},"yoast_head":"<!-- This site is optimized with the Yoast SEO Premium plugin v27.2 (Yoast SEO v27.3) - https:\/\/yoast.com\/product\/yoast-seo-premium-wordpress\/ -->\n<title>raxxa Postkarte: Dunkle Opulente Blumenpracht Vintage Gothic Eleganz - raxxa<\/title>\n<meta name=\"robots\" content=\"index, follow, max-snippet:-1, max-image-preview:large, max-video-preview:-1\" \/>\n<link rel=\"canonical\" href=\"https:\/\/www.raxxa.com\/it\/shop\/raxxa-postkarte-dunkle-opulente-blumenpracht-vintage-gothic-eleganz\/\" \/>\n<meta property=\"og:locale\" content=\"it_IT\" \/>\n<meta property=\"og:type\" content=\"article\" \/>\n<meta property=\"og:title\" content=\"raxxa Postkarte: Dunkle Opulente Blumenpracht Vintage Gothic Eleganz\" \/>\n<meta property=\"og:description\" content=\"&quot;Dunkle Opulente Blumenpracht Vintage Gothic Eleganz&quot; by Uta Naumann Dies nostalgische dunkle Gothic-Floralmuster zeichnet sich durch gro\u00dfe, \u00fcppige Rosen aus, die in tiefem, d\u00fcsterem Dunkelrot oder Schwarz gehalten sind. Die Rosen sind kunstvoll gestaltet und erinnern an die opulenten Blumenarrangements vergangener Zeiten. Dieses Muster strahlt einen Hauch von Luxus und Vintage-Romantik aus und erweckt Erinnerungen [&hellip;]\" \/>\n<meta property=\"og:url\" content=\"https:\/\/www.raxxa.com\/it\/shop\/raxxa-postkarte-dunkle-opulente-blumenpracht-vintage-gothic-eleganz\/\" \/>\n<meta property=\"og:site_name\" content=\"raxxa\" \/>\n<meta property=\"article:publisher\" content=\"https:\/\/facebook.com\/raxxacom\" \/>\n<meta property=\"article:modified_time\" content=\"2025-11-02T08:01:24+00:00\" \/>\n<meta property=\"og:image\" content=\"https:\/\/www.raxxa.com\/wp-content\/uploads\/2024\/10\/raxxa-282-7377-185-Uta-Naumann-Dunkle-Opulente-Blumenpracht-Vintage-Gothic-Eleganz-22.jpg\" \/>\n\t<meta property=\"og:image:width\" content=\"1024\" \/>\n\t<meta property=\"og:image:height\" content=\"1024\" \/>\n\t<meta property=\"og:image:type\" content=\"image\/jpeg\" \/>\n<meta name=\"twitter:card\" content=\"summary_large_image\" \/>\n<meta name=\"twitter:label1\" content=\"Disponibilit\u00e0\" \/>\n\t<meta name=\"twitter:data1\" content=\"In stock\" \/>\n<script type=\"application\/ld+json\" class=\"yoast-schema-graph\">{\"@context\":\"https:\\\/\\\/schema.org\",\"@graph\":[{\"@type\":[\"WebPage\",\"ItemPage\"],\"@id\":\"https:\\\/\\\/www.raxxa.com\\\/shop\\\/raxxa-postkarte-dunkle-opulente-blumenpracht-vintage-gothic-eleganz\\\/\",\"url\":\"https:\\\/\\\/www.raxxa.com\\\/shop\\\/raxxa-postkarte-dunkle-opulente-blumenpracht-vintage-gothic-eleganz\\\/\",\"name\":\"raxxa Postkarte: Dunkle Opulente Blumenpracht Vintage Gothic Eleganz - raxxa\",\"isPartOf\":{\"@id\":\"https:\\\/\\\/www.raxxa.com\\\/#website\"},\"primaryImageOfPage\":{\"@id\":\"https:\\\/\\\/www.raxxa.com\\\/shop\\\/raxxa-postkarte-dunkle-opulente-blumenpracht-vintage-gothic-eleganz\\\/#primaryimage\"},\"image\":{\"@id\":\"https:\\\/\\\/www.raxxa.com\\\/shop\\\/raxxa-postkarte-dunkle-opulente-blumenpracht-vintage-gothic-eleganz\\\/#primaryimage\"},\"thumbnailUrl\":\"https:\\\/\\\/www.raxxa.com\\\/wp-content\\\/uploads\\\/2024\\\/10\\\/raxxa-282-7377-185-Uta-Naumann-Dunkle-Opulente-Blumenpracht-Vintage-Gothic-Eleganz-22.jpg\",\"datePublished\":\"2024-10-16T11:32:53+00:00\",\"dateModified\":\"2025-11-02T08:01:24+00:00\",\"breadcrumb\":{\"@id\":\"https:\\\/\\\/www.raxxa.com\\\/shop\\\/raxxa-postkarte-dunkle-opulente-blumenpracht-vintage-gothic-eleganz\\\/#breadcrumb\"},\"inLanguage\":\"it-IT\",\"potentialAction\":[{\"@type\":\"ReadAction\",\"target\":[\"https:\\\/\\\/www.raxxa.com\\\/shop\\\/raxxa-postkarte-dunkle-opulente-blumenpracht-vintage-gothic-eleganz\\\/\"]}]},{\"@type\":\"ImageObject\",\"inLanguage\":\"it-IT\",\"@id\":\"https:\\\/\\\/www.raxxa.com\\\/shop\\\/raxxa-postkarte-dunkle-opulente-blumenpracht-vintage-gothic-eleganz\\\/#primaryimage\",\"url\":\"https:\\\/\\\/www.raxxa.com\\\/wp-content\\\/uploads\\\/2024\\\/10\\\/raxxa-282-7377-185-Uta-Naumann-Dunkle-Opulente-Blumenpracht-Vintage-Gothic-Eleganz-22.jpg\",\"contentUrl\":\"https:\\\/\\\/www.raxxa.com\\\/wp-content\\\/uploads\\\/2024\\\/10\\\/raxxa-282-7377-185-Uta-Naumann-Dunkle-Opulente-Blumenpracht-Vintage-Gothic-Eleganz-22.jpg\",\"width\":1024,\"height\":1024},{\"@type\":\"BreadcrumbList\",\"@id\":\"https:\\\/\\\/www.raxxa.com\\\/shop\\\/raxxa-postkarte-dunkle-opulente-blumenpracht-vintage-gothic-eleganz\\\/#breadcrumb\",\"itemListElement\":[{\"@type\":\"ListItem\",\"position\":1,\"name\":\"Startseite\",\"item\":\"https:\\\/\\\/www.raxxa.com\\\/\"},{\"@type\":\"ListItem\",\"position\":2,\"name\":\"Shop\",\"item\":\"https:\\\/\\\/www.raxxa.com\\\/it\\\/shop\\\/\"},{\"@type\":\"ListItem\",\"position\":3,\"name\":\"raxxa Postkarte: Dunkle Opulente Blumenpracht Vintage Gothic Eleganz\"}]},{\"@type\":\"WebSite\",\"@id\":\"https:\\\/\\\/www.raxxa.com\\\/#website\",\"url\":\"https:\\\/\\\/www.raxxa.com\\\/\",\"name\":\"raxxa\",\"description\":\"Einzigartige individuelle Produkte von unseren Designern\",\"publisher\":{\"@id\":\"https:\\\/\\\/www.raxxa.com\\\/#organization\"},\"potentialAction\":[{\"@type\":\"SearchAction\",\"target\":{\"@type\":\"EntryPoint\",\"urlTemplate\":\"https:\\\/\\\/www.raxxa.com\\\/?s={search_term_string}\"},\"query-input\":{\"@type\":\"PropertyValueSpecification\",\"valueRequired\":true,\"valueName\":\"search_term_string\"}}],\"inLanguage\":\"it-IT\"},{\"@type\":\"Organization\",\"@id\":\"https:\\\/\\\/www.raxxa.com\\\/#organization\",\"name\":\"raxxa\",\"url\":\"https:\\\/\\\/www.raxxa.com\\\/\",\"logo\":{\"@type\":\"ImageObject\",\"inLanguage\":\"it-IT\",\"@id\":\"https:\\\/\\\/www.raxxa.com\\\/#\\\/schema\\\/logo\\\/image\\\/\",\"url\":\"https:\\\/\\\/www.raxxa.com\\\/wp-content\\\/uploads\\\/2022\\\/07\\\/logo_v2.png\",\"contentUrl\":\"https:\\\/\\\/www.raxxa.com\\\/wp-content\\\/uploads\\\/2022\\\/07\\\/logo_v2.png\",\"width\":380,\"height\":382,\"caption\":\"raxxa\"},\"image\":{\"@id\":\"https:\\\/\\\/www.raxxa.com\\\/#\\\/schema\\\/logo\\\/image\\\/\"},\"sameAs\":[\"https:\\\/\\\/facebook.com\\\/raxxacom\"]}]}<\/script>\n<meta property=\"og:availability\" content=\"instock\" \/>\n<meta property=\"product:availability\" content=\"instock\" \/>\n<meta property=\"product:retailer_item_id\" content=\"1-185-7377-282\" \/>\n<meta property=\"product:condition\" content=\"new\" \/>\n<!-- \/ Yoast SEO Premium plugin. -->","yoast_head_json":{"title":"raxxa Cartolina: Scuro Opulento Splendore Floreale Eleganza Gotica Vintage - raxxa","robots":{"index":"index","follow":"follow","max-snippet":"max-snippet:-1","max-image-preview":"max-image-preview:large","max-video-preview":"max-video-preview:-1"},"canonical":"https:\/\/www.raxxa.com\/it\/shop\/raxxa-postkarte-dunkle-opulente-blumenpracht-vintage-gothic-eleganz\/","og_locale":"it_IT","og_type":"article","og_title":"raxxa Postkarte: Dunkle Opulente Blumenpracht Vintage Gothic Eleganz","og_description":"&quot;Dunkle Opulente Blumenpracht Vintage Gothic Eleganz&quot; by Uta Naumann Dies nostalgische dunkle Gothic-Floralmuster zeichnet sich durch gro\u00dfe, \u00fcppige Rosen aus, die in tiefem, d\u00fcsterem Dunkelrot oder Schwarz gehalten sind. Die Rosen sind kunstvoll gestaltet und erinnern an die opulenten Blumenarrangements vergangener Zeiten. Dieses Muster strahlt einen Hauch von Luxus und Vintage-Romantik aus und erweckt Erinnerungen [&hellip;]","og_url":"https:\/\/www.raxxa.com\/it\/shop\/raxxa-postkarte-dunkle-opulente-blumenpracht-vintage-gothic-eleganz\/","og_site_name":"raxxa","article_publisher":"https:\/\/facebook.com\/raxxacom","article_modified_time":"2025-11-02T08:01:24+00:00","og_image":[{"width":1024,"height":1024,"url":"https:\/\/www.raxxa.com\/wp-content\/uploads\/2024\/10\/raxxa-282-7377-185-Uta-Naumann-Dunkle-Opulente-Blumenpracht-Vintage-Gothic-Eleganz-22.jpg","type":"image\/jpeg"}],"twitter_card":"summary_large_image","twitter_misc":{"Disponibilit\u00e0":"In stock"},"schema":{"@context":"https:\/\/schema.org","@graph":[{"@type":["WebPage","ItemPage"],"@id":"https:\/\/www.raxxa.com\/shop\/raxxa-postkarte-dunkle-opulente-blumenpracht-vintage-gothic-eleganz\/","url":"https:\/\/www.raxxa.com\/shop\/raxxa-postkarte-dunkle-opulente-blumenpracht-vintage-gothic-eleganz\/","name":"raxxa Cartolina: Scuro Opulento Splendore Floreale Eleganza Gotica Vintage - raxxa","isPartOf":{"@id":"https:\/\/www.raxxa.com\/#website"},"primaryImageOfPage":{"@id":"https:\/\/www.raxxa.com\/shop\/raxxa-postkarte-dunkle-opulente-blumenpracht-vintage-gothic-eleganz\/#primaryimage"},"image":{"@id":"https:\/\/www.raxxa.com\/shop\/raxxa-postkarte-dunkle-opulente-blumenpracht-vintage-gothic-eleganz\/#primaryimage"},"thumbnailUrl":"https:\/\/www.raxxa.com\/wp-content\/uploads\/2024\/10\/raxxa-282-7377-185-Uta-Naumann-Dunkle-Opulente-Blumenpracht-Vintage-Gothic-Eleganz-22.jpg","datePublished":"2024-10-16T11:32:53+00:00","dateModified":"2025-11-02T08:01:24+00:00","breadcrumb":{"@id":"https:\/\/www.raxxa.com\/shop\/raxxa-postkarte-dunkle-opulente-blumenpracht-vintage-gothic-eleganz\/#breadcrumb"},"inLanguage":"it-IT","potentialAction":[{"@type":"ReadAction","target":["https:\/\/www.raxxa.com\/shop\/raxxa-postkarte-dunkle-opulente-blumenpracht-vintage-gothic-eleganz\/"]}]},{"@type":"ImageObject","inLanguage":"it-IT","@id":"https:\/\/www.raxxa.com\/shop\/raxxa-postkarte-dunkle-opulente-blumenpracht-vintage-gothic-eleganz\/#primaryimage","url":"https:\/\/www.raxxa.com\/wp-content\/uploads\/2024\/10\/raxxa-282-7377-185-Uta-Naumann-Dunkle-Opulente-Blumenpracht-Vintage-Gothic-Eleganz-22.jpg","contentUrl":"https:\/\/www.raxxa.com\/wp-content\/uploads\/2024\/10\/raxxa-282-7377-185-Uta-Naumann-Dunkle-Opulente-Blumenpracht-Vintage-Gothic-Eleganz-22.jpg","width":1024,"height":1024},{"@type":"BreadcrumbList","@id":"https:\/\/www.raxxa.com\/shop\/raxxa-postkarte-dunkle-opulente-blumenpracht-vintage-gothic-eleganz\/#breadcrumb","itemListElement":[{"@type":"ListItem","position":1,"name":"Startseite","item":"https:\/\/www.raxxa.com\/"},{"@type":"ListItem","position":2,"name":"Shop","item":"https:\/\/www.raxxa.com\/it\/shop\/"},{"@type":"ListItem","position":3,"name":"raxxa Postkarte: Dunkle Opulente Blumenpracht Vintage Gothic Eleganz"}]},{"@type":"WebSite","@id":"https:\/\/www.raxxa.com\/#website","url":"https:\/\/www.raxxa.com\/","name":"raxxa","description":"Prodotti unici e personalizzati dei nostri designer","publisher":{"@id":"https:\/\/www.raxxa.com\/#organization"},"potentialAction":[{"@type":"SearchAction","target":{"@type":"EntryPoint","urlTemplate":"https:\/\/www.raxxa.com\/?s={search_term_string}"},"query-input":{"@type":"PropertyValueSpecification","valueRequired":true,"valueName":"search_term_string"}}],"inLanguage":"it-IT"},{"@type":"Organization","@id":"https:\/\/www.raxxa.com\/#organization","name":"raxxa","url":"https:\/\/www.raxxa.com\/","logo":{"@type":"ImageObject","inLanguage":"it-IT","@id":"https:\/\/www.raxxa.com\/#\/schema\/logo\/image\/","url":"https:\/\/www.raxxa.com\/wp-content\/uploads\/2022\/07\/logo_v2.png","contentUrl":"https:\/\/www.raxxa.com\/wp-content\/uploads\/2022\/07\/logo_v2.png","width":380,"height":382,"caption":"raxxa"},"image":{"@id":"https:\/\/www.raxxa.com\/#\/schema\/logo\/image\/"},"sameAs":["https:\/\/facebook.com\/raxxacom"]}]},"og_availability":"instock","product_availability":"instock","product_retailer_item_id":"1-185-7377-282","product_condition":"new"},"jetpack_sharing_enabled":true,"_links":{"self":[{"href":"https:\/\/www.raxxa.com\/it\/wp-json\/wp\/v2\/product\/208144","targetHints":{"allow":["GET"]}}],"collection":[{"href":"https:\/\/www.raxxa.com\/it\/wp-json\/wp\/v2\/product"}],"about":[{"href":"https:\/\/www.raxxa.com\/it\/wp-json\/wp\/v2\/types\/product"}],"replies":[{"embeddable":true,"href":"https:\/\/www.raxxa.com\/it\/wp-json\/wp\/v2\/comments?post=208144"}],"wp:featuredmedia":[{"embeddable":true,"href":"https:\/\/www.raxxa.com\/it\/wp-json\/wp\/v2\/media\/247460"}],"wp:attachment":[{"href":"https:\/\/www.raxxa.com\/it\/wp-json\/wp\/v2\/media?parent=208144"}],"wp:term":[{"taxonomy":"product_brand","embeddable":true,"href":"https:\/\/www.raxxa.com\/it\/wp-json\/wp\/v2\/product_brand?post=208144"},{"taxonomy":"product_cat","embeddable":true,"href":"https:\/\/www.raxxa.com\/it\/wp-json\/wp\/v2\/product_cat?post=208144"},{"taxonomy":"product_tag","embeddable":true,"href":"https:\/\/www.raxxa.com\/it\/wp-json\/wp\/v2\/product_tag?post=208144"}],"curies":[{"name":"wp","href":"https:\/\/api.w.org\/{rel}","templated":true}]}}