{"id":207931,"date":"2024-10-14T21:00:02","date_gmt":"2024-10-14T19:00:02","guid":{"rendered":"https:\/\/www.raxxa.com\/?post_type=product&#038;p=207931"},"modified":"2025-10-31T14:46:45","modified_gmt":"2025-10-31T12:46:45","slug":"raxxa-premium-tischset-zauberhafte-vintage-kolibris-und-blueten","status":"publish","type":"product","link":"https:\/\/www.raxxa.com\/it\/shop\/raxxa-premium-tischset-zauberhafte-vintage-kolibris-und-blueten\/","title":{"rendered":"tovaglietta premium raxxa: Incantevoli colibr\u00ec e fiori vintage"},"content":{"rendered":"<h3><strong>\"Incantevoli colibr\u00ec e fiori vintage\" di Uta Naumann<\/strong><\/h3>\n<p><strong><\/strong><\/p>\n<p>Un lussuoso motivo vintage bianco dal sapore tropicale ed esotico crea uno sfondo affascinante. I colibr\u00ec colorati, con le loro piume iridescenti e le loro eleganti manovre di volo, animano il disegno e gli conferiscono una vivacit\u00e0 giocosa. I fiori rossi della passione, con i loro dettagli esotici e delicati, conferiscono al disegno un'eleganza naturale. Questo disegno emana un'atmosfera lussuosa e senza tempo e invita gli spettatori a immergersi in un mondo di bellezza tropicale e di affascinante fauna selvatica, dove la natura sboccia in tutto il suo splendore.<\/p>\n<p>&nbsp;<\/p>\nRavvivate la vostra sala da pranzo con le tovagliette in vinile colorate dei nostri artisti! Queste tovagliette stampate su un solo lato sono realizzate in materiale resistente e sono perfette per aggiungere un tocco di colore alla vostra tavola. Misurano 40 x 30 cm e sono della misura giusta per qualsiasi stoviglia. Abbelliscono i vostri pasti con stile e praticit\u00e0!<br><br>Note sul materiale:<br><ul><li>40 x 30 cm.<\/li><li>spessore di circa 1,6 mm.<\/li><li>Vinile.<\/li><li>Pulire con un panno umido, non adatto alla lavastoviglie.<\/li><li>Prodotto in Germania.<\/li><\/ul>","protected":false},"excerpt":{"rendered":"<p>&quot;Zauberhafte Vintage Kolibris und Bl\u00fcten&quot; by Uta Naumann Ein luxuri\u00f6ses wei\u00dfes Vintage-Muster mit tropischem und exotischem Flair erzeugt eine faszinierende Kulisse. Bunte Kolibris, mit ihren schillernden Federn und eleganten Flugman\u00f6vern, beleben das Design und verleihen ihm eine verspielte Lebendigkeit. Die roten Passionsblumen, mit ihren exotischen und filigranen Details, verleihen dem Muster eine nat\u00fcrliche Eleganz. Dieses [&hellip;]<\/p>\n","protected":false},"featured_media":247297,"comment_status":"open","ping_status":"closed","template":"","meta":[],"product_brand":[],"product_cat":[136,11218,11051],"product_tag":[11715],"class_list":{"0":"post-207931","1":"product","2":"type-product","3":"status-publish","4":"has-post-thumbnail","6":"product_cat-natur","7":"product_cat-uta-naumann","8":"product_cat-tischset","9":"product_tag-vintage-retro-exotisch-tropisch-blumen-bluete-floral-botanisch-dschungel-regenwald-garten-wald-illustration-collage-muster-boho-luxuroes-ueppig-safari-nostalgisch-nostalgie-kolibri-vogel-tier","10":"product_shipping_class-versand-tischset","12":"first","13":"instock","14":"taxable","15":"shipping-taxable","16":"purchasable","17":"product-type-variable"},"yoast_head":"<!-- This site is optimized with the Yoast SEO Premium plugin v27.2 (Yoast SEO v27.3) - https:\/\/yoast.com\/product\/yoast-seo-premium-wordpress\/ -->\n<title>raxxa Premium-Tischset: Zauberhafte Vintage Kolibris und Bl\u00fcten - raxxa<\/title>\n<meta name=\"robots\" content=\"index, follow, max-snippet:-1, max-image-preview:large, max-video-preview:-1\" \/>\n<link rel=\"canonical\" href=\"https:\/\/www.raxxa.com\/it\/shop\/raxxa-premium-tischset-zauberhafte-vintage-kolibris-und-blueten\/\" \/>\n<meta property=\"og:locale\" content=\"it_IT\" \/>\n<meta property=\"og:type\" content=\"article\" \/>\n<meta property=\"og:title\" content=\"raxxa Premium-Tischset: Zauberhafte Vintage Kolibris und Bl\u00fcten\" \/>\n<meta property=\"og:description\" content=\"&quot;Zauberhafte Vintage Kolibris und Bl\u00fcten&quot; by Uta Naumann Ein luxuri\u00f6ses wei\u00dfes Vintage-Muster mit tropischem und exotischem Flair erzeugt eine faszinierende Kulisse. Bunte Kolibris, mit ihren schillernden Federn und eleganten Flugman\u00f6vern, beleben das Design und verleihen ihm eine verspielte Lebendigkeit. Die roten Passionsblumen, mit ihren exotischen und filigranen Details, verleihen dem Muster eine nat\u00fcrliche Eleganz. Dieses [&hellip;]\" \/>\n<meta property=\"og:url\" content=\"https:\/\/www.raxxa.com\/it\/shop\/raxxa-premium-tischset-zauberhafte-vintage-kolibris-und-blueten\/\" \/>\n<meta property=\"og:site_name\" content=\"raxxa\" \/>\n<meta property=\"article:publisher\" content=\"https:\/\/facebook.com\/raxxacom\" \/>\n<meta property=\"article:modified_time\" content=\"2025-10-31T12:46:45+00:00\" \/>\n<meta property=\"og:image\" content=\"https:\/\/www.raxxa.com\/wp-content\/uploads\/2024\/10\/282_7458_Zauberhafte-Vintage-Kolibris-und-Blueten-Uta-Naumann_tischset3_shop.png\" \/>\n\t<meta property=\"og:image:width\" content=\"1024\" \/>\n\t<meta property=\"og:image:height\" content=\"772\" \/>\n\t<meta property=\"og:image:type\" content=\"image\/png\" \/>\n<meta name=\"twitter:card\" content=\"summary_large_image\" \/>\n<meta name=\"twitter:label1\" content=\"Disponibilit\u00e0\" \/>\n\t<meta name=\"twitter:data1\" content=\"In stock\" \/>\n<script type=\"application\/ld+json\" class=\"yoast-schema-graph\">{\"@context\":\"https:\\\/\\\/schema.org\",\"@graph\":[{\"@type\":[\"WebPage\",\"ItemPage\"],\"@id\":\"https:\\\/\\\/www.raxxa.com\\\/shop\\\/raxxa-premium-tischset-zauberhafte-vintage-kolibris-und-blueten\\\/\",\"url\":\"https:\\\/\\\/www.raxxa.com\\\/shop\\\/raxxa-premium-tischset-zauberhafte-vintage-kolibris-und-blueten\\\/\",\"name\":\"raxxa Premium-Tischset: Zauberhafte Vintage Kolibris und Bl\u00fcten - raxxa\",\"isPartOf\":{\"@id\":\"https:\\\/\\\/www.raxxa.com\\\/#website\"},\"primaryImageOfPage\":{\"@id\":\"https:\\\/\\\/www.raxxa.com\\\/shop\\\/raxxa-premium-tischset-zauberhafte-vintage-kolibris-und-blueten\\\/#primaryimage\"},\"image\":{\"@id\":\"https:\\\/\\\/www.raxxa.com\\\/shop\\\/raxxa-premium-tischset-zauberhafte-vintage-kolibris-und-blueten\\\/#primaryimage\"},\"thumbnailUrl\":\"https:\\\/\\\/www.raxxa.com\\\/wp-content\\\/uploads\\\/2024\\\/10\\\/raxxa-Tischset-282-7458-6-Uta-Naumann-Zauberhafte-Vintage-Kolibris-und-Blueten-27-1.jpg\",\"datePublished\":\"2024-10-14T19:00:02+00:00\",\"dateModified\":\"2025-10-31T12:46:45+00:00\",\"breadcrumb\":{\"@id\":\"https:\\\/\\\/www.raxxa.com\\\/shop\\\/raxxa-premium-tischset-zauberhafte-vintage-kolibris-und-blueten\\\/#breadcrumb\"},\"inLanguage\":\"it-IT\",\"potentialAction\":[{\"@type\":\"ReadAction\",\"target\":[\"https:\\\/\\\/www.raxxa.com\\\/shop\\\/raxxa-premium-tischset-zauberhafte-vintage-kolibris-und-blueten\\\/\"]}]},{\"@type\":\"ImageObject\",\"inLanguage\":\"it-IT\",\"@id\":\"https:\\\/\\\/www.raxxa.com\\\/shop\\\/raxxa-premium-tischset-zauberhafte-vintage-kolibris-und-blueten\\\/#primaryimage\",\"url\":\"https:\\\/\\\/www.raxxa.com\\\/wp-content\\\/uploads\\\/2024\\\/10\\\/raxxa-Tischset-282-7458-6-Uta-Naumann-Zauberhafte-Vintage-Kolibris-und-Blueten-27-1.jpg\",\"contentUrl\":\"https:\\\/\\\/www.raxxa.com\\\/wp-content\\\/uploads\\\/2024\\\/10\\\/raxxa-Tischset-282-7458-6-Uta-Naumann-Zauberhafte-Vintage-Kolibris-und-Blueten-27-1.jpg\",\"width\":1024,\"height\":1024},{\"@type\":\"BreadcrumbList\",\"@id\":\"https:\\\/\\\/www.raxxa.com\\\/shop\\\/raxxa-premium-tischset-zauberhafte-vintage-kolibris-und-blueten\\\/#breadcrumb\",\"itemListElement\":[{\"@type\":\"ListItem\",\"position\":1,\"name\":\"Startseite\",\"item\":\"https:\\\/\\\/www.raxxa.com\\\/\"},{\"@type\":\"ListItem\",\"position\":2,\"name\":\"Shop\",\"item\":\"https:\\\/\\\/www.raxxa.com\\\/it\\\/shop\\\/\"},{\"@type\":\"ListItem\",\"position\":3,\"name\":\"raxxa Premium-Tischset: Zauberhafte Vintage Kolibris und Bl\u00fcten\"}]},{\"@type\":\"WebSite\",\"@id\":\"https:\\\/\\\/www.raxxa.com\\\/#website\",\"url\":\"https:\\\/\\\/www.raxxa.com\\\/\",\"name\":\"raxxa\",\"description\":\"Einzigartige individuelle Produkte von unseren Designern\",\"publisher\":{\"@id\":\"https:\\\/\\\/www.raxxa.com\\\/#organization\"},\"potentialAction\":[{\"@type\":\"SearchAction\",\"target\":{\"@type\":\"EntryPoint\",\"urlTemplate\":\"https:\\\/\\\/www.raxxa.com\\\/?s={search_term_string}\"},\"query-input\":{\"@type\":\"PropertyValueSpecification\",\"valueRequired\":true,\"valueName\":\"search_term_string\"}}],\"inLanguage\":\"it-IT\"},{\"@type\":\"Organization\",\"@id\":\"https:\\\/\\\/www.raxxa.com\\\/#organization\",\"name\":\"raxxa\",\"url\":\"https:\\\/\\\/www.raxxa.com\\\/\",\"logo\":{\"@type\":\"ImageObject\",\"inLanguage\":\"it-IT\",\"@id\":\"https:\\\/\\\/www.raxxa.com\\\/#\\\/schema\\\/logo\\\/image\\\/\",\"url\":\"https:\\\/\\\/www.raxxa.com\\\/wp-content\\\/uploads\\\/2022\\\/07\\\/logo_v2.png\",\"contentUrl\":\"https:\\\/\\\/www.raxxa.com\\\/wp-content\\\/uploads\\\/2022\\\/07\\\/logo_v2.png\",\"width\":380,\"height\":382,\"caption\":\"raxxa\"},\"image\":{\"@id\":\"https:\\\/\\\/www.raxxa.com\\\/#\\\/schema\\\/logo\\\/image\\\/\"},\"sameAs\":[\"https:\\\/\\\/facebook.com\\\/raxxacom\"]}]}<\/script>\n<meta property=\"og:availability\" content=\"instock\" \/>\n<meta property=\"product:availability\" content=\"instock\" \/>\n<meta property=\"product:retailer_item_id\" content=\"1-6-7458-282\" \/>\n<meta property=\"product:condition\" content=\"new\" \/>\n<!-- \/ Yoast SEO Premium plugin. -->","yoast_head_json":{"title":"raxxa Premium-Tischset: Zauberhafte Vintage Kolibris und Bl\u00fcten - raxxa","robots":{"index":"index","follow":"follow","max-snippet":"max-snippet:-1","max-image-preview":"max-image-preview:large","max-video-preview":"max-video-preview:-1"},"canonical":"https:\/\/www.raxxa.com\/it\/shop\/raxxa-premium-tischset-zauberhafte-vintage-kolibris-und-blueten\/","og_locale":"it_IT","og_type":"article","og_title":"raxxa Premium-Tischset: Zauberhafte Vintage Kolibris und Bl\u00fcten","og_description":"&quot;Zauberhafte Vintage Kolibris und Bl\u00fcten&quot; by Uta Naumann Ein luxuri\u00f6ses wei\u00dfes Vintage-Muster mit tropischem und exotischem Flair erzeugt eine faszinierende Kulisse. Bunte Kolibris, mit ihren schillernden Federn und eleganten Flugman\u00f6vern, beleben das Design und verleihen ihm eine verspielte Lebendigkeit. Die roten Passionsblumen, mit ihren exotischen und filigranen Details, verleihen dem Muster eine nat\u00fcrliche Eleganz. Dieses [&hellip;]","og_url":"https:\/\/www.raxxa.com\/it\/shop\/raxxa-premium-tischset-zauberhafte-vintage-kolibris-und-blueten\/","og_site_name":"raxxa","article_publisher":"https:\/\/facebook.com\/raxxacom","article_modified_time":"2025-10-31T12:46:45+00:00","og_image":[{"url":"https:\/\/www.raxxa.com\/wp-content\/uploads\/2024\/10\/282_7458_Zauberhafte-Vintage-Kolibris-und-Blueten-Uta-Naumann_tischset3_shop.png","width":1024,"height":772,"type":"image\/png"}],"twitter_card":"summary_large_image","twitter_misc":{"Disponibilit\u00e0":"In stock"},"schema":{"@context":"https:\/\/schema.org","@graph":[{"@type":["WebPage","ItemPage"],"@id":"https:\/\/www.raxxa.com\/shop\/raxxa-premium-tischset-zauberhafte-vintage-kolibris-und-blueten\/","url":"https:\/\/www.raxxa.com\/shop\/raxxa-premium-tischset-zauberhafte-vintage-kolibris-und-blueten\/","name":"raxxa Premium-Tischset: Zauberhafte Vintage Kolibris und Bl\u00fcten - raxxa","isPartOf":{"@id":"https:\/\/www.raxxa.com\/#website"},"primaryImageOfPage":{"@id":"https:\/\/www.raxxa.com\/shop\/raxxa-premium-tischset-zauberhafte-vintage-kolibris-und-blueten\/#primaryimage"},"image":{"@id":"https:\/\/www.raxxa.com\/shop\/raxxa-premium-tischset-zauberhafte-vintage-kolibris-und-blueten\/#primaryimage"},"thumbnailUrl":"https:\/\/www.raxxa.com\/wp-content\/uploads\/2024\/10\/raxxa-Tischset-282-7458-6-Uta-Naumann-Zauberhafte-Vintage-Kolibris-und-Blueten-27-1.jpg","datePublished":"2024-10-14T19:00:02+00:00","dateModified":"2025-10-31T12:46:45+00:00","breadcrumb":{"@id":"https:\/\/www.raxxa.com\/shop\/raxxa-premium-tischset-zauberhafte-vintage-kolibris-und-blueten\/#breadcrumb"},"inLanguage":"it-IT","potentialAction":[{"@type":"ReadAction","target":["https:\/\/www.raxxa.com\/shop\/raxxa-premium-tischset-zauberhafte-vintage-kolibris-und-blueten\/"]}]},{"@type":"ImageObject","inLanguage":"it-IT","@id":"https:\/\/www.raxxa.com\/shop\/raxxa-premium-tischset-zauberhafte-vintage-kolibris-und-blueten\/#primaryimage","url":"https:\/\/www.raxxa.com\/wp-content\/uploads\/2024\/10\/raxxa-Tischset-282-7458-6-Uta-Naumann-Zauberhafte-Vintage-Kolibris-und-Blueten-27-1.jpg","contentUrl":"https:\/\/www.raxxa.com\/wp-content\/uploads\/2024\/10\/raxxa-Tischset-282-7458-6-Uta-Naumann-Zauberhafte-Vintage-Kolibris-und-Blueten-27-1.jpg","width":1024,"height":1024},{"@type":"BreadcrumbList","@id":"https:\/\/www.raxxa.com\/shop\/raxxa-premium-tischset-zauberhafte-vintage-kolibris-und-blueten\/#breadcrumb","itemListElement":[{"@type":"ListItem","position":1,"name":"Startseite","item":"https:\/\/www.raxxa.com\/"},{"@type":"ListItem","position":2,"name":"Shop","item":"https:\/\/www.raxxa.com\/it\/shop\/"},{"@type":"ListItem","position":3,"name":"raxxa Premium-Tischset: Zauberhafte Vintage Kolibris und Bl\u00fcten"}]},{"@type":"WebSite","@id":"https:\/\/www.raxxa.com\/#website","url":"https:\/\/www.raxxa.com\/","name":"raxxa","description":"Prodotti unici e personalizzati dei nostri designer","publisher":{"@id":"https:\/\/www.raxxa.com\/#organization"},"potentialAction":[{"@type":"SearchAction","target":{"@type":"EntryPoint","urlTemplate":"https:\/\/www.raxxa.com\/?s={search_term_string}"},"query-input":{"@type":"PropertyValueSpecification","valueRequired":true,"valueName":"search_term_string"}}],"inLanguage":"it-IT"},{"@type":"Organization","@id":"https:\/\/www.raxxa.com\/#organization","name":"raxxa","url":"https:\/\/www.raxxa.com\/","logo":{"@type":"ImageObject","inLanguage":"it-IT","@id":"https:\/\/www.raxxa.com\/#\/schema\/logo\/image\/","url":"https:\/\/www.raxxa.com\/wp-content\/uploads\/2022\/07\/logo_v2.png","contentUrl":"https:\/\/www.raxxa.com\/wp-content\/uploads\/2022\/07\/logo_v2.png","width":380,"height":382,"caption":"raxxa"},"image":{"@id":"https:\/\/www.raxxa.com\/#\/schema\/logo\/image\/"},"sameAs":["https:\/\/facebook.com\/raxxacom"]}]},"og_availability":"instock","product_availability":"instock","product_retailer_item_id":"1-6-7458-282","product_condition":"new"},"jetpack_sharing_enabled":true,"_links":{"self":[{"href":"https:\/\/www.raxxa.com\/it\/wp-json\/wp\/v2\/product\/207931","targetHints":{"allow":["GET"]}}],"collection":[{"href":"https:\/\/www.raxxa.com\/it\/wp-json\/wp\/v2\/product"}],"about":[{"href":"https:\/\/www.raxxa.com\/it\/wp-json\/wp\/v2\/types\/product"}],"replies":[{"embeddable":true,"href":"https:\/\/www.raxxa.com\/it\/wp-json\/wp\/v2\/comments?post=207931"}],"wp:featuredmedia":[{"embeddable":true,"href":"https:\/\/www.raxxa.com\/it\/wp-json\/wp\/v2\/media\/247297"}],"wp:attachment":[{"href":"https:\/\/www.raxxa.com\/it\/wp-json\/wp\/v2\/media?parent=207931"}],"wp:term":[{"taxonomy":"product_brand","embeddable":true,"href":"https:\/\/www.raxxa.com\/it\/wp-json\/wp\/v2\/product_brand?post=207931"},{"taxonomy":"product_cat","embeddable":true,"href":"https:\/\/www.raxxa.com\/it\/wp-json\/wp\/v2\/product_cat?post=207931"},{"taxonomy":"product_tag","embeddable":true,"href":"https:\/\/www.raxxa.com\/it\/wp-json\/wp\/v2\/product_tag?post=207931"}],"curies":[{"name":"wp","href":"https:\/\/api.w.org\/{rel}","templated":true}]}}