{"id":204222,"date":"2024-08-27T12:51:37","date_gmt":"2024-08-27T10:51:37","guid":{"rendered":"https:\/\/www.raxxa.com\/?post_type=product&#038;p=204222"},"modified":"2025-11-03T08:46:29","modified_gmt":"2025-11-03T06:46:29","slug":"raxxa-postkarte-mujer-risuena","status":"publish","type":"product","link":"https:\/\/www.raxxa.com\/it\/shop\/raxxa-postkarte-mujer-risuena\/","title":{"rendered":"cartolina raxxa: Mujer risue\u00f1a"},"content":{"rendered":"<h3><strong>\"Mujer risue\u00f1a\" di Nuria Art<\/strong><\/h3>\n<p><strong><\/strong><\/p>\n<p>Mujer risue\u00f1a \u00e8 una donna realista, una donna che si muove al di l\u00e0 del quotidiano. \u00c8 una donna che osserva la vita con forza, tempismo ed equilibrio. \u00c8 una donna che si dirige con complicit\u00e0 verso un futuro possibile uguale o anche migliore del presente. \u00c8 una donna soddisfatta.<\/p>\n<p>&nbsp;<\/p>\n<ul><li>Stampiamo la cartolina desiderata in bianco o con un saluto personalizzato e la inviamo in tutto il mondo a qualsiasi persona o a voi stessi.<\/li><li>Ideale per il postcrossing online o per gli auguri personalizzati a persone care, amici, parenti e conoscenti.<\/li><li>In alternativa, \u00e8 disponibile anche una cartolina con motivo in bianco da ritirare o spedire.<\/li><li>Cartoline DIN A6 (14,8 cm x 10,5 cm).<\/li><\/ul><br><br><b>Come posso creare\/disegnare la mia cartolina personalizzata?<\/b><br><br>1) Inserite semplicemente il testo del vostro messaggio o saluto (massimo 500 caratteri).<br>2) Se si desidera inviare la cartolina per Postcrossing, inserire il PostcrossingID.<br>Altrimenti, lasciare semplicemente questo campo vuoto.<br>3) Inserite negli appositi campi il nome e il cognome, la via e il numero civico, il codice postale, la citt\u00e0 e il Paese del destinatario della cartolina.<br>4) Ora \u00e8 possibile aggiungere la cartolina disegnata al carrello e ordinarla alla cassa.<br><br>A questo punto stampiamo la cartolina personalizzata, la affranchiamo e la inviamo al destinatario indicato.<br><br>Se avete domande, inviateci un messaggio o un'e-mail.<br>","protected":false},"excerpt":{"rendered":"<p>&quot;Mujer risue\u00f1a&quot; by Nuria Art Mujer risue\u00f1a es una mujer realista, una mujer que trasciende m\u00e1s all\u00e1 de lo cotidiano. Es una mujer que observa la vida con fuerza, templanza y equilibrio. Mujer que gui\u00f1a con complicidad hacia un posible futuro igual o incluso mejor que su presente. Es una mujer satisfecha. &nbsp;<\/p>","protected":false},"featured_media":253889,"comment_status":"open","ping_status":"closed","template":"","meta":[],"product_brand":[],"product_cat":[137,12508,11884],"product_tag":[12518],"class_list":{"0":"post-204222","1":"product","2":"type-product","3":"status-publish","4":"has-post-thumbnail","6":"product_cat-abstrakt","7":"product_cat-nuria-art","8":"product_cat-postkarten","9":"product_tag-abstract-artist-artforsaleonline-beautifulwoman-figurative-arte-original","11":"first","12":"instock","13":"taxable","14":"shipping-taxable","15":"purchasable","16":"product-type-variable"},"yoast_head":"<!-- This site is optimized with the Yoast SEO Premium plugin v27.5 (Yoast SEO v27.5) - https:\/\/yoast.com\/product\/yoast-seo-premium-wordpress\/ -->\n<title>raxxa Postkarte: Mujer risue\u00f1a - raxxa<\/title>\n<meta name=\"robots\" content=\"index, follow, max-snippet:-1, max-image-preview:large, max-video-preview:-1\" \/>\n<link rel=\"canonical\" href=\"https:\/\/www.raxxa.com\/it\/shop\/raxxa-postkarte-mujer-risuena\/\" \/>\n<meta property=\"og:locale\" content=\"it_IT\" \/>\n<meta property=\"og:type\" content=\"article\" \/>\n<meta property=\"og:title\" content=\"raxxa Postkarte: Mujer risue\u00f1a\" \/>\n<meta property=\"og:description\" content=\"&quot;Mujer risue\u00f1a&quot; by Nuria Art Mujer risue\u00f1a es una mujer realista, una mujer que trasciende m\u00e1s all\u00e1 de lo cotidiano. Es una mujer que observa la vida con fuerza, templanza y equilibrio. Mujer que gui\u00f1a con complicidad hacia un posible futuro igual o incluso mejor que su presente. Es una mujer satisfecha. &nbsp;\" \/>\n<meta property=\"og:url\" content=\"https:\/\/www.raxxa.com\/it\/shop\/raxxa-postkarte-mujer-risuena\/\" \/>\n<meta property=\"og:site_name\" content=\"raxxa\" \/>\n<meta property=\"article:publisher\" content=\"https:\/\/facebook.com\/raxxacom\" \/>\n<meta property=\"article:modified_time\" content=\"2025-11-03T06:46:29+00:00\" \/>\n<meta property=\"og:image\" content=\"https:\/\/www.raxxa.com\/wp-content\/uploads\/2024\/08\/raxxa-324-17414-185-Nuria-Art-Mujer-risuena-7.jpg\" \/>\n\t<meta property=\"og:image:width\" content=\"1024\" \/>\n\t<meta property=\"og:image:height\" content=\"1024\" \/>\n\t<meta property=\"og:image:type\" content=\"image\/jpeg\" \/>\n<meta name=\"twitter:card\" content=\"summary_large_image\" \/>\n<meta name=\"twitter:label1\" content=\"Disponibilit\u00e0\" \/>\n\t<meta name=\"twitter:data1\" content=\"In stock\" \/>\n<script type=\"application\/ld+json\" class=\"yoast-schema-graph\">{\"@context\":\"https:\\\/\\\/schema.org\",\"@graph\":[{\"@type\":[\"WebPage\",\"ItemPage\"],\"@id\":\"https:\\\/\\\/www.raxxa.com\\\/shop\\\/raxxa-postkarte-mujer-risuena\\\/\",\"url\":\"https:\\\/\\\/www.raxxa.com\\\/shop\\\/raxxa-postkarte-mujer-risuena\\\/\",\"name\":\"raxxa Postkarte: Mujer risue\u00f1a - raxxa\",\"isPartOf\":{\"@id\":\"https:\\\/\\\/www.raxxa.com\\\/#website\"},\"primaryImageOfPage\":{\"@id\":\"https:\\\/\\\/www.raxxa.com\\\/shop\\\/raxxa-postkarte-mujer-risuena\\\/#primaryimage\"},\"image\":{\"@id\":\"https:\\\/\\\/www.raxxa.com\\\/shop\\\/raxxa-postkarte-mujer-risuena\\\/#primaryimage\"},\"thumbnailUrl\":\"https:\\\/\\\/www.raxxa.com\\\/wp-content\\\/uploads\\\/2024\\\/08\\\/raxxa-324-17414-185-Nuria-Art-Mujer-risuena-7.jpg\",\"datePublished\":\"2024-08-27T10:51:37+00:00\",\"dateModified\":\"2025-11-03T06:46:29+00:00\",\"breadcrumb\":{\"@id\":\"https:\\\/\\\/www.raxxa.com\\\/shop\\\/raxxa-postkarte-mujer-risuena\\\/#breadcrumb\"},\"inLanguage\":\"it-IT\",\"potentialAction\":[{\"@type\":\"ReadAction\",\"target\":[\"https:\\\/\\\/www.raxxa.com\\\/shop\\\/raxxa-postkarte-mujer-risuena\\\/\"]}]},{\"@type\":\"ImageObject\",\"inLanguage\":\"it-IT\",\"@id\":\"https:\\\/\\\/www.raxxa.com\\\/shop\\\/raxxa-postkarte-mujer-risuena\\\/#primaryimage\",\"url\":\"https:\\\/\\\/www.raxxa.com\\\/wp-content\\\/uploads\\\/2024\\\/08\\\/raxxa-324-17414-185-Nuria-Art-Mujer-risuena-7.jpg\",\"contentUrl\":\"https:\\\/\\\/www.raxxa.com\\\/wp-content\\\/uploads\\\/2024\\\/08\\\/raxxa-324-17414-185-Nuria-Art-Mujer-risuena-7.jpg\",\"width\":1024,\"height\":1024},{\"@type\":\"BreadcrumbList\",\"@id\":\"https:\\\/\\\/www.raxxa.com\\\/shop\\\/raxxa-postkarte-mujer-risuena\\\/#breadcrumb\",\"itemListElement\":[{\"@type\":\"ListItem\",\"position\":1,\"name\":\"Startseite\",\"item\":\"https:\\\/\\\/www.raxxa.com\\\/\"},{\"@type\":\"ListItem\",\"position\":2,\"name\":\"Shop\",\"item\":\"https:\\\/\\\/www.raxxa.com\\\/it\\\/shop\\\/\"},{\"@type\":\"ListItem\",\"position\":3,\"name\":\"raxxa Postkarte: Mujer risue\u00f1a\"}]},{\"@type\":\"WebSite\",\"@id\":\"https:\\\/\\\/www.raxxa.com\\\/#website\",\"url\":\"https:\\\/\\\/www.raxxa.com\\\/\",\"name\":\"raxxa\",\"description\":\"Einzigartige individuelle Produkte von unseren Designern\",\"publisher\":{\"@id\":\"https:\\\/\\\/www.raxxa.com\\\/#organization\"},\"potentialAction\":[{\"@type\":\"SearchAction\",\"target\":{\"@type\":\"EntryPoint\",\"urlTemplate\":\"https:\\\/\\\/www.raxxa.com\\\/?s={search_term_string}\"},\"query-input\":{\"@type\":\"PropertyValueSpecification\",\"valueRequired\":true,\"valueName\":\"search_term_string\"}}],\"inLanguage\":\"it-IT\"},{\"@type\":\"Organization\",\"@id\":\"https:\\\/\\\/www.raxxa.com\\\/#organization\",\"name\":\"raxxa\",\"url\":\"https:\\\/\\\/www.raxxa.com\\\/\",\"logo\":{\"@type\":\"ImageObject\",\"inLanguage\":\"it-IT\",\"@id\":\"https:\\\/\\\/www.raxxa.com\\\/#\\\/schema\\\/logo\\\/image\\\/\",\"url\":\"https:\\\/\\\/www.raxxa.com\\\/wp-content\\\/uploads\\\/2022\\\/07\\\/logo_v2.png\",\"contentUrl\":\"https:\\\/\\\/www.raxxa.com\\\/wp-content\\\/uploads\\\/2022\\\/07\\\/logo_v2.png\",\"width\":380,\"height\":382,\"caption\":\"raxxa\"},\"image\":{\"@id\":\"https:\\\/\\\/www.raxxa.com\\\/#\\\/schema\\\/logo\\\/image\\\/\"},\"sameAs\":[\"https:\\\/\\\/facebook.com\\\/raxxacom\"]}]}<\/script>\n<meta property=\"og:availability\" content=\"instock\" \/>\n<meta property=\"product:availability\" content=\"instock\" \/>\n<meta property=\"product:retailer_item_id\" content=\"1-185-17414-324\" \/>\n<meta property=\"product:condition\" content=\"new\" \/>\n<!-- \/ Yoast SEO Premium plugin. -->","yoast_head_json":{"title":"raxxa Postkarte: Mujer risue\u00f1a - raxxa","robots":{"index":"index","follow":"follow","max-snippet":"max-snippet:-1","max-image-preview":"max-image-preview:large","max-video-preview":"max-video-preview:-1"},"canonical":"https:\/\/www.raxxa.com\/it\/shop\/raxxa-postkarte-mujer-risuena\/","og_locale":"it_IT","og_type":"article","og_title":"raxxa Postkarte: Mujer risue\u00f1a","og_description":"&quot;Mujer risue\u00f1a&quot; by Nuria Art Mujer risue\u00f1a es una mujer realista, una mujer que trasciende m\u00e1s all\u00e1 de lo cotidiano. Es una mujer que observa la vida con fuerza, templanza y equilibrio. Mujer que gui\u00f1a con complicidad hacia un posible futuro igual o incluso mejor que su presente. Es una mujer satisfecha. &nbsp;","og_url":"https:\/\/www.raxxa.com\/it\/shop\/raxxa-postkarte-mujer-risuena\/","og_site_name":"raxxa","article_publisher":"https:\/\/facebook.com\/raxxacom","article_modified_time":"2025-11-03T06:46:29+00:00","og_image":[{"width":1024,"height":1024,"url":"https:\/\/www.raxxa.com\/wp-content\/uploads\/2024\/08\/raxxa-324-17414-185-Nuria-Art-Mujer-risuena-7.jpg","type":"image\/jpeg"}],"twitter_card":"summary_large_image","twitter_misc":{"Disponibilit\u00e0":"In stock"},"schema":{"@context":"https:\/\/schema.org","@graph":[{"@type":["WebPage","ItemPage"],"@id":"https:\/\/www.raxxa.com\/shop\/raxxa-postkarte-mujer-risuena\/","url":"https:\/\/www.raxxa.com\/shop\/raxxa-postkarte-mujer-risuena\/","name":"raxxa Postkarte: Mujer risue\u00f1a - raxxa","isPartOf":{"@id":"https:\/\/www.raxxa.com\/#website"},"primaryImageOfPage":{"@id":"https:\/\/www.raxxa.com\/shop\/raxxa-postkarte-mujer-risuena\/#primaryimage"},"image":{"@id":"https:\/\/www.raxxa.com\/shop\/raxxa-postkarte-mujer-risuena\/#primaryimage"},"thumbnailUrl":"https:\/\/www.raxxa.com\/wp-content\/uploads\/2024\/08\/raxxa-324-17414-185-Nuria-Art-Mujer-risuena-7.jpg","datePublished":"2024-08-27T10:51:37+00:00","dateModified":"2025-11-03T06:46:29+00:00","breadcrumb":{"@id":"https:\/\/www.raxxa.com\/shop\/raxxa-postkarte-mujer-risuena\/#breadcrumb"},"inLanguage":"it-IT","potentialAction":[{"@type":"ReadAction","target":["https:\/\/www.raxxa.com\/shop\/raxxa-postkarte-mujer-risuena\/"]}]},{"@type":"ImageObject","inLanguage":"it-IT","@id":"https:\/\/www.raxxa.com\/shop\/raxxa-postkarte-mujer-risuena\/#primaryimage","url":"https:\/\/www.raxxa.com\/wp-content\/uploads\/2024\/08\/raxxa-324-17414-185-Nuria-Art-Mujer-risuena-7.jpg","contentUrl":"https:\/\/www.raxxa.com\/wp-content\/uploads\/2024\/08\/raxxa-324-17414-185-Nuria-Art-Mujer-risuena-7.jpg","width":1024,"height":1024},{"@type":"BreadcrumbList","@id":"https:\/\/www.raxxa.com\/shop\/raxxa-postkarte-mujer-risuena\/#breadcrumb","itemListElement":[{"@type":"ListItem","position":1,"name":"Startseite","item":"https:\/\/www.raxxa.com\/"},{"@type":"ListItem","position":2,"name":"Shop","item":"https:\/\/www.raxxa.com\/it\/shop\/"},{"@type":"ListItem","position":3,"name":"raxxa Postkarte: Mujer risue\u00f1a"}]},{"@type":"WebSite","@id":"https:\/\/www.raxxa.com\/#website","url":"https:\/\/www.raxxa.com\/","name":"raxxa","description":"Prodotti unici e personalizzati dei nostri designer","publisher":{"@id":"https:\/\/www.raxxa.com\/#organization"},"potentialAction":[{"@type":"SearchAction","target":{"@type":"EntryPoint","urlTemplate":"https:\/\/www.raxxa.com\/?s={search_term_string}"},"query-input":{"@type":"PropertyValueSpecification","valueRequired":true,"valueName":"search_term_string"}}],"inLanguage":"it-IT"},{"@type":"Organization","@id":"https:\/\/www.raxxa.com\/#organization","name":"raxxa","url":"https:\/\/www.raxxa.com\/","logo":{"@type":"ImageObject","inLanguage":"it-IT","@id":"https:\/\/www.raxxa.com\/#\/schema\/logo\/image\/","url":"https:\/\/www.raxxa.com\/wp-content\/uploads\/2022\/07\/logo_v2.png","contentUrl":"https:\/\/www.raxxa.com\/wp-content\/uploads\/2022\/07\/logo_v2.png","width":380,"height":382,"caption":"raxxa"},"image":{"@id":"https:\/\/www.raxxa.com\/#\/schema\/logo\/image\/"},"sameAs":["https:\/\/facebook.com\/raxxacom"]}]},"og_availability":"instock","product_availability":"instock","product_retailer_item_id":"1-185-17414-324","product_condition":"new"},"jetpack_sharing_enabled":true,"_links":{"self":[{"href":"https:\/\/www.raxxa.com\/it\/wp-json\/wp\/v2\/product\/204222","targetHints":{"allow":["GET"]}}],"collection":[{"href":"https:\/\/www.raxxa.com\/it\/wp-json\/wp\/v2\/product"}],"about":[{"href":"https:\/\/www.raxxa.com\/it\/wp-json\/wp\/v2\/types\/product"}],"replies":[{"embeddable":true,"href":"https:\/\/www.raxxa.com\/it\/wp-json\/wp\/v2\/comments?post=204222"}],"wp:featuredmedia":[{"embeddable":true,"href":"https:\/\/www.raxxa.com\/it\/wp-json\/wp\/v2\/media\/253889"}],"wp:attachment":[{"href":"https:\/\/www.raxxa.com\/it\/wp-json\/wp\/v2\/media?parent=204222"}],"wp:term":[{"taxonomy":"product_brand","embeddable":true,"href":"https:\/\/www.raxxa.com\/it\/wp-json\/wp\/v2\/product_brand?post=204222"},{"taxonomy":"product_cat","embeddable":true,"href":"https:\/\/www.raxxa.com\/it\/wp-json\/wp\/v2\/product_cat?post=204222"},{"taxonomy":"product_tag","embeddable":true,"href":"https:\/\/www.raxxa.com\/it\/wp-json\/wp\/v2\/product_tag?post=204222"}],"curies":[{"name":"wp","href":"https:\/\/api.w.org\/{rel}","templated":true}]}}