{"id":203690,"date":"2024-08-01T08:26:58","date_gmt":"2024-08-01T06:26:58","guid":{"rendered":"https:\/\/www.raxxa.com\/?post_type=product&#038;p=203690"},"modified":"2025-11-03T09:22:41","modified_gmt":"2025-11-03T07:22:41","slug":"raxxa-postkarte-skyline-montpellier","status":"publish","type":"product","link":"https:\/\/www.raxxa.com\/it\/shop\/raxxa-postkarte-skyline-montpellier\/","title":{"rendered":"cartolina di raxxa: skyline di Montpellier"},"content":{"rendered":"<h3><strong>\"Skyline Montpellier\" di Lara Urban<\/strong><\/h3>\n<p><strong><\/strong><\/p>\n<p>Montpellie \u00e8 una delle pi\u00f9 belle citt\u00e0 francesi e ha un fascino tutto particolare. <br \/>In stile line art sono raffigurati Place de la Com\u00e9die, il Mus\u00e9e Fabre, l'Arco di Trionfo e la Promenade du Peyrou.<\/p>\n<p>&nbsp;<\/p>\n<ul><li>Stampiamo la cartolina desiderata in bianco o con un saluto personalizzato e la inviamo in tutto il mondo a qualsiasi persona o a voi stessi.<\/li><li>Ideale per il postcrossing online o per gli auguri personalizzati a persone care, amici, parenti e conoscenti.<\/li><li>In alternativa, \u00e8 disponibile anche una cartolina con motivo in bianco da ritirare o spedire.<\/li><li>Cartoline DIN A6 (14,8 cm x 10,5 cm).<\/li><\/ul><br><br><b>Come posso creare\/disegnare la mia cartolina personalizzata?<\/b><br><br>1) Inserite semplicemente il testo del vostro messaggio o saluto (massimo 500 caratteri).<br>2) Se si desidera inviare la cartolina per Postcrossing, inserire il PostcrossingID.<br>Altrimenti, lasciare semplicemente questo campo vuoto.<br>3) Inserite negli appositi campi il nome e il cognome, la via e il numero civico, il codice postale, la citt\u00e0 e il Paese del destinatario della cartolina.<br>4) Ora \u00e8 possibile aggiungere la cartolina disegnata al carrello e ordinarla alla cassa.<br><br>A questo punto stampiamo la cartolina personalizzata, la affranchiamo e la inviamo al destinatario indicato.<br><br>Se avete domande, inviateci un messaggio o un'e-mail.<br>","protected":false},"excerpt":{"rendered":"<p>&quot;Skyline Montpellier&quot; by Lara Urban Montpellie ist eine der sch\u00f6nsten franz\u00f6sischen St\u00e4dte und hat ein ganz besonderes Flair. Dargestellt sind im Lineart Stil Place de la Com\u00e9die, Mus\u00e9e Fabre, Arc de Triomphe und Promenade du Peyrou &nbsp;<\/p>","protected":false},"featured_media":254064,"comment_status":"open","ping_status":"closed","template":"","meta":[],"product_brand":[],"product_cat":[12269,134,11884],"product_tag":[12456],"class_list":{"0":"post-203690","1":"product","2":"type-product","3":"status-publish","4":"has-post-thumbnail","6":"product_cat-kuenstler-leben","7":"product_cat-orte","8":"product_cat-postkarten","9":"product_tag-skyline-montpellier-stadt-frankreich-kuenstlerleben","11":"first","12":"instock","13":"taxable","14":"shipping-taxable","15":"purchasable","16":"product-type-variable"},"yoast_head":"<!-- This site is optimized with the Yoast SEO Premium plugin v27.4 (Yoast SEO v27.4) - https:\/\/yoast.com\/product\/yoast-seo-premium-wordpress\/ -->\n<title>raxxa Postkarte: Skyline Montpellier - raxxa<\/title>\n<meta name=\"robots\" content=\"index, follow, max-snippet:-1, max-image-preview:large, max-video-preview:-1\" \/>\n<link rel=\"canonical\" href=\"https:\/\/www.raxxa.com\/it\/shop\/raxxa-postkarte-skyline-montpellier\/\" \/>\n<meta property=\"og:locale\" content=\"it_IT\" \/>\n<meta property=\"og:type\" content=\"article\" \/>\n<meta property=\"og:title\" content=\"raxxa Postkarte: Skyline Montpellier\" \/>\n<meta property=\"og:description\" content=\"&quot;Skyline Montpellier&quot; by Lara Urban Montpellie ist eine der sch\u00f6nsten franz\u00f6sischen St\u00e4dte und hat ein ganz besonderes Flair. Dargestellt sind im Lineart Stil Place de la Com\u00e9die, Mus\u00e9e Fabre, Arc de Triomphe und Promenade du Peyrou &nbsp;\" \/>\n<meta property=\"og:url\" content=\"https:\/\/www.raxxa.com\/it\/shop\/raxxa-postkarte-skyline-montpellier\/\" \/>\n<meta property=\"og:site_name\" content=\"raxxa\" \/>\n<meta property=\"article:publisher\" content=\"https:\/\/facebook.com\/raxxacom\" \/>\n<meta property=\"article:modified_time\" content=\"2025-11-03T07:22:41+00:00\" \/>\n<meta property=\"og:image\" content=\"https:\/\/www.raxxa.com\/wp-content\/uploads\/2024\/08\/raxxa-322-17230-185-Lara-Urban-Skyline-Montpellier-20.jpg\" \/>\n\t<meta property=\"og:image:width\" content=\"1024\" \/>\n\t<meta property=\"og:image:height\" content=\"1024\" \/>\n\t<meta property=\"og:image:type\" content=\"image\/jpeg\" \/>\n<meta name=\"twitter:card\" content=\"summary_large_image\" \/>\n<meta name=\"twitter:label1\" content=\"Disponibilit\u00e0\" \/>\n\t<meta name=\"twitter:data1\" content=\"In stock\" \/>\n<script type=\"application\/ld+json\" class=\"yoast-schema-graph\">{\"@context\":\"https:\\\/\\\/schema.org\",\"@graph\":[{\"@type\":[\"WebPage\",\"ItemPage\"],\"@id\":\"https:\\\/\\\/www.raxxa.com\\\/shop\\\/raxxa-postkarte-skyline-montpellier\\\/\",\"url\":\"https:\\\/\\\/www.raxxa.com\\\/shop\\\/raxxa-postkarte-skyline-montpellier\\\/\",\"name\":\"raxxa Postkarte: Skyline Montpellier - raxxa\",\"isPartOf\":{\"@id\":\"https:\\\/\\\/www.raxxa.com\\\/#website\"},\"primaryImageOfPage\":{\"@id\":\"https:\\\/\\\/www.raxxa.com\\\/shop\\\/raxxa-postkarte-skyline-montpellier\\\/#primaryimage\"},\"image\":{\"@id\":\"https:\\\/\\\/www.raxxa.com\\\/shop\\\/raxxa-postkarte-skyline-montpellier\\\/#primaryimage\"},\"thumbnailUrl\":\"https:\\\/\\\/www.raxxa.com\\\/wp-content\\\/uploads\\\/2024\\\/08\\\/raxxa-322-17230-185-Lara-Urban-Skyline-Montpellier-20.jpg\",\"datePublished\":\"2024-08-01T06:26:58+00:00\",\"dateModified\":\"2025-11-03T07:22:41+00:00\",\"breadcrumb\":{\"@id\":\"https:\\\/\\\/www.raxxa.com\\\/shop\\\/raxxa-postkarte-skyline-montpellier\\\/#breadcrumb\"},\"inLanguage\":\"it-IT\",\"potentialAction\":[{\"@type\":\"ReadAction\",\"target\":[\"https:\\\/\\\/www.raxxa.com\\\/shop\\\/raxxa-postkarte-skyline-montpellier\\\/\"]}]},{\"@type\":\"ImageObject\",\"inLanguage\":\"it-IT\",\"@id\":\"https:\\\/\\\/www.raxxa.com\\\/shop\\\/raxxa-postkarte-skyline-montpellier\\\/#primaryimage\",\"url\":\"https:\\\/\\\/www.raxxa.com\\\/wp-content\\\/uploads\\\/2024\\\/08\\\/raxxa-322-17230-185-Lara-Urban-Skyline-Montpellier-20.jpg\",\"contentUrl\":\"https:\\\/\\\/www.raxxa.com\\\/wp-content\\\/uploads\\\/2024\\\/08\\\/raxxa-322-17230-185-Lara-Urban-Skyline-Montpellier-20.jpg\",\"width\":1024,\"height\":1024},{\"@type\":\"BreadcrumbList\",\"@id\":\"https:\\\/\\\/www.raxxa.com\\\/shop\\\/raxxa-postkarte-skyline-montpellier\\\/#breadcrumb\",\"itemListElement\":[{\"@type\":\"ListItem\",\"position\":1,\"name\":\"Startseite\",\"item\":\"https:\\\/\\\/www.raxxa.com\\\/\"},{\"@type\":\"ListItem\",\"position\":2,\"name\":\"Shop\",\"item\":\"https:\\\/\\\/www.raxxa.com\\\/it\\\/shop\\\/\"},{\"@type\":\"ListItem\",\"position\":3,\"name\":\"raxxa Postkarte: Skyline Montpellier\"}]},{\"@type\":\"WebSite\",\"@id\":\"https:\\\/\\\/www.raxxa.com\\\/#website\",\"url\":\"https:\\\/\\\/www.raxxa.com\\\/\",\"name\":\"raxxa\",\"description\":\"Einzigartige individuelle Produkte von unseren Designern\",\"publisher\":{\"@id\":\"https:\\\/\\\/www.raxxa.com\\\/#organization\"},\"potentialAction\":[{\"@type\":\"SearchAction\",\"target\":{\"@type\":\"EntryPoint\",\"urlTemplate\":\"https:\\\/\\\/www.raxxa.com\\\/?s={search_term_string}\"},\"query-input\":{\"@type\":\"PropertyValueSpecification\",\"valueRequired\":true,\"valueName\":\"search_term_string\"}}],\"inLanguage\":\"it-IT\"},{\"@type\":\"Organization\",\"@id\":\"https:\\\/\\\/www.raxxa.com\\\/#organization\",\"name\":\"raxxa\",\"url\":\"https:\\\/\\\/www.raxxa.com\\\/\",\"logo\":{\"@type\":\"ImageObject\",\"inLanguage\":\"it-IT\",\"@id\":\"https:\\\/\\\/www.raxxa.com\\\/#\\\/schema\\\/logo\\\/image\\\/\",\"url\":\"https:\\\/\\\/www.raxxa.com\\\/wp-content\\\/uploads\\\/2022\\\/07\\\/logo_v2.png\",\"contentUrl\":\"https:\\\/\\\/www.raxxa.com\\\/wp-content\\\/uploads\\\/2022\\\/07\\\/logo_v2.png\",\"width\":380,\"height\":382,\"caption\":\"raxxa\"},\"image\":{\"@id\":\"https:\\\/\\\/www.raxxa.com\\\/#\\\/schema\\\/logo\\\/image\\\/\"},\"sameAs\":[\"https:\\\/\\\/facebook.com\\\/raxxacom\"]}]}<\/script>\n<meta property=\"og:availability\" content=\"instock\" \/>\n<meta property=\"product:availability\" content=\"instock\" \/>\n<meta property=\"product:retailer_item_id\" content=\"1-185-17230-322\" \/>\n<meta property=\"product:condition\" content=\"new\" \/>\n<!-- \/ Yoast SEO Premium plugin. -->","yoast_head_json":{"title":"raxxa Cartolina: Skyline Montpellier - raxxa","robots":{"index":"index","follow":"follow","max-snippet":"max-snippet:-1","max-image-preview":"max-image-preview:large","max-video-preview":"max-video-preview:-1"},"canonical":"https:\/\/www.raxxa.com\/it\/shop\/raxxa-postkarte-skyline-montpellier\/","og_locale":"it_IT","og_type":"article","og_title":"raxxa Postkarte: Skyline Montpellier","og_description":"&quot;Skyline Montpellier&quot; by Lara Urban Montpellie ist eine der sch\u00f6nsten franz\u00f6sischen St\u00e4dte und hat ein ganz besonderes Flair. Dargestellt sind im Lineart Stil Place de la Com\u00e9die, Mus\u00e9e Fabre, Arc de Triomphe und Promenade du Peyrou &nbsp;","og_url":"https:\/\/www.raxxa.com\/it\/shop\/raxxa-postkarte-skyline-montpellier\/","og_site_name":"raxxa","article_publisher":"https:\/\/facebook.com\/raxxacom","article_modified_time":"2025-11-03T07:22:41+00:00","og_image":[{"width":1024,"height":1024,"url":"https:\/\/www.raxxa.com\/wp-content\/uploads\/2024\/08\/raxxa-322-17230-185-Lara-Urban-Skyline-Montpellier-20.jpg","type":"image\/jpeg"}],"twitter_card":"summary_large_image","twitter_misc":{"Disponibilit\u00e0":"In stock"},"schema":{"@context":"https:\/\/schema.org","@graph":[{"@type":["WebPage","ItemPage"],"@id":"https:\/\/www.raxxa.com\/shop\/raxxa-postkarte-skyline-montpellier\/","url":"https:\/\/www.raxxa.com\/shop\/raxxa-postkarte-skyline-montpellier\/","name":"raxxa Cartolina: Skyline Montpellier - raxxa","isPartOf":{"@id":"https:\/\/www.raxxa.com\/#website"},"primaryImageOfPage":{"@id":"https:\/\/www.raxxa.com\/shop\/raxxa-postkarte-skyline-montpellier\/#primaryimage"},"image":{"@id":"https:\/\/www.raxxa.com\/shop\/raxxa-postkarte-skyline-montpellier\/#primaryimage"},"thumbnailUrl":"https:\/\/www.raxxa.com\/wp-content\/uploads\/2024\/08\/raxxa-322-17230-185-Lara-Urban-Skyline-Montpellier-20.jpg","datePublished":"2024-08-01T06:26:58+00:00","dateModified":"2025-11-03T07:22:41+00:00","breadcrumb":{"@id":"https:\/\/www.raxxa.com\/shop\/raxxa-postkarte-skyline-montpellier\/#breadcrumb"},"inLanguage":"it-IT","potentialAction":[{"@type":"ReadAction","target":["https:\/\/www.raxxa.com\/shop\/raxxa-postkarte-skyline-montpellier\/"]}]},{"@type":"ImageObject","inLanguage":"it-IT","@id":"https:\/\/www.raxxa.com\/shop\/raxxa-postkarte-skyline-montpellier\/#primaryimage","url":"https:\/\/www.raxxa.com\/wp-content\/uploads\/2024\/08\/raxxa-322-17230-185-Lara-Urban-Skyline-Montpellier-20.jpg","contentUrl":"https:\/\/www.raxxa.com\/wp-content\/uploads\/2024\/08\/raxxa-322-17230-185-Lara-Urban-Skyline-Montpellier-20.jpg","width":1024,"height":1024},{"@type":"BreadcrumbList","@id":"https:\/\/www.raxxa.com\/shop\/raxxa-postkarte-skyline-montpellier\/#breadcrumb","itemListElement":[{"@type":"ListItem","position":1,"name":"Startseite","item":"https:\/\/www.raxxa.com\/"},{"@type":"ListItem","position":2,"name":"Shop","item":"https:\/\/www.raxxa.com\/it\/shop\/"},{"@type":"ListItem","position":3,"name":"raxxa Postkarte: Skyline Montpellier"}]},{"@type":"WebSite","@id":"https:\/\/www.raxxa.com\/#website","url":"https:\/\/www.raxxa.com\/","name":"raxxa","description":"Prodotti unici e personalizzati dei nostri designer","publisher":{"@id":"https:\/\/www.raxxa.com\/#organization"},"potentialAction":[{"@type":"SearchAction","target":{"@type":"EntryPoint","urlTemplate":"https:\/\/www.raxxa.com\/?s={search_term_string}"},"query-input":{"@type":"PropertyValueSpecification","valueRequired":true,"valueName":"search_term_string"}}],"inLanguage":"it-IT"},{"@type":"Organization","@id":"https:\/\/www.raxxa.com\/#organization","name":"raxxa","url":"https:\/\/www.raxxa.com\/","logo":{"@type":"ImageObject","inLanguage":"it-IT","@id":"https:\/\/www.raxxa.com\/#\/schema\/logo\/image\/","url":"https:\/\/www.raxxa.com\/wp-content\/uploads\/2022\/07\/logo_v2.png","contentUrl":"https:\/\/www.raxxa.com\/wp-content\/uploads\/2022\/07\/logo_v2.png","width":380,"height":382,"caption":"raxxa"},"image":{"@id":"https:\/\/www.raxxa.com\/#\/schema\/logo\/image\/"},"sameAs":["https:\/\/facebook.com\/raxxacom"]}]},"og_availability":"instock","product_availability":"instock","product_retailer_item_id":"1-185-17230-322","product_condition":"new"},"jetpack_sharing_enabled":true,"_links":{"self":[{"href":"https:\/\/www.raxxa.com\/it\/wp-json\/wp\/v2\/product\/203690","targetHints":{"allow":["GET"]}}],"collection":[{"href":"https:\/\/www.raxxa.com\/it\/wp-json\/wp\/v2\/product"}],"about":[{"href":"https:\/\/www.raxxa.com\/it\/wp-json\/wp\/v2\/types\/product"}],"replies":[{"embeddable":true,"href":"https:\/\/www.raxxa.com\/it\/wp-json\/wp\/v2\/comments?post=203690"}],"wp:featuredmedia":[{"embeddable":true,"href":"https:\/\/www.raxxa.com\/it\/wp-json\/wp\/v2\/media\/254064"}],"wp:attachment":[{"href":"https:\/\/www.raxxa.com\/it\/wp-json\/wp\/v2\/media?parent=203690"}],"wp:term":[{"taxonomy":"product_brand","embeddable":true,"href":"https:\/\/www.raxxa.com\/it\/wp-json\/wp\/v2\/product_brand?post=203690"},{"taxonomy":"product_cat","embeddable":true,"href":"https:\/\/www.raxxa.com\/it\/wp-json\/wp\/v2\/product_cat?post=203690"},{"taxonomy":"product_tag","embeddable":true,"href":"https:\/\/www.raxxa.com\/it\/wp-json\/wp\/v2\/product_tag?post=203690"}],"curies":[{"name":"wp","href":"https:\/\/api.w.org\/{rel}","templated":true}]}}