{"id":201916,"date":"2024-07-29T09:04:36","date_gmt":"2024-07-29T07:04:36","guid":{"rendered":"https:\/\/www.raxxa.com\/?post_type=product&#038;p=201916"},"modified":"2025-11-03T11:36:03","modified_gmt":"2025-11-03T09:36:03","slug":"poster-pink-jungle-ii","status":"publish","type":"product","link":"https:\/\/www.raxxa.com\/it\/shop\/poster-pink-jungle-ii\/","title":{"rendered":"Poster: Giungla rosa II"},"content":{"rendered":"<h3><strong>\"Giungla rosa II\" di Sylvia Eder<\/strong><\/h3>\n<p><strong><\/strong><\/p>\n<p>Un dipinto colorato ed esotico raffigura un rigoglioso fogliame astratto in vibranti tonalit\u00e0 di verde, blu e giallo. I colori vivaci e la rappresentazione dinamica ma armoniosa delle foglie trasmettono un'atmosfera di vivacit\u00e0 e avventura tropicale. Guardando quest'opera d'arte, si viene colti da una sensazione di gioia ed energia, che ricorda le giornate calde e soleggiate e i luoghi paradisiaci.<\/p>\n<p>&nbsp;<\/p>\n<ul><li>Poster di qualit\u00e0 museale su carta d'archivio opaca (non patinata) di lunga durata.<\/li><li>Peso della carta: 250 g \/ m\u00b2.<\/li><li>Spedito in un imballaggio robusto per proteggere il poster.<\/li><li>Su richiesta, questo prodotto pu\u00f2 essere realizzato appositamente per voi nelle dimensioni e nel design desiderati.<\/li><\/ul>","protected":false},"excerpt":{"rendered":"<p>&quot;Pink jungle II&quot; by Sylvia Eder Ein farbenfrohes, exotisches Gem\u00e4lde zeigt \u00fcppiges abstraktes Bl\u00e4tterwerk in lebendigen Gr\u00fcn-, Blau- und Gelbt\u00f6nen. Die kr\u00e4ftigen Farben und die dynamische jedoch harminische Darstellung der Bl\u00e4tter vermitteln eine Atmosph\u00e4re von tropischer Lebendigkeit und Abenteuer. Beim Betrachten dieses Kunstwerks wird man von einem Gef\u00fchl der Freude und Energie erfasst, das an [&hellip;]<\/p>\n","protected":false},"featured_media":254779,"comment_status":"open","ping_status":"closed","template":"","meta":[],"product_brand":[],"product_cat":[137,12201,10378],"product_tag":[12416],"class_list":{"0":"post-201916","1":"product","2":"type-product","3":"status-publish","4":"has-post-thumbnail","6":"product_cat-abstrakt","7":"product_cat-sylvia-eder","8":"product_cat-poster","9":"product_tag-tropischekunst-tropischeatmosphaere-blaetterbild-bunterregenwaldbild-palmwedelbild-farneimbild-ausdrucksstarkekunst-abstrakt-kunst-art-malen-jungle","10":"product_shipping_class-versand-t-shirts1","12":"first","13":"instock","14":"taxable","15":"shipping-taxable","16":"purchasable","17":"product-type-variable"},"yoast_head":"<!-- This site is optimized with the Yoast SEO Premium plugin v27.2 (Yoast SEO v27.3) - https:\/\/yoast.com\/product\/yoast-seo-premium-wordpress\/ -->\n<title>Poster: Pink jungle II - raxxa<\/title>\n<meta name=\"robots\" content=\"index, follow, max-snippet:-1, max-image-preview:large, max-video-preview:-1\" \/>\n<link rel=\"canonical\" href=\"https:\/\/www.raxxa.com\/it\/shop\/poster-pink-jungle-ii\/\" \/>\n<meta property=\"og:locale\" content=\"it_IT\" \/>\n<meta property=\"og:type\" content=\"article\" \/>\n<meta property=\"og:title\" content=\"Poster: Pink jungle II\" \/>\n<meta property=\"og:description\" content=\"&quot;Pink jungle II&quot; by Sylvia Eder Ein farbenfrohes, exotisches Gem\u00e4lde zeigt \u00fcppiges abstraktes Bl\u00e4tterwerk in lebendigen Gr\u00fcn-, Blau- und Gelbt\u00f6nen. Die kr\u00e4ftigen Farben und die dynamische jedoch harminische Darstellung der Bl\u00e4tter vermitteln eine Atmosph\u00e4re von tropischer Lebendigkeit und Abenteuer. Beim Betrachten dieses Kunstwerks wird man von einem Gef\u00fchl der Freude und Energie erfasst, das an [&hellip;]\" \/>\n<meta property=\"og:url\" content=\"https:\/\/www.raxxa.com\/it\/shop\/poster-pink-jungle-ii\/\" \/>\n<meta property=\"og:site_name\" content=\"raxxa\" \/>\n<meta property=\"article:publisher\" content=\"https:\/\/facebook.com\/raxxacom\" \/>\n<meta property=\"article:modified_time\" content=\"2025-11-03T09:36:03+00:00\" \/>\n<meta property=\"og:image\" content=\"https:\/\/www.raxxa.com\/wp-content\/uploads\/2024\/07\/raxxa-315-16982-84-1.png\" \/>\n\t<meta property=\"og:image:width\" content=\"800\" \/>\n\t<meta property=\"og:image:height\" content=\"800\" \/>\n\t<meta property=\"og:image:type\" content=\"image\/png\" \/>\n<meta name=\"twitter:card\" content=\"summary_large_image\" \/>\n<meta name=\"twitter:label1\" content=\"Disponibilit\u00e0\" \/>\n\t<meta name=\"twitter:data1\" content=\"In stock\" \/>\n<script type=\"application\/ld+json\" class=\"yoast-schema-graph\">{\"@context\":\"https:\\\/\\\/schema.org\",\"@graph\":[{\"@type\":[\"WebPage\",\"ItemPage\"],\"@id\":\"https:\\\/\\\/www.raxxa.com\\\/shop\\\/poster-pink-jungle-ii\\\/\",\"url\":\"https:\\\/\\\/www.raxxa.com\\\/shop\\\/poster-pink-jungle-ii\\\/\",\"name\":\"Poster: Pink jungle II - raxxa\",\"isPartOf\":{\"@id\":\"https:\\\/\\\/www.raxxa.com\\\/#website\"},\"primaryImageOfPage\":{\"@id\":\"https:\\\/\\\/www.raxxa.com\\\/shop\\\/poster-pink-jungle-ii\\\/#primaryimage\"},\"image\":{\"@id\":\"https:\\\/\\\/www.raxxa.com\\\/shop\\\/poster-pink-jungle-ii\\\/#primaryimage\"},\"thumbnailUrl\":\"https:\\\/\\\/www.raxxa.com\\\/wp-content\\\/uploads\\\/2024\\\/07\\\/raxxa-Wallart-315-16982-84-Sylvia-Eder-Pink-jungle-II-22.jpg\",\"datePublished\":\"2024-07-29T07:04:36+00:00\",\"dateModified\":\"2025-11-03T09:36:03+00:00\",\"breadcrumb\":{\"@id\":\"https:\\\/\\\/www.raxxa.com\\\/shop\\\/poster-pink-jungle-ii\\\/#breadcrumb\"},\"inLanguage\":\"it-IT\",\"potentialAction\":[{\"@type\":\"ReadAction\",\"target\":[\"https:\\\/\\\/www.raxxa.com\\\/shop\\\/poster-pink-jungle-ii\\\/\"]}]},{\"@type\":\"ImageObject\",\"inLanguage\":\"it-IT\",\"@id\":\"https:\\\/\\\/www.raxxa.com\\\/shop\\\/poster-pink-jungle-ii\\\/#primaryimage\",\"url\":\"https:\\\/\\\/www.raxxa.com\\\/wp-content\\\/uploads\\\/2024\\\/07\\\/raxxa-Wallart-315-16982-84-Sylvia-Eder-Pink-jungle-II-22.jpg\",\"contentUrl\":\"https:\\\/\\\/www.raxxa.com\\\/wp-content\\\/uploads\\\/2024\\\/07\\\/raxxa-Wallart-315-16982-84-Sylvia-Eder-Pink-jungle-II-22.jpg\",\"width\":1024,\"height\":1024},{\"@type\":\"BreadcrumbList\",\"@id\":\"https:\\\/\\\/www.raxxa.com\\\/shop\\\/poster-pink-jungle-ii\\\/#breadcrumb\",\"itemListElement\":[{\"@type\":\"ListItem\",\"position\":1,\"name\":\"Startseite\",\"item\":\"https:\\\/\\\/www.raxxa.com\\\/\"},{\"@type\":\"ListItem\",\"position\":2,\"name\":\"Shop\",\"item\":\"https:\\\/\\\/www.raxxa.com\\\/it\\\/shop\\\/\"},{\"@type\":\"ListItem\",\"position\":3,\"name\":\"Poster: Pink jungle II\"}]},{\"@type\":\"WebSite\",\"@id\":\"https:\\\/\\\/www.raxxa.com\\\/#website\",\"url\":\"https:\\\/\\\/www.raxxa.com\\\/\",\"name\":\"raxxa\",\"description\":\"Einzigartige individuelle Produkte von unseren Designern\",\"publisher\":{\"@id\":\"https:\\\/\\\/www.raxxa.com\\\/#organization\"},\"potentialAction\":[{\"@type\":\"SearchAction\",\"target\":{\"@type\":\"EntryPoint\",\"urlTemplate\":\"https:\\\/\\\/www.raxxa.com\\\/?s={search_term_string}\"},\"query-input\":{\"@type\":\"PropertyValueSpecification\",\"valueRequired\":true,\"valueName\":\"search_term_string\"}}],\"inLanguage\":\"it-IT\"},{\"@type\":\"Organization\",\"@id\":\"https:\\\/\\\/www.raxxa.com\\\/#organization\",\"name\":\"raxxa\",\"url\":\"https:\\\/\\\/www.raxxa.com\\\/\",\"logo\":{\"@type\":\"ImageObject\",\"inLanguage\":\"it-IT\",\"@id\":\"https:\\\/\\\/www.raxxa.com\\\/#\\\/schema\\\/logo\\\/image\\\/\",\"url\":\"https:\\\/\\\/www.raxxa.com\\\/wp-content\\\/uploads\\\/2022\\\/07\\\/logo_v2.png\",\"contentUrl\":\"https:\\\/\\\/www.raxxa.com\\\/wp-content\\\/uploads\\\/2022\\\/07\\\/logo_v2.png\",\"width\":380,\"height\":382,\"caption\":\"raxxa\"},\"image\":{\"@id\":\"https:\\\/\\\/www.raxxa.com\\\/#\\\/schema\\\/logo\\\/image\\\/\"},\"sameAs\":[\"https:\\\/\\\/facebook.com\\\/raxxacom\"]}]}<\/script>\n<meta property=\"og:availability\" content=\"instock\" \/>\n<meta property=\"product:availability\" content=\"instock\" \/>\n<meta property=\"product:retailer_item_id\" content=\"1-84-16982-315\" \/>\n<meta property=\"product:condition\" content=\"new\" \/>\n<!-- \/ Yoast SEO Premium plugin. -->","yoast_head_json":{"title":"Poster: Giungla rosa II - raxxa","robots":{"index":"index","follow":"follow","max-snippet":"max-snippet:-1","max-image-preview":"max-image-preview:large","max-video-preview":"max-video-preview:-1"},"canonical":"https:\/\/www.raxxa.com\/it\/shop\/poster-pink-jungle-ii\/","og_locale":"it_IT","og_type":"article","og_title":"Poster: Pink jungle II","og_description":"&quot;Pink jungle II&quot; by Sylvia Eder Ein farbenfrohes, exotisches Gem\u00e4lde zeigt \u00fcppiges abstraktes Bl\u00e4tterwerk in lebendigen Gr\u00fcn-, Blau- und Gelbt\u00f6nen. Die kr\u00e4ftigen Farben und die dynamische jedoch harminische Darstellung der Bl\u00e4tter vermitteln eine Atmosph\u00e4re von tropischer Lebendigkeit und Abenteuer. Beim Betrachten dieses Kunstwerks wird man von einem Gef\u00fchl der Freude und Energie erfasst, das an [&hellip;]","og_url":"https:\/\/www.raxxa.com\/it\/shop\/poster-pink-jungle-ii\/","og_site_name":"raxxa","article_publisher":"https:\/\/facebook.com\/raxxacom","article_modified_time":"2025-11-03T09:36:03+00:00","og_image":[{"width":800,"height":800,"url":"https:\/\/www.raxxa.com\/wp-content\/uploads\/2024\/07\/raxxa-315-16982-84-1.png","type":"image\/png"}],"twitter_card":"summary_large_image","twitter_misc":{"Disponibilit\u00e0":"In stock"},"schema":{"@context":"https:\/\/schema.org","@graph":[{"@type":["WebPage","ItemPage"],"@id":"https:\/\/www.raxxa.com\/shop\/poster-pink-jungle-ii\/","url":"https:\/\/www.raxxa.com\/shop\/poster-pink-jungle-ii\/","name":"Poster: Giungla rosa II - raxxa","isPartOf":{"@id":"https:\/\/www.raxxa.com\/#website"},"primaryImageOfPage":{"@id":"https:\/\/www.raxxa.com\/shop\/poster-pink-jungle-ii\/#primaryimage"},"image":{"@id":"https:\/\/www.raxxa.com\/shop\/poster-pink-jungle-ii\/#primaryimage"},"thumbnailUrl":"https:\/\/www.raxxa.com\/wp-content\/uploads\/2024\/07\/raxxa-Wallart-315-16982-84-Sylvia-Eder-Pink-jungle-II-22.jpg","datePublished":"2024-07-29T07:04:36+00:00","dateModified":"2025-11-03T09:36:03+00:00","breadcrumb":{"@id":"https:\/\/www.raxxa.com\/shop\/poster-pink-jungle-ii\/#breadcrumb"},"inLanguage":"it-IT","potentialAction":[{"@type":"ReadAction","target":["https:\/\/www.raxxa.com\/shop\/poster-pink-jungle-ii\/"]}]},{"@type":"ImageObject","inLanguage":"it-IT","@id":"https:\/\/www.raxxa.com\/shop\/poster-pink-jungle-ii\/#primaryimage","url":"https:\/\/www.raxxa.com\/wp-content\/uploads\/2024\/07\/raxxa-Wallart-315-16982-84-Sylvia-Eder-Pink-jungle-II-22.jpg","contentUrl":"https:\/\/www.raxxa.com\/wp-content\/uploads\/2024\/07\/raxxa-Wallart-315-16982-84-Sylvia-Eder-Pink-jungle-II-22.jpg","width":1024,"height":1024},{"@type":"BreadcrumbList","@id":"https:\/\/www.raxxa.com\/shop\/poster-pink-jungle-ii\/#breadcrumb","itemListElement":[{"@type":"ListItem","position":1,"name":"Startseite","item":"https:\/\/www.raxxa.com\/"},{"@type":"ListItem","position":2,"name":"Shop","item":"https:\/\/www.raxxa.com\/it\/shop\/"},{"@type":"ListItem","position":3,"name":"Poster: Pink jungle II"}]},{"@type":"WebSite","@id":"https:\/\/www.raxxa.com\/#website","url":"https:\/\/www.raxxa.com\/","name":"raxxa","description":"Prodotti unici e personalizzati dei nostri designer","publisher":{"@id":"https:\/\/www.raxxa.com\/#organization"},"potentialAction":[{"@type":"SearchAction","target":{"@type":"EntryPoint","urlTemplate":"https:\/\/www.raxxa.com\/?s={search_term_string}"},"query-input":{"@type":"PropertyValueSpecification","valueRequired":true,"valueName":"search_term_string"}}],"inLanguage":"it-IT"},{"@type":"Organization","@id":"https:\/\/www.raxxa.com\/#organization","name":"raxxa","url":"https:\/\/www.raxxa.com\/","logo":{"@type":"ImageObject","inLanguage":"it-IT","@id":"https:\/\/www.raxxa.com\/#\/schema\/logo\/image\/","url":"https:\/\/www.raxxa.com\/wp-content\/uploads\/2022\/07\/logo_v2.png","contentUrl":"https:\/\/www.raxxa.com\/wp-content\/uploads\/2022\/07\/logo_v2.png","width":380,"height":382,"caption":"raxxa"},"image":{"@id":"https:\/\/www.raxxa.com\/#\/schema\/logo\/image\/"},"sameAs":["https:\/\/facebook.com\/raxxacom"]}]},"og_availability":"instock","product_availability":"instock","product_retailer_item_id":"1-84-16982-315","product_condition":"new"},"jetpack_sharing_enabled":true,"_links":{"self":[{"href":"https:\/\/www.raxxa.com\/it\/wp-json\/wp\/v2\/product\/201916","targetHints":{"allow":["GET"]}}],"collection":[{"href":"https:\/\/www.raxxa.com\/it\/wp-json\/wp\/v2\/product"}],"about":[{"href":"https:\/\/www.raxxa.com\/it\/wp-json\/wp\/v2\/types\/product"}],"replies":[{"embeddable":true,"href":"https:\/\/www.raxxa.com\/it\/wp-json\/wp\/v2\/comments?post=201916"}],"wp:featuredmedia":[{"embeddable":true,"href":"https:\/\/www.raxxa.com\/it\/wp-json\/wp\/v2\/media\/254779"}],"wp:attachment":[{"href":"https:\/\/www.raxxa.com\/it\/wp-json\/wp\/v2\/media?parent=201916"}],"wp:term":[{"taxonomy":"product_brand","embeddable":true,"href":"https:\/\/www.raxxa.com\/it\/wp-json\/wp\/v2\/product_brand?post=201916"},{"taxonomy":"product_cat","embeddable":true,"href":"https:\/\/www.raxxa.com\/it\/wp-json\/wp\/v2\/product_cat?post=201916"},{"taxonomy":"product_tag","embeddable":true,"href":"https:\/\/www.raxxa.com\/it\/wp-json\/wp\/v2\/product_tag?post=201916"}],"curies":[{"name":"wp","href":"https:\/\/api.w.org\/{rel}","templated":true}]}}