{"id":201345,"date":"2024-07-29T08:14:48","date_gmt":"2024-07-29T06:14:48","guid":{"rendered":"https:\/\/www.raxxa.com\/shop\/raxxa-premium-tischset-palmenparadies-iv\/"},"modified":"2025-11-03T11:59:19","modified_gmt":"2025-11-03T09:59:19","slug":"raxxa-premium-tischset-palmenparadies-iv","status":"publish","type":"product","link":"https:\/\/www.raxxa.com\/it\/shop\/raxxa-premium-tischset-palmenparadies-iv\/","title":{"rendered":"raxxa Tovaglietta Premium: Palm paradise IV"},"content":{"rendered":"<h3><strong>\"Palm paradise IV\" di Sylvia Eder<\/strong><\/h3>\n<p><strong><\/strong><\/p>\n<p>Un paradiso tropicale vi aspetta! Perdetevi nei toni verdi e nelle sfumature dorate di questo quadro.<br \/>Questa opera d'arte unica e bellissima vi far\u00e0 sognare una vacanza. Portate un tocco di esotico nella vostra casa! Perfetto per qualsiasi interno, aggiunge un'atmosfera calda e invitante a qualsiasi stanza. Non lasciatevi sfuggire questa offerta speciale e aggiungete l'eleganza tropicale alla vostra casa oggi stesso!<\/p>\n<p>&nbsp;<\/p>\nRavvivate la vostra sala da pranzo con le tovagliette in vinile colorate dei nostri artisti! Queste tovagliette stampate su un solo lato sono realizzate in materiale resistente e sono perfette per aggiungere un tocco di colore alla vostra tavola. Misurano 40 x 30 cm e sono della misura giusta per qualsiasi stoviglia. Abbelliscono i vostri pasti con stile e praticit\u00e0!<br><br>Note sul materiale:<br><ul><li>40 x 30 cm.<\/li><li>spessore di circa 1,6 mm.<\/li><li>Vinile.<\/li><li>Pulire con un panno umido, non adatto alla lavastoviglie.<\/li><li>Prodotto in Germania.<\/li><\/ul>","protected":false},"excerpt":{"rendered":"<p>&quot;Palmenparadies IV&quot; by Sylvia Eder Ein tropisches Paradies erwartet Sie! Verlieren Sie sich in den \u00fcppigen Gr\u00fcnt\u00f6nen und goldenen Nuancen dieses Bildes.Dieses einzigartige und wundersch\u00f6ne Kunstwerk l\u00e4sst Sie von Urlaub tr\u00e4umen. Bringen Sie einen Hauch des Exotischen in Ihr Zuhause! Perfekt f\u00fcr jede Einrichtung, verleiht es jedem Raum eine warme, einladende Atmosph\u00e4re. Lassen Sie sich [&hellip;]<\/p>\n","protected":false},"featured_media":255041,"comment_status":"open","ping_status":"closed","template":"","meta":[],"product_brand":[],"product_cat":[137,12201,11051],"product_tag":[12403],"class_list":{"0":"post-201345","1":"product","2":"type-product","3":"status-publish","4":"has-post-thumbnail","6":"product_cat-abstrakt","7":"product_cat-sylvia-eder","8":"product_cat-tischset","9":"product_tag-palmenparadies-palmenbild-palmenmitgold-pflanzenbildmitgold-kunst-art-pinselstrich-kunstwerk-aura-leinwand-inspiration-harmonie","10":"product_shipping_class-versand-tischset","12":"first","13":"instock","14":"taxable","15":"shipping-taxable","16":"purchasable","17":"product-type-variable"},"yoast_head":"<!-- This site is optimized with the Yoast SEO Premium plugin v27.5 (Yoast SEO v27.5) - https:\/\/yoast.com\/product\/yoast-seo-premium-wordpress\/ -->\n<title>raxxa Premium-Tischset: Palmenparadies IV - raxxa<\/title>\n<meta name=\"robots\" content=\"index, follow, max-snippet:-1, max-image-preview:large, max-video-preview:-1\" \/>\n<link rel=\"canonical\" href=\"https:\/\/www.raxxa.com\/it\/shop\/raxxa-premium-tischset-palmenparadies-iv\/\" \/>\n<meta property=\"og:locale\" content=\"it_IT\" \/>\n<meta property=\"og:type\" content=\"article\" \/>\n<meta property=\"og:title\" content=\"raxxa Premium-Tischset: Palmenparadies IV\" \/>\n<meta property=\"og:description\" content=\"&quot;Palmenparadies IV&quot; by Sylvia Eder Ein tropisches Paradies erwartet Sie! Verlieren Sie sich in den \u00fcppigen Gr\u00fcnt\u00f6nen und goldenen Nuancen dieses Bildes.Dieses einzigartige und wundersch\u00f6ne Kunstwerk l\u00e4sst Sie von Urlaub tr\u00e4umen. Bringen Sie einen Hauch des Exotischen in Ihr Zuhause! Perfekt f\u00fcr jede Einrichtung, verleiht es jedem Raum eine warme, einladende Atmosph\u00e4re. Lassen Sie sich [&hellip;]\" \/>\n<meta property=\"og:url\" content=\"https:\/\/www.raxxa.com\/it\/shop\/raxxa-premium-tischset-palmenparadies-iv\/\" \/>\n<meta property=\"og:site_name\" content=\"raxxa\" \/>\n<meta property=\"article:publisher\" content=\"https:\/\/facebook.com\/raxxacom\" \/>\n<meta property=\"article:modified_time\" content=\"2025-11-03T09:59:19+00:00\" \/>\n<meta property=\"og:image\" content=\"https:\/\/www.raxxa.com\/wp-content\/uploads\/2024\/07\/315_16959_Palmenparadies-IV-Sylvia-Eder_tischset3_shop-1024x791.png\" \/>\n\t<meta property=\"og:image:width\" content=\"1024\" \/>\n\t<meta property=\"og:image:height\" content=\"791\" \/>\n\t<meta property=\"og:image:type\" content=\"image\/png\" \/>\n<meta name=\"twitter:card\" content=\"summary_large_image\" \/>\n<meta name=\"twitter:label1\" content=\"Disponibilit\u00e0\" \/>\n\t<meta name=\"twitter:data1\" content=\"In stock\" \/>\n<script type=\"application\/ld+json\" class=\"yoast-schema-graph\">{\"@context\":\"https:\\\/\\\/schema.org\",\"@graph\":[{\"@type\":[\"WebPage\",\"ItemPage\"],\"@id\":\"https:\\\/\\\/www.raxxa.com\\\/fr\\\/shop\\\/raxxa-premium-tischset-palmenparadies-iv\\\/\",\"url\":\"https:\\\/\\\/www.raxxa.com\\\/fr\\\/shop\\\/raxxa-premium-tischset-palmenparadies-iv\\\/\",\"name\":\"raxxa Premium-Tischset: Palmenparadies IV - raxxa\",\"isPartOf\":{\"@id\":\"https:\\\/\\\/www.raxxa.com\\\/#website\"},\"primaryImageOfPage\":{\"@id\":\"https:\\\/\\\/www.raxxa.com\\\/fr\\\/shop\\\/raxxa-premium-tischset-palmenparadies-iv\\\/#primaryimage\"},\"image\":{\"@id\":\"https:\\\/\\\/www.raxxa.com\\\/fr\\\/shop\\\/raxxa-premium-tischset-palmenparadies-iv\\\/#primaryimage\"},\"thumbnailUrl\":\"https:\\\/\\\/www.raxxa.com\\\/wp-content\\\/uploads\\\/2024\\\/07\\\/raxxa-Tischset-315-16959-6-Sylvia-Eder-Palmenparadies-IV-13.jpg\",\"datePublished\":\"2024-07-29T06:14:48+00:00\",\"dateModified\":\"2025-11-03T09:59:19+00:00\",\"breadcrumb\":{\"@id\":\"https:\\\/\\\/www.raxxa.com\\\/fr\\\/shop\\\/raxxa-premium-tischset-palmenparadies-iv\\\/#breadcrumb\"},\"inLanguage\":\"it-IT\",\"potentialAction\":[{\"@type\":\"ReadAction\",\"target\":[\"https:\\\/\\\/www.raxxa.com\\\/fr\\\/shop\\\/raxxa-premium-tischset-palmenparadies-iv\\\/\"]}]},{\"@type\":\"ImageObject\",\"inLanguage\":\"it-IT\",\"@id\":\"https:\\\/\\\/www.raxxa.com\\\/fr\\\/shop\\\/raxxa-premium-tischset-palmenparadies-iv\\\/#primaryimage\",\"url\":\"https:\\\/\\\/www.raxxa.com\\\/wp-content\\\/uploads\\\/2024\\\/07\\\/raxxa-Tischset-315-16959-6-Sylvia-Eder-Palmenparadies-IV-13.jpg\",\"contentUrl\":\"https:\\\/\\\/www.raxxa.com\\\/wp-content\\\/uploads\\\/2024\\\/07\\\/raxxa-Tischset-315-16959-6-Sylvia-Eder-Palmenparadies-IV-13.jpg\",\"width\":1024,\"height\":1024},{\"@type\":\"BreadcrumbList\",\"@id\":\"https:\\\/\\\/www.raxxa.com\\\/fr\\\/shop\\\/raxxa-premium-tischset-palmenparadies-iv\\\/#breadcrumb\",\"itemListElement\":[{\"@type\":\"ListItem\",\"position\":1,\"name\":\"Startseite\",\"item\":\"https:\\\/\\\/www.raxxa.com\\\/\"},{\"@type\":\"ListItem\",\"position\":2,\"name\":\"Shop\",\"item\":\"https:\\\/\\\/www.raxxa.com\\\/it\\\/shop\\\/\"},{\"@type\":\"ListItem\",\"position\":3,\"name\":\"raxxa Premium-Tischset: Palmenparadies IV\"}]},{\"@type\":\"WebSite\",\"@id\":\"https:\\\/\\\/www.raxxa.com\\\/#website\",\"url\":\"https:\\\/\\\/www.raxxa.com\\\/\",\"name\":\"raxxa\",\"description\":\"Einzigartige individuelle Produkte von unseren Designern\",\"publisher\":{\"@id\":\"https:\\\/\\\/www.raxxa.com\\\/#organization\"},\"potentialAction\":[{\"@type\":\"SearchAction\",\"target\":{\"@type\":\"EntryPoint\",\"urlTemplate\":\"https:\\\/\\\/www.raxxa.com\\\/?s={search_term_string}\"},\"query-input\":{\"@type\":\"PropertyValueSpecification\",\"valueRequired\":true,\"valueName\":\"search_term_string\"}}],\"inLanguage\":\"it-IT\"},{\"@type\":\"Organization\",\"@id\":\"https:\\\/\\\/www.raxxa.com\\\/#organization\",\"name\":\"raxxa\",\"url\":\"https:\\\/\\\/www.raxxa.com\\\/\",\"logo\":{\"@type\":\"ImageObject\",\"inLanguage\":\"it-IT\",\"@id\":\"https:\\\/\\\/www.raxxa.com\\\/#\\\/schema\\\/logo\\\/image\\\/\",\"url\":\"https:\\\/\\\/www.raxxa.com\\\/wp-content\\\/uploads\\\/2022\\\/07\\\/logo_v2.png\",\"contentUrl\":\"https:\\\/\\\/www.raxxa.com\\\/wp-content\\\/uploads\\\/2022\\\/07\\\/logo_v2.png\",\"width\":380,\"height\":382,\"caption\":\"raxxa\"},\"image\":{\"@id\":\"https:\\\/\\\/www.raxxa.com\\\/#\\\/schema\\\/logo\\\/image\\\/\"},\"sameAs\":[\"https:\\\/\\\/facebook.com\\\/raxxacom\"]}]}<\/script>\n<meta property=\"og:availability\" content=\"instock\" \/>\n<meta property=\"product:availability\" content=\"instock\" \/>\n<meta property=\"product:retailer_item_id\" content=\"1-6-16959-315\" \/>\n<meta property=\"product:condition\" content=\"new\" \/>\n<!-- \/ Yoast SEO Premium plugin. -->","yoast_head_json":{"title":"raxxa Premium-Tischset: Palmenparadies IV - raxxa","robots":{"index":"index","follow":"follow","max-snippet":"max-snippet:-1","max-image-preview":"max-image-preview:large","max-video-preview":"max-video-preview:-1"},"canonical":"https:\/\/www.raxxa.com\/it\/shop\/raxxa-premium-tischset-palmenparadies-iv\/","og_locale":"it_IT","og_type":"article","og_title":"raxxa Premium-Tischset: Palmenparadies IV","og_description":"&quot;Palmenparadies IV&quot; by Sylvia Eder Ein tropisches Paradies erwartet Sie! Verlieren Sie sich in den \u00fcppigen Gr\u00fcnt\u00f6nen und goldenen Nuancen dieses Bildes.Dieses einzigartige und wundersch\u00f6ne Kunstwerk l\u00e4sst Sie von Urlaub tr\u00e4umen. Bringen Sie einen Hauch des Exotischen in Ihr Zuhause! Perfekt f\u00fcr jede Einrichtung, verleiht es jedem Raum eine warme, einladende Atmosph\u00e4re. Lassen Sie sich [&hellip;]","og_url":"https:\/\/www.raxxa.com\/it\/shop\/raxxa-premium-tischset-palmenparadies-iv\/","og_site_name":"raxxa","article_publisher":"https:\/\/facebook.com\/raxxacom","article_modified_time":"2025-11-03T09:59:19+00:00","og_image":[{"width":1024,"height":791,"url":"https:\/\/www.raxxa.com\/wp-content\/uploads\/2024\/07\/315_16959_Palmenparadies-IV-Sylvia-Eder_tischset3_shop-1024x791.png","type":"image\/png"}],"twitter_card":"summary_large_image","twitter_misc":{"Disponibilit\u00e0":"In stock"},"schema":{"@context":"https:\/\/schema.org","@graph":[{"@type":["WebPage","ItemPage"],"@id":"https:\/\/www.raxxa.com\/fr\/shop\/raxxa-premium-tischset-palmenparadies-iv\/","url":"https:\/\/www.raxxa.com\/fr\/shop\/raxxa-premium-tischset-palmenparadies-iv\/","name":"raxxa Premium-Tischset: Palmenparadies IV - raxxa","isPartOf":{"@id":"https:\/\/www.raxxa.com\/#website"},"primaryImageOfPage":{"@id":"https:\/\/www.raxxa.com\/fr\/shop\/raxxa-premium-tischset-palmenparadies-iv\/#primaryimage"},"image":{"@id":"https:\/\/www.raxxa.com\/fr\/shop\/raxxa-premium-tischset-palmenparadies-iv\/#primaryimage"},"thumbnailUrl":"https:\/\/www.raxxa.com\/wp-content\/uploads\/2024\/07\/raxxa-Tischset-315-16959-6-Sylvia-Eder-Palmenparadies-IV-13.jpg","datePublished":"2024-07-29T06:14:48+00:00","dateModified":"2025-11-03T09:59:19+00:00","breadcrumb":{"@id":"https:\/\/www.raxxa.com\/fr\/shop\/raxxa-premium-tischset-palmenparadies-iv\/#breadcrumb"},"inLanguage":"it-IT","potentialAction":[{"@type":"ReadAction","target":["https:\/\/www.raxxa.com\/fr\/shop\/raxxa-premium-tischset-palmenparadies-iv\/"]}]},{"@type":"ImageObject","inLanguage":"it-IT","@id":"https:\/\/www.raxxa.com\/fr\/shop\/raxxa-premium-tischset-palmenparadies-iv\/#primaryimage","url":"https:\/\/www.raxxa.com\/wp-content\/uploads\/2024\/07\/raxxa-Tischset-315-16959-6-Sylvia-Eder-Palmenparadies-IV-13.jpg","contentUrl":"https:\/\/www.raxxa.com\/wp-content\/uploads\/2024\/07\/raxxa-Tischset-315-16959-6-Sylvia-Eder-Palmenparadies-IV-13.jpg","width":1024,"height":1024},{"@type":"BreadcrumbList","@id":"https:\/\/www.raxxa.com\/fr\/shop\/raxxa-premium-tischset-palmenparadies-iv\/#breadcrumb","itemListElement":[{"@type":"ListItem","position":1,"name":"Startseite","item":"https:\/\/www.raxxa.com\/"},{"@type":"ListItem","position":2,"name":"Shop","item":"https:\/\/www.raxxa.com\/it\/shop\/"},{"@type":"ListItem","position":3,"name":"raxxa Premium-Tischset: Palmenparadies IV"}]},{"@type":"WebSite","@id":"https:\/\/www.raxxa.com\/#website","url":"https:\/\/www.raxxa.com\/","name":"raxxa","description":"Prodotti unici e personalizzati dei nostri designer","publisher":{"@id":"https:\/\/www.raxxa.com\/#organization"},"potentialAction":[{"@type":"SearchAction","target":{"@type":"EntryPoint","urlTemplate":"https:\/\/www.raxxa.com\/?s={search_term_string}"},"query-input":{"@type":"PropertyValueSpecification","valueRequired":true,"valueName":"search_term_string"}}],"inLanguage":"it-IT"},{"@type":"Organization","@id":"https:\/\/www.raxxa.com\/#organization","name":"raxxa","url":"https:\/\/www.raxxa.com\/","logo":{"@type":"ImageObject","inLanguage":"it-IT","@id":"https:\/\/www.raxxa.com\/#\/schema\/logo\/image\/","url":"https:\/\/www.raxxa.com\/wp-content\/uploads\/2022\/07\/logo_v2.png","contentUrl":"https:\/\/www.raxxa.com\/wp-content\/uploads\/2022\/07\/logo_v2.png","width":380,"height":382,"caption":"raxxa"},"image":{"@id":"https:\/\/www.raxxa.com\/#\/schema\/logo\/image\/"},"sameAs":["https:\/\/facebook.com\/raxxacom"]}]},"og_availability":"instock","product_availability":"instock","product_retailer_item_id":"1-6-16959-315","product_condition":"new"},"jetpack_sharing_enabled":true,"_links":{"self":[{"href":"https:\/\/www.raxxa.com\/it\/wp-json\/wp\/v2\/product\/201345","targetHints":{"allow":["GET"]}}],"collection":[{"href":"https:\/\/www.raxxa.com\/it\/wp-json\/wp\/v2\/product"}],"about":[{"href":"https:\/\/www.raxxa.com\/it\/wp-json\/wp\/v2\/types\/product"}],"replies":[{"embeddable":true,"href":"https:\/\/www.raxxa.com\/it\/wp-json\/wp\/v2\/comments?post=201345"}],"wp:featuredmedia":[{"embeddable":true,"href":"https:\/\/www.raxxa.com\/it\/wp-json\/wp\/v2\/media\/255041"}],"wp:attachment":[{"href":"https:\/\/www.raxxa.com\/it\/wp-json\/wp\/v2\/media?parent=201345"}],"wp:term":[{"taxonomy":"product_brand","embeddable":true,"href":"https:\/\/www.raxxa.com\/it\/wp-json\/wp\/v2\/product_brand?post=201345"},{"taxonomy":"product_cat","embeddable":true,"href":"https:\/\/www.raxxa.com\/it\/wp-json\/wp\/v2\/product_cat?post=201345"},{"taxonomy":"product_tag","embeddable":true,"href":"https:\/\/www.raxxa.com\/it\/wp-json\/wp\/v2\/product_tag?post=201345"}],"curies":[{"name":"wp","href":"https:\/\/api.w.org\/{rel}","templated":true}]}}