{"id":181140,"date":"2023-12-12T23:01:21","date_gmt":"2023-12-12T21:01:21","guid":{"rendered":"https:\/\/www.raxxa.com\/?post_type=product&#038;p=181140"},"modified":"2023-12-12T23:08:12","modified_gmt":"2023-12-12T21:08:12","slug":"raxxa-premium-tasse-whimini-monster-shriveled","status":"publish","type":"product","link":"https:\/\/www.raxxa.com\/it\/shop\/raxxa-premium-tasse-whimini-monster-shriveled\/","title":{"rendered":"tazza premium raxxa: Mostro Whimini raggrinzito"},"content":{"rendered":"<h3><strong>\"Mostro Whimini raggrinzito\" di Mr Yoda<\/strong><\/h3>\n<p><strong><\/strong><\/p>\n<p>Il periodo natalizio evoca un'atmosfera meravigliosa con le sue luci scintillanti e il profumo di cannella e aghi di pino. Questa tazza natalizia \u00e8 decorata con il simpatico mostro Struppel della serie Whimini, che ci fa sorridere e ci ricorda la magia di questo periodo speciale. Godetevi la magia unica del Natale con ogni tazza che tenete tra le mani.<\/p>\n<p>&nbsp;<\/p>\nImmergetevi nel mondo della creativit\u00e0 con la nostra esclusiva tazza per artisti, il compagno perfetto per i vostri rituali del t\u00e8 o del caff\u00e8.<br>Design unico, creato da un artista di talento:<br>Questa tazza \u00e8 pi\u00f9 di un semplice recipiente: \u00e8 una tela per una vera e propria arte. Ogni tazza \u00e8 stata disegnata da un artista di talento che ha trovato la sua ispirazione in colori, forme ed emozioni. Non solo godetevi la vostra bevanda preferita, ma sperimentate anche il profondo legame con un'opera d'arte che ispira i vostri sensi.<br><br>Note sul materiale:<br><ul><li>circa 330 ml \/ 11 oz.<\/li><li>9,5 cm di altezza, 8 cm di diametro (misurato senza manico)<\/li><li>Lavabile in lavastoviglie e nel microonde.<\/li><li>Materiale ceramico con superficie lucida.<\/li><li>Prodotto in Germania.<\/li><\/ul>","protected":false},"excerpt":{"rendered":"<p>&quot;Whimini Monster Shriveled&quot; by Mr. Yoda Die Weihnachtszeit zaubert mit ihren funkelnden Lichtern und dem Duft von Zimt und Tannennadeln eine wunderbare Atmosph\u00e4re. Diese Weihnachtstasse ist mit dem s\u00fc\u00dfen Monster Struppel aus der Whimini Monsterserie verziert, das uns zum L\u00e4cheln bringt und uns an die Magie dieser besonderen Zeit erinnert. Genie\u00dfe den einzigartigen Zauber der [&hellip;]<\/p>\n","protected":false},"featured_media":181165,"comment_status":"open","ping_status":"closed","template":"","meta":[],"product_brand":[],"product_cat":[11041,11606,10514],"product_tag":[11607],"class_list":{"0":"post-181140","1":"product","2":"type-product","3":"status-publish","4":"has-post-thumbnail","6":"product_cat-digital","7":"product_cat-tassen","8":"product_cat-yoda","9":"product_tag-whimini-tasse-kaffeetasse-teetasse-becher-keramik-porzellan-henkel-spruch-motiv-trinkgefaess-geschenk-monster-weihnachten-winter","10":"product_shipping_class-versand-tassen","12":"first","13":"instock","14":"taxable","15":"shipping-taxable","16":"purchasable","17":"product-type-variable"},"yoast_head":"<!-- This site is optimized with the Yoast SEO Premium plugin v27.5 (Yoast SEO v27.6) - https:\/\/yoast.com\/product\/yoast-seo-premium-wordpress\/ -->\n<title>raxxa Premium-Tasse: Whimini Monster Shriveled - raxxa<\/title>\n<meta name=\"robots\" content=\"index, follow, max-snippet:-1, max-image-preview:large, max-video-preview:-1\" \/>\n<link rel=\"canonical\" href=\"https:\/\/www.raxxa.com\/it\/shop\/raxxa-premium-tasse-whimini-monster-shriveled\/\" \/>\n<meta property=\"og:locale\" content=\"it_IT\" \/>\n<meta property=\"og:type\" content=\"article\" \/>\n<meta property=\"og:title\" content=\"raxxa Premium-Tasse: Whimini Monster Shriveled\" \/>\n<meta property=\"og:description\" content=\"&quot;Whimini Monster Shriveled&quot; by Mr. Yoda Die Weihnachtszeit zaubert mit ihren funkelnden Lichtern und dem Duft von Zimt und Tannennadeln eine wunderbare Atmosph\u00e4re. Diese Weihnachtstasse ist mit dem s\u00fc\u00dfen Monster Struppel aus der Whimini Monsterserie verziert, das uns zum L\u00e4cheln bringt und uns an die Magie dieser besonderen Zeit erinnert. Genie\u00dfe den einzigartigen Zauber der [&hellip;]\" \/>\n<meta property=\"og:url\" content=\"https:\/\/www.raxxa.com\/it\/shop\/raxxa-premium-tasse-whimini-monster-shriveled\/\" \/>\n<meta property=\"og:site_name\" content=\"raxxa\" \/>\n<meta property=\"article:publisher\" content=\"https:\/\/facebook.com\/raxxacom\" \/>\n<meta property=\"article:modified_time\" content=\"2023-12-12T21:08:12+00:00\" \/>\n<meta property=\"og:image\" content=\"https:\/\/www.raxxa.com\/wp-content\/uploads\/2023\/12\/raxxa-tasse-Mr.-Yoda-Whimini20Monster20Shriveled-1.jpg\" \/>\n\t<meta property=\"og:image:width\" content=\"2048\" \/>\n\t<meta property=\"og:image:height\" content=\"2048\" \/>\n\t<meta property=\"og:image:type\" content=\"image\/jpeg\" \/>\n<meta name=\"twitter:card\" content=\"summary_large_image\" \/>\n<meta name=\"twitter:label1\" content=\"Disponibilit\u00e0\" \/>\n\t<meta name=\"twitter:data1\" content=\"In stock\" \/>\n<script type=\"application\/ld+json\" class=\"yoast-schema-graph\">{\"@context\":\"https:\\\/\\\/schema.org\",\"@graph\":[{\"@type\":[\"WebPage\",\"ItemPage\"],\"@id\":\"https:\\\/\\\/www.raxxa.com\\\/fr\\\/shop\\\/raxxa-premium-tasse-whimini-monster-shriveled\\\/\",\"url\":\"https:\\\/\\\/www.raxxa.com\\\/fr\\\/shop\\\/raxxa-premium-tasse-whimini-monster-shriveled\\\/\",\"name\":\"raxxa Premium-Tasse: Whimini Monster Shriveled - raxxa\",\"isPartOf\":{\"@id\":\"https:\\\/\\\/www.raxxa.com\\\/#website\"},\"primaryImageOfPage\":{\"@id\":\"https:\\\/\\\/www.raxxa.com\\\/fr\\\/shop\\\/raxxa-premium-tasse-whimini-monster-shriveled\\\/#primaryimage\"},\"image\":{\"@id\":\"https:\\\/\\\/www.raxxa.com\\\/fr\\\/shop\\\/raxxa-premium-tasse-whimini-monster-shriveled\\\/#primaryimage\"},\"thumbnailUrl\":\"https:\\\/\\\/www.raxxa.com\\\/wp-content\\\/uploads\\\/2023\\\/12\\\/raxxa-tasse-Mr.-Yoda-Whimini20Monster20Shriveled-1.jpg\",\"datePublished\":\"2023-12-12T21:01:21+00:00\",\"dateModified\":\"2023-12-12T21:08:12+00:00\",\"breadcrumb\":{\"@id\":\"https:\\\/\\\/www.raxxa.com\\\/fr\\\/shop\\\/raxxa-premium-tasse-whimini-monster-shriveled\\\/#breadcrumb\"},\"inLanguage\":\"it-IT\",\"potentialAction\":[{\"@type\":\"ReadAction\",\"target\":[\"https:\\\/\\\/www.raxxa.com\\\/fr\\\/shop\\\/raxxa-premium-tasse-whimini-monster-shriveled\\\/\"]}]},{\"@type\":\"ImageObject\",\"inLanguage\":\"it-IT\",\"@id\":\"https:\\\/\\\/www.raxxa.com\\\/fr\\\/shop\\\/raxxa-premium-tasse-whimini-monster-shriveled\\\/#primaryimage\",\"url\":\"https:\\\/\\\/www.raxxa.com\\\/wp-content\\\/uploads\\\/2023\\\/12\\\/raxxa-tasse-Mr.-Yoda-Whimini20Monster20Shriveled-1.jpg\",\"contentUrl\":\"https:\\\/\\\/www.raxxa.com\\\/wp-content\\\/uploads\\\/2023\\\/12\\\/raxxa-tasse-Mr.-Yoda-Whimini20Monster20Shriveled-1.jpg\",\"width\":2048,\"height\":2048},{\"@type\":\"BreadcrumbList\",\"@id\":\"https:\\\/\\\/www.raxxa.com\\\/fr\\\/shop\\\/raxxa-premium-tasse-whimini-monster-shriveled\\\/#breadcrumb\",\"itemListElement\":[{\"@type\":\"ListItem\",\"position\":1,\"name\":\"Startseite\",\"item\":\"https:\\\/\\\/www.raxxa.com\\\/\"},{\"@type\":\"ListItem\",\"position\":2,\"name\":\"Shop\",\"item\":\"https:\\\/\\\/www.raxxa.com\\\/it\\\/shop\\\/\"},{\"@type\":\"ListItem\",\"position\":3,\"name\":\"raxxa Premium-Tasse: Whimini Monster Shriveled\"}]},{\"@type\":\"WebSite\",\"@id\":\"https:\\\/\\\/www.raxxa.com\\\/#website\",\"url\":\"https:\\\/\\\/www.raxxa.com\\\/\",\"name\":\"raxxa\",\"description\":\"Einzigartige individuelle Produkte von unseren Designern\",\"publisher\":{\"@id\":\"https:\\\/\\\/www.raxxa.com\\\/#organization\"},\"potentialAction\":[{\"@type\":\"SearchAction\",\"target\":{\"@type\":\"EntryPoint\",\"urlTemplate\":\"https:\\\/\\\/www.raxxa.com\\\/?s={search_term_string}\"},\"query-input\":{\"@type\":\"PropertyValueSpecification\",\"valueRequired\":true,\"valueName\":\"search_term_string\"}}],\"inLanguage\":\"it-IT\"},{\"@type\":\"Organization\",\"@id\":\"https:\\\/\\\/www.raxxa.com\\\/#organization\",\"name\":\"raxxa\",\"url\":\"https:\\\/\\\/www.raxxa.com\\\/\",\"logo\":{\"@type\":\"ImageObject\",\"inLanguage\":\"it-IT\",\"@id\":\"https:\\\/\\\/www.raxxa.com\\\/#\\\/schema\\\/logo\\\/image\\\/\",\"url\":\"https:\\\/\\\/www.raxxa.com\\\/wp-content\\\/uploads\\\/2022\\\/07\\\/logo_v2.png\",\"contentUrl\":\"https:\\\/\\\/www.raxxa.com\\\/wp-content\\\/uploads\\\/2022\\\/07\\\/logo_v2.png\",\"width\":380,\"height\":382,\"caption\":\"raxxa\"},\"image\":{\"@id\":\"https:\\\/\\\/www.raxxa.com\\\/#\\\/schema\\\/logo\\\/image\\\/\"},\"sameAs\":[\"https:\\\/\\\/facebook.com\\\/raxxacom\"]}]}<\/script>\n<meta property=\"og:availability\" content=\"instock\" \/>\n<meta property=\"product:availability\" content=\"instock\" \/>\n<meta property=\"product:retailer_item_id\" content=\"1-181-9653-136\" \/>\n<meta property=\"product:condition\" content=\"new\" \/>\n<!-- \/ Yoast SEO Premium plugin. -->","yoast_head_json":{"title":"raxxa Premium-Tasse: Whimini Monster Shriveled - raxxa","robots":{"index":"index","follow":"follow","max-snippet":"max-snippet:-1","max-image-preview":"max-image-preview:large","max-video-preview":"max-video-preview:-1"},"canonical":"https:\/\/www.raxxa.com\/it\/shop\/raxxa-premium-tasse-whimini-monster-shriveled\/","og_locale":"it_IT","og_type":"article","og_title":"raxxa Premium-Tasse: Whimini Monster Shriveled","og_description":"&quot;Whimini Monster Shriveled&quot; by Mr. Yoda Die Weihnachtszeit zaubert mit ihren funkelnden Lichtern und dem Duft von Zimt und Tannennadeln eine wunderbare Atmosph\u00e4re. Diese Weihnachtstasse ist mit dem s\u00fc\u00dfen Monster Struppel aus der Whimini Monsterserie verziert, das uns zum L\u00e4cheln bringt und uns an die Magie dieser besonderen Zeit erinnert. Genie\u00dfe den einzigartigen Zauber der [&hellip;]","og_url":"https:\/\/www.raxxa.com\/it\/shop\/raxxa-premium-tasse-whimini-monster-shriveled\/","og_site_name":"raxxa","article_publisher":"https:\/\/facebook.com\/raxxacom","article_modified_time":"2023-12-12T21:08:12+00:00","og_image":[{"width":2048,"height":2048,"url":"https:\/\/www.raxxa.com\/wp-content\/uploads\/2023\/12\/raxxa-tasse-Mr.-Yoda-Whimini20Monster20Shriveled-1.jpg","type":"image\/jpeg"}],"twitter_card":"summary_large_image","twitter_misc":{"Disponibilit\u00e0":"In stock"},"schema":{"@context":"https:\/\/schema.org","@graph":[{"@type":["WebPage","ItemPage"],"@id":"https:\/\/www.raxxa.com\/fr\/shop\/raxxa-premium-tasse-whimini-monster-shriveled\/","url":"https:\/\/www.raxxa.com\/fr\/shop\/raxxa-premium-tasse-whimini-monster-shriveled\/","name":"raxxa Premium-Tasse: Whimini Monster Shriveled - raxxa","isPartOf":{"@id":"https:\/\/www.raxxa.com\/#website"},"primaryImageOfPage":{"@id":"https:\/\/www.raxxa.com\/fr\/shop\/raxxa-premium-tasse-whimini-monster-shriveled\/#primaryimage"},"image":{"@id":"https:\/\/www.raxxa.com\/fr\/shop\/raxxa-premium-tasse-whimini-monster-shriveled\/#primaryimage"},"thumbnailUrl":"https:\/\/www.raxxa.com\/wp-content\/uploads\/2023\/12\/raxxa-tasse-Mr.-Yoda-Whimini20Monster20Shriveled-1.jpg","datePublished":"2023-12-12T21:01:21+00:00","dateModified":"2023-12-12T21:08:12+00:00","breadcrumb":{"@id":"https:\/\/www.raxxa.com\/fr\/shop\/raxxa-premium-tasse-whimini-monster-shriveled\/#breadcrumb"},"inLanguage":"it-IT","potentialAction":[{"@type":"ReadAction","target":["https:\/\/www.raxxa.com\/fr\/shop\/raxxa-premium-tasse-whimini-monster-shriveled\/"]}]},{"@type":"ImageObject","inLanguage":"it-IT","@id":"https:\/\/www.raxxa.com\/fr\/shop\/raxxa-premium-tasse-whimini-monster-shriveled\/#primaryimage","url":"https:\/\/www.raxxa.com\/wp-content\/uploads\/2023\/12\/raxxa-tasse-Mr.-Yoda-Whimini20Monster20Shriveled-1.jpg","contentUrl":"https:\/\/www.raxxa.com\/wp-content\/uploads\/2023\/12\/raxxa-tasse-Mr.-Yoda-Whimini20Monster20Shriveled-1.jpg","width":2048,"height":2048},{"@type":"BreadcrumbList","@id":"https:\/\/www.raxxa.com\/fr\/shop\/raxxa-premium-tasse-whimini-monster-shriveled\/#breadcrumb","itemListElement":[{"@type":"ListItem","position":1,"name":"Startseite","item":"https:\/\/www.raxxa.com\/"},{"@type":"ListItem","position":2,"name":"Shop","item":"https:\/\/www.raxxa.com\/it\/shop\/"},{"@type":"ListItem","position":3,"name":"raxxa Premium-Tasse: Whimini Monster Shriveled"}]},{"@type":"WebSite","@id":"https:\/\/www.raxxa.com\/#website","url":"https:\/\/www.raxxa.com\/","name":"raxxa","description":"Prodotti unici e personalizzati dei nostri designer","publisher":{"@id":"https:\/\/www.raxxa.com\/#organization"},"potentialAction":[{"@type":"SearchAction","target":{"@type":"EntryPoint","urlTemplate":"https:\/\/www.raxxa.com\/?s={search_term_string}"},"query-input":{"@type":"PropertyValueSpecification","valueRequired":true,"valueName":"search_term_string"}}],"inLanguage":"it-IT"},{"@type":"Organization","@id":"https:\/\/www.raxxa.com\/#organization","name":"raxxa","url":"https:\/\/www.raxxa.com\/","logo":{"@type":"ImageObject","inLanguage":"it-IT","@id":"https:\/\/www.raxxa.com\/#\/schema\/logo\/image\/","url":"https:\/\/www.raxxa.com\/wp-content\/uploads\/2022\/07\/logo_v2.png","contentUrl":"https:\/\/www.raxxa.com\/wp-content\/uploads\/2022\/07\/logo_v2.png","width":380,"height":382,"caption":"raxxa"},"image":{"@id":"https:\/\/www.raxxa.com\/#\/schema\/logo\/image\/"},"sameAs":["https:\/\/facebook.com\/raxxacom"]}]},"og_availability":"instock","product_availability":"instock","product_retailer_item_id":"1-181-9653-136","product_condition":"new"},"jetpack_sharing_enabled":true,"_links":{"self":[{"href":"https:\/\/www.raxxa.com\/it\/wp-json\/wp\/v2\/product\/181140","targetHints":{"allow":["GET"]}}],"collection":[{"href":"https:\/\/www.raxxa.com\/it\/wp-json\/wp\/v2\/product"}],"about":[{"href":"https:\/\/www.raxxa.com\/it\/wp-json\/wp\/v2\/types\/product"}],"replies":[{"embeddable":true,"href":"https:\/\/www.raxxa.com\/it\/wp-json\/wp\/v2\/comments?post=181140"}],"wp:featuredmedia":[{"embeddable":true,"href":"https:\/\/www.raxxa.com\/it\/wp-json\/wp\/v2\/media\/181165"}],"wp:attachment":[{"href":"https:\/\/www.raxxa.com\/it\/wp-json\/wp\/v2\/media?parent=181140"}],"wp:term":[{"taxonomy":"product_brand","embeddable":true,"href":"https:\/\/www.raxxa.com\/it\/wp-json\/wp\/v2\/product_brand?post=181140"},{"taxonomy":"product_cat","embeddable":true,"href":"https:\/\/www.raxxa.com\/it\/wp-json\/wp\/v2\/product_cat?post=181140"},{"taxonomy":"product_tag","embeddable":true,"href":"https:\/\/www.raxxa.com\/it\/wp-json\/wp\/v2\/product_tag?post=181140"}],"curies":[{"name":"wp","href":"https:\/\/api.w.org\/{rel}","templated":true}]}}