{"id":176651,"date":"2023-11-14T11:13:32","date_gmt":"2023-11-14T09:13:32","guid":{"rendered":"https:\/\/www.raxxa.com\/?post_type=product&#038;p=176651"},"modified":"2024-05-05T08:08:07","modified_gmt":"2024-05-05T06:08:07","slug":"organic-t-shirt-defftig","status":"publish","type":"product","link":"https:\/\/www.raxxa.com\/it\/shop\/organic-t-shirt-defftig\/","title":{"rendered":"Maglietta biologica: dEFFtig"},"content":{"rendered":"<div>\n<p><span style=\"font-weight: bolder; font-size: 1rem;\">raxxa t-shirt unisex in cotone biologico della <span style=\"font-weight: bolder;\">Banda dEFFtig da Francoforte<\/span><\/span><\/p>\n<\/div>\n<div><strong>dEFFtig dona 5 euro per ogni maglietta a Frankfurter Tafel e.V.<\/strong><\/div>\n<div><\/div>\n<p>&nbsp;<\/p>\n<div><span style=\"font-size: 1rem;\">Questa t-shirt in cotone organico di alta qualit\u00e0 \u00e8 realizzata in cotone organico filato ad anelli 100 %, perfetto per chi \u00e8 attento all'ambiente.<br \/>\n\u00c8 molto comoda e probabilmente diventer\u00e0 la vostra nuova camicia preferita.<br \/>\n<\/span><\/div>\n<div><span style=\"font-size: 1rem;\">Note sul materiale:<\/span><\/div>\n<div>\n<ul style=\"list-style-position: inside;\">\n<li>Stanley\/Stella<\/li>\n<li>Materiale: 100 cotone % (qualit\u00e0 biologica, filato ad anelli, pettinato)<\/li>\n<li>Peso del tessuto: 180 g\/m\u00b2<\/li>\n<li>Maglia singola<\/li>\n<li>Taglio: normale<\/li>\n<li>Manicotti a incastro<\/li>\n<li>Maglia a coste 1\u00d71 sulla scollatura<\/li>\n<li>lavabile fino a 30 gradi, da girare all'interno prima di stirare.<\/li>\n<\/ul>\n<p><span style=\"font-size: 1rem;\">Informazioni sulle dimensioni in cm:<\/span><\/p>\n<\/div>\n<p>Per una vestibilit\u00e0 pi\u00f9 ampia, si consiglia di ordinare una taglia in pi\u00f9.<\/p>\n<table cellspacing=\"5\" cellpadding=\"5\">\n<tbody>\n<tr>\n<td><b>Dimensione<\/b><\/td>\n<td><b>Lunghezza del corpo<\/b><\/td>\n<td><b>Petto<\/b><\/td>\n<td><b>Lunghezza delle maniche<\/b><\/td>\n<\/tr>\n<tr>\n<td>XS<\/td>\n<td>66<\/td>\n<td>46<\/td>\n<td>19.5<\/td>\n<\/tr>\n<tr>\n<td>S<\/td>\n<td>69<\/td>\n<td>49<\/td>\n<td>20.5<\/td>\n<\/tr>\n<tr>\n<td>M<\/td>\n<td>72<\/td>\n<td>52<\/td>\n<td>21.5<\/td>\n<\/tr>\n<tr>\n<td>L<\/td>\n<td>74<\/td>\n<td>55<\/td>\n<td>22.5<\/td>\n<\/tr>\n<tr>\n<td>XL<\/td>\n<td>76<\/td>\n<td>58<\/td>\n<td>22.5<\/td>\n<\/tr>\n<tr>\n<td>2XL<\/td>\n<td>78<\/td>\n<td>61<\/td>\n<td>23.5<\/td>\n<\/tr>\n<tr>\n<td>3XL<\/td>\n<td>80<\/td>\n<td>64<\/td>\n<td>24.5<\/td>\n<\/tr>\n<tr>\n<td>4XL<\/td>\n<td>82<\/td>\n<td>69<\/td>\n<td>24.5<\/td>\n<\/tr>\n<tr>\n<td>5XL<\/td>\n<td>84<\/td>\n<td>74<\/td>\n<td>25<\/td>\n<\/tr>\n<\/tbody>\n<\/table>\n<p>&nbsp;<\/p>\n<div><span style=\"font-size: 1rem;\">Su richiesta, questo prodotto viene realizzato appositamente per voi nel design e nelle dimensioni desiderate.\u00a0<\/span><\/div>","protected":false},"excerpt":{"rendered":"<p>raxxa Unisex T-Shirt aus Bio-Baumwolle von der Band dEFFtig aus Frankfurt Pro T-Shirt spendet dEFFtig 5 EUR an die Frankfurter Tafel e.V. &nbsp; Dieses qualitativ hochwertige organische Baumwoll-T-Shirt ist aus 100 % biologischer, ringgesponnener Baumwolle, perfekt f\u00fcr umweltbewusste Menschen. Es ist sehr bequem und wird vermutlich direkt dein neues Lieblings-Shirt. Materialhinweise: Stanley\/Stella Material: 100 % [&hellip;]<\/p>\n","protected":false},"featured_media":176668,"comment_status":"open","ping_status":"closed","template":"","meta":[],"product_brand":[],"product_cat":[11446,10317,11447,10318,10316,10315,10320,10319],"product_tag":[8751,11723,11448,11721,8865,11722,11720],"class_list":{"0":"post-176651","1":"product","2":"type-product","3":"status-publish","4":"has-post-thumbnail","6":"product_cat-bands","7":"product_cat-damen","8":"product_cat-defftig","9":"product_cat-herren","10":"product_cat-kleidung","11":"product_cat-mode-accessoires","12":"product_cat-t-shirts-damen","13":"product_cat-t-shirts-herren","14":"product_tag-band","15":"product_tag-charity","16":"product_tag-defftig","17":"product_tag-e-v","18":"product_tag-frankfurt","19":"product_tag-spenden","20":"product_tag-tafel","21":"product_shipping_class-versand-t-shirts1","23":"first","24":"instock","25":"taxable","26":"shipping-taxable","27":"purchasable","28":"product-type-variable"},"yoast_head":"<!-- This site is optimized with the Yoast SEO Premium plugin v27.4 (Yoast SEO v27.4) - https:\/\/yoast.com\/product\/yoast-seo-premium-wordpress\/ -->\n<title>Organic T-Shirt: dEFFtig - raxxa<\/title>\n<meta name=\"robots\" content=\"index, follow, max-snippet:-1, max-image-preview:large, max-video-preview:-1\" \/>\n<link rel=\"canonical\" href=\"https:\/\/www.raxxa.com\/it\/shop\/organic-t-shirt-defftig\/\" \/>\n<meta property=\"og:locale\" content=\"it_IT\" \/>\n<meta property=\"og:type\" content=\"article\" \/>\n<meta property=\"og:title\" content=\"Organic T-Shirt: dEFFtig\" \/>\n<meta property=\"og:description\" content=\"raxxa Unisex T-Shirt aus Bio-Baumwolle von der Band dEFFtig aus Frankfurt Pro T-Shirt spendet dEFFtig 5 EUR an die Frankfurter Tafel e.V. &nbsp; Dieses qualitativ hochwertige organische Baumwoll-T-Shirt ist aus 100 % biologischer, ringgesponnener Baumwolle, perfekt f\u00fcr umweltbewusste Menschen. Es ist sehr bequem und wird vermutlich direkt dein neues Lieblings-Shirt. Materialhinweise: Stanley\/Stella Material: 100 % [&hellip;]\" \/>\n<meta property=\"og:url\" content=\"https:\/\/www.raxxa.com\/it\/shop\/organic-t-shirt-defftig\/\" \/>\n<meta property=\"og:site_name\" content=\"raxxa\" \/>\n<meta property=\"article:publisher\" content=\"https:\/\/facebook.com\/raxxacom\" \/>\n<meta property=\"article:modified_time\" content=\"2024-05-05T06:08:07+00:00\" \/>\n<meta property=\"og:image\" content=\"https:\/\/www.raxxa.com\/wp-content\/uploads\/2023\/11\/raxxa-organic-t-shirt-band-defftig-3-683x1024.png\" \/>\n\t<meta property=\"og:image:width\" content=\"683\" \/>\n\t<meta property=\"og:image:height\" content=\"1024\" \/>\n\t<meta property=\"og:image:type\" content=\"image\/png\" \/>\n<meta name=\"twitter:card\" content=\"summary_large_image\" \/>\n<meta name=\"twitter:label1\" content=\"Disponibilit\u00e0\" \/>\n\t<meta name=\"twitter:data1\" content=\"In stock\" \/>\n<script type=\"application\/ld+json\" class=\"yoast-schema-graph\">{\"@context\":\"https:\\\/\\\/schema.org\",\"@graph\":[{\"@type\":[\"WebPage\",\"ItemPage\"],\"@id\":\"https:\\\/\\\/www.raxxa.com\\\/shop\\\/organic-t-shirt-defftig\\\/\",\"url\":\"https:\\\/\\\/www.raxxa.com\\\/shop\\\/organic-t-shirt-defftig\\\/\",\"name\":\"Organic T-Shirt: dEFFtig - raxxa\",\"isPartOf\":{\"@id\":\"https:\\\/\\\/www.raxxa.com\\\/#website\"},\"primaryImageOfPage\":{\"@id\":\"https:\\\/\\\/www.raxxa.com\\\/shop\\\/organic-t-shirt-defftig\\\/#primaryimage\"},\"image\":{\"@id\":\"https:\\\/\\\/www.raxxa.com\\\/shop\\\/organic-t-shirt-defftig\\\/#primaryimage\"},\"thumbnailUrl\":\"https:\\\/\\\/www.raxxa.com\\\/wp-content\\\/uploads\\\/2023\\\/11\\\/raxxa-organic-t-shirt-band-defftig-3.png\",\"datePublished\":\"2023-11-14T09:13:32+00:00\",\"dateModified\":\"2024-05-05T06:08:07+00:00\",\"breadcrumb\":{\"@id\":\"https:\\\/\\\/www.raxxa.com\\\/shop\\\/organic-t-shirt-defftig\\\/#breadcrumb\"},\"inLanguage\":\"it-IT\",\"potentialAction\":[{\"@type\":\"ReadAction\",\"target\":[\"https:\\\/\\\/www.raxxa.com\\\/shop\\\/organic-t-shirt-defftig\\\/\"]}]},{\"@type\":\"ImageObject\",\"inLanguage\":\"it-IT\",\"@id\":\"https:\\\/\\\/www.raxxa.com\\\/shop\\\/organic-t-shirt-defftig\\\/#primaryimage\",\"url\":\"https:\\\/\\\/www.raxxa.com\\\/wp-content\\\/uploads\\\/2023\\\/11\\\/raxxa-organic-t-shirt-band-defftig-3.png\",\"contentUrl\":\"https:\\\/\\\/www.raxxa.com\\\/wp-content\\\/uploads\\\/2023\\\/11\\\/raxxa-organic-t-shirt-band-defftig-3.png\",\"width\":1440,\"height\":2160},{\"@type\":\"BreadcrumbList\",\"@id\":\"https:\\\/\\\/www.raxxa.com\\\/shop\\\/organic-t-shirt-defftig\\\/#breadcrumb\",\"itemListElement\":[{\"@type\":\"ListItem\",\"position\":1,\"name\":\"Startseite\",\"item\":\"https:\\\/\\\/www.raxxa.com\\\/\"},{\"@type\":\"ListItem\",\"position\":2,\"name\":\"Shop\",\"item\":\"https:\\\/\\\/www.raxxa.com\\\/it\\\/shop\\\/\"},{\"@type\":\"ListItem\",\"position\":3,\"name\":\"Organic T-Shirt: dEFFtig\"}]},{\"@type\":\"WebSite\",\"@id\":\"https:\\\/\\\/www.raxxa.com\\\/#website\",\"url\":\"https:\\\/\\\/www.raxxa.com\\\/\",\"name\":\"raxxa\",\"description\":\"Einzigartige individuelle Produkte von unseren Designern\",\"publisher\":{\"@id\":\"https:\\\/\\\/www.raxxa.com\\\/#organization\"},\"potentialAction\":[{\"@type\":\"SearchAction\",\"target\":{\"@type\":\"EntryPoint\",\"urlTemplate\":\"https:\\\/\\\/www.raxxa.com\\\/?s={search_term_string}\"},\"query-input\":{\"@type\":\"PropertyValueSpecification\",\"valueRequired\":true,\"valueName\":\"search_term_string\"}}],\"inLanguage\":\"it-IT\"},{\"@type\":\"Organization\",\"@id\":\"https:\\\/\\\/www.raxxa.com\\\/#organization\",\"name\":\"raxxa\",\"url\":\"https:\\\/\\\/www.raxxa.com\\\/\",\"logo\":{\"@type\":\"ImageObject\",\"inLanguage\":\"it-IT\",\"@id\":\"https:\\\/\\\/www.raxxa.com\\\/#\\\/schema\\\/logo\\\/image\\\/\",\"url\":\"https:\\\/\\\/www.raxxa.com\\\/wp-content\\\/uploads\\\/2022\\\/07\\\/logo_v2.png\",\"contentUrl\":\"https:\\\/\\\/www.raxxa.com\\\/wp-content\\\/uploads\\\/2022\\\/07\\\/logo_v2.png\",\"width\":380,\"height\":382,\"caption\":\"raxxa\"},\"image\":{\"@id\":\"https:\\\/\\\/www.raxxa.com\\\/#\\\/schema\\\/logo\\\/image\\\/\"},\"sameAs\":[\"https:\\\/\\\/facebook.com\\\/raxxacom\"]}]}<\/script>\n<meta property=\"og:availability\" content=\"instock\" \/>\n<meta property=\"product:availability\" content=\"instock\" \/>\n<meta property=\"product:retailer_item_id\" content=\"1-1-1-291\" \/>\n<meta property=\"product:condition\" content=\"new\" \/>\n<!-- \/ Yoast SEO Premium plugin. -->","yoast_head_json":{"title":"Maglietta biologica: dEFFtig - raxxa","robots":{"index":"index","follow":"follow","max-snippet":"max-snippet:-1","max-image-preview":"max-image-preview:large","max-video-preview":"max-video-preview:-1"},"canonical":"https:\/\/www.raxxa.com\/it\/shop\/organic-t-shirt-defftig\/","og_locale":"it_IT","og_type":"article","og_title":"Organic T-Shirt: dEFFtig","og_description":"raxxa Unisex T-Shirt aus Bio-Baumwolle von der Band dEFFtig aus Frankfurt Pro T-Shirt spendet dEFFtig 5 EUR an die Frankfurter Tafel e.V. &nbsp; Dieses qualitativ hochwertige organische Baumwoll-T-Shirt ist aus 100 % biologischer, ringgesponnener Baumwolle, perfekt f\u00fcr umweltbewusste Menschen. Es ist sehr bequem und wird vermutlich direkt dein neues Lieblings-Shirt. Materialhinweise: Stanley\/Stella Material: 100 % [&hellip;]","og_url":"https:\/\/www.raxxa.com\/it\/shop\/organic-t-shirt-defftig\/","og_site_name":"raxxa","article_publisher":"https:\/\/facebook.com\/raxxacom","article_modified_time":"2024-05-05T06:08:07+00:00","og_image":[{"width":683,"height":1024,"url":"https:\/\/www.raxxa.com\/wp-content\/uploads\/2023\/11\/raxxa-organic-t-shirt-band-defftig-3-683x1024.png","type":"image\/png"}],"twitter_card":"summary_large_image","twitter_misc":{"Disponibilit\u00e0":"In stock"},"schema":{"@context":"https:\/\/schema.org","@graph":[{"@type":["WebPage","ItemPage"],"@id":"https:\/\/www.raxxa.com\/shop\/organic-t-shirt-defftig\/","url":"https:\/\/www.raxxa.com\/shop\/organic-t-shirt-defftig\/","name":"Maglietta biologica: dEFFtig - raxxa","isPartOf":{"@id":"https:\/\/www.raxxa.com\/#website"},"primaryImageOfPage":{"@id":"https:\/\/www.raxxa.com\/shop\/organic-t-shirt-defftig\/#primaryimage"},"image":{"@id":"https:\/\/www.raxxa.com\/shop\/organic-t-shirt-defftig\/#primaryimage"},"thumbnailUrl":"https:\/\/www.raxxa.com\/wp-content\/uploads\/2023\/11\/raxxa-organic-t-shirt-band-defftig-3.png","datePublished":"2023-11-14T09:13:32+00:00","dateModified":"2024-05-05T06:08:07+00:00","breadcrumb":{"@id":"https:\/\/www.raxxa.com\/shop\/organic-t-shirt-defftig\/#breadcrumb"},"inLanguage":"it-IT","potentialAction":[{"@type":"ReadAction","target":["https:\/\/www.raxxa.com\/shop\/organic-t-shirt-defftig\/"]}]},{"@type":"ImageObject","inLanguage":"it-IT","@id":"https:\/\/www.raxxa.com\/shop\/organic-t-shirt-defftig\/#primaryimage","url":"https:\/\/www.raxxa.com\/wp-content\/uploads\/2023\/11\/raxxa-organic-t-shirt-band-defftig-3.png","contentUrl":"https:\/\/www.raxxa.com\/wp-content\/uploads\/2023\/11\/raxxa-organic-t-shirt-band-defftig-3.png","width":1440,"height":2160},{"@type":"BreadcrumbList","@id":"https:\/\/www.raxxa.com\/shop\/organic-t-shirt-defftig\/#breadcrumb","itemListElement":[{"@type":"ListItem","position":1,"name":"Startseite","item":"https:\/\/www.raxxa.com\/"},{"@type":"ListItem","position":2,"name":"Shop","item":"https:\/\/www.raxxa.com\/it\/shop\/"},{"@type":"ListItem","position":3,"name":"Organic T-Shirt: dEFFtig"}]},{"@type":"WebSite","@id":"https:\/\/www.raxxa.com\/#website","url":"https:\/\/www.raxxa.com\/","name":"raxxa","description":"Prodotti unici e personalizzati dei nostri designer","publisher":{"@id":"https:\/\/www.raxxa.com\/#organization"},"potentialAction":[{"@type":"SearchAction","target":{"@type":"EntryPoint","urlTemplate":"https:\/\/www.raxxa.com\/?s={search_term_string}"},"query-input":{"@type":"PropertyValueSpecification","valueRequired":true,"valueName":"search_term_string"}}],"inLanguage":"it-IT"},{"@type":"Organization","@id":"https:\/\/www.raxxa.com\/#organization","name":"raxxa","url":"https:\/\/www.raxxa.com\/","logo":{"@type":"ImageObject","inLanguage":"it-IT","@id":"https:\/\/www.raxxa.com\/#\/schema\/logo\/image\/","url":"https:\/\/www.raxxa.com\/wp-content\/uploads\/2022\/07\/logo_v2.png","contentUrl":"https:\/\/www.raxxa.com\/wp-content\/uploads\/2022\/07\/logo_v2.png","width":380,"height":382,"caption":"raxxa"},"image":{"@id":"https:\/\/www.raxxa.com\/#\/schema\/logo\/image\/"},"sameAs":["https:\/\/facebook.com\/raxxacom"]}]},"og_availability":"instock","product_availability":"instock","product_retailer_item_id":"1-1-1-291","product_condition":"new"},"jetpack_sharing_enabled":true,"_links":{"self":[{"href":"https:\/\/www.raxxa.com\/it\/wp-json\/wp\/v2\/product\/176651","targetHints":{"allow":["GET"]}}],"collection":[{"href":"https:\/\/www.raxxa.com\/it\/wp-json\/wp\/v2\/product"}],"about":[{"href":"https:\/\/www.raxxa.com\/it\/wp-json\/wp\/v2\/types\/product"}],"replies":[{"embeddable":true,"href":"https:\/\/www.raxxa.com\/it\/wp-json\/wp\/v2\/comments?post=176651"}],"wp:featuredmedia":[{"embeddable":true,"href":"https:\/\/www.raxxa.com\/it\/wp-json\/wp\/v2\/media\/176668"}],"wp:attachment":[{"href":"https:\/\/www.raxxa.com\/it\/wp-json\/wp\/v2\/media?parent=176651"}],"wp:term":[{"taxonomy":"product_brand","embeddable":true,"href":"https:\/\/www.raxxa.com\/it\/wp-json\/wp\/v2\/product_brand?post=176651"},{"taxonomy":"product_cat","embeddable":true,"href":"https:\/\/www.raxxa.com\/it\/wp-json\/wp\/v2\/product_cat?post=176651"},{"taxonomy":"product_tag","embeddable":true,"href":"https:\/\/www.raxxa.com\/it\/wp-json\/wp\/v2\/product_tag?post=176651"}],"curies":[{"name":"wp","href":"https:\/\/api.w.org\/{rel}","templated":true}]}}