{"id":171255,"date":"2023-10-07T16:07:32","date_gmt":"2023-10-07T14:07:32","guid":{"rendered":"https:\/\/www.raxxa.com\/?post_type=product&#038;p=171255"},"modified":"2025-10-31T13:19:28","modified_gmt":"2025-10-31T11:19:28","slug":"raxxa-premium-tischset-praechtige-blumenpracht-barocke-pfingstrosen-auf-schwarz","status":"publish","type":"product","link":"https:\/\/www.raxxa.com\/it\/shop\/raxxa-premium-tischset-praechtige-blumenpracht-barocke-pfingstrosen-auf-schwarz\/","title":{"rendered":"tovaglietta premium raxxa: Magnifico splendore floreale: peonie barocche su nero"},"content":{"rendered":"<h3><strong>\"Magnifico splendore floreale: peonie barocche sul nero\" di Uta Naumann<\/strong><\/h3>\n<p><strong><\/strong><\/p>\n<p>In questo nostalgico disegno floreale gotico, lussureggianti peonie e rose color salmone sono disposte in una magnifica composizione floreale. Queste lussureggianti fioriture risplendono su uno sfondo scuro e misterioso, creando un contrasto straordinario che enfatizza ancora di pi\u00f9 la bellezza dei fiori. La composizione emana puro lusso e romanticismo vintage e ricorda i tempi passati, quando le composizioni floreali erano simbolo di passione e splendore. Questi capolavori floreali creano un'atmosfera elegante e affascinante che riempie la stanza di un fascino nostalgico e mette al centro della scena il romanticismo oscuro dei fiori.<\/p>\n<p>&nbsp;<\/p>\nRavvivate la vostra sala da pranzo con le tovagliette in vinile colorate dei nostri artisti! Queste tovagliette stampate su un solo lato sono realizzate in materiale resistente e sono perfette per aggiungere un tocco di colore alla vostra tavola. Misurano 40 x 30 cm e sono della misura giusta per qualsiasi stoviglia. Abbelliscono i vostri pasti con stile e praticit\u00e0!<br><br>Note sul materiale:<br><ul><li>40 x 30 cm.<\/li><li>spessore di circa 1,6 mm.<\/li><li>Vinile.<\/li><li>Pulire con un panno umido, non adatto alla lavastoviglie.<\/li><li>Prodotto in Germania.<\/li><\/ul>","protected":false},"excerpt":{"rendered":"<p>&quot;Pr\u00e4chtige Blumenpracht: Barocke Pfingstrosen auf Schwarz&quot; by Uta Naumann In diesem nostalgischen Gothic-Floraldesign sind \u00fcppige lachsfarbene Pfingstrosen und Rosen zu einem pr\u00e4chtigen Blumengesteck arrangiert. Diese \u00fcppigen Bl\u00fcten erstrahlen vor einem dunklen, geheimnisvollen Hintergrund und bilden einen atemberaubenden Kontrast, der die Sch\u00f6nheit der Blumen umso mehr hervorhebt. Das Arrangement strahlt puren Luxus und Vintage-Romantik aus, und [&hellip;]<\/p>\n","protected":false},"featured_media":246945,"comment_status":"open","ping_status":"closed","template":"","meta":[],"product_brand":[],"product_cat":[136,11218,11051],"product_tag":[],"class_list":{"0":"post-171255","1":"product","2":"type-product","3":"status-publish","4":"has-post-thumbnail","6":"product_cat-natur","7":"product_cat-uta-naumann","8":"product_cat-tischset","9":"product_shipping_class-versand-tischset","11":"first","12":"instock","13":"taxable","14":"shipping-taxable","15":"purchasable","16":"product-type-variable"},"yoast_head":"<!-- This site is optimized with the Yoast SEO Premium plugin v27.2 (Yoast SEO v27.3) - https:\/\/yoast.com\/product\/yoast-seo-premium-wordpress\/ -->\n<title>raxxa Premium-Tischset: Pr\u00e4chtige Blumenpracht: Barocke Pfingstrosen auf Schwarz - raxxa<\/title>\n<meta name=\"robots\" content=\"index, follow, max-snippet:-1, max-image-preview:large, max-video-preview:-1\" \/>\n<link rel=\"canonical\" href=\"https:\/\/www.raxxa.com\/it\/shop\/raxxa-premium-tischset-praechtige-blumenpracht-barocke-pfingstrosen-auf-schwarz\/\" \/>\n<meta property=\"og:locale\" content=\"it_IT\" \/>\n<meta property=\"og:type\" content=\"article\" \/>\n<meta property=\"og:title\" content=\"raxxa Premium-Tischset: Pr\u00e4chtige Blumenpracht: Barocke Pfingstrosen auf Schwarz\" \/>\n<meta property=\"og:description\" content=\"&quot;Pr\u00e4chtige Blumenpracht: Barocke Pfingstrosen auf Schwarz&quot; by Uta Naumann In diesem nostalgischen Gothic-Floraldesign sind \u00fcppige lachsfarbene Pfingstrosen und Rosen zu einem pr\u00e4chtigen Blumengesteck arrangiert. Diese \u00fcppigen Bl\u00fcten erstrahlen vor einem dunklen, geheimnisvollen Hintergrund und bilden einen atemberaubenden Kontrast, der die Sch\u00f6nheit der Blumen umso mehr hervorhebt. Das Arrangement strahlt puren Luxus und Vintage-Romantik aus, und [&hellip;]\" \/>\n<meta property=\"og:url\" content=\"https:\/\/www.raxxa.com\/it\/shop\/raxxa-premium-tischset-praechtige-blumenpracht-barocke-pfingstrosen-auf-schwarz\/\" \/>\n<meta property=\"og:site_name\" content=\"raxxa\" \/>\n<meta property=\"article:publisher\" content=\"https:\/\/facebook.com\/raxxacom\" \/>\n<meta property=\"article:modified_time\" content=\"2025-10-31T11:19:28+00:00\" \/>\n<meta property=\"og:image\" content=\"https:\/\/www.raxxa.com\/wp-content\/uploads\/2023\/10\/282_7392_Praechtige-Blumenpracht-Barocke-Pfingstrosen-auf-Schwarz-Uta-Naumann_tischset3.png\" \/>\n\t<meta property=\"og:image:width\" content=\"800\" \/>\n\t<meta property=\"og:image:height\" content=\"800\" \/>\n\t<meta property=\"og:image:type\" content=\"image\/png\" \/>\n<meta name=\"twitter:card\" content=\"summary_large_image\" \/>\n<meta name=\"twitter:label1\" content=\"Disponibilit\u00e0\" \/>\n\t<meta name=\"twitter:data1\" content=\"In stock\" \/>\n<script type=\"application\/ld+json\" class=\"yoast-schema-graph\">{\"@context\":\"https:\\\/\\\/schema.org\",\"@graph\":[{\"@type\":[\"WebPage\",\"ItemPage\"],\"@id\":\"https:\\\/\\\/www.raxxa.com\\\/shop\\\/raxxa-premium-tischset-praechtige-blumenpracht-barocke-pfingstrosen-auf-schwarz\\\/\",\"url\":\"https:\\\/\\\/www.raxxa.com\\\/shop\\\/raxxa-premium-tischset-praechtige-blumenpracht-barocke-pfingstrosen-auf-schwarz\\\/\",\"name\":\"raxxa Premium-Tischset: Pr\u00e4chtige Blumenpracht: Barocke Pfingstrosen auf Schwarz - raxxa\",\"isPartOf\":{\"@id\":\"https:\\\/\\\/www.raxxa.com\\\/#website\"},\"primaryImageOfPage\":{\"@id\":\"https:\\\/\\\/www.raxxa.com\\\/shop\\\/raxxa-premium-tischset-praechtige-blumenpracht-barocke-pfingstrosen-auf-schwarz\\\/#primaryimage\"},\"image\":{\"@id\":\"https:\\\/\\\/www.raxxa.com\\\/shop\\\/raxxa-premium-tischset-praechtige-blumenpracht-barocke-pfingstrosen-auf-schwarz\\\/#primaryimage\"},\"thumbnailUrl\":\"https:\\\/\\\/www.raxxa.com\\\/wp-content\\\/uploads\\\/2023\\\/10\\\/raxxa-Tischset-282-7392-6-Uta-Naumann-Prachtige-Blumenpracht-Barocke-Pfingstrosen-auf-Schwarz-25-1.jpg\",\"datePublished\":\"2023-10-07T14:07:32+00:00\",\"dateModified\":\"2025-10-31T11:19:28+00:00\",\"breadcrumb\":{\"@id\":\"https:\\\/\\\/www.raxxa.com\\\/shop\\\/raxxa-premium-tischset-praechtige-blumenpracht-barocke-pfingstrosen-auf-schwarz\\\/#breadcrumb\"},\"inLanguage\":\"it-IT\",\"potentialAction\":[{\"@type\":\"ReadAction\",\"target\":[\"https:\\\/\\\/www.raxxa.com\\\/shop\\\/raxxa-premium-tischset-praechtige-blumenpracht-barocke-pfingstrosen-auf-schwarz\\\/\"]}]},{\"@type\":\"ImageObject\",\"inLanguage\":\"it-IT\",\"@id\":\"https:\\\/\\\/www.raxxa.com\\\/shop\\\/raxxa-premium-tischset-praechtige-blumenpracht-barocke-pfingstrosen-auf-schwarz\\\/#primaryimage\",\"url\":\"https:\\\/\\\/www.raxxa.com\\\/wp-content\\\/uploads\\\/2023\\\/10\\\/raxxa-Tischset-282-7392-6-Uta-Naumann-Prachtige-Blumenpracht-Barocke-Pfingstrosen-auf-Schwarz-25-1.jpg\",\"contentUrl\":\"https:\\\/\\\/www.raxxa.com\\\/wp-content\\\/uploads\\\/2023\\\/10\\\/raxxa-Tischset-282-7392-6-Uta-Naumann-Prachtige-Blumenpracht-Barocke-Pfingstrosen-auf-Schwarz-25-1.jpg\",\"width\":1024,\"height\":1024},{\"@type\":\"BreadcrumbList\",\"@id\":\"https:\\\/\\\/www.raxxa.com\\\/shop\\\/raxxa-premium-tischset-praechtige-blumenpracht-barocke-pfingstrosen-auf-schwarz\\\/#breadcrumb\",\"itemListElement\":[{\"@type\":\"ListItem\",\"position\":1,\"name\":\"Startseite\",\"item\":\"https:\\\/\\\/www.raxxa.com\\\/\"},{\"@type\":\"ListItem\",\"position\":2,\"name\":\"Shop\",\"item\":\"https:\\\/\\\/www.raxxa.com\\\/it\\\/shop\\\/\"},{\"@type\":\"ListItem\",\"position\":3,\"name\":\"raxxa Premium-Tischset: Pr\u00e4chtige Blumenpracht: Barocke Pfingstrosen auf Schwarz\"}]},{\"@type\":\"WebSite\",\"@id\":\"https:\\\/\\\/www.raxxa.com\\\/#website\",\"url\":\"https:\\\/\\\/www.raxxa.com\\\/\",\"name\":\"raxxa\",\"description\":\"Einzigartige individuelle Produkte von unseren Designern\",\"publisher\":{\"@id\":\"https:\\\/\\\/www.raxxa.com\\\/#organization\"},\"potentialAction\":[{\"@type\":\"SearchAction\",\"target\":{\"@type\":\"EntryPoint\",\"urlTemplate\":\"https:\\\/\\\/www.raxxa.com\\\/?s={search_term_string}\"},\"query-input\":{\"@type\":\"PropertyValueSpecification\",\"valueRequired\":true,\"valueName\":\"search_term_string\"}}],\"inLanguage\":\"it-IT\"},{\"@type\":\"Organization\",\"@id\":\"https:\\\/\\\/www.raxxa.com\\\/#organization\",\"name\":\"raxxa\",\"url\":\"https:\\\/\\\/www.raxxa.com\\\/\",\"logo\":{\"@type\":\"ImageObject\",\"inLanguage\":\"it-IT\",\"@id\":\"https:\\\/\\\/www.raxxa.com\\\/#\\\/schema\\\/logo\\\/image\\\/\",\"url\":\"https:\\\/\\\/www.raxxa.com\\\/wp-content\\\/uploads\\\/2022\\\/07\\\/logo_v2.png\",\"contentUrl\":\"https:\\\/\\\/www.raxxa.com\\\/wp-content\\\/uploads\\\/2022\\\/07\\\/logo_v2.png\",\"width\":380,\"height\":382,\"caption\":\"raxxa\"},\"image\":{\"@id\":\"https:\\\/\\\/www.raxxa.com\\\/#\\\/schema\\\/logo\\\/image\\\/\"},\"sameAs\":[\"https:\\\/\\\/facebook.com\\\/raxxacom\"]}]}<\/script>\n<meta property=\"og:availability\" content=\"instock\" \/>\n<meta property=\"product:availability\" content=\"instock\" \/>\n<meta property=\"product:retailer_item_id\" content=\"1-6-7392-282\" \/>\n<meta property=\"product:condition\" content=\"new\" \/>\n<!-- \/ Yoast SEO Premium plugin. -->","yoast_head_json":{"title":"raxxa Tovaglietta Premium: Magnifico splendore floreale: peonie barocche su nero - raxxa","robots":{"index":"index","follow":"follow","max-snippet":"max-snippet:-1","max-image-preview":"max-image-preview:large","max-video-preview":"max-video-preview:-1"},"canonical":"https:\/\/www.raxxa.com\/it\/shop\/raxxa-premium-tischset-praechtige-blumenpracht-barocke-pfingstrosen-auf-schwarz\/","og_locale":"it_IT","og_type":"article","og_title":"raxxa Premium-Tischset: Pr\u00e4chtige Blumenpracht: Barocke Pfingstrosen auf Schwarz","og_description":"&quot;Pr\u00e4chtige Blumenpracht: Barocke Pfingstrosen auf Schwarz&quot; by Uta Naumann In diesem nostalgischen Gothic-Floraldesign sind \u00fcppige lachsfarbene Pfingstrosen und Rosen zu einem pr\u00e4chtigen Blumengesteck arrangiert. Diese \u00fcppigen Bl\u00fcten erstrahlen vor einem dunklen, geheimnisvollen Hintergrund und bilden einen atemberaubenden Kontrast, der die Sch\u00f6nheit der Blumen umso mehr hervorhebt. Das Arrangement strahlt puren Luxus und Vintage-Romantik aus, und [&hellip;]","og_url":"https:\/\/www.raxxa.com\/it\/shop\/raxxa-premium-tischset-praechtige-blumenpracht-barocke-pfingstrosen-auf-schwarz\/","og_site_name":"raxxa","article_publisher":"https:\/\/facebook.com\/raxxacom","article_modified_time":"2025-10-31T11:19:28+00:00","og_image":[{"width":800,"height":800,"url":"https:\/\/www.raxxa.com\/wp-content\/uploads\/2023\/10\/282_7392_Praechtige-Blumenpracht-Barocke-Pfingstrosen-auf-Schwarz-Uta-Naumann_tischset3.png","type":"image\/png"}],"twitter_card":"summary_large_image","twitter_misc":{"Disponibilit\u00e0":"In stock"},"schema":{"@context":"https:\/\/schema.org","@graph":[{"@type":["WebPage","ItemPage"],"@id":"https:\/\/www.raxxa.com\/shop\/raxxa-premium-tischset-praechtige-blumenpracht-barocke-pfingstrosen-auf-schwarz\/","url":"https:\/\/www.raxxa.com\/shop\/raxxa-premium-tischset-praechtige-blumenpracht-barocke-pfingstrosen-auf-schwarz\/","name":"raxxa Tovaglietta Premium: Magnifico splendore floreale: peonie barocche su nero - raxxa","isPartOf":{"@id":"https:\/\/www.raxxa.com\/#website"},"primaryImageOfPage":{"@id":"https:\/\/www.raxxa.com\/shop\/raxxa-premium-tischset-praechtige-blumenpracht-barocke-pfingstrosen-auf-schwarz\/#primaryimage"},"image":{"@id":"https:\/\/www.raxxa.com\/shop\/raxxa-premium-tischset-praechtige-blumenpracht-barocke-pfingstrosen-auf-schwarz\/#primaryimage"},"thumbnailUrl":"https:\/\/www.raxxa.com\/wp-content\/uploads\/2023\/10\/raxxa-Tischset-282-7392-6-Uta-Naumann-Prachtige-Blumenpracht-Barocke-Pfingstrosen-auf-Schwarz-25-1.jpg","datePublished":"2023-10-07T14:07:32+00:00","dateModified":"2025-10-31T11:19:28+00:00","breadcrumb":{"@id":"https:\/\/www.raxxa.com\/shop\/raxxa-premium-tischset-praechtige-blumenpracht-barocke-pfingstrosen-auf-schwarz\/#breadcrumb"},"inLanguage":"it-IT","potentialAction":[{"@type":"ReadAction","target":["https:\/\/www.raxxa.com\/shop\/raxxa-premium-tischset-praechtige-blumenpracht-barocke-pfingstrosen-auf-schwarz\/"]}]},{"@type":"ImageObject","inLanguage":"it-IT","@id":"https:\/\/www.raxxa.com\/shop\/raxxa-premium-tischset-praechtige-blumenpracht-barocke-pfingstrosen-auf-schwarz\/#primaryimage","url":"https:\/\/www.raxxa.com\/wp-content\/uploads\/2023\/10\/raxxa-Tischset-282-7392-6-Uta-Naumann-Prachtige-Blumenpracht-Barocke-Pfingstrosen-auf-Schwarz-25-1.jpg","contentUrl":"https:\/\/www.raxxa.com\/wp-content\/uploads\/2023\/10\/raxxa-Tischset-282-7392-6-Uta-Naumann-Prachtige-Blumenpracht-Barocke-Pfingstrosen-auf-Schwarz-25-1.jpg","width":1024,"height":1024},{"@type":"BreadcrumbList","@id":"https:\/\/www.raxxa.com\/shop\/raxxa-premium-tischset-praechtige-blumenpracht-barocke-pfingstrosen-auf-schwarz\/#breadcrumb","itemListElement":[{"@type":"ListItem","position":1,"name":"Startseite","item":"https:\/\/www.raxxa.com\/"},{"@type":"ListItem","position":2,"name":"Shop","item":"https:\/\/www.raxxa.com\/it\/shop\/"},{"@type":"ListItem","position":3,"name":"raxxa Premium-Tischset: Pr\u00e4chtige Blumenpracht: Barocke Pfingstrosen auf Schwarz"}]},{"@type":"WebSite","@id":"https:\/\/www.raxxa.com\/#website","url":"https:\/\/www.raxxa.com\/","name":"raxxa","description":"Prodotti unici e personalizzati dei nostri designer","publisher":{"@id":"https:\/\/www.raxxa.com\/#organization"},"potentialAction":[{"@type":"SearchAction","target":{"@type":"EntryPoint","urlTemplate":"https:\/\/www.raxxa.com\/?s={search_term_string}"},"query-input":{"@type":"PropertyValueSpecification","valueRequired":true,"valueName":"search_term_string"}}],"inLanguage":"it-IT"},{"@type":"Organization","@id":"https:\/\/www.raxxa.com\/#organization","name":"raxxa","url":"https:\/\/www.raxxa.com\/","logo":{"@type":"ImageObject","inLanguage":"it-IT","@id":"https:\/\/www.raxxa.com\/#\/schema\/logo\/image\/","url":"https:\/\/www.raxxa.com\/wp-content\/uploads\/2022\/07\/logo_v2.png","contentUrl":"https:\/\/www.raxxa.com\/wp-content\/uploads\/2022\/07\/logo_v2.png","width":380,"height":382,"caption":"raxxa"},"image":{"@id":"https:\/\/www.raxxa.com\/#\/schema\/logo\/image\/"},"sameAs":["https:\/\/facebook.com\/raxxacom"]}]},"og_availability":"instock","product_availability":"instock","product_retailer_item_id":"1-6-7392-282","product_condition":"new"},"jetpack_sharing_enabled":true,"_links":{"self":[{"href":"https:\/\/www.raxxa.com\/it\/wp-json\/wp\/v2\/product\/171255","targetHints":{"allow":["GET"]}}],"collection":[{"href":"https:\/\/www.raxxa.com\/it\/wp-json\/wp\/v2\/product"}],"about":[{"href":"https:\/\/www.raxxa.com\/it\/wp-json\/wp\/v2\/types\/product"}],"replies":[{"embeddable":true,"href":"https:\/\/www.raxxa.com\/it\/wp-json\/wp\/v2\/comments?post=171255"}],"wp:featuredmedia":[{"embeddable":true,"href":"https:\/\/www.raxxa.com\/it\/wp-json\/wp\/v2\/media\/246945"}],"wp:attachment":[{"href":"https:\/\/www.raxxa.com\/it\/wp-json\/wp\/v2\/media?parent=171255"}],"wp:term":[{"taxonomy":"product_brand","embeddable":true,"href":"https:\/\/www.raxxa.com\/it\/wp-json\/wp\/v2\/product_brand?post=171255"},{"taxonomy":"product_cat","embeddable":true,"href":"https:\/\/www.raxxa.com\/it\/wp-json\/wp\/v2\/product_cat?post=171255"},{"taxonomy":"product_tag","embeddable":true,"href":"https:\/\/www.raxxa.com\/it\/wp-json\/wp\/v2\/product_tag?post=171255"}],"curies":[{"name":"wp","href":"https:\/\/api.w.org\/{rel}","templated":true}]}}