{"id":171216,"date":"2023-10-07T16:01:32","date_gmt":"2023-10-07T14:01:32","guid":{"rendered":"https:\/\/www.raxxa.com\/?post_type=product&#038;p=171216"},"modified":"2025-10-31T12:25:57","modified_gmt":"2025-10-31T10:25:57","slug":"raxxa-premium-tischset-fliesen-aus-dem-sueden-sonnendurchflutete-eleganz","status":"publish","type":"product","link":"https:\/\/www.raxxa.com\/it\/shop\/raxxa-premium-tischset-fliesen-aus-dem-sueden-sonnendurchflutete-eleganz\/","title":{"rendered":"Set da tavola raxxa premium: Piastrelle dal sud: eleganza solare"},"content":{"rendered":"<h3><strong>\"Piastrelle del sud: eleganza solare\" di Uta Naumann<\/strong><\/h3>\n<p><strong><\/strong><\/p>\n<p>Questo nostalgico motivo di piastrelle in blu, marrone e bianco vi trasporta direttamente nei sogni dell'estate mediterranea. Ispirato all'estetica spagnola e italiana, evoca ricordi di vacanze rilassanti in una lussuosa finca. I classici motivi blu ricordano l'azzurro del mare e del cielo, mentre gli accenti bianchi conferiscono un'eleganza senza tempo. Questo motivo emana il fascino dei tempi passati ed evoca sensazioni romantiche di destinazioni di vacanza mediterranee baciate dal sole.<\/p>\n<p>&nbsp;<\/p>\nRavvivate la vostra sala da pranzo con le tovagliette in vinile colorate dei nostri artisti! Queste tovagliette stampate su un solo lato sono realizzate in materiale resistente e sono perfette per aggiungere un tocco di colore alla vostra tavola. Misurano 40 x 30 cm e sono della misura giusta per qualsiasi stoviglia. Abbelliscono i vostri pasti con stile e praticit\u00e0!<br><br>Note sul materiale:<br><ul><li>40 x 30 cm.<\/li><li>spessore di circa 1,6 mm.<\/li><li>Vinile.<\/li><li>Pulire con un panno umido, non adatto alla lavastoviglie.<\/li><li>Prodotto in Germania.<\/li><\/ul>","protected":false},"excerpt":{"rendered":"<p>&quot;Fliesen aus dem S\u00fcden: Sonnendurchflutete Eleganz&quot; by Uta Naumann Dies nostalgische Kachelmuster in Blau Braun und Wei\u00df entf\u00fchrt Sie direkt in mediterrane Sommertr\u00e4ume. Inspiriert von spanischer und italienischer \u00c4sthetik, erweckt es Erinnerungen an entspannte Ferien auf einer luxuri\u00f6sen Finca. Die klassischen blauen Muster erinnern an das azurblaue Meer und den strahlend blauen Himmel, w\u00e4hrend die [&hellip;]<\/p>\n","protected":false},"featured_media":246807,"comment_status":"open","ping_status":"closed","template":"","meta":[],"product_brand":[],"product_cat":[136,11218,11051],"product_tag":[11254],"class_list":{"0":"post-171216","1":"product","2":"type-product","3":"status-publish","4":"has-post-thumbnail","6":"product_cat-natur","7":"product_cat-uta-naumann","8":"product_cat-tischset","9":"product_tag-fliesen-trend-mediterran-antik-vintage-exotisch-tropisch-spanisch-italienisch-garten-sommer-marrokanisch-kacheln-blau-weiss-braun-nostalgie-nostalgisch-nostalgia-ornament-geometrisch","10":"product_shipping_class-versand-tischset","12":"first","13":"instock","14":"taxable","15":"shipping-taxable","16":"purchasable","17":"product-type-variable"},"yoast_head":"<!-- This site is optimized with the Yoast SEO Premium plugin v27.3 (Yoast SEO v27.3) - https:\/\/yoast.com\/product\/yoast-seo-premium-wordpress\/ -->\n<title>raxxa Premium-Tischset: Fliesen aus dem S\u00fcden: Sonnendurchflutete Eleganz - raxxa<\/title>\n<meta name=\"robots\" content=\"index, follow, max-snippet:-1, max-image-preview:large, max-video-preview:-1\" \/>\n<link rel=\"canonical\" href=\"https:\/\/www.raxxa.com\/it\/shop\/raxxa-premium-tischset-fliesen-aus-dem-sueden-sonnendurchflutete-eleganz\/\" \/>\n<meta property=\"og:locale\" content=\"it_IT\" \/>\n<meta property=\"og:type\" content=\"article\" \/>\n<meta property=\"og:title\" content=\"raxxa Premium-Tischset: Fliesen aus dem S\u00fcden: Sonnendurchflutete Eleganz\" \/>\n<meta property=\"og:description\" content=\"&quot;Fliesen aus dem S\u00fcden: Sonnendurchflutete Eleganz&quot; by Uta Naumann Dies nostalgische Kachelmuster in Blau Braun und Wei\u00df entf\u00fchrt Sie direkt in mediterrane Sommertr\u00e4ume. Inspiriert von spanischer und italienischer \u00c4sthetik, erweckt es Erinnerungen an entspannte Ferien auf einer luxuri\u00f6sen Finca. Die klassischen blauen Muster erinnern an das azurblaue Meer und den strahlend blauen Himmel, w\u00e4hrend die [&hellip;]\" \/>\n<meta property=\"og:url\" content=\"https:\/\/www.raxxa.com\/it\/shop\/raxxa-premium-tischset-fliesen-aus-dem-sueden-sonnendurchflutete-eleganz\/\" \/>\n<meta property=\"og:site_name\" content=\"raxxa\" \/>\n<meta property=\"article:publisher\" content=\"https:\/\/facebook.com\/raxxacom\" \/>\n<meta property=\"article:modified_time\" content=\"2025-10-31T10:25:57+00:00\" \/>\n<meta property=\"og:image\" content=\"https:\/\/www.raxxa.com\/wp-content\/uploads\/2023\/10\/282_7367_Fliesen-aus-dem-Sueden-Sonnendurchflutete-Eleganz-Uta-Naumann_tischset3.png\" \/>\n\t<meta property=\"og:image:width\" content=\"800\" \/>\n\t<meta property=\"og:image:height\" content=\"800\" \/>\n\t<meta property=\"og:image:type\" content=\"image\/png\" \/>\n<meta name=\"twitter:card\" content=\"summary_large_image\" \/>\n<meta name=\"twitter:label1\" content=\"Disponibilit\u00e0\" \/>\n\t<meta name=\"twitter:data1\" content=\"In stock\" \/>\n<script type=\"application\/ld+json\" class=\"yoast-schema-graph\">{\"@context\":\"https:\\\/\\\/schema.org\",\"@graph\":[{\"@type\":[\"WebPage\",\"ItemPage\"],\"@id\":\"https:\\\/\\\/www.raxxa.com\\\/shop\\\/raxxa-premium-tischset-fliesen-aus-dem-sueden-sonnendurchflutete-eleganz\\\/\",\"url\":\"https:\\\/\\\/www.raxxa.com\\\/shop\\\/raxxa-premium-tischset-fliesen-aus-dem-sueden-sonnendurchflutete-eleganz\\\/\",\"name\":\"raxxa Premium-Tischset: Fliesen aus dem S\u00fcden: Sonnendurchflutete Eleganz - raxxa\",\"isPartOf\":{\"@id\":\"https:\\\/\\\/www.raxxa.com\\\/#website\"},\"primaryImageOfPage\":{\"@id\":\"https:\\\/\\\/www.raxxa.com\\\/shop\\\/raxxa-premium-tischset-fliesen-aus-dem-sueden-sonnendurchflutete-eleganz\\\/#primaryimage\"},\"image\":{\"@id\":\"https:\\\/\\\/www.raxxa.com\\\/shop\\\/raxxa-premium-tischset-fliesen-aus-dem-sueden-sonnendurchflutete-eleganz\\\/#primaryimage\"},\"thumbnailUrl\":\"https:\\\/\\\/www.raxxa.com\\\/wp-content\\\/uploads\\\/2023\\\/10\\\/raxxa-Tischset-282-7367-6-Uta-Naumann-Fliesen-aus-dem-Sueden-Sonnendurchflutete-Eleganz-30-1.jpg\",\"datePublished\":\"2023-10-07T14:01:32+00:00\",\"dateModified\":\"2025-10-31T10:25:57+00:00\",\"breadcrumb\":{\"@id\":\"https:\\\/\\\/www.raxxa.com\\\/shop\\\/raxxa-premium-tischset-fliesen-aus-dem-sueden-sonnendurchflutete-eleganz\\\/#breadcrumb\"},\"inLanguage\":\"it-IT\",\"potentialAction\":[{\"@type\":\"ReadAction\",\"target\":[\"https:\\\/\\\/www.raxxa.com\\\/shop\\\/raxxa-premium-tischset-fliesen-aus-dem-sueden-sonnendurchflutete-eleganz\\\/\"]}]},{\"@type\":\"ImageObject\",\"inLanguage\":\"it-IT\",\"@id\":\"https:\\\/\\\/www.raxxa.com\\\/shop\\\/raxxa-premium-tischset-fliesen-aus-dem-sueden-sonnendurchflutete-eleganz\\\/#primaryimage\",\"url\":\"https:\\\/\\\/www.raxxa.com\\\/wp-content\\\/uploads\\\/2023\\\/10\\\/raxxa-Tischset-282-7367-6-Uta-Naumann-Fliesen-aus-dem-Sueden-Sonnendurchflutete-Eleganz-30-1.jpg\",\"contentUrl\":\"https:\\\/\\\/www.raxxa.com\\\/wp-content\\\/uploads\\\/2023\\\/10\\\/raxxa-Tischset-282-7367-6-Uta-Naumann-Fliesen-aus-dem-Sueden-Sonnendurchflutete-Eleganz-30-1.jpg\",\"width\":1024,\"height\":1024},{\"@type\":\"BreadcrumbList\",\"@id\":\"https:\\\/\\\/www.raxxa.com\\\/shop\\\/raxxa-premium-tischset-fliesen-aus-dem-sueden-sonnendurchflutete-eleganz\\\/#breadcrumb\",\"itemListElement\":[{\"@type\":\"ListItem\",\"position\":1,\"name\":\"Startseite\",\"item\":\"https:\\\/\\\/www.raxxa.com\\\/\"},{\"@type\":\"ListItem\",\"position\":2,\"name\":\"Shop\",\"item\":\"https:\\\/\\\/www.raxxa.com\\\/it\\\/shop\\\/\"},{\"@type\":\"ListItem\",\"position\":3,\"name\":\"raxxa Premium-Tischset: Fliesen aus dem S\u00fcden: Sonnendurchflutete Eleganz\"}]},{\"@type\":\"WebSite\",\"@id\":\"https:\\\/\\\/www.raxxa.com\\\/#website\",\"url\":\"https:\\\/\\\/www.raxxa.com\\\/\",\"name\":\"raxxa\",\"description\":\"Einzigartige individuelle Produkte von unseren Designern\",\"publisher\":{\"@id\":\"https:\\\/\\\/www.raxxa.com\\\/#organization\"},\"potentialAction\":[{\"@type\":\"SearchAction\",\"target\":{\"@type\":\"EntryPoint\",\"urlTemplate\":\"https:\\\/\\\/www.raxxa.com\\\/?s={search_term_string}\"},\"query-input\":{\"@type\":\"PropertyValueSpecification\",\"valueRequired\":true,\"valueName\":\"search_term_string\"}}],\"inLanguage\":\"it-IT\"},{\"@type\":\"Organization\",\"@id\":\"https:\\\/\\\/www.raxxa.com\\\/#organization\",\"name\":\"raxxa\",\"url\":\"https:\\\/\\\/www.raxxa.com\\\/\",\"logo\":{\"@type\":\"ImageObject\",\"inLanguage\":\"it-IT\",\"@id\":\"https:\\\/\\\/www.raxxa.com\\\/#\\\/schema\\\/logo\\\/image\\\/\",\"url\":\"https:\\\/\\\/www.raxxa.com\\\/wp-content\\\/uploads\\\/2022\\\/07\\\/logo_v2.png\",\"contentUrl\":\"https:\\\/\\\/www.raxxa.com\\\/wp-content\\\/uploads\\\/2022\\\/07\\\/logo_v2.png\",\"width\":380,\"height\":382,\"caption\":\"raxxa\"},\"image\":{\"@id\":\"https:\\\/\\\/www.raxxa.com\\\/#\\\/schema\\\/logo\\\/image\\\/\"},\"sameAs\":[\"https:\\\/\\\/facebook.com\\\/raxxacom\"]}]}<\/script>\n<meta property=\"og:availability\" content=\"instock\" \/>\n<meta property=\"product:availability\" content=\"instock\" \/>\n<meta property=\"product:retailer_item_id\" content=\"1-6-7367-282\" \/>\n<meta property=\"product:condition\" content=\"new\" \/>\n<!-- \/ Yoast SEO Premium plugin. -->","yoast_head_json":{"title":"Set da tavola premium raxxa: Piastrelle dal sud: eleganza solare - raxxa","robots":{"index":"index","follow":"follow","max-snippet":"max-snippet:-1","max-image-preview":"max-image-preview:large","max-video-preview":"max-video-preview:-1"},"canonical":"https:\/\/www.raxxa.com\/it\/shop\/raxxa-premium-tischset-fliesen-aus-dem-sueden-sonnendurchflutete-eleganz\/","og_locale":"it_IT","og_type":"article","og_title":"raxxa Premium-Tischset: Fliesen aus dem S\u00fcden: Sonnendurchflutete Eleganz","og_description":"&quot;Fliesen aus dem S\u00fcden: Sonnendurchflutete Eleganz&quot; by Uta Naumann Dies nostalgische Kachelmuster in Blau Braun und Wei\u00df entf\u00fchrt Sie direkt in mediterrane Sommertr\u00e4ume. Inspiriert von spanischer und italienischer \u00c4sthetik, erweckt es Erinnerungen an entspannte Ferien auf einer luxuri\u00f6sen Finca. Die klassischen blauen Muster erinnern an das azurblaue Meer und den strahlend blauen Himmel, w\u00e4hrend die [&hellip;]","og_url":"https:\/\/www.raxxa.com\/it\/shop\/raxxa-premium-tischset-fliesen-aus-dem-sueden-sonnendurchflutete-eleganz\/","og_site_name":"raxxa","article_publisher":"https:\/\/facebook.com\/raxxacom","article_modified_time":"2025-10-31T10:25:57+00:00","og_image":[{"width":800,"height":800,"url":"https:\/\/www.raxxa.com\/wp-content\/uploads\/2023\/10\/282_7367_Fliesen-aus-dem-Sueden-Sonnendurchflutete-Eleganz-Uta-Naumann_tischset3.png","type":"image\/png"}],"twitter_card":"summary_large_image","twitter_misc":{"Disponibilit\u00e0":"In stock"},"schema":{"@context":"https:\/\/schema.org","@graph":[{"@type":["WebPage","ItemPage"],"@id":"https:\/\/www.raxxa.com\/shop\/raxxa-premium-tischset-fliesen-aus-dem-sueden-sonnendurchflutete-eleganz\/","url":"https:\/\/www.raxxa.com\/shop\/raxxa-premium-tischset-fliesen-aus-dem-sueden-sonnendurchflutete-eleganz\/","name":"Set da tavola premium raxxa: Piastrelle dal sud: eleganza solare - raxxa","isPartOf":{"@id":"https:\/\/www.raxxa.com\/#website"},"primaryImageOfPage":{"@id":"https:\/\/www.raxxa.com\/shop\/raxxa-premium-tischset-fliesen-aus-dem-sueden-sonnendurchflutete-eleganz\/#primaryimage"},"image":{"@id":"https:\/\/www.raxxa.com\/shop\/raxxa-premium-tischset-fliesen-aus-dem-sueden-sonnendurchflutete-eleganz\/#primaryimage"},"thumbnailUrl":"https:\/\/www.raxxa.com\/wp-content\/uploads\/2023\/10\/raxxa-Tischset-282-7367-6-Uta-Naumann-Fliesen-aus-dem-Sueden-Sonnendurchflutete-Eleganz-30-1.jpg","datePublished":"2023-10-07T14:01:32+00:00","dateModified":"2025-10-31T10:25:57+00:00","breadcrumb":{"@id":"https:\/\/www.raxxa.com\/shop\/raxxa-premium-tischset-fliesen-aus-dem-sueden-sonnendurchflutete-eleganz\/#breadcrumb"},"inLanguage":"it-IT","potentialAction":[{"@type":"ReadAction","target":["https:\/\/www.raxxa.com\/shop\/raxxa-premium-tischset-fliesen-aus-dem-sueden-sonnendurchflutete-eleganz\/"]}]},{"@type":"ImageObject","inLanguage":"it-IT","@id":"https:\/\/www.raxxa.com\/shop\/raxxa-premium-tischset-fliesen-aus-dem-sueden-sonnendurchflutete-eleganz\/#primaryimage","url":"https:\/\/www.raxxa.com\/wp-content\/uploads\/2023\/10\/raxxa-Tischset-282-7367-6-Uta-Naumann-Fliesen-aus-dem-Sueden-Sonnendurchflutete-Eleganz-30-1.jpg","contentUrl":"https:\/\/www.raxxa.com\/wp-content\/uploads\/2023\/10\/raxxa-Tischset-282-7367-6-Uta-Naumann-Fliesen-aus-dem-Sueden-Sonnendurchflutete-Eleganz-30-1.jpg","width":1024,"height":1024},{"@type":"BreadcrumbList","@id":"https:\/\/www.raxxa.com\/shop\/raxxa-premium-tischset-fliesen-aus-dem-sueden-sonnendurchflutete-eleganz\/#breadcrumb","itemListElement":[{"@type":"ListItem","position":1,"name":"Startseite","item":"https:\/\/www.raxxa.com\/"},{"@type":"ListItem","position":2,"name":"Shop","item":"https:\/\/www.raxxa.com\/it\/shop\/"},{"@type":"ListItem","position":3,"name":"raxxa Premium-Tischset: Fliesen aus dem S\u00fcden: Sonnendurchflutete Eleganz"}]},{"@type":"WebSite","@id":"https:\/\/www.raxxa.com\/#website","url":"https:\/\/www.raxxa.com\/","name":"raxxa","description":"Prodotti unici e personalizzati dei nostri designer","publisher":{"@id":"https:\/\/www.raxxa.com\/#organization"},"potentialAction":[{"@type":"SearchAction","target":{"@type":"EntryPoint","urlTemplate":"https:\/\/www.raxxa.com\/?s={search_term_string}"},"query-input":{"@type":"PropertyValueSpecification","valueRequired":true,"valueName":"search_term_string"}}],"inLanguage":"it-IT"},{"@type":"Organization","@id":"https:\/\/www.raxxa.com\/#organization","name":"raxxa","url":"https:\/\/www.raxxa.com\/","logo":{"@type":"ImageObject","inLanguage":"it-IT","@id":"https:\/\/www.raxxa.com\/#\/schema\/logo\/image\/","url":"https:\/\/www.raxxa.com\/wp-content\/uploads\/2022\/07\/logo_v2.png","contentUrl":"https:\/\/www.raxxa.com\/wp-content\/uploads\/2022\/07\/logo_v2.png","width":380,"height":382,"caption":"raxxa"},"image":{"@id":"https:\/\/www.raxxa.com\/#\/schema\/logo\/image\/"},"sameAs":["https:\/\/facebook.com\/raxxacom"]}]},"og_availability":"instock","product_availability":"instock","product_retailer_item_id":"1-6-7367-282","product_condition":"new"},"jetpack_sharing_enabled":true,"_links":{"self":[{"href":"https:\/\/www.raxxa.com\/it\/wp-json\/wp\/v2\/product\/171216","targetHints":{"allow":["GET"]}}],"collection":[{"href":"https:\/\/www.raxxa.com\/it\/wp-json\/wp\/v2\/product"}],"about":[{"href":"https:\/\/www.raxxa.com\/it\/wp-json\/wp\/v2\/types\/product"}],"replies":[{"embeddable":true,"href":"https:\/\/www.raxxa.com\/it\/wp-json\/wp\/v2\/comments?post=171216"}],"wp:featuredmedia":[{"embeddable":true,"href":"https:\/\/www.raxxa.com\/it\/wp-json\/wp\/v2\/media\/246807"}],"wp:attachment":[{"href":"https:\/\/www.raxxa.com\/it\/wp-json\/wp\/v2\/media?parent=171216"}],"wp:term":[{"taxonomy":"product_brand","embeddable":true,"href":"https:\/\/www.raxxa.com\/it\/wp-json\/wp\/v2\/product_brand?post=171216"},{"taxonomy":"product_cat","embeddable":true,"href":"https:\/\/www.raxxa.com\/it\/wp-json\/wp\/v2\/product_cat?post=171216"},{"taxonomy":"product_tag","embeddable":true,"href":"https:\/\/www.raxxa.com\/it\/wp-json\/wp\/v2\/product_tag?post=171216"}],"curies":[{"name":"wp","href":"https:\/\/api.w.org\/{rel}","templated":true}]}}