{"id":170857,"date":"2023-10-03T14:49:57","date_gmt":"2023-10-03T12:49:57","guid":{"rendered":"https:\/\/www.raxxa.com\/?post_type=product&#038;p=170857"},"modified":"2025-10-31T11:06:55","modified_gmt":"2025-10-31T09:06:55","slug":"raxxa-premium-tischset-nostalgischer-tukan","status":"publish","type":"product","link":"https:\/\/www.raxxa.com\/it\/shop\/raxxa-premium-tischset-nostalgischer-tukan\/","title":{"rendered":"tovaglietta premium raxxa: giungla nostalgica di tucani"},"content":{"rendered":"<h3><strong>\"Giungla nostalgica di tucani\" di Uta Naumann<\/strong><\/h3>\n<p><strong><\/strong><\/p>\n<p>In questa illustrazione vintage, un colorato tucano d'epoca \u00e8 al centro della scena, circondato da una rigogliosa cornice di fiori, frutti e foglie antiche. Lo sfondo, di una tenue tonalit\u00e0 di verde, sottolinea l'atmosfera tropicale ed esotica della scena. Il piumaggio dei pappagalli \u00e8 ricco di toni vivaci e colorati e forma un contrasto sorprendente con il delicato sfondo pastello. Questa composizione trasporta l'osservatore in un'epoca passata di eleganza e nel fascino di lontani e lussureggianti paradisi tropicali. I dettagli intricati e la palette di colori vivaci rendono questa illustrazione un'istantanea accattivante della bellezza della natura.<\/p>\n<p>&nbsp;<\/p>\nRavvivate la vostra sala da pranzo con le tovagliette in vinile colorate dei nostri artisti! Queste tovagliette stampate su un solo lato sono realizzate in materiale resistente e sono perfette per aggiungere un tocco di colore alla vostra tavola. Misurano 40 x 30 cm e sono della misura giusta per qualsiasi stoviglia. Abbelliscono i vostri pasti con stile e praticit\u00e0!<br><br>Note sul materiale:<br><ul><li>40 x 30 cm.<\/li><li>spessore di circa 1,6 mm.<\/li><li>Vinile.<\/li><li>Pulire con un panno umido, non adatto alla lavastoviglie.<\/li><li>Prodotto in Germania.<\/li><\/ul>","protected":false},"excerpt":{"rendered":"<p>&quot;Nostalgischer Tukan Dschungel&quot; by Uta Naumann In dieser Vintage-Illustration steht ein farbenfroher vintage Tukan im Mittelpunkt, umgeben von einem \u00fcppigen Rahmen aus antiken Blumen Fr\u00fcchten und Bl\u00e4ttern. Der Hintergrund, ein sanfter Gr\u00fcnton, unterstreicht das tropische und exotische Ambiente der Szene. Das Gefieder der Papageien strotzt vor \u00fcppigen, farbenfrohen T\u00f6nen und bildet einen auff\u00e4lligen Kontrast zu [&hellip;]<\/p>\n","protected":false},"featured_media":246436,"comment_status":"open","ping_status":"closed","template":"","meta":[],"product_brand":[],"product_cat":[136,11218,11051],"product_tag":[],"class_list":{"0":"post-170857","1":"product","2":"type-product","3":"status-publish","4":"has-post-thumbnail","6":"product_cat-natur","7":"product_cat-uta-naumann","8":"product_cat-tischset","9":"product_shipping_class-versand-tischset","11":"first","12":"instock","13":"taxable","14":"shipping-taxable","15":"purchasable","16":"product-type-variable"},"yoast_head":"<!-- This site is optimized with the Yoast SEO Premium plugin v27.2 (Yoast SEO v27.3) - https:\/\/yoast.com\/product\/yoast-seo-premium-wordpress\/ -->\n<title>raxxa Premium-Tischset: Nostalgischer Tukan Dschungel - raxxa<\/title>\n<meta name=\"robots\" content=\"index, follow, max-snippet:-1, max-image-preview:large, max-video-preview:-1\" \/>\n<link rel=\"canonical\" href=\"https:\/\/www.raxxa.com\/it\/shop\/raxxa-premium-tischset-nostalgischer-tukan\/\" \/>\n<meta property=\"og:locale\" content=\"it_IT\" \/>\n<meta property=\"og:type\" content=\"article\" \/>\n<meta property=\"og:title\" content=\"raxxa Premium-Tischset: Nostalgischer Tukan Dschungel\" \/>\n<meta property=\"og:description\" content=\"&quot;Nostalgischer Tukan Dschungel&quot; by Uta Naumann In dieser Vintage-Illustration steht ein farbenfroher vintage Tukan im Mittelpunkt, umgeben von einem \u00fcppigen Rahmen aus antiken Blumen Fr\u00fcchten und Bl\u00e4ttern. Der Hintergrund, ein sanfter Gr\u00fcnton, unterstreicht das tropische und exotische Ambiente der Szene. Das Gefieder der Papageien strotzt vor \u00fcppigen, farbenfrohen T\u00f6nen und bildet einen auff\u00e4lligen Kontrast zu [&hellip;]\" \/>\n<meta property=\"og:url\" content=\"https:\/\/www.raxxa.com\/it\/shop\/raxxa-premium-tischset-nostalgischer-tukan\/\" \/>\n<meta property=\"og:site_name\" content=\"raxxa\" \/>\n<meta property=\"article:publisher\" content=\"https:\/\/facebook.com\/raxxacom\" \/>\n<meta property=\"article:modified_time\" content=\"2025-10-31T09:06:55+00:00\" \/>\n<meta property=\"og:image\" content=\"https:\/\/www.raxxa.com\/wp-content\/uploads\/2023\/10\/282_7317_Nostalgischer-Tukan-Dschungel-Uta-Naumann_tischset3.png\" \/>\n\t<meta property=\"og:image:width\" content=\"800\" \/>\n\t<meta property=\"og:image:height\" content=\"800\" \/>\n\t<meta property=\"og:image:type\" content=\"image\/png\" \/>\n<meta name=\"twitter:card\" content=\"summary_large_image\" \/>\n<meta name=\"twitter:label1\" content=\"Disponibilit\u00e0\" \/>\n\t<meta name=\"twitter:data1\" content=\"In stock\" \/>\n<script type=\"application\/ld+json\" class=\"yoast-schema-graph\">{\"@context\":\"https:\\\/\\\/schema.org\",\"@graph\":[{\"@type\":[\"WebPage\",\"ItemPage\"],\"@id\":\"https:\\\/\\\/www.raxxa.com\\\/shop\\\/raxxa-premium-tischset-nostalgischer-tukan\\\/\",\"url\":\"https:\\\/\\\/www.raxxa.com\\\/shop\\\/raxxa-premium-tischset-nostalgischer-tukan\\\/\",\"name\":\"raxxa Premium-Tischset: Nostalgischer Tukan Dschungel - raxxa\",\"isPartOf\":{\"@id\":\"https:\\\/\\\/www.raxxa.com\\\/#website\"},\"primaryImageOfPage\":{\"@id\":\"https:\\\/\\\/www.raxxa.com\\\/shop\\\/raxxa-premium-tischset-nostalgischer-tukan\\\/#primaryimage\"},\"image\":{\"@id\":\"https:\\\/\\\/www.raxxa.com\\\/shop\\\/raxxa-premium-tischset-nostalgischer-tukan\\\/#primaryimage\"},\"thumbnailUrl\":\"https:\\\/\\\/www.raxxa.com\\\/wp-content\\\/uploads\\\/2023\\\/10\\\/raxxa-Tischset-282-7317-6-Uta-Naumann-Nostalgischer-Tukan-Dschungel-15-1.jpg\",\"datePublished\":\"2023-10-03T12:49:57+00:00\",\"dateModified\":\"2025-10-31T09:06:55+00:00\",\"breadcrumb\":{\"@id\":\"https:\\\/\\\/www.raxxa.com\\\/shop\\\/raxxa-premium-tischset-nostalgischer-tukan\\\/#breadcrumb\"},\"inLanguage\":\"it-IT\",\"potentialAction\":[{\"@type\":\"ReadAction\",\"target\":[\"https:\\\/\\\/www.raxxa.com\\\/shop\\\/raxxa-premium-tischset-nostalgischer-tukan\\\/\"]}]},{\"@type\":\"ImageObject\",\"inLanguage\":\"it-IT\",\"@id\":\"https:\\\/\\\/www.raxxa.com\\\/shop\\\/raxxa-premium-tischset-nostalgischer-tukan\\\/#primaryimage\",\"url\":\"https:\\\/\\\/www.raxxa.com\\\/wp-content\\\/uploads\\\/2023\\\/10\\\/raxxa-Tischset-282-7317-6-Uta-Naumann-Nostalgischer-Tukan-Dschungel-15-1.jpg\",\"contentUrl\":\"https:\\\/\\\/www.raxxa.com\\\/wp-content\\\/uploads\\\/2023\\\/10\\\/raxxa-Tischset-282-7317-6-Uta-Naumann-Nostalgischer-Tukan-Dschungel-15-1.jpg\",\"width\":1456,\"height\":816},{\"@type\":\"BreadcrumbList\",\"@id\":\"https:\\\/\\\/www.raxxa.com\\\/shop\\\/raxxa-premium-tischset-nostalgischer-tukan\\\/#breadcrumb\",\"itemListElement\":[{\"@type\":\"ListItem\",\"position\":1,\"name\":\"Startseite\",\"item\":\"https:\\\/\\\/www.raxxa.com\\\/\"},{\"@type\":\"ListItem\",\"position\":2,\"name\":\"Shop\",\"item\":\"https:\\\/\\\/www.raxxa.com\\\/it\\\/shop\\\/\"},{\"@type\":\"ListItem\",\"position\":3,\"name\":\"raxxa Premium-Tischset: Nostalgischer Tukan Dschungel\"}]},{\"@type\":\"WebSite\",\"@id\":\"https:\\\/\\\/www.raxxa.com\\\/#website\",\"url\":\"https:\\\/\\\/www.raxxa.com\\\/\",\"name\":\"raxxa\",\"description\":\"Einzigartige individuelle Produkte von unseren Designern\",\"publisher\":{\"@id\":\"https:\\\/\\\/www.raxxa.com\\\/#organization\"},\"potentialAction\":[{\"@type\":\"SearchAction\",\"target\":{\"@type\":\"EntryPoint\",\"urlTemplate\":\"https:\\\/\\\/www.raxxa.com\\\/?s={search_term_string}\"},\"query-input\":{\"@type\":\"PropertyValueSpecification\",\"valueRequired\":true,\"valueName\":\"search_term_string\"}}],\"inLanguage\":\"it-IT\"},{\"@type\":\"Organization\",\"@id\":\"https:\\\/\\\/www.raxxa.com\\\/#organization\",\"name\":\"raxxa\",\"url\":\"https:\\\/\\\/www.raxxa.com\\\/\",\"logo\":{\"@type\":\"ImageObject\",\"inLanguage\":\"it-IT\",\"@id\":\"https:\\\/\\\/www.raxxa.com\\\/#\\\/schema\\\/logo\\\/image\\\/\",\"url\":\"https:\\\/\\\/www.raxxa.com\\\/wp-content\\\/uploads\\\/2022\\\/07\\\/logo_v2.png\",\"contentUrl\":\"https:\\\/\\\/www.raxxa.com\\\/wp-content\\\/uploads\\\/2022\\\/07\\\/logo_v2.png\",\"width\":380,\"height\":382,\"caption\":\"raxxa\"},\"image\":{\"@id\":\"https:\\\/\\\/www.raxxa.com\\\/#\\\/schema\\\/logo\\\/image\\\/\"},\"sameAs\":[\"https:\\\/\\\/facebook.com\\\/raxxacom\"]}]}<\/script>\n<meta property=\"og:availability\" content=\"instock\" \/>\n<meta property=\"product:availability\" content=\"instock\" \/>\n<meta property=\"product:retailer_item_id\" content=\"1-6-7317-282\" \/>\n<meta property=\"product:condition\" content=\"new\" \/>\n<!-- \/ Yoast SEO Premium plugin. -->","yoast_head_json":{"title":"raxxa Premium-Tischset: Nostalgischer Tukan Dschungel - raxxa","robots":{"index":"index","follow":"follow","max-snippet":"max-snippet:-1","max-image-preview":"max-image-preview:large","max-video-preview":"max-video-preview:-1"},"canonical":"https:\/\/www.raxxa.com\/it\/shop\/raxxa-premium-tischset-nostalgischer-tukan\/","og_locale":"it_IT","og_type":"article","og_title":"raxxa Premium-Tischset: Nostalgischer Tukan Dschungel","og_description":"&quot;Nostalgischer Tukan Dschungel&quot; by Uta Naumann In dieser Vintage-Illustration steht ein farbenfroher vintage Tukan im Mittelpunkt, umgeben von einem \u00fcppigen Rahmen aus antiken Blumen Fr\u00fcchten und Bl\u00e4ttern. Der Hintergrund, ein sanfter Gr\u00fcnton, unterstreicht das tropische und exotische Ambiente der Szene. Das Gefieder der Papageien strotzt vor \u00fcppigen, farbenfrohen T\u00f6nen und bildet einen auff\u00e4lligen Kontrast zu [&hellip;]","og_url":"https:\/\/www.raxxa.com\/it\/shop\/raxxa-premium-tischset-nostalgischer-tukan\/","og_site_name":"raxxa","article_publisher":"https:\/\/facebook.com\/raxxacom","article_modified_time":"2025-10-31T09:06:55+00:00","og_image":[{"width":800,"height":800,"url":"https:\/\/www.raxxa.com\/wp-content\/uploads\/2023\/10\/282_7317_Nostalgischer-Tukan-Dschungel-Uta-Naumann_tischset3.png","type":"image\/png"}],"twitter_card":"summary_large_image","twitter_misc":{"Disponibilit\u00e0":"In stock"},"schema":{"@context":"https:\/\/schema.org","@graph":[{"@type":["WebPage","ItemPage"],"@id":"https:\/\/www.raxxa.com\/shop\/raxxa-premium-tischset-nostalgischer-tukan\/","url":"https:\/\/www.raxxa.com\/shop\/raxxa-premium-tischset-nostalgischer-tukan\/","name":"raxxa Premium-Tischset: Nostalgischer Tukan Dschungel - raxxa","isPartOf":{"@id":"https:\/\/www.raxxa.com\/#website"},"primaryImageOfPage":{"@id":"https:\/\/www.raxxa.com\/shop\/raxxa-premium-tischset-nostalgischer-tukan\/#primaryimage"},"image":{"@id":"https:\/\/www.raxxa.com\/shop\/raxxa-premium-tischset-nostalgischer-tukan\/#primaryimage"},"thumbnailUrl":"https:\/\/www.raxxa.com\/wp-content\/uploads\/2023\/10\/raxxa-Tischset-282-7317-6-Uta-Naumann-Nostalgischer-Tukan-Dschungel-15-1.jpg","datePublished":"2023-10-03T12:49:57+00:00","dateModified":"2025-10-31T09:06:55+00:00","breadcrumb":{"@id":"https:\/\/www.raxxa.com\/shop\/raxxa-premium-tischset-nostalgischer-tukan\/#breadcrumb"},"inLanguage":"it-IT","potentialAction":[{"@type":"ReadAction","target":["https:\/\/www.raxxa.com\/shop\/raxxa-premium-tischset-nostalgischer-tukan\/"]}]},{"@type":"ImageObject","inLanguage":"it-IT","@id":"https:\/\/www.raxxa.com\/shop\/raxxa-premium-tischset-nostalgischer-tukan\/#primaryimage","url":"https:\/\/www.raxxa.com\/wp-content\/uploads\/2023\/10\/raxxa-Tischset-282-7317-6-Uta-Naumann-Nostalgischer-Tukan-Dschungel-15-1.jpg","contentUrl":"https:\/\/www.raxxa.com\/wp-content\/uploads\/2023\/10\/raxxa-Tischset-282-7317-6-Uta-Naumann-Nostalgischer-Tukan-Dschungel-15-1.jpg","width":1456,"height":816},{"@type":"BreadcrumbList","@id":"https:\/\/www.raxxa.com\/shop\/raxxa-premium-tischset-nostalgischer-tukan\/#breadcrumb","itemListElement":[{"@type":"ListItem","position":1,"name":"Startseite","item":"https:\/\/www.raxxa.com\/"},{"@type":"ListItem","position":2,"name":"Shop","item":"https:\/\/www.raxxa.com\/it\/shop\/"},{"@type":"ListItem","position":3,"name":"raxxa Premium-Tischset: Nostalgischer Tukan Dschungel"}]},{"@type":"WebSite","@id":"https:\/\/www.raxxa.com\/#website","url":"https:\/\/www.raxxa.com\/","name":"raxxa","description":"Prodotti unici e personalizzati dei nostri designer","publisher":{"@id":"https:\/\/www.raxxa.com\/#organization"},"potentialAction":[{"@type":"SearchAction","target":{"@type":"EntryPoint","urlTemplate":"https:\/\/www.raxxa.com\/?s={search_term_string}"},"query-input":{"@type":"PropertyValueSpecification","valueRequired":true,"valueName":"search_term_string"}}],"inLanguage":"it-IT"},{"@type":"Organization","@id":"https:\/\/www.raxxa.com\/#organization","name":"raxxa","url":"https:\/\/www.raxxa.com\/","logo":{"@type":"ImageObject","inLanguage":"it-IT","@id":"https:\/\/www.raxxa.com\/#\/schema\/logo\/image\/","url":"https:\/\/www.raxxa.com\/wp-content\/uploads\/2022\/07\/logo_v2.png","contentUrl":"https:\/\/www.raxxa.com\/wp-content\/uploads\/2022\/07\/logo_v2.png","width":380,"height":382,"caption":"raxxa"},"image":{"@id":"https:\/\/www.raxxa.com\/#\/schema\/logo\/image\/"},"sameAs":["https:\/\/facebook.com\/raxxacom"]}]},"og_availability":"instock","product_availability":"instock","product_retailer_item_id":"1-6-7317-282","product_condition":"new"},"jetpack_sharing_enabled":true,"_links":{"self":[{"href":"https:\/\/www.raxxa.com\/it\/wp-json\/wp\/v2\/product\/170857","targetHints":{"allow":["GET"]}}],"collection":[{"href":"https:\/\/www.raxxa.com\/it\/wp-json\/wp\/v2\/product"}],"about":[{"href":"https:\/\/www.raxxa.com\/it\/wp-json\/wp\/v2\/types\/product"}],"replies":[{"embeddable":true,"href":"https:\/\/www.raxxa.com\/it\/wp-json\/wp\/v2\/comments?post=170857"}],"wp:featuredmedia":[{"embeddable":true,"href":"https:\/\/www.raxxa.com\/it\/wp-json\/wp\/v2\/media\/246436"}],"wp:attachment":[{"href":"https:\/\/www.raxxa.com\/it\/wp-json\/wp\/v2\/media?parent=170857"}],"wp:term":[{"taxonomy":"product_brand","embeddable":true,"href":"https:\/\/www.raxxa.com\/it\/wp-json\/wp\/v2\/product_brand?post=170857"},{"taxonomy":"product_cat","embeddable":true,"href":"https:\/\/www.raxxa.com\/it\/wp-json\/wp\/v2\/product_cat?post=170857"},{"taxonomy":"product_tag","embeddable":true,"href":"https:\/\/www.raxxa.com\/it\/wp-json\/wp\/v2\/product_tag?post=170857"}],"curies":[{"name":"wp","href":"https:\/\/api.w.org\/{rel}","templated":true}]}}