{"id":168948,"date":"2023-09-22T17:59:48","date_gmt":"2023-09-22T15:59:48","guid":{"rendered":"https:\/\/www.raxxa.com\/shop\/raxxa-premium-puzzle-sonnenuntergang-mit-eisbl\/"},"modified":"2023-09-22T17:59:49","modified_gmt":"2023-09-22T15:59:49","slug":"raxxa-premium-puzzle-sonnenuntergang-mit-eisbl","status":"publish","type":"product","link":"https:\/\/www.raxxa.com\/it\/shop\/raxxa-premium-puzzle-sonnenuntergang-mit-eisbl\/","title":{"rendered":"puzzle di raxxa Premium: Tramonto con ghiaccio"},"content":{"rendered":"<p><span style=\"color: rgb(0, 0, 0); font-family: helvetica, sans-serif; font-size: 24px;\">puzzle fotografico premium raxxa<\/span><\/p>\n<div><span style=\"font-weight: bolder;color: rgb(0, 0, 0);\">\"Tramonto con Eisbl\" di Ralf Lehmann<\/span><\/div>\n<div><span style=\"font-weight: bolder;\"><br \/><\/span><\/div>\n<div><span style=\"font-size: 1rem;color: rgb(0, 0, 0);\">Blocchi di ghiaccio su una spiaggia con forti onde, il movimento dell'acqua \u00e8 visibile (lunga esposizione, tracce di movimento), il grande sole al tramonto porta colori rossastri nell'immagine, effetto di profondit\u00e0 attraverso la prospettiva - Localit\u00e0: Islanda, J\u00f6kulsarlon<\/span><\/div>\n<div><\/div>\n<p><\/p>\n<div>\n<ul class=\"list-normal\" style=\"margin-right: 0px; margin-left: 0px; padding: 0px 0px 0px 1rem; border: 0px; text-size-adjust: none; list-style: inside none square; line-height: 26px;\">\n<li style=\"color: rgb(51, 51, 51); font-family: Lato_Light, sans-serif; font-size: 14.4px; margin: 0px; padding: 0px; border: 0px; text-size-adjust: none;\">1000 pezzi = L 68 x H 48 cm, pezzi del puzzle circa 1,9 x 1,6 cm.<\/li>\n<li style=\"color: rgb(51, 51, 51); font-family: Lato_Light, sans-serif; font-size: 14.4px; margin: 0px; padding: 0px; border: 0px; text-size-adjust: none;\">Tavola puzzle premium blu con spessore di 1,9 mm. I pezzi del puzzle si incastrano perfettamente.<\/li>\n<li style=\"color: rgb(51, 51, 51); font-family: Lato_Light, sans-serif; font-size: 14.4px; margin: 0px; padding: 0px; border: 0px; text-size-adjust: none;\">Massima qualit\u00e0 di stampa HD per gradazioni di colore sottili e colori brillanti su cartoncino di alta qualit\u00e0 per una rappresentazione ottimale dei dettagli.<\/li>\n<li style=\"color: rgb(51, 51, 51); font-family: Lato_Light, sans-serif; font-size: 14.4px; margin: 0px; padding: 0px; border: 0px; text-size-adjust: none;\">Scatola con coperchio a scorrimento, carta di lino finemente goffrata con vernice protettiva a base d'acqua per una migliore durata della scatola.<\/li>\n<li style=\"color: rgb(51, 51, 51); font-family: Lato_Light, sans-serif; font-size: 14.4px; margin: 0px; padding: 0px; border: 0px; text-size-adjust: none;\">Produzione completamente neutrale dal punto di vista climatico, FSC<\/li>\n<li style=\"color: rgb(51, 51, 51); font-family: Lato_Light, sans-serif; font-size: 14.4px; margin: 0px; padding: 0px; border: 0px; text-size-adjust: none;\">Prodotto in Germania<\/li>\n<\/ul>\n<p><\/p>\n<p style=\"margin-right: 0px; margin-bottom: 0px; margin-left: 0px; padding: 0px; border: 0px; text-size-adjust: none;\"><\/p>\n<p style=\"margin-right: 0px; margin-bottom: 0px; margin-left: 0px; padding: 0px; border: 0px; text-size-adjust: none;\"><span style=\"font-size: 1rem;\">Un vero pezzo unico. Il motivo desiderato sar\u00e0 prodotto e spedito appositamente per voi solo dopo aver ricevuto l'ordine.<\/span><\/p>\n<p style=\"margin-right: 0px; margin-bottom: 0px; margin-left: 0px; padding: 0px; border: 0px; text-size-adjust: none;\"><span style=\"font-size: 1rem;\">Attenzione: pericolo di soffocamento a causa delle piccole parti che possono essere ingerite.<\/span><\/p>\n<\/div>","protected":false},"excerpt":{"rendered":"<p>raxxa Premium-Fotopuzzle &#8222;Sonnenuntergang mit Eisbl&#8220; by Ralf Lehmann Eisbl\u00f6cke an einem Strand mit starker Brandung, die Wasserbewegung ist zu sehen (Langzeitbelichtung, Bewegungsspuren), die gro\u00dfe untergehende Sonne bringt r\u00f6tliche Farbt\u00f6ne in das Bild, Tiefenwirkung durch Perspektive &#8211; Location: Island, J\u00f6kulsarlon 1000 Teile = B 68 x H 48 cm, Puzzleteile ca. 1,9 x 1,6 cm. Echte [&hellip;]<\/p>\n","protected":false},"featured_media":168946,"comment_status":"open","ping_status":"closed","template":"","meta":[],"product_brand":[],"product_cat":[10351,10365],"product_tag":[],"class_list":{"0":"post-168948","1":"product","2":"type-product","3":"status-publish","4":"has-post-thumbnail","6":"product_cat-ralf-lehmann","7":"product_cat-puzzle","8":"product_shipping_class-versand-puzzle","10":"first","11":"instock","12":"taxable","13":"shipping-taxable","14":"purchasable","15":"product-type-simple"},"yoast_head":"<!-- This site is optimized with the Yoast SEO Premium plugin v27.2 (Yoast SEO v27.3) - https:\/\/yoast.com\/product\/yoast-seo-premium-wordpress\/ -->\n<title>raxxa Premium-Puzzle: Sonnenuntergang mit Eisbl - raxxa<\/title>\n<meta name=\"robots\" content=\"index, follow, max-snippet:-1, max-image-preview:large, max-video-preview:-1\" \/>\n<link rel=\"canonical\" href=\"https:\/\/www.raxxa.com\/it\/shop\/raxxa-premium-puzzle-sonnenuntergang-mit-eisbl\/\" \/>\n<meta property=\"og:locale\" content=\"it_IT\" \/>\n<meta property=\"og:type\" content=\"article\" \/>\n<meta property=\"og:title\" content=\"raxxa Premium-Puzzle: Sonnenuntergang mit Eisbl\" \/>\n<meta property=\"og:description\" content=\"raxxa Premium-Fotopuzzle &#8222;Sonnenuntergang mit Eisbl&#8220; by Ralf Lehmann Eisbl\u00f6cke an einem Strand mit starker Brandung, die Wasserbewegung ist zu sehen (Langzeitbelichtung, Bewegungsspuren), die gro\u00dfe untergehende Sonne bringt r\u00f6tliche Farbt\u00f6ne in das Bild, Tiefenwirkung durch Perspektive &#8211; Location: Island, J\u00f6kulsarlon 1000 Teile = B 68 x H 48 cm, Puzzleteile ca. 1,9 x 1,6 cm. Echte [&hellip;]\" \/>\n<meta property=\"og:url\" content=\"https:\/\/www.raxxa.com\/it\/shop\/raxxa-premium-puzzle-sonnenuntergang-mit-eisbl\/\" \/>\n<meta property=\"og:site_name\" content=\"raxxa\" \/>\n<meta property=\"article:publisher\" content=\"https:\/\/facebook.com\/raxxacom\" \/>\n<meta property=\"article:modified_time\" content=\"2023-09-22T15:59:49+00:00\" \/>\n<meta property=\"og:image\" content=\"https:\/\/www.raxxa.com\/wp-content\/uploads\/2023\/09\/raxxa-puzzle-218-6870-Ralf-Lehmann-Sonnenuntergang-mit-Eisbl-box.png\" \/>\n\t<meta property=\"og:image:width\" content=\"1920\" \/>\n\t<meta property=\"og:image:height\" content=\"1400\" \/>\n\t<meta property=\"og:image:type\" content=\"image\/png\" \/>\n<meta name=\"twitter:card\" content=\"summary_large_image\" \/>\n<meta name=\"twitter:label1\" content=\"Prezzo\" \/>\n\t<meta name=\"twitter:data1\" content=\"&euro;29,99\" \/>\n\t<meta name=\"twitter:label2\" content=\"Disponibilit\u00e0\" \/>\n\t<meta name=\"twitter:data2\" content=\"In stock\" \/>\n<script type=\"application\/ld+json\" class=\"yoast-schema-graph\">{\"@context\":\"https:\\\/\\\/schema.org\",\"@graph\":[{\"@type\":[\"WebPage\",\"ItemPage\"],\"@id\":\"https:\\\/\\\/www.raxxa.com\\\/shop\\\/raxxa-premium-puzzle-sonnenuntergang-mit-eisbl\\\/\",\"url\":\"https:\\\/\\\/www.raxxa.com\\\/shop\\\/raxxa-premium-puzzle-sonnenuntergang-mit-eisbl\\\/\",\"name\":\"raxxa Premium-Puzzle: Sonnenuntergang mit Eisbl - raxxa\",\"isPartOf\":{\"@id\":\"https:\\\/\\\/www.raxxa.com\\\/#website\"},\"primaryImageOfPage\":{\"@id\":\"https:\\\/\\\/www.raxxa.com\\\/shop\\\/raxxa-premium-puzzle-sonnenuntergang-mit-eisbl\\\/#primaryimage\"},\"image\":{\"@id\":\"https:\\\/\\\/www.raxxa.com\\\/shop\\\/raxxa-premium-puzzle-sonnenuntergang-mit-eisbl\\\/#primaryimage\"},\"thumbnailUrl\":\"https:\\\/\\\/www.raxxa.com\\\/wp-content\\\/uploads\\\/2023\\\/09\\\/raxxa-puzzle-218-6870-Ralf-Lehmann-Sonnenuntergang-mit-Eisbl-box.png\",\"datePublished\":\"2023-09-22T15:59:48+00:00\",\"dateModified\":\"2023-09-22T15:59:49+00:00\",\"breadcrumb\":{\"@id\":\"https:\\\/\\\/www.raxxa.com\\\/shop\\\/raxxa-premium-puzzle-sonnenuntergang-mit-eisbl\\\/#breadcrumb\"},\"inLanguage\":\"it-IT\",\"potentialAction\":[{\"@type\":\"ReadAction\",\"target\":[\"https:\\\/\\\/www.raxxa.com\\\/shop\\\/raxxa-premium-puzzle-sonnenuntergang-mit-eisbl\\\/\"]}]},{\"@type\":\"ImageObject\",\"inLanguage\":\"it-IT\",\"@id\":\"https:\\\/\\\/www.raxxa.com\\\/shop\\\/raxxa-premium-puzzle-sonnenuntergang-mit-eisbl\\\/#primaryimage\",\"url\":\"https:\\\/\\\/www.raxxa.com\\\/wp-content\\\/uploads\\\/2023\\\/09\\\/raxxa-puzzle-218-6870-Ralf-Lehmann-Sonnenuntergang-mit-Eisbl-box.png\",\"contentUrl\":\"https:\\\/\\\/www.raxxa.com\\\/wp-content\\\/uploads\\\/2023\\\/09\\\/raxxa-puzzle-218-6870-Ralf-Lehmann-Sonnenuntergang-mit-Eisbl-box.png\",\"width\":1920,\"height\":1400},{\"@type\":\"BreadcrumbList\",\"@id\":\"https:\\\/\\\/www.raxxa.com\\\/shop\\\/raxxa-premium-puzzle-sonnenuntergang-mit-eisbl\\\/#breadcrumb\",\"itemListElement\":[{\"@type\":\"ListItem\",\"position\":1,\"name\":\"Startseite\",\"item\":\"https:\\\/\\\/www.raxxa.com\\\/\"},{\"@type\":\"ListItem\",\"position\":2,\"name\":\"Shop\",\"item\":\"https:\\\/\\\/www.raxxa.com\\\/it\\\/shop\\\/\"},{\"@type\":\"ListItem\",\"position\":3,\"name\":\"raxxa Premium-Puzzle: Sonnenuntergang mit Eisbl\"}]},{\"@type\":\"WebSite\",\"@id\":\"https:\\\/\\\/www.raxxa.com\\\/#website\",\"url\":\"https:\\\/\\\/www.raxxa.com\\\/\",\"name\":\"raxxa\",\"description\":\"Einzigartige individuelle Produkte von unseren Designern\",\"publisher\":{\"@id\":\"https:\\\/\\\/www.raxxa.com\\\/#organization\"},\"potentialAction\":[{\"@type\":\"SearchAction\",\"target\":{\"@type\":\"EntryPoint\",\"urlTemplate\":\"https:\\\/\\\/www.raxxa.com\\\/?s={search_term_string}\"},\"query-input\":{\"@type\":\"PropertyValueSpecification\",\"valueRequired\":true,\"valueName\":\"search_term_string\"}}],\"inLanguage\":\"it-IT\"},{\"@type\":\"Organization\",\"@id\":\"https:\\\/\\\/www.raxxa.com\\\/#organization\",\"name\":\"raxxa\",\"url\":\"https:\\\/\\\/www.raxxa.com\\\/\",\"logo\":{\"@type\":\"ImageObject\",\"inLanguage\":\"it-IT\",\"@id\":\"https:\\\/\\\/www.raxxa.com\\\/#\\\/schema\\\/logo\\\/image\\\/\",\"url\":\"https:\\\/\\\/www.raxxa.com\\\/wp-content\\\/uploads\\\/2022\\\/07\\\/logo_v2.png\",\"contentUrl\":\"https:\\\/\\\/www.raxxa.com\\\/wp-content\\\/uploads\\\/2022\\\/07\\\/logo_v2.png\",\"width\":380,\"height\":382,\"caption\":\"raxxa\"},\"image\":{\"@id\":\"https:\\\/\\\/www.raxxa.com\\\/#\\\/schema\\\/logo\\\/image\\\/\"},\"sameAs\":[\"https:\\\/\\\/facebook.com\\\/raxxacom\"]}]}<\/script>\n<meta property=\"product:price:amount\" content=\"29.99\" \/>\n<meta property=\"product:price:currency\" content=\"EUR\" \/>\n<meta property=\"og:availability\" content=\"instock\" \/>\n<meta property=\"product:availability\" content=\"instock\" \/>\n<meta property=\"product:retailer_item_id\" content=\"1-14270-6870-218\" \/>\n<meta property=\"product:condition\" content=\"new\" \/>\n<!-- \/ Yoast SEO Premium plugin. -->","yoast_head_json":{"title":"puzzle premium raxxa: Tramonto con ghiaccio bl - raxxa","robots":{"index":"index","follow":"follow","max-snippet":"max-snippet:-1","max-image-preview":"max-image-preview:large","max-video-preview":"max-video-preview:-1"},"canonical":"https:\/\/www.raxxa.com\/it\/shop\/raxxa-premium-puzzle-sonnenuntergang-mit-eisbl\/","og_locale":"it_IT","og_type":"article","og_title":"raxxa Premium-Puzzle: Sonnenuntergang mit Eisbl","og_description":"raxxa Premium-Fotopuzzle &#8222;Sonnenuntergang mit Eisbl&#8220; by Ralf Lehmann Eisbl\u00f6cke an einem Strand mit starker Brandung, die Wasserbewegung ist zu sehen (Langzeitbelichtung, Bewegungsspuren), die gro\u00dfe untergehende Sonne bringt r\u00f6tliche Farbt\u00f6ne in das Bild, Tiefenwirkung durch Perspektive &#8211; Location: Island, J\u00f6kulsarlon 1000 Teile = B 68 x H 48 cm, Puzzleteile ca. 1,9 x 1,6 cm. Echte [&hellip;]","og_url":"https:\/\/www.raxxa.com\/it\/shop\/raxxa-premium-puzzle-sonnenuntergang-mit-eisbl\/","og_site_name":"raxxa","article_publisher":"https:\/\/facebook.com\/raxxacom","article_modified_time":"2023-09-22T15:59:49+00:00","og_image":[{"width":1920,"height":1400,"url":"https:\/\/www.raxxa.com\/wp-content\/uploads\/2023\/09\/raxxa-puzzle-218-6870-Ralf-Lehmann-Sonnenuntergang-mit-Eisbl-box.png","type":"image\/png"}],"twitter_card":"summary_large_image","twitter_misc":{"Prezzo":"&euro;29,99","Disponibilit\u00e0":"In stock"},"schema":{"@context":"https:\/\/schema.org","@graph":[{"@type":["WebPage","ItemPage"],"@id":"https:\/\/www.raxxa.com\/shop\/raxxa-premium-puzzle-sonnenuntergang-mit-eisbl\/","url":"https:\/\/www.raxxa.com\/shop\/raxxa-premium-puzzle-sonnenuntergang-mit-eisbl\/","name":"puzzle premium raxxa: Tramonto con ghiaccio bl - raxxa","isPartOf":{"@id":"https:\/\/www.raxxa.com\/#website"},"primaryImageOfPage":{"@id":"https:\/\/www.raxxa.com\/shop\/raxxa-premium-puzzle-sonnenuntergang-mit-eisbl\/#primaryimage"},"image":{"@id":"https:\/\/www.raxxa.com\/shop\/raxxa-premium-puzzle-sonnenuntergang-mit-eisbl\/#primaryimage"},"thumbnailUrl":"https:\/\/www.raxxa.com\/wp-content\/uploads\/2023\/09\/raxxa-puzzle-218-6870-Ralf-Lehmann-Sonnenuntergang-mit-Eisbl-box.png","datePublished":"2023-09-22T15:59:48+00:00","dateModified":"2023-09-22T15:59:49+00:00","breadcrumb":{"@id":"https:\/\/www.raxxa.com\/shop\/raxxa-premium-puzzle-sonnenuntergang-mit-eisbl\/#breadcrumb"},"inLanguage":"it-IT","potentialAction":[{"@type":"ReadAction","target":["https:\/\/www.raxxa.com\/shop\/raxxa-premium-puzzle-sonnenuntergang-mit-eisbl\/"]}]},{"@type":"ImageObject","inLanguage":"it-IT","@id":"https:\/\/www.raxxa.com\/shop\/raxxa-premium-puzzle-sonnenuntergang-mit-eisbl\/#primaryimage","url":"https:\/\/www.raxxa.com\/wp-content\/uploads\/2023\/09\/raxxa-puzzle-218-6870-Ralf-Lehmann-Sonnenuntergang-mit-Eisbl-box.png","contentUrl":"https:\/\/www.raxxa.com\/wp-content\/uploads\/2023\/09\/raxxa-puzzle-218-6870-Ralf-Lehmann-Sonnenuntergang-mit-Eisbl-box.png","width":1920,"height":1400},{"@type":"BreadcrumbList","@id":"https:\/\/www.raxxa.com\/shop\/raxxa-premium-puzzle-sonnenuntergang-mit-eisbl\/#breadcrumb","itemListElement":[{"@type":"ListItem","position":1,"name":"Startseite","item":"https:\/\/www.raxxa.com\/"},{"@type":"ListItem","position":2,"name":"Shop","item":"https:\/\/www.raxxa.com\/it\/shop\/"},{"@type":"ListItem","position":3,"name":"raxxa Premium-Puzzle: Sonnenuntergang mit Eisbl"}]},{"@type":"WebSite","@id":"https:\/\/www.raxxa.com\/#website","url":"https:\/\/www.raxxa.com\/","name":"raxxa","description":"Prodotti unici e personalizzati dei nostri designer","publisher":{"@id":"https:\/\/www.raxxa.com\/#organization"},"potentialAction":[{"@type":"SearchAction","target":{"@type":"EntryPoint","urlTemplate":"https:\/\/www.raxxa.com\/?s={search_term_string}"},"query-input":{"@type":"PropertyValueSpecification","valueRequired":true,"valueName":"search_term_string"}}],"inLanguage":"it-IT"},{"@type":"Organization","@id":"https:\/\/www.raxxa.com\/#organization","name":"raxxa","url":"https:\/\/www.raxxa.com\/","logo":{"@type":"ImageObject","inLanguage":"it-IT","@id":"https:\/\/www.raxxa.com\/#\/schema\/logo\/image\/","url":"https:\/\/www.raxxa.com\/wp-content\/uploads\/2022\/07\/logo_v2.png","contentUrl":"https:\/\/www.raxxa.com\/wp-content\/uploads\/2022\/07\/logo_v2.png","width":380,"height":382,"caption":"raxxa"},"image":{"@id":"https:\/\/www.raxxa.com\/#\/schema\/logo\/image\/"},"sameAs":["https:\/\/facebook.com\/raxxacom"]}]},"product_price_amount":"29.99","product_price_currency":"EUR","og_availability":"instock","product_availability":"instock","product_retailer_item_id":"1-14270-6870-218","product_condition":"new"},"jetpack_sharing_enabled":true,"_links":{"self":[{"href":"https:\/\/www.raxxa.com\/it\/wp-json\/wp\/v2\/product\/168948","targetHints":{"allow":["GET"]}}],"collection":[{"href":"https:\/\/www.raxxa.com\/it\/wp-json\/wp\/v2\/product"}],"about":[{"href":"https:\/\/www.raxxa.com\/it\/wp-json\/wp\/v2\/types\/product"}],"replies":[{"embeddable":true,"href":"https:\/\/www.raxxa.com\/it\/wp-json\/wp\/v2\/comments?post=168948"}],"wp:featuredmedia":[{"embeddable":true,"href":"https:\/\/www.raxxa.com\/it\/wp-json\/wp\/v2\/media\/168946"}],"wp:attachment":[{"href":"https:\/\/www.raxxa.com\/it\/wp-json\/wp\/v2\/media?parent=168948"}],"wp:term":[{"taxonomy":"product_brand","embeddable":true,"href":"https:\/\/www.raxxa.com\/it\/wp-json\/wp\/v2\/product_brand?post=168948"},{"taxonomy":"product_cat","embeddable":true,"href":"https:\/\/www.raxxa.com\/it\/wp-json\/wp\/v2\/product_cat?post=168948"},{"taxonomy":"product_tag","embeddable":true,"href":"https:\/\/www.raxxa.com\/it\/wp-json\/wp\/v2\/product_tag?post=168948"}],"curies":[{"name":"wp","href":"https:\/\/api.w.org\/{rel}","templated":true}]}}