{"id":167394,"date":"2023-09-22T12:50:26","date_gmt":"2023-09-22T10:50:26","guid":{"rendered":"https:\/\/www.raxxa.com\/?post_type=product&#038;p=167394"},"modified":"2023-09-22T12:52:52","modified_gmt":"2023-09-22T10:52:52","slug":"poster-naturstrand-an-der-ostsee","status":"publish","type":"product","link":"https:\/\/www.raxxa.com\/it\/shop\/poster-naturstrand-an-der-ostsee\/","title":{"rendered":"Poster: Spiaggia naturale sul Mar Baltico"},"content":{"rendered":"<h3><strong>\"Spiaggia naturale sul Mar Baltico\" di Ralf Lehmann<\/strong><\/h3>\n<p><strong><\/strong><\/p>\n<p>Spiaggia naturale sul Mar Baltico con pietre nell'acqua bassa e rami di un albero morto, il movimento dell'acqua e delle nuvole \u00e8 stato attenuato da una lunga esposizione, l'immagine irradia molta pace - Localit\u00e0: Germania, Mar Baltico, Isola di R\u00fcgen, Vitt, Capo Arkona<\/p>\n<p>&nbsp;<\/p>\n<ul><li>Poster di qualit\u00e0 museale su carta d'archivio opaca (non patinata) di lunga durata.<\/li><li>Peso della carta: 250 g \/ m\u00b2.<\/li><li>Spedito in un imballaggio robusto per proteggere il poster.<\/li><li>Su richiesta, questo prodotto pu\u00f2 essere realizzato appositamente per voi nelle dimensioni e nel design desiderati.<\/li><\/ul>","protected":false},"excerpt":{"rendered":"<p>\"Spiaggia naturale sul Mar Baltico\" di Ralf Lehmann Spiaggia naturale sul Mar Baltico con sassi nell'acqua bassa e rami di un albero morto, il movimento dell'acqua e delle nuvole \u00e8 stato attenuato da una lunga esposizione, l'immagine emana molta pace - Localit\u00e0: Germania, Mar Baltico, Isola di R\u00fcgen, Vitt, Capo Arkona &nbsp;<\/p>","protected":false},"featured_media":167439,"comment_status":"open","ping_status":"closed","template":"","meta":[],"product_brand":[],"product_cat":[10351,10378],"product_tag":[],"class_list":{"0":"post-167394","1":"product","2":"type-product","3":"status-publish","4":"has-post-thumbnail","6":"product_cat-ralf-lehmann","7":"product_cat-poster","8":"product_shipping_class-versand-t-shirts1","10":"first","11":"instock","12":"taxable","13":"shipping-taxable","14":"purchasable","15":"product-type-variable"},"yoast_head":"<!-- This site is optimized with the Yoast SEO Premium plugin v27.5 (Yoast SEO v27.5) - https:\/\/yoast.com\/product\/yoast-seo-premium-wordpress\/ -->\n<title>Poster: Naturstrand an der Ostsee - raxxa<\/title>\n<meta name=\"robots\" content=\"index, follow, max-snippet:-1, max-image-preview:large, max-video-preview:-1\" \/>\n<link rel=\"canonical\" href=\"https:\/\/www.raxxa.com\/it\/shop\/poster-naturstrand-an-der-ostsee\/\" \/>\n<meta property=\"og:locale\" content=\"it_IT\" \/>\n<meta property=\"og:type\" content=\"article\" \/>\n<meta property=\"og:title\" content=\"Poster: Naturstrand an der Ostsee\" \/>\n<meta property=\"og:description\" content=\"&quot;Naturstrand an der Ostsee&quot; by Ralf Lehmann Naturstrand an der Ostsee mit Steinen im flachen Wasser und \u00c4sten eines abgestorbenen Baumes, die Bewegung von Wasser und Wolken wurde durch Langzeitbelichtung gegl\u00e4ttet, das Bild strahlt viel Ruhe aus &#8211; Location: Deutschland, Ostsee, Insel R\u00fcgen, Vitt, Kap Arkona &nbsp;\" \/>\n<meta property=\"og:url\" content=\"https:\/\/www.raxxa.com\/it\/shop\/poster-naturstrand-an-der-ostsee\/\" \/>\n<meta property=\"og:site_name\" content=\"raxxa\" \/>\n<meta property=\"article:publisher\" content=\"https:\/\/facebook.com\/raxxacom\" \/>\n<meta property=\"article:modified_time\" content=\"2023-09-22T10:52:52+00:00\" \/>\n<meta property=\"og:image\" content=\"https:\/\/www.raxxa.com\/wp-content\/uploads\/2023\/09\/raxxa-218-6849-84-1.png\" \/>\n\t<meta property=\"og:image:width\" content=\"800\" \/>\n\t<meta property=\"og:image:height\" content=\"800\" \/>\n\t<meta property=\"og:image:type\" content=\"image\/png\" \/>\n<meta name=\"twitter:card\" content=\"summary_large_image\" \/>\n<meta name=\"twitter:label1\" content=\"Disponibilit\u00e0\" \/>\n\t<meta name=\"twitter:data1\" content=\"In stock\" \/>\n<script type=\"application\/ld+json\" class=\"yoast-schema-graph\">{\"@context\":\"https:\\\/\\\/schema.org\",\"@graph\":[{\"@type\":[\"WebPage\",\"ItemPage\"],\"@id\":\"https:\\\/\\\/www.raxxa.com\\\/fr\\\/shop\\\/poster-naturstrand-an-der-ostsee\\\/\",\"url\":\"https:\\\/\\\/www.raxxa.com\\\/fr\\\/shop\\\/poster-naturstrand-an-der-ostsee\\\/\",\"name\":\"Poster: Naturstrand an der Ostsee - raxxa\",\"isPartOf\":{\"@id\":\"https:\\\/\\\/www.raxxa.com\\\/#website\"},\"primaryImageOfPage\":{\"@id\":\"https:\\\/\\\/www.raxxa.com\\\/fr\\\/shop\\\/poster-naturstrand-an-der-ostsee\\\/#primaryimage\"},\"image\":{\"@id\":\"https:\\\/\\\/www.raxxa.com\\\/fr\\\/shop\\\/poster-naturstrand-an-der-ostsee\\\/#primaryimage\"},\"thumbnailUrl\":\"https:\\\/\\\/www.raxxa.com\\\/wp-content\\\/uploads\\\/2023\\\/09\\\/raxxa-218-6849-84-1.png\",\"datePublished\":\"2023-09-22T10:50:26+00:00\",\"dateModified\":\"2023-09-22T10:52:52+00:00\",\"breadcrumb\":{\"@id\":\"https:\\\/\\\/www.raxxa.com\\\/fr\\\/shop\\\/poster-naturstrand-an-der-ostsee\\\/#breadcrumb\"},\"inLanguage\":\"it-IT\",\"potentialAction\":[{\"@type\":\"ReadAction\",\"target\":[\"https:\\\/\\\/www.raxxa.com\\\/fr\\\/shop\\\/poster-naturstrand-an-der-ostsee\\\/\"]}]},{\"@type\":\"ImageObject\",\"inLanguage\":\"it-IT\",\"@id\":\"https:\\\/\\\/www.raxxa.com\\\/fr\\\/shop\\\/poster-naturstrand-an-der-ostsee\\\/#primaryimage\",\"url\":\"https:\\\/\\\/www.raxxa.com\\\/wp-content\\\/uploads\\\/2023\\\/09\\\/raxxa-218-6849-84-1.png\",\"contentUrl\":\"https:\\\/\\\/www.raxxa.com\\\/wp-content\\\/uploads\\\/2023\\\/09\\\/raxxa-218-6849-84-1.png\",\"width\":800,\"height\":800},{\"@type\":\"BreadcrumbList\",\"@id\":\"https:\\\/\\\/www.raxxa.com\\\/fr\\\/shop\\\/poster-naturstrand-an-der-ostsee\\\/#breadcrumb\",\"itemListElement\":[{\"@type\":\"ListItem\",\"position\":1,\"name\":\"Startseite\",\"item\":\"https:\\\/\\\/www.raxxa.com\\\/\"},{\"@type\":\"ListItem\",\"position\":2,\"name\":\"Shop\",\"item\":\"https:\\\/\\\/www.raxxa.com\\\/it\\\/shop\\\/\"},{\"@type\":\"ListItem\",\"position\":3,\"name\":\"Poster: Naturstrand an der Ostsee\"}]},{\"@type\":\"WebSite\",\"@id\":\"https:\\\/\\\/www.raxxa.com\\\/#website\",\"url\":\"https:\\\/\\\/www.raxxa.com\\\/\",\"name\":\"raxxa\",\"description\":\"Einzigartige individuelle Produkte von unseren Designern\",\"publisher\":{\"@id\":\"https:\\\/\\\/www.raxxa.com\\\/#organization\"},\"potentialAction\":[{\"@type\":\"SearchAction\",\"target\":{\"@type\":\"EntryPoint\",\"urlTemplate\":\"https:\\\/\\\/www.raxxa.com\\\/?s={search_term_string}\"},\"query-input\":{\"@type\":\"PropertyValueSpecification\",\"valueRequired\":true,\"valueName\":\"search_term_string\"}}],\"inLanguage\":\"it-IT\"},{\"@type\":\"Organization\",\"@id\":\"https:\\\/\\\/www.raxxa.com\\\/#organization\",\"name\":\"raxxa\",\"url\":\"https:\\\/\\\/www.raxxa.com\\\/\",\"logo\":{\"@type\":\"ImageObject\",\"inLanguage\":\"it-IT\",\"@id\":\"https:\\\/\\\/www.raxxa.com\\\/#\\\/schema\\\/logo\\\/image\\\/\",\"url\":\"https:\\\/\\\/www.raxxa.com\\\/wp-content\\\/uploads\\\/2022\\\/07\\\/logo_v2.png\",\"contentUrl\":\"https:\\\/\\\/www.raxxa.com\\\/wp-content\\\/uploads\\\/2022\\\/07\\\/logo_v2.png\",\"width\":380,\"height\":382,\"caption\":\"raxxa\"},\"image\":{\"@id\":\"https:\\\/\\\/www.raxxa.com\\\/#\\\/schema\\\/logo\\\/image\\\/\"},\"sameAs\":[\"https:\\\/\\\/facebook.com\\\/raxxacom\"]}]}<\/script>\n<meta property=\"og:availability\" content=\"instock\" \/>\n<meta property=\"product:availability\" content=\"instock\" \/>\n<meta property=\"product:retailer_item_id\" content=\"1-84-6849-218\" \/>\n<meta property=\"product:condition\" content=\"new\" \/>\n<!-- \/ Yoast SEO Premium plugin. -->","yoast_head_json":{"title":"Poster: Spiaggia naturale sul Mar Baltico - raxxa","robots":{"index":"index","follow":"follow","max-snippet":"max-snippet:-1","max-image-preview":"max-image-preview:large","max-video-preview":"max-video-preview:-1"},"canonical":"https:\/\/www.raxxa.com\/it\/shop\/poster-naturstrand-an-der-ostsee\/","og_locale":"it_IT","og_type":"article","og_title":"Poster: Naturstrand an der Ostsee","og_description":"&quot;Naturstrand an der Ostsee&quot; by Ralf Lehmann Naturstrand an der Ostsee mit Steinen im flachen Wasser und \u00c4sten eines abgestorbenen Baumes, die Bewegung von Wasser und Wolken wurde durch Langzeitbelichtung gegl\u00e4ttet, das Bild strahlt viel Ruhe aus &#8211; Location: Deutschland, Ostsee, Insel R\u00fcgen, Vitt, Kap Arkona &nbsp;","og_url":"https:\/\/www.raxxa.com\/it\/shop\/poster-naturstrand-an-der-ostsee\/","og_site_name":"raxxa","article_publisher":"https:\/\/facebook.com\/raxxacom","article_modified_time":"2023-09-22T10:52:52+00:00","og_image":[{"width":800,"height":800,"url":"https:\/\/www.raxxa.com\/wp-content\/uploads\/2023\/09\/raxxa-218-6849-84-1.png","type":"image\/png"}],"twitter_card":"summary_large_image","twitter_misc":{"Disponibilit\u00e0":"In stock"},"schema":{"@context":"https:\/\/schema.org","@graph":[{"@type":["WebPage","ItemPage"],"@id":"https:\/\/www.raxxa.com\/fr\/shop\/poster-naturstrand-an-der-ostsee\/","url":"https:\/\/www.raxxa.com\/fr\/shop\/poster-naturstrand-an-der-ostsee\/","name":"Poster: Spiaggia naturale sul Mar Baltico - raxxa","isPartOf":{"@id":"https:\/\/www.raxxa.com\/#website"},"primaryImageOfPage":{"@id":"https:\/\/www.raxxa.com\/fr\/shop\/poster-naturstrand-an-der-ostsee\/#primaryimage"},"image":{"@id":"https:\/\/www.raxxa.com\/fr\/shop\/poster-naturstrand-an-der-ostsee\/#primaryimage"},"thumbnailUrl":"https:\/\/www.raxxa.com\/wp-content\/uploads\/2023\/09\/raxxa-218-6849-84-1.png","datePublished":"2023-09-22T10:50:26+00:00","dateModified":"2023-09-22T10:52:52+00:00","breadcrumb":{"@id":"https:\/\/www.raxxa.com\/fr\/shop\/poster-naturstrand-an-der-ostsee\/#breadcrumb"},"inLanguage":"it-IT","potentialAction":[{"@type":"ReadAction","target":["https:\/\/www.raxxa.com\/fr\/shop\/poster-naturstrand-an-der-ostsee\/"]}]},{"@type":"ImageObject","inLanguage":"it-IT","@id":"https:\/\/www.raxxa.com\/fr\/shop\/poster-naturstrand-an-der-ostsee\/#primaryimage","url":"https:\/\/www.raxxa.com\/wp-content\/uploads\/2023\/09\/raxxa-218-6849-84-1.png","contentUrl":"https:\/\/www.raxxa.com\/wp-content\/uploads\/2023\/09\/raxxa-218-6849-84-1.png","width":800,"height":800},{"@type":"BreadcrumbList","@id":"https:\/\/www.raxxa.com\/fr\/shop\/poster-naturstrand-an-der-ostsee\/#breadcrumb","itemListElement":[{"@type":"ListItem","position":1,"name":"Startseite","item":"https:\/\/www.raxxa.com\/"},{"@type":"ListItem","position":2,"name":"Shop","item":"https:\/\/www.raxxa.com\/it\/shop\/"},{"@type":"ListItem","position":3,"name":"Poster: Naturstrand an der Ostsee"}]},{"@type":"WebSite","@id":"https:\/\/www.raxxa.com\/#website","url":"https:\/\/www.raxxa.com\/","name":"raxxa","description":"Prodotti unici e personalizzati dei nostri designer","publisher":{"@id":"https:\/\/www.raxxa.com\/#organization"},"potentialAction":[{"@type":"SearchAction","target":{"@type":"EntryPoint","urlTemplate":"https:\/\/www.raxxa.com\/?s={search_term_string}"},"query-input":{"@type":"PropertyValueSpecification","valueRequired":true,"valueName":"search_term_string"}}],"inLanguage":"it-IT"},{"@type":"Organization","@id":"https:\/\/www.raxxa.com\/#organization","name":"raxxa","url":"https:\/\/www.raxxa.com\/","logo":{"@type":"ImageObject","inLanguage":"it-IT","@id":"https:\/\/www.raxxa.com\/#\/schema\/logo\/image\/","url":"https:\/\/www.raxxa.com\/wp-content\/uploads\/2022\/07\/logo_v2.png","contentUrl":"https:\/\/www.raxxa.com\/wp-content\/uploads\/2022\/07\/logo_v2.png","width":380,"height":382,"caption":"raxxa"},"image":{"@id":"https:\/\/www.raxxa.com\/#\/schema\/logo\/image\/"},"sameAs":["https:\/\/facebook.com\/raxxacom"]}]},"og_availability":"instock","product_availability":"instock","product_retailer_item_id":"1-84-6849-218","product_condition":"new"},"jetpack_sharing_enabled":true,"_links":{"self":[{"href":"https:\/\/www.raxxa.com\/it\/wp-json\/wp\/v2\/product\/167394","targetHints":{"allow":["GET"]}}],"collection":[{"href":"https:\/\/www.raxxa.com\/it\/wp-json\/wp\/v2\/product"}],"about":[{"href":"https:\/\/www.raxxa.com\/it\/wp-json\/wp\/v2\/types\/product"}],"replies":[{"embeddable":true,"href":"https:\/\/www.raxxa.com\/it\/wp-json\/wp\/v2\/comments?post=167394"}],"wp:featuredmedia":[{"embeddable":true,"href":"https:\/\/www.raxxa.com\/it\/wp-json\/wp\/v2\/media\/167439"}],"wp:attachment":[{"href":"https:\/\/www.raxxa.com\/it\/wp-json\/wp\/v2\/media?parent=167394"}],"wp:term":[{"taxonomy":"product_brand","embeddable":true,"href":"https:\/\/www.raxxa.com\/it\/wp-json\/wp\/v2\/product_brand?post=167394"},{"taxonomy":"product_cat","embeddable":true,"href":"https:\/\/www.raxxa.com\/it\/wp-json\/wp\/v2\/product_cat?post=167394"},{"taxonomy":"product_tag","embeddable":true,"href":"https:\/\/www.raxxa.com\/it\/wp-json\/wp\/v2\/product_tag?post=167394"}],"curies":[{"name":"wp","href":"https:\/\/api.w.org\/{rel}","templated":true}]}}