{"id":166989,"date":"2023-09-22T12:36:08","date_gmt":"2023-09-22T10:36:08","guid":{"rendered":"https:\/\/www.raxxa.com\/?post_type=product&#038;p=166989"},"modified":"2023-09-22T12:38:06","modified_gmt":"2023-09-22T10:38:06","slug":"poster-elbsandsteingebirge-ausblick-vom-papststein","status":"publish","type":"product","link":"https:\/\/www.raxxa.com\/it\/shop\/poster-elbsandsteingebirge-ausblick-vom-papststein\/","title":{"rendered":"Poster: Montagne di arenaria dell'Elba - Vista dal Papststein"},"content":{"rendered":"<h3><strong>&quot;Elbsandsteingebirge &#8211; Ausblick vom Papststein&quot; by Ralf Lehmann<\/strong><\/h3>\n<p><strong><\/strong><\/p>\n<p>Elbsandsteingebirge &#8211; Blick vom Berg Papststein \u00fcber den Ort Papstdorf in s\u00fcd\u00f6stliche Richtung, nach einem Regenguss habt sich eine d\u00fcnne Wolkenschicht gebildet, die sich unterhalb des Standortes befinden, Abendlicht in zarten Farbt\u00f6nen, gro\u00dfe Tiefenwirkung &#8211; Location: Deutschland, Sachsen, Elbsandsteingebirge, S\u00e4chsische Schweiz, Papstdorf, Papststein<\/p>\n<p>&nbsp;<\/p>\n<ul><li>Poster di qualit\u00e0 museale su carta d'archivio opaca (non patinata) di lunga durata.<\/li><li>Peso della carta: 250 g \/ m\u00b2.<\/li><li>Spedito in un imballaggio robusto per proteggere il poster.<\/li><li>Su richiesta, questo prodotto pu\u00f2 essere realizzato appositamente per voi nelle dimensioni e nel design desiderati.<\/li><\/ul>","protected":false},"excerpt":{"rendered":"<p>&quot;Elbsandsteingebirge &#8211; Ausblick vom Papststein&quot; by Ralf Lehmann Elbsandsteingebirge &#8211; Blick vom Berg Papststein \u00fcber den Ort Papstdorf in s\u00fcd\u00f6stliche Richtung, nach einem Regenguss habt sich eine d\u00fcnne Wolkenschicht gebildet, die sich unterhalb des Standortes befinden, Abendlicht in zarten Farbt\u00f6nen, gro\u00dfe Tiefenwirkung &#8211; Location: Deutschland, Sachsen, Elbsandsteingebirge, S\u00e4chsische Schweiz, Papstdorf, Papststein &nbsp;<\/p>","protected":false},"featured_media":167036,"comment_status":"open","ping_status":"closed","template":"","meta":[],"product_brand":[],"product_cat":[10351,10378],"product_tag":[],"class_list":{"0":"post-166989","1":"product","2":"type-product","3":"status-publish","4":"has-post-thumbnail","6":"product_cat-ralf-lehmann","7":"product_cat-poster","8":"product_shipping_class-versand-t-shirts1","10":"first","11":"instock","12":"taxable","13":"shipping-taxable","14":"purchasable","15":"product-type-variable"},"yoast_head":"<!-- This site is optimized with the Yoast SEO Premium plugin v27.5 (Yoast SEO v27.6) - https:\/\/yoast.com\/product\/yoast-seo-premium-wordpress\/ -->\n<title>Poster: Elbsandsteingebirge - Ausblick vom Papststein - raxxa<\/title>\n<meta name=\"robots\" content=\"index, follow, max-snippet:-1, max-image-preview:large, max-video-preview:-1\" \/>\n<link rel=\"canonical\" href=\"https:\/\/www.raxxa.com\/it\/shop\/poster-elbsandsteingebirge-ausblick-vom-papststein\/\" \/>\n<meta property=\"og:locale\" content=\"it_IT\" \/>\n<meta property=\"og:type\" content=\"article\" \/>\n<meta property=\"og:title\" content=\"Poster: Elbsandsteingebirge - Ausblick vom Papststein\" \/>\n<meta property=\"og:description\" content=\"&quot;Elbsandsteingebirge &#8211; Ausblick vom Papststein&quot; by Ralf Lehmann Elbsandsteingebirge &#8211; Blick vom Berg Papststein \u00fcber den Ort Papstdorf in s\u00fcd\u00f6stliche Richtung, nach einem Regenguss habt sich eine d\u00fcnne Wolkenschicht gebildet, die sich unterhalb des Standortes befinden, Abendlicht in zarten Farbt\u00f6nen, gro\u00dfe Tiefenwirkung &#8211; Location: Deutschland, Sachsen, Elbsandsteingebirge, S\u00e4chsische Schweiz, Papstdorf, Papststein &nbsp;\" \/>\n<meta property=\"og:url\" content=\"https:\/\/www.raxxa.com\/it\/shop\/poster-elbsandsteingebirge-ausblick-vom-papststein\/\" \/>\n<meta property=\"og:site_name\" content=\"raxxa\" \/>\n<meta property=\"article:publisher\" content=\"https:\/\/facebook.com\/raxxacom\" \/>\n<meta property=\"article:modified_time\" content=\"2023-09-22T10:38:06+00:00\" \/>\n<meta property=\"og:image\" content=\"https:\/\/www.raxxa.com\/wp-content\/uploads\/2023\/09\/raxxa-218-6801-84-1.png\" \/>\n\t<meta property=\"og:image:width\" content=\"800\" \/>\n\t<meta property=\"og:image:height\" content=\"800\" \/>\n\t<meta property=\"og:image:type\" content=\"image\/png\" \/>\n<meta name=\"twitter:card\" content=\"summary_large_image\" \/>\n<meta name=\"twitter:label1\" content=\"Disponibilit\u00e0\" \/>\n\t<meta name=\"twitter:data1\" content=\"In stock\" \/>\n<script type=\"application\/ld+json\" class=\"yoast-schema-graph\">{\"@context\":\"https:\\\/\\\/schema.org\",\"@graph\":[{\"@type\":[\"WebPage\",\"ItemPage\"],\"@id\":\"https:\\\/\\\/www.raxxa.com\\\/fr\\\/shop\\\/poster-elbsandsteingebirge-ausblick-vom-papststein\\\/\",\"url\":\"https:\\\/\\\/www.raxxa.com\\\/fr\\\/shop\\\/poster-elbsandsteingebirge-ausblick-vom-papststein\\\/\",\"name\":\"Poster: Elbsandsteingebirge - Ausblick vom Papststein - raxxa\",\"isPartOf\":{\"@id\":\"https:\\\/\\\/www.raxxa.com\\\/#website\"},\"primaryImageOfPage\":{\"@id\":\"https:\\\/\\\/www.raxxa.com\\\/fr\\\/shop\\\/poster-elbsandsteingebirge-ausblick-vom-papststein\\\/#primaryimage\"},\"image\":{\"@id\":\"https:\\\/\\\/www.raxxa.com\\\/fr\\\/shop\\\/poster-elbsandsteingebirge-ausblick-vom-papststein\\\/#primaryimage\"},\"thumbnailUrl\":\"https:\\\/\\\/www.raxxa.com\\\/wp-content\\\/uploads\\\/2023\\\/09\\\/raxxa-218-6801-84-1.png\",\"datePublished\":\"2023-09-22T10:36:08+00:00\",\"dateModified\":\"2023-09-22T10:38:06+00:00\",\"breadcrumb\":{\"@id\":\"https:\\\/\\\/www.raxxa.com\\\/fr\\\/shop\\\/poster-elbsandsteingebirge-ausblick-vom-papststein\\\/#breadcrumb\"},\"inLanguage\":\"it-IT\",\"potentialAction\":[{\"@type\":\"ReadAction\",\"target\":[\"https:\\\/\\\/www.raxxa.com\\\/fr\\\/shop\\\/poster-elbsandsteingebirge-ausblick-vom-papststein\\\/\"]}]},{\"@type\":\"ImageObject\",\"inLanguage\":\"it-IT\",\"@id\":\"https:\\\/\\\/www.raxxa.com\\\/fr\\\/shop\\\/poster-elbsandsteingebirge-ausblick-vom-papststein\\\/#primaryimage\",\"url\":\"https:\\\/\\\/www.raxxa.com\\\/wp-content\\\/uploads\\\/2023\\\/09\\\/raxxa-218-6801-84-1.png\",\"contentUrl\":\"https:\\\/\\\/www.raxxa.com\\\/wp-content\\\/uploads\\\/2023\\\/09\\\/raxxa-218-6801-84-1.png\",\"width\":800,\"height\":800},{\"@type\":\"BreadcrumbList\",\"@id\":\"https:\\\/\\\/www.raxxa.com\\\/fr\\\/shop\\\/poster-elbsandsteingebirge-ausblick-vom-papststein\\\/#breadcrumb\",\"itemListElement\":[{\"@type\":\"ListItem\",\"position\":1,\"name\":\"Startseite\",\"item\":\"https:\\\/\\\/www.raxxa.com\\\/\"},{\"@type\":\"ListItem\",\"position\":2,\"name\":\"Shop\",\"item\":\"https:\\\/\\\/www.raxxa.com\\\/it\\\/shop\\\/\"},{\"@type\":\"ListItem\",\"position\":3,\"name\":\"Poster: Elbsandsteingebirge &#8211; Ausblick vom Papststein\"}]},{\"@type\":\"WebSite\",\"@id\":\"https:\\\/\\\/www.raxxa.com\\\/#website\",\"url\":\"https:\\\/\\\/www.raxxa.com\\\/\",\"name\":\"raxxa\",\"description\":\"Einzigartige individuelle Produkte von unseren Designern\",\"publisher\":{\"@id\":\"https:\\\/\\\/www.raxxa.com\\\/#organization\"},\"potentialAction\":[{\"@type\":\"SearchAction\",\"target\":{\"@type\":\"EntryPoint\",\"urlTemplate\":\"https:\\\/\\\/www.raxxa.com\\\/?s={search_term_string}\"},\"query-input\":{\"@type\":\"PropertyValueSpecification\",\"valueRequired\":true,\"valueName\":\"search_term_string\"}}],\"inLanguage\":\"it-IT\"},{\"@type\":\"Organization\",\"@id\":\"https:\\\/\\\/www.raxxa.com\\\/#organization\",\"name\":\"raxxa\",\"url\":\"https:\\\/\\\/www.raxxa.com\\\/\",\"logo\":{\"@type\":\"ImageObject\",\"inLanguage\":\"it-IT\",\"@id\":\"https:\\\/\\\/www.raxxa.com\\\/#\\\/schema\\\/logo\\\/image\\\/\",\"url\":\"https:\\\/\\\/www.raxxa.com\\\/wp-content\\\/uploads\\\/2022\\\/07\\\/logo_v2.png\",\"contentUrl\":\"https:\\\/\\\/www.raxxa.com\\\/wp-content\\\/uploads\\\/2022\\\/07\\\/logo_v2.png\",\"width\":380,\"height\":382,\"caption\":\"raxxa\"},\"image\":{\"@id\":\"https:\\\/\\\/www.raxxa.com\\\/#\\\/schema\\\/logo\\\/image\\\/\"},\"sameAs\":[\"https:\\\/\\\/facebook.com\\\/raxxacom\"]}]}<\/script>\n<meta property=\"og:availability\" content=\"instock\" \/>\n<meta property=\"product:availability\" content=\"instock\" \/>\n<meta property=\"product:retailer_item_id\" content=\"1-84-6801-218\" \/>\n<meta property=\"product:condition\" content=\"new\" \/>\n<!-- \/ Yoast SEO Premium plugin. -->","yoast_head_json":{"title":"Poster: Elbsandsteingebirge - Ausblick vom Papststein - raxxa","robots":{"index":"index","follow":"follow","max-snippet":"max-snippet:-1","max-image-preview":"max-image-preview:large","max-video-preview":"max-video-preview:-1"},"canonical":"https:\/\/www.raxxa.com\/it\/shop\/poster-elbsandsteingebirge-ausblick-vom-papststein\/","og_locale":"it_IT","og_type":"article","og_title":"Poster: Elbsandsteingebirge - Ausblick vom Papststein","og_description":"&quot;Elbsandsteingebirge &#8211; Ausblick vom Papststein&quot; by Ralf Lehmann Elbsandsteingebirge &#8211; Blick vom Berg Papststein \u00fcber den Ort Papstdorf in s\u00fcd\u00f6stliche Richtung, nach einem Regenguss habt sich eine d\u00fcnne Wolkenschicht gebildet, die sich unterhalb des Standortes befinden, Abendlicht in zarten Farbt\u00f6nen, gro\u00dfe Tiefenwirkung &#8211; Location: Deutschland, Sachsen, Elbsandsteingebirge, S\u00e4chsische Schweiz, Papstdorf, Papststein &nbsp;","og_url":"https:\/\/www.raxxa.com\/it\/shop\/poster-elbsandsteingebirge-ausblick-vom-papststein\/","og_site_name":"raxxa","article_publisher":"https:\/\/facebook.com\/raxxacom","article_modified_time":"2023-09-22T10:38:06+00:00","og_image":[{"width":800,"height":800,"url":"https:\/\/www.raxxa.com\/wp-content\/uploads\/2023\/09\/raxxa-218-6801-84-1.png","type":"image\/png"}],"twitter_card":"summary_large_image","twitter_misc":{"Disponibilit\u00e0":"In stock"},"schema":{"@context":"https:\/\/schema.org","@graph":[{"@type":["WebPage","ItemPage"],"@id":"https:\/\/www.raxxa.com\/fr\/shop\/poster-elbsandsteingebirge-ausblick-vom-papststein\/","url":"https:\/\/www.raxxa.com\/fr\/shop\/poster-elbsandsteingebirge-ausblick-vom-papststein\/","name":"Poster: Elbsandsteingebirge - Ausblick vom Papststein - raxxa","isPartOf":{"@id":"https:\/\/www.raxxa.com\/#website"},"primaryImageOfPage":{"@id":"https:\/\/www.raxxa.com\/fr\/shop\/poster-elbsandsteingebirge-ausblick-vom-papststein\/#primaryimage"},"image":{"@id":"https:\/\/www.raxxa.com\/fr\/shop\/poster-elbsandsteingebirge-ausblick-vom-papststein\/#primaryimage"},"thumbnailUrl":"https:\/\/www.raxxa.com\/wp-content\/uploads\/2023\/09\/raxxa-218-6801-84-1.png","datePublished":"2023-09-22T10:36:08+00:00","dateModified":"2023-09-22T10:38:06+00:00","breadcrumb":{"@id":"https:\/\/www.raxxa.com\/fr\/shop\/poster-elbsandsteingebirge-ausblick-vom-papststein\/#breadcrumb"},"inLanguage":"it-IT","potentialAction":[{"@type":"ReadAction","target":["https:\/\/www.raxxa.com\/fr\/shop\/poster-elbsandsteingebirge-ausblick-vom-papststein\/"]}]},{"@type":"ImageObject","inLanguage":"it-IT","@id":"https:\/\/www.raxxa.com\/fr\/shop\/poster-elbsandsteingebirge-ausblick-vom-papststein\/#primaryimage","url":"https:\/\/www.raxxa.com\/wp-content\/uploads\/2023\/09\/raxxa-218-6801-84-1.png","contentUrl":"https:\/\/www.raxxa.com\/wp-content\/uploads\/2023\/09\/raxxa-218-6801-84-1.png","width":800,"height":800},{"@type":"BreadcrumbList","@id":"https:\/\/www.raxxa.com\/fr\/shop\/poster-elbsandsteingebirge-ausblick-vom-papststein\/#breadcrumb","itemListElement":[{"@type":"ListItem","position":1,"name":"Startseite","item":"https:\/\/www.raxxa.com\/"},{"@type":"ListItem","position":2,"name":"Shop","item":"https:\/\/www.raxxa.com\/it\/shop\/"},{"@type":"ListItem","position":3,"name":"Poster: Elbsandsteingebirge &#8211; Ausblick vom Papststein"}]},{"@type":"WebSite","@id":"https:\/\/www.raxxa.com\/#website","url":"https:\/\/www.raxxa.com\/","name":"raxxa","description":"Prodotti unici e personalizzati dei nostri designer","publisher":{"@id":"https:\/\/www.raxxa.com\/#organization"},"potentialAction":[{"@type":"SearchAction","target":{"@type":"EntryPoint","urlTemplate":"https:\/\/www.raxxa.com\/?s={search_term_string}"},"query-input":{"@type":"PropertyValueSpecification","valueRequired":true,"valueName":"search_term_string"}}],"inLanguage":"it-IT"},{"@type":"Organization","@id":"https:\/\/www.raxxa.com\/#organization","name":"raxxa","url":"https:\/\/www.raxxa.com\/","logo":{"@type":"ImageObject","inLanguage":"it-IT","@id":"https:\/\/www.raxxa.com\/#\/schema\/logo\/image\/","url":"https:\/\/www.raxxa.com\/wp-content\/uploads\/2022\/07\/logo_v2.png","contentUrl":"https:\/\/www.raxxa.com\/wp-content\/uploads\/2022\/07\/logo_v2.png","width":380,"height":382,"caption":"raxxa"},"image":{"@id":"https:\/\/www.raxxa.com\/#\/schema\/logo\/image\/"},"sameAs":["https:\/\/facebook.com\/raxxacom"]}]},"og_availability":"instock","product_availability":"instock","product_retailer_item_id":"1-84-6801-218","product_condition":"new"},"jetpack_sharing_enabled":true,"_links":{"self":[{"href":"https:\/\/www.raxxa.com\/it\/wp-json\/wp\/v2\/product\/166989","targetHints":{"allow":["GET"]}}],"collection":[{"href":"https:\/\/www.raxxa.com\/it\/wp-json\/wp\/v2\/product"}],"about":[{"href":"https:\/\/www.raxxa.com\/it\/wp-json\/wp\/v2\/types\/product"}],"replies":[{"embeddable":true,"href":"https:\/\/www.raxxa.com\/it\/wp-json\/wp\/v2\/comments?post=166989"}],"wp:featuredmedia":[{"embeddable":true,"href":"https:\/\/www.raxxa.com\/it\/wp-json\/wp\/v2\/media\/167036"}],"wp:attachment":[{"href":"https:\/\/www.raxxa.com\/it\/wp-json\/wp\/v2\/media?parent=166989"}],"wp:term":[{"taxonomy":"product_brand","embeddable":true,"href":"https:\/\/www.raxxa.com\/it\/wp-json\/wp\/v2\/product_brand?post=166989"},{"taxonomy":"product_cat","embeddable":true,"href":"https:\/\/www.raxxa.com\/it\/wp-json\/wp\/v2\/product_cat?post=166989"},{"taxonomy":"product_tag","embeddable":true,"href":"https:\/\/www.raxxa.com\/it\/wp-json\/wp\/v2\/product_tag?post=166989"}],"curies":[{"name":"wp","href":"https:\/\/api.w.org\/{rel}","templated":true}]}}