{"id":152369,"date":"2022-11-20T01:57:14","date_gmt":"2022-11-19T23:57:14","guid":{"rendered":"https:\/\/www.raxxa.com\/shop\/blaeuling-3\/"},"modified":"2022-11-20T01:58:16","modified_gmt":"2022-11-19T23:58:16","slug":"blaeuling-3","status":"publish","type":"product","link":"https:\/\/www.raxxa.com\/it\/shop\/blaeuling-3\/","title":{"rendered":"Bluebottle"},"content":{"rendered":"<p style=\"margin-right: 0px;margin-bottom: 1em;margin-left: 0px;line-height: 1.4285em;, sans-serif\"><span style=\"font-weight: bolder\">\"Bl\u00e4uling\" di Isabell Nehls<\/span><\/p>\n<p style=\"margin-right: 0px;margin-bottom: 1em;margin-left: 0px;line-height: 1.4285em;, sans-serif\"><span><\/span><\/p>\n<p style=\"margin-right: 0px;margin-bottom: 1em;margin-left: 0px;line-height: 1.4285em;, sans-serif\"><span><\/span><\/p>\n<p style=\"margin-right: 0px;margin-bottom: 1em;margin-left: 0px;line-height: 1.4285em;, sans-serif\">Poster di qualit\u00e0 museale su carta d'archivio resistente e opaca (non patinata).<\/p>\n<p style=\"margin-right: 0px;margin-bottom: 1em;margin-left: 0px;line-height: 1.4285em;, sans-serif\">- Peso della carta: 250 g \/ m\u00b2<\/p>\n<p style=\"margin-right: 0px;margin-bottom: 1em;margin-left: 0px;line-height: 1.4285em;, sans-serif\">- Spedito in un imballaggio robusto per proteggere il poster<\/p>\n<p>blu farfalla farfalla ali animalisoftheworld animali fauna selvatica macrofotografia macro fotografia natura natura amanti della natura amanti della natura colorati blu animali blu estate estate all'aperto giardino<\/p>","protected":false},"excerpt":{"rendered":"<p>&#8222;Bl\u00e4uling&#8220; by Isabell Nehls Poster in Museumsqualit\u00e4t auf langlebigem mattem (unbeschichtetem) Archivpapier. &#8211; Papiergewicht: 250 g \/ m\u00b2 &#8211; Versand in einer stabilen Verpackung zum Schutz des Posters bl\u00e4uling schmetterling butterfly wings fl\u00fcgel animalsoftheworld animals tierwelt makrofotografie makroaufnahme macro macrophotography nature natur naturliebe naturelover farbenfroh blau blue tiere sommer summer au\u00dfenaufnahme drau\u00dfen garten<\/p>","protected":false},"featured_media":152359,"comment_status":"open","ping_status":"closed","template":"","meta":[],"product_brand":[],"product_cat":[10376,133],"product_tag":[7395,9693,8197,7811,10054,7546,9775,9669,7623,7798,7663],"class_list":{"0":"post-152369","1":"product","2":"type-product","3":"status-publish","4":"has-post-thumbnail","6":"product_cat-isabell-nehls","7":"product_cat-tiere","8":"product_tag-blau","9":"product_tag-blaeuling","10":"product_tag-fluegel","11":"product_tag-garten","12":"product_tag-macro","13":"product_tag-natur","14":"product_tag-nature","15":"product_tag-schmetterling","16":"product_tag-sommer","17":"product_tag-summer","18":"product_tag-tiere","20":"first","21":"instock","22":"taxable","23":"shipping-taxable","24":"purchasable","25":"product-type-variable"},"yoast_head":"<!-- This site is optimized with the Yoast SEO Premium plugin v27.4 (Yoast SEO v27.4) - https:\/\/yoast.com\/product\/yoast-seo-premium-wordpress\/ -->\n<title>Bl\u00e4uling - raxxa<\/title>\n<meta name=\"robots\" content=\"index, follow, max-snippet:-1, max-image-preview:large, max-video-preview:-1\" \/>\n<link rel=\"canonical\" href=\"https:\/\/www.raxxa.com\/it\/shop\/blaeuling-3\/\" \/>\n<meta property=\"og:locale\" content=\"it_IT\" \/>\n<meta property=\"og:type\" content=\"article\" \/>\n<meta property=\"og:title\" content=\"Bl\u00e4uling\" \/>\n<meta property=\"og:description\" content=\"&#8222;Bl\u00e4uling&#8220; by Isabell Nehls Poster in Museumsqualit\u00e4t auf langlebigem mattem (unbeschichtetem) Archivpapier. &#8211; Papiergewicht: 250 g \/ m\u00b2 &#8211; Versand in einer stabilen Verpackung zum Schutz des Posters bl\u00e4uling schmetterling butterfly wings fl\u00fcgel animalsoftheworld animals tierwelt makrofotografie makroaufnahme macro macrophotography nature natur naturliebe naturelover farbenfroh blau blue tiere sommer summer au\u00dfenaufnahme drau\u00dfen garten\" \/>\n<meta property=\"og:url\" content=\"https:\/\/www.raxxa.com\/it\/shop\/blaeuling-3\/\" \/>\n<meta property=\"og:site_name\" content=\"raxxa\" \/>\n<meta property=\"article:publisher\" content=\"https:\/\/facebook.com\/raxxacom\" \/>\n<meta property=\"article:modified_time\" content=\"2022-11-19T23:58:16+00:00\" \/>\n<meta property=\"og:image\" content=\"https:\/\/www.raxxa.com\/wp-content\/uploads\/2022\/11\/235-3659-Blaeuling-Isabell-Nehls.png\" \/>\n\t<meta property=\"og:image:width\" content=\"800\" \/>\n\t<meta property=\"og:image:height\" content=\"800\" \/>\n\t<meta property=\"og:image:type\" content=\"image\/png\" \/>\n<meta name=\"twitter:card\" content=\"summary_large_image\" \/>\n<meta name=\"twitter:label1\" content=\"Disponibilit\u00e0\" \/>\n\t<meta name=\"twitter:data1\" content=\"In stock\" \/>\n<script type=\"application\/ld+json\" class=\"yoast-schema-graph\">{\"@context\":\"https:\\\/\\\/schema.org\",\"@graph\":[{\"@type\":[\"WebPage\",\"ItemPage\"],\"@id\":\"https:\\\/\\\/www.raxxa.com\\\/shop\\\/blaeuling-3\\\/\",\"url\":\"https:\\\/\\\/www.raxxa.com\\\/shop\\\/blaeuling-3\\\/\",\"name\":\"Bl\u00e4uling - raxxa\",\"isPartOf\":{\"@id\":\"https:\\\/\\\/www.raxxa.com\\\/#website\"},\"primaryImageOfPage\":{\"@id\":\"https:\\\/\\\/www.raxxa.com\\\/shop\\\/blaeuling-3\\\/#primaryimage\"},\"image\":{\"@id\":\"https:\\\/\\\/www.raxxa.com\\\/shop\\\/blaeuling-3\\\/#primaryimage\"},\"thumbnailUrl\":\"https:\\\/\\\/www.raxxa.com\\\/wp-content\\\/uploads\\\/2022\\\/11\\\/235-3659-Blaeuling-Isabell-Nehls.png\",\"datePublished\":\"2022-11-19T23:57:14+00:00\",\"dateModified\":\"2022-11-19T23:58:16+00:00\",\"breadcrumb\":{\"@id\":\"https:\\\/\\\/www.raxxa.com\\\/shop\\\/blaeuling-3\\\/#breadcrumb\"},\"inLanguage\":\"it-IT\",\"potentialAction\":[{\"@type\":\"ReadAction\",\"target\":[\"https:\\\/\\\/www.raxxa.com\\\/shop\\\/blaeuling-3\\\/\"]}]},{\"@type\":\"ImageObject\",\"inLanguage\":\"it-IT\",\"@id\":\"https:\\\/\\\/www.raxxa.com\\\/shop\\\/blaeuling-3\\\/#primaryimage\",\"url\":\"https:\\\/\\\/www.raxxa.com\\\/wp-content\\\/uploads\\\/2022\\\/11\\\/235-3659-Blaeuling-Isabell-Nehls.png\",\"contentUrl\":\"https:\\\/\\\/www.raxxa.com\\\/wp-content\\\/uploads\\\/2022\\\/11\\\/235-3659-Blaeuling-Isabell-Nehls.png\",\"width\":800,\"height\":800},{\"@type\":\"BreadcrumbList\",\"@id\":\"https:\\\/\\\/www.raxxa.com\\\/shop\\\/blaeuling-3\\\/#breadcrumb\",\"itemListElement\":[{\"@type\":\"ListItem\",\"position\":1,\"name\":\"Startseite\",\"item\":\"https:\\\/\\\/www.raxxa.com\\\/\"},{\"@type\":\"ListItem\",\"position\":2,\"name\":\"Shop\",\"item\":\"https:\\\/\\\/www.raxxa.com\\\/it\\\/shop\\\/\"},{\"@type\":\"ListItem\",\"position\":3,\"name\":\"Bl\u00e4uling\"}]},{\"@type\":\"WebSite\",\"@id\":\"https:\\\/\\\/www.raxxa.com\\\/#website\",\"url\":\"https:\\\/\\\/www.raxxa.com\\\/\",\"name\":\"raxxa\",\"description\":\"Einzigartige individuelle Produkte von unseren Designern\",\"publisher\":{\"@id\":\"https:\\\/\\\/www.raxxa.com\\\/#organization\"},\"potentialAction\":[{\"@type\":\"SearchAction\",\"target\":{\"@type\":\"EntryPoint\",\"urlTemplate\":\"https:\\\/\\\/www.raxxa.com\\\/?s={search_term_string}\"},\"query-input\":{\"@type\":\"PropertyValueSpecification\",\"valueRequired\":true,\"valueName\":\"search_term_string\"}}],\"inLanguage\":\"it-IT\"},{\"@type\":\"Organization\",\"@id\":\"https:\\\/\\\/www.raxxa.com\\\/#organization\",\"name\":\"raxxa\",\"url\":\"https:\\\/\\\/www.raxxa.com\\\/\",\"logo\":{\"@type\":\"ImageObject\",\"inLanguage\":\"it-IT\",\"@id\":\"https:\\\/\\\/www.raxxa.com\\\/#\\\/schema\\\/logo\\\/image\\\/\",\"url\":\"https:\\\/\\\/www.raxxa.com\\\/wp-content\\\/uploads\\\/2022\\\/07\\\/logo_v2.png\",\"contentUrl\":\"https:\\\/\\\/www.raxxa.com\\\/wp-content\\\/uploads\\\/2022\\\/07\\\/logo_v2.png\",\"width\":380,\"height\":382,\"caption\":\"raxxa\"},\"image\":{\"@id\":\"https:\\\/\\\/www.raxxa.com\\\/#\\\/schema\\\/logo\\\/image\\\/\"},\"sameAs\":[\"https:\\\/\\\/facebook.com\\\/raxxacom\"]}]}<\/script>\n<meta property=\"og:availability\" content=\"instock\" \/>\n<meta property=\"product:availability\" content=\"instock\" \/>\n<meta property=\"product:condition\" content=\"new\" \/>\n<!-- \/ Yoast SEO Premium plugin. -->","yoast_head_json":{"title":"Farfalla blu - raxxa","robots":{"index":"index","follow":"follow","max-snippet":"max-snippet:-1","max-image-preview":"max-image-preview:large","max-video-preview":"max-video-preview:-1"},"canonical":"https:\/\/www.raxxa.com\/it\/shop\/blaeuling-3\/","og_locale":"it_IT","og_type":"article","og_title":"Bl\u00e4uling","og_description":"&#8222;Bl\u00e4uling&#8220; by Isabell Nehls Poster in Museumsqualit\u00e4t auf langlebigem mattem (unbeschichtetem) Archivpapier. &#8211; Papiergewicht: 250 g \/ m\u00b2 &#8211; Versand in einer stabilen Verpackung zum Schutz des Posters bl\u00e4uling schmetterling butterfly wings fl\u00fcgel animalsoftheworld animals tierwelt makrofotografie makroaufnahme macro macrophotography nature natur naturliebe naturelover farbenfroh blau blue tiere sommer summer au\u00dfenaufnahme drau\u00dfen garten","og_url":"https:\/\/www.raxxa.com\/it\/shop\/blaeuling-3\/","og_site_name":"raxxa","article_publisher":"https:\/\/facebook.com\/raxxacom","article_modified_time":"2022-11-19T23:58:16+00:00","og_image":[{"width":800,"height":800,"url":"https:\/\/www.raxxa.com\/wp-content\/uploads\/2022\/11\/235-3659-Blaeuling-Isabell-Nehls.png","type":"image\/png"}],"twitter_card":"summary_large_image","twitter_misc":{"Disponibilit\u00e0":"In stock"},"schema":{"@context":"https:\/\/schema.org","@graph":[{"@type":["WebPage","ItemPage"],"@id":"https:\/\/www.raxxa.com\/shop\/blaeuling-3\/","url":"https:\/\/www.raxxa.com\/shop\/blaeuling-3\/","name":"Farfalla blu - raxxa","isPartOf":{"@id":"https:\/\/www.raxxa.com\/#website"},"primaryImageOfPage":{"@id":"https:\/\/www.raxxa.com\/shop\/blaeuling-3\/#primaryimage"},"image":{"@id":"https:\/\/www.raxxa.com\/shop\/blaeuling-3\/#primaryimage"},"thumbnailUrl":"https:\/\/www.raxxa.com\/wp-content\/uploads\/2022\/11\/235-3659-Blaeuling-Isabell-Nehls.png","datePublished":"2022-11-19T23:57:14+00:00","dateModified":"2022-11-19T23:58:16+00:00","breadcrumb":{"@id":"https:\/\/www.raxxa.com\/shop\/blaeuling-3\/#breadcrumb"},"inLanguage":"it-IT","potentialAction":[{"@type":"ReadAction","target":["https:\/\/www.raxxa.com\/shop\/blaeuling-3\/"]}]},{"@type":"ImageObject","inLanguage":"it-IT","@id":"https:\/\/www.raxxa.com\/shop\/blaeuling-3\/#primaryimage","url":"https:\/\/www.raxxa.com\/wp-content\/uploads\/2022\/11\/235-3659-Blaeuling-Isabell-Nehls.png","contentUrl":"https:\/\/www.raxxa.com\/wp-content\/uploads\/2022\/11\/235-3659-Blaeuling-Isabell-Nehls.png","width":800,"height":800},{"@type":"BreadcrumbList","@id":"https:\/\/www.raxxa.com\/shop\/blaeuling-3\/#breadcrumb","itemListElement":[{"@type":"ListItem","position":1,"name":"Startseite","item":"https:\/\/www.raxxa.com\/"},{"@type":"ListItem","position":2,"name":"Shop","item":"https:\/\/www.raxxa.com\/it\/shop\/"},{"@type":"ListItem","position":3,"name":"Bl\u00e4uling"}]},{"@type":"WebSite","@id":"https:\/\/www.raxxa.com\/#website","url":"https:\/\/www.raxxa.com\/","name":"raxxa","description":"Prodotti unici e personalizzati dei nostri designer","publisher":{"@id":"https:\/\/www.raxxa.com\/#organization"},"potentialAction":[{"@type":"SearchAction","target":{"@type":"EntryPoint","urlTemplate":"https:\/\/www.raxxa.com\/?s={search_term_string}"},"query-input":{"@type":"PropertyValueSpecification","valueRequired":true,"valueName":"search_term_string"}}],"inLanguage":"it-IT"},{"@type":"Organization","@id":"https:\/\/www.raxxa.com\/#organization","name":"raxxa","url":"https:\/\/www.raxxa.com\/","logo":{"@type":"ImageObject","inLanguage":"it-IT","@id":"https:\/\/www.raxxa.com\/#\/schema\/logo\/image\/","url":"https:\/\/www.raxxa.com\/wp-content\/uploads\/2022\/07\/logo_v2.png","contentUrl":"https:\/\/www.raxxa.com\/wp-content\/uploads\/2022\/07\/logo_v2.png","width":380,"height":382,"caption":"raxxa"},"image":{"@id":"https:\/\/www.raxxa.com\/#\/schema\/logo\/image\/"},"sameAs":["https:\/\/facebook.com\/raxxacom"]}]},"og_availability":"instock","product_availability":"instock","product_condition":"new"},"jetpack_sharing_enabled":true,"_links":{"self":[{"href":"https:\/\/www.raxxa.com\/it\/wp-json\/wp\/v2\/product\/152369","targetHints":{"allow":["GET"]}}],"collection":[{"href":"https:\/\/www.raxxa.com\/it\/wp-json\/wp\/v2\/product"}],"about":[{"href":"https:\/\/www.raxxa.com\/it\/wp-json\/wp\/v2\/types\/product"}],"replies":[{"embeddable":true,"href":"https:\/\/www.raxxa.com\/it\/wp-json\/wp\/v2\/comments?post=152369"}],"wp:featuredmedia":[{"embeddable":true,"href":"https:\/\/www.raxxa.com\/it\/wp-json\/wp\/v2\/media\/152359"}],"wp:attachment":[{"href":"https:\/\/www.raxxa.com\/it\/wp-json\/wp\/v2\/media?parent=152369"}],"wp:term":[{"taxonomy":"product_brand","embeddable":true,"href":"https:\/\/www.raxxa.com\/it\/wp-json\/wp\/v2\/product_brand?post=152369"},{"taxonomy":"product_cat","embeddable":true,"href":"https:\/\/www.raxxa.com\/it\/wp-json\/wp\/v2\/product_cat?post=152369"},{"taxonomy":"product_tag","embeddable":true,"href":"https:\/\/www.raxxa.com\/it\/wp-json\/wp\/v2\/product_tag?post=152369"}],"curies":[{"name":"wp","href":"https:\/\/api.w.org\/{rel}","templated":true}]}}