{"id":151445,"date":"2022-11-20T00:31:17","date_gmt":"2022-11-19T22:31:17","guid":{"rendered":"https:\/\/www.raxxa.com\/shop\/blueten-in-gelb\/"},"modified":"2022-11-20T00:32:26","modified_gmt":"2022-11-19T22:32:26","slug":"blueten-in-gelb","status":"publish","type":"product","link":"https:\/\/www.raxxa.com\/it\/shop\/blueten-in-gelb\/","title":{"rendered":"Fiori in giallo"},"content":{"rendered":"<p style=\"margin-right: 0px;margin-bottom: 1em;margin-left: 0px;line-height: 1.4285em;, sans-serif\"><span style=\"font-weight: bolder\">\"Fiori in giallo\" di Isabell Nehls<\/span><\/p>\n<p style=\"margin-right: 0px;margin-bottom: 1em;margin-left: 0px;line-height: 1.4285em;, sans-serif\"><span><\/span><\/p>\n<p style=\"margin-right: 0px;margin-bottom: 1em;margin-left: 0px;line-height: 1.4285em;, sans-serif\"><span><\/span><\/p>\n<p style=\"margin-right: 0px;margin-bottom: 1em;margin-left: 0px;line-height: 1.4285em;, sans-serif\">Poster di qualit\u00e0 museale su carta d'archivio resistente e opaca (non patinata).<\/p>\n<p style=\"margin-right: 0px;margin-bottom: 1em;margin-left: 0px;line-height: 1.4285em;, sans-serif\">- Peso della carta: 250 g \/ m\u00b2<\/p>\n<p style=\"margin-right: 0px;margin-bottom: 1em;margin-left: 0px;line-height: 1.4285em;, sans-serif\">- Spedito in un imballaggio robusto per proteggere il poster<\/p>\n<p>giallo giallo fiore fiore potenza fiore sbocciare crescere fiore macro fotografia macro fiore macro dettagli fiore primo piano giardino fiore giardino fiore estate estate fiore fresco fresco macrofotografia<\/p>","protected":false},"excerpt":{"rendered":"<p>&#8222;Bl\u00fcten in gelb&#8220; by Isabell Nehls Poster in Museumsqualit\u00e4t auf langlebigem mattem (unbeschichtetem) Archivpapier. &#8211; Papiergewicht: 250 g \/ m\u00b2 &#8211; Versand in einer stabilen Verpackung zum Schutz des Posters gelb yellow flower bl\u00fcte blume flowerpower blossom blooming wachsen bl\u00fchen makro makrofotografie makrobl\u00fcte makroblume details nahaufnahme gardenflower gartenblume sommer sommerbl\u00fcte frisch fresh macrophotography<\/p>","protected":false},"featured_media":151435,"comment_status":"open","ping_status":"closed","template":"","meta":[],"product_brand":[],"product_cat":[136,10376],"product_tag":[7676,8191,8125,7370,7405,7449,7623,8500],"class_list":{"0":"post-151445","1":"product","2":"type-product","3":"status-publish","4":"has-post-thumbnail","6":"product_cat-natur","7":"product_cat-isabell-nehls","8":"product_tag-blume","9":"product_tag-bluete","10":"product_tag-frisch","11":"product_tag-gelb","12":"product_tag-makro","13":"product_tag-nahaufnahme","14":"product_tag-sommer","15":"product_tag-wachsen","17":"first","18":"instock","19":"taxable","20":"shipping-taxable","21":"purchasable","22":"product-type-variable"},"yoast_head":"<!-- This site is optimized with the Yoast SEO Premium plugin v27.2 (Yoast SEO v27.3) - https:\/\/yoast.com\/product\/yoast-seo-premium-wordpress\/ -->\n<title>Bl\u00fcten in gelb - raxxa<\/title>\n<meta name=\"robots\" content=\"index, follow, max-snippet:-1, max-image-preview:large, max-video-preview:-1\" \/>\n<link rel=\"canonical\" href=\"https:\/\/www.raxxa.com\/it\/shop\/blueten-in-gelb\/\" \/>\n<meta property=\"og:locale\" content=\"it_IT\" \/>\n<meta property=\"og:type\" content=\"article\" \/>\n<meta property=\"og:title\" content=\"Bl\u00fcten in gelb\" \/>\n<meta property=\"og:description\" content=\"&#8222;Bl\u00fcten in gelb&#8220; by Isabell Nehls Poster in Museumsqualit\u00e4t auf langlebigem mattem (unbeschichtetem) Archivpapier. &#8211; Papiergewicht: 250 g \/ m\u00b2 &#8211; Versand in einer stabilen Verpackung zum Schutz des Posters gelb yellow flower bl\u00fcte blume flowerpower blossom blooming wachsen bl\u00fchen makro makrofotografie makrobl\u00fcte makroblume details nahaufnahme gardenflower gartenblume sommer sommerbl\u00fcte frisch fresh macrophotography\" \/>\n<meta property=\"og:url\" content=\"https:\/\/www.raxxa.com\/it\/shop\/blueten-in-gelb\/\" \/>\n<meta property=\"og:site_name\" content=\"raxxa\" \/>\n<meta property=\"article:publisher\" content=\"https:\/\/facebook.com\/raxxacom\" \/>\n<meta property=\"article:modified_time\" content=\"2022-11-19T22:32:26+00:00\" \/>\n<meta property=\"og:image\" content=\"https:\/\/www.raxxa.com\/wp-content\/uploads\/2022\/11\/235-3630-Blueten-in-gelb-Isabell-Nehls.png\" \/>\n\t<meta property=\"og:image:width\" content=\"800\" \/>\n\t<meta property=\"og:image:height\" content=\"800\" \/>\n\t<meta property=\"og:image:type\" content=\"image\/png\" \/>\n<meta name=\"twitter:card\" content=\"summary_large_image\" \/>\n<meta name=\"twitter:label1\" content=\"Disponibilit\u00e0\" \/>\n\t<meta name=\"twitter:data1\" content=\"In stock\" \/>\n<script type=\"application\/ld+json\" class=\"yoast-schema-graph\">{\"@context\":\"https:\\\/\\\/schema.org\",\"@graph\":[{\"@type\":[\"WebPage\",\"ItemPage\"],\"@id\":\"https:\\\/\\\/www.raxxa.com\\\/shop\\\/blueten-in-gelb\\\/\",\"url\":\"https:\\\/\\\/www.raxxa.com\\\/shop\\\/blueten-in-gelb\\\/\",\"name\":\"Bl\u00fcten in gelb - raxxa\",\"isPartOf\":{\"@id\":\"https:\\\/\\\/www.raxxa.com\\\/#website\"},\"primaryImageOfPage\":{\"@id\":\"https:\\\/\\\/www.raxxa.com\\\/shop\\\/blueten-in-gelb\\\/#primaryimage\"},\"image\":{\"@id\":\"https:\\\/\\\/www.raxxa.com\\\/shop\\\/blueten-in-gelb\\\/#primaryimage\"},\"thumbnailUrl\":\"https:\\\/\\\/www.raxxa.com\\\/wp-content\\\/uploads\\\/2022\\\/11\\\/235-3630-Blueten-in-gelb-Isabell-Nehls.png\",\"datePublished\":\"2022-11-19T22:31:17+00:00\",\"dateModified\":\"2022-11-19T22:32:26+00:00\",\"breadcrumb\":{\"@id\":\"https:\\\/\\\/www.raxxa.com\\\/shop\\\/blueten-in-gelb\\\/#breadcrumb\"},\"inLanguage\":\"it-IT\",\"potentialAction\":[{\"@type\":\"ReadAction\",\"target\":[\"https:\\\/\\\/www.raxxa.com\\\/shop\\\/blueten-in-gelb\\\/\"]}]},{\"@type\":\"ImageObject\",\"inLanguage\":\"it-IT\",\"@id\":\"https:\\\/\\\/www.raxxa.com\\\/shop\\\/blueten-in-gelb\\\/#primaryimage\",\"url\":\"https:\\\/\\\/www.raxxa.com\\\/wp-content\\\/uploads\\\/2022\\\/11\\\/235-3630-Blueten-in-gelb-Isabell-Nehls.png\",\"contentUrl\":\"https:\\\/\\\/www.raxxa.com\\\/wp-content\\\/uploads\\\/2022\\\/11\\\/235-3630-Blueten-in-gelb-Isabell-Nehls.png\",\"width\":800,\"height\":800},{\"@type\":\"BreadcrumbList\",\"@id\":\"https:\\\/\\\/www.raxxa.com\\\/shop\\\/blueten-in-gelb\\\/#breadcrumb\",\"itemListElement\":[{\"@type\":\"ListItem\",\"position\":1,\"name\":\"Startseite\",\"item\":\"https:\\\/\\\/www.raxxa.com\\\/\"},{\"@type\":\"ListItem\",\"position\":2,\"name\":\"Shop\",\"item\":\"https:\\\/\\\/www.raxxa.com\\\/it\\\/shop\\\/\"},{\"@type\":\"ListItem\",\"position\":3,\"name\":\"Bl\u00fcten in gelb\"}]},{\"@type\":\"WebSite\",\"@id\":\"https:\\\/\\\/www.raxxa.com\\\/#website\",\"url\":\"https:\\\/\\\/www.raxxa.com\\\/\",\"name\":\"raxxa\",\"description\":\"Einzigartige individuelle Produkte von unseren Designern\",\"publisher\":{\"@id\":\"https:\\\/\\\/www.raxxa.com\\\/#organization\"},\"potentialAction\":[{\"@type\":\"SearchAction\",\"target\":{\"@type\":\"EntryPoint\",\"urlTemplate\":\"https:\\\/\\\/www.raxxa.com\\\/?s={search_term_string}\"},\"query-input\":{\"@type\":\"PropertyValueSpecification\",\"valueRequired\":true,\"valueName\":\"search_term_string\"}}],\"inLanguage\":\"it-IT\"},{\"@type\":\"Organization\",\"@id\":\"https:\\\/\\\/www.raxxa.com\\\/#organization\",\"name\":\"raxxa\",\"url\":\"https:\\\/\\\/www.raxxa.com\\\/\",\"logo\":{\"@type\":\"ImageObject\",\"inLanguage\":\"it-IT\",\"@id\":\"https:\\\/\\\/www.raxxa.com\\\/#\\\/schema\\\/logo\\\/image\\\/\",\"url\":\"https:\\\/\\\/www.raxxa.com\\\/wp-content\\\/uploads\\\/2022\\\/07\\\/logo_v2.png\",\"contentUrl\":\"https:\\\/\\\/www.raxxa.com\\\/wp-content\\\/uploads\\\/2022\\\/07\\\/logo_v2.png\",\"width\":380,\"height\":382,\"caption\":\"raxxa\"},\"image\":{\"@id\":\"https:\\\/\\\/www.raxxa.com\\\/#\\\/schema\\\/logo\\\/image\\\/\"},\"sameAs\":[\"https:\\\/\\\/facebook.com\\\/raxxacom\"]}]}<\/script>\n<meta property=\"og:availability\" content=\"instock\" \/>\n<meta property=\"product:availability\" content=\"instock\" \/>\n<meta property=\"product:condition\" content=\"new\" \/>\n<!-- \/ Yoast SEO Premium plugin. -->","yoast_head_json":{"title":"Fiori in giallo - raxxa","robots":{"index":"index","follow":"follow","max-snippet":"max-snippet:-1","max-image-preview":"max-image-preview:large","max-video-preview":"max-video-preview:-1"},"canonical":"https:\/\/www.raxxa.com\/it\/shop\/blueten-in-gelb\/","og_locale":"it_IT","og_type":"article","og_title":"Bl\u00fcten in gelb","og_description":"&#8222;Bl\u00fcten in gelb&#8220; by Isabell Nehls Poster in Museumsqualit\u00e4t auf langlebigem mattem (unbeschichtetem) Archivpapier. &#8211; Papiergewicht: 250 g \/ m\u00b2 &#8211; Versand in einer stabilen Verpackung zum Schutz des Posters gelb yellow flower bl\u00fcte blume flowerpower blossom blooming wachsen bl\u00fchen makro makrofotografie makrobl\u00fcte makroblume details nahaufnahme gardenflower gartenblume sommer sommerbl\u00fcte frisch fresh macrophotography","og_url":"https:\/\/www.raxxa.com\/it\/shop\/blueten-in-gelb\/","og_site_name":"raxxa","article_publisher":"https:\/\/facebook.com\/raxxacom","article_modified_time":"2022-11-19T22:32:26+00:00","og_image":[{"width":800,"height":800,"url":"https:\/\/www.raxxa.com\/wp-content\/uploads\/2022\/11\/235-3630-Blueten-in-gelb-Isabell-Nehls.png","type":"image\/png"}],"twitter_card":"summary_large_image","twitter_misc":{"Disponibilit\u00e0":"In stock"},"schema":{"@context":"https:\/\/schema.org","@graph":[{"@type":["WebPage","ItemPage"],"@id":"https:\/\/www.raxxa.com\/shop\/blueten-in-gelb\/","url":"https:\/\/www.raxxa.com\/shop\/blueten-in-gelb\/","name":"Fiori in giallo - raxxa","isPartOf":{"@id":"https:\/\/www.raxxa.com\/#website"},"primaryImageOfPage":{"@id":"https:\/\/www.raxxa.com\/shop\/blueten-in-gelb\/#primaryimage"},"image":{"@id":"https:\/\/www.raxxa.com\/shop\/blueten-in-gelb\/#primaryimage"},"thumbnailUrl":"https:\/\/www.raxxa.com\/wp-content\/uploads\/2022\/11\/235-3630-Blueten-in-gelb-Isabell-Nehls.png","datePublished":"2022-11-19T22:31:17+00:00","dateModified":"2022-11-19T22:32:26+00:00","breadcrumb":{"@id":"https:\/\/www.raxxa.com\/shop\/blueten-in-gelb\/#breadcrumb"},"inLanguage":"it-IT","potentialAction":[{"@type":"ReadAction","target":["https:\/\/www.raxxa.com\/shop\/blueten-in-gelb\/"]}]},{"@type":"ImageObject","inLanguage":"it-IT","@id":"https:\/\/www.raxxa.com\/shop\/blueten-in-gelb\/#primaryimage","url":"https:\/\/www.raxxa.com\/wp-content\/uploads\/2022\/11\/235-3630-Blueten-in-gelb-Isabell-Nehls.png","contentUrl":"https:\/\/www.raxxa.com\/wp-content\/uploads\/2022\/11\/235-3630-Blueten-in-gelb-Isabell-Nehls.png","width":800,"height":800},{"@type":"BreadcrumbList","@id":"https:\/\/www.raxxa.com\/shop\/blueten-in-gelb\/#breadcrumb","itemListElement":[{"@type":"ListItem","position":1,"name":"Startseite","item":"https:\/\/www.raxxa.com\/"},{"@type":"ListItem","position":2,"name":"Shop","item":"https:\/\/www.raxxa.com\/it\/shop\/"},{"@type":"ListItem","position":3,"name":"Bl\u00fcten in gelb"}]},{"@type":"WebSite","@id":"https:\/\/www.raxxa.com\/#website","url":"https:\/\/www.raxxa.com\/","name":"raxxa","description":"Prodotti unici e personalizzati dei nostri designer","publisher":{"@id":"https:\/\/www.raxxa.com\/#organization"},"potentialAction":[{"@type":"SearchAction","target":{"@type":"EntryPoint","urlTemplate":"https:\/\/www.raxxa.com\/?s={search_term_string}"},"query-input":{"@type":"PropertyValueSpecification","valueRequired":true,"valueName":"search_term_string"}}],"inLanguage":"it-IT"},{"@type":"Organization","@id":"https:\/\/www.raxxa.com\/#organization","name":"raxxa","url":"https:\/\/www.raxxa.com\/","logo":{"@type":"ImageObject","inLanguage":"it-IT","@id":"https:\/\/www.raxxa.com\/#\/schema\/logo\/image\/","url":"https:\/\/www.raxxa.com\/wp-content\/uploads\/2022\/07\/logo_v2.png","contentUrl":"https:\/\/www.raxxa.com\/wp-content\/uploads\/2022\/07\/logo_v2.png","width":380,"height":382,"caption":"raxxa"},"image":{"@id":"https:\/\/www.raxxa.com\/#\/schema\/logo\/image\/"},"sameAs":["https:\/\/facebook.com\/raxxacom"]}]},"og_availability":"instock","product_availability":"instock","product_condition":"new"},"jetpack_sharing_enabled":true,"_links":{"self":[{"href":"https:\/\/www.raxxa.com\/it\/wp-json\/wp\/v2\/product\/151445","targetHints":{"allow":["GET"]}}],"collection":[{"href":"https:\/\/www.raxxa.com\/it\/wp-json\/wp\/v2\/product"}],"about":[{"href":"https:\/\/www.raxxa.com\/it\/wp-json\/wp\/v2\/types\/product"}],"replies":[{"embeddable":true,"href":"https:\/\/www.raxxa.com\/it\/wp-json\/wp\/v2\/comments?post=151445"}],"wp:featuredmedia":[{"embeddable":true,"href":"https:\/\/www.raxxa.com\/it\/wp-json\/wp\/v2\/media\/151435"}],"wp:attachment":[{"href":"https:\/\/www.raxxa.com\/it\/wp-json\/wp\/v2\/media?parent=151445"}],"wp:term":[{"taxonomy":"product_brand","embeddable":true,"href":"https:\/\/www.raxxa.com\/it\/wp-json\/wp\/v2\/product_brand?post=151445"},{"taxonomy":"product_cat","embeddable":true,"href":"https:\/\/www.raxxa.com\/it\/wp-json\/wp\/v2\/product_cat?post=151445"},{"taxonomy":"product_tag","embeddable":true,"href":"https:\/\/www.raxxa.com\/it\/wp-json\/wp\/v2\/product_tag?post=151445"}],"curies":[{"name":"wp","href":"https:\/\/api.w.org\/{rel}","templated":true}]}}