{"id":150040,"date":"2022-07-07T01:43:22","date_gmt":"2022-07-06T23:43:22","guid":{"rendered":"https:\/\/www.raxxa.com\/shop\/azoren-blick-zum-vulkan-pico\/"},"modified":"2022-07-07T01:44:01","modified_gmt":"2022-07-06T23:44:01","slug":"azoren-blick-zum-vulkan-pico","status":"publish","type":"product","link":"https:\/\/www.raxxa.com\/it\/shop\/azoren-blick-zum-vulkan-pico\/","title":{"rendered":"Azzorre - Vista sul vulcano Pico"},"content":{"rendered":"<p style=\"margin-right: 0px;margin-bottom: 1em;margin-left: 0px;line-height: 1.4285em;, sans-serif\"><span style=\"font-weight: bolder\">\"Azzorre - Vista sul vulcano Pico\" di Ralf Lehmann<\/span><\/p>\n<p style=\"margin-right: 0px;margin-bottom: 1em;margin-left: 0px;line-height: 1.4285em;, sans-serif\"><span><\/span><\/p>\n<p style=\"margin-right: 0px;margin-bottom: 1em;margin-left: 0px;line-height: 1.4285em;, sans-serif\"><span>Azzorre - Vista dal lato nord dell'isola di Sao Jorge verso l'imponente vulcano Pico sulla vicina isola omonima, una strada sterrata rossa conduce la vista attraverso pascoli con una mandria di bovini - Localit\u00e0: Azzorre, Sao Jorge, Pico<\/span><\/p>\n<p style=\"margin-right: 0px;margin-bottom: 1em;margin-left: 0px;line-height: 1.4285em;, sans-serif\">Poster di qualit\u00e0 museale su carta d'archivio resistente e opaca (non patinata).<\/p>\n<p style=\"margin-right: 0px;margin-bottom: 1em;margin-left: 0px;line-height: 1.4285em;, sans-serif\">- Peso della carta: 250 g \/ m\u00b2<\/p>\n<p style=\"margin-right: 0px;margin-bottom: 1em;margin-left: 0px;line-height: 1.4285em;, sans-serif\">- Spedito in un imballaggio robusto per proteggere il poster<\/p>\n<p>Azzorre sao jorge acqua cielo nuvole mare stretto oceano atlantico isola deserta arcipelago vulcano isole vulcaniche vista disposizione composizione prospettiva sfondo azzorre viaggio turismo giorno luce grandangolo totale localit\u00e0 punto di riferimento montagna rocce prato pascoli campi bestiame bestiame sentiero escursionistico campo sentiero blu verde rosso testo spazio libero<\/p>","protected":false},"excerpt":{"rendered":"<p>&#8222;Azoren &#8211; Blick zum Vulkan Pico&#8220; by Ralf Lehmann Azoren &#8211; Blick von der Nordseite der Insel Sao Jorge zum imposanten Vulkan Pico auf der gleichnamigen benachbarten Insel, ein roter Feldweg f\u00fchrt den Blick durch Weidefl\u00e4chen mit Rinderherde &#8211; Location: Azores, Sao Jorge, Pico Poster in Museumsqualit\u00e4t auf langlebigem mattem (unbeschichtetem) Archivpapier. &#8211; Papiergewicht: 250 [&hellip;]<\/p>\n","protected":false},"featured_media":150030,"comment_status":"open","ping_status":"closed","template":"","meta":[],"product_brand":[],"product_cat":[10351,136],"product_tag":[7787,7395,7375,7619,7504,7946,7618,7621,7731,7367,8181,8035,8544,7622,7779,9689,8106],"class_list":{"0":"post-150040","1":"product","2":"type-product","3":"status-publish","4":"has-post-thumbnail","6":"product_cat-ralf-lehmann","7":"product_cat-natur","8":"product_tag-berg","9":"product_tag-blau","10":"product_tag-gruen","11":"product_tag-himmel","12":"product_tag-hintergrund","13":"product_tag-insel","14":"product_tag-meer","15":"product_tag-ozean","16":"product_tag-perspektive","17":"product_tag-rot","18":"product_tag-tag","19":"product_tag-tageslicht","20":"product_tag-wahrzeichen","21":"product_tag-wasser","22":"product_tag-wiese","23":"product_tag-wiesen","24":"product_tag-wolken","26":"first","27":"instock","28":"taxable","29":"shipping-taxable","30":"purchasable","31":"product-type-variable"},"yoast_head":"<!-- This site is optimized with the Yoast SEO Premium plugin v27.2 (Yoast SEO v27.3) - https:\/\/yoast.com\/product\/yoast-seo-premium-wordpress\/ -->\n<title>Azoren - Blick zum Vulkan Pico - raxxa<\/title>\n<meta name=\"robots\" content=\"index, follow, max-snippet:-1, max-image-preview:large, max-video-preview:-1\" \/>\n<link rel=\"canonical\" href=\"https:\/\/www.raxxa.com\/it\/shop\/azoren-blick-zum-vulkan-pico\/\" \/>\n<meta property=\"og:locale\" content=\"it_IT\" \/>\n<meta property=\"og:type\" content=\"article\" \/>\n<meta property=\"og:title\" content=\"Azoren - Blick zum Vulkan Pico\" \/>\n<meta property=\"og:description\" content=\"&#8222;Azoren &#8211; Blick zum Vulkan Pico&#8220; by Ralf Lehmann Azoren &#8211; Blick von der Nordseite der Insel Sao Jorge zum imposanten Vulkan Pico auf der gleichnamigen benachbarten Insel, ein roter Feldweg f\u00fchrt den Blick durch Weidefl\u00e4chen mit Rinderherde &#8211; Location: Azores, Sao Jorge, Pico Poster in Museumsqualit\u00e4t auf langlebigem mattem (unbeschichtetem) Archivpapier. &#8211; Papiergewicht: 250 [&hellip;]\" \/>\n<meta property=\"og:url\" content=\"https:\/\/www.raxxa.com\/it\/shop\/azoren-blick-zum-vulkan-pico\/\" \/>\n<meta property=\"og:site_name\" content=\"raxxa\" \/>\n<meta property=\"article:publisher\" content=\"https:\/\/facebook.com\/raxxacom\" \/>\n<meta property=\"article:modified_time\" content=\"2022-07-06T23:44:01+00:00\" \/>\n<meta property=\"og:image\" content=\"https:\/\/www.raxxa.com\/wp-content\/uploads\/2022\/07\/218-3238-Azoren-Blick-zum-Vulkan-Pico-Ralf-Lehmann.png\" \/>\n\t<meta property=\"og:image:width\" content=\"800\" \/>\n\t<meta property=\"og:image:height\" content=\"800\" \/>\n\t<meta property=\"og:image:type\" content=\"image\/png\" \/>\n<meta name=\"twitter:card\" content=\"summary_large_image\" \/>\n<meta name=\"twitter:label1\" content=\"Disponibilit\u00e0\" \/>\n\t<meta name=\"twitter:data1\" content=\"In stock\" \/>\n<script type=\"application\/ld+json\" class=\"yoast-schema-graph\">{\"@context\":\"https:\\\/\\\/schema.org\",\"@graph\":[{\"@type\":[\"WebPage\",\"ItemPage\"],\"@id\":\"https:\\\/\\\/www.raxxa.com\\\/shop\\\/azoren-blick-zum-vulkan-pico\\\/\",\"url\":\"https:\\\/\\\/www.raxxa.com\\\/shop\\\/azoren-blick-zum-vulkan-pico\\\/\",\"name\":\"Azoren - Blick zum Vulkan Pico - raxxa\",\"isPartOf\":{\"@id\":\"https:\\\/\\\/www.raxxa.com\\\/#website\"},\"primaryImageOfPage\":{\"@id\":\"https:\\\/\\\/www.raxxa.com\\\/shop\\\/azoren-blick-zum-vulkan-pico\\\/#primaryimage\"},\"image\":{\"@id\":\"https:\\\/\\\/www.raxxa.com\\\/shop\\\/azoren-blick-zum-vulkan-pico\\\/#primaryimage\"},\"thumbnailUrl\":\"https:\\\/\\\/www.raxxa.com\\\/wp-content\\\/uploads\\\/2022\\\/07\\\/218-3238-Azoren-Blick-zum-Vulkan-Pico-Ralf-Lehmann.png\",\"datePublished\":\"2022-07-06T23:43:22+00:00\",\"dateModified\":\"2022-07-06T23:44:01+00:00\",\"breadcrumb\":{\"@id\":\"https:\\\/\\\/www.raxxa.com\\\/shop\\\/azoren-blick-zum-vulkan-pico\\\/#breadcrumb\"},\"inLanguage\":\"it-IT\",\"potentialAction\":[{\"@type\":\"ReadAction\",\"target\":[\"https:\\\/\\\/www.raxxa.com\\\/shop\\\/azoren-blick-zum-vulkan-pico\\\/\"]}]},{\"@type\":\"ImageObject\",\"inLanguage\":\"it-IT\",\"@id\":\"https:\\\/\\\/www.raxxa.com\\\/shop\\\/azoren-blick-zum-vulkan-pico\\\/#primaryimage\",\"url\":\"https:\\\/\\\/www.raxxa.com\\\/wp-content\\\/uploads\\\/2022\\\/07\\\/218-3238-Azoren-Blick-zum-Vulkan-Pico-Ralf-Lehmann.png\",\"contentUrl\":\"https:\\\/\\\/www.raxxa.com\\\/wp-content\\\/uploads\\\/2022\\\/07\\\/218-3238-Azoren-Blick-zum-Vulkan-Pico-Ralf-Lehmann.png\",\"width\":800,\"height\":800},{\"@type\":\"BreadcrumbList\",\"@id\":\"https:\\\/\\\/www.raxxa.com\\\/shop\\\/azoren-blick-zum-vulkan-pico\\\/#breadcrumb\",\"itemListElement\":[{\"@type\":\"ListItem\",\"position\":1,\"name\":\"Startseite\",\"item\":\"https:\\\/\\\/www.raxxa.com\\\/\"},{\"@type\":\"ListItem\",\"position\":2,\"name\":\"Shop\",\"item\":\"https:\\\/\\\/www.raxxa.com\\\/it\\\/shop\\\/\"},{\"@type\":\"ListItem\",\"position\":3,\"name\":\"Azoren &#8211; Blick zum Vulkan Pico\"}]},{\"@type\":\"WebSite\",\"@id\":\"https:\\\/\\\/www.raxxa.com\\\/#website\",\"url\":\"https:\\\/\\\/www.raxxa.com\\\/\",\"name\":\"raxxa\",\"description\":\"Einzigartige individuelle Produkte von unseren Designern\",\"publisher\":{\"@id\":\"https:\\\/\\\/www.raxxa.com\\\/#organization\"},\"potentialAction\":[{\"@type\":\"SearchAction\",\"target\":{\"@type\":\"EntryPoint\",\"urlTemplate\":\"https:\\\/\\\/www.raxxa.com\\\/?s={search_term_string}\"},\"query-input\":{\"@type\":\"PropertyValueSpecification\",\"valueRequired\":true,\"valueName\":\"search_term_string\"}}],\"inLanguage\":\"it-IT\"},{\"@type\":\"Organization\",\"@id\":\"https:\\\/\\\/www.raxxa.com\\\/#organization\",\"name\":\"raxxa\",\"url\":\"https:\\\/\\\/www.raxxa.com\\\/\",\"logo\":{\"@type\":\"ImageObject\",\"inLanguage\":\"it-IT\",\"@id\":\"https:\\\/\\\/www.raxxa.com\\\/#\\\/schema\\\/logo\\\/image\\\/\",\"url\":\"https:\\\/\\\/www.raxxa.com\\\/wp-content\\\/uploads\\\/2022\\\/07\\\/logo_v2.png\",\"contentUrl\":\"https:\\\/\\\/www.raxxa.com\\\/wp-content\\\/uploads\\\/2022\\\/07\\\/logo_v2.png\",\"width\":380,\"height\":382,\"caption\":\"raxxa\"},\"image\":{\"@id\":\"https:\\\/\\\/www.raxxa.com\\\/#\\\/schema\\\/logo\\\/image\\\/\"},\"sameAs\":[\"https:\\\/\\\/facebook.com\\\/raxxacom\"]}]}<\/script>\n<meta property=\"og:availability\" content=\"instock\" \/>\n<meta property=\"product:availability\" content=\"instock\" \/>\n<meta property=\"product:condition\" content=\"new\" \/>\n<!-- \/ Yoast SEO Premium plugin. -->","yoast_head_json":{"title":"Azzorre - Vista sul vulcano Pico - raxxa","robots":{"index":"index","follow":"follow","max-snippet":"max-snippet:-1","max-image-preview":"max-image-preview:large","max-video-preview":"max-video-preview:-1"},"canonical":"https:\/\/www.raxxa.com\/it\/shop\/azoren-blick-zum-vulkan-pico\/","og_locale":"it_IT","og_type":"article","og_title":"Azoren - Blick zum Vulkan Pico","og_description":"&#8222;Azoren &#8211; Blick zum Vulkan Pico&#8220; by Ralf Lehmann Azoren &#8211; Blick von der Nordseite der Insel Sao Jorge zum imposanten Vulkan Pico auf der gleichnamigen benachbarten Insel, ein roter Feldweg f\u00fchrt den Blick durch Weidefl\u00e4chen mit Rinderherde &#8211; Location: Azores, Sao Jorge, Pico Poster in Museumsqualit\u00e4t auf langlebigem mattem (unbeschichtetem) Archivpapier. &#8211; Papiergewicht: 250 [&hellip;]","og_url":"https:\/\/www.raxxa.com\/it\/shop\/azoren-blick-zum-vulkan-pico\/","og_site_name":"raxxa","article_publisher":"https:\/\/facebook.com\/raxxacom","article_modified_time":"2022-07-06T23:44:01+00:00","og_image":[{"width":800,"height":800,"url":"https:\/\/www.raxxa.com\/wp-content\/uploads\/2022\/07\/218-3238-Azoren-Blick-zum-Vulkan-Pico-Ralf-Lehmann.png","type":"image\/png"}],"twitter_card":"summary_large_image","twitter_misc":{"Disponibilit\u00e0":"In stock"},"schema":{"@context":"https:\/\/schema.org","@graph":[{"@type":["WebPage","ItemPage"],"@id":"https:\/\/www.raxxa.com\/shop\/azoren-blick-zum-vulkan-pico\/","url":"https:\/\/www.raxxa.com\/shop\/azoren-blick-zum-vulkan-pico\/","name":"Azzorre - Vista sul vulcano Pico - raxxa","isPartOf":{"@id":"https:\/\/www.raxxa.com\/#website"},"primaryImageOfPage":{"@id":"https:\/\/www.raxxa.com\/shop\/azoren-blick-zum-vulkan-pico\/#primaryimage"},"image":{"@id":"https:\/\/www.raxxa.com\/shop\/azoren-blick-zum-vulkan-pico\/#primaryimage"},"thumbnailUrl":"https:\/\/www.raxxa.com\/wp-content\/uploads\/2022\/07\/218-3238-Azoren-Blick-zum-Vulkan-Pico-Ralf-Lehmann.png","datePublished":"2022-07-06T23:43:22+00:00","dateModified":"2022-07-06T23:44:01+00:00","breadcrumb":{"@id":"https:\/\/www.raxxa.com\/shop\/azoren-blick-zum-vulkan-pico\/#breadcrumb"},"inLanguage":"it-IT","potentialAction":[{"@type":"ReadAction","target":["https:\/\/www.raxxa.com\/shop\/azoren-blick-zum-vulkan-pico\/"]}]},{"@type":"ImageObject","inLanguage":"it-IT","@id":"https:\/\/www.raxxa.com\/shop\/azoren-blick-zum-vulkan-pico\/#primaryimage","url":"https:\/\/www.raxxa.com\/wp-content\/uploads\/2022\/07\/218-3238-Azoren-Blick-zum-Vulkan-Pico-Ralf-Lehmann.png","contentUrl":"https:\/\/www.raxxa.com\/wp-content\/uploads\/2022\/07\/218-3238-Azoren-Blick-zum-Vulkan-Pico-Ralf-Lehmann.png","width":800,"height":800},{"@type":"BreadcrumbList","@id":"https:\/\/www.raxxa.com\/shop\/azoren-blick-zum-vulkan-pico\/#breadcrumb","itemListElement":[{"@type":"ListItem","position":1,"name":"Startseite","item":"https:\/\/www.raxxa.com\/"},{"@type":"ListItem","position":2,"name":"Shop","item":"https:\/\/www.raxxa.com\/it\/shop\/"},{"@type":"ListItem","position":3,"name":"Azoren &#8211; Blick zum Vulkan Pico"}]},{"@type":"WebSite","@id":"https:\/\/www.raxxa.com\/#website","url":"https:\/\/www.raxxa.com\/","name":"raxxa","description":"Prodotti unici e personalizzati dei nostri designer","publisher":{"@id":"https:\/\/www.raxxa.com\/#organization"},"potentialAction":[{"@type":"SearchAction","target":{"@type":"EntryPoint","urlTemplate":"https:\/\/www.raxxa.com\/?s={search_term_string}"},"query-input":{"@type":"PropertyValueSpecification","valueRequired":true,"valueName":"search_term_string"}}],"inLanguage":"it-IT"},{"@type":"Organization","@id":"https:\/\/www.raxxa.com\/#organization","name":"raxxa","url":"https:\/\/www.raxxa.com\/","logo":{"@type":"ImageObject","inLanguage":"it-IT","@id":"https:\/\/www.raxxa.com\/#\/schema\/logo\/image\/","url":"https:\/\/www.raxxa.com\/wp-content\/uploads\/2022\/07\/logo_v2.png","contentUrl":"https:\/\/www.raxxa.com\/wp-content\/uploads\/2022\/07\/logo_v2.png","width":380,"height":382,"caption":"raxxa"},"image":{"@id":"https:\/\/www.raxxa.com\/#\/schema\/logo\/image\/"},"sameAs":["https:\/\/facebook.com\/raxxacom"]}]},"og_availability":"instock","product_availability":"instock","product_condition":"new"},"jetpack_sharing_enabled":true,"_links":{"self":[{"href":"https:\/\/www.raxxa.com\/it\/wp-json\/wp\/v2\/product\/150040","targetHints":{"allow":["GET"]}}],"collection":[{"href":"https:\/\/www.raxxa.com\/it\/wp-json\/wp\/v2\/product"}],"about":[{"href":"https:\/\/www.raxxa.com\/it\/wp-json\/wp\/v2\/types\/product"}],"replies":[{"embeddable":true,"href":"https:\/\/www.raxxa.com\/it\/wp-json\/wp\/v2\/comments?post=150040"}],"wp:featuredmedia":[{"embeddable":true,"href":"https:\/\/www.raxxa.com\/it\/wp-json\/wp\/v2\/media\/150030"}],"wp:attachment":[{"href":"https:\/\/www.raxxa.com\/it\/wp-json\/wp\/v2\/media?parent=150040"}],"wp:term":[{"taxonomy":"product_brand","embeddable":true,"href":"https:\/\/www.raxxa.com\/it\/wp-json\/wp\/v2\/product_brand?post=150040"},{"taxonomy":"product_cat","embeddable":true,"href":"https:\/\/www.raxxa.com\/it\/wp-json\/wp\/v2\/product_cat?post=150040"},{"taxonomy":"product_tag","embeddable":true,"href":"https:\/\/www.raxxa.com\/it\/wp-json\/wp\/v2\/product_tag?post=150040"}],"curies":[{"name":"wp","href":"https:\/\/api.w.org\/{rel}","templated":true}]}}