{"id":149901,"date":"2022-07-07T01:24:17","date_gmt":"2022-07-06T23:24:17","guid":{"rendered":"https:\/\/www.raxxa.com\/shop\/hawaii-lava-tritt-aus-einer-erdspalte-aus\/"},"modified":"2022-07-07T01:24:59","modified_gmt":"2022-07-06T23:24:59","slug":"hawaii-lava-tritt-aus-einer-erdspalte-aus","status":"publish","type":"product","link":"https:\/\/www.raxxa.com\/it\/shop\/hawaii-lava-tritt-aus-einer-erdspalte-aus\/","title":{"rendered":"Hawaii - La lava erutta da una fessura nella terra"},"content":{"rendered":"<p style=\"margin-right: 0px;margin-bottom: 1em;margin-left: 0px;line-height: 1.4285em;, sans-serif\"><span style=\"font-weight: bolder\">\"Hawaii - La lava emerge da una fessura nella terra\" di Ralf Lehmann<\/span><\/p>\n<p style=\"margin-right: 0px;margin-bottom: 1em;margin-left: 0px;line-height: 1.4285em;, sans-serif\"><span><\/span><\/p>\n<p style=\"margin-right: 0px;margin-bottom: 1em;margin-left: 0px;line-height: 1.4285em;, sans-serif\"><span>Una colata di lava emerge da una fessura nella terra e scorre in un paesaggio vulcanico nero, la lava incandescente si raffredda lentamente e si solidifica, nel cielo appare la prima luce del giorno - Luogo: Hawaii, Big Island, vulcano Kilauea<\/span><\/p>\n<p style=\"margin-right: 0px;margin-bottom: 1em;margin-left: 0px;line-height: 1.4285em;, sans-serif\">Poster di qualit\u00e0 museale su carta d'archivio resistente e opaca (non patinata).<\/p>\n<p style=\"margin-right: 0px;margin-bottom: 1em;margin-left: 0px;line-height: 1.4285em;, sans-serif\">- Peso della carta: 250 g \/ m\u00b2<\/p>\n<p style=\"margin-right: 0px;margin-bottom: 1em;margin-left: 0px;line-height: 1.4285em;, sans-serif\">- Spedito in un imballaggio robusto per proteggere il poster<\/p>\n<p>primo piano kalapana puna vulcano hawaii kilauea magma vulcanico isola vulcanica colata lavica calda hawaii viaggio paesaggio natura naturale rosso giallo arancio nero calore calore grande isola potenza elementare roccia liquida incandescente lava liquida calda geologia destinazione buio eruzione vulcanica eruzione geologica deserto cielo nuvole mattina luce<\/p>","protected":false},"excerpt":{"rendered":"<p>&#8222;Hawaii &#8211; Lava tritt aus einer Erdspalte aus&#8220; by Ralf Lehmann Ein Lavastrom tritt aus einer Erdspalte aus und flie\u00dft in einer schwarzen Vulkanlandschaft, die gl\u00fchende Lava k\u00fchlt langsam ab und erstarrt, am Himmel zeigt sich das erste Tageslicht &#8211; Location: Hawaii, Big Island, Vulkan Kilauea Poster in Museumsqualit\u00e4t auf langlebigem mattem (unbeschichtetem) Archivpapier. &#8211; [&hellip;]<\/p>\n","protected":false},"featured_media":149891,"comment_status":"open","ping_status":"closed","template":"","meta":[],"product_brand":[],"product_cat":[10351,136],"product_tag":[8994,8016,7370,7656,7657,7619,7651,8076,8220,7785,7449,7546,7379,7367,7839,8106],"class_list":{"0":"post-149901","1":"product","2":"type-product","3":"status-publish","4":"has-post-thumbnail","6":"product_cat-ralf-lehmann","7":"product_cat-natur","8":"product_tag-big","9":"product_tag-dunkel","10":"product_tag-gelb","11":"product_tag-gluehend","12":"product_tag-heiss","13":"product_tag-himmel","14":"product_tag-hitze","15":"product_tag-island","16":"product_tag-kraft","17":"product_tag-landschaft","18":"product_tag-nahaufnahme","19":"product_tag-natur","20":"product_tag-orange","21":"product_tag-rot","22":"product_tag-schwarz","23":"product_tag-wolken","25":"first","26":"instock","27":"taxable","28":"shipping-taxable","29":"purchasable","30":"product-type-variable"},"yoast_head":"<!-- This site is optimized with the Yoast SEO Premium plugin v27.4 (Yoast SEO v27.4) - https:\/\/yoast.com\/product\/yoast-seo-premium-wordpress\/ -->\n<title>Hawaii - Lava tritt aus einer Erdspalte aus - raxxa<\/title>\n<meta name=\"robots\" content=\"index, follow, max-snippet:-1, max-image-preview:large, max-video-preview:-1\" \/>\n<link rel=\"canonical\" href=\"https:\/\/www.raxxa.com\/it\/shop\/hawaii-lava-tritt-aus-einer-erdspalte-aus\/\" \/>\n<meta property=\"og:locale\" content=\"it_IT\" \/>\n<meta property=\"og:type\" content=\"article\" \/>\n<meta property=\"og:title\" content=\"Hawaii - Lava tritt aus einer Erdspalte aus\" \/>\n<meta property=\"og:description\" content=\"&#8222;Hawaii &#8211; Lava tritt aus einer Erdspalte aus&#8220; by Ralf Lehmann Ein Lavastrom tritt aus einer Erdspalte aus und flie\u00dft in einer schwarzen Vulkanlandschaft, die gl\u00fchende Lava k\u00fchlt langsam ab und erstarrt, am Himmel zeigt sich das erste Tageslicht &#8211; Location: Hawaii, Big Island, Vulkan Kilauea Poster in Museumsqualit\u00e4t auf langlebigem mattem (unbeschichtetem) Archivpapier. &#8211; [&hellip;]\" \/>\n<meta property=\"og:url\" content=\"https:\/\/www.raxxa.com\/it\/shop\/hawaii-lava-tritt-aus-einer-erdspalte-aus\/\" \/>\n<meta property=\"og:site_name\" content=\"raxxa\" \/>\n<meta property=\"article:publisher\" content=\"https:\/\/facebook.com\/raxxacom\" \/>\n<meta property=\"article:modified_time\" content=\"2022-07-06T23:24:59+00:00\" \/>\n<meta property=\"og:image\" content=\"https:\/\/www.raxxa.com\/wp-content\/uploads\/2022\/07\/218-3232-Hawaii-Lava-tritt-aus-einer-Erdspalte-aus-Ralf-Lehmann.png\" \/>\n\t<meta property=\"og:image:width\" content=\"800\" \/>\n\t<meta property=\"og:image:height\" content=\"800\" \/>\n\t<meta property=\"og:image:type\" content=\"image\/png\" \/>\n<meta name=\"twitter:card\" content=\"summary_large_image\" \/>\n<meta name=\"twitter:label1\" content=\"Disponibilit\u00e0\" \/>\n\t<meta name=\"twitter:data1\" content=\"In stock\" \/>\n<script type=\"application\/ld+json\" class=\"yoast-schema-graph\">{\"@context\":\"https:\\\/\\\/schema.org\",\"@graph\":[{\"@type\":[\"WebPage\",\"ItemPage\"],\"@id\":\"https:\\\/\\\/www.raxxa.com\\\/shop\\\/hawaii-lava-tritt-aus-einer-erdspalte-aus\\\/\",\"url\":\"https:\\\/\\\/www.raxxa.com\\\/shop\\\/hawaii-lava-tritt-aus-einer-erdspalte-aus\\\/\",\"name\":\"Hawaii - Lava tritt aus einer Erdspalte aus - raxxa\",\"isPartOf\":{\"@id\":\"https:\\\/\\\/www.raxxa.com\\\/#website\"},\"primaryImageOfPage\":{\"@id\":\"https:\\\/\\\/www.raxxa.com\\\/shop\\\/hawaii-lava-tritt-aus-einer-erdspalte-aus\\\/#primaryimage\"},\"image\":{\"@id\":\"https:\\\/\\\/www.raxxa.com\\\/shop\\\/hawaii-lava-tritt-aus-einer-erdspalte-aus\\\/#primaryimage\"},\"thumbnailUrl\":\"https:\\\/\\\/www.raxxa.com\\\/wp-content\\\/uploads\\\/2022\\\/07\\\/218-3232-Hawaii-Lava-tritt-aus-einer-Erdspalte-aus-Ralf-Lehmann.png\",\"datePublished\":\"2022-07-06T23:24:17+00:00\",\"dateModified\":\"2022-07-06T23:24:59+00:00\",\"breadcrumb\":{\"@id\":\"https:\\\/\\\/www.raxxa.com\\\/shop\\\/hawaii-lava-tritt-aus-einer-erdspalte-aus\\\/#breadcrumb\"},\"inLanguage\":\"it-IT\",\"potentialAction\":[{\"@type\":\"ReadAction\",\"target\":[\"https:\\\/\\\/www.raxxa.com\\\/shop\\\/hawaii-lava-tritt-aus-einer-erdspalte-aus\\\/\"]}]},{\"@type\":\"ImageObject\",\"inLanguage\":\"it-IT\",\"@id\":\"https:\\\/\\\/www.raxxa.com\\\/shop\\\/hawaii-lava-tritt-aus-einer-erdspalte-aus\\\/#primaryimage\",\"url\":\"https:\\\/\\\/www.raxxa.com\\\/wp-content\\\/uploads\\\/2022\\\/07\\\/218-3232-Hawaii-Lava-tritt-aus-einer-Erdspalte-aus-Ralf-Lehmann.png\",\"contentUrl\":\"https:\\\/\\\/www.raxxa.com\\\/wp-content\\\/uploads\\\/2022\\\/07\\\/218-3232-Hawaii-Lava-tritt-aus-einer-Erdspalte-aus-Ralf-Lehmann.png\",\"width\":800,\"height\":800},{\"@type\":\"BreadcrumbList\",\"@id\":\"https:\\\/\\\/www.raxxa.com\\\/shop\\\/hawaii-lava-tritt-aus-einer-erdspalte-aus\\\/#breadcrumb\",\"itemListElement\":[{\"@type\":\"ListItem\",\"position\":1,\"name\":\"Startseite\",\"item\":\"https:\\\/\\\/www.raxxa.com\\\/\"},{\"@type\":\"ListItem\",\"position\":2,\"name\":\"Shop\",\"item\":\"https:\\\/\\\/www.raxxa.com\\\/it\\\/shop\\\/\"},{\"@type\":\"ListItem\",\"position\":3,\"name\":\"Hawaii &#8211; Lava tritt aus einer Erdspalte aus\"}]},{\"@type\":\"WebSite\",\"@id\":\"https:\\\/\\\/www.raxxa.com\\\/#website\",\"url\":\"https:\\\/\\\/www.raxxa.com\\\/\",\"name\":\"raxxa\",\"description\":\"Einzigartige individuelle Produkte von unseren Designern\",\"publisher\":{\"@id\":\"https:\\\/\\\/www.raxxa.com\\\/#organization\"},\"potentialAction\":[{\"@type\":\"SearchAction\",\"target\":{\"@type\":\"EntryPoint\",\"urlTemplate\":\"https:\\\/\\\/www.raxxa.com\\\/?s={search_term_string}\"},\"query-input\":{\"@type\":\"PropertyValueSpecification\",\"valueRequired\":true,\"valueName\":\"search_term_string\"}}],\"inLanguage\":\"it-IT\"},{\"@type\":\"Organization\",\"@id\":\"https:\\\/\\\/www.raxxa.com\\\/#organization\",\"name\":\"raxxa\",\"url\":\"https:\\\/\\\/www.raxxa.com\\\/\",\"logo\":{\"@type\":\"ImageObject\",\"inLanguage\":\"it-IT\",\"@id\":\"https:\\\/\\\/www.raxxa.com\\\/#\\\/schema\\\/logo\\\/image\\\/\",\"url\":\"https:\\\/\\\/www.raxxa.com\\\/wp-content\\\/uploads\\\/2022\\\/07\\\/logo_v2.png\",\"contentUrl\":\"https:\\\/\\\/www.raxxa.com\\\/wp-content\\\/uploads\\\/2022\\\/07\\\/logo_v2.png\",\"width\":380,\"height\":382,\"caption\":\"raxxa\"},\"image\":{\"@id\":\"https:\\\/\\\/www.raxxa.com\\\/#\\\/schema\\\/logo\\\/image\\\/\"},\"sameAs\":[\"https:\\\/\\\/facebook.com\\\/raxxacom\"]}]}<\/script>\n<meta property=\"og:availability\" content=\"instock\" \/>\n<meta property=\"product:availability\" content=\"instock\" \/>\n<meta property=\"product:condition\" content=\"new\" \/>\n<!-- \/ Yoast SEO Premium plugin. -->","yoast_head_json":{"title":"Hawaii - La lava emerge da una fessura - raxxa","robots":{"index":"index","follow":"follow","max-snippet":"max-snippet:-1","max-image-preview":"max-image-preview:large","max-video-preview":"max-video-preview:-1"},"canonical":"https:\/\/www.raxxa.com\/it\/shop\/hawaii-lava-tritt-aus-einer-erdspalte-aus\/","og_locale":"it_IT","og_type":"article","og_title":"Hawaii - Lava tritt aus einer Erdspalte aus","og_description":"&#8222;Hawaii &#8211; Lava tritt aus einer Erdspalte aus&#8220; by Ralf Lehmann Ein Lavastrom tritt aus einer Erdspalte aus und flie\u00dft in einer schwarzen Vulkanlandschaft, die gl\u00fchende Lava k\u00fchlt langsam ab und erstarrt, am Himmel zeigt sich das erste Tageslicht &#8211; Location: Hawaii, Big Island, Vulkan Kilauea Poster in Museumsqualit\u00e4t auf langlebigem mattem (unbeschichtetem) Archivpapier. &#8211; [&hellip;]","og_url":"https:\/\/www.raxxa.com\/it\/shop\/hawaii-lava-tritt-aus-einer-erdspalte-aus\/","og_site_name":"raxxa","article_publisher":"https:\/\/facebook.com\/raxxacom","article_modified_time":"2022-07-06T23:24:59+00:00","og_image":[{"width":800,"height":800,"url":"https:\/\/www.raxxa.com\/wp-content\/uploads\/2022\/07\/218-3232-Hawaii-Lava-tritt-aus-einer-Erdspalte-aus-Ralf-Lehmann.png","type":"image\/png"}],"twitter_card":"summary_large_image","twitter_misc":{"Disponibilit\u00e0":"In stock"},"schema":{"@context":"https:\/\/schema.org","@graph":[{"@type":["WebPage","ItemPage"],"@id":"https:\/\/www.raxxa.com\/shop\/hawaii-lava-tritt-aus-einer-erdspalte-aus\/","url":"https:\/\/www.raxxa.com\/shop\/hawaii-lava-tritt-aus-einer-erdspalte-aus\/","name":"Hawaii - La lava emerge da una fessura - raxxa","isPartOf":{"@id":"https:\/\/www.raxxa.com\/#website"},"primaryImageOfPage":{"@id":"https:\/\/www.raxxa.com\/shop\/hawaii-lava-tritt-aus-einer-erdspalte-aus\/#primaryimage"},"image":{"@id":"https:\/\/www.raxxa.com\/shop\/hawaii-lava-tritt-aus-einer-erdspalte-aus\/#primaryimage"},"thumbnailUrl":"https:\/\/www.raxxa.com\/wp-content\/uploads\/2022\/07\/218-3232-Hawaii-Lava-tritt-aus-einer-Erdspalte-aus-Ralf-Lehmann.png","datePublished":"2022-07-06T23:24:17+00:00","dateModified":"2022-07-06T23:24:59+00:00","breadcrumb":{"@id":"https:\/\/www.raxxa.com\/shop\/hawaii-lava-tritt-aus-einer-erdspalte-aus\/#breadcrumb"},"inLanguage":"it-IT","potentialAction":[{"@type":"ReadAction","target":["https:\/\/www.raxxa.com\/shop\/hawaii-lava-tritt-aus-einer-erdspalte-aus\/"]}]},{"@type":"ImageObject","inLanguage":"it-IT","@id":"https:\/\/www.raxxa.com\/shop\/hawaii-lava-tritt-aus-einer-erdspalte-aus\/#primaryimage","url":"https:\/\/www.raxxa.com\/wp-content\/uploads\/2022\/07\/218-3232-Hawaii-Lava-tritt-aus-einer-Erdspalte-aus-Ralf-Lehmann.png","contentUrl":"https:\/\/www.raxxa.com\/wp-content\/uploads\/2022\/07\/218-3232-Hawaii-Lava-tritt-aus-einer-Erdspalte-aus-Ralf-Lehmann.png","width":800,"height":800},{"@type":"BreadcrumbList","@id":"https:\/\/www.raxxa.com\/shop\/hawaii-lava-tritt-aus-einer-erdspalte-aus\/#breadcrumb","itemListElement":[{"@type":"ListItem","position":1,"name":"Startseite","item":"https:\/\/www.raxxa.com\/"},{"@type":"ListItem","position":2,"name":"Shop","item":"https:\/\/www.raxxa.com\/it\/shop\/"},{"@type":"ListItem","position":3,"name":"Hawaii &#8211; Lava tritt aus einer Erdspalte aus"}]},{"@type":"WebSite","@id":"https:\/\/www.raxxa.com\/#website","url":"https:\/\/www.raxxa.com\/","name":"raxxa","description":"Prodotti unici e personalizzati dei nostri designer","publisher":{"@id":"https:\/\/www.raxxa.com\/#organization"},"potentialAction":[{"@type":"SearchAction","target":{"@type":"EntryPoint","urlTemplate":"https:\/\/www.raxxa.com\/?s={search_term_string}"},"query-input":{"@type":"PropertyValueSpecification","valueRequired":true,"valueName":"search_term_string"}}],"inLanguage":"it-IT"},{"@type":"Organization","@id":"https:\/\/www.raxxa.com\/#organization","name":"raxxa","url":"https:\/\/www.raxxa.com\/","logo":{"@type":"ImageObject","inLanguage":"it-IT","@id":"https:\/\/www.raxxa.com\/#\/schema\/logo\/image\/","url":"https:\/\/www.raxxa.com\/wp-content\/uploads\/2022\/07\/logo_v2.png","contentUrl":"https:\/\/www.raxxa.com\/wp-content\/uploads\/2022\/07\/logo_v2.png","width":380,"height":382,"caption":"raxxa"},"image":{"@id":"https:\/\/www.raxxa.com\/#\/schema\/logo\/image\/"},"sameAs":["https:\/\/facebook.com\/raxxacom"]}]},"og_availability":"instock","product_availability":"instock","product_condition":"new"},"jetpack_sharing_enabled":true,"_links":{"self":[{"href":"https:\/\/www.raxxa.com\/it\/wp-json\/wp\/v2\/product\/149901","targetHints":{"allow":["GET"]}}],"collection":[{"href":"https:\/\/www.raxxa.com\/it\/wp-json\/wp\/v2\/product"}],"about":[{"href":"https:\/\/www.raxxa.com\/it\/wp-json\/wp\/v2\/types\/product"}],"replies":[{"embeddable":true,"href":"https:\/\/www.raxxa.com\/it\/wp-json\/wp\/v2\/comments?post=149901"}],"wp:featuredmedia":[{"embeddable":true,"href":"https:\/\/www.raxxa.com\/it\/wp-json\/wp\/v2\/media\/149891"}],"wp:attachment":[{"href":"https:\/\/www.raxxa.com\/it\/wp-json\/wp\/v2\/media?parent=149901"}],"wp:term":[{"taxonomy":"product_brand","embeddable":true,"href":"https:\/\/www.raxxa.com\/it\/wp-json\/wp\/v2\/product_brand?post=149901"},{"taxonomy":"product_cat","embeddable":true,"href":"https:\/\/www.raxxa.com\/it\/wp-json\/wp\/v2\/product_cat?post=149901"},{"taxonomy":"product_tag","embeddable":true,"href":"https:\/\/www.raxxa.com\/it\/wp-json\/wp\/v2\/product_tag?post=149901"}],"curies":[{"name":"wp","href":"https:\/\/api.w.org\/{rel}","templated":true}]}}