{"id":149822,"date":"2022-07-07T01:15:27","date_gmt":"2022-07-06T23:15:27","guid":{"rendered":"https:\/\/www.raxxa.com\/shop\/eisbloecke-in-der-brandung\/"},"modified":"2022-07-07T01:16:14","modified_gmt":"2022-07-06T23:16:14","slug":"eisbloecke-in-der-brandung","status":"publish","type":"product","link":"https:\/\/www.raxxa.com\/it\/shop\/eisbloecke-in-der-brandung\/","title":{"rendered":"Blocchi di ghiaccio nel mare"},"content":{"rendered":"<p style=\"margin-right: 0px;margin-bottom: 1em;margin-left: 0px;line-height: 1.4285em;, sans-serif\"><span style=\"font-weight: bolder\">&#8222;Eisbl\u00f6cke in der Brandung&#8220; by Ralf Lehmann<\/span><\/p>\n<p style=\"margin-right: 0px;margin-bottom: 1em;margin-left: 0px;line-height: 1.4285em;, sans-serif\"><span><\/span><\/p>\n<p style=\"margin-right: 0px;margin-bottom: 1em;margin-left: 0px;line-height: 1.4285em;, sans-serif\"><span>Blocchi di ghiaccio in tonalit\u00e0 blu su una spiaggia nera con forti onde, il movimento dell'acqua \u00e8 visibile (lunga esposizione, chiare tracce di movimento), sopra un cielo grigio e nuvoloso in contrasto, effetto di profondit\u00e0 attraverso la prospettiva - Localit\u00e0: Islanda, J\u00f6kulsarlon (J\u00f6kuls\u00e1rl\u00f3n)<\/span><\/p>\n<p style=\"margin-right: 0px;margin-bottom: 1em;margin-left: 0px;line-height: 1.4285em;, sans-serif\">Poster di qualit\u00e0 museale su carta d'archivio resistente e opaca (non patinata).<\/p>\n<p style=\"margin-right: 0px;margin-bottom: 1em;margin-left: 0px;line-height: 1.4285em;, sans-serif\">- Peso della carta: 250 g \/ m\u00b2<\/p>\n<p style=\"margin-right: 0px;margin-bottom: 1em;margin-left: 0px;line-height: 1.4285em;, sans-serif\">- Spedito in un imballaggio robusto per proteggere il poster<\/p>\n<p>surf movimento dell'onda blu nero bianco grigio lunga esposizione spiaggia di lava blocchi di ghiaccio ghiacciaio laguna paesaggio mare freddo blocchi di oceano natura naturale spiaggia deserta nessuno fuori costa acqua movimento dell'acqua iceland turismo iceland viaggio sightseeing iceberg inverno stagione scenico onda ghiacciaio ghiaccio blu orizzonte cielo nuvole tempo mosso contrasto drammatico contrasto di colore vista disposizione immagine composizione prospettiva sfondo<\/p>","protected":false},"excerpt":{"rendered":"<p>&#8222;Eisbl\u00f6cke in der Brandung&#8220; by Ralf Lehmann Eisbl\u00f6cke in blauen Farbt\u00f6nen an einem schwarzen Strand mit starker Brandung, die Wasserbewegung ist zu sehen (Langzeitbelichtung, deutliche Bewegungsspuren), dar\u00fcber ein kontrastreicher grau bew\u00f6lkter Himmel, Tiefenwirkung durch Perspektive &#8211; Location: Island, J\u00f6kulsarlon (J\u00f6kuls\u00e1rl\u00f3n) Poster in Museumsqualit\u00e4t auf langlebigem mattem (unbeschichtetem) Archivpapier. &#8211; Papiergewicht: 250 g \/ m\u00b2 &#8211; [&hellip;]<\/p>\n","protected":false},"featured_media":149812,"comment_status":"open","ping_status":"closed","template":"","meta":[],"product_brand":[],"product_cat":[10351,136],"product_tag":[7395,9210,8207,7619,7504,7766,8076,7412,8448,8266,7625,7785,9768,7618,7546,7424,7509,7621,7731,7839,8030,7622,7400,8202,8829,8091,8106],"class_list":{"0":"post-149822","1":"product","2":"type-product","3":"status-publish","4":"has-post-thumbnail","6":"product_cat-ralf-lehmann","7":"product_cat-natur","8":"product_tag-blau","9":"product_tag-eis","10":"product_tag-grau","11":"product_tag-himmel","12":"product_tag-hintergrund","13":"product_tag-horizont","14":"product_tag-island","15":"product_tag-jahreszeit","16":"product_tag-kalt","17":"product_tag-kontrast","18":"product_tag-kueste","19":"product_tag-landschaft","20":"product_tag-langzeitbelichtung","21":"product_tag-meer","22":"product_tag-natur","23":"product_tag-natuerlich","24":"product_tag-niemand","25":"product_tag-ozean","26":"product_tag-perspektive","27":"product_tag-schwarz","28":"product_tag-strand","29":"product_tag-wasser","30":"product_tag-weiss","31":"product_tag-welle","32":"product_tag-wetter","33":"product_tag-winter","34":"product_tag-wolken","36":"first","37":"instock","38":"taxable","39":"shipping-taxable","40":"purchasable","41":"product-type-variable"},"yoast_head":"<!-- This site is optimized with the Yoast SEO Premium plugin v27.5 (Yoast SEO v27.6) - https:\/\/yoast.com\/product\/yoast-seo-premium-wordpress\/ -->\n<title>Eisbl\u00f6cke in der Brandung - raxxa<\/title>\n<meta name=\"robots\" content=\"index, follow, max-snippet:-1, max-image-preview:large, max-video-preview:-1\" \/>\n<link rel=\"canonical\" href=\"https:\/\/www.raxxa.com\/it\/shop\/eisbloecke-in-der-brandung\/\" \/>\n<meta property=\"og:locale\" content=\"it_IT\" \/>\n<meta property=\"og:type\" content=\"article\" \/>\n<meta property=\"og:title\" content=\"Eisbl\u00f6cke in der Brandung\" \/>\n<meta property=\"og:description\" content=\"&#8222;Eisbl\u00f6cke in der Brandung&#8220; by Ralf Lehmann Eisbl\u00f6cke in blauen Farbt\u00f6nen an einem schwarzen Strand mit starker Brandung, die Wasserbewegung ist zu sehen (Langzeitbelichtung, deutliche Bewegungsspuren), dar\u00fcber ein kontrastreicher grau bew\u00f6lkter Himmel, Tiefenwirkung durch Perspektive &#8211; Location: Island, J\u00f6kulsarlon (J\u00f6kuls\u00e1rl\u00f3n) Poster in Museumsqualit\u00e4t auf langlebigem mattem (unbeschichtetem) Archivpapier. &#8211; Papiergewicht: 250 g \/ m\u00b2 &#8211; [&hellip;]\" \/>\n<meta property=\"og:url\" content=\"https:\/\/www.raxxa.com\/it\/shop\/eisbloecke-in-der-brandung\/\" \/>\n<meta property=\"og:site_name\" content=\"raxxa\" \/>\n<meta property=\"article:publisher\" content=\"https:\/\/facebook.com\/raxxacom\" \/>\n<meta property=\"article:modified_time\" content=\"2022-07-06T23:16:14+00:00\" \/>\n<meta property=\"og:image\" content=\"https:\/\/www.raxxa.com\/wp-content\/uploads\/2022\/07\/218-3229-Eisbloecke-in-der-Brandung-Ralf-Lehmann.png\" \/>\n\t<meta property=\"og:image:width\" content=\"800\" \/>\n\t<meta property=\"og:image:height\" content=\"800\" \/>\n\t<meta property=\"og:image:type\" content=\"image\/png\" \/>\n<meta name=\"twitter:card\" content=\"summary_large_image\" \/>\n<meta name=\"twitter:label1\" content=\"Disponibilit\u00e0\" \/>\n\t<meta name=\"twitter:data1\" content=\"In stock\" \/>\n<script type=\"application\/ld+json\" class=\"yoast-schema-graph\">{\"@context\":\"https:\\\/\\\/schema.org\",\"@graph\":[{\"@type\":[\"WebPage\",\"ItemPage\"],\"@id\":\"https:\\\/\\\/www.raxxa.com\\\/shop\\\/eisbloecke-in-der-brandung\\\/\",\"url\":\"https:\\\/\\\/www.raxxa.com\\\/shop\\\/eisbloecke-in-der-brandung\\\/\",\"name\":\"Eisbl\u00f6cke in der Brandung - raxxa\",\"isPartOf\":{\"@id\":\"https:\\\/\\\/www.raxxa.com\\\/#website\"},\"primaryImageOfPage\":{\"@id\":\"https:\\\/\\\/www.raxxa.com\\\/shop\\\/eisbloecke-in-der-brandung\\\/#primaryimage\"},\"image\":{\"@id\":\"https:\\\/\\\/www.raxxa.com\\\/shop\\\/eisbloecke-in-der-brandung\\\/#primaryimage\"},\"thumbnailUrl\":\"https:\\\/\\\/www.raxxa.com\\\/wp-content\\\/uploads\\\/2022\\\/07\\\/218-3229-Eisbloecke-in-der-Brandung-Ralf-Lehmann.png\",\"datePublished\":\"2022-07-06T23:15:27+00:00\",\"dateModified\":\"2022-07-06T23:16:14+00:00\",\"breadcrumb\":{\"@id\":\"https:\\\/\\\/www.raxxa.com\\\/shop\\\/eisbloecke-in-der-brandung\\\/#breadcrumb\"},\"inLanguage\":\"it-IT\",\"potentialAction\":[{\"@type\":\"ReadAction\",\"target\":[\"https:\\\/\\\/www.raxxa.com\\\/shop\\\/eisbloecke-in-der-brandung\\\/\"]}]},{\"@type\":\"ImageObject\",\"inLanguage\":\"it-IT\",\"@id\":\"https:\\\/\\\/www.raxxa.com\\\/shop\\\/eisbloecke-in-der-brandung\\\/#primaryimage\",\"url\":\"https:\\\/\\\/www.raxxa.com\\\/wp-content\\\/uploads\\\/2022\\\/07\\\/218-3229-Eisbloecke-in-der-Brandung-Ralf-Lehmann.png\",\"contentUrl\":\"https:\\\/\\\/www.raxxa.com\\\/wp-content\\\/uploads\\\/2022\\\/07\\\/218-3229-Eisbloecke-in-der-Brandung-Ralf-Lehmann.png\",\"width\":800,\"height\":800},{\"@type\":\"BreadcrumbList\",\"@id\":\"https:\\\/\\\/www.raxxa.com\\\/shop\\\/eisbloecke-in-der-brandung\\\/#breadcrumb\",\"itemListElement\":[{\"@type\":\"ListItem\",\"position\":1,\"name\":\"Startseite\",\"item\":\"https:\\\/\\\/www.raxxa.com\\\/\"},{\"@type\":\"ListItem\",\"position\":2,\"name\":\"Shop\",\"item\":\"https:\\\/\\\/www.raxxa.com\\\/it\\\/shop\\\/\"},{\"@type\":\"ListItem\",\"position\":3,\"name\":\"Eisbl\u00f6cke in der Brandung\"}]},{\"@type\":\"WebSite\",\"@id\":\"https:\\\/\\\/www.raxxa.com\\\/#website\",\"url\":\"https:\\\/\\\/www.raxxa.com\\\/\",\"name\":\"raxxa\",\"description\":\"Einzigartige individuelle Produkte von unseren Designern\",\"publisher\":{\"@id\":\"https:\\\/\\\/www.raxxa.com\\\/#organization\"},\"potentialAction\":[{\"@type\":\"SearchAction\",\"target\":{\"@type\":\"EntryPoint\",\"urlTemplate\":\"https:\\\/\\\/www.raxxa.com\\\/?s={search_term_string}\"},\"query-input\":{\"@type\":\"PropertyValueSpecification\",\"valueRequired\":true,\"valueName\":\"search_term_string\"}}],\"inLanguage\":\"it-IT\"},{\"@type\":\"Organization\",\"@id\":\"https:\\\/\\\/www.raxxa.com\\\/#organization\",\"name\":\"raxxa\",\"url\":\"https:\\\/\\\/www.raxxa.com\\\/\",\"logo\":{\"@type\":\"ImageObject\",\"inLanguage\":\"it-IT\",\"@id\":\"https:\\\/\\\/www.raxxa.com\\\/#\\\/schema\\\/logo\\\/image\\\/\",\"url\":\"https:\\\/\\\/www.raxxa.com\\\/wp-content\\\/uploads\\\/2022\\\/07\\\/logo_v2.png\",\"contentUrl\":\"https:\\\/\\\/www.raxxa.com\\\/wp-content\\\/uploads\\\/2022\\\/07\\\/logo_v2.png\",\"width\":380,\"height\":382,\"caption\":\"raxxa\"},\"image\":{\"@id\":\"https:\\\/\\\/www.raxxa.com\\\/#\\\/schema\\\/logo\\\/image\\\/\"},\"sameAs\":[\"https:\\\/\\\/facebook.com\\\/raxxacom\"]}]}<\/script>\n<meta property=\"og:availability\" content=\"instock\" \/>\n<meta property=\"product:availability\" content=\"instock\" \/>\n<meta property=\"product:condition\" content=\"new\" \/>\n<!-- \/ Yoast SEO Premium plugin. -->","yoast_head_json":{"title":"Eisbl\u00f6cke in der Brandung - raxxa","robots":{"index":"index","follow":"follow","max-snippet":"max-snippet:-1","max-image-preview":"max-image-preview:large","max-video-preview":"max-video-preview:-1"},"canonical":"https:\/\/www.raxxa.com\/it\/shop\/eisbloecke-in-der-brandung\/","og_locale":"it_IT","og_type":"article","og_title":"Eisbl\u00f6cke in der Brandung","og_description":"&#8222;Eisbl\u00f6cke in der Brandung&#8220; by Ralf Lehmann Eisbl\u00f6cke in blauen Farbt\u00f6nen an einem schwarzen Strand mit starker Brandung, die Wasserbewegung ist zu sehen (Langzeitbelichtung, deutliche Bewegungsspuren), dar\u00fcber ein kontrastreicher grau bew\u00f6lkter Himmel, Tiefenwirkung durch Perspektive &#8211; Location: Island, J\u00f6kulsarlon (J\u00f6kuls\u00e1rl\u00f3n) Poster in Museumsqualit\u00e4t auf langlebigem mattem (unbeschichtetem) Archivpapier. &#8211; Papiergewicht: 250 g \/ m\u00b2 &#8211; [&hellip;]","og_url":"https:\/\/www.raxxa.com\/it\/shop\/eisbloecke-in-der-brandung\/","og_site_name":"raxxa","article_publisher":"https:\/\/facebook.com\/raxxacom","article_modified_time":"2022-07-06T23:16:14+00:00","og_image":[{"width":800,"height":800,"url":"https:\/\/www.raxxa.com\/wp-content\/uploads\/2022\/07\/218-3229-Eisbloecke-in-der-Brandung-Ralf-Lehmann.png","type":"image\/png"}],"twitter_card":"summary_large_image","twitter_misc":{"Disponibilit\u00e0":"In stock"},"schema":{"@context":"https:\/\/schema.org","@graph":[{"@type":["WebPage","ItemPage"],"@id":"https:\/\/www.raxxa.com\/shop\/eisbloecke-in-der-brandung\/","url":"https:\/\/www.raxxa.com\/shop\/eisbloecke-in-der-brandung\/","name":"Eisbl\u00f6cke in der Brandung - raxxa","isPartOf":{"@id":"https:\/\/www.raxxa.com\/#website"},"primaryImageOfPage":{"@id":"https:\/\/www.raxxa.com\/shop\/eisbloecke-in-der-brandung\/#primaryimage"},"image":{"@id":"https:\/\/www.raxxa.com\/shop\/eisbloecke-in-der-brandung\/#primaryimage"},"thumbnailUrl":"https:\/\/www.raxxa.com\/wp-content\/uploads\/2022\/07\/218-3229-Eisbloecke-in-der-Brandung-Ralf-Lehmann.png","datePublished":"2022-07-06T23:15:27+00:00","dateModified":"2022-07-06T23:16:14+00:00","breadcrumb":{"@id":"https:\/\/www.raxxa.com\/shop\/eisbloecke-in-der-brandung\/#breadcrumb"},"inLanguage":"it-IT","potentialAction":[{"@type":"ReadAction","target":["https:\/\/www.raxxa.com\/shop\/eisbloecke-in-der-brandung\/"]}]},{"@type":"ImageObject","inLanguage":"it-IT","@id":"https:\/\/www.raxxa.com\/shop\/eisbloecke-in-der-brandung\/#primaryimage","url":"https:\/\/www.raxxa.com\/wp-content\/uploads\/2022\/07\/218-3229-Eisbloecke-in-der-Brandung-Ralf-Lehmann.png","contentUrl":"https:\/\/www.raxxa.com\/wp-content\/uploads\/2022\/07\/218-3229-Eisbloecke-in-der-Brandung-Ralf-Lehmann.png","width":800,"height":800},{"@type":"BreadcrumbList","@id":"https:\/\/www.raxxa.com\/shop\/eisbloecke-in-der-brandung\/#breadcrumb","itemListElement":[{"@type":"ListItem","position":1,"name":"Startseite","item":"https:\/\/www.raxxa.com\/"},{"@type":"ListItem","position":2,"name":"Shop","item":"https:\/\/www.raxxa.com\/it\/shop\/"},{"@type":"ListItem","position":3,"name":"Eisbl\u00f6cke in der Brandung"}]},{"@type":"WebSite","@id":"https:\/\/www.raxxa.com\/#website","url":"https:\/\/www.raxxa.com\/","name":"raxxa","description":"Prodotti unici e personalizzati dei nostri designer","publisher":{"@id":"https:\/\/www.raxxa.com\/#organization"},"potentialAction":[{"@type":"SearchAction","target":{"@type":"EntryPoint","urlTemplate":"https:\/\/www.raxxa.com\/?s={search_term_string}"},"query-input":{"@type":"PropertyValueSpecification","valueRequired":true,"valueName":"search_term_string"}}],"inLanguage":"it-IT"},{"@type":"Organization","@id":"https:\/\/www.raxxa.com\/#organization","name":"raxxa","url":"https:\/\/www.raxxa.com\/","logo":{"@type":"ImageObject","inLanguage":"it-IT","@id":"https:\/\/www.raxxa.com\/#\/schema\/logo\/image\/","url":"https:\/\/www.raxxa.com\/wp-content\/uploads\/2022\/07\/logo_v2.png","contentUrl":"https:\/\/www.raxxa.com\/wp-content\/uploads\/2022\/07\/logo_v2.png","width":380,"height":382,"caption":"raxxa"},"image":{"@id":"https:\/\/www.raxxa.com\/#\/schema\/logo\/image\/"},"sameAs":["https:\/\/facebook.com\/raxxacom"]}]},"og_availability":"instock","product_availability":"instock","product_condition":"new"},"jetpack_sharing_enabled":true,"_links":{"self":[{"href":"https:\/\/www.raxxa.com\/it\/wp-json\/wp\/v2\/product\/149822","targetHints":{"allow":["GET"]}}],"collection":[{"href":"https:\/\/www.raxxa.com\/it\/wp-json\/wp\/v2\/product"}],"about":[{"href":"https:\/\/www.raxxa.com\/it\/wp-json\/wp\/v2\/types\/product"}],"replies":[{"embeddable":true,"href":"https:\/\/www.raxxa.com\/it\/wp-json\/wp\/v2\/comments?post=149822"}],"wp:featuredmedia":[{"embeddable":true,"href":"https:\/\/www.raxxa.com\/it\/wp-json\/wp\/v2\/media\/149812"}],"wp:attachment":[{"href":"https:\/\/www.raxxa.com\/it\/wp-json\/wp\/v2\/media?parent=149822"}],"wp:term":[{"taxonomy":"product_brand","embeddable":true,"href":"https:\/\/www.raxxa.com\/it\/wp-json\/wp\/v2\/product_brand?post=149822"},{"taxonomy":"product_cat","embeddable":true,"href":"https:\/\/www.raxxa.com\/it\/wp-json\/wp\/v2\/product_cat?post=149822"},{"taxonomy":"product_tag","embeddable":true,"href":"https:\/\/www.raxxa.com\/it\/wp-json\/wp\/v2\/product_tag?post=149822"}],"curies":[{"name":"wp","href":"https:\/\/api.w.org\/{rel}","templated":true}]}}