{"id":149543,"date":"2022-07-07T00:37:23","date_gmt":"2022-07-06T22:37:23","guid":{"rendered":"https:\/\/www.raxxa.com\/shop\/roter-fahrweg-in-einer-huegeligen-landschaft\/"},"modified":"2022-07-07T00:38:04","modified_gmt":"2022-07-06T22:38:04","slug":"roter-fahrweg-in-einer-huegeligen-landschaft","status":"publish","type":"product","link":"https:\/\/www.raxxa.com\/it\/shop\/roter-fahrweg-in-einer-huegeligen-landschaft\/","title":{"rendered":"Strada rossa in un paesaggio collinare"},"content":{"rendered":"<p style=\"margin-right: 0px;margin-bottom: 1em;margin-left: 0px;line-height: 1.4285em;, sans-serif\"><span style=\"font-weight: bolder\">\"Strada rossa in un paesaggio collinare\" di Ralf Lehmann<\/span><\/p>\n<p style=\"margin-right: 0px;margin-bottom: 1em;margin-left: 0px;line-height: 1.4285em;, sans-serif\"><span><\/span><\/p>\n<p style=\"margin-right: 0px;margin-bottom: 1em;margin-left: 0px;line-height: 1.4285em;, sans-serif\"><span>Un sentiero rosso conduce attraverso un paesaggio collinare, muri di pietra naturale ai margini, grande effetto di profondit\u00e0, cielo con alcune nuvole - localit\u00e0: Azzorre, Isola di Sao Jorge (S\u00e3o Jorge), Monumento Natural da Ponta dos Rosais, Caminho Rural da Ch\u00e3 do Areeiro, Rosais<\/span><\/p>\n<p style=\"margin-right: 0px;margin-bottom: 1em;margin-left: 0px;line-height: 1.4285em;, sans-serif\">Poster di qualit\u00e0 museale su carta d'archivio resistente e opaca (non patinata).<\/p>\n<p style=\"margin-right: 0px;margin-bottom: 1em;margin-left: 0px;line-height: 1.4285em;, sans-serif\">- Peso della carta: 250 g \/ m\u00b2<\/p>\n<p style=\"margin-right: 0px;margin-bottom: 1em;margin-left: 0px;line-height: 1.4285em;, sans-serif\">- Spedito in un imballaggio robusto per proteggere il poster<\/p>\n<p>pista percorso tour escursione profondo all'aperto nessuno s\u00e3o sao jorge vuoto orizzonte mare oceano modo prospettiva azzorre rurale arco percorso pietre laviche isola vulcanica viaggio turismo esterno scatto dintorni collina terreno grandangolo verde rosso paesaggio destinazione vista lontana strada campagna strada deserta azzorre viaggio cielo nuvole ombra sfondo lontano vegetazione nuvoloso prospettiva libert\u00e0 monumento naturale ponta dos caminho rurale da ch\u00e3 do areeiro rosais<\/p>","protected":false},"excerpt":{"rendered":"<p>&#8222;Roter Fahrweg in einer h\u00fcgeligen Landschaft&#8220; by Ralf Lehmann Eine rote Piste f\u00fchrt durch eine h\u00fcgelige Landschaft, am Rand Natursteinmauern, gro\u00dfe Tiefenwirkung, Himmel mit einigen Wolken &#8211; Location: Azoren, Insel Sao Jorge (S\u00e3o Jorge), Monumento Natural da Ponta dos Rosais, Caminho Rural da Ch\u00e3 do Areeiro, Rosais Poster in Museumsqualit\u00e4t auf langlebigem mattem (unbeschichtetem) Archivpapier. [&hellip;]<\/p>\n","protected":false},"featured_media":149533,"comment_status":"open","ping_status":"closed","template":"","meta":[],"product_brand":[],"product_cat":[10351,136],"product_tag":[8619,7611,7858,7605,7375,7619,7504,7766,7765,8568,7785,7485,7618,7509,7621,7731,7774,8099,7367,7592,9411,8106],"class_list":{"0":"post-149543","1":"product","2":"type-product","3":"status-publish","4":"has-post-thumbnail","6":"product_cat-ralf-lehmann","7":"product_cat-natur","8":"product_tag-ausblick","9":"product_tag-ausflug","10":"product_tag-bogen","11":"product_tag-freiheit","12":"product_tag-gruen","13":"product_tag-himmel","14":"product_tag-hintergrund","15":"product_tag-horizont","16":"product_tag-huegel","17":"product_tag-laendlich","18":"product_tag-landschaft","19":"product_tag-leer","20":"product_tag-meer","21":"product_tag-niemand","22":"product_tag-ozean","23":"product_tag-perspektive","24":"product_tag-piste","25":"product_tag-reise-2","26":"product_tag-rot","27":"product_tag-strasse","28":"product_tag-weg","29":"product_tag-wolken","31":"first","32":"instock","33":"taxable","34":"shipping-taxable","35":"purchasable","36":"product-type-variable"},"yoast_head":"<!-- This site is optimized with the Yoast SEO Premium plugin v27.5 (Yoast SEO v27.6) - https:\/\/yoast.com\/product\/yoast-seo-premium-wordpress\/ -->\n<title>Roter Fahrweg in einer h\u00fcgeligen Landschaft - raxxa<\/title>\n<meta name=\"robots\" content=\"index, follow, max-snippet:-1, max-image-preview:large, max-video-preview:-1\" \/>\n<link rel=\"canonical\" href=\"https:\/\/www.raxxa.com\/it\/shop\/roter-fahrweg-in-einer-huegeligen-landschaft\/\" \/>\n<meta property=\"og:locale\" content=\"it_IT\" \/>\n<meta property=\"og:type\" content=\"article\" \/>\n<meta property=\"og:title\" content=\"Roter Fahrweg in einer h\u00fcgeligen Landschaft\" \/>\n<meta property=\"og:description\" content=\"&#8222;Roter Fahrweg in einer h\u00fcgeligen Landschaft&#8220; by Ralf Lehmann Eine rote Piste f\u00fchrt durch eine h\u00fcgelige Landschaft, am Rand Natursteinmauern, gro\u00dfe Tiefenwirkung, Himmel mit einigen Wolken &#8211; Location: Azoren, Insel Sao Jorge (S\u00e3o Jorge), Monumento Natural da Ponta dos Rosais, Caminho Rural da Ch\u00e3 do Areeiro, Rosais Poster in Museumsqualit\u00e4t auf langlebigem mattem (unbeschichtetem) Archivpapier. [&hellip;]\" \/>\n<meta property=\"og:url\" content=\"https:\/\/www.raxxa.com\/it\/shop\/roter-fahrweg-in-einer-huegeligen-landschaft\/\" \/>\n<meta property=\"og:site_name\" content=\"raxxa\" \/>\n<meta property=\"article:publisher\" content=\"https:\/\/facebook.com\/raxxacom\" \/>\n<meta property=\"article:modified_time\" content=\"2022-07-06T22:38:04+00:00\" \/>\n<meta property=\"og:image\" content=\"https:\/\/www.raxxa.com\/wp-content\/uploads\/2022\/07\/218-3218-Roter-Fahrweg-in-einer-huegeligen-Landschaft-Ralf-Lehmann.png\" \/>\n\t<meta property=\"og:image:width\" content=\"800\" \/>\n\t<meta property=\"og:image:height\" content=\"800\" \/>\n\t<meta property=\"og:image:type\" content=\"image\/png\" \/>\n<meta name=\"twitter:card\" content=\"summary_large_image\" \/>\n<meta name=\"twitter:label1\" content=\"Disponibilit\u00e0\" \/>\n\t<meta name=\"twitter:data1\" content=\"In stock\" \/>\n<script type=\"application\/ld+json\" class=\"yoast-schema-graph\">{\"@context\":\"https:\\\/\\\/schema.org\",\"@graph\":[{\"@type\":[\"WebPage\",\"ItemPage\"],\"@id\":\"https:\\\/\\\/www.raxxa.com\\\/shop\\\/roter-fahrweg-in-einer-huegeligen-landschaft\\\/\",\"url\":\"https:\\\/\\\/www.raxxa.com\\\/shop\\\/roter-fahrweg-in-einer-huegeligen-landschaft\\\/\",\"name\":\"Roter Fahrweg in einer h\u00fcgeligen Landschaft - raxxa\",\"isPartOf\":{\"@id\":\"https:\\\/\\\/www.raxxa.com\\\/#website\"},\"primaryImageOfPage\":{\"@id\":\"https:\\\/\\\/www.raxxa.com\\\/shop\\\/roter-fahrweg-in-einer-huegeligen-landschaft\\\/#primaryimage\"},\"image\":{\"@id\":\"https:\\\/\\\/www.raxxa.com\\\/shop\\\/roter-fahrweg-in-einer-huegeligen-landschaft\\\/#primaryimage\"},\"thumbnailUrl\":\"https:\\\/\\\/www.raxxa.com\\\/wp-content\\\/uploads\\\/2022\\\/07\\\/218-3218-Roter-Fahrweg-in-einer-huegeligen-Landschaft-Ralf-Lehmann.png\",\"datePublished\":\"2022-07-06T22:37:23+00:00\",\"dateModified\":\"2022-07-06T22:38:04+00:00\",\"breadcrumb\":{\"@id\":\"https:\\\/\\\/www.raxxa.com\\\/shop\\\/roter-fahrweg-in-einer-huegeligen-landschaft\\\/#breadcrumb\"},\"inLanguage\":\"it-IT\",\"potentialAction\":[{\"@type\":\"ReadAction\",\"target\":[\"https:\\\/\\\/www.raxxa.com\\\/shop\\\/roter-fahrweg-in-einer-huegeligen-landschaft\\\/\"]}]},{\"@type\":\"ImageObject\",\"inLanguage\":\"it-IT\",\"@id\":\"https:\\\/\\\/www.raxxa.com\\\/shop\\\/roter-fahrweg-in-einer-huegeligen-landschaft\\\/#primaryimage\",\"url\":\"https:\\\/\\\/www.raxxa.com\\\/wp-content\\\/uploads\\\/2022\\\/07\\\/218-3218-Roter-Fahrweg-in-einer-huegeligen-Landschaft-Ralf-Lehmann.png\",\"contentUrl\":\"https:\\\/\\\/www.raxxa.com\\\/wp-content\\\/uploads\\\/2022\\\/07\\\/218-3218-Roter-Fahrweg-in-einer-huegeligen-Landschaft-Ralf-Lehmann.png\",\"width\":800,\"height\":800},{\"@type\":\"BreadcrumbList\",\"@id\":\"https:\\\/\\\/www.raxxa.com\\\/shop\\\/roter-fahrweg-in-einer-huegeligen-landschaft\\\/#breadcrumb\",\"itemListElement\":[{\"@type\":\"ListItem\",\"position\":1,\"name\":\"Startseite\",\"item\":\"https:\\\/\\\/www.raxxa.com\\\/\"},{\"@type\":\"ListItem\",\"position\":2,\"name\":\"Shop\",\"item\":\"https:\\\/\\\/www.raxxa.com\\\/it\\\/shop\\\/\"},{\"@type\":\"ListItem\",\"position\":3,\"name\":\"Roter Fahrweg in einer h\u00fcgeligen Landschaft\"}]},{\"@type\":\"WebSite\",\"@id\":\"https:\\\/\\\/www.raxxa.com\\\/#website\",\"url\":\"https:\\\/\\\/www.raxxa.com\\\/\",\"name\":\"raxxa\",\"description\":\"Einzigartige individuelle Produkte von unseren Designern\",\"publisher\":{\"@id\":\"https:\\\/\\\/www.raxxa.com\\\/#organization\"},\"potentialAction\":[{\"@type\":\"SearchAction\",\"target\":{\"@type\":\"EntryPoint\",\"urlTemplate\":\"https:\\\/\\\/www.raxxa.com\\\/?s={search_term_string}\"},\"query-input\":{\"@type\":\"PropertyValueSpecification\",\"valueRequired\":true,\"valueName\":\"search_term_string\"}}],\"inLanguage\":\"it-IT\"},{\"@type\":\"Organization\",\"@id\":\"https:\\\/\\\/www.raxxa.com\\\/#organization\",\"name\":\"raxxa\",\"url\":\"https:\\\/\\\/www.raxxa.com\\\/\",\"logo\":{\"@type\":\"ImageObject\",\"inLanguage\":\"it-IT\",\"@id\":\"https:\\\/\\\/www.raxxa.com\\\/#\\\/schema\\\/logo\\\/image\\\/\",\"url\":\"https:\\\/\\\/www.raxxa.com\\\/wp-content\\\/uploads\\\/2022\\\/07\\\/logo_v2.png\",\"contentUrl\":\"https:\\\/\\\/www.raxxa.com\\\/wp-content\\\/uploads\\\/2022\\\/07\\\/logo_v2.png\",\"width\":380,\"height\":382,\"caption\":\"raxxa\"},\"image\":{\"@id\":\"https:\\\/\\\/www.raxxa.com\\\/#\\\/schema\\\/logo\\\/image\\\/\"},\"sameAs\":[\"https:\\\/\\\/facebook.com\\\/raxxacom\"]}]}<\/script>\n<meta property=\"og:availability\" content=\"instock\" \/>\n<meta property=\"product:availability\" content=\"instock\" \/>\n<meta property=\"product:condition\" content=\"new\" \/>\n<!-- \/ Yoast SEO Premium plugin. -->","yoast_head_json":{"title":"Roter Fahrweg in einer h\u00fcgeligen Landschaft - raxxa","robots":{"index":"index","follow":"follow","max-snippet":"max-snippet:-1","max-image-preview":"max-image-preview:large","max-video-preview":"max-video-preview:-1"},"canonical":"https:\/\/www.raxxa.com\/it\/shop\/roter-fahrweg-in-einer-huegeligen-landschaft\/","og_locale":"it_IT","og_type":"article","og_title":"Roter Fahrweg in einer h\u00fcgeligen Landschaft","og_description":"&#8222;Roter Fahrweg in einer h\u00fcgeligen Landschaft&#8220; by Ralf Lehmann Eine rote Piste f\u00fchrt durch eine h\u00fcgelige Landschaft, am Rand Natursteinmauern, gro\u00dfe Tiefenwirkung, Himmel mit einigen Wolken &#8211; Location: Azoren, Insel Sao Jorge (S\u00e3o Jorge), Monumento Natural da Ponta dos Rosais, Caminho Rural da Ch\u00e3 do Areeiro, Rosais Poster in Museumsqualit\u00e4t auf langlebigem mattem (unbeschichtetem) Archivpapier. [&hellip;]","og_url":"https:\/\/www.raxxa.com\/it\/shop\/roter-fahrweg-in-einer-huegeligen-landschaft\/","og_site_name":"raxxa","article_publisher":"https:\/\/facebook.com\/raxxacom","article_modified_time":"2022-07-06T22:38:04+00:00","og_image":[{"width":800,"height":800,"url":"https:\/\/www.raxxa.com\/wp-content\/uploads\/2022\/07\/218-3218-Roter-Fahrweg-in-einer-huegeligen-Landschaft-Ralf-Lehmann.png","type":"image\/png"}],"twitter_card":"summary_large_image","twitter_misc":{"Disponibilit\u00e0":"In stock"},"schema":{"@context":"https:\/\/schema.org","@graph":[{"@type":["WebPage","ItemPage"],"@id":"https:\/\/www.raxxa.com\/shop\/roter-fahrweg-in-einer-huegeligen-landschaft\/","url":"https:\/\/www.raxxa.com\/shop\/roter-fahrweg-in-einer-huegeligen-landschaft\/","name":"Roter Fahrweg in einer h\u00fcgeligen Landschaft - raxxa","isPartOf":{"@id":"https:\/\/www.raxxa.com\/#website"},"primaryImageOfPage":{"@id":"https:\/\/www.raxxa.com\/shop\/roter-fahrweg-in-einer-huegeligen-landschaft\/#primaryimage"},"image":{"@id":"https:\/\/www.raxxa.com\/shop\/roter-fahrweg-in-einer-huegeligen-landschaft\/#primaryimage"},"thumbnailUrl":"https:\/\/www.raxxa.com\/wp-content\/uploads\/2022\/07\/218-3218-Roter-Fahrweg-in-einer-huegeligen-Landschaft-Ralf-Lehmann.png","datePublished":"2022-07-06T22:37:23+00:00","dateModified":"2022-07-06T22:38:04+00:00","breadcrumb":{"@id":"https:\/\/www.raxxa.com\/shop\/roter-fahrweg-in-einer-huegeligen-landschaft\/#breadcrumb"},"inLanguage":"it-IT","potentialAction":[{"@type":"ReadAction","target":["https:\/\/www.raxxa.com\/shop\/roter-fahrweg-in-einer-huegeligen-landschaft\/"]}]},{"@type":"ImageObject","inLanguage":"it-IT","@id":"https:\/\/www.raxxa.com\/shop\/roter-fahrweg-in-einer-huegeligen-landschaft\/#primaryimage","url":"https:\/\/www.raxxa.com\/wp-content\/uploads\/2022\/07\/218-3218-Roter-Fahrweg-in-einer-huegeligen-Landschaft-Ralf-Lehmann.png","contentUrl":"https:\/\/www.raxxa.com\/wp-content\/uploads\/2022\/07\/218-3218-Roter-Fahrweg-in-einer-huegeligen-Landschaft-Ralf-Lehmann.png","width":800,"height":800},{"@type":"BreadcrumbList","@id":"https:\/\/www.raxxa.com\/shop\/roter-fahrweg-in-einer-huegeligen-landschaft\/#breadcrumb","itemListElement":[{"@type":"ListItem","position":1,"name":"Startseite","item":"https:\/\/www.raxxa.com\/"},{"@type":"ListItem","position":2,"name":"Shop","item":"https:\/\/www.raxxa.com\/it\/shop\/"},{"@type":"ListItem","position":3,"name":"Roter Fahrweg in einer h\u00fcgeligen Landschaft"}]},{"@type":"WebSite","@id":"https:\/\/www.raxxa.com\/#website","url":"https:\/\/www.raxxa.com\/","name":"raxxa","description":"Prodotti unici e personalizzati dei nostri designer","publisher":{"@id":"https:\/\/www.raxxa.com\/#organization"},"potentialAction":[{"@type":"SearchAction","target":{"@type":"EntryPoint","urlTemplate":"https:\/\/www.raxxa.com\/?s={search_term_string}"},"query-input":{"@type":"PropertyValueSpecification","valueRequired":true,"valueName":"search_term_string"}}],"inLanguage":"it-IT"},{"@type":"Organization","@id":"https:\/\/www.raxxa.com\/#organization","name":"raxxa","url":"https:\/\/www.raxxa.com\/","logo":{"@type":"ImageObject","inLanguage":"it-IT","@id":"https:\/\/www.raxxa.com\/#\/schema\/logo\/image\/","url":"https:\/\/www.raxxa.com\/wp-content\/uploads\/2022\/07\/logo_v2.png","contentUrl":"https:\/\/www.raxxa.com\/wp-content\/uploads\/2022\/07\/logo_v2.png","width":380,"height":382,"caption":"raxxa"},"image":{"@id":"https:\/\/www.raxxa.com\/#\/schema\/logo\/image\/"},"sameAs":["https:\/\/facebook.com\/raxxacom"]}]},"og_availability":"instock","product_availability":"instock","product_condition":"new"},"jetpack_sharing_enabled":true,"_links":{"self":[{"href":"https:\/\/www.raxxa.com\/it\/wp-json\/wp\/v2\/product\/149543","targetHints":{"allow":["GET"]}}],"collection":[{"href":"https:\/\/www.raxxa.com\/it\/wp-json\/wp\/v2\/product"}],"about":[{"href":"https:\/\/www.raxxa.com\/it\/wp-json\/wp\/v2\/types\/product"}],"replies":[{"embeddable":true,"href":"https:\/\/www.raxxa.com\/it\/wp-json\/wp\/v2\/comments?post=149543"}],"wp:featuredmedia":[{"embeddable":true,"href":"https:\/\/www.raxxa.com\/it\/wp-json\/wp\/v2\/media\/149533"}],"wp:attachment":[{"href":"https:\/\/www.raxxa.com\/it\/wp-json\/wp\/v2\/media?parent=149543"}],"wp:term":[{"taxonomy":"product_brand","embeddable":true,"href":"https:\/\/www.raxxa.com\/it\/wp-json\/wp\/v2\/product_brand?post=149543"},{"taxonomy":"product_cat","embeddable":true,"href":"https:\/\/www.raxxa.com\/it\/wp-json\/wp\/v2\/product_cat?post=149543"},{"taxonomy":"product_tag","embeddable":true,"href":"https:\/\/www.raxxa.com\/it\/wp-json\/wp\/v2\/product_tag?post=149543"}],"curies":[{"name":"wp","href":"https:\/\/api.w.org\/{rel}","templated":true}]}}