{"id":145878,"date":"2022-06-04T12:17:18","date_gmt":"2022-06-04T10:17:18","guid":{"rendered":"https:\/\/www.raxxa.com\/?post_type=product&#038;p=145878"},"modified":"2022-06-04T12:19:01","modified_gmt":"2022-06-04T10:19:01","slug":"bio-t-shirt-black-white","status":"publish","type":"product","link":"https:\/\/www.raxxa.com\/it\/shop\/bio-t-shirt-black-white\/","title":{"rendered":"Maglietta organica: bianco e nero"},"content":{"rendered":"<div>\n  <span style='font-weight: bolder; font-size: 1rem;'>raxxa Maglietta unisex in cotone organico bianco e nero<\/span><br \/>\n\n<\/div>\n<div>\n  <span style='font-weight: bolder;'>disegnato da Marcelle Loupos<\/span>\n<\/div>\n<div>\n  <span style='font-size: 1rem;'><br \/><\/span><br \/>\n  <span style='font-size: 1rem;'>Ogni acquisto di un prodotto raxxa sostiene direttamente un artista.<\/span>\n<\/div>\n<div>\n  <span style='font-weight: bolder;'><br \/><\/span><br \/>\n  \n<\/div>\n<div>\n<\/div>\n<div>\n<span style='font-size: 1rem;'><br \/>\nQuesta t-shirt in cotone organico di alta qualit\u00e0 \u00e8 realizzata in cotone organico filato ad anelli 100 %, perfetto per chi \u00e8 attento all'ambiente.<br \/>\n\u00c8 molto comoda e probabilmente diventer\u00e0 la vostra nuova camicia preferita.<br \/>\n<\/span>\n<\/div>\n<div>\n  <span style='font-size: 1rem;'><br \/><\/span><br \/>\n  <span style='font-size: 1rem;'>Note sul materiale:<\/span>\n<\/div>\n<p><\/p>\n<div>\n<span style='font-size: 1rem;'><\/p>\n<ul style='list-style-position: inside'>\n<li>100 % cotone organico filato ad anelli<\/li>\n<li>Stanley\/Stella<\/li>\n<li>Peso del tessuto: 180 g\/m\u00b2<\/li>\n<li>Maglia singola<\/li>\n<li>Taglio regolare<\/li>\n<li>Manicotti a incastro<\/li>\n<li>Costola 1\u00d71 sul colletto<\/li>\n<li>Doppia cucitura alle maniche e all'orlo del girovita<\/li>\n<li>Nastro offset sulla scollatura (all'interno della schiena)<\/li>\n<\/ul>\n<p><\/span>\n<\/div>\n<div>\n  <span style='font-size: 1rem;'><br \/><\/span><br \/>\n  <span style='font-size: 1rem;'>Informazioni sulle dimensioni in cm:<\/span>\n<\/div>\n<p><\/p>\n<table  cellspacing='5' cellpadding='5'>\n<tbody>\n<tr>\n<td><b>Lunghezza del corpo<\/b><\/td>\n<td><b>Petto<\/b><\/td>\n<td><b>Lunghezza delle maniche<\/b><\/td>\n<\/tr>\n<tr>\n<td>XS<\/td>\n<td>66<\/td>\n<td>46<\/td>\n<td>19.5<\/td>\n<\/tr>\n<tr>\n<td>S<\/td>\n<td>69<\/td>\n<td>49<\/td>\n<td>20.5<\/td>\n<\/tr>\n<tr>\n<td>M<\/td>\n<td>72<\/td>\n<td>52<\/td>\n<td>98<\/td>\n<\/tr>\n<tr>\n<td>L<\/td>\n<td>74<\/td>\n<td>55<\/td>\n<td>21.5<\/td>\n<\/tr>\n<tr>\n<td>XL<\/td>\n<td>76<\/td>\n<td>58<\/td>\n<td>22.5<\/td>\n<\/tr>\n<tr>\n<td>2XL<\/td>\n<td>78<\/td>\n<td>61<\/td>\n<td>22.5<\/td>\n<\/tr>\n<tr>\n<td>3XL<\/td>\n<td>80<\/td>\n<td>23.5<\/td>\n<td>130<\/td>\n<\/tr>\n<\/tbody>\n<\/table>\n<p><\/p>\n<div>\n<span style='font-size: 1rem;'>Questo prodotto sar\u00e0 realizzato appositamente per voi su richiesta nel design e nelle dimensioni desiderate.&nbsp;<\/span>\n<\/div>","protected":false},"excerpt":{"rendered":"<p>raxxa Unisex T-Shirt aus Bio-Baumwolle Black &#038; White desiged by Marcelle Loupos Mit jedem Kauf eines raxxa Produkts wird direkt ein K\u00fcnstler unterst\u00fctzt. Dieses qualitativ hochwertige organische Baumwoll-T-Shirt ist aus 100 % biologischer, ringgesponnener Baumwolle, perfekt f\u00fcr umweltbewusste Menschen. Es ist sehr bequem und wird vermutlich direkt dein neues Lieblings-Shirt. Materialhinweise: 100 % biologische ringgesponnene [&hellip;]<\/p>\n","protected":false},"featured_media":145895,"comment_status":"open","ping_status":"closed","template":"","meta":[],"product_brand":[],"product_cat":[10317,10316,10315,10320],"product_tag":[],"class_list":{"0":"post-145878","1":"product","2":"type-product","3":"status-publish","4":"has-post-thumbnail","6":"product_cat-damen","7":"product_cat-kleidung","8":"product_cat-mode-accessoires","9":"product_cat-t-shirts-damen","10":"product_shipping_class-versand-t-shirts1","12":"first","13":"instock","14":"taxable","15":"shipping-taxable","16":"purchasable","17":"product-type-variable"},"yoast_head":"<!-- This site is optimized with the Yoast SEO Premium plugin v27.2 (Yoast SEO v27.3) - https:\/\/yoast.com\/product\/yoast-seo-premium-wordpress\/ -->\n<title>Bio T-Shirt: Black &amp; White - raxxa<\/title>\n<meta name=\"robots\" content=\"index, follow, max-snippet:-1, max-image-preview:large, max-video-preview:-1\" \/>\n<link rel=\"canonical\" href=\"https:\/\/www.raxxa.com\/it\/shop\/bio-t-shirt-black-white\/\" \/>\n<meta property=\"og:locale\" content=\"it_IT\" \/>\n<meta property=\"og:type\" content=\"article\" \/>\n<meta property=\"og:title\" content=\"Bio T-Shirt: Black &amp; White\" \/>\n<meta property=\"og:description\" content=\"raxxa Unisex T-Shirt aus Bio-Baumwolle Black &#038; White desiged by Marcelle Loupos Mit jedem Kauf eines raxxa Produkts wird direkt ein K\u00fcnstler unterst\u00fctzt. Dieses qualitativ hochwertige organische Baumwoll-T-Shirt ist aus 100 % biologischer, ringgesponnener Baumwolle, perfekt f\u00fcr umweltbewusste Menschen. Es ist sehr bequem und wird vermutlich direkt dein neues Lieblings-Shirt. Materialhinweise: 100 % biologische ringgesponnene [&hellip;]\" \/>\n<meta property=\"og:url\" content=\"https:\/\/www.raxxa.com\/it\/shop\/bio-t-shirt-black-white\/\" \/>\n<meta property=\"og:site_name\" content=\"raxxa\" \/>\n<meta property=\"article:publisher\" content=\"https:\/\/facebook.com\/raxxacom\" \/>\n<meta property=\"article:modified_time\" content=\"2022-06-04T10:19:01+00:00\" \/>\n<meta property=\"og:image\" content=\"https:\/\/www.raxxa.com\/wp-content\/uploads\/2022\/06\/raxxa-organic-t-shirt-Marcelle-Loupos-black-and-white-683x1024.png\" \/>\n\t<meta property=\"og:image:width\" content=\"683\" \/>\n\t<meta property=\"og:image:height\" content=\"1024\" \/>\n\t<meta property=\"og:image:type\" content=\"image\/png\" \/>\n<meta name=\"twitter:card\" content=\"summary_large_image\" \/>\n<meta name=\"twitter:label1\" content=\"Disponibilit\u00e0\" \/>\n\t<meta name=\"twitter:data1\" content=\"In stock\" \/>\n<script type=\"application\/ld+json\" class=\"yoast-schema-graph\">{\"@context\":\"https:\\\/\\\/schema.org\",\"@graph\":[{\"@type\":[\"WebPage\",\"ItemPage\"],\"@id\":\"https:\\\/\\\/www.raxxa.com\\\/shop\\\/bio-t-shirt-black-white\\\/\",\"url\":\"https:\\\/\\\/www.raxxa.com\\\/shop\\\/bio-t-shirt-black-white\\\/\",\"name\":\"Bio T-Shirt: Black & White - raxxa\",\"isPartOf\":{\"@id\":\"https:\\\/\\\/www.raxxa.com\\\/#website\"},\"primaryImageOfPage\":{\"@id\":\"https:\\\/\\\/www.raxxa.com\\\/shop\\\/bio-t-shirt-black-white\\\/#primaryimage\"},\"image\":{\"@id\":\"https:\\\/\\\/www.raxxa.com\\\/shop\\\/bio-t-shirt-black-white\\\/#primaryimage\"},\"thumbnailUrl\":\"https:\\\/\\\/www.raxxa.com\\\/wp-content\\\/uploads\\\/2022\\\/06\\\/raxxa-organic-t-shirt-Marcelle-Loupos-black-and-white.png\",\"datePublished\":\"2022-06-04T10:17:18+00:00\",\"dateModified\":\"2022-06-04T10:19:01+00:00\",\"breadcrumb\":{\"@id\":\"https:\\\/\\\/www.raxxa.com\\\/shop\\\/bio-t-shirt-black-white\\\/#breadcrumb\"},\"inLanguage\":\"it-IT\",\"potentialAction\":[{\"@type\":\"ReadAction\",\"target\":[\"https:\\\/\\\/www.raxxa.com\\\/shop\\\/bio-t-shirt-black-white\\\/\"]}]},{\"@type\":\"ImageObject\",\"inLanguage\":\"it-IT\",\"@id\":\"https:\\\/\\\/www.raxxa.com\\\/shop\\\/bio-t-shirt-black-white\\\/#primaryimage\",\"url\":\"https:\\\/\\\/www.raxxa.com\\\/wp-content\\\/uploads\\\/2022\\\/06\\\/raxxa-organic-t-shirt-Marcelle-Loupos-black-and-white.png\",\"contentUrl\":\"https:\\\/\\\/www.raxxa.com\\\/wp-content\\\/uploads\\\/2022\\\/06\\\/raxxa-organic-t-shirt-Marcelle-Loupos-black-and-white.png\",\"width\":1440,\"height\":2158},{\"@type\":\"BreadcrumbList\",\"@id\":\"https:\\\/\\\/www.raxxa.com\\\/shop\\\/bio-t-shirt-black-white\\\/#breadcrumb\",\"itemListElement\":[{\"@type\":\"ListItem\",\"position\":1,\"name\":\"Startseite\",\"item\":\"https:\\\/\\\/www.raxxa.com\\\/\"},{\"@type\":\"ListItem\",\"position\":2,\"name\":\"Shop\",\"item\":\"https:\\\/\\\/www.raxxa.com\\\/it\\\/shop\\\/\"},{\"@type\":\"ListItem\",\"position\":3,\"name\":\"Bio T-Shirt: Black &#038; White\"}]},{\"@type\":\"WebSite\",\"@id\":\"https:\\\/\\\/www.raxxa.com\\\/#website\",\"url\":\"https:\\\/\\\/www.raxxa.com\\\/\",\"name\":\"raxxa\",\"description\":\"Einzigartige individuelle Produkte von unseren Designern\",\"publisher\":{\"@id\":\"https:\\\/\\\/www.raxxa.com\\\/#organization\"},\"potentialAction\":[{\"@type\":\"SearchAction\",\"target\":{\"@type\":\"EntryPoint\",\"urlTemplate\":\"https:\\\/\\\/www.raxxa.com\\\/?s={search_term_string}\"},\"query-input\":{\"@type\":\"PropertyValueSpecification\",\"valueRequired\":true,\"valueName\":\"search_term_string\"}}],\"inLanguage\":\"it-IT\"},{\"@type\":\"Organization\",\"@id\":\"https:\\\/\\\/www.raxxa.com\\\/#organization\",\"name\":\"raxxa\",\"url\":\"https:\\\/\\\/www.raxxa.com\\\/\",\"logo\":{\"@type\":\"ImageObject\",\"inLanguage\":\"it-IT\",\"@id\":\"https:\\\/\\\/www.raxxa.com\\\/#\\\/schema\\\/logo\\\/image\\\/\",\"url\":\"https:\\\/\\\/www.raxxa.com\\\/wp-content\\\/uploads\\\/2022\\\/07\\\/logo_v2.png\",\"contentUrl\":\"https:\\\/\\\/www.raxxa.com\\\/wp-content\\\/uploads\\\/2022\\\/07\\\/logo_v2.png\",\"width\":380,\"height\":382,\"caption\":\"raxxa\"},\"image\":{\"@id\":\"https:\\\/\\\/www.raxxa.com\\\/#\\\/schema\\\/logo\\\/image\\\/\"},\"sameAs\":[\"https:\\\/\\\/facebook.com\\\/raxxacom\"]}]}<\/script>\n<meta property=\"og:availability\" content=\"instock\" \/>\n<meta property=\"product:availability\" content=\"instock\" \/>\n<meta property=\"product:retailer_item_id\" content=\"1-104-2525-178\" \/>\n<meta property=\"product:condition\" content=\"new\" \/>\n<!-- \/ Yoast SEO Premium plugin. -->","yoast_head_json":{"title":"Maglietta organica: bianco e nero - raxxa","robots":{"index":"index","follow":"follow","max-snippet":"max-snippet:-1","max-image-preview":"max-image-preview:large","max-video-preview":"max-video-preview:-1"},"canonical":"https:\/\/www.raxxa.com\/it\/shop\/bio-t-shirt-black-white\/","og_locale":"it_IT","og_type":"article","og_title":"Bio T-Shirt: Black & White","og_description":"raxxa Unisex T-Shirt aus Bio-Baumwolle Black &#038; White desiged by Marcelle Loupos Mit jedem Kauf eines raxxa Produkts wird direkt ein K\u00fcnstler unterst\u00fctzt. Dieses qualitativ hochwertige organische Baumwoll-T-Shirt ist aus 100 % biologischer, ringgesponnener Baumwolle, perfekt f\u00fcr umweltbewusste Menschen. Es ist sehr bequem und wird vermutlich direkt dein neues Lieblings-Shirt. Materialhinweise: 100 % biologische ringgesponnene [&hellip;]","og_url":"https:\/\/www.raxxa.com\/it\/shop\/bio-t-shirt-black-white\/","og_site_name":"raxxa","article_publisher":"https:\/\/facebook.com\/raxxacom","article_modified_time":"2022-06-04T10:19:01+00:00","og_image":[{"width":683,"height":1024,"url":"https:\/\/www.raxxa.com\/wp-content\/uploads\/2022\/06\/raxxa-organic-t-shirt-Marcelle-Loupos-black-and-white-683x1024.png","type":"image\/png"}],"twitter_card":"summary_large_image","twitter_misc":{"Disponibilit\u00e0":"In stock"},"schema":{"@context":"https:\/\/schema.org","@graph":[{"@type":["WebPage","ItemPage"],"@id":"https:\/\/www.raxxa.com\/shop\/bio-t-shirt-black-white\/","url":"https:\/\/www.raxxa.com\/shop\/bio-t-shirt-black-white\/","name":"Maglietta organica: bianco e nero - raxxa","isPartOf":{"@id":"https:\/\/www.raxxa.com\/#website"},"primaryImageOfPage":{"@id":"https:\/\/www.raxxa.com\/shop\/bio-t-shirt-black-white\/#primaryimage"},"image":{"@id":"https:\/\/www.raxxa.com\/shop\/bio-t-shirt-black-white\/#primaryimage"},"thumbnailUrl":"https:\/\/www.raxxa.com\/wp-content\/uploads\/2022\/06\/raxxa-organic-t-shirt-Marcelle-Loupos-black-and-white.png","datePublished":"2022-06-04T10:17:18+00:00","dateModified":"2022-06-04T10:19:01+00:00","breadcrumb":{"@id":"https:\/\/www.raxxa.com\/shop\/bio-t-shirt-black-white\/#breadcrumb"},"inLanguage":"it-IT","potentialAction":[{"@type":"ReadAction","target":["https:\/\/www.raxxa.com\/shop\/bio-t-shirt-black-white\/"]}]},{"@type":"ImageObject","inLanguage":"it-IT","@id":"https:\/\/www.raxxa.com\/shop\/bio-t-shirt-black-white\/#primaryimage","url":"https:\/\/www.raxxa.com\/wp-content\/uploads\/2022\/06\/raxxa-organic-t-shirt-Marcelle-Loupos-black-and-white.png","contentUrl":"https:\/\/www.raxxa.com\/wp-content\/uploads\/2022\/06\/raxxa-organic-t-shirt-Marcelle-Loupos-black-and-white.png","width":1440,"height":2158},{"@type":"BreadcrumbList","@id":"https:\/\/www.raxxa.com\/shop\/bio-t-shirt-black-white\/#breadcrumb","itemListElement":[{"@type":"ListItem","position":1,"name":"Startseite","item":"https:\/\/www.raxxa.com\/"},{"@type":"ListItem","position":2,"name":"Shop","item":"https:\/\/www.raxxa.com\/it\/shop\/"},{"@type":"ListItem","position":3,"name":"Bio T-Shirt: Black &#038; White"}]},{"@type":"WebSite","@id":"https:\/\/www.raxxa.com\/#website","url":"https:\/\/www.raxxa.com\/","name":"raxxa","description":"Prodotti unici e personalizzati dei nostri designer","publisher":{"@id":"https:\/\/www.raxxa.com\/#organization"},"potentialAction":[{"@type":"SearchAction","target":{"@type":"EntryPoint","urlTemplate":"https:\/\/www.raxxa.com\/?s={search_term_string}"},"query-input":{"@type":"PropertyValueSpecification","valueRequired":true,"valueName":"search_term_string"}}],"inLanguage":"it-IT"},{"@type":"Organization","@id":"https:\/\/www.raxxa.com\/#organization","name":"raxxa","url":"https:\/\/www.raxxa.com\/","logo":{"@type":"ImageObject","inLanguage":"it-IT","@id":"https:\/\/www.raxxa.com\/#\/schema\/logo\/image\/","url":"https:\/\/www.raxxa.com\/wp-content\/uploads\/2022\/07\/logo_v2.png","contentUrl":"https:\/\/www.raxxa.com\/wp-content\/uploads\/2022\/07\/logo_v2.png","width":380,"height":382,"caption":"raxxa"},"image":{"@id":"https:\/\/www.raxxa.com\/#\/schema\/logo\/image\/"},"sameAs":["https:\/\/facebook.com\/raxxacom"]}]},"og_availability":"instock","product_availability":"instock","product_retailer_item_id":"1-104-2525-178","product_condition":"new"},"jetpack_sharing_enabled":true,"_links":{"self":[{"href":"https:\/\/www.raxxa.com\/it\/wp-json\/wp\/v2\/product\/145878","targetHints":{"allow":["GET"]}}],"collection":[{"href":"https:\/\/www.raxxa.com\/it\/wp-json\/wp\/v2\/product"}],"about":[{"href":"https:\/\/www.raxxa.com\/it\/wp-json\/wp\/v2\/types\/product"}],"replies":[{"embeddable":true,"href":"https:\/\/www.raxxa.com\/it\/wp-json\/wp\/v2\/comments?post=145878"}],"wp:featuredmedia":[{"embeddable":true,"href":"https:\/\/www.raxxa.com\/it\/wp-json\/wp\/v2\/media\/145895"}],"wp:attachment":[{"href":"https:\/\/www.raxxa.com\/it\/wp-json\/wp\/v2\/media?parent=145878"}],"wp:term":[{"taxonomy":"product_brand","embeddable":true,"href":"https:\/\/www.raxxa.com\/it\/wp-json\/wp\/v2\/product_brand?post=145878"},{"taxonomy":"product_cat","embeddable":true,"href":"https:\/\/www.raxxa.com\/it\/wp-json\/wp\/v2\/product_cat?post=145878"},{"taxonomy":"product_tag","embeddable":true,"href":"https:\/\/www.raxxa.com\/it\/wp-json\/wp\/v2\/product_tag?post=145878"}],"curies":[{"name":"wp","href":"https:\/\/api.w.org\/{rel}","templated":true}]}}