{"id":143691,"date":"2022-05-16T09:51:11","date_gmt":"2022-05-16T07:51:11","guid":{"rendered":"https:\/\/www.raxxa.com\/shop\/oblivion\/"},"modified":"2022-05-16T09:51:40","modified_gmt":"2022-05-16T07:51:40","slug":"oblivion","status":"publish","type":"product","link":"https:\/\/www.raxxa.com\/it\/shop\/oblivion\/","title":{"rendered":"Oblio"},"content":{"rendered":"<div><b>&#8222;Oblivion&#8220; by Elisabeth Grosse<\/b><\/div>\n<div><b><br \/><\/b><\/div>\n<div><\/div>\n<div><\/div>\n<div>Ritratto astratto disegnato digitalmente.<\/p>\n<p>Creato con tecniche di collage digitale.<\/p>\n<p>Tela originale disponibile!<\/p><\/div>\n<div><b><br \/><\/b><\/div>\n<div><\/div>\n<div><\/div>\n<div>- Stampa fotografica su alluminio dibond 3mm con rivestimento bianco<\/div>\n<div>- Stampa direttamente sull'alluminio Inchiostri di alta qualit\u00e0<\/div>\n<div>- Una buona gradazione tonale assicura una riproduzione esatta<\/div>\n<div><span style=\"font-size: 1rem\">- Opaco e senza riflessi<\/span><\/div>\n<div><span style=\"font-size: 1rem\">- Set da appendere incluso<\/span><\/div>\n<div><\/div>\n<div>Il tuo motivo e la tua taglia individuale saranno prodotti e spediti solo dopo aver ricevuto il tuo ordine.<\/div>\n<div><span style=\"font-size: 1rem\">Se volete una taglia diversa, chiedete pure.<\/span><\/div>\n<p>fashion modernart modernart fashionillustration fashionillustration mixed design designer digitaldesign printdesign digital illustration contemporary contemporary drawing graffiti street art artwork streetart urban urbanart unique woman women womenart #fineart expressive surreal photoshop art digitalart textile design textiles fashion design fashion designer visual visualart poster photo photoart photoart fineartphotography fineartphotography photoart matita inchiostro pennarello bar caff\u00e8 ristorante cocktail tapas salone lounge parrucchiere ritratto figurativo figurativo womanart occhi coiffeur stylist forte multicolore colorato rosso giallo rosa scuro rosso scuro hall hotel cocktail bar hotelbar interno modainterno galleria mostra arte mostra printondemand interno posterart quadro contrasto espressionista stampa alto formato arte digitale stampa arte digitale stampa arte viso viso astratto astratto mercato murale arte murale giclee moda disegno pittura artdeco decorazione deco appeso appeso stanza collezione collezione artnouveau spazio elettrico ingresso cena camino giardino d'inverno ufficio ufficio bella #bella bellezza donna ritratto ritratto arte truccoup artdecohotels hotelinterno ristoranteinterno pranzo sera cena decorazione murale tela decorazione murale arte spray forum artforum group exhibition magazine coverart fair art fair artfair trench abbigliamento abbigliamento wallart deco t-shirt hanging cool new bold dining culture fest festive couture trench coat wall presentation fine fashion magazine fashion magazine illusiv illusive theatre opera music venue drama film motion creative creative experiment experimental gala table room artroom classy experimental inspiration inspire card birthday card large-scale birthday christmas christmas christmas style london style new media medium fashiondesigner illustrator graphic graphic model fashionart fashion art artistic love sketch sketch fashion sketch brixton banksy londonart scene artscene scenery effect watercolour acrylics trendy spot outfit stylish striking dress shirt pants shorts shop boutique spa wellness meditation 1TP5Beauty practice arttherapy terapia arte terapia pittura disegno museo acquerello parte superiore estetico vita alta qualit\u00e0 colore colorato master carta spirito artsy collage artista artesania ribelle pop popart mostra cartoni animati fumetti manga vogue envogue muse fashionweek blogger fashionshoot fashionphotography fashionshot passione vernice vintage corridoio ingresso patio conservatorio caminetto luogo fuoco camino salone tatuaggio palcoscenico sedi regina reale re atrio apertura melusine lorelei femmina celestina stella celeste racconti favole medusa storia narratore narrazione splash festival estate vibrazioni spiaggia club clubbing curatore collezionista mercante d'arte curatore studio studi insegnare insegnante d'arte tutor biblioteca visione presentazione catalogo vip fragranza profumo profumeria profumeria profumo profumo girl gin sky costume costumedesign costumehistory studio artspace historical showstudio knight nick nickknight store storedesign moods biennale newyork nature home sale install projection class workshop sales retail retailer ecommerce market buzz buying buyer sold seller bestseller masterpiece big venus dazed showroom dance dance dream dreams wunder premium highclass qualit\u00e0 qualit\u00e0 halloween nero blackfriday festivo collettivo carta passerella schiuma rigida passerella tela originale rosso redcarpet tappeto accessoire accessori accessori borsa mano dettaglio poetico poema poesia narrativa mossa tranform trasformazione metamorfosi scintilla gossip boho celeb layout fit arredamento caratteristiche esplorare smart expressiveart art artlife artinspo artnews artigianato craftspire maker creator soul jazzy worksonpaper obsession paintflow artformale artmarketing auction promote artfeed artlove spring ocean flowery romance romantic book books cafeteria shelf bookshelf sea castle mansion palce chateau villa provence generous victorian edwardian luxury luxus residency artresidency eyou manor property artistry sellingart #artforsalebyartist #artforsaleonline #artforsalebygallery #sellingartwork #sellingartonline #commissionart #openforcommission lizita shopify magento woocommerce marketing digitalmarketing bigcommerce onlinestore businessowner contentmarketing social socialmedia ubahn metro metropolitana metropolitana portraitmood goldleaf leaf gold brown brown tones gold tones eyes<\/p>","protected":false},"excerpt":{"rendered":"<p>&#8222;Oblivion&#8220; by Elisabeth Grosse Digital Designed Abstract Portrait Painting. Created with digital collage techniques. Original canvas available ! &#8211; Foto Druck auf Aluminium-Dibond 3mm mit wei\u00dfer Beschichtung &#8211; Druck direkt auf das Aluminium hochwertige Druckfarben &#8211; Gute Tonwertabstufung sorgt f\u00fcr exakte Wiedergabe &#8211; Matt und blendfrei &#8211; Inklusive Aufh\u00e4ngeset Ihr Motiv und ihre individuelle Gr\u00f6sse [&hellip;]<\/p>\n","protected":false},"featured_media":143684,"comment_status":"open","ping_status":"closed","template":"","meta":[],"product_brand":[],"product_cat":[10340,138],"product_tag":[7933,7466,7362,9440,8470,7397,7389,7480,10024,7514,8224,9073,9465,8994,7365,7676,7831,7477,7934,7870,9151,8969,7911,9679,9516,9780,7383,7702,7393,7691,7492,8753,10040,10055,9295,8733,8016,8886,7427,8226,10041,7694,9776,8238,8767,9422,10003,8150,7417,8192,7370,8476,7537,7868,7364,7885,8229,7646,8353,9102,7877,7637,8689,7580,7752,9127,9416,7711,8266,7577,7980,7391,7573,7403,8992,9782,8376,7517,8459,9680,7754,7913,8146,8585,7368,9267,9613,7546,9775,7872,10025,7696,9417,7629,8928,8462,10043,7530,8839,8702,8307,8304,8417,7736,9767,7583,7798,8203,8775,10008,7498,8975,7871,9941,8482,7390,7638],"class_list":{"0":"post-143691","1":"product","2":"type-product","3":"status-publish","4":"has-post-thumbnail","6":"product_cat-elisabeth-grosse","7":"product_cat-portrait","8":"product_tag-abend","9":"product_tag-abendessen","10":"product_tag-abstrakt","11":"product_tag-accessoire","12":"product_tag-accessoires","13":"product_tag-acryl","14":"product_tag-aquarell","15":"product_tag-art","16":"product_tag-atrium","17":"product_tag-augen","18":"product_tag-ausstellung","19":"product_tag-bar","20":"product_tag-bekleidung","21":"product_tag-big","22":"product_tag-bild","23":"product_tag-blume","24":"product_tag-blumig","25":"product_tag-braun","26":"product_tag-buero","27":"product_tag-canvas","28":"product_tag-cartoon","29":"product_tag-club","30":"product_tag-collage","31":"product_tag-comic","32":"product_tag-cool","33":"product_tag-dance","34":"product_tag-deko","35":"product_tag-dekor","36":"product_tag-design","37":"product_tag-designer","38":"product_tag-detail","39":"product_tag-digital-2","40":"product_tag-digitalart","41":"product_tag-drama","42":"product_tag-druck","43":"product_tag-duft","44":"product_tag-dunkel","45":"product_tag-eingang","46":"product_tag-essen","47":"product_tag-expressionist","48":"product_tag-farbig","49":"product_tag-fashion","50":"product_tag-female","51":"product_tag-fest","52":"product_tag-film","53":"product_tag-fit","54":"product_tag-format","55":"product_tag-foto","56":"product_tag-fotografie","57":"product_tag-geburtstag","58":"product_tag-gelb","59":"product_tag-gesicht","60":"product_tag-girl","61":"product_tag-graffiti","62":"product_tag-grafik","63":"product_tag-gross","64":"product_tag-halloween","65":"product_tag-hand","66":"product_tag-haengend","67":"product_tag-hemd","68":"product_tag-hoch","69":"product_tag-illustration","70":"product_tag-innenausstattung","71":"product_tag-inspiration","72":"product_tag-karte","73":"product_tag-kleid","74":"product_tag-kleidung","75":"product_tag-kollektion","76":"product_tag-kontrast","77":"product_tag-kreativ","78":"product_tag-kultur","79":"product_tag-kunst","80":"product_tag-kuenstler","81":"product_tag-kuenstlerisch","82":"product_tag-london","83":"product_tag-love","84":"product_tag-luxus","85":"product_tag-make-up","86":"product_tag-malen","87":"product_tag-manga","88":"product_tag-marketing","89":"product_tag-markt","90":"product_tag-media","91":"product_tag-meditation","92":"product_tag-mehrfarbig","93":"product_tag-mode","94":"product_tag-museum","95":"product_tag-natur","96":"product_tag-nature","97":"product_tag-neu","98":"product_tag-office","99":"product_tag-original","100":"product_tag-outfit","101":"product_tag-papier","102":"product_tag-passion","103":"product_tag-pink","104":"product_tag-popart","105":"product_tag-portrait","106":"product_tag-raum","107":"product_tag-salon","108":"product_tag-schoen","109":"product_tag-show","110":"product_tag-spa","111":"product_tag-stil","112":"product_tag-stimmung","113":"product_tag-studio","114":"product_tag-summer","115":"product_tag-teil","116":"product_tag-theater","117":"product_tag-transformation","118":"product_tag-vintage","119":"product_tag-wall","120":"product_tag-wand","121":"product_tag-weihnachten","122":"product_tag-wellness","123":"product_tag-zeichnung","124":"product_tag-zeitgenoessisch","126":"first","127":"instock","128":"taxable","129":"shipping-taxable","130":"purchasable","131":"product-type-variable"},"yoast_head":"<!-- This site is optimized with the Yoast SEO Premium plugin v27.5 (Yoast SEO v27.5) - https:\/\/yoast.com\/product\/yoast-seo-premium-wordpress\/ -->\n<title>Oblivion - raxxa<\/title>\n<meta name=\"robots\" content=\"index, follow, max-snippet:-1, max-image-preview:large, max-video-preview:-1\" \/>\n<link rel=\"canonical\" href=\"https:\/\/www.raxxa.com\/it\/shop\/oblivion\/\" \/>\n<meta property=\"og:locale\" content=\"it_IT\" \/>\n<meta property=\"og:type\" content=\"article\" \/>\n<meta property=\"og:title\" content=\"Oblivion\" \/>\n<meta property=\"og:description\" content=\"&#8222;Oblivion&#8220; by Elisabeth Grosse Digital Designed Abstract Portrait Painting. Created with digital collage techniques. Original canvas available ! &#8211; Foto Druck auf Aluminium-Dibond 3mm mit wei\u00dfer Beschichtung &#8211; Druck direkt auf das Aluminium hochwertige Druckfarben &#8211; Gute Tonwertabstufung sorgt f\u00fcr exakte Wiedergabe &#8211; Matt und blendfrei &#8211; Inklusive Aufh\u00e4ngeset Ihr Motiv und ihre individuelle Gr\u00f6sse [&hellip;]\" \/>\n<meta property=\"og:url\" content=\"https:\/\/www.raxxa.com\/it\/shop\/oblivion\/\" \/>\n<meta property=\"og:site_name\" content=\"raxxa\" \/>\n<meta property=\"article:publisher\" content=\"https:\/\/facebook.com\/raxxacom\" \/>\n<meta property=\"article:modified_time\" content=\"2022-05-16T07:51:40+00:00\" \/>\n<meta property=\"og:image\" content=\"https:\/\/www.raxxa.com\/wp-content\/uploads\/2022\/05\/202-2963-Oblivion-Elisabeth-Grosse.png\" \/>\n\t<meta property=\"og:image:width\" content=\"800\" \/>\n\t<meta property=\"og:image:height\" content=\"800\" \/>\n\t<meta property=\"og:image:type\" content=\"image\/png\" \/>\n<meta name=\"twitter:card\" content=\"summary_large_image\" \/>\n<meta name=\"twitter:label1\" content=\"Disponibilit\u00e0\" \/>\n\t<meta name=\"twitter:data1\" content=\"In stock\" \/>\n<script type=\"application\/ld+json\" class=\"yoast-schema-graph\">{\"@context\":\"https:\\\/\\\/schema.org\",\"@graph\":[{\"@type\":[\"WebPage\",\"ItemPage\"],\"@id\":\"https:\\\/\\\/www.raxxa.com\\\/shop\\\/oblivion\\\/\",\"url\":\"https:\\\/\\\/www.raxxa.com\\\/shop\\\/oblivion\\\/\",\"name\":\"Oblivion - raxxa\",\"isPartOf\":{\"@id\":\"https:\\\/\\\/www.raxxa.com\\\/#website\"},\"primaryImageOfPage\":{\"@id\":\"https:\\\/\\\/www.raxxa.com\\\/shop\\\/oblivion\\\/#primaryimage\"},\"image\":{\"@id\":\"https:\\\/\\\/www.raxxa.com\\\/shop\\\/oblivion\\\/#primaryimage\"},\"thumbnailUrl\":\"https:\\\/\\\/www.raxxa.com\\\/wp-content\\\/uploads\\\/2022\\\/05\\\/202-2963-Oblivion-Elisabeth-Grosse.png\",\"datePublished\":\"2022-05-16T07:51:11+00:00\",\"dateModified\":\"2022-05-16T07:51:40+00:00\",\"breadcrumb\":{\"@id\":\"https:\\\/\\\/www.raxxa.com\\\/shop\\\/oblivion\\\/#breadcrumb\"},\"inLanguage\":\"it-IT\",\"potentialAction\":[{\"@type\":\"ReadAction\",\"target\":[\"https:\\\/\\\/www.raxxa.com\\\/shop\\\/oblivion\\\/\"]}]},{\"@type\":\"ImageObject\",\"inLanguage\":\"it-IT\",\"@id\":\"https:\\\/\\\/www.raxxa.com\\\/shop\\\/oblivion\\\/#primaryimage\",\"url\":\"https:\\\/\\\/www.raxxa.com\\\/wp-content\\\/uploads\\\/2022\\\/05\\\/202-2963-Oblivion-Elisabeth-Grosse.png\",\"contentUrl\":\"https:\\\/\\\/www.raxxa.com\\\/wp-content\\\/uploads\\\/2022\\\/05\\\/202-2963-Oblivion-Elisabeth-Grosse.png\",\"width\":800,\"height\":800},{\"@type\":\"BreadcrumbList\",\"@id\":\"https:\\\/\\\/www.raxxa.com\\\/shop\\\/oblivion\\\/#breadcrumb\",\"itemListElement\":[{\"@type\":\"ListItem\",\"position\":1,\"name\":\"Startseite\",\"item\":\"https:\\\/\\\/www.raxxa.com\\\/\"},{\"@type\":\"ListItem\",\"position\":2,\"name\":\"Shop\",\"item\":\"https:\\\/\\\/www.raxxa.com\\\/it\\\/shop\\\/\"},{\"@type\":\"ListItem\",\"position\":3,\"name\":\"Oblivion\"}]},{\"@type\":\"WebSite\",\"@id\":\"https:\\\/\\\/www.raxxa.com\\\/#website\",\"url\":\"https:\\\/\\\/www.raxxa.com\\\/\",\"name\":\"raxxa\",\"description\":\"Einzigartige individuelle Produkte von unseren Designern\",\"publisher\":{\"@id\":\"https:\\\/\\\/www.raxxa.com\\\/#organization\"},\"potentialAction\":[{\"@type\":\"SearchAction\",\"target\":{\"@type\":\"EntryPoint\",\"urlTemplate\":\"https:\\\/\\\/www.raxxa.com\\\/?s={search_term_string}\"},\"query-input\":{\"@type\":\"PropertyValueSpecification\",\"valueRequired\":true,\"valueName\":\"search_term_string\"}}],\"inLanguage\":\"it-IT\"},{\"@type\":\"Organization\",\"@id\":\"https:\\\/\\\/www.raxxa.com\\\/#organization\",\"name\":\"raxxa\",\"url\":\"https:\\\/\\\/www.raxxa.com\\\/\",\"logo\":{\"@type\":\"ImageObject\",\"inLanguage\":\"it-IT\",\"@id\":\"https:\\\/\\\/www.raxxa.com\\\/#\\\/schema\\\/logo\\\/image\\\/\",\"url\":\"https:\\\/\\\/www.raxxa.com\\\/wp-content\\\/uploads\\\/2022\\\/07\\\/logo_v2.png\",\"contentUrl\":\"https:\\\/\\\/www.raxxa.com\\\/wp-content\\\/uploads\\\/2022\\\/07\\\/logo_v2.png\",\"width\":380,\"height\":382,\"caption\":\"raxxa\"},\"image\":{\"@id\":\"https:\\\/\\\/www.raxxa.com\\\/#\\\/schema\\\/logo\\\/image\\\/\"},\"sameAs\":[\"https:\\\/\\\/facebook.com\\\/raxxacom\"]}]}<\/script>\n<meta property=\"og:availability\" content=\"instock\" \/>\n<meta property=\"product:availability\" content=\"instock\" \/>\n<meta property=\"product:condition\" content=\"new\" \/>\n<!-- \/ Yoast SEO Premium plugin. -->","yoast_head_json":{"title":"Oblivion - raxxa","robots":{"index":"index","follow":"follow","max-snippet":"max-snippet:-1","max-image-preview":"max-image-preview:large","max-video-preview":"max-video-preview:-1"},"canonical":"https:\/\/www.raxxa.com\/it\/shop\/oblivion\/","og_locale":"it_IT","og_type":"article","og_title":"Oblivion","og_description":"&#8222;Oblivion&#8220; by Elisabeth Grosse Digital Designed Abstract Portrait Painting. Created with digital collage techniques. Original canvas available ! &#8211; Foto Druck auf Aluminium-Dibond 3mm mit wei\u00dfer Beschichtung &#8211; Druck direkt auf das Aluminium hochwertige Druckfarben &#8211; Gute Tonwertabstufung sorgt f\u00fcr exakte Wiedergabe &#8211; Matt und blendfrei &#8211; Inklusive Aufh\u00e4ngeset Ihr Motiv und ihre individuelle Gr\u00f6sse [&hellip;]","og_url":"https:\/\/www.raxxa.com\/it\/shop\/oblivion\/","og_site_name":"raxxa","article_publisher":"https:\/\/facebook.com\/raxxacom","article_modified_time":"2022-05-16T07:51:40+00:00","og_image":[{"width":800,"height":800,"url":"https:\/\/www.raxxa.com\/wp-content\/uploads\/2022\/05\/202-2963-Oblivion-Elisabeth-Grosse.png","type":"image\/png"}],"twitter_card":"summary_large_image","twitter_misc":{"Disponibilit\u00e0":"In stock"},"schema":{"@context":"https:\/\/schema.org","@graph":[{"@type":["WebPage","ItemPage"],"@id":"https:\/\/www.raxxa.com\/shop\/oblivion\/","url":"https:\/\/www.raxxa.com\/shop\/oblivion\/","name":"Oblivion - raxxa","isPartOf":{"@id":"https:\/\/www.raxxa.com\/#website"},"primaryImageOfPage":{"@id":"https:\/\/www.raxxa.com\/shop\/oblivion\/#primaryimage"},"image":{"@id":"https:\/\/www.raxxa.com\/shop\/oblivion\/#primaryimage"},"thumbnailUrl":"https:\/\/www.raxxa.com\/wp-content\/uploads\/2022\/05\/202-2963-Oblivion-Elisabeth-Grosse.png","datePublished":"2022-05-16T07:51:11+00:00","dateModified":"2022-05-16T07:51:40+00:00","breadcrumb":{"@id":"https:\/\/www.raxxa.com\/shop\/oblivion\/#breadcrumb"},"inLanguage":"it-IT","potentialAction":[{"@type":"ReadAction","target":["https:\/\/www.raxxa.com\/shop\/oblivion\/"]}]},{"@type":"ImageObject","inLanguage":"it-IT","@id":"https:\/\/www.raxxa.com\/shop\/oblivion\/#primaryimage","url":"https:\/\/www.raxxa.com\/wp-content\/uploads\/2022\/05\/202-2963-Oblivion-Elisabeth-Grosse.png","contentUrl":"https:\/\/www.raxxa.com\/wp-content\/uploads\/2022\/05\/202-2963-Oblivion-Elisabeth-Grosse.png","width":800,"height":800},{"@type":"BreadcrumbList","@id":"https:\/\/www.raxxa.com\/shop\/oblivion\/#breadcrumb","itemListElement":[{"@type":"ListItem","position":1,"name":"Startseite","item":"https:\/\/www.raxxa.com\/"},{"@type":"ListItem","position":2,"name":"Shop","item":"https:\/\/www.raxxa.com\/it\/shop\/"},{"@type":"ListItem","position":3,"name":"Oblivion"}]},{"@type":"WebSite","@id":"https:\/\/www.raxxa.com\/#website","url":"https:\/\/www.raxxa.com\/","name":"raxxa","description":"Prodotti unici e personalizzati dei nostri designer","publisher":{"@id":"https:\/\/www.raxxa.com\/#organization"},"potentialAction":[{"@type":"SearchAction","target":{"@type":"EntryPoint","urlTemplate":"https:\/\/www.raxxa.com\/?s={search_term_string}"},"query-input":{"@type":"PropertyValueSpecification","valueRequired":true,"valueName":"search_term_string"}}],"inLanguage":"it-IT"},{"@type":"Organization","@id":"https:\/\/www.raxxa.com\/#organization","name":"raxxa","url":"https:\/\/www.raxxa.com\/","logo":{"@type":"ImageObject","inLanguage":"it-IT","@id":"https:\/\/www.raxxa.com\/#\/schema\/logo\/image\/","url":"https:\/\/www.raxxa.com\/wp-content\/uploads\/2022\/07\/logo_v2.png","contentUrl":"https:\/\/www.raxxa.com\/wp-content\/uploads\/2022\/07\/logo_v2.png","width":380,"height":382,"caption":"raxxa"},"image":{"@id":"https:\/\/www.raxxa.com\/#\/schema\/logo\/image\/"},"sameAs":["https:\/\/facebook.com\/raxxacom"]}]},"og_availability":"instock","product_availability":"instock","product_condition":"new"},"jetpack_sharing_enabled":true,"_links":{"self":[{"href":"https:\/\/www.raxxa.com\/it\/wp-json\/wp\/v2\/product\/143691","targetHints":{"allow":["GET"]}}],"collection":[{"href":"https:\/\/www.raxxa.com\/it\/wp-json\/wp\/v2\/product"}],"about":[{"href":"https:\/\/www.raxxa.com\/it\/wp-json\/wp\/v2\/types\/product"}],"replies":[{"embeddable":true,"href":"https:\/\/www.raxxa.com\/it\/wp-json\/wp\/v2\/comments?post=143691"}],"wp:featuredmedia":[{"embeddable":true,"href":"https:\/\/www.raxxa.com\/it\/wp-json\/wp\/v2\/media\/143684"}],"wp:attachment":[{"href":"https:\/\/www.raxxa.com\/it\/wp-json\/wp\/v2\/media?parent=143691"}],"wp:term":[{"taxonomy":"product_brand","embeddable":true,"href":"https:\/\/www.raxxa.com\/it\/wp-json\/wp\/v2\/product_brand?post=143691"},{"taxonomy":"product_cat","embeddable":true,"href":"https:\/\/www.raxxa.com\/it\/wp-json\/wp\/v2\/product_cat?post=143691"},{"taxonomy":"product_tag","embeddable":true,"href":"https:\/\/www.raxxa.com\/it\/wp-json\/wp\/v2\/product_tag?post=143691"}],"curies":[{"name":"wp","href":"https:\/\/api.w.org\/{rel}","templated":true}]}}