{"id":135685,"date":"2022-04-10T22:51:19","date_gmt":"2022-04-10T20:51:19","guid":{"rendered":"https:\/\/www.raxxa.com\/?post_type=product&#038;p=135685"},"modified":"2022-04-10T22:51:21","modified_gmt":"2022-04-10T20:51:21","slug":"kleid-plongee-dans-les-seventies","status":"publish","type":"product","link":"https:\/\/www.raxxa.com\/it\/shop\/kleid-plongee-dans-les-seventies\/","title":{"rendered":"Abito: Plong\u00e9e dans les seventies"},"content":{"rendered":"<div>\n  <span style='font-weight: bolder; font-size: 1rem;'>raxxa Ladies Dress Plong\u00e9e dans les seventies<\/span><br \/>\n\n<\/div>\n<div>\n  <span style='font-weight: bolder;'>disegnato da nathalie kurzweg<\/span>\n<\/div>\n<div>\n  <span style='font-size: 1rem;'><br \/><\/span><br \/>\n  <span style='font-size: 1rem;'>Ogni acquisto di un prodotto raxxa sostiene direttamente un artista.<\/span>\n<\/div>\n<div>\n  <span style='font-weight: bolder;'><br \/><\/span><br \/>\n  \n<\/div>\n<div>\nCest en plongeant dans les ann\u00e9es 70s que nous pouvons imaginer ces bulles psych\u00e9d\u00e9liques\n<\/div>\n<div>\n<span style='font-size: 1rem;'><br \/>\nQuesto abito aderente di raxxa con il modello unico e di tendenza dei nostri artisti \u00e8 garantito per diventare un must-have della moda.<br \/>\n<\/span>\n<\/div>\n<div>\n  <span style='font-size: 1rem;'><br \/><\/span><br \/>\n  <span style='font-size: 1rem;'>Note sul materiale:<\/span>\n<\/div>\n<p><\/p>\n<div>\n<span style='font-size: 1rem;'><\/p>\n<ul style='list-style-position: inside'>\n<li>82 % poliestere, 18 % elastan<\/li>\n<li>Peso del tessuto: 224 g\/m\u00b2, il peso pu\u00f2 variare fino a 5 %<\/li>\n<li>Realizzato in morbido e confortevole filato di microfibra<\/li>\n<li>Il materiale ha un tratto a quattro vie, cio\u00e8 il tessuto si espande e si contrae nelle direzioni longitudinale e trasversale.<\/li>\n<\/ul>\n<p><\/span>\n<\/div>\n<div>\n  <span style='font-size: 1rem;'><br \/><\/span><br \/>\n  <span style='font-size: 1rem;'>Informazioni sulle dimensioni in cm:<\/span>\n<\/div>\n<p><\/p>\n<table  cellspacing='5' cellpadding='5'>\n<tbody>\n<tr>\n<td><b>Dimensione<\/b><\/td>\n<td><b>Petto<\/b><\/td>\n<td><b>Vita<\/b><\/td>\n<td><b>Anca<\/b><\/td>\n<\/tr>\n<tr>\n<td>XS<\/td>\n<td>84<\/td>\n<td>64<\/td>\n<td>90<\/td>\n<\/tr>\n<tr>\n<td>S<\/td>\n<td>88<\/td>\n<td>68<\/td>\n<td>94<\/td>\n<\/tr>\n<tr>\n<td>M<\/td>\n<td>92<\/td>\n<td>72<\/td>\n<td>98<\/td>\n<\/tr>\n<tr>\n<td>L<\/td>\n<td>100<\/td>\n<td>80<\/td>\n<td>106<\/td>\n<\/tr>\n<tr>\n<td>XL<\/td>\n<td>108<\/td>\n<td>88<\/td>\n<td>114<\/td>\n<\/tr>\n<\/tbody>\n<\/table>\n<p><\/p>\n<div>\n<span style='font-size: 1rem;'>Questo prodotto sar\u00e0 realizzato appositamente per voi su richiesta nel design e nelle dimensioni desiderate.&nbsp;<\/span>\n<\/div>","protected":false},"excerpt":{"rendered":"<p>raxxa Damen Kleid Plong\u00e9e dans les seventies desiged by nathalie kurzweg Mit jedem Kauf eines raxxa Produkts wird direkt ein K\u00fcnstler unterst\u00fctzt. Cest en plongeant dans les ann\u00e9es 70s que nous pouvons imaginer ces bulles psych\u00e9d\u00e9liques Dieses raxxa figurbetonte Kleid mit dem einzigartigen, trendigem Muster unserer K\u00fcnstler wird garantiert zu einem modischen Must-Have. Materialhinweise: 82 [&hellip;]<\/p>\n","protected":false},"featured_media":135686,"comment_status":"open","ping_status":"closed","template":"","meta":[],"product_brand":[],"product_cat":[10317,10334,10316,10315],"product_tag":[],"class_list":{"0":"post-135685","1":"product","2":"type-product","3":"status-publish","4":"has-post-thumbnail","6":"product_cat-damen","7":"product_cat-kleider-damen","8":"product_cat-kleidung","9":"product_cat-mode-accessoires","10":"product_shipping_class-versand-t-shirts1","12":"first","13":"instock","14":"taxable","15":"shipping-taxable","16":"purchasable","17":"product-type-variable"},"yoast_head":"<!-- This site is optimized with the Yoast SEO Premium plugin v27.5 (Yoast SEO v27.5) - https:\/\/yoast.com\/product\/yoast-seo-premium-wordpress\/ -->\n<title>Kleid: Plong\u00e9e dans les seventies - raxxa<\/title>\n<meta name=\"robots\" content=\"index, follow, max-snippet:-1, max-image-preview:large, max-video-preview:-1\" \/>\n<link rel=\"canonical\" href=\"https:\/\/www.raxxa.com\/it\/shop\/kleid-plongee-dans-les-seventies\/\" \/>\n<meta property=\"og:locale\" content=\"it_IT\" \/>\n<meta property=\"og:type\" content=\"article\" \/>\n<meta property=\"og:title\" content=\"Kleid: Plong\u00e9e dans les seventies\" \/>\n<meta property=\"og:description\" content=\"raxxa Damen Kleid Plong\u00e9e dans les seventies desiged by nathalie kurzweg Mit jedem Kauf eines raxxa Produkts wird direkt ein K\u00fcnstler unterst\u00fctzt. Cest en plongeant dans les ann\u00e9es 70s que nous pouvons imaginer ces bulles psych\u00e9d\u00e9liques Dieses raxxa figurbetonte Kleid mit dem einzigartigen, trendigem Muster unserer K\u00fcnstler wird garantiert zu einem modischen Must-Have. Materialhinweise: 82 [&hellip;]\" \/>\n<meta property=\"og:url\" content=\"https:\/\/www.raxxa.com\/it\/shop\/kleid-plongee-dans-les-seventies\/\" \/>\n<meta property=\"og:site_name\" content=\"raxxa\" \/>\n<meta property=\"article:publisher\" content=\"https:\/\/facebook.com\/raxxacom\" \/>\n<meta property=\"article:modified_time\" content=\"2022-04-10T20:51:21+00:00\" \/>\n<meta property=\"og:image\" content=\"https:\/\/www.raxxa.com\/wp-content\/uploads\/2022\/04\/2408_198_7788_default.jpg\" \/>\n\t<meta property=\"og:image:width\" content=\"1000\" \/>\n\t<meta property=\"og:image:height\" content=\"1000\" \/>\n\t<meta property=\"og:image:type\" content=\"image\/jpeg\" \/>\n<meta name=\"twitter:card\" content=\"summary_large_image\" \/>\n<meta name=\"twitter:label1\" content=\"Disponibilit\u00e0\" \/>\n\t<meta name=\"twitter:data1\" content=\"In stock\" \/>\n<script type=\"application\/ld+json\" class=\"yoast-schema-graph\">{\"@context\":\"https:\\\/\\\/schema.org\",\"@graph\":[{\"@type\":[\"WebPage\",\"ItemPage\"],\"@id\":\"https:\\\/\\\/www.raxxa.com\\\/shop\\\/kleid-plongee-dans-les-seventies\\\/\",\"url\":\"https:\\\/\\\/www.raxxa.com\\\/shop\\\/kleid-plongee-dans-les-seventies\\\/\",\"name\":\"Kleid: Plong\u00e9e dans les seventies - raxxa\",\"isPartOf\":{\"@id\":\"https:\\\/\\\/www.raxxa.com\\\/#website\"},\"primaryImageOfPage\":{\"@id\":\"https:\\\/\\\/www.raxxa.com\\\/shop\\\/kleid-plongee-dans-les-seventies\\\/#primaryimage\"},\"image\":{\"@id\":\"https:\\\/\\\/www.raxxa.com\\\/shop\\\/kleid-plongee-dans-les-seventies\\\/#primaryimage\"},\"thumbnailUrl\":\"https:\\\/\\\/www.raxxa.com\\\/wp-content\\\/uploads\\\/2022\\\/04\\\/2408_198_7788_default.jpg\",\"datePublished\":\"2022-04-10T20:51:19+00:00\",\"dateModified\":\"2022-04-10T20:51:21+00:00\",\"breadcrumb\":{\"@id\":\"https:\\\/\\\/www.raxxa.com\\\/shop\\\/kleid-plongee-dans-les-seventies\\\/#breadcrumb\"},\"inLanguage\":\"it-IT\",\"potentialAction\":[{\"@type\":\"ReadAction\",\"target\":[\"https:\\\/\\\/www.raxxa.com\\\/shop\\\/kleid-plongee-dans-les-seventies\\\/\"]}]},{\"@type\":\"ImageObject\",\"inLanguage\":\"it-IT\",\"@id\":\"https:\\\/\\\/www.raxxa.com\\\/shop\\\/kleid-plongee-dans-les-seventies\\\/#primaryimage\",\"url\":\"https:\\\/\\\/www.raxxa.com\\\/wp-content\\\/uploads\\\/2022\\\/04\\\/2408_198_7788_default.jpg\",\"contentUrl\":\"https:\\\/\\\/www.raxxa.com\\\/wp-content\\\/uploads\\\/2022\\\/04\\\/2408_198_7788_default.jpg\",\"width\":1000,\"height\":1000},{\"@type\":\"BreadcrumbList\",\"@id\":\"https:\\\/\\\/www.raxxa.com\\\/shop\\\/kleid-plongee-dans-les-seventies\\\/#breadcrumb\",\"itemListElement\":[{\"@type\":\"ListItem\",\"position\":1,\"name\":\"Startseite\",\"item\":\"https:\\\/\\\/www.raxxa.com\\\/\"},{\"@type\":\"ListItem\",\"position\":2,\"name\":\"Shop\",\"item\":\"https:\\\/\\\/www.raxxa.com\\\/it\\\/shop\\\/\"},{\"@type\":\"ListItem\",\"position\":3,\"name\":\"Kleid: Plong\u00e9e dans les seventies\"}]},{\"@type\":\"WebSite\",\"@id\":\"https:\\\/\\\/www.raxxa.com\\\/#website\",\"url\":\"https:\\\/\\\/www.raxxa.com\\\/\",\"name\":\"raxxa\",\"description\":\"Einzigartige individuelle Produkte von unseren Designern\",\"publisher\":{\"@id\":\"https:\\\/\\\/www.raxxa.com\\\/#organization\"},\"potentialAction\":[{\"@type\":\"SearchAction\",\"target\":{\"@type\":\"EntryPoint\",\"urlTemplate\":\"https:\\\/\\\/www.raxxa.com\\\/?s={search_term_string}\"},\"query-input\":{\"@type\":\"PropertyValueSpecification\",\"valueRequired\":true,\"valueName\":\"search_term_string\"}}],\"inLanguage\":\"it-IT\"},{\"@type\":\"Organization\",\"@id\":\"https:\\\/\\\/www.raxxa.com\\\/#organization\",\"name\":\"raxxa\",\"url\":\"https:\\\/\\\/www.raxxa.com\\\/\",\"logo\":{\"@type\":\"ImageObject\",\"inLanguage\":\"it-IT\",\"@id\":\"https:\\\/\\\/www.raxxa.com\\\/#\\\/schema\\\/logo\\\/image\\\/\",\"url\":\"https:\\\/\\\/www.raxxa.com\\\/wp-content\\\/uploads\\\/2022\\\/07\\\/logo_v2.png\",\"contentUrl\":\"https:\\\/\\\/www.raxxa.com\\\/wp-content\\\/uploads\\\/2022\\\/07\\\/logo_v2.png\",\"width\":380,\"height\":382,\"caption\":\"raxxa\"},\"image\":{\"@id\":\"https:\\\/\\\/www.raxxa.com\\\/#\\\/schema\\\/logo\\\/image\\\/\"},\"sameAs\":[\"https:\\\/\\\/facebook.com\\\/raxxacom\"]}]}<\/script>\n<meta property=\"og:availability\" content=\"instock\" \/>\n<meta property=\"product:availability\" content=\"instock\" \/>\n<meta property=\"product:retailer_item_id\" content=\"1-109-2408-171\" \/>\n<meta property=\"product:condition\" content=\"new\" \/>\n<!-- \/ Yoast SEO Premium plugin. -->","yoast_head_json":{"title":"Abito: Plong\u00e9e dans les seventies - raxxa","robots":{"index":"index","follow":"follow","max-snippet":"max-snippet:-1","max-image-preview":"max-image-preview:large","max-video-preview":"max-video-preview:-1"},"canonical":"https:\/\/www.raxxa.com\/it\/shop\/kleid-plongee-dans-les-seventies\/","og_locale":"it_IT","og_type":"article","og_title":"Kleid: Plong\u00e9e dans les seventies","og_description":"raxxa Damen Kleid Plong\u00e9e dans les seventies desiged by nathalie kurzweg Mit jedem Kauf eines raxxa Produkts wird direkt ein K\u00fcnstler unterst\u00fctzt. Cest en plongeant dans les ann\u00e9es 70s que nous pouvons imaginer ces bulles psych\u00e9d\u00e9liques Dieses raxxa figurbetonte Kleid mit dem einzigartigen, trendigem Muster unserer K\u00fcnstler wird garantiert zu einem modischen Must-Have. Materialhinweise: 82 [&hellip;]","og_url":"https:\/\/www.raxxa.com\/it\/shop\/kleid-plongee-dans-les-seventies\/","og_site_name":"raxxa","article_publisher":"https:\/\/facebook.com\/raxxacom","article_modified_time":"2022-04-10T20:51:21+00:00","og_image":[{"width":1000,"height":1000,"url":"https:\/\/www.raxxa.com\/wp-content\/uploads\/2022\/04\/2408_198_7788_default.jpg","type":"image\/jpeg"}],"twitter_card":"summary_large_image","twitter_misc":{"Disponibilit\u00e0":"In stock"},"schema":{"@context":"https:\/\/schema.org","@graph":[{"@type":["WebPage","ItemPage"],"@id":"https:\/\/www.raxxa.com\/shop\/kleid-plongee-dans-les-seventies\/","url":"https:\/\/www.raxxa.com\/shop\/kleid-plongee-dans-les-seventies\/","name":"Abito: Plong\u00e9e dans les seventies - raxxa","isPartOf":{"@id":"https:\/\/www.raxxa.com\/#website"},"primaryImageOfPage":{"@id":"https:\/\/www.raxxa.com\/shop\/kleid-plongee-dans-les-seventies\/#primaryimage"},"image":{"@id":"https:\/\/www.raxxa.com\/shop\/kleid-plongee-dans-les-seventies\/#primaryimage"},"thumbnailUrl":"https:\/\/www.raxxa.com\/wp-content\/uploads\/2022\/04\/2408_198_7788_default.jpg","datePublished":"2022-04-10T20:51:19+00:00","dateModified":"2022-04-10T20:51:21+00:00","breadcrumb":{"@id":"https:\/\/www.raxxa.com\/shop\/kleid-plongee-dans-les-seventies\/#breadcrumb"},"inLanguage":"it-IT","potentialAction":[{"@type":"ReadAction","target":["https:\/\/www.raxxa.com\/shop\/kleid-plongee-dans-les-seventies\/"]}]},{"@type":"ImageObject","inLanguage":"it-IT","@id":"https:\/\/www.raxxa.com\/shop\/kleid-plongee-dans-les-seventies\/#primaryimage","url":"https:\/\/www.raxxa.com\/wp-content\/uploads\/2022\/04\/2408_198_7788_default.jpg","contentUrl":"https:\/\/www.raxxa.com\/wp-content\/uploads\/2022\/04\/2408_198_7788_default.jpg","width":1000,"height":1000},{"@type":"BreadcrumbList","@id":"https:\/\/www.raxxa.com\/shop\/kleid-plongee-dans-les-seventies\/#breadcrumb","itemListElement":[{"@type":"ListItem","position":1,"name":"Startseite","item":"https:\/\/www.raxxa.com\/"},{"@type":"ListItem","position":2,"name":"Shop","item":"https:\/\/www.raxxa.com\/it\/shop\/"},{"@type":"ListItem","position":3,"name":"Kleid: Plong\u00e9e dans les seventies"}]},{"@type":"WebSite","@id":"https:\/\/www.raxxa.com\/#website","url":"https:\/\/www.raxxa.com\/","name":"raxxa","description":"Prodotti unici e personalizzati dei nostri designer","publisher":{"@id":"https:\/\/www.raxxa.com\/#organization"},"potentialAction":[{"@type":"SearchAction","target":{"@type":"EntryPoint","urlTemplate":"https:\/\/www.raxxa.com\/?s={search_term_string}"},"query-input":{"@type":"PropertyValueSpecification","valueRequired":true,"valueName":"search_term_string"}}],"inLanguage":"it-IT"},{"@type":"Organization","@id":"https:\/\/www.raxxa.com\/#organization","name":"raxxa","url":"https:\/\/www.raxxa.com\/","logo":{"@type":"ImageObject","inLanguage":"it-IT","@id":"https:\/\/www.raxxa.com\/#\/schema\/logo\/image\/","url":"https:\/\/www.raxxa.com\/wp-content\/uploads\/2022\/07\/logo_v2.png","contentUrl":"https:\/\/www.raxxa.com\/wp-content\/uploads\/2022\/07\/logo_v2.png","width":380,"height":382,"caption":"raxxa"},"image":{"@id":"https:\/\/www.raxxa.com\/#\/schema\/logo\/image\/"},"sameAs":["https:\/\/facebook.com\/raxxacom"]}]},"og_availability":"instock","product_availability":"instock","product_retailer_item_id":"1-109-2408-171","product_condition":"new"},"jetpack_sharing_enabled":true,"_links":{"self":[{"href":"https:\/\/www.raxxa.com\/it\/wp-json\/wp\/v2\/product\/135685","targetHints":{"allow":["GET"]}}],"collection":[{"href":"https:\/\/www.raxxa.com\/it\/wp-json\/wp\/v2\/product"}],"about":[{"href":"https:\/\/www.raxxa.com\/it\/wp-json\/wp\/v2\/types\/product"}],"replies":[{"embeddable":true,"href":"https:\/\/www.raxxa.com\/it\/wp-json\/wp\/v2\/comments?post=135685"}],"wp:featuredmedia":[{"embeddable":true,"href":"https:\/\/www.raxxa.com\/it\/wp-json\/wp\/v2\/media\/135686"}],"wp:attachment":[{"href":"https:\/\/www.raxxa.com\/it\/wp-json\/wp\/v2\/media?parent=135685"}],"wp:term":[{"taxonomy":"product_brand","embeddable":true,"href":"https:\/\/www.raxxa.com\/it\/wp-json\/wp\/v2\/product_brand?post=135685"},{"taxonomy":"product_cat","embeddable":true,"href":"https:\/\/www.raxxa.com\/it\/wp-json\/wp\/v2\/product_cat?post=135685"},{"taxonomy":"product_tag","embeddable":true,"href":"https:\/\/www.raxxa.com\/it\/wp-json\/wp\/v2\/product_tag?post=135685"}],"curies":[{"name":"wp","href":"https:\/\/api.w.org\/{rel}","templated":true}]}}