{"id":128322,"date":"2022-02-21T05:02:08","date_gmt":"2022-02-21T03:02:08","guid":{"rendered":"https:\/\/www.raxxa.com\/shop\/alte-rabenstrasse\/"},"modified":"2022-02-21T05:02:27","modified_gmt":"2022-02-21T03:02:27","slug":"alte-rabenstrasse","status":"publish","type":"product","link":"https:\/\/www.raxxa.com\/it\/shop\/alte-rabenstrasse\/","title":{"rendered":"Strada del Vecchio Corvo"},"content":{"rendered":"<div><b>&#8222;Alte Rabenstra\u00dfe&#8220; by Claudia Schellmann<\/b><\/div>\n<div><b><br \/><\/b><\/div>\n<div><\/div>\n<div><\/div>\n<div>Questo albero troppo cresciuto si trova vicino alla cascata di Bad Urach. Mentre facevo un'escursione, l'albero ha attirato la mia attenzione e mi sono subito chiesto a quali mondi conducessero gli archi delle porte delle radici. Cos\u00ec \u00e8 nata l'idea di questa foto.<\/div>\n<div><b><br \/><\/b><\/div>\n<div><\/div>\n<div><\/div>\n<div>- Stampa fotografica su alluminio dibond 3mm con rivestimento bianco<\/div>\n<div>- Stampa direttamente sull'alluminio Inchiostri di alta qualit\u00e0<\/div>\n<div>- Una buona gradazione tonale assicura una riproduzione esatta<\/div>\n<div><span style=\"font-size: 1rem\">- Opaco e senza riflessi<\/span><\/div>\n<div><span style=\"font-size: 1rem\">- Set da appendere incluso<\/span><\/div>\n<div><\/div>\n<div>Il tuo motivo e la tua taglia individuale saranno prodotti e spediti solo dopo aver ricevuto il tuo ordine.<\/div>\n<div><span style=\"font-size: 1rem\">Se volete una taglia diversa, chiedete pure.<\/span><\/div>\n<p>albero casa sull'albero fantasia fantasia immagine fantasia fantastica composizione composizione immagine editing digitalart digitalcollage mondo dei sogni immaginazione corvo uccello casetta per uccelli mistero mistico misterioso cloudscape<\/p>","protected":false},"excerpt":{"rendered":"<p>&#8222;Alte Rabenstra\u00dfe&#8220; by Claudia Schellmann Dieser verwachsene Baum steht in der N\u00e4he des Bad Uracher Wasserfalls. Beim Wandern fiel er mir ins Auge und ich fragte mich sofort, in welche Welten die B\u00f6gen der Wurzeltore f\u00fchren. So entstand die Idee f\u00fcr dieses Bild. &#8211; Foto Druck auf Aluminium-Dibond 3mm mit wei\u00dfer Beschichtung &#8211; Druck direkt [&hellip;]<\/p>\n","protected":false},"featured_media":128315,"comment_status":"open","ping_status":"closed","template":"","meta":[],"product_brand":[],"product_cat":[162,10211],"product_tag":[7760,10040,7745,9974,9692,9265,8208,9266,9841,7899,9865,8860],"class_list":{"0":"post-128322","1":"product","2":"type-product","3":"status-publish","4":"has-post-thumbnail","6":"product_cat-fantasie","7":"product_cat-claudia-schellmann","8":"product_tag-baum","9":"product_tag-digitalart","10":"product_tag-fantasie","11":"product_tag-fantastisch","12":"product_tag-fantasy","13":"product_tag-geheimnisvoll","14":"product_tag-imagination","15":"product_tag-mysterium","16":"product_tag-mystisch","17":"product_tag-voegel","18":"product_tag-vogelhaus","19":"product_tag-wolkenlandschaft","21":"first","22":"instock","23":"taxable","24":"shipping-taxable","25":"purchasable","26":"product-type-variable"},"yoast_head":"<!-- This site is optimized with the Yoast SEO Premium plugin v27.2 (Yoast SEO v27.3) - https:\/\/yoast.com\/product\/yoast-seo-premium-wordpress\/ -->\n<title>Alte Rabenstra\u00dfe - raxxa<\/title>\n<meta name=\"robots\" content=\"index, follow, max-snippet:-1, max-image-preview:large, max-video-preview:-1\" \/>\n<link rel=\"canonical\" href=\"https:\/\/www.raxxa.com\/it\/shop\/alte-rabenstrasse\/\" \/>\n<meta property=\"og:locale\" content=\"it_IT\" \/>\n<meta property=\"og:type\" content=\"article\" \/>\n<meta property=\"og:title\" content=\"Alte Rabenstra\u00dfe\" \/>\n<meta property=\"og:description\" content=\"&#8222;Alte Rabenstra\u00dfe&#8220; by Claudia Schellmann Dieser verwachsene Baum steht in der N\u00e4he des Bad Uracher Wasserfalls. Beim Wandern fiel er mir ins Auge und ich fragte mich sofort, in welche Welten die B\u00f6gen der Wurzeltore f\u00fchren. So entstand die Idee f\u00fcr dieses Bild. &#8211; Foto Druck auf Aluminium-Dibond 3mm mit wei\u00dfer Beschichtung &#8211; Druck direkt [&hellip;]\" \/>\n<meta property=\"og:url\" content=\"https:\/\/www.raxxa.com\/it\/shop\/alte-rabenstrasse\/\" \/>\n<meta property=\"og:site_name\" content=\"raxxa\" \/>\n<meta property=\"article:publisher\" content=\"https:\/\/facebook.com\/raxxacom\" \/>\n<meta property=\"article:modified_time\" content=\"2022-02-21T03:02:27+00:00\" \/>\n<meta property=\"og:image\" content=\"https:\/\/www.raxxa.com\/wp-content\/uploads\/2022\/02\/131-2448-Alte-Rabenstrasse-Claudia-Schellmann.png\" \/>\n\t<meta property=\"og:image:width\" content=\"800\" \/>\n\t<meta property=\"og:image:height\" content=\"800\" \/>\n\t<meta property=\"og:image:type\" content=\"image\/png\" \/>\n<meta name=\"twitter:card\" content=\"summary_large_image\" \/>\n<meta name=\"twitter:label1\" content=\"Disponibilit\u00e0\" \/>\n\t<meta name=\"twitter:data1\" content=\"In stock\" \/>\n<script type=\"application\/ld+json\" class=\"yoast-schema-graph\">{\"@context\":\"https:\\\/\\\/schema.org\",\"@graph\":[{\"@type\":[\"WebPage\",\"ItemPage\"],\"@id\":\"https:\\\/\\\/www.raxxa.com\\\/it\\\/shop\\\/alte-rabenstrasse\\\/\",\"url\":\"https:\\\/\\\/www.raxxa.com\\\/it\\\/shop\\\/alte-rabenstrasse\\\/\",\"name\":\"Alte Rabenstra\u00dfe - raxxa\",\"isPartOf\":{\"@id\":\"https:\\\/\\\/www.raxxa.com\\\/#website\"},\"primaryImageOfPage\":{\"@id\":\"https:\\\/\\\/www.raxxa.com\\\/it\\\/shop\\\/alte-rabenstrasse\\\/#primaryimage\"},\"image\":{\"@id\":\"https:\\\/\\\/www.raxxa.com\\\/it\\\/shop\\\/alte-rabenstrasse\\\/#primaryimage\"},\"thumbnailUrl\":\"https:\\\/\\\/www.raxxa.com\\\/wp-content\\\/uploads\\\/2022\\\/02\\\/131-2448-Alte-Rabenstrasse-Claudia-Schellmann.png\",\"datePublished\":\"2022-02-21T03:02:08+00:00\",\"dateModified\":\"2022-02-21T03:02:27+00:00\",\"breadcrumb\":{\"@id\":\"https:\\\/\\\/www.raxxa.com\\\/it\\\/shop\\\/alte-rabenstrasse\\\/#breadcrumb\"},\"inLanguage\":\"it-IT\",\"potentialAction\":[{\"@type\":\"ReadAction\",\"target\":[\"https:\\\/\\\/www.raxxa.com\\\/it\\\/shop\\\/alte-rabenstrasse\\\/\"]}]},{\"@type\":\"ImageObject\",\"inLanguage\":\"it-IT\",\"@id\":\"https:\\\/\\\/www.raxxa.com\\\/it\\\/shop\\\/alte-rabenstrasse\\\/#primaryimage\",\"url\":\"https:\\\/\\\/www.raxxa.com\\\/wp-content\\\/uploads\\\/2022\\\/02\\\/131-2448-Alte-Rabenstrasse-Claudia-Schellmann.png\",\"contentUrl\":\"https:\\\/\\\/www.raxxa.com\\\/wp-content\\\/uploads\\\/2022\\\/02\\\/131-2448-Alte-Rabenstrasse-Claudia-Schellmann.png\",\"width\":800,\"height\":800},{\"@type\":\"BreadcrumbList\",\"@id\":\"https:\\\/\\\/www.raxxa.com\\\/it\\\/shop\\\/alte-rabenstrasse\\\/#breadcrumb\",\"itemListElement\":[{\"@type\":\"ListItem\",\"position\":1,\"name\":\"Startseite\",\"item\":\"https:\\\/\\\/www.raxxa.com\\\/\"},{\"@type\":\"ListItem\",\"position\":2,\"name\":\"Shop\",\"item\":\"https:\\\/\\\/www.raxxa.com\\\/it\\\/shop\\\/\"},{\"@type\":\"ListItem\",\"position\":3,\"name\":\"Alte Rabenstra\u00dfe\"}]},{\"@type\":\"WebSite\",\"@id\":\"https:\\\/\\\/www.raxxa.com\\\/#website\",\"url\":\"https:\\\/\\\/www.raxxa.com\\\/\",\"name\":\"raxxa\",\"description\":\"Einzigartige individuelle Produkte von unseren Designern\",\"publisher\":{\"@id\":\"https:\\\/\\\/www.raxxa.com\\\/#organization\"},\"potentialAction\":[{\"@type\":\"SearchAction\",\"target\":{\"@type\":\"EntryPoint\",\"urlTemplate\":\"https:\\\/\\\/www.raxxa.com\\\/?s={search_term_string}\"},\"query-input\":{\"@type\":\"PropertyValueSpecification\",\"valueRequired\":true,\"valueName\":\"search_term_string\"}}],\"inLanguage\":\"it-IT\"},{\"@type\":\"Organization\",\"@id\":\"https:\\\/\\\/www.raxxa.com\\\/#organization\",\"name\":\"raxxa\",\"url\":\"https:\\\/\\\/www.raxxa.com\\\/\",\"logo\":{\"@type\":\"ImageObject\",\"inLanguage\":\"it-IT\",\"@id\":\"https:\\\/\\\/www.raxxa.com\\\/#\\\/schema\\\/logo\\\/image\\\/\",\"url\":\"https:\\\/\\\/www.raxxa.com\\\/wp-content\\\/uploads\\\/2022\\\/07\\\/logo_v2.png\",\"contentUrl\":\"https:\\\/\\\/www.raxxa.com\\\/wp-content\\\/uploads\\\/2022\\\/07\\\/logo_v2.png\",\"width\":380,\"height\":382,\"caption\":\"raxxa\"},\"image\":{\"@id\":\"https:\\\/\\\/www.raxxa.com\\\/#\\\/schema\\\/logo\\\/image\\\/\"},\"sameAs\":[\"https:\\\/\\\/facebook.com\\\/raxxacom\"]}]}<\/script>\n<meta property=\"og:availability\" content=\"instock\" \/>\n<meta property=\"product:availability\" content=\"instock\" \/>\n<meta property=\"product:condition\" content=\"new\" \/>\n<!-- \/ Yoast SEO Premium plugin. -->","yoast_head_json":{"title":"Alte Rabenstra\u00dfe - raxxa","robots":{"index":"index","follow":"follow","max-snippet":"max-snippet:-1","max-image-preview":"max-image-preview:large","max-video-preview":"max-video-preview:-1"},"canonical":"https:\/\/www.raxxa.com\/it\/shop\/alte-rabenstrasse\/","og_locale":"it_IT","og_type":"article","og_title":"Alte Rabenstra\u00dfe","og_description":"&#8222;Alte Rabenstra\u00dfe&#8220; by Claudia Schellmann Dieser verwachsene Baum steht in der N\u00e4he des Bad Uracher Wasserfalls. Beim Wandern fiel er mir ins Auge und ich fragte mich sofort, in welche Welten die B\u00f6gen der Wurzeltore f\u00fchren. So entstand die Idee f\u00fcr dieses Bild. &#8211; Foto Druck auf Aluminium-Dibond 3mm mit wei\u00dfer Beschichtung &#8211; Druck direkt [&hellip;]","og_url":"https:\/\/www.raxxa.com\/it\/shop\/alte-rabenstrasse\/","og_site_name":"raxxa","article_publisher":"https:\/\/facebook.com\/raxxacom","article_modified_time":"2022-02-21T03:02:27+00:00","og_image":[{"width":800,"height":800,"url":"https:\/\/www.raxxa.com\/wp-content\/uploads\/2022\/02\/131-2448-Alte-Rabenstrasse-Claudia-Schellmann.png","type":"image\/png"}],"twitter_card":"summary_large_image","twitter_misc":{"Disponibilit\u00e0":"In stock"},"schema":{"@context":"https:\/\/schema.org","@graph":[{"@type":["WebPage","ItemPage"],"@id":"https:\/\/www.raxxa.com\/it\/shop\/alte-rabenstrasse\/","url":"https:\/\/www.raxxa.com\/it\/shop\/alte-rabenstrasse\/","name":"Alte Rabenstra\u00dfe - raxxa","isPartOf":{"@id":"https:\/\/www.raxxa.com\/#website"},"primaryImageOfPage":{"@id":"https:\/\/www.raxxa.com\/it\/shop\/alte-rabenstrasse\/#primaryimage"},"image":{"@id":"https:\/\/www.raxxa.com\/it\/shop\/alte-rabenstrasse\/#primaryimage"},"thumbnailUrl":"https:\/\/www.raxxa.com\/wp-content\/uploads\/2022\/02\/131-2448-Alte-Rabenstrasse-Claudia-Schellmann.png","datePublished":"2022-02-21T03:02:08+00:00","dateModified":"2022-02-21T03:02:27+00:00","breadcrumb":{"@id":"https:\/\/www.raxxa.com\/it\/shop\/alte-rabenstrasse\/#breadcrumb"},"inLanguage":"it-IT","potentialAction":[{"@type":"ReadAction","target":["https:\/\/www.raxxa.com\/it\/shop\/alte-rabenstrasse\/"]}]},{"@type":"ImageObject","inLanguage":"it-IT","@id":"https:\/\/www.raxxa.com\/it\/shop\/alte-rabenstrasse\/#primaryimage","url":"https:\/\/www.raxxa.com\/wp-content\/uploads\/2022\/02\/131-2448-Alte-Rabenstrasse-Claudia-Schellmann.png","contentUrl":"https:\/\/www.raxxa.com\/wp-content\/uploads\/2022\/02\/131-2448-Alte-Rabenstrasse-Claudia-Schellmann.png","width":800,"height":800},{"@type":"BreadcrumbList","@id":"https:\/\/www.raxxa.com\/it\/shop\/alte-rabenstrasse\/#breadcrumb","itemListElement":[{"@type":"ListItem","position":1,"name":"Startseite","item":"https:\/\/www.raxxa.com\/"},{"@type":"ListItem","position":2,"name":"Shop","item":"https:\/\/www.raxxa.com\/it\/shop\/"},{"@type":"ListItem","position":3,"name":"Alte Rabenstra\u00dfe"}]},{"@type":"WebSite","@id":"https:\/\/www.raxxa.com\/#website","url":"https:\/\/www.raxxa.com\/","name":"raxxa","description":"Prodotti unici e personalizzati dei nostri designer","publisher":{"@id":"https:\/\/www.raxxa.com\/#organization"},"potentialAction":[{"@type":"SearchAction","target":{"@type":"EntryPoint","urlTemplate":"https:\/\/www.raxxa.com\/?s={search_term_string}"},"query-input":{"@type":"PropertyValueSpecification","valueRequired":true,"valueName":"search_term_string"}}],"inLanguage":"it-IT"},{"@type":"Organization","@id":"https:\/\/www.raxxa.com\/#organization","name":"raxxa","url":"https:\/\/www.raxxa.com\/","logo":{"@type":"ImageObject","inLanguage":"it-IT","@id":"https:\/\/www.raxxa.com\/#\/schema\/logo\/image\/","url":"https:\/\/www.raxxa.com\/wp-content\/uploads\/2022\/07\/logo_v2.png","contentUrl":"https:\/\/www.raxxa.com\/wp-content\/uploads\/2022\/07\/logo_v2.png","width":380,"height":382,"caption":"raxxa"},"image":{"@id":"https:\/\/www.raxxa.com\/#\/schema\/logo\/image\/"},"sameAs":["https:\/\/facebook.com\/raxxacom"]}]},"og_availability":"instock","product_availability":"instock","product_condition":"new"},"jetpack_sharing_enabled":true,"_links":{"self":[{"href":"https:\/\/www.raxxa.com\/it\/wp-json\/wp\/v2\/product\/128322","targetHints":{"allow":["GET"]}}],"collection":[{"href":"https:\/\/www.raxxa.com\/it\/wp-json\/wp\/v2\/product"}],"about":[{"href":"https:\/\/www.raxxa.com\/it\/wp-json\/wp\/v2\/types\/product"}],"replies":[{"embeddable":true,"href":"https:\/\/www.raxxa.com\/it\/wp-json\/wp\/v2\/comments?post=128322"}],"wp:featuredmedia":[{"embeddable":true,"href":"https:\/\/www.raxxa.com\/it\/wp-json\/wp\/v2\/media\/128315"}],"wp:attachment":[{"href":"https:\/\/www.raxxa.com\/it\/wp-json\/wp\/v2\/media?parent=128322"}],"wp:term":[{"taxonomy":"product_brand","embeddable":true,"href":"https:\/\/www.raxxa.com\/it\/wp-json\/wp\/v2\/product_brand?post=128322"},{"taxonomy":"product_cat","embeddable":true,"href":"https:\/\/www.raxxa.com\/it\/wp-json\/wp\/v2\/product_cat?post=128322"},{"taxonomy":"product_tag","embeddable":true,"href":"https:\/\/www.raxxa.com\/it\/wp-json\/wp\/v2\/product_tag?post=128322"}],"curies":[{"name":"wp","href":"https:\/\/api.w.org\/{rel}","templated":true}]}}