{"id":122734,"date":"2022-02-04T04:42:50","date_gmt":"2022-02-04T02:42:50","guid":{"rendered":"https:\/\/www.raxxa.com\/shop\/das-gold-der-azteken\/"},"modified":"2022-02-04T04:43:10","modified_gmt":"2022-02-04T02:43:10","slug":"das-gold-der-azteken","status":"publish","type":"product","link":"https:\/\/www.raxxa.com\/it\/shop\/das-gold-der-azteken\/","title":{"rendered":"L'oro degli Aztechi"},"content":{"rendered":"<div><b>\"L'oro degli Aztechi\" di Martin W\u00fcrzburger<\/b><\/div>\n<div><b><br \/><\/b><\/div>\n<div><\/div>\n<div><\/div>\n<div>\u00c8 tutta la sera che mi d\u00e0 sui nervi.<br \/>\nFinalmente mi fu permesso di sbarcare e fui attratta da Molly's, dove speravo di incontrare di nuovo Maria, la misteriosa sconosciuta che aveva osato entrare in una bettola da sola, come donna, con i peggiori personaggi che rendevano insicura la vita a Batavia. Dicevano che era l\u00ec regolarmente, che stava aspettando qualcosa. Nessuno sapeva cosa stesse aspettando.<br \/>\nMaria non c'era, nessuno sapeva dove fosse, non tornava da molto tempo.<br \/>\nCos\u00ec presi una bottiglia del miglior rum giamaicano dal bar e mi sedetti di cattivo umore a un tavolo nell'angolo pi\u00f9 buio.<br \/>\nSe hai una bottiglia di rum, hai molti amici. E subito, appena ho bevuto i primi profondi sorsi dalla bottiglia, \u00e8 arrivato, con uno sguardo drammatico, si \u00e8 seduto al mio tavolo senza che glielo chiedessi - come se fosse un onore per me - e mi ha guardato dritto negli occhi.<br \/>\nIn realt\u00e0 avevo intenzione di guardare Maria negli occhi e non un tizio puzzolente che pensava di essere importante.<br \/>\nL'oro degli Aztechi, mormor\u00f2 cupo. L'oro degli Aztechi.<br \/>\nOra eravamo seduti in un'immersione nelle Indie Orientali, con gli Aztechi e il loro oro a molti mesi di distanza in un viaggio pericoloso.<br \/>\nMa quando un pirata sente parlare di oro, questi dettagli sono irrilevanti.<br \/>\nAlzai un sopracciglio, che era un modo elegante di segnalare il mio interesse.<br \/>\nMurat, questo era il suo nome, si guard\u00f2 intorno, guard\u00f2 l'ingresso, guard\u00f2 il bancone, scrut\u00f2 tutti i presenti e si avvicin\u00f2 ancora di pi\u00f9 a me con il suo alito pesante.<br \/>\nSo dove si trova.<br \/>\nOh, risposi un po' incredulo, mentre l'eco della parola oro mi rimbombava nel cervello.<br \/>\nNaturalmente sospettavo il motivo per cui me lo stava dicendo... ma, salve: l'oro!<br \/>\nSi \u00e8 strappato la camicia. Presi una carta e gli indicai il petto. Hmm, pensai, sembra un normale tatuaggio. Prima che potessi distinguere i dettagli, nascose di nuovo la presunta mappa del tesoro sotto la camicia.<br \/>\nMi guard\u00f2 con aspettativa. Doveva essere un terribile esibizionista e non c'era nulla di tutto questo.<br \/>\nMa Maria era scomparsa e - che dire - ora mi trovo su una nave sgangherata che probabilmente affonder\u00e0 per met\u00e0, Murat \u00e8 il capitano e l'equipaggio \u00e8 composto da idioti come me, pronti a gettare la propria vita dietro a chiunque prometta oro.<br \/>\nMa pensateci, l'oro degli Aztechi! Quando avr\u00f2 la mia parte, sar\u00f2 un uomo fatto, torner\u00f2 a Batavia a cercare Maria...<\/div>\n<div><b><br \/><\/b><\/div>\n<div><\/div>\n<div><\/div>\n<div>- Stampa fotografica su alluminio dibond 3mm con rivestimento bianco<\/div>\n<div>- Stampa direttamente sull'alluminio Inchiostri di alta qualit\u00e0<\/div>\n<div>- Una buona gradazione tonale assicura una riproduzione esatta<\/div>\n<div><span style=\"font-size: 1rem\">- Opaco e senza riflessi<\/span><\/div>\n<div><span style=\"font-size: 1rem\">- Set da appendere incluso<\/span><\/div>\n<div><\/div>\n<div>Il tuo motivo e la tua taglia individuale saranno prodotti e spediti solo dopo aver ricevuto il tuo ordine.<\/div>\n<div><span style=\"font-size: 1rem\">Se volete una taglia diversa, chiedete pure.<\/span><\/div>\n<p>pirati pirati fantasia olandese<\/p>","protected":false},"excerpt":{"rendered":"<p>&#8222;Das Gold der Azteken&#8220; by Martin W\u00fcrzburger Den ganzen Abend war er mir schon auf den Sack gegangen. Endlich durfte ich von Bord und es zog mich zu Molly s, wo ich hoffte erneut auf Maria zu treffen, jene geheimnisvolle Fremde, die sich allein, als Frau in eine Spelunke traute, darin die \u00fcbelsten Gestalten, die [&hellip;]<\/p>\n","protected":false},"featured_media":122727,"comment_status":"open","ping_status":"closed","template":"","meta":[],"product_brand":[],"product_cat":[162,279],"product_tag":[9792,9692,9774,9773],"class_list":{"0":"post-122734","1":"product","2":"type-product","3":"status-publish","4":"has-post-thumbnail","6":"product_cat-fantasie","7":"product_cat-martin-wuerzburger","8":"product_tag-dutchpirates","9":"product_tag-fantasy","10":"product_tag-piraten","11":"product_tag-pirates","13":"first","14":"instock","15":"taxable","16":"shipping-taxable","17":"purchasable","18":"product-type-variable"},"yoast_head":"<!-- This site is optimized with the Yoast SEO Premium plugin v27.4 (Yoast SEO v27.4) - https:\/\/yoast.com\/product\/yoast-seo-premium-wordpress\/ -->\n<title>Das Gold der Azteken - raxxa<\/title>\n<meta name=\"robots\" content=\"index, follow, max-snippet:-1, max-image-preview:large, max-video-preview:-1\" \/>\n<link rel=\"canonical\" href=\"https:\/\/www.raxxa.com\/it\/shop\/das-gold-der-azteken\/\" \/>\n<meta property=\"og:locale\" content=\"it_IT\" \/>\n<meta property=\"og:type\" content=\"article\" \/>\n<meta property=\"og:title\" content=\"Das Gold der Azteken\" \/>\n<meta property=\"og:description\" content=\"&#8222;Das Gold der Azteken&#8220; by Martin W\u00fcrzburger Den ganzen Abend war er mir schon auf den Sack gegangen. Endlich durfte ich von Bord und es zog mich zu Molly s, wo ich hoffte erneut auf Maria zu treffen, jene geheimnisvolle Fremde, die sich allein, als Frau in eine Spelunke traute, darin die \u00fcbelsten Gestalten, die [&hellip;]\" \/>\n<meta property=\"og:url\" content=\"https:\/\/www.raxxa.com\/it\/shop\/das-gold-der-azteken\/\" \/>\n<meta property=\"og:site_name\" content=\"raxxa\" \/>\n<meta property=\"article:publisher\" content=\"https:\/\/facebook.com\/raxxacom\" \/>\n<meta property=\"article:modified_time\" content=\"2022-02-04T02:43:10+00:00\" \/>\n<meta property=\"og:image\" content=\"https:\/\/www.raxxa.com\/wp-content\/uploads\/2022\/02\/97-1167-Das-Gold-der-Azteken-Martin-Wuerzburger.png\" \/>\n\t<meta property=\"og:image:width\" content=\"800\" \/>\n\t<meta property=\"og:image:height\" content=\"800\" \/>\n\t<meta property=\"og:image:type\" content=\"image\/png\" \/>\n<meta name=\"twitter:card\" content=\"summary_large_image\" \/>\n<meta name=\"twitter:label1\" content=\"Disponibilit\u00e0\" \/>\n\t<meta name=\"twitter:data1\" content=\"In stock\" \/>\n<script type=\"application\/ld+json\" class=\"yoast-schema-graph\">{\"@context\":\"https:\\\/\\\/schema.org\",\"@graph\":[{\"@type\":[\"WebPage\",\"ItemPage\"],\"@id\":\"https:\\\/\\\/www.raxxa.com\\\/shop\\\/das-gold-der-azteken\\\/\",\"url\":\"https:\\\/\\\/www.raxxa.com\\\/shop\\\/das-gold-der-azteken\\\/\",\"name\":\"Das Gold der Azteken - raxxa\",\"isPartOf\":{\"@id\":\"https:\\\/\\\/www.raxxa.com\\\/#website\"},\"primaryImageOfPage\":{\"@id\":\"https:\\\/\\\/www.raxxa.com\\\/shop\\\/das-gold-der-azteken\\\/#primaryimage\"},\"image\":{\"@id\":\"https:\\\/\\\/www.raxxa.com\\\/shop\\\/das-gold-der-azteken\\\/#primaryimage\"},\"thumbnailUrl\":\"https:\\\/\\\/www.raxxa.com\\\/wp-content\\\/uploads\\\/2022\\\/02\\\/97-1167-Das-Gold-der-Azteken-Martin-Wuerzburger.png\",\"datePublished\":\"2022-02-04T02:42:50+00:00\",\"dateModified\":\"2022-02-04T02:43:10+00:00\",\"breadcrumb\":{\"@id\":\"https:\\\/\\\/www.raxxa.com\\\/shop\\\/das-gold-der-azteken\\\/#breadcrumb\"},\"inLanguage\":\"it-IT\",\"potentialAction\":[{\"@type\":\"ReadAction\",\"target\":[\"https:\\\/\\\/www.raxxa.com\\\/shop\\\/das-gold-der-azteken\\\/\"]}]},{\"@type\":\"ImageObject\",\"inLanguage\":\"it-IT\",\"@id\":\"https:\\\/\\\/www.raxxa.com\\\/shop\\\/das-gold-der-azteken\\\/#primaryimage\",\"url\":\"https:\\\/\\\/www.raxxa.com\\\/wp-content\\\/uploads\\\/2022\\\/02\\\/97-1167-Das-Gold-der-Azteken-Martin-Wuerzburger.png\",\"contentUrl\":\"https:\\\/\\\/www.raxxa.com\\\/wp-content\\\/uploads\\\/2022\\\/02\\\/97-1167-Das-Gold-der-Azteken-Martin-Wuerzburger.png\",\"width\":800,\"height\":800},{\"@type\":\"BreadcrumbList\",\"@id\":\"https:\\\/\\\/www.raxxa.com\\\/shop\\\/das-gold-der-azteken\\\/#breadcrumb\",\"itemListElement\":[{\"@type\":\"ListItem\",\"position\":1,\"name\":\"Startseite\",\"item\":\"https:\\\/\\\/www.raxxa.com\\\/\"},{\"@type\":\"ListItem\",\"position\":2,\"name\":\"Shop\",\"item\":\"https:\\\/\\\/www.raxxa.com\\\/it\\\/shop\\\/\"},{\"@type\":\"ListItem\",\"position\":3,\"name\":\"Das Gold der Azteken\"}]},{\"@type\":\"WebSite\",\"@id\":\"https:\\\/\\\/www.raxxa.com\\\/#website\",\"url\":\"https:\\\/\\\/www.raxxa.com\\\/\",\"name\":\"raxxa\",\"description\":\"Einzigartige individuelle Produkte von unseren Designern\",\"publisher\":{\"@id\":\"https:\\\/\\\/www.raxxa.com\\\/#organization\"},\"potentialAction\":[{\"@type\":\"SearchAction\",\"target\":{\"@type\":\"EntryPoint\",\"urlTemplate\":\"https:\\\/\\\/www.raxxa.com\\\/?s={search_term_string}\"},\"query-input\":{\"@type\":\"PropertyValueSpecification\",\"valueRequired\":true,\"valueName\":\"search_term_string\"}}],\"inLanguage\":\"it-IT\"},{\"@type\":\"Organization\",\"@id\":\"https:\\\/\\\/www.raxxa.com\\\/#organization\",\"name\":\"raxxa\",\"url\":\"https:\\\/\\\/www.raxxa.com\\\/\",\"logo\":{\"@type\":\"ImageObject\",\"inLanguage\":\"it-IT\",\"@id\":\"https:\\\/\\\/www.raxxa.com\\\/#\\\/schema\\\/logo\\\/image\\\/\",\"url\":\"https:\\\/\\\/www.raxxa.com\\\/wp-content\\\/uploads\\\/2022\\\/07\\\/logo_v2.png\",\"contentUrl\":\"https:\\\/\\\/www.raxxa.com\\\/wp-content\\\/uploads\\\/2022\\\/07\\\/logo_v2.png\",\"width\":380,\"height\":382,\"caption\":\"raxxa\"},\"image\":{\"@id\":\"https:\\\/\\\/www.raxxa.com\\\/#\\\/schema\\\/logo\\\/image\\\/\"},\"sameAs\":[\"https:\\\/\\\/facebook.com\\\/raxxacom\"]}]}<\/script>\n<meta property=\"og:availability\" content=\"instock\" \/>\n<meta property=\"product:availability\" content=\"instock\" \/>\n<meta property=\"product:condition\" content=\"new\" \/>\n<!-- \/ Yoast SEO Premium plugin. -->","yoast_head_json":{"title":"L'oro degli Aztechi - raxxa","robots":{"index":"index","follow":"follow","max-snippet":"max-snippet:-1","max-image-preview":"max-image-preview:large","max-video-preview":"max-video-preview:-1"},"canonical":"https:\/\/www.raxxa.com\/it\/shop\/das-gold-der-azteken\/","og_locale":"it_IT","og_type":"article","og_title":"Das Gold der Azteken","og_description":"&#8222;Das Gold der Azteken&#8220; by Martin W\u00fcrzburger Den ganzen Abend war er mir schon auf den Sack gegangen. Endlich durfte ich von Bord und es zog mich zu Molly s, wo ich hoffte erneut auf Maria zu treffen, jene geheimnisvolle Fremde, die sich allein, als Frau in eine Spelunke traute, darin die \u00fcbelsten Gestalten, die [&hellip;]","og_url":"https:\/\/www.raxxa.com\/it\/shop\/das-gold-der-azteken\/","og_site_name":"raxxa","article_publisher":"https:\/\/facebook.com\/raxxacom","article_modified_time":"2022-02-04T02:43:10+00:00","og_image":[{"width":800,"height":800,"url":"https:\/\/www.raxxa.com\/wp-content\/uploads\/2022\/02\/97-1167-Das-Gold-der-Azteken-Martin-Wuerzburger.png","type":"image\/png"}],"twitter_card":"summary_large_image","twitter_misc":{"Disponibilit\u00e0":"In stock"},"schema":{"@context":"https:\/\/schema.org","@graph":[{"@type":["WebPage","ItemPage"],"@id":"https:\/\/www.raxxa.com\/shop\/das-gold-der-azteken\/","url":"https:\/\/www.raxxa.com\/shop\/das-gold-der-azteken\/","name":"L'oro degli Aztechi - raxxa","isPartOf":{"@id":"https:\/\/www.raxxa.com\/#website"},"primaryImageOfPage":{"@id":"https:\/\/www.raxxa.com\/shop\/das-gold-der-azteken\/#primaryimage"},"image":{"@id":"https:\/\/www.raxxa.com\/shop\/das-gold-der-azteken\/#primaryimage"},"thumbnailUrl":"https:\/\/www.raxxa.com\/wp-content\/uploads\/2022\/02\/97-1167-Das-Gold-der-Azteken-Martin-Wuerzburger.png","datePublished":"2022-02-04T02:42:50+00:00","dateModified":"2022-02-04T02:43:10+00:00","breadcrumb":{"@id":"https:\/\/www.raxxa.com\/shop\/das-gold-der-azteken\/#breadcrumb"},"inLanguage":"it-IT","potentialAction":[{"@type":"ReadAction","target":["https:\/\/www.raxxa.com\/shop\/das-gold-der-azteken\/"]}]},{"@type":"ImageObject","inLanguage":"it-IT","@id":"https:\/\/www.raxxa.com\/shop\/das-gold-der-azteken\/#primaryimage","url":"https:\/\/www.raxxa.com\/wp-content\/uploads\/2022\/02\/97-1167-Das-Gold-der-Azteken-Martin-Wuerzburger.png","contentUrl":"https:\/\/www.raxxa.com\/wp-content\/uploads\/2022\/02\/97-1167-Das-Gold-der-Azteken-Martin-Wuerzburger.png","width":800,"height":800},{"@type":"BreadcrumbList","@id":"https:\/\/www.raxxa.com\/shop\/das-gold-der-azteken\/#breadcrumb","itemListElement":[{"@type":"ListItem","position":1,"name":"Startseite","item":"https:\/\/www.raxxa.com\/"},{"@type":"ListItem","position":2,"name":"Shop","item":"https:\/\/www.raxxa.com\/it\/shop\/"},{"@type":"ListItem","position":3,"name":"Das Gold der Azteken"}]},{"@type":"WebSite","@id":"https:\/\/www.raxxa.com\/#website","url":"https:\/\/www.raxxa.com\/","name":"raxxa","description":"Prodotti unici e personalizzati dei nostri designer","publisher":{"@id":"https:\/\/www.raxxa.com\/#organization"},"potentialAction":[{"@type":"SearchAction","target":{"@type":"EntryPoint","urlTemplate":"https:\/\/www.raxxa.com\/?s={search_term_string}"},"query-input":{"@type":"PropertyValueSpecification","valueRequired":true,"valueName":"search_term_string"}}],"inLanguage":"it-IT"},{"@type":"Organization","@id":"https:\/\/www.raxxa.com\/#organization","name":"raxxa","url":"https:\/\/www.raxxa.com\/","logo":{"@type":"ImageObject","inLanguage":"it-IT","@id":"https:\/\/www.raxxa.com\/#\/schema\/logo\/image\/","url":"https:\/\/www.raxxa.com\/wp-content\/uploads\/2022\/07\/logo_v2.png","contentUrl":"https:\/\/www.raxxa.com\/wp-content\/uploads\/2022\/07\/logo_v2.png","width":380,"height":382,"caption":"raxxa"},"image":{"@id":"https:\/\/www.raxxa.com\/#\/schema\/logo\/image\/"},"sameAs":["https:\/\/facebook.com\/raxxacom"]}]},"og_availability":"instock","product_availability":"instock","product_condition":"new"},"jetpack_sharing_enabled":true,"_links":{"self":[{"href":"https:\/\/www.raxxa.com\/it\/wp-json\/wp\/v2\/product\/122734","targetHints":{"allow":["GET"]}}],"collection":[{"href":"https:\/\/www.raxxa.com\/it\/wp-json\/wp\/v2\/product"}],"about":[{"href":"https:\/\/www.raxxa.com\/it\/wp-json\/wp\/v2\/types\/product"}],"replies":[{"embeddable":true,"href":"https:\/\/www.raxxa.com\/it\/wp-json\/wp\/v2\/comments?post=122734"}],"wp:featuredmedia":[{"embeddable":true,"href":"https:\/\/www.raxxa.com\/it\/wp-json\/wp\/v2\/media\/122727"}],"wp:attachment":[{"href":"https:\/\/www.raxxa.com\/it\/wp-json\/wp\/v2\/media?parent=122734"}],"wp:term":[{"taxonomy":"product_brand","embeddable":true,"href":"https:\/\/www.raxxa.com\/it\/wp-json\/wp\/v2\/product_brand?post=122734"},{"taxonomy":"product_cat","embeddable":true,"href":"https:\/\/www.raxxa.com\/it\/wp-json\/wp\/v2\/product_cat?post=122734"},{"taxonomy":"product_tag","embeddable":true,"href":"https:\/\/www.raxxa.com\/it\/wp-json\/wp\/v2\/product_tag?post=122734"}],"curies":[{"name":"wp","href":"https:\/\/api.w.org\/{rel}","templated":true}]}}