{"id":122345,"date":"2022-02-04T03:44:09","date_gmt":"2022-02-04T01:44:09","guid":{"rendered":"https:\/\/www.raxxa.com\/shop\/die-unterschrift-fehlt\/"},"modified":"2022-02-04T03:44:29","modified_gmt":"2022-02-04T01:44:29","slug":"die-unterschrift-fehlt","status":"publish","type":"product","link":"https:\/\/www.raxxa.com\/it\/shop\/die-unterschrift-fehlt\/","title":{"rendered":"Manca la firma"},"content":{"rendered":"<div><b>&#8222;Die Unterschrift fehlt&#8220; by Martin W\u00fcrzburger<\/b><\/div>\n<div><b><br \/><\/b><\/div>\n<div><\/div>\n<div><\/div>\n<div>Ich habe mich an anderer Stelle \u00fcber die Piraten B\u00fcrokratie ausgelassen. Wer sich nun am Schreibtisch sitzend einen lethargischen Beamten vorstellt, liegt vollkommen falsch.<br \/>\nDas musste ich auch erfahren, als auf meinen Antrag f\u00fcr einen Piraten Ablichtungsberechtigungsschein die Unterschrift des Leiters des Piratenministeriums f\u00fcr \u00d6ffentlichkeitsarbeit fehlte.<br \/>\nMerke: ein Pirat ist immer ein Pirat, auch wenn er am Schreibtisch sitzt.<br \/>\nRegistrato al Grain des Pirates, Binic, Francia<\/div>\n<div><b><br \/><\/b><\/div>\n<div><\/div>\n<div><\/div>\n<div>- Stampa fotografica su alluminio dibond 3mm con rivestimento bianco<\/div>\n<div>- Stampa direttamente sull'alluminio Inchiostri di alta qualit\u00e0<\/div>\n<div>- Una buona gradazione tonale assicura una riproduzione esatta<\/div>\n<div><span style=\"font-size: 1rem\">- Opaco e senza riflessi<\/span><\/div>\n<div><span style=\"font-size: 1rem\">- Set da appendere incluso<\/span><\/div>\n<div><\/div>\n<div>Il tuo motivo e la tua taglia individuale saranno prodotti e spediti solo dopo aver ricevuto il tuo ordine.<\/div>\n<div><span style=\"font-size: 1rem\">Se volete una taglia diversa, chiedete pure.<\/span><\/div>\n<p>pirati pirati fantasy<\/p>","protected":false},"excerpt":{"rendered":"<p>&#8222;Die Unterschrift fehlt&#8220; by Martin W\u00fcrzburger Ich habe mich an anderer Stelle \u00fcber die Piraten B\u00fcrokratie ausgelassen. Wer sich nun am Schreibtisch sitzend einen lethargischen Beamten vorstellt, liegt vollkommen falsch. Das musste ich auch erfahren, als auf meinen Antrag f\u00fcr einen Piraten Ablichtungsberechtigungsschein die Unterschrift des Leiters des Piratenministeriums f\u00fcr \u00d6ffentlichkeitsarbeit fehlte. Merke: ein Pirat [&hellip;]<\/p>\n","protected":false},"featured_media":122338,"comment_status":"open","ping_status":"closed","template":"","meta":[],"product_brand":[],"product_cat":[162,279],"product_tag":[9692,9774,9773],"class_list":{"0":"post-122345","1":"product","2":"type-product","3":"status-publish","4":"has-post-thumbnail","6":"product_cat-fantasie","7":"product_cat-martin-wuerzburger","8":"product_tag-fantasy","9":"product_tag-piraten","10":"product_tag-pirates","12":"first","13":"instock","14":"taxable","15":"shipping-taxable","16":"purchasable","17":"product-type-variable"},"yoast_head":"<!-- This site is optimized with the Yoast SEO Premium plugin v27.5 (Yoast SEO v27.5) - https:\/\/yoast.com\/product\/yoast-seo-premium-wordpress\/ -->\n<title>Die Unterschrift fehlt - raxxa<\/title>\n<meta name=\"robots\" content=\"index, follow, max-snippet:-1, max-image-preview:large, max-video-preview:-1\" \/>\n<link rel=\"canonical\" href=\"https:\/\/www.raxxa.com\/it\/shop\/die-unterschrift-fehlt\/\" \/>\n<meta property=\"og:locale\" content=\"it_IT\" \/>\n<meta property=\"og:type\" content=\"article\" \/>\n<meta property=\"og:title\" content=\"Die Unterschrift fehlt\" \/>\n<meta property=\"og:description\" content=\"&#8222;Die Unterschrift fehlt&#8220; by Martin W\u00fcrzburger Ich habe mich an anderer Stelle \u00fcber die Piraten B\u00fcrokratie ausgelassen. Wer sich nun am Schreibtisch sitzend einen lethargischen Beamten vorstellt, liegt vollkommen falsch. Das musste ich auch erfahren, als auf meinen Antrag f\u00fcr einen Piraten Ablichtungsberechtigungsschein die Unterschrift des Leiters des Piratenministeriums f\u00fcr \u00d6ffentlichkeitsarbeit fehlte. Merke: ein Pirat [&hellip;]\" \/>\n<meta property=\"og:url\" content=\"https:\/\/www.raxxa.com\/it\/shop\/die-unterschrift-fehlt\/\" \/>\n<meta property=\"og:site_name\" content=\"raxxa\" \/>\n<meta property=\"article:publisher\" content=\"https:\/\/facebook.com\/raxxacom\" \/>\n<meta property=\"article:modified_time\" content=\"2022-02-04T01:44:29+00:00\" \/>\n<meta property=\"og:image\" content=\"https:\/\/www.raxxa.com\/wp-content\/uploads\/2022\/02\/97-1138-Die-Unterschrift-fehlt-Martin-Wuerzburger.png\" \/>\n\t<meta property=\"og:image:width\" content=\"800\" \/>\n\t<meta property=\"og:image:height\" content=\"800\" \/>\n\t<meta property=\"og:image:type\" content=\"image\/png\" \/>\n<meta name=\"twitter:card\" content=\"summary_large_image\" \/>\n<meta name=\"twitter:label1\" content=\"Disponibilit\u00e0\" \/>\n\t<meta name=\"twitter:data1\" content=\"In stock\" \/>\n<script type=\"application\/ld+json\" class=\"yoast-schema-graph\">{\"@context\":\"https:\\\/\\\/schema.org\",\"@graph\":[{\"@type\":[\"WebPage\",\"ItemPage\"],\"@id\":\"https:\\\/\\\/www.raxxa.com\\\/shop\\\/die-unterschrift-fehlt\\\/\",\"url\":\"https:\\\/\\\/www.raxxa.com\\\/shop\\\/die-unterschrift-fehlt\\\/\",\"name\":\"Die Unterschrift fehlt - raxxa\",\"isPartOf\":{\"@id\":\"https:\\\/\\\/www.raxxa.com\\\/#website\"},\"primaryImageOfPage\":{\"@id\":\"https:\\\/\\\/www.raxxa.com\\\/shop\\\/die-unterschrift-fehlt\\\/#primaryimage\"},\"image\":{\"@id\":\"https:\\\/\\\/www.raxxa.com\\\/shop\\\/die-unterschrift-fehlt\\\/#primaryimage\"},\"thumbnailUrl\":\"https:\\\/\\\/www.raxxa.com\\\/wp-content\\\/uploads\\\/2022\\\/02\\\/97-1138-Die-Unterschrift-fehlt-Martin-Wuerzburger.png\",\"datePublished\":\"2022-02-04T01:44:09+00:00\",\"dateModified\":\"2022-02-04T01:44:29+00:00\",\"breadcrumb\":{\"@id\":\"https:\\\/\\\/www.raxxa.com\\\/shop\\\/die-unterschrift-fehlt\\\/#breadcrumb\"},\"inLanguage\":\"it-IT\",\"potentialAction\":[{\"@type\":\"ReadAction\",\"target\":[\"https:\\\/\\\/www.raxxa.com\\\/shop\\\/die-unterschrift-fehlt\\\/\"]}]},{\"@type\":\"ImageObject\",\"inLanguage\":\"it-IT\",\"@id\":\"https:\\\/\\\/www.raxxa.com\\\/shop\\\/die-unterschrift-fehlt\\\/#primaryimage\",\"url\":\"https:\\\/\\\/www.raxxa.com\\\/wp-content\\\/uploads\\\/2022\\\/02\\\/97-1138-Die-Unterschrift-fehlt-Martin-Wuerzburger.png\",\"contentUrl\":\"https:\\\/\\\/www.raxxa.com\\\/wp-content\\\/uploads\\\/2022\\\/02\\\/97-1138-Die-Unterschrift-fehlt-Martin-Wuerzburger.png\",\"width\":800,\"height\":800},{\"@type\":\"BreadcrumbList\",\"@id\":\"https:\\\/\\\/www.raxxa.com\\\/shop\\\/die-unterschrift-fehlt\\\/#breadcrumb\",\"itemListElement\":[{\"@type\":\"ListItem\",\"position\":1,\"name\":\"Startseite\",\"item\":\"https:\\\/\\\/www.raxxa.com\\\/\"},{\"@type\":\"ListItem\",\"position\":2,\"name\":\"Shop\",\"item\":\"https:\\\/\\\/www.raxxa.com\\\/it\\\/shop\\\/\"},{\"@type\":\"ListItem\",\"position\":3,\"name\":\"Die Unterschrift fehlt\"}]},{\"@type\":\"WebSite\",\"@id\":\"https:\\\/\\\/www.raxxa.com\\\/#website\",\"url\":\"https:\\\/\\\/www.raxxa.com\\\/\",\"name\":\"raxxa\",\"description\":\"Einzigartige individuelle Produkte von unseren Designern\",\"publisher\":{\"@id\":\"https:\\\/\\\/www.raxxa.com\\\/#organization\"},\"potentialAction\":[{\"@type\":\"SearchAction\",\"target\":{\"@type\":\"EntryPoint\",\"urlTemplate\":\"https:\\\/\\\/www.raxxa.com\\\/?s={search_term_string}\"},\"query-input\":{\"@type\":\"PropertyValueSpecification\",\"valueRequired\":true,\"valueName\":\"search_term_string\"}}],\"inLanguage\":\"it-IT\"},{\"@type\":\"Organization\",\"@id\":\"https:\\\/\\\/www.raxxa.com\\\/#organization\",\"name\":\"raxxa\",\"url\":\"https:\\\/\\\/www.raxxa.com\\\/\",\"logo\":{\"@type\":\"ImageObject\",\"inLanguage\":\"it-IT\",\"@id\":\"https:\\\/\\\/www.raxxa.com\\\/#\\\/schema\\\/logo\\\/image\\\/\",\"url\":\"https:\\\/\\\/www.raxxa.com\\\/wp-content\\\/uploads\\\/2022\\\/07\\\/logo_v2.png\",\"contentUrl\":\"https:\\\/\\\/www.raxxa.com\\\/wp-content\\\/uploads\\\/2022\\\/07\\\/logo_v2.png\",\"width\":380,\"height\":382,\"caption\":\"raxxa\"},\"image\":{\"@id\":\"https:\\\/\\\/www.raxxa.com\\\/#\\\/schema\\\/logo\\\/image\\\/\"},\"sameAs\":[\"https:\\\/\\\/facebook.com\\\/raxxacom\"]}]}<\/script>\n<meta property=\"og:availability\" content=\"instock\" \/>\n<meta property=\"product:availability\" content=\"instock\" \/>\n<meta property=\"product:condition\" content=\"new\" \/>\n<!-- \/ Yoast SEO Premium plugin. -->","yoast_head_json":{"title":"Die Unterschrift fehlt - raxxa","robots":{"index":"index","follow":"follow","max-snippet":"max-snippet:-1","max-image-preview":"max-image-preview:large","max-video-preview":"max-video-preview:-1"},"canonical":"https:\/\/www.raxxa.com\/it\/shop\/die-unterschrift-fehlt\/","og_locale":"it_IT","og_type":"article","og_title":"Die Unterschrift fehlt","og_description":"&#8222;Die Unterschrift fehlt&#8220; by Martin W\u00fcrzburger Ich habe mich an anderer Stelle \u00fcber die Piraten B\u00fcrokratie ausgelassen. Wer sich nun am Schreibtisch sitzend einen lethargischen Beamten vorstellt, liegt vollkommen falsch. Das musste ich auch erfahren, als auf meinen Antrag f\u00fcr einen Piraten Ablichtungsberechtigungsschein die Unterschrift des Leiters des Piratenministeriums f\u00fcr \u00d6ffentlichkeitsarbeit fehlte. Merke: ein Pirat [&hellip;]","og_url":"https:\/\/www.raxxa.com\/it\/shop\/die-unterschrift-fehlt\/","og_site_name":"raxxa","article_publisher":"https:\/\/facebook.com\/raxxacom","article_modified_time":"2022-02-04T01:44:29+00:00","og_image":[{"width":800,"height":800,"url":"https:\/\/www.raxxa.com\/wp-content\/uploads\/2022\/02\/97-1138-Die-Unterschrift-fehlt-Martin-Wuerzburger.png","type":"image\/png"}],"twitter_card":"summary_large_image","twitter_misc":{"Disponibilit\u00e0":"In stock"},"schema":{"@context":"https:\/\/schema.org","@graph":[{"@type":["WebPage","ItemPage"],"@id":"https:\/\/www.raxxa.com\/shop\/die-unterschrift-fehlt\/","url":"https:\/\/www.raxxa.com\/shop\/die-unterschrift-fehlt\/","name":"Die Unterschrift fehlt - raxxa","isPartOf":{"@id":"https:\/\/www.raxxa.com\/#website"},"primaryImageOfPage":{"@id":"https:\/\/www.raxxa.com\/shop\/die-unterschrift-fehlt\/#primaryimage"},"image":{"@id":"https:\/\/www.raxxa.com\/shop\/die-unterschrift-fehlt\/#primaryimage"},"thumbnailUrl":"https:\/\/www.raxxa.com\/wp-content\/uploads\/2022\/02\/97-1138-Die-Unterschrift-fehlt-Martin-Wuerzburger.png","datePublished":"2022-02-04T01:44:09+00:00","dateModified":"2022-02-04T01:44:29+00:00","breadcrumb":{"@id":"https:\/\/www.raxxa.com\/shop\/die-unterschrift-fehlt\/#breadcrumb"},"inLanguage":"it-IT","potentialAction":[{"@type":"ReadAction","target":["https:\/\/www.raxxa.com\/shop\/die-unterschrift-fehlt\/"]}]},{"@type":"ImageObject","inLanguage":"it-IT","@id":"https:\/\/www.raxxa.com\/shop\/die-unterschrift-fehlt\/#primaryimage","url":"https:\/\/www.raxxa.com\/wp-content\/uploads\/2022\/02\/97-1138-Die-Unterschrift-fehlt-Martin-Wuerzburger.png","contentUrl":"https:\/\/www.raxxa.com\/wp-content\/uploads\/2022\/02\/97-1138-Die-Unterschrift-fehlt-Martin-Wuerzburger.png","width":800,"height":800},{"@type":"BreadcrumbList","@id":"https:\/\/www.raxxa.com\/shop\/die-unterschrift-fehlt\/#breadcrumb","itemListElement":[{"@type":"ListItem","position":1,"name":"Startseite","item":"https:\/\/www.raxxa.com\/"},{"@type":"ListItem","position":2,"name":"Shop","item":"https:\/\/www.raxxa.com\/it\/shop\/"},{"@type":"ListItem","position":3,"name":"Die Unterschrift fehlt"}]},{"@type":"WebSite","@id":"https:\/\/www.raxxa.com\/#website","url":"https:\/\/www.raxxa.com\/","name":"raxxa","description":"Prodotti unici e personalizzati dei nostri designer","publisher":{"@id":"https:\/\/www.raxxa.com\/#organization"},"potentialAction":[{"@type":"SearchAction","target":{"@type":"EntryPoint","urlTemplate":"https:\/\/www.raxxa.com\/?s={search_term_string}"},"query-input":{"@type":"PropertyValueSpecification","valueRequired":true,"valueName":"search_term_string"}}],"inLanguage":"it-IT"},{"@type":"Organization","@id":"https:\/\/www.raxxa.com\/#organization","name":"raxxa","url":"https:\/\/www.raxxa.com\/","logo":{"@type":"ImageObject","inLanguage":"it-IT","@id":"https:\/\/www.raxxa.com\/#\/schema\/logo\/image\/","url":"https:\/\/www.raxxa.com\/wp-content\/uploads\/2022\/07\/logo_v2.png","contentUrl":"https:\/\/www.raxxa.com\/wp-content\/uploads\/2022\/07\/logo_v2.png","width":380,"height":382,"caption":"raxxa"},"image":{"@id":"https:\/\/www.raxxa.com\/#\/schema\/logo\/image\/"},"sameAs":["https:\/\/facebook.com\/raxxacom"]}]},"og_availability":"instock","product_availability":"instock","product_condition":"new"},"jetpack_sharing_enabled":true,"_links":{"self":[{"href":"https:\/\/www.raxxa.com\/it\/wp-json\/wp\/v2\/product\/122345","targetHints":{"allow":["GET"]}}],"collection":[{"href":"https:\/\/www.raxxa.com\/it\/wp-json\/wp\/v2\/product"}],"about":[{"href":"https:\/\/www.raxxa.com\/it\/wp-json\/wp\/v2\/types\/product"}],"replies":[{"embeddable":true,"href":"https:\/\/www.raxxa.com\/it\/wp-json\/wp\/v2\/comments?post=122345"}],"wp:featuredmedia":[{"embeddable":true,"href":"https:\/\/www.raxxa.com\/it\/wp-json\/wp\/v2\/media\/122338"}],"wp:attachment":[{"href":"https:\/\/www.raxxa.com\/it\/wp-json\/wp\/v2\/media?parent=122345"}],"wp:term":[{"taxonomy":"product_brand","embeddable":true,"href":"https:\/\/www.raxxa.com\/it\/wp-json\/wp\/v2\/product_brand?post=122345"},{"taxonomy":"product_cat","embeddable":true,"href":"https:\/\/www.raxxa.com\/it\/wp-json\/wp\/v2\/product_cat?post=122345"},{"taxonomy":"product_tag","embeddable":true,"href":"https:\/\/www.raxxa.com\/it\/wp-json\/wp\/v2\/product_tag?post=122345"}],"curies":[{"name":"wp","href":"https:\/\/api.w.org\/{rel}","templated":true}]}}