{"id":113270,"date":"2022-01-13T00:39:57","date_gmt":"2022-01-12T22:39:57","guid":{"rendered":"https:\/\/www.raxxa.com\/shop\/traumwelten-wolfsschlucht\/"},"modified":"2022-01-13T00:40:19","modified_gmt":"2022-01-12T22:40:19","slug":"traumwelten-wolfsschlucht","status":"publish","type":"product","link":"https:\/\/www.raxxa.com\/it\/shop\/traumwelten-wolfsschlucht\/","title":{"rendered":"Mondi di sogno - Gola del lupo"},"content":{"rendered":"<div><b>\"Dreamworlds - Wolfsschlucht\" di Claudia Schellmann<\/b><\/div>\n<div><b><br \/><\/b><\/div>\n<div><\/div>\n<div><\/div>\n<div>Mi piace creare mondi da sogno. Da bambino ho sempre immaginato di vivere come i nani o gli elfi nella foresta, in fosse o pietre da costruzione.<br \/>\nL'immagine di sfondo \u00e8 la cascata ghiacciata nella gola di Wolfsschlucht, vicino a Bad Urach. Anche gli elementi della casa provengono in gran parte dal Baden-W\u00fcrttemberg (Reutlingen, N\u00fcrtingen, Metzingen, Walddofh\u00e4slach...).<\/div>\n<div><b><br \/><\/b><\/div>\n<div><\/div>\n<div><\/div>\n<div>- Stampa fotografica su alluminio dibond 3mm con rivestimento bianco<\/div>\n<div>- Stampa direttamente sull'alluminio Inchiostri di alta qualit\u00e0<\/div>\n<div>- Una buona gradazione tonale assicura una riproduzione esatta<\/div>\n<div><span style=\"font-size: 1rem\">- Opaco e senza riflessi<\/span><\/div>\n<div><span style=\"font-size: 1rem\">- Set da appendere incluso<\/span><\/div>\n<div><\/div>\n<div>Il tuo motivo e la tua taglia individuale saranno prodotti e spediti solo dopo aver ricevuto il tuo ordine.<\/div>\n<div><span style=\"font-size: 1rem\">Se volete una taglia diversa, chiedete pure.<\/span><\/div>\n<p>albero vecchio casa sull'albero fantasia fantasia immagine fantastica fantasia casa da sogno composizione composizione immagine editing digitalart digitalcollage mondi da sogno immaginazione vivere mondi piatti aloneimwald foresta swabianalb cascata congelato<\/p>","protected":false},"excerpt":{"rendered":"<p>&#8222;Traumwelten &#8211; Wolfsschlucht&#8220; by Claudia Schellmann Ich liebe es, Traumwelten zu erschaffen. Als Kind habe ich mir immer vorgestellt, wie Zwerge oder Elfen im Wald in Baust\u00fcmpfen oder Steinen zu wohnen. Das Hintergrundbild ist der zugefrorene Wasserfall in der Wolfsschlucht bei Bad Urach. Die Hauselemente kommen zu einem gro\u00dfen Teil auch aus Baden-W\u00fcrttemberg (Reutlingen, N\u00fcrtingen, [&hellip;]<\/p>\n","protected":false},"featured_media":113263,"comment_status":"open","ping_status":"closed","template":"","meta":[],"product_brand":[],"product_cat":[162,10211],"product_tag":[7760,10040,7745,9974,9692,8208,7557,8082,9013],"class_list":{"0":"post-113270","1":"product","2":"type-product","3":"status-publish","4":"has-post-thumbnail","6":"product_cat-fantasie","7":"product_cat-claudia-schellmann","8":"product_tag-baum","9":"product_tag-digitalart","10":"product_tag-fantasie","11":"product_tag-fantastisch","12":"product_tag-fantasy","13":"product_tag-imagination","14":"product_tag-wald","15":"product_tag-wasserfall","16":"product_tag-wohnung","18":"first","19":"instock","20":"taxable","21":"shipping-taxable","22":"purchasable","23":"product-type-variable"},"yoast_head":"<!-- This site is optimized with the Yoast SEO Premium plugin v27.5 (Yoast SEO v27.5) - https:\/\/yoast.com\/product\/yoast-seo-premium-wordpress\/ -->\n<title>Traumwelten - Wolfsschlucht - raxxa<\/title>\n<meta name=\"robots\" content=\"index, follow, max-snippet:-1, max-image-preview:large, max-video-preview:-1\" \/>\n<link rel=\"canonical\" href=\"https:\/\/www.raxxa.com\/it\/shop\/traumwelten-wolfsschlucht\/\" \/>\n<meta property=\"og:locale\" content=\"it_IT\" \/>\n<meta property=\"og:type\" content=\"article\" \/>\n<meta property=\"og:title\" content=\"Traumwelten - Wolfsschlucht\" \/>\n<meta property=\"og:description\" content=\"&#8222;Traumwelten &#8211; Wolfsschlucht&#8220; by Claudia Schellmann Ich liebe es, Traumwelten zu erschaffen. Als Kind habe ich mir immer vorgestellt, wie Zwerge oder Elfen im Wald in Baust\u00fcmpfen oder Steinen zu wohnen. Das Hintergrundbild ist der zugefrorene Wasserfall in der Wolfsschlucht bei Bad Urach. Die Hauselemente kommen zu einem gro\u00dfen Teil auch aus Baden-W\u00fcrttemberg (Reutlingen, N\u00fcrtingen, [&hellip;]\" \/>\n<meta property=\"og:url\" content=\"https:\/\/www.raxxa.com\/it\/shop\/traumwelten-wolfsschlucht\/\" \/>\n<meta property=\"og:site_name\" content=\"raxxa\" \/>\n<meta property=\"article:publisher\" content=\"https:\/\/facebook.com\/raxxacom\" \/>\n<meta property=\"article:modified_time\" content=\"2022-01-12T22:40:19+00:00\" \/>\n<meta property=\"og:image\" content=\"https:\/\/www.raxxa.com\/wp-content\/uploads\/2022\/01\/131-2179-Traumwelten-Wolfsschlucht-Claudia-Schellmann.png\" \/>\n\t<meta property=\"og:image:width\" content=\"800\" \/>\n\t<meta property=\"og:image:height\" content=\"800\" \/>\n\t<meta property=\"og:image:type\" content=\"image\/png\" \/>\n<meta name=\"twitter:card\" content=\"summary_large_image\" \/>\n<meta name=\"twitter:label1\" content=\"Disponibilit\u00e0\" \/>\n\t<meta name=\"twitter:data1\" content=\"In stock\" \/>\n<script type=\"application\/ld+json\" class=\"yoast-schema-graph\">{\"@context\":\"https:\\\/\\\/schema.org\",\"@graph\":[{\"@type\":[\"WebPage\",\"ItemPage\"],\"@id\":\"https:\\\/\\\/www.raxxa.com\\\/shop\\\/traumwelten-wolfsschlucht\\\/\",\"url\":\"https:\\\/\\\/www.raxxa.com\\\/shop\\\/traumwelten-wolfsschlucht\\\/\",\"name\":\"Traumwelten - Wolfsschlucht - raxxa\",\"isPartOf\":{\"@id\":\"https:\\\/\\\/www.raxxa.com\\\/#website\"},\"primaryImageOfPage\":{\"@id\":\"https:\\\/\\\/www.raxxa.com\\\/shop\\\/traumwelten-wolfsschlucht\\\/#primaryimage\"},\"image\":{\"@id\":\"https:\\\/\\\/www.raxxa.com\\\/shop\\\/traumwelten-wolfsschlucht\\\/#primaryimage\"},\"thumbnailUrl\":\"https:\\\/\\\/www.raxxa.com\\\/wp-content\\\/uploads\\\/2022\\\/01\\\/131-2179-Traumwelten-Wolfsschlucht-Claudia-Schellmann.png\",\"datePublished\":\"2022-01-12T22:39:57+00:00\",\"dateModified\":\"2022-01-12T22:40:19+00:00\",\"breadcrumb\":{\"@id\":\"https:\\\/\\\/www.raxxa.com\\\/shop\\\/traumwelten-wolfsschlucht\\\/#breadcrumb\"},\"inLanguage\":\"it-IT\",\"potentialAction\":[{\"@type\":\"ReadAction\",\"target\":[\"https:\\\/\\\/www.raxxa.com\\\/shop\\\/traumwelten-wolfsschlucht\\\/\"]}]},{\"@type\":\"ImageObject\",\"inLanguage\":\"it-IT\",\"@id\":\"https:\\\/\\\/www.raxxa.com\\\/shop\\\/traumwelten-wolfsschlucht\\\/#primaryimage\",\"url\":\"https:\\\/\\\/www.raxxa.com\\\/wp-content\\\/uploads\\\/2022\\\/01\\\/131-2179-Traumwelten-Wolfsschlucht-Claudia-Schellmann.png\",\"contentUrl\":\"https:\\\/\\\/www.raxxa.com\\\/wp-content\\\/uploads\\\/2022\\\/01\\\/131-2179-Traumwelten-Wolfsschlucht-Claudia-Schellmann.png\",\"width\":800,\"height\":800},{\"@type\":\"BreadcrumbList\",\"@id\":\"https:\\\/\\\/www.raxxa.com\\\/shop\\\/traumwelten-wolfsschlucht\\\/#breadcrumb\",\"itemListElement\":[{\"@type\":\"ListItem\",\"position\":1,\"name\":\"Startseite\",\"item\":\"https:\\\/\\\/www.raxxa.com\\\/\"},{\"@type\":\"ListItem\",\"position\":2,\"name\":\"Shop\",\"item\":\"https:\\\/\\\/www.raxxa.com\\\/it\\\/shop\\\/\"},{\"@type\":\"ListItem\",\"position\":3,\"name\":\"Traumwelten &#8211; Wolfsschlucht\"}]},{\"@type\":\"WebSite\",\"@id\":\"https:\\\/\\\/www.raxxa.com\\\/#website\",\"url\":\"https:\\\/\\\/www.raxxa.com\\\/\",\"name\":\"raxxa\",\"description\":\"Einzigartige individuelle Produkte von unseren Designern\",\"publisher\":{\"@id\":\"https:\\\/\\\/www.raxxa.com\\\/#organization\"},\"potentialAction\":[{\"@type\":\"SearchAction\",\"target\":{\"@type\":\"EntryPoint\",\"urlTemplate\":\"https:\\\/\\\/www.raxxa.com\\\/?s={search_term_string}\"},\"query-input\":{\"@type\":\"PropertyValueSpecification\",\"valueRequired\":true,\"valueName\":\"search_term_string\"}}],\"inLanguage\":\"it-IT\"},{\"@type\":\"Organization\",\"@id\":\"https:\\\/\\\/www.raxxa.com\\\/#organization\",\"name\":\"raxxa\",\"url\":\"https:\\\/\\\/www.raxxa.com\\\/\",\"logo\":{\"@type\":\"ImageObject\",\"inLanguage\":\"it-IT\",\"@id\":\"https:\\\/\\\/www.raxxa.com\\\/#\\\/schema\\\/logo\\\/image\\\/\",\"url\":\"https:\\\/\\\/www.raxxa.com\\\/wp-content\\\/uploads\\\/2022\\\/07\\\/logo_v2.png\",\"contentUrl\":\"https:\\\/\\\/www.raxxa.com\\\/wp-content\\\/uploads\\\/2022\\\/07\\\/logo_v2.png\",\"width\":380,\"height\":382,\"caption\":\"raxxa\"},\"image\":{\"@id\":\"https:\\\/\\\/www.raxxa.com\\\/#\\\/schema\\\/logo\\\/image\\\/\"},\"sameAs\":[\"https:\\\/\\\/facebook.com\\\/raxxacom\"]}]}<\/script>\n<meta property=\"og:availability\" content=\"instock\" \/>\n<meta property=\"product:availability\" content=\"instock\" \/>\n<meta property=\"product:condition\" content=\"new\" \/>\n<!-- \/ Yoast SEO Premium plugin. -->","yoast_head_json":{"title":"Mondi dei sogni - Wolfsschlucht - raxxa","robots":{"index":"index","follow":"follow","max-snippet":"max-snippet:-1","max-image-preview":"max-image-preview:large","max-video-preview":"max-video-preview:-1"},"canonical":"https:\/\/www.raxxa.com\/it\/shop\/traumwelten-wolfsschlucht\/","og_locale":"it_IT","og_type":"article","og_title":"Traumwelten - Wolfsschlucht","og_description":"&#8222;Traumwelten &#8211; Wolfsschlucht&#8220; by Claudia Schellmann Ich liebe es, Traumwelten zu erschaffen. Als Kind habe ich mir immer vorgestellt, wie Zwerge oder Elfen im Wald in Baust\u00fcmpfen oder Steinen zu wohnen. Das Hintergrundbild ist der zugefrorene Wasserfall in der Wolfsschlucht bei Bad Urach. Die Hauselemente kommen zu einem gro\u00dfen Teil auch aus Baden-W\u00fcrttemberg (Reutlingen, N\u00fcrtingen, [&hellip;]","og_url":"https:\/\/www.raxxa.com\/it\/shop\/traumwelten-wolfsschlucht\/","og_site_name":"raxxa","article_publisher":"https:\/\/facebook.com\/raxxacom","article_modified_time":"2022-01-12T22:40:19+00:00","og_image":[{"width":800,"height":800,"url":"https:\/\/www.raxxa.com\/wp-content\/uploads\/2022\/01\/131-2179-Traumwelten-Wolfsschlucht-Claudia-Schellmann.png","type":"image\/png"}],"twitter_card":"summary_large_image","twitter_misc":{"Disponibilit\u00e0":"In stock"},"schema":{"@context":"https:\/\/schema.org","@graph":[{"@type":["WebPage","ItemPage"],"@id":"https:\/\/www.raxxa.com\/shop\/traumwelten-wolfsschlucht\/","url":"https:\/\/www.raxxa.com\/shop\/traumwelten-wolfsschlucht\/","name":"Mondi dei sogni - Wolfsschlucht - raxxa","isPartOf":{"@id":"https:\/\/www.raxxa.com\/#website"},"primaryImageOfPage":{"@id":"https:\/\/www.raxxa.com\/shop\/traumwelten-wolfsschlucht\/#primaryimage"},"image":{"@id":"https:\/\/www.raxxa.com\/shop\/traumwelten-wolfsschlucht\/#primaryimage"},"thumbnailUrl":"https:\/\/www.raxxa.com\/wp-content\/uploads\/2022\/01\/131-2179-Traumwelten-Wolfsschlucht-Claudia-Schellmann.png","datePublished":"2022-01-12T22:39:57+00:00","dateModified":"2022-01-12T22:40:19+00:00","breadcrumb":{"@id":"https:\/\/www.raxxa.com\/shop\/traumwelten-wolfsschlucht\/#breadcrumb"},"inLanguage":"it-IT","potentialAction":[{"@type":"ReadAction","target":["https:\/\/www.raxxa.com\/shop\/traumwelten-wolfsschlucht\/"]}]},{"@type":"ImageObject","inLanguage":"it-IT","@id":"https:\/\/www.raxxa.com\/shop\/traumwelten-wolfsschlucht\/#primaryimage","url":"https:\/\/www.raxxa.com\/wp-content\/uploads\/2022\/01\/131-2179-Traumwelten-Wolfsschlucht-Claudia-Schellmann.png","contentUrl":"https:\/\/www.raxxa.com\/wp-content\/uploads\/2022\/01\/131-2179-Traumwelten-Wolfsschlucht-Claudia-Schellmann.png","width":800,"height":800},{"@type":"BreadcrumbList","@id":"https:\/\/www.raxxa.com\/shop\/traumwelten-wolfsschlucht\/#breadcrumb","itemListElement":[{"@type":"ListItem","position":1,"name":"Startseite","item":"https:\/\/www.raxxa.com\/"},{"@type":"ListItem","position":2,"name":"Shop","item":"https:\/\/www.raxxa.com\/it\/shop\/"},{"@type":"ListItem","position":3,"name":"Traumwelten &#8211; Wolfsschlucht"}]},{"@type":"WebSite","@id":"https:\/\/www.raxxa.com\/#website","url":"https:\/\/www.raxxa.com\/","name":"raxxa","description":"Prodotti unici e personalizzati dei nostri designer","publisher":{"@id":"https:\/\/www.raxxa.com\/#organization"},"potentialAction":[{"@type":"SearchAction","target":{"@type":"EntryPoint","urlTemplate":"https:\/\/www.raxxa.com\/?s={search_term_string}"},"query-input":{"@type":"PropertyValueSpecification","valueRequired":true,"valueName":"search_term_string"}}],"inLanguage":"it-IT"},{"@type":"Organization","@id":"https:\/\/www.raxxa.com\/#organization","name":"raxxa","url":"https:\/\/www.raxxa.com\/","logo":{"@type":"ImageObject","inLanguage":"it-IT","@id":"https:\/\/www.raxxa.com\/#\/schema\/logo\/image\/","url":"https:\/\/www.raxxa.com\/wp-content\/uploads\/2022\/07\/logo_v2.png","contentUrl":"https:\/\/www.raxxa.com\/wp-content\/uploads\/2022\/07\/logo_v2.png","width":380,"height":382,"caption":"raxxa"},"image":{"@id":"https:\/\/www.raxxa.com\/#\/schema\/logo\/image\/"},"sameAs":["https:\/\/facebook.com\/raxxacom"]}]},"og_availability":"instock","product_availability":"instock","product_condition":"new"},"jetpack_sharing_enabled":true,"_links":{"self":[{"href":"https:\/\/www.raxxa.com\/it\/wp-json\/wp\/v2\/product\/113270","targetHints":{"allow":["GET"]}}],"collection":[{"href":"https:\/\/www.raxxa.com\/it\/wp-json\/wp\/v2\/product"}],"about":[{"href":"https:\/\/www.raxxa.com\/it\/wp-json\/wp\/v2\/types\/product"}],"replies":[{"embeddable":true,"href":"https:\/\/www.raxxa.com\/it\/wp-json\/wp\/v2\/comments?post=113270"}],"wp:featuredmedia":[{"embeddable":true,"href":"https:\/\/www.raxxa.com\/it\/wp-json\/wp\/v2\/media\/113263"}],"wp:attachment":[{"href":"https:\/\/www.raxxa.com\/it\/wp-json\/wp\/v2\/media?parent=113270"}],"wp:term":[{"taxonomy":"product_brand","embeddable":true,"href":"https:\/\/www.raxxa.com\/it\/wp-json\/wp\/v2\/product_brand?post=113270"},{"taxonomy":"product_cat","embeddable":true,"href":"https:\/\/www.raxxa.com\/it\/wp-json\/wp\/v2\/product_cat?post=113270"},{"taxonomy":"product_tag","embeddable":true,"href":"https:\/\/www.raxxa.com\/it\/wp-json\/wp\/v2\/product_tag?post=113270"}],"curies":[{"name":"wp","href":"https:\/\/api.w.org\/{rel}","templated":true}]}}