{"id":62,"date":"2021-04-03T10:12:09","date_gmt":"2021-04-03T10:12:09","guid":{"rendered":"https:\/\/www.raxxa.com\/?page_id=62"},"modified":"2021-12-03T08:48:36","modified_gmt":"2021-12-03T06:48:36","slug":"widerrufsbelehrung","status":"publish","type":"page","link":"https:\/\/www.raxxa.com\/it\/widerrufsbelehrung\/","title":{"rendered":"Politica di cancellazione"},"content":{"rendered":"<p><strong>Politica di cancellazione<\/strong><\/p>\n\n\n\n<p>I consumatori hanno un diritto di recesso di quattordici giorni.<\/p>\n\n\n\n<p><strong>Diritto di recesso<\/strong><\/p>\n\n\n\n<p>Il cliente ha il diritto di recedere dal contratto entro quattordici giorni senza fornire alcuna motivazione. Il periodo di recesso \u00e8 di quattordici giorni dal giorno in cui il cliente o un terzo da lui nominato, che non sia il vettore, \u00e8 entrato in possesso della merce.<br><\/p>\n\n\n\n<p>Per esercitare il diritto di recesso, l'utente \u00e8 tenuto a informarci (Hans-J\u00fcrgen Herzig, Fritz-Schubert-Ring 10c, 60388 Francoforte, Germania, info@raxxa.com, telefono: 061095067928) mediante una dichiarazione chiara (ad esempio una lettera inviata per posta, fax o e-mail) della sua decisione di recedere dal presente contratto. A tal fine \u00e8 possibile utilizzare il modello di modulo di recesso allegato, che tuttavia non \u00e8 obbligatorio.<\/p>\n\n\n\n<p>Per rispettare il termine di cancellazione, \u00e8 sufficiente inviare la notifica dell'esercizio del diritto di cancellazione prima della fine del periodo di cancellazione.<\/p>\n\n\n\n<p><strong>Conseguenze della revoca<\/strong><\/p>\n\n\n\n<p>Se Lei recede dal presente contratto, dobbiamo rimborsarLe tutti i pagamenti che abbiamo ricevuto da Lei, compresi i costi di consegna (ad eccezione dei costi aggiuntivi derivanti dal fatto che Lei ha scelto un tipo di consegna diverso dalla consegna standard pi\u00f9 economica da noi offerta), senza indugio e al pi\u00f9 tardi entro quattordici giorni dal giorno in cui abbiamo ricevuto la notifica del Suo recesso dal presente contratto. Per questo rimborso, utilizzeremo lo stesso mezzo di pagamento che avete utilizzato per la transazione originale, a meno che non sia stato espressamente concordato diversamente con voi; in nessun caso vi sar\u00e0 addebitato un costo per questo rimborso. Potremmo rifiutare il rimborso finch\u00e9 non avremo ricevuto la merce o finch\u00e9 il cliente non avr\u00e0 fornito la prova di averla restituita, a seconda di quale delle due condizioni si verifichi per prima.<br><\/p>\n\n\n\n<p>Dovete restituire o consegnare la merce a noi o a Hans-J\u00fcrgen Herzig (Fritz-Schubert-Ring 10c, 60388 Francoforte, Germania) senza indugio e in ogni caso non oltre quattordici giorni dal giorno in cui ci avete comunicato la revoca del presente contratto. Il termine \u00e8 rispettato se si spedisce la merce prima della scadenza del periodo di quattordici giorni. I costi diretti della restituzione della merce sono a carico del cliente. Il cliente \u00e8 tenuto a pagare l'eventuale perdita di valore della merce solo se tale perdita di valore \u00e8 dovuta a una manipolazione della merce non necessaria per verificarne lo stato, le propriet\u00e0 e il funzionamento.<\/p>\n\n\n\n<p>Il diritto di recesso non si applica ai seguenti contratti:<\/p>\n\n\n\n<ul class=\"wp-block-list\"><li>Contratti per la fornitura di beni che non sono prefabbricati e per la cui fabbricazione \u00e8 determinante una scelta o una determinazione individuale da parte del consumatore o che sono chiaramente adattati alle esigenze personali del consumatore.<\/li><\/ul>\n\n\n\n<figure class=\"wp-block-table\"><table><tbody><tr><td><strong>Esempio di modulo di cancellazione<\/strong> <em>(Se si desidera revocare il contratto, si prega di compilare e restituire il presente modulo).<\/em> - A Hans-J\u00fcrgen Herzig, Fritz-Schubert-Ring 10c, 60388 Francoforte, Germania, info@raxxa.com - Io\/noi (*) con la presente revoca il contratto da me\/noi (*) stipulato per l'acquisto di quanto segue<br>Merce (*)\/fornitura del seguente servizio (*) - Ordinato il (*)\/ricevuto il (*) - Nome del\/dei consumatore\/i - Indirizzo del\/dei consumatore\/i - Firma del\/dei consumatore\/i (solo in caso di comunicazione cartacea) - Data<br><br><em>(*) Cancellare la dicitura non pertinente.<\/em><\/td><\/tr><\/tbody><\/table><\/figure>\n\n\n\n<p><em><a target=\"_blank\" href=\"https:\/\/legal.trustedshops.com\/produkte\/rechtstexter\" rel=\"noreferrer noopener\">Politica di cancellazione<\/a> creato con l'opzione <a target=\"_blank\" rel=\"noreferrer noopener\">Negozi di fiducia<\/a> Copywriter legale in collaborazione con <a target=\"_blank\" href=\"https:\/\/foehlisch.com\" rel=\"noreferrer noopener\">Avvocati F\u00d6HLISCH<\/a>.<\/em><\/p>","protected":false},"excerpt":{"rendered":"<p>Widerrufsbelehrung Verbraucher haben ein vierzehnt\u00e4giges Widerrufsrecht. Widerrufsrecht Sie haben das Recht, binnen vierzehn Tagen ohne Angabe von Gr\u00fcnden diesen Vertrag zu widerrufen. Die Widerrufsfrist betr\u00e4gt vierzehn Tage ab dem Tag an dem Sie oder ein von Ihnen benannter Dritter, der nicht der Bef\u00f6rderer ist, die Waren in Besitz genommen haben bzw. hat. Um Ihr Widerrufsrecht [&hellip;]<\/p>\n","protected":false},"author":1,"featured_media":0,"parent":0,"menu_order":0,"comment_status":"closed","ping_status":"closed","template":"","meta":{"footnotes":""},"class_list":["post-62","page","type-page","status-publish","hentry"],"yoast_head":"<!-- This site is optimized with the Yoast SEO Premium plugin v27.4 (Yoast SEO v27.4) - https:\/\/yoast.com\/product\/yoast-seo-premium-wordpress\/ -->\n<title>Widerrufsbelehrung - raxxa<\/title>\n<meta name=\"robots\" content=\"index, follow, max-snippet:-1, max-image-preview:large, max-video-preview:-1\" \/>\n<link rel=\"canonical\" href=\"https:\/\/www.raxxa.com\/it\/widerrufsbelehrung\/\" \/>\n<meta property=\"og:locale\" content=\"it_IT\" \/>\n<meta property=\"og:type\" content=\"article\" \/>\n<meta property=\"og:title\" content=\"Widerrufsbelehrung\" \/>\n<meta property=\"og:description\" content=\"Widerrufsbelehrung Verbraucher haben ein vierzehnt\u00e4giges Widerrufsrecht. Widerrufsrecht Sie haben das Recht, binnen vierzehn Tagen ohne Angabe von Gr\u00fcnden diesen Vertrag zu widerrufen. Die Widerrufsfrist betr\u00e4gt vierzehn Tage ab dem Tag an dem Sie oder ein von Ihnen benannter Dritter, der nicht der Bef\u00f6rderer ist, die Waren in Besitz genommen haben bzw. hat. Um Ihr Widerrufsrecht [&hellip;]\" \/>\n<meta property=\"og:url\" content=\"https:\/\/www.raxxa.com\/it\/widerrufsbelehrung\/\" \/>\n<meta property=\"og:site_name\" content=\"raxxa\" \/>\n<meta property=\"article:publisher\" content=\"https:\/\/facebook.com\/raxxacom\" \/>\n<meta property=\"article:modified_time\" content=\"2021-12-03T06:48:36+00:00\" \/>\n<meta name=\"twitter:card\" content=\"summary_large_image\" \/>\n<meta name=\"twitter:label1\" content=\"Tempo di lettura stimato\" \/>\n\t<meta name=\"twitter:data1\" content=\"3 minuti\" \/>\n<script type=\"application\/ld+json\" class=\"yoast-schema-graph\">{\"@context\":\"https:\\\/\\\/schema.org\",\"@graph\":[{\"@type\":\"WebPage\",\"@id\":\"https:\\\/\\\/www.raxxa.com\\\/widerrufsbelehrung\\\/\",\"url\":\"https:\\\/\\\/www.raxxa.com\\\/widerrufsbelehrung\\\/\",\"name\":\"Widerrufsbelehrung - raxxa\",\"isPartOf\":{\"@id\":\"https:\\\/\\\/www.raxxa.com\\\/#website\"},\"datePublished\":\"2021-04-03T10:12:09+00:00\",\"dateModified\":\"2021-12-03T06:48:36+00:00\",\"breadcrumb\":{\"@id\":\"https:\\\/\\\/www.raxxa.com\\\/widerrufsbelehrung\\\/#breadcrumb\"},\"inLanguage\":\"it-IT\",\"potentialAction\":[{\"@type\":\"ReadAction\",\"target\":[\"https:\\\/\\\/www.raxxa.com\\\/widerrufsbelehrung\\\/\"]}]},{\"@type\":\"BreadcrumbList\",\"@id\":\"https:\\\/\\\/www.raxxa.com\\\/widerrufsbelehrung\\\/#breadcrumb\",\"itemListElement\":[{\"@type\":\"ListItem\",\"position\":1,\"name\":\"Startseite\",\"item\":\"https:\\\/\\\/www.raxxa.com\\\/\"},{\"@type\":\"ListItem\",\"position\":2,\"name\":\"Widerrufsbelehrung\"}]},{\"@type\":\"WebSite\",\"@id\":\"https:\\\/\\\/www.raxxa.com\\\/#website\",\"url\":\"https:\\\/\\\/www.raxxa.com\\\/\",\"name\":\"raxxa\",\"description\":\"Einzigartige individuelle Produkte von unseren Designern\",\"publisher\":{\"@id\":\"https:\\\/\\\/www.raxxa.com\\\/#organization\"},\"potentialAction\":[{\"@type\":\"SearchAction\",\"target\":{\"@type\":\"EntryPoint\",\"urlTemplate\":\"https:\\\/\\\/www.raxxa.com\\\/?s={search_term_string}\"},\"query-input\":{\"@type\":\"PropertyValueSpecification\",\"valueRequired\":true,\"valueName\":\"search_term_string\"}}],\"inLanguage\":\"it-IT\"},{\"@type\":\"Organization\",\"@id\":\"https:\\\/\\\/www.raxxa.com\\\/#organization\",\"name\":\"raxxa\",\"url\":\"https:\\\/\\\/www.raxxa.com\\\/\",\"logo\":{\"@type\":\"ImageObject\",\"inLanguage\":\"it-IT\",\"@id\":\"https:\\\/\\\/www.raxxa.com\\\/#\\\/schema\\\/logo\\\/image\\\/\",\"url\":\"https:\\\/\\\/www.raxxa.com\\\/wp-content\\\/uploads\\\/2022\\\/07\\\/logo_v2.png\",\"contentUrl\":\"https:\\\/\\\/www.raxxa.com\\\/wp-content\\\/uploads\\\/2022\\\/07\\\/logo_v2.png\",\"width\":380,\"height\":382,\"caption\":\"raxxa\"},\"image\":{\"@id\":\"https:\\\/\\\/www.raxxa.com\\\/#\\\/schema\\\/logo\\\/image\\\/\"},\"sameAs\":[\"https:\\\/\\\/facebook.com\\\/raxxacom\"]}]}<\/script>\n<!-- \/ Yoast SEO Premium plugin. -->","yoast_head_json":{"title":"Politica di cancellazione - raxxa","robots":{"index":"index","follow":"follow","max-snippet":"max-snippet:-1","max-image-preview":"max-image-preview:large","max-video-preview":"max-video-preview:-1"},"canonical":"https:\/\/www.raxxa.com\/it\/widerrufsbelehrung\/","og_locale":"it_IT","og_type":"article","og_title":"Widerrufsbelehrung","og_description":"Widerrufsbelehrung Verbraucher haben ein vierzehnt\u00e4giges Widerrufsrecht. Widerrufsrecht Sie haben das Recht, binnen vierzehn Tagen ohne Angabe von Gr\u00fcnden diesen Vertrag zu widerrufen. Die Widerrufsfrist betr\u00e4gt vierzehn Tage ab dem Tag an dem Sie oder ein von Ihnen benannter Dritter, der nicht der Bef\u00f6rderer ist, die Waren in Besitz genommen haben bzw. hat. Um Ihr Widerrufsrecht [&hellip;]","og_url":"https:\/\/www.raxxa.com\/it\/widerrufsbelehrung\/","og_site_name":"raxxa","article_publisher":"https:\/\/facebook.com\/raxxacom","article_modified_time":"2021-12-03T06:48:36+00:00","twitter_card":"summary_large_image","twitter_misc":{"Tempo di lettura stimato":"3 minuti"},"schema":{"@context":"https:\/\/schema.org","@graph":[{"@type":"WebPage","@id":"https:\/\/www.raxxa.com\/widerrufsbelehrung\/","url":"https:\/\/www.raxxa.com\/widerrufsbelehrung\/","name":"Politica di cancellazione - raxxa","isPartOf":{"@id":"https:\/\/www.raxxa.com\/#website"},"datePublished":"2021-04-03T10:12:09+00:00","dateModified":"2021-12-03T06:48:36+00:00","breadcrumb":{"@id":"https:\/\/www.raxxa.com\/widerrufsbelehrung\/#breadcrumb"},"inLanguage":"it-IT","potentialAction":[{"@type":"ReadAction","target":["https:\/\/www.raxxa.com\/widerrufsbelehrung\/"]}]},{"@type":"BreadcrumbList","@id":"https:\/\/www.raxxa.com\/widerrufsbelehrung\/#breadcrumb","itemListElement":[{"@type":"ListItem","position":1,"name":"Startseite","item":"https:\/\/www.raxxa.com\/"},{"@type":"ListItem","position":2,"name":"Widerrufsbelehrung"}]},{"@type":"WebSite","@id":"https:\/\/www.raxxa.com\/#website","url":"https:\/\/www.raxxa.com\/","name":"raxxa","description":"Prodotti unici e personalizzati dei nostri designer","publisher":{"@id":"https:\/\/www.raxxa.com\/#organization"},"potentialAction":[{"@type":"SearchAction","target":{"@type":"EntryPoint","urlTemplate":"https:\/\/www.raxxa.com\/?s={search_term_string}"},"query-input":{"@type":"PropertyValueSpecification","valueRequired":true,"valueName":"search_term_string"}}],"inLanguage":"it-IT"},{"@type":"Organization","@id":"https:\/\/www.raxxa.com\/#organization","name":"raxxa","url":"https:\/\/www.raxxa.com\/","logo":{"@type":"ImageObject","inLanguage":"it-IT","@id":"https:\/\/www.raxxa.com\/#\/schema\/logo\/image\/","url":"https:\/\/www.raxxa.com\/wp-content\/uploads\/2022\/07\/logo_v2.png","contentUrl":"https:\/\/www.raxxa.com\/wp-content\/uploads\/2022\/07\/logo_v2.png","width":380,"height":382,"caption":"raxxa"},"image":{"@id":"https:\/\/www.raxxa.com\/#\/schema\/logo\/image\/"},"sameAs":["https:\/\/facebook.com\/raxxacom"]}]}},"jetpack_sharing_enabled":true,"_links":{"self":[{"href":"https:\/\/www.raxxa.com\/it\/wp-json\/wp\/v2\/pages\/62","targetHints":{"allow":["GET"]}}],"collection":[{"href":"https:\/\/www.raxxa.com\/it\/wp-json\/wp\/v2\/pages"}],"about":[{"href":"https:\/\/www.raxxa.com\/it\/wp-json\/wp\/v2\/types\/page"}],"author":[{"embeddable":true,"href":"https:\/\/www.raxxa.com\/it\/wp-json\/wp\/v2\/users\/1"}],"replies":[{"embeddable":true,"href":"https:\/\/www.raxxa.com\/it\/wp-json\/wp\/v2\/comments?post=62"}],"version-history":[{"count":0,"href":"https:\/\/www.raxxa.com\/it\/wp-json\/wp\/v2\/pages\/62\/revisions"}],"wp:attachment":[{"href":"https:\/\/www.raxxa.com\/it\/wp-json\/wp\/v2\/media?parent=62"}],"curies":[{"name":"wp","href":"https:\/\/api.w.org\/{rel}","templated":true}]}}