{"id":61,"date":"2021-04-03T10:12:09","date_gmt":"2021-04-03T10:12:09","guid":{"rendered":"https:\/\/www.raxxa.com\/?page_id=61"},"modified":"2021-12-03T08:40:21","modified_gmt":"2021-12-03T06:40:21","slug":"agb","status":"publish","type":"page","link":"https:\/\/www.raxxa.com\/it\/agb\/","title":{"rendered":"AGB"},"content":{"rendered":"<p><strong>Termini e condizioni generali<\/strong><\/p>\n\n\n\n<h2 class=\"wp-block-heading\">1. ambito di applicazione<\/h2>\n\n\n\n<p>Le seguenti CG si applicano a tutti gli ordini effettuati tramite il nostro negozio online da consumatori e imprenditori.<\/p>\n\n\n\n<p>Per consumatore si intende qualsiasi persona fisica che stipula un negozio giuridico per scopi prevalentemente non commerciali o di lavoro autonomo. Un imprenditore \u00e8 una persona fisica o giuridica o una societ\u00e0 di persone con capacit\u00e0 giuridica che, nel concludere un negozio giuridico, agisce nell'esercizio della propria attivit\u00e0 commerciale o professionale autonoma.<\/p>\n\n\n\n<p>Nei confronti degli imprenditori vale quanto segue: se l'imprenditore utilizza condizioni generali di contratto contrastanti o aggiuntive, se ne contesta la validit\u00e0; esse diventano parte integrante del contratto solo se noi le abbiamo espressamente accettate.<\/p>\n\n\n\n<h2 class=\"wp-block-heading\">2. parti contraenti, conclusione del contratto, opzioni di correzione<\/h2>\n\n\n\n<p>Il contratto di acquisto viene stipulato con il Computer &amp; Grafik Team Hans-J\u00fcrgen Herzig.<\/p>\n\n\n\n<p>Con l'inserimento dei prodotti nel negozio online, facciamo un'offerta vincolante per la stipula di un contratto per questi articoli. \u00c8 possibile inserire inizialmente e senza impegno i nostri prodotti nel carrello e correggere in qualsiasi momento i dati inseriti prima di inviare l'ordine vincolante, utilizzando gli ausili di correzione messi a disposizione e spiegati a tal fine nel processo d'ordine. Il contratto si conclude quando si accetta l'offerta della merce contenuta nel carrello cliccando sul pulsante \"Ordina\". Subito dopo l'invio dell'ordine, riceverete una nuova conferma via e-mail.<\/p>\n\n\n\n<h2 class=\"wp-block-heading\">3. lingua del contratto, memorizzazione del testo del contratto<\/h2>\n\n\n\n<p>La lingua o le lingue disponibili per la stipula del contratto: Tedesco, inglese<\/p>\n\n\n\n<p>Salviamo il testo del contratto e vi inviamo i dati dell'ordine e le nostre CGC in forma testuale. \u00c8 possibile visualizzare il testo del contratto nel nostro login clienti.<\/p>\n\n\n\n<h2 class=\"wp-block-heading\">4. condizioni di consegna<\/h2>\n\n\n\n<p>Le spese di spedizione possono essere aggiunte al prezzo del prodotto. Per maggiori informazioni sulle spese di spedizione, consultare le offerte.<\/p>\n\n\n\n<p>Consegniamo solo per corrispondenza. Purtroppo non \u00e8 possibile ritirare la merce personalmente.<\/p>\n\n\n\n<p>Non effettuiamo consegne a stazioni di imballaggio.<\/p>\n\n\n\n<h2 class=\"wp-block-heading\">5. pagamento<\/h2>\n\n\n\n<p>I seguenti metodi di pagamento sono generalmente disponibili nel nostro negozio:<\/p>\n\n\n\n<p><strong>Carta di credito<\/strong><br>Nel processo d'ordine si inseriscono i dati della carta di credito. L'addebito sulla carta di credito avverr\u00e0 immediatamente dopo l'ordine.<\/p>\n\n\n\n<p><strong>Addebito diretto SEPA<\/strong><br>Effettuando un ordine, ci concedete un mandato di addebito diretto SEPA. Vi informeremo della data di addebito sul conto con almeno un giorno lavorativo di anticipo (la cosiddetta prenotifica). Per giorno lavorativo bancario si intende qualsiasi giorno lavorativo ad eccezione del sabato, delle festivit\u00e0 nazionali e del 24 e 31 dicembre di ogni anno.<\/p>\n\n\n\n<p><strong>PayPal, PayPal Express<\/strong><br>Per pagare l'importo della fattura tramite il fornitore di servizi di pagamento PayPal (Europe) S.\u00e0 r.l. et Cie, S.C.A, 22-24 Boulevard Royal, L-2449 Lussemburgo (\"PayPal\"), \u00e8 necessario essere registrati presso PayPal, legittimarsi con i propri dati di accesso e confermare l'istruzione di pagamento. La transazione di pagamento viene effettuata da PayPal subito dopo l'invio dell'ordine. Riceverete ulteriori istruzioni durante il processo d'ordine.<\/p>\n\n\n\n<p><strong>PayPal Plus<\/strong><br>In collaborazione con il fornitore di servizi di pagamento PayPal (Europe) S.\u00e0 r.l. et Cie, S.C.A, 22-24 Boulevard Royal, L-2449 Lussemburgo (\"PayPal\"), vi offriamo le seguenti opzioni di pagamento come servizi PayPal. Se non diversamente stabilito di seguito, il pagamento tramite PayPal Plus non richiede la registrazione a PayPal. Troverete ulteriori informazioni sulle rispettive opzioni di pagamento e nel processo d'ordine.<\/p>\n\n\n\n<p><strong>PayPal<\/strong><br>Per poter pagare l'importo della fattura tramite l'opzione di pagamento PayPal, \u00e8 necessario essere registrati su PayPal, legittimarsi con i propri dati di accesso e confermare l'istruzione di pagamento. La transazione di pagamento viene effettuata da PayPal subito dopo l'invio dell'ordine.<\/p>\n\n\n\n<p><strong>Carta di credito tramite PayPal<\/strong><br>L'addebito sulla carta verr\u00e0 effettuato da PayPal dopo la spedizione della merce.<\/p>\n\n\n\n<p><strong>Acquisto su conto corrente tramite PayPal<\/strong><br>L'acquisto su conto corrente tramite PayPal richiede una verifica dell'indirizzo e dell'affidabilit\u00e0 creditizia e viene effettuato direttamente a PayPal.<\/p>\n\n\n\n<p><strong>giropay \/ paydirekt<\/strong><br>In collaborazione con il fornitore di servizi di pagamento paydirekt GmbH, Stephanstr. 14-16, 60313 Frankfurt a. M (\"giropay\" o \"paydirekt\") offriamo i metodi di pagamento giropay e paydirekt.<\/p>\n\n\n\n<p><strong>giropay<\/strong><br>Per pagare l'importo della fattura tramite giropay, \u00e8 necessario disporre di un conto bancario attivato per l'online banking, identificarsi di conseguenza e confermare l'istruzione di pagamento. L'addebito sul conto del cliente avverr\u00e0 immediatamente dopo l'ordine. Riceverete ulteriori istruzioni durante il processo d'ordine.<\/p>\n\n\n\n<p><strong>paydirekt<\/strong><br>Per poter pagare l'importo della fattura tramite paydirekt, \u00e8 necessario disporre di un conto bancario attivato per l'online banking, essere registrati su paydirekt, legittimarsi con i propri dati di accesso e confermare l'istruzione di pagamento. La transazione di pagamento viene effettuata subito dopo l'ordine. Riceverete ulteriori istruzioni durante il processo d'ordine.<\/p>\n\n\n\n<p><strong>Fattura<\/strong><br>L'importo della fattura \u00e8 dovuto 14 giorni dopo il ricevimento della fattura e della merce tramite bonifico bancario sul conto corrente indicato in fattura. Ci riserviamo il diritto di offrire l'acquisto su conto corrente solo dopo una verifica del credito con esito positivo.<\/p>\n\n\n\n<h2 class=\"wp-block-heading\">6. diritto di recesso<\/h2>\n\n\n\n<p>Il cliente ha diritto al diritto di recesso previsto dalla legge, come descritto nella politica di cancellazione.<\/p>\n\n\n\n<h2 class=\"wp-block-heading\">7. riserva di propriet\u00e0<\/h2>\n\n\n\n<p>La merce rimane di nostra propriet\u00e0 fino al completo pagamento.<br>Per gli imprenditori vale inoltre quanto segue: ci riserviamo la propriet\u00e0 della merce fino alla completa liquidazione di tutti i crediti derivanti da un rapporto commerciale in corso. Potete rivendere la merce soggetta a riserva di propriet\u00e0 nell'ambito della normale attivit\u00e0 commerciale; ci cedete anticipatamente tutti i crediti derivanti da questa rivendita - indipendentemente da qualsiasi combinazione o mescolanza della merce soggetta a riserva di propriet\u00e0 con un nuovo articolo - per l'importo della fattura, e noi accettiamo questa cessione. Il cliente rimane autorizzato a riscuotere i crediti, ma anche noi possiamo riscuotere i crediti nella misura in cui il cliente non adempie ai suoi obblighi di pagamento. Su richiesta dell'assicurato, la compagnia svincoler\u00e0 i titoli a cui ha diritto nella misura in cui il valore di realizzo dei titoli supera il valore dei crediti aperti di oltre 10 %.<\/p>\n\n\n\n<h2 class=\"wp-block-heading\">8. danni da trasporto<\/h2>\n\n\n\n<p>Per i consumatori vale quanto segue: se la merce viene consegnata con evidenti danni da trasporto, si prega di denunciare il prima possibile tali difetti al corriere e di contattarci immediatamente. La mancata presentazione di un reclamo o il mancato contatto con noi non ha alcuna conseguenza sui vostri diritti legali e sulla loro applicazione, in particolare sui vostri diritti di garanzia. Tuttavia, ci aiutano a far valere i nostri diritti nei confronti del vettore o dell'assicurazione del trasporto.<\/p>\n\n\n\n<h2 class=\"wp-block-heading\">9 Garanzia e garanzie<\/h2>\n\n\n\n<h3 class=\"wp-block-heading\">9.1 Responsabilit\u00e0 per difetti<\/h3>\n\n\n\n<p>Se non espressamente concordato diversamente, si applica la legge sulla responsabilit\u00e0 per difetti.<br>Le seguenti limitazioni e abbreviazioni dei termini non si applicano alle richieste di risarcimento basate su danni causati da noi, dai nostri rappresentanti legali o da agenti ausiliari<\/p>\n\n\n\n<ul class=\"wp-block-list\"><li>in caso di lesioni alla vita, all'incolumit\u00e0 fisica o alla salute<\/li><li>in caso di violazione intenzionale o gravemente negligente dell'obbligo, nonch\u00e9 in caso di intento fraudolento.<\/li><li>in caso di violazione di obblighi contrattuali essenziali, il cui adempimento \u00e8 un prerequisito per la corretta esecuzione del contratto e sul cui rispetto il partner contrattuale pu\u00f2 regolarmente fare affidamento (obblighi cardinali).<\/li><li>nell'ambito di una promessa di garanzia, se concordata, oppure<\/li><li>nella misura in cui si apre il campo di applicazione della legge sulla responsabilit\u00e0 per danno da prodotti.<\/li><\/ul>\n\n\n\n<p><strong>Restrizioni nei confronti dei consumatori<\/strong><br>Per l'acquisto di beni usati da parte dei consumatori vale quanto segue: se il difetto si verifica dopo la scadenza di un anno dalla consegna della merce, i diritti per i difetti sono esclusi. I difetti che si verificano entro un anno dalla consegna della merce possono essere fatti valere entro il termine di prescrizione legale di due anni dalla consegna della merce.<\/p>\n\n\n\n<p><strong>Restrizioni nei confronti degli imprenditori<\/strong><br>Per gli imprenditori, solo le nostre specifiche e le descrizioni dei prodotti del produttore incluse nel contratto sono considerate un accordo sulla qualit\u00e0 della merce; non ci assumiamo alcuna responsabilit\u00e0 per le dichiarazioni pubbliche del produttore o altre dichiarazioni pubblicitarie. Per gli imprenditori, il periodo di prescrizione per le richieste di risarcimento per i difetti dei beni di nuova produzione \u00e8 di un anno dal trasferimento del rischio. La vendita di beni usati \u00e8 soggetta all'esclusione di qualsiasi garanzia. I termini di prescrizione previsti dalla legge per il diritto di ricorso ai sensi del \u00a7 445a BGB rimangono inalterati.<\/p>\n\n\n\n<p><strong>Regolamenti nei confronti dei commercianti<\/strong><br>Tra i commercianti, si applicher\u00e0 l'obbligo di ispezione e di denuncia dei vizi disciplinato dal \u00a7 377 HGB (Codice commerciale tedesco). Se non si effettua la notifica ivi prevista, la merce si considera approvata, a meno che il difetto non sia stato riconoscibile durante l'ispezione. Ci\u00f2 non si applica se abbiamo occultato fraudolentemente un difetto.<\/p>\n\n\n\n<h3 class=\"wp-block-heading\">9.2 Garanzie e servizio clienti<\/h3>\n\n\n\n<p>Le informazioni su eventuali garanzie aggiuntive e sulle loro condizioni esatte sono disponibili con il prodotto e nelle pagine informative speciali del negozio online.<\/p>\n\n\n\n<h2 class=\"wp-block-heading\">10. Responsabilit\u00e0<\/h2>\n\n\n\n<p>Per le richieste di risarcimento basate su danni causati da noi, dai nostri rappresentanti legali o da agenti ausiliari, saremo sempre responsabili senza limitazioni<\/p>\n\n\n\n<ul class=\"wp-block-list\"><li>in caso di lesioni alla vita, agli arti o alla salute,<\/li><li>in caso di violazione intenzionale o per grave negligenza del dovere,<\/li><li>nel caso di promesse di garanzia, nella misura in cui sono state concordate, oppure<\/li><li>nella misura in cui si apre il campo di applicazione della legge sulla responsabilit\u00e0 per danno da prodotti.<\/li><\/ul>\n\n\n\n<p>In caso di violazione di obblighi contrattuali sostanziali, il cui adempimento costituisce un presupposto per la corretta esecuzione del contratto e sulla cui osservanza il partner contrattuale pu\u00f2 regolarmente fare affidamento (obblighi cardinali) a causa di una lieve negligenza da parte nostra, dei nostri rappresentanti legali o dei nostri ausiliari, l'importo della responsabilit\u00e0 sar\u00e0 limitato al danno prevedibile al momento della stipula del contratto, il cui verificarsi deve essere tipicamente previsto.<br>In caso contrario, le richieste di risarcimento danni sono escluse.<\/p>\n\n\n\n<h2 class=\"wp-block-heading\">11. risoluzione delle controversie<\/h2>\n\n\n\n<p>La Commissione europea mette a disposizione una piattaforma per la risoluzione delle controversie online (ODR), che potete utilizzare per <a href=\"https:\/\/ec.europa.eu\/consumers\/odr\/\" target=\"_blank\" rel=\"noreferrer noopener\">qui<\/a> trovare. Siamo disposti a partecipare a una procedura di arbitrato extragiudiziale davanti a un collegio arbitrale dei consumatori.<br><\/p>\n\n\n\n<p>L'organismo competente \u00e8 l'Extrajudicial Dispute Resolution Body for Consumers and Entrepreneurs e. V., Hohe Stra\u00dfe 11, D-04107 Leipzig, <a href=\"https:\/\/www.streitbeilegungsstelle.org\" target=\"_blank\" rel=\"noreferrer noopener\">www.streitbeilegungsstelle.org<\/a>.<\/p>\n\n\n\n<h2 class=\"wp-block-heading\">12. disposizioni finali<\/h2>\n\n\n\n<p>Se siete un imprenditore, si applica il diritto tedesco con l'esclusione della Convenzione delle Nazioni Unite sui contratti di vendita internazionale di beni.<br><\/p>\n\n\n\n<p><em><a target=\"_blank\" href=\"https:\/\/legal.trustedshops.com\/produkte\/rechtstexter\" rel=\"noreferrer noopener\">AGB<\/a> creato con l'opzione <a target=\"_blank\" href=\"https:\/\/legal.trustedshops.com\/\" rel=\"noreferrer noopener\">Negozi di fiducia<\/a> Copywriter legale in collaborazione con <a target=\"_blank\" href=\"https:\/\/foehlisch.com\" rel=\"noreferrer noopener\">Avvocati F\u00d6HLISCH<\/a>.<\/em><\/p>","protected":false},"excerpt":{"rendered":"<p>Allgemeine Gesch\u00e4ftsbedingungen 1.&nbsp;Geltungsbereich F\u00fcr alle Bestellungen \u00fcber unseren Online-Shop durch Verbraucher und Unternehmer gelten die nachfolgenden AGB. Verbraucher ist jede nat\u00fcrliche Person, die ein Rechtsgesch\u00e4ft zu Zwecken abschlie\u00dft, die \u00fcberwiegend weder ihrer gewerblichen noch ihrer selbst\u00e4ndigen beruflichen T\u00e4tigkeit zugerechnet werden k\u00f6nnen. Unternehmer ist eine nat\u00fcrliche oder juristische Person oder eine rechtsf\u00e4hige Personengesellschaft, die bei Abschluss [&hellip;]<\/p>\n","protected":false},"author":1,"featured_media":0,"parent":0,"menu_order":0,"comment_status":"closed","ping_status":"closed","template":"","meta":{"footnotes":""},"class_list":["post-61","page","type-page","status-publish","hentry"],"yoast_head":"<!-- This site is optimized with the Yoast SEO Premium plugin v27.4 (Yoast SEO v27.4) - https:\/\/yoast.com\/product\/yoast-seo-premium-wordpress\/ -->\n<title>AGB - raxxa<\/title>\n<meta name=\"robots\" content=\"index, follow, max-snippet:-1, max-image-preview:large, max-video-preview:-1\" \/>\n<link rel=\"canonical\" href=\"https:\/\/www.raxxa.com\/it\/agb\/\" \/>\n<meta property=\"og:locale\" content=\"it_IT\" \/>\n<meta property=\"og:type\" content=\"article\" \/>\n<meta property=\"og:title\" content=\"AGB\" \/>\n<meta property=\"og:description\" content=\"Allgemeine Gesch\u00e4ftsbedingungen 1.&nbsp;Geltungsbereich F\u00fcr alle Bestellungen \u00fcber unseren Online-Shop durch Verbraucher und Unternehmer gelten die nachfolgenden AGB. Verbraucher ist jede nat\u00fcrliche Person, die ein Rechtsgesch\u00e4ft zu Zwecken abschlie\u00dft, die \u00fcberwiegend weder ihrer gewerblichen noch ihrer selbst\u00e4ndigen beruflichen T\u00e4tigkeit zugerechnet werden k\u00f6nnen. Unternehmer ist eine nat\u00fcrliche oder juristische Person oder eine rechtsf\u00e4hige Personengesellschaft, die bei Abschluss [&hellip;]\" \/>\n<meta property=\"og:url\" content=\"https:\/\/www.raxxa.com\/it\/agb\/\" \/>\n<meta property=\"og:site_name\" content=\"raxxa\" \/>\n<meta property=\"article:publisher\" content=\"https:\/\/facebook.com\/raxxacom\" \/>\n<meta property=\"article:modified_time\" content=\"2021-12-03T06:40:21+00:00\" \/>\n<meta name=\"twitter:card\" content=\"summary_large_image\" \/>\n<meta name=\"twitter:label1\" content=\"Tempo di lettura stimato\" \/>\n\t<meta name=\"twitter:data1\" content=\"6 minuti\" \/>\n<script type=\"application\/ld+json\" class=\"yoast-schema-graph\">{\"@context\":\"https:\\\/\\\/schema.org\",\"@graph\":[{\"@type\":\"WebPage\",\"@id\":\"https:\\\/\\\/www.raxxa.com\\\/agb\\\/\",\"url\":\"https:\\\/\\\/www.raxxa.com\\\/agb\\\/\",\"name\":\"AGB - raxxa\",\"isPartOf\":{\"@id\":\"https:\\\/\\\/www.raxxa.com\\\/#website\"},\"datePublished\":\"2021-04-03T10:12:09+00:00\",\"dateModified\":\"2021-12-03T06:40:21+00:00\",\"breadcrumb\":{\"@id\":\"https:\\\/\\\/www.raxxa.com\\\/agb\\\/#breadcrumb\"},\"inLanguage\":\"it-IT\",\"potentialAction\":[{\"@type\":\"ReadAction\",\"target\":[\"https:\\\/\\\/www.raxxa.com\\\/agb\\\/\"]}]},{\"@type\":\"BreadcrumbList\",\"@id\":\"https:\\\/\\\/www.raxxa.com\\\/agb\\\/#breadcrumb\",\"itemListElement\":[{\"@type\":\"ListItem\",\"position\":1,\"name\":\"Startseite\",\"item\":\"https:\\\/\\\/www.raxxa.com\\\/\"},{\"@type\":\"ListItem\",\"position\":2,\"name\":\"AGB\"}]},{\"@type\":\"WebSite\",\"@id\":\"https:\\\/\\\/www.raxxa.com\\\/#website\",\"url\":\"https:\\\/\\\/www.raxxa.com\\\/\",\"name\":\"raxxa\",\"description\":\"Einzigartige individuelle Produkte von unseren Designern\",\"publisher\":{\"@id\":\"https:\\\/\\\/www.raxxa.com\\\/#organization\"},\"potentialAction\":[{\"@type\":\"SearchAction\",\"target\":{\"@type\":\"EntryPoint\",\"urlTemplate\":\"https:\\\/\\\/www.raxxa.com\\\/?s={search_term_string}\"},\"query-input\":{\"@type\":\"PropertyValueSpecification\",\"valueRequired\":true,\"valueName\":\"search_term_string\"}}],\"inLanguage\":\"it-IT\"},{\"@type\":\"Organization\",\"@id\":\"https:\\\/\\\/www.raxxa.com\\\/#organization\",\"name\":\"raxxa\",\"url\":\"https:\\\/\\\/www.raxxa.com\\\/\",\"logo\":{\"@type\":\"ImageObject\",\"inLanguage\":\"it-IT\",\"@id\":\"https:\\\/\\\/www.raxxa.com\\\/#\\\/schema\\\/logo\\\/image\\\/\",\"url\":\"https:\\\/\\\/www.raxxa.com\\\/wp-content\\\/uploads\\\/2022\\\/07\\\/logo_v2.png\",\"contentUrl\":\"https:\\\/\\\/www.raxxa.com\\\/wp-content\\\/uploads\\\/2022\\\/07\\\/logo_v2.png\",\"width\":380,\"height\":382,\"caption\":\"raxxa\"},\"image\":{\"@id\":\"https:\\\/\\\/www.raxxa.com\\\/#\\\/schema\\\/logo\\\/image\\\/\"},\"sameAs\":[\"https:\\\/\\\/facebook.com\\\/raxxacom\"]}]}<\/script>\n<!-- \/ Yoast SEO Premium plugin. -->","yoast_head_json":{"title":"AGB - raxxa","robots":{"index":"index","follow":"follow","max-snippet":"max-snippet:-1","max-image-preview":"max-image-preview:large","max-video-preview":"max-video-preview:-1"},"canonical":"https:\/\/www.raxxa.com\/it\/agb\/","og_locale":"it_IT","og_type":"article","og_title":"AGB","og_description":"Allgemeine Gesch\u00e4ftsbedingungen 1.&nbsp;Geltungsbereich F\u00fcr alle Bestellungen \u00fcber unseren Online-Shop durch Verbraucher und Unternehmer gelten die nachfolgenden AGB. Verbraucher ist jede nat\u00fcrliche Person, die ein Rechtsgesch\u00e4ft zu Zwecken abschlie\u00dft, die \u00fcberwiegend weder ihrer gewerblichen noch ihrer selbst\u00e4ndigen beruflichen T\u00e4tigkeit zugerechnet werden k\u00f6nnen. Unternehmer ist eine nat\u00fcrliche oder juristische Person oder eine rechtsf\u00e4hige Personengesellschaft, die bei Abschluss [&hellip;]","og_url":"https:\/\/www.raxxa.com\/it\/agb\/","og_site_name":"raxxa","article_publisher":"https:\/\/facebook.com\/raxxacom","article_modified_time":"2021-12-03T06:40:21+00:00","twitter_card":"summary_large_image","twitter_misc":{"Tempo di lettura stimato":"6 minuti"},"schema":{"@context":"https:\/\/schema.org","@graph":[{"@type":"WebPage","@id":"https:\/\/www.raxxa.com\/agb\/","url":"https:\/\/www.raxxa.com\/agb\/","name":"AGB - raxxa","isPartOf":{"@id":"https:\/\/www.raxxa.com\/#website"},"datePublished":"2021-04-03T10:12:09+00:00","dateModified":"2021-12-03T06:40:21+00:00","breadcrumb":{"@id":"https:\/\/www.raxxa.com\/agb\/#breadcrumb"},"inLanguage":"it-IT","potentialAction":[{"@type":"ReadAction","target":["https:\/\/www.raxxa.com\/agb\/"]}]},{"@type":"BreadcrumbList","@id":"https:\/\/www.raxxa.com\/agb\/#breadcrumb","itemListElement":[{"@type":"ListItem","position":1,"name":"Startseite","item":"https:\/\/www.raxxa.com\/"},{"@type":"ListItem","position":2,"name":"AGB"}]},{"@type":"WebSite","@id":"https:\/\/www.raxxa.com\/#website","url":"https:\/\/www.raxxa.com\/","name":"raxxa","description":"Prodotti unici e personalizzati dei nostri designer","publisher":{"@id":"https:\/\/www.raxxa.com\/#organization"},"potentialAction":[{"@type":"SearchAction","target":{"@type":"EntryPoint","urlTemplate":"https:\/\/www.raxxa.com\/?s={search_term_string}"},"query-input":{"@type":"PropertyValueSpecification","valueRequired":true,"valueName":"search_term_string"}}],"inLanguage":"it-IT"},{"@type":"Organization","@id":"https:\/\/www.raxxa.com\/#organization","name":"raxxa","url":"https:\/\/www.raxxa.com\/","logo":{"@type":"ImageObject","inLanguage":"it-IT","@id":"https:\/\/www.raxxa.com\/#\/schema\/logo\/image\/","url":"https:\/\/www.raxxa.com\/wp-content\/uploads\/2022\/07\/logo_v2.png","contentUrl":"https:\/\/www.raxxa.com\/wp-content\/uploads\/2022\/07\/logo_v2.png","width":380,"height":382,"caption":"raxxa"},"image":{"@id":"https:\/\/www.raxxa.com\/#\/schema\/logo\/image\/"},"sameAs":["https:\/\/facebook.com\/raxxacom"]}]}},"jetpack_sharing_enabled":true,"_links":{"self":[{"href":"https:\/\/www.raxxa.com\/it\/wp-json\/wp\/v2\/pages\/61","targetHints":{"allow":["GET"]}}],"collection":[{"href":"https:\/\/www.raxxa.com\/it\/wp-json\/wp\/v2\/pages"}],"about":[{"href":"https:\/\/www.raxxa.com\/it\/wp-json\/wp\/v2\/types\/page"}],"author":[{"embeddable":true,"href":"https:\/\/www.raxxa.com\/it\/wp-json\/wp\/v2\/users\/1"}],"replies":[{"embeddable":true,"href":"https:\/\/www.raxxa.com\/it\/wp-json\/wp\/v2\/comments?post=61"}],"version-history":[{"count":0,"href":"https:\/\/www.raxxa.com\/it\/wp-json\/wp\/v2\/pages\/61\/revisions"}],"wp:attachment":[{"href":"https:\/\/www.raxxa.com\/it\/wp-json\/wp\/v2\/media?parent=61"}],"curies":[{"name":"wp","href":"https:\/\/api.w.org\/{rel}","templated":true}]}}