{"id":79869,"date":"2021-11-13T00:07:26","date_gmt":"2021-11-12T22:07:26","guid":{"rendered":"https:\/\/www.raxxa.com\/shop\/sinnlich\/"},"modified":"2021-11-13T00:07:45","modified_gmt":"2021-11-12T22:07:45","slug":"sinnlich","status":"publish","type":"product","link":"https:\/\/www.raxxa.com\/fr\/shop\/sinnlich\/","title":{"rendered":"Sensuel"},"content":{"rendered":"<div><b>\"Sensuel\" <\/b><\/div>\n<div><b><br \/><\/b><\/div>\n<div><\/div>\n<div><\/div>\n<div><\/div>\n<div><b><br \/><\/b><\/div>\n<div><\/div>\n<div><\/div>\n<div>- Impression photo sur aluminium dibond 3mm avec rev\u00eatement blanc<\/div>\n<div>- Impression directe sur l'aluminium Encres de haute qualit\u00e9<\/div>\n<div>- Une bonne gradation des tons assure une reproduction exacte<\/div>\n<div><span style=\"font-size: 1rem\">- Mat et anti-\u00e9blouissant<\/span><\/div>\n<div><span style=\"font-size: 1rem\">- Set de suspension inclus<\/span><\/div>\n<div><\/div>\n<div>Votre motif et votre taille individuelle ne seront produits et envoy\u00e9s qu'apr\u00e8s r\u00e9ception de votre commande.<\/div>\n<div><span style=\"font-size: 1rem\">Si vous souhaitez une autre taille, n'h\u00e9sitez pas \u00e0 nous la demander.<\/span><\/div>\n<p>ensemble sexy sensuel attractif jambes passionn\u00e9 d\u00e9gag\u00e9 gris mince mur collection fixe jolie coupe de cheveux robe riche nuances de gris cerceau chaud \u00e9rotique s\u00e9duisant corset brune dessous fille masque \u00e9rotique femme surface d'impression fond noir corps glamour dame sous-v\u00eatements mannequin beaut\u00e9 blanc vintage concept \u00e9motion mode pose bas bas collants retro- v\u00e9nitien<\/p>","protected":false},"excerpt":{"rendered":"<p>&#8222;Sinnlich&#8220; &#8211; Foto Druck auf Aluminium-Dibond 3mm mit wei\u00dfer Beschichtung &#8211; Druck direkt auf das Aluminium hochwertige Druckfarben &#8211; Gute Tonwertabstufung sorgt f\u00fcr exakte Wiedergabe &#8211; Matt und blendfrei &#8211; Inklusive Aufh\u00e4ngeset Ihr Motiv und ihre individuelle Gr\u00f6sse wird erst nach Bestelleingang produziert und versendet. M\u00f6chten Sie eine andere Gr\u00f6\u00dfe, fragen Sie gerne nach. sexy [&hellip;]<\/p>\n","protected":false},"featured_media":79862,"comment_status":"open","ping_status":"closed","template":"","meta":[],"product_brand":[],"product_cat":[132],"product_tag":[9122,7385,9123,8791,7828,9135,9133,8408,9125,9136,9130,9134,7694,8238,7535,8294,7537,7836,8207,9129,9126,7657,7528,9127,7711,7374,8418,9132,7856,9124,7826,7512,9137,9128,7484,7516,7839,8170,9120,9121,9138,9140,9139,9005,9131,7498,7871,7400],"class_list":{"0":"post-79869","1":"product","2":"type-product","3":"status-publish","4":"has-post-thumbnail","6":"product_cat-menschen","7":"product_tag-attraktiv","8":"product_tag-background","9":"product_tag-beine","10":"product_tag-bruenette","11":"product_tag-dame","12":"product_tag-damenunterwaesche","13":"product_tag-dessous","14":"product_tag-druckflaeche","15":"product_tag-duenn","16":"product_tag-emotion","17":"product_tag-erotik","18":"product_tag-erotisch","19":"product_tag-fashion","20":"product_tag-fest","21":"product_tag-frau","22":"product_tag-freigestellt","23":"product_tag-girl","24":"product_tag-glamour","25":"product_tag-grau","26":"product_tag-graustufen","27":"product_tag-haarschnitt","28":"product_tag-heiss","29":"product_tag-huebsch","30":"product_tag-kleid","31":"product_tag-kollektion","32":"product_tag-konzept","33":"product_tag-koerper","34":"product_tag-korsett","35":"product_tag-kringel","36":"product_tag-leidenschaftlich","37":"product_tag-mannequin","38":"product_tag-maske","39":"product_tag-posieren","40":"product_tag-reich","41":"product_tag-retro","42":"product_tag-schoenheit","43":"product_tag-schwarz","44":"product_tag-set","45":"product_tag-sexy","46":"product_tag-sinnlich","47":"product_tag-struempfe","48":"product_tag-strumpfhose","49":"product_tag-strumpfwaren","50":"product_tag-venedisch","51":"product_tag-verfuehrerisch","52":"product_tag-vintage","53":"product_tag-wand","54":"product_tag-weiss","56":"first","57":"instock","58":"taxable","59":"shipping-taxable","60":"purchasable","61":"product-type-variable"},"yoast_head":"<!-- This site is optimized with the Yoast SEO Premium plugin v27.5 (Yoast SEO v27.5) - https:\/\/yoast.com\/product\/yoast-seo-premium-wordpress\/ -->\n<title>Sinnlich - raxxa<\/title>\n<meta name=\"robots\" content=\"index, follow, max-snippet:-1, max-image-preview:large, max-video-preview:-1\" \/>\n<link rel=\"canonical\" href=\"https:\/\/www.raxxa.com\/fr\/shop\/sinnlich\/\" \/>\n<meta property=\"og:locale\" content=\"fr_FR\" \/>\n<meta property=\"og:type\" content=\"article\" \/>\n<meta property=\"og:title\" content=\"Sinnlich\" \/>\n<meta property=\"og:description\" content=\"&#8222;Sinnlich&#8220; &#8211; Foto Druck auf Aluminium-Dibond 3mm mit wei\u00dfer Beschichtung &#8211; Druck direkt auf das Aluminium hochwertige Druckfarben &#8211; Gute Tonwertabstufung sorgt f\u00fcr exakte Wiedergabe &#8211; Matt und blendfrei &#8211; Inklusive Aufh\u00e4ngeset Ihr Motiv und ihre individuelle Gr\u00f6sse wird erst nach Bestelleingang produziert und versendet. M\u00f6chten Sie eine andere Gr\u00f6\u00dfe, fragen Sie gerne nach. sexy [&hellip;]\" \/>\n<meta property=\"og:url\" content=\"https:\/\/www.raxxa.com\/fr\/shop\/sinnlich\/\" \/>\n<meta property=\"og:site_name\" content=\"raxxa\" \/>\n<meta property=\"article:publisher\" content=\"https:\/\/facebook.com\/raxxacom\" \/>\n<meta property=\"article:modified_time\" content=\"2021-11-12T22:07:45+00:00\" \/>\n<meta property=\"og:image\" content=\"https:\/\/www.raxxa.com\/wp-content\/uploads\/2021\/11\/20-476-Sinnlich-.png\" \/>\n\t<meta property=\"og:image:width\" content=\"800\" \/>\n\t<meta property=\"og:image:height\" content=\"800\" \/>\n\t<meta property=\"og:image:type\" content=\"image\/png\" \/>\n<meta name=\"twitter:card\" content=\"summary_large_image\" \/>\n<meta name=\"twitter:label1\" content=\"Disponibilit\u00e9\" \/>\n\t<meta name=\"twitter:data1\" content=\"En stock\" \/>\n<script type=\"application\/ld+json\" class=\"yoast-schema-graph\">{\"@context\":\"https:\\\/\\\/schema.org\",\"@graph\":[{\"@type\":[\"WebPage\",\"ItemPage\"],\"@id\":\"https:\\\/\\\/www.raxxa.com\\\/shop\\\/sinnlich\\\/\",\"url\":\"https:\\\/\\\/www.raxxa.com\\\/shop\\\/sinnlich\\\/\",\"name\":\"Sinnlich - raxxa\",\"isPartOf\":{\"@id\":\"https:\\\/\\\/www.raxxa.com\\\/#website\"},\"primaryImageOfPage\":{\"@id\":\"https:\\\/\\\/www.raxxa.com\\\/shop\\\/sinnlich\\\/#primaryimage\"},\"image\":{\"@id\":\"https:\\\/\\\/www.raxxa.com\\\/shop\\\/sinnlich\\\/#primaryimage\"},\"thumbnailUrl\":\"https:\\\/\\\/www.raxxa.com\\\/wp-content\\\/uploads\\\/2021\\\/11\\\/20-476-Sinnlich-.png\",\"datePublished\":\"2021-11-12T22:07:26+00:00\",\"dateModified\":\"2021-11-12T22:07:45+00:00\",\"breadcrumb\":{\"@id\":\"https:\\\/\\\/www.raxxa.com\\\/shop\\\/sinnlich\\\/#breadcrumb\"},\"inLanguage\":\"fr-FR\",\"potentialAction\":[{\"@type\":\"ReadAction\",\"target\":[\"https:\\\/\\\/www.raxxa.com\\\/shop\\\/sinnlich\\\/\"]}]},{\"@type\":\"ImageObject\",\"inLanguage\":\"fr-FR\",\"@id\":\"https:\\\/\\\/www.raxxa.com\\\/shop\\\/sinnlich\\\/#primaryimage\",\"url\":\"https:\\\/\\\/www.raxxa.com\\\/wp-content\\\/uploads\\\/2021\\\/11\\\/20-476-Sinnlich-.png\",\"contentUrl\":\"https:\\\/\\\/www.raxxa.com\\\/wp-content\\\/uploads\\\/2021\\\/11\\\/20-476-Sinnlich-.png\",\"width\":800,\"height\":800},{\"@type\":\"BreadcrumbList\",\"@id\":\"https:\\\/\\\/www.raxxa.com\\\/shop\\\/sinnlich\\\/#breadcrumb\",\"itemListElement\":[{\"@type\":\"ListItem\",\"position\":1,\"name\":\"Startseite\",\"item\":\"https:\\\/\\\/www.raxxa.com\\\/\"},{\"@type\":\"ListItem\",\"position\":2,\"name\":\"Shop\",\"item\":\"https:\\\/\\\/www.raxxa.com\\\/it\\\/shop\\\/\"},{\"@type\":\"ListItem\",\"position\":3,\"name\":\"Sinnlich\"}]},{\"@type\":\"WebSite\",\"@id\":\"https:\\\/\\\/www.raxxa.com\\\/#website\",\"url\":\"https:\\\/\\\/www.raxxa.com\\\/\",\"name\":\"raxxa\",\"description\":\"Einzigartige individuelle Produkte von unseren Designern\",\"publisher\":{\"@id\":\"https:\\\/\\\/www.raxxa.com\\\/#organization\"},\"potentialAction\":[{\"@type\":\"SearchAction\",\"target\":{\"@type\":\"EntryPoint\",\"urlTemplate\":\"https:\\\/\\\/www.raxxa.com\\\/?s={search_term_string}\"},\"query-input\":{\"@type\":\"PropertyValueSpecification\",\"valueRequired\":true,\"valueName\":\"search_term_string\"}}],\"inLanguage\":\"fr-FR\"},{\"@type\":\"Organization\",\"@id\":\"https:\\\/\\\/www.raxxa.com\\\/#organization\",\"name\":\"raxxa\",\"url\":\"https:\\\/\\\/www.raxxa.com\\\/\",\"logo\":{\"@type\":\"ImageObject\",\"inLanguage\":\"fr-FR\",\"@id\":\"https:\\\/\\\/www.raxxa.com\\\/#\\\/schema\\\/logo\\\/image\\\/\",\"url\":\"https:\\\/\\\/www.raxxa.com\\\/wp-content\\\/uploads\\\/2022\\\/07\\\/logo_v2.png\",\"contentUrl\":\"https:\\\/\\\/www.raxxa.com\\\/wp-content\\\/uploads\\\/2022\\\/07\\\/logo_v2.png\",\"width\":380,\"height\":382,\"caption\":\"raxxa\"},\"image\":{\"@id\":\"https:\\\/\\\/www.raxxa.com\\\/#\\\/schema\\\/logo\\\/image\\\/\"},\"sameAs\":[\"https:\\\/\\\/facebook.com\\\/raxxacom\"]}]}<\/script>\n<meta property=\"og:availability\" content=\"instock\" \/>\n<meta property=\"product:availability\" content=\"instock\" \/>\n<meta property=\"product:condition\" content=\"new\" \/>\n<!-- \/ Yoast SEO Premium plugin. -->","yoast_head_json":{"title":"Sensuel - raxxa","robots":{"index":"index","follow":"follow","max-snippet":"max-snippet:-1","max-image-preview":"max-image-preview:large","max-video-preview":"max-video-preview:-1"},"canonical":"https:\/\/www.raxxa.com\/fr\/shop\/sinnlich\/","og_locale":"fr_FR","og_type":"article","og_title":"Sinnlich","og_description":"&#8222;Sinnlich&#8220; &#8211; Foto Druck auf Aluminium-Dibond 3mm mit wei\u00dfer Beschichtung &#8211; Druck direkt auf das Aluminium hochwertige Druckfarben &#8211; Gute Tonwertabstufung sorgt f\u00fcr exakte Wiedergabe &#8211; Matt und blendfrei &#8211; Inklusive Aufh\u00e4ngeset Ihr Motiv und ihre individuelle Gr\u00f6sse wird erst nach Bestelleingang produziert und versendet. M\u00f6chten Sie eine andere Gr\u00f6\u00dfe, fragen Sie gerne nach. sexy [&hellip;]","og_url":"https:\/\/www.raxxa.com\/fr\/shop\/sinnlich\/","og_site_name":"raxxa","article_publisher":"https:\/\/facebook.com\/raxxacom","article_modified_time":"2021-11-12T22:07:45+00:00","og_image":[{"width":800,"height":800,"url":"https:\/\/www.raxxa.com\/wp-content\/uploads\/2021\/11\/20-476-Sinnlich-.png","type":"image\/png"}],"twitter_card":"summary_large_image","twitter_misc":{"Disponibilit\u00e9":"En stock"},"schema":{"@context":"https:\/\/schema.org","@graph":[{"@type":["WebPage","ItemPage"],"@id":"https:\/\/www.raxxa.com\/shop\/sinnlich\/","url":"https:\/\/www.raxxa.com\/shop\/sinnlich\/","name":"Sensuel - raxxa","isPartOf":{"@id":"https:\/\/www.raxxa.com\/#website"},"primaryImageOfPage":{"@id":"https:\/\/www.raxxa.com\/shop\/sinnlich\/#primaryimage"},"image":{"@id":"https:\/\/www.raxxa.com\/shop\/sinnlich\/#primaryimage"},"thumbnailUrl":"https:\/\/www.raxxa.com\/wp-content\/uploads\/2021\/11\/20-476-Sinnlich-.png","datePublished":"2021-11-12T22:07:26+00:00","dateModified":"2021-11-12T22:07:45+00:00","breadcrumb":{"@id":"https:\/\/www.raxxa.com\/shop\/sinnlich\/#breadcrumb"},"inLanguage":"fr-FR","potentialAction":[{"@type":"ReadAction","target":["https:\/\/www.raxxa.com\/shop\/sinnlich\/"]}]},{"@type":"ImageObject","inLanguage":"fr-FR","@id":"https:\/\/www.raxxa.com\/shop\/sinnlich\/#primaryimage","url":"https:\/\/www.raxxa.com\/wp-content\/uploads\/2021\/11\/20-476-Sinnlich-.png","contentUrl":"https:\/\/www.raxxa.com\/wp-content\/uploads\/2021\/11\/20-476-Sinnlich-.png","width":800,"height":800},{"@type":"BreadcrumbList","@id":"https:\/\/www.raxxa.com\/shop\/sinnlich\/#breadcrumb","itemListElement":[{"@type":"ListItem","position":1,"name":"Startseite","item":"https:\/\/www.raxxa.com\/"},{"@type":"ListItem","position":2,"name":"Shop","item":"https:\/\/www.raxxa.com\/it\/shop\/"},{"@type":"ListItem","position":3,"name":"Sinnlich"}]},{"@type":"WebSite","@id":"https:\/\/www.raxxa.com\/#website","url":"https:\/\/www.raxxa.com\/","name":"raxxa","description":"Des produits uniques et personnalis\u00e9s cr\u00e9\u00e9s par nos designers","publisher":{"@id":"https:\/\/www.raxxa.com\/#organization"},"potentialAction":[{"@type":"SearchAction","target":{"@type":"EntryPoint","urlTemplate":"https:\/\/www.raxxa.com\/?s={search_term_string}"},"query-input":{"@type":"PropertyValueSpecification","valueRequired":true,"valueName":"search_term_string"}}],"inLanguage":"fr-FR"},{"@type":"Organization","@id":"https:\/\/www.raxxa.com\/#organization","name":"raxxa","url":"https:\/\/www.raxxa.com\/","logo":{"@type":"ImageObject","inLanguage":"fr-FR","@id":"https:\/\/www.raxxa.com\/#\/schema\/logo\/image\/","url":"https:\/\/www.raxxa.com\/wp-content\/uploads\/2022\/07\/logo_v2.png","contentUrl":"https:\/\/www.raxxa.com\/wp-content\/uploads\/2022\/07\/logo_v2.png","width":380,"height":382,"caption":"raxxa"},"image":{"@id":"https:\/\/www.raxxa.com\/#\/schema\/logo\/image\/"},"sameAs":["https:\/\/facebook.com\/raxxacom"]}]},"og_availability":"instock","product_availability":"instock","product_condition":"new"},"jetpack_sharing_enabled":true,"_links":{"self":[{"href":"https:\/\/www.raxxa.com\/fr\/wp-json\/wp\/v2\/product\/79869","targetHints":{"allow":["GET"]}}],"collection":[{"href":"https:\/\/www.raxxa.com\/fr\/wp-json\/wp\/v2\/product"}],"about":[{"href":"https:\/\/www.raxxa.com\/fr\/wp-json\/wp\/v2\/types\/product"}],"replies":[{"embeddable":true,"href":"https:\/\/www.raxxa.com\/fr\/wp-json\/wp\/v2\/comments?post=79869"}],"wp:featuredmedia":[{"embeddable":true,"href":"https:\/\/www.raxxa.com\/fr\/wp-json\/wp\/v2\/media\/79862"}],"wp:attachment":[{"href":"https:\/\/www.raxxa.com\/fr\/wp-json\/wp\/v2\/media?parent=79869"}],"wp:term":[{"taxonomy":"product_brand","embeddable":true,"href":"https:\/\/www.raxxa.com\/fr\/wp-json\/wp\/v2\/product_brand?post=79869"},{"taxonomy":"product_cat","embeddable":true,"href":"https:\/\/www.raxxa.com\/fr\/wp-json\/wp\/v2\/product_cat?post=79869"},{"taxonomy":"product_tag","embeddable":true,"href":"https:\/\/www.raxxa.com\/fr\/wp-json\/wp\/v2\/product_tag?post=79869"}],"curies":[{"name":"wp","href":"https:\/\/api.w.org\/{rel}","templated":true}]}}