{"id":79675,"date":"2021-11-12T23:27:58","date_gmt":"2021-11-12T21:27:58","guid":{"rendered":"https:\/\/www.raxxa.com\/shop\/golfball\/"},"modified":"2021-11-12T23:28:07","modified_gmt":"2021-11-12T21:28:07","slug":"golfball","status":"publish","type":"product","link":"https:\/\/www.raxxa.com\/fr\/shop\/golfball\/","title":{"rendered":"Balle de golf"},"content":{"rendered":"<div><b>\"Balle de golf\" <\/b><\/div>\n<div><b><br \/><\/b><\/div>\n<div><\/div>\n<div><\/div>\n<div><\/div>\n<div><b><br \/><\/b><\/div>\n<div><\/div>\n<div><\/div>\n<div>- Impression photo sur aluminium dibond 3mm avec rev\u00eatement blanc<\/div>\n<div>- Impression directe sur l'aluminium Encres de haute qualit\u00e9<\/div>\n<div>- Une bonne gradation des tons assure une reproduction exacte<\/div>\n<div><span style=\"font-size: 1rem\">- Mat et anti-\u00e9blouissant<\/span><\/div>\n<div><span style=\"font-size: 1rem\">- Set de suspension inclus<\/span><\/div>\n<div><\/div>\n<div>Votre motif et votre taille individuelle ne seront produits et envoy\u00e9s qu'apr\u00e8s r\u00e9ception de votre commande.<\/div>\n<div><span style=\"font-size: 1rem\">Si vous souhaitez une autre taille, n'h\u00e9sitez pas \u00e0 nous la demander.<\/span><\/div>\n<p>golf tee ball sport balle de golf proche sur golfeur prairie vert bunker gros plan fun trou gazon titane naturel reflet terre loisir d\u00e9fi tee objet ext\u00e9rieur club conducteur fairway prairie couleur comp\u00e9tition couloir golf valeur nominale d\u00e9tente personne d\u00e9tail loisir blanc jeu d\u00e9tente manucur\u00e9 herbe<\/p>","protected":false},"excerpt":{"rendered":"<p>&#8222;Golfball&#8220; &#8211; Foto Druck auf Aluminium-Dibond 3mm mit wei\u00dfer Beschichtung &#8211; Druck direkt auf das Aluminium hochwertige Druckfarben &#8211; Gute Tonwertabstufung sorgt f\u00fcr exakte Wiedergabe &#8211; Matt und blendfrei &#8211; Inklusive Aufh\u00e4ngeset Ihr Motiv und ihre individuelle Gr\u00f6sse wird erst nach Bestelleingang produziert und versendet. M\u00f6chten Sie eine andere Gr\u00f6\u00dfe, fragen Sie gerne nach. golf [&hellip;]<\/p>\n","protected":false},"featured_media":79668,"comment_status":"open","ping_status":"closed","template":"","meta":[],"product_brand":[],"product_cat":[141],"product_tag":[8968,7521,7493,8038,8965,8969,7492,8111,8958,8970,8971,7384,7627,7579,7675,7587,7768,8961,8962,8963,8972,7973,7375,8967,8337,8687,8974,7536,7449,7424,8973,7509,7588,8674,8449,8924,8039,8124,8966,8942,8964,7400,8956,7779],"class_list":{"0":"post-79675","1":"product","2":"type-product","3":"status-publish","4":"has-post-thumbnail","6":"product_cat-sport","7":"product_tag-abschlag","8":"product_tag-auf","9":"product_tag-aussen","10":"product_tag-ball","11":"product_tag-bunkern","12":"product_tag-club","13":"product_tag-detail","14":"product_tag-entspannung","15":"product_tag-entspannungs","16":"product_tag-fahrer","17":"product_tag-fairway","18":"product_tag-farbe","19":"product_tag-freizeit","20":"product_tag-freizeitbeschaeftigung","21":"product_tag-fun","22":"product_tag-gang","23":"product_tag-glanz","24":"product_tag-golf","25":"product_tag-golfball","26":"product_tag-golfer","27":"product_tag-golfspielen","28":"product_tag-gras","29":"product_tag-gruen","30":"product_tag-herausforderung","31":"product_tag-land-2","32":"product_tag-loch","33":"product_tag-manikuerten","34":"product_tag-nah","35":"product_tag-nahaufnahme","36":"product_tag-natuerlich","37":"product_tag-nennwert","38":"product_tag-niemand","39":"product_tag-objekt","40":"product_tag-rasen","41":"product_tag-reflexion","42":"product_tag-spiel","43":"product_tag-sport","44":"product_tag-tee","45":"product_tag-titan","46":"product_tag-vergnuegen","47":"product_tag-weideland","48":"product_tag-weiss","49":"product_tag-wettbewerb","50":"product_tag-wiese","52":"first","53":"instock","54":"taxable","55":"shipping-taxable","56":"purchasable","57":"product-type-variable"},"yoast_head":"<!-- This site is optimized with the Yoast SEO Premium plugin v27.4 (Yoast SEO v27.4) - https:\/\/yoast.com\/product\/yoast-seo-premium-wordpress\/ -->\n<title>Golfball - raxxa<\/title>\n<meta name=\"robots\" content=\"index, follow, max-snippet:-1, max-image-preview:large, max-video-preview:-1\" \/>\n<link rel=\"canonical\" href=\"https:\/\/www.raxxa.com\/fr\/shop\/golfball\/\" \/>\n<meta property=\"og:locale\" content=\"fr_FR\" \/>\n<meta property=\"og:type\" content=\"article\" \/>\n<meta property=\"og:title\" content=\"Golfball\" \/>\n<meta property=\"og:description\" content=\"&#8222;Golfball&#8220; &#8211; Foto Druck auf Aluminium-Dibond 3mm mit wei\u00dfer Beschichtung &#8211; Druck direkt auf das Aluminium hochwertige Druckfarben &#8211; Gute Tonwertabstufung sorgt f\u00fcr exakte Wiedergabe &#8211; Matt und blendfrei &#8211; Inklusive Aufh\u00e4ngeset Ihr Motiv und ihre individuelle Gr\u00f6sse wird erst nach Bestelleingang produziert und versendet. M\u00f6chten Sie eine andere Gr\u00f6\u00dfe, fragen Sie gerne nach. golf [&hellip;]\" \/>\n<meta property=\"og:url\" content=\"https:\/\/www.raxxa.com\/fr\/shop\/golfball\/\" \/>\n<meta property=\"og:site_name\" content=\"raxxa\" \/>\n<meta property=\"article:publisher\" content=\"https:\/\/facebook.com\/raxxacom\" \/>\n<meta property=\"article:modified_time\" content=\"2021-11-12T21:28:07+00:00\" \/>\n<meta property=\"og:image\" content=\"https:\/\/www.raxxa.com\/wp-content\/uploads\/2021\/11\/20-464-Golfball-.png\" \/>\n\t<meta property=\"og:image:width\" content=\"800\" \/>\n\t<meta property=\"og:image:height\" content=\"800\" \/>\n\t<meta property=\"og:image:type\" content=\"image\/png\" \/>\n<meta name=\"twitter:card\" content=\"summary_large_image\" \/>\n<meta name=\"twitter:label1\" content=\"Disponibilit\u00e9\" \/>\n\t<meta name=\"twitter:data1\" content=\"En stock\" \/>\n<script type=\"application\/ld+json\" class=\"yoast-schema-graph\">{\"@context\":\"https:\\\/\\\/schema.org\",\"@graph\":[{\"@type\":[\"WebPage\",\"ItemPage\"],\"@id\":\"https:\\\/\\\/www.raxxa.com\\\/shop\\\/golfball\\\/\",\"url\":\"https:\\\/\\\/www.raxxa.com\\\/shop\\\/golfball\\\/\",\"name\":\"Golfball - raxxa\",\"isPartOf\":{\"@id\":\"https:\\\/\\\/www.raxxa.com\\\/#website\"},\"primaryImageOfPage\":{\"@id\":\"https:\\\/\\\/www.raxxa.com\\\/shop\\\/golfball\\\/#primaryimage\"},\"image\":{\"@id\":\"https:\\\/\\\/www.raxxa.com\\\/shop\\\/golfball\\\/#primaryimage\"},\"thumbnailUrl\":\"https:\\\/\\\/www.raxxa.com\\\/wp-content\\\/uploads\\\/2021\\\/11\\\/20-464-Golfball-.png\",\"datePublished\":\"2021-11-12T21:27:58+00:00\",\"dateModified\":\"2021-11-12T21:28:07+00:00\",\"breadcrumb\":{\"@id\":\"https:\\\/\\\/www.raxxa.com\\\/shop\\\/golfball\\\/#breadcrumb\"},\"inLanguage\":\"fr-FR\",\"potentialAction\":[{\"@type\":\"ReadAction\",\"target\":[\"https:\\\/\\\/www.raxxa.com\\\/shop\\\/golfball\\\/\"]}]},{\"@type\":\"ImageObject\",\"inLanguage\":\"fr-FR\",\"@id\":\"https:\\\/\\\/www.raxxa.com\\\/shop\\\/golfball\\\/#primaryimage\",\"url\":\"https:\\\/\\\/www.raxxa.com\\\/wp-content\\\/uploads\\\/2021\\\/11\\\/20-464-Golfball-.png\",\"contentUrl\":\"https:\\\/\\\/www.raxxa.com\\\/wp-content\\\/uploads\\\/2021\\\/11\\\/20-464-Golfball-.png\",\"width\":800,\"height\":800},{\"@type\":\"BreadcrumbList\",\"@id\":\"https:\\\/\\\/www.raxxa.com\\\/shop\\\/golfball\\\/#breadcrumb\",\"itemListElement\":[{\"@type\":\"ListItem\",\"position\":1,\"name\":\"Startseite\",\"item\":\"https:\\\/\\\/www.raxxa.com\\\/\"},{\"@type\":\"ListItem\",\"position\":2,\"name\":\"Shop\",\"item\":\"https:\\\/\\\/www.raxxa.com\\\/it\\\/shop\\\/\"},{\"@type\":\"ListItem\",\"position\":3,\"name\":\"Golfball\"}]},{\"@type\":\"WebSite\",\"@id\":\"https:\\\/\\\/www.raxxa.com\\\/#website\",\"url\":\"https:\\\/\\\/www.raxxa.com\\\/\",\"name\":\"raxxa\",\"description\":\"Einzigartige individuelle Produkte von unseren Designern\",\"publisher\":{\"@id\":\"https:\\\/\\\/www.raxxa.com\\\/#organization\"},\"potentialAction\":[{\"@type\":\"SearchAction\",\"target\":{\"@type\":\"EntryPoint\",\"urlTemplate\":\"https:\\\/\\\/www.raxxa.com\\\/?s={search_term_string}\"},\"query-input\":{\"@type\":\"PropertyValueSpecification\",\"valueRequired\":true,\"valueName\":\"search_term_string\"}}],\"inLanguage\":\"fr-FR\"},{\"@type\":\"Organization\",\"@id\":\"https:\\\/\\\/www.raxxa.com\\\/#organization\",\"name\":\"raxxa\",\"url\":\"https:\\\/\\\/www.raxxa.com\\\/\",\"logo\":{\"@type\":\"ImageObject\",\"inLanguage\":\"fr-FR\",\"@id\":\"https:\\\/\\\/www.raxxa.com\\\/#\\\/schema\\\/logo\\\/image\\\/\",\"url\":\"https:\\\/\\\/www.raxxa.com\\\/wp-content\\\/uploads\\\/2022\\\/07\\\/logo_v2.png\",\"contentUrl\":\"https:\\\/\\\/www.raxxa.com\\\/wp-content\\\/uploads\\\/2022\\\/07\\\/logo_v2.png\",\"width\":380,\"height\":382,\"caption\":\"raxxa\"},\"image\":{\"@id\":\"https:\\\/\\\/www.raxxa.com\\\/#\\\/schema\\\/logo\\\/image\\\/\"},\"sameAs\":[\"https:\\\/\\\/facebook.com\\\/raxxacom\"]}]}<\/script>\n<meta property=\"og:availability\" content=\"instock\" \/>\n<meta property=\"product:availability\" content=\"instock\" \/>\n<meta property=\"product:condition\" content=\"new\" \/>\n<!-- \/ Yoast SEO Premium plugin. -->","yoast_head_json":{"title":"Balle de golf - raxxa","robots":{"index":"index","follow":"follow","max-snippet":"max-snippet:-1","max-image-preview":"max-image-preview:large","max-video-preview":"max-video-preview:-1"},"canonical":"https:\/\/www.raxxa.com\/fr\/shop\/golfball\/","og_locale":"fr_FR","og_type":"article","og_title":"Golfball","og_description":"&#8222;Golfball&#8220; &#8211; Foto Druck auf Aluminium-Dibond 3mm mit wei\u00dfer Beschichtung &#8211; Druck direkt auf das Aluminium hochwertige Druckfarben &#8211; Gute Tonwertabstufung sorgt f\u00fcr exakte Wiedergabe &#8211; Matt und blendfrei &#8211; Inklusive Aufh\u00e4ngeset Ihr Motiv und ihre individuelle Gr\u00f6sse wird erst nach Bestelleingang produziert und versendet. M\u00f6chten Sie eine andere Gr\u00f6\u00dfe, fragen Sie gerne nach. golf [&hellip;]","og_url":"https:\/\/www.raxxa.com\/fr\/shop\/golfball\/","og_site_name":"raxxa","article_publisher":"https:\/\/facebook.com\/raxxacom","article_modified_time":"2021-11-12T21:28:07+00:00","og_image":[{"width":800,"height":800,"url":"https:\/\/www.raxxa.com\/wp-content\/uploads\/2021\/11\/20-464-Golfball-.png","type":"image\/png"}],"twitter_card":"summary_large_image","twitter_misc":{"Disponibilit\u00e9":"En stock"},"schema":{"@context":"https:\/\/schema.org","@graph":[{"@type":["WebPage","ItemPage"],"@id":"https:\/\/www.raxxa.com\/shop\/golfball\/","url":"https:\/\/www.raxxa.com\/shop\/golfball\/","name":"Balle de golf - raxxa","isPartOf":{"@id":"https:\/\/www.raxxa.com\/#website"},"primaryImageOfPage":{"@id":"https:\/\/www.raxxa.com\/shop\/golfball\/#primaryimage"},"image":{"@id":"https:\/\/www.raxxa.com\/shop\/golfball\/#primaryimage"},"thumbnailUrl":"https:\/\/www.raxxa.com\/wp-content\/uploads\/2021\/11\/20-464-Golfball-.png","datePublished":"2021-11-12T21:27:58+00:00","dateModified":"2021-11-12T21:28:07+00:00","breadcrumb":{"@id":"https:\/\/www.raxxa.com\/shop\/golfball\/#breadcrumb"},"inLanguage":"fr-FR","potentialAction":[{"@type":"ReadAction","target":["https:\/\/www.raxxa.com\/shop\/golfball\/"]}]},{"@type":"ImageObject","inLanguage":"fr-FR","@id":"https:\/\/www.raxxa.com\/shop\/golfball\/#primaryimage","url":"https:\/\/www.raxxa.com\/wp-content\/uploads\/2021\/11\/20-464-Golfball-.png","contentUrl":"https:\/\/www.raxxa.com\/wp-content\/uploads\/2021\/11\/20-464-Golfball-.png","width":800,"height":800},{"@type":"BreadcrumbList","@id":"https:\/\/www.raxxa.com\/shop\/golfball\/#breadcrumb","itemListElement":[{"@type":"ListItem","position":1,"name":"Startseite","item":"https:\/\/www.raxxa.com\/"},{"@type":"ListItem","position":2,"name":"Shop","item":"https:\/\/www.raxxa.com\/it\/shop\/"},{"@type":"ListItem","position":3,"name":"Golfball"}]},{"@type":"WebSite","@id":"https:\/\/www.raxxa.com\/#website","url":"https:\/\/www.raxxa.com\/","name":"raxxa","description":"Des produits uniques et personnalis\u00e9s cr\u00e9\u00e9s par nos designers","publisher":{"@id":"https:\/\/www.raxxa.com\/#organization"},"potentialAction":[{"@type":"SearchAction","target":{"@type":"EntryPoint","urlTemplate":"https:\/\/www.raxxa.com\/?s={search_term_string}"},"query-input":{"@type":"PropertyValueSpecification","valueRequired":true,"valueName":"search_term_string"}}],"inLanguage":"fr-FR"},{"@type":"Organization","@id":"https:\/\/www.raxxa.com\/#organization","name":"raxxa","url":"https:\/\/www.raxxa.com\/","logo":{"@type":"ImageObject","inLanguage":"fr-FR","@id":"https:\/\/www.raxxa.com\/#\/schema\/logo\/image\/","url":"https:\/\/www.raxxa.com\/wp-content\/uploads\/2022\/07\/logo_v2.png","contentUrl":"https:\/\/www.raxxa.com\/wp-content\/uploads\/2022\/07\/logo_v2.png","width":380,"height":382,"caption":"raxxa"},"image":{"@id":"https:\/\/www.raxxa.com\/#\/schema\/logo\/image\/"},"sameAs":["https:\/\/facebook.com\/raxxacom"]}]},"og_availability":"instock","product_availability":"instock","product_condition":"new"},"jetpack_sharing_enabled":true,"_links":{"self":[{"href":"https:\/\/www.raxxa.com\/fr\/wp-json\/wp\/v2\/product\/79675","targetHints":{"allow":["GET"]}}],"collection":[{"href":"https:\/\/www.raxxa.com\/fr\/wp-json\/wp\/v2\/product"}],"about":[{"href":"https:\/\/www.raxxa.com\/fr\/wp-json\/wp\/v2\/types\/product"}],"replies":[{"embeddable":true,"href":"https:\/\/www.raxxa.com\/fr\/wp-json\/wp\/v2\/comments?post=79675"}],"wp:featuredmedia":[{"embeddable":true,"href":"https:\/\/www.raxxa.com\/fr\/wp-json\/wp\/v2\/media\/79668"}],"wp:attachment":[{"href":"https:\/\/www.raxxa.com\/fr\/wp-json\/wp\/v2\/media?parent=79675"}],"wp:term":[{"taxonomy":"product_brand","embeddable":true,"href":"https:\/\/www.raxxa.com\/fr\/wp-json\/wp\/v2\/product_brand?post=79675"},{"taxonomy":"product_cat","embeddable":true,"href":"https:\/\/www.raxxa.com\/fr\/wp-json\/wp\/v2\/product_cat?post=79675"},{"taxonomy":"product_tag","embeddable":true,"href":"https:\/\/www.raxxa.com\/fr\/wp-json\/wp\/v2\/product_tag?post=79675"}],"curies":[{"name":"wp","href":"https:\/\/api.w.org\/{rel}","templated":true}]}}